{"id":102435,"date":"2026-02-26T01:55:49","date_gmt":"2026-02-25T17:55:49","guid":{"rendered":"https:\/\/aiviouvapes.com\/?post_type=product&#038;p=102435"},"modified":"2026-03-17T18:41:24","modified_gmt":"2026-03-17T10:41:24","slug":"uwin-digital-box-68k","status":"publish","type":"product","link":"https:\/\/aiviouvapes.com\/hu\/product\/uwin-digital-box-68k\/","title":{"rendered":"UWIN DIGITAL BOX 68K | intelligens LED k\u00e9perny\u0151, 68000 puff, nagy kapacit\u00e1s\u00fa, \u00f6mlesztett eldobhat\u00f3 vape"},"content":{"rendered":"<p><!-- Short SEO Description --><\/p>\n<p><!-- Product Title --><\/p>\n<p><!-- Long-form Product Description --><\/p>\n<p>A <strong>Uwin Digit\u00e1lis doboz 68K<\/strong> olyan felhaszn\u00e1l\u00f3k sz\u00e1m\u00e1ra k\u00e9sz\u00fclt, akik <strong>maxim\u00e1lis sz\u00edv\u00e1sok, er\u0151s \u00edz \u00e9s intelligens vez\u00e9rl\u00e9s<\/strong> egy nagy teljes\u00edtm\u00e9ny\u0171 eldobhat\u00f3 vape-ben.<br \/>\nEgy hihetetlen <strong>68,000 puff<\/strong> \u00e9s egy <strong>tiszta LED digit\u00e1lis k\u00e9perny\u0151<\/strong>, ezt a k\u00e9sz\u00fcl\u00e9ket \u00fagy tervezt\u00e9k, hogy tov\u00e1bb tartson, gyorsabban eladhat\u00f3 legyen, \u00e9s leny\u0171g\u00f6zze mind a kiskereskedelmi, mind a nagykereskedelmi v\u00e1s\u00e1rl\u00f3kat. \ud83d\ude80<\/p>\n<p>A modern, dobozos kialak\u00edt\u00e1s k\u00e9nyelmesen k\u00e9zbe illeszkedik, az intelligens kijelz\u0151 pedig val\u00f3s id\u0151ben mutatja az akkumul\u00e1tor \u00e9s a haszn\u00e1lat \u00e1llapot\u00e1t - nincs tal\u00e1lgat\u00e1s, nincs meglepet\u00e9s.<br \/>\nA vape \u00fczletek, forgalmaz\u00f3k \u00e9s nagybani v\u00e1s\u00e1rl\u00f3k sz\u00e1m\u00e1ra az Uwin Digital Box 68K megb\u00edzhat\u00f3, magas \u00e1rr\u00e9s\u0171 term\u00e9k, amely\u00e9rt a v\u00e1s\u00e1rl\u00f3k sz\u00edvesen t\u00e9rnek vissza. \ud83d\udcbc<\/p>\n<h2>Mi\u00e9rt v\u00e1lassza az Uwin Digital Box 68K-t?<\/h2>\n<ul>\n<li>\ud83d\udca8 Massive <strong>68,000 puff<\/strong> hossz\u00fa t\u00e1v\u00fa haszn\u00e1latra<\/li>\n<li>\ud83d\udcdf <strong>Intelligens LED digit\u00e1lis k\u00e9perny\u0151<\/strong> vil\u00e1gosan mutatja az akkumul\u00e1tort \u00e9s a haszn\u00e1latot<\/li>\n<li>\ud83d\udd0b Nagy kapacit\u00e1s\u00fa \u00fajrat\u00f6lthet\u0151 akkumul\u00e1tor a hosszabb teljes\u00edtm\u00e9ny \u00e9rdek\u00e9ben<\/li>\n<li>\ud83d\udd25 Sima h\u00faz\u00e1s stabil g\u0151zkibocs\u00e1t\u00e1ssal<\/li>\n<li>\ud83c\udf53 10 n\u00e9pszer\u0171 \u00edz, amelyek gyorsan fogynak a kiskereskedelmi \u00fczletekben<\/li>\n<li>\ud83d\udce6 T\u00f6k\u00e9letes <strong>t\u00f6meges megrendel\u00e9sek \u00e9s nagykereskedelmi forgalmaz\u00e1s<\/strong><\/li>\n<li>\ud83c\udfea Kiv\u00e1l\u00f3 v\u00e1laszt\u00e1s vape shopok, viszontelad\u00f3k \u00e9s forgalmaz\u00f3k sz\u00e1m\u00e1ra<\/li>\n<\/ul>\n<h2>Uwin Digit\u00e1lis doboz 68K M\u0171szaki adatok<\/h2>\n<table>\n<tbody>\n<tr>\n<th>Jellemz\u0151<\/th>\n<th>R\u00e9szletek<\/th>\n<\/tr>\n<tr>\n<td>Puff sz\u00e1m<\/td>\n<td>K\u00f6r\u00fclbel\u00fcl 68,000 puff \ud83d\udca8<\/td>\n<\/tr>\n<tr>\n<td>Modell<\/td>\n<td>Uwin Digit\u00e1lis doboz 68K<\/td>\n<\/tr>\n<tr>\n<td>Megjelen\u00edt\u00e9s<\/td>\n<td>Intelligens LED digit\u00e1lis k\u00e9perny\u0151<\/td>\n<\/tr>\n<tr>\n<td>Akkumul\u00e1tor<\/td>\n<td>Nagy kapacit\u00e1s\u00fa \u00fajrat\u00f6lthet\u0151 akkumul\u00e1tor \ud83d\udd0b<\/td>\n<\/tr>\n<tr>\n<td>Tekercs t\u00edpusa<\/td>\n<td>Fejlett h\u00e1l\u00f3s tekercs a sima \u00edz\u00e9rt<\/td>\n<\/tr>\n<tr>\n<td>Nikotin er\u0151ss\u00e9ge<\/td>\n<td>0% \/ 2% \/ 3% \/ 5% opci\u00f3k rendelkez\u00e9sre \u00e1llnak<\/td>\n<\/tr>\n<tr>\n<td>Csomag<\/td>\n<td>Nagykereskedelmi \u00f6mlesztett csomagok kaphat\u00f3k<\/td>\n<\/tr>\n<\/tbody>\n<\/table>\n<p><img data-recalc-dims=\"1\" loading=\"lazy\" decoding=\"async\" class=\"alignnone size-full wp-image-102537\" src=\"https:\/\/i0.wp.com\/aiviouvapes.com\/wp-content\/uploads\/2026\/01\/UWIN-DIGITAL-BOX-68K-2.jpg?resize=1020%2C1020&#038;ssl=1\" alt=\",\" width=\"1020\" height=\"1020\" title=\"\" srcset=\"https:\/\/i0.wp.com\/aiviouvapes.com\/wp-content\/uploads\/2026\/01\/UWIN-DIGITAL-BOX-68K-2.jpg?w=1536&amp;ssl=1 1536w, https:\/\/i0.wp.com\/aiviouvapes.com\/wp-content\/uploads\/2026\/01\/UWIN-DIGITAL-BOX-68K-2.jpg?resize=300%2C300&amp;ssl=1 300w, https:\/\/i0.wp.com\/aiviouvapes.com\/wp-content\/uploads\/2026\/01\/UWIN-DIGITAL-BOX-68K-2.jpg?resize=1024%2C1024&amp;ssl=1 1024w, https:\/\/i0.wp.com\/aiviouvapes.com\/wp-content\/uploads\/2026\/01\/UWIN-DIGITAL-BOX-68K-2.jpg?resize=150%2C150&amp;ssl=1 150w, https:\/\/i0.wp.com\/aiviouvapes.com\/wp-content\/uploads\/2026\/01\/UWIN-DIGITAL-BOX-68K-2.jpg?resize=768%2C768&amp;ssl=1 768w, https:\/\/i0.wp.com\/aiviouvapes.com\/wp-content\/uploads\/2026\/01\/UWIN-DIGITAL-BOX-68K-2.jpg?resize=12%2C12&amp;ssl=1 12w, https:\/\/i0.wp.com\/aiviouvapes.com\/wp-content\/uploads\/2026\/01\/UWIN-DIGITAL-BOX-68K-2.jpg?resize=400%2C400&amp;ssl=1 400w, https:\/\/i0.wp.com\/aiviouvapes.com\/wp-content\/uploads\/2026\/01\/UWIN-DIGITAL-BOX-68K-2.jpg?resize=800%2C800&amp;ssl=1 800w, https:\/\/i0.wp.com\/aiviouvapes.com\/wp-content\/uploads\/2026\/01\/UWIN-DIGITAL-BOX-68K-2.jpg?resize=100%2C100&amp;ssl=1 100w\" sizes=\"auto, (max-width: 1020px) 100vw, 1020px\" \/><\/p>\n<h2>Uwin Digit\u00e1lis doboz 68K El\u00e9rhet\u0151 \u00edzek<\/h2>\n<ul>\n<li><strong>\u00c1fonya m\u00e1lna<\/strong> - \u00c9des \u00e1fonya \u00e9s fanyar m\u00e1lna kever\u00e9ke \ud83c\udf47<\/li>\n<li><strong>Eper g\u00f6r\u00f6gdinnye<\/strong> - L\u00e9d\u00fas g\u00f6r\u00f6gdinnye \u00e9rett eper \u00e9dess\u00e9ggel \ud83c\udf49<\/li>\n<li><strong>G\u00f6r\u00f6gdinnye j\u00e9g<\/strong> - Friss g\u00f6r\u00f6gdinnye jeges h\u0171v\u00f6ss\u00e9ggel \u2744\ufe0f<\/li>\n<li><strong>Cherry Ice<\/strong> - Mer\u00e9sz cseresznye \u00edz hideg kil\u00e9gz\u00e9ssel \ud83c\udf52<\/li>\n<li><strong>Kiwi Maracuja Guava<\/strong> - Tr\u00f3pusi mix, tele f\u00e9nyes \u00e9s egzotikus jegyzetekkel \ud83e\udd5d<\/li>\n<li><strong>Ny\u00e1ri barack j\u00e9g<\/strong> - Sima barack, friss\u00edt\u0151 jeges \u00e9rint\u00e9ssel \ud83c\udf51<\/li>\n<li><strong>Eper Kiwi<\/strong> - Klasszikus \u00e9des \u00e9s savany\u00fa gy\u00fcm\u00f6lcs kombin\u00e1ci\u00f3 \ud83c\udf53<\/li>\n<li><strong>Vegyes bogy\u00f3s gy\u00fcm\u00f6lcs<\/strong> - Erdei bogy\u00f3s gy\u00fcm\u00f6lcs\u00f6k gazdag kever\u00e9ke \ud83e\uded0<\/li>\n<li><strong>Mr Blue<\/strong> - H\u0171s\u00edt\u0151 titokzatos bogy\u00f3s gy\u00fcm\u00f6lcs \u00edz friss befejez\u00e9ssel \ud83d\udc99<\/li>\n<li><strong>Red Bull<\/strong> - Az energiaitalok \u00edze \u00e1ltal inspir\u00e1lt mer\u00e9sz r\u00fag\u00e1s \u26a1<\/li>\n<\/ul>\n<p>A <strong><a href=\"https:\/\/aiviouvapes.com\/hu\/termekkategoria\/uwin\/\">Uwin<\/a> Digit\u00e1lis doboz 68K<\/strong> t\u00f6k\u00e9letes a <strong>gyakori felhaszn\u00e1l\u00f3k<\/strong> akik kevesebb cser\u00e9t akarnak,<br \/>\n<strong>\u00edzvad\u00e1szok<\/strong> akik \u00e9lvezik a gazdag \u00edzeket, \u00e9s <strong>vape \u00fczletek<\/strong> nagy kereslet\u0171 term\u00e9ket keres.<br \/>\nKiv\u00e1l\u00f3 lehet\u0151s\u00e9g a k\u00f6vetkez\u0151k sz\u00e1m\u00e1ra is <strong>nagykereskedelem \u00e9s nagybani forgalmaz\u00e1s<\/strong>, er\u0151s ism\u00e9tl\u0151d\u0151 elad\u00e1sokat \u00e9s vev\u0151i el\u00e9gedetts\u00e9get k\u00edn\u00e1lva.<\/p>\n<h2>GYIK<\/h2>\n<p><strong>K: Mennyi ideig tart az Uwin Digital Box 68K?<\/strong><br \/>\nV: Ak\u00e1r 68 000 slukkol\u00e1ssal hetekig vagy ak\u00e1r tov\u00e1bb is kitarthat, a haszn\u00e1lati szok\u00e1sokt\u00f3l f\u00fcgg\u0151en.<\/p>\n<p><strong>K: Mit mutat a LED-k\u00e9perny\u0151?<\/strong><br \/>\nV: A LED-k\u00e9perny\u0151 kijelzi az akkumul\u00e1tor t\u00f6lt\u00f6tts\u00e9gi szintj\u00e9t \u00e9s a haszn\u00e1lat \u00e1llapot\u00e1t, \u00edgy k\u00f6nnyen kezelhet\u0151.<\/p>\n<p><strong>K: Ez a term\u00e9k alkalmas a nagykereskedelmi v\u00e1s\u00e1rl\u00f3k sz\u00e1m\u00e1ra?<\/strong><br \/>\nV: Igen, t\u00f6meges v\u00e1s\u00e1rl\u00e1sra tervezt\u00e9k, \u00edgy ide\u00e1lis a vape shopok \u00e9s a forgalmaz\u00f3k sz\u00e1m\u00e1ra.<\/p>\n<p><strong>K: Sz\u00fcks\u00e9ge van t\u00f6lt\u00e9sre?<\/strong><br \/>\nV: Igen, a k\u00e9sz\u00fcl\u00e9k tartalmaz egy \u00fajrat\u00f6lthet\u0151 akkumul\u00e1tort, amely t\u00e1mogatja a magas puffsz\u00e1mot.<\/p>\n<p><strong>K: Kaphat\u00f3ak vegyes \u00edzek nagy t\u00e9telben?<\/strong><br \/>\nV: Igen, a v\u00e9letlenszer\u0171en kevert \u00edz\u0171 csomagok nagykereskedelmi v\u00e1s\u00e1rl\u00e1sra kaphat\u00f3k.<\/p>","protected":false},"excerpt":{"rendered":"<p><strong>Uwin Digit\u00e1lis doboz 68K eldobhat\u00f3 vape<\/strong> intelligens LED-k\u00e9perny\u0151vel, hatalmas 68 000 puffokkal, gazdag \u00edzvil\u00e1ggal \u00e9s nagy kiszerel\u00e9s\u0171 nagykereskedelmi csomagokkal. Ide\u00e1lis vape shopok \u00e9s forgalmaz\u00f3k sz\u00e1m\u00e1ra.<\/p>","protected":false},"featured_media":102540,"comment_status":"open","ping_status":"closed","template":"","meta":[],"product_brand":[247],"product_cat":[224,242],"product_tag":[491,349,464,459],"class_list":{"0":"post-102435","1":"product","2":"type-product","3":"status-publish","4":"has-post-thumbnail","6":"product_brand-uwin","7":"product_cat-uwin","8":"product_cat-60000-puffs-disposable-vape","9":"product_tag-60000-puffs-vape","10":"product_tag-bulk-disposable-vape","11":"product_tag-smart-screen-vape","12":"product_tag-wholesale-vape-device","14":"first","15":"instock","16":"shipping-taxable","17":"purchasable","18":"product-type-variable","19":"has-default-attributes"},"jetpack_sharing_enabled":true,"tiered_pricing_type":"fixed","tiered_pricing_fixed_rules":{"30":8.5600000000000004973799150320701301097869873046875,"50":6.87000000000000010658141036401502788066864013671875,"100":6.3499999999999996447286321199499070644378662109375,"200":5.70000000000000017763568394002504646778106689453125,"400":5.37999999999999989341858963598497211933135986328125},"tiered_pricing_product_settings":{"layout":"default","base_unit_name":{"singular":null,"plural":null},"default_variation":null},"tiered_pricing_minimum_quantity":10,"tiered_pricing_roles_data":[],"tiered_pricing_percentage_rules":[],"tiered_pricing_maximum_quantity":null,"tiered_pricing_quantity_step":"10","_links":{"self":[{"href":"https:\/\/aiviouvapes.com\/hu\/wp-json\/wp\/v2\/product\/102435","targetHints":{"allow":["GET"]}}],"collection":[{"href":"https:\/\/aiviouvapes.com\/hu\/wp-json\/wp\/v2\/product"}],"about":[{"href":"https:\/\/aiviouvapes.com\/hu\/wp-json\/wp\/v2\/types\/product"}],"replies":[{"embeddable":true,"href":"https:\/\/aiviouvapes.com\/hu\/wp-json\/wp\/v2\/comments?post=102435"}],"wp:featuredmedia":[{"embeddable":true,"href":"https:\/\/aiviouvapes.com\/hu\/wp-json\/wp\/v2\/media\/102540"}],"wp:attachment":[{"href":"https:\/\/aiviouvapes.com\/hu\/wp-json\/wp\/v2\/media?parent=102435"}],"wp:term":[{"taxonomy":"product_brand","embeddable":true,"href":"https:\/\/aiviouvapes.com\/hu\/wp-json\/wp\/v2\/product_brand?post=102435"},{"taxonomy":"product_cat","embeddable":true,"href":"https:\/\/aiviouvapes.com\/hu\/wp-json\/wp\/v2\/product_cat?post=102435"},{"taxonomy":"product_tag","embeddable":true,"href":"https:\/\/aiviouvapes.com\/hu\/wp-json\/wp\/v2\/product_tag?post=102435"}],"curies":[{"name":"wp","href":"https:\/\/api.w.org\/{rel}","templated":true}]}}