{"id":9135,"date":"2024-08-21T10:54:29","date_gmt":"2024-08-21T10:54:29","guid":{"rendered":"https:\/\/aiviouvapes.com\/?page_id=9135"},"modified":"2024-12-02T02:32:31","modified_gmt":"2024-12-01T18:32:31","slug":"buy-vapes-in-belgium-with-bancontact","status":"publish","type":"page","link":"https:\/\/aiviouvapes.com\/hu\/buy-vapes-in-belgium-with-bancontact\/","title":{"rendered":"V\u00e1s\u00e1roljon Vapes Belgiumban a Bancontact seg\u00edts\u00e9g\u00e9vel"},"content":{"rendered":"<p>A Bancontact egy n\u00e9pszer\u0171 elektronikus fizet\u00e9si rendszer Belgiumban, amely biztons\u00e1gos, hat\u00e9kony \u00e9s felhaszn\u00e1l\u00f3bar\u00e1t m\u00f3dszert k\u00edn\u00e1l a tranzakci\u00f3k online \u00e9s offline lebonyol\u00edt\u00e1s\u00e1hoz. Orsz\u00e1gosan elismert fizet\u00e9si lehet\u0151s\u00e9gk\u00e9nt a Bancontact z\u00f6kken\u0151mentes \u00e9s megb\u00edzhat\u00f3 tranzakci\u00f3kat tesz lehet\u0151v\u00e9 belga fogyaszt\u00f3k \u00e9s v\u00e1llalkoz\u00e1sok sz\u00e1m\u00e1ra egyar\u00e1nt. A rendszer a fizet\u00e9si forgat\u00f3k\u00f6nyvek sz\u00e9les sk\u00e1l\u00e1j\u00e1t t\u00e1mogatja, az \u00e9rint\u00e9s n\u00e9lk\u00fcli \u00e9s mobil fizet\u00e9st\u0151l az online v\u00e1s\u00e1rl\u00e1sig, \u00edgy sokoldal\u00fa \u00e9s k\u00e9nyelmes v\u00e1laszt\u00e1s a mindennapi haszn\u00e1latra.<\/p>\n<h3>Mi\u00e9rt v\u00e1lassza a Bancontactot?<\/h3>\n<p><strong>1. Egyszer\u0171 \u00e9s rugalmas fizet\u00e9s minden \u00f6sszegre<\/strong><br \/>\nA Bancontact b\u00e1rmilyen m\u00e9ret\u0171 tranzakci\u00f3 lebonyol\u00edt\u00e1s\u00e1ra szolg\u00e1l, ak\u00e1r kisebb v\u00e1s\u00e1rl\u00e1sr\u00f3l, ak\u00e1r nagyobb befizet\u00e9sr\u0151l van sz\u00f3. A Bancontact seg\u00edts\u00e9g\u00e9vel a felhaszn\u00e1l\u00f3k tetsz\u0151leges \u00f6sszeg\u00e9rt magabiztosan haszn\u00e1lhatj\u00e1k k\u00e1rty\u00e1jukat, \u00edgy k\u00e9nyelmes v\u00e1laszt\u00e1si lehet\u0151s\u00e9get k\u00edn\u00e1lnak minden t\u00edpus\u00fa kiad\u00e1shoz, az \u00e9lelmiszerekt\u0151l a nagy jegyekig.<\/p>\n<p><strong>2. Gyors \u00e9rint\u00e9s n\u00e9lk\u00fcli fizet\u00e9s<\/strong><br \/>\nAzok sz\u00e1m\u00e1ra, akik \u00e9rt\u00e9kelik a gyorsas\u00e1got \u00e9s a k\u00e9nyelmet, a Bancontact \u00e9rint\u00e9s n\u00e9lk\u00fcli fizet\u00e9si lehet\u0151s\u00e9geket k\u00edn\u00e1l. Csak tartsa Bancontact k\u00e1rty\u00e1j\u00e1t egy \u00e9rint\u00e9s n\u00e9lk\u00fcli termin\u00e1l k\u00f6zel\u00e9ben, \u00e9s a fizet\u00e9s azonnal befejez\u0151dik. Ez a funkci\u00f3 t\u00f6k\u00e9letes a gyors v\u00e1s\u00e1rl\u00e1sokhoz, gyorsabb\u00e1 \u00e9s hat\u00e9konyabb\u00e1 t\u00e9ve a p\u00e9nzt\u00e1ri vonalakat.<\/p>\n<p><strong>3. Biztons\u00e1gos online v\u00e1s\u00e1rl\u00e1s<\/strong><br \/>\nA Bancontactt sz\u00e9les k\u00f6rben elfogadj\u00e1k az online kiskeresked\u0151k, \u00edgy a belga fogyaszt\u00f3k k\u00f6nnyed\u00e9n v\u00e1s\u00e1rolhatnak k\u00fcl\u00f6nf\u00e9le web\u00e1ruh\u00e1zakb\u00f3l. A Bancontact z\u00f6kken\u0151mentes integr\u00e1ci\u00f3ja az e-kereskedelmi platformokba biztons\u00e1gos, hat\u00e9kony fizet\u00e9si m\u00f3dot k\u00edn\u00e1l az online v\u00e1s\u00e1rl\u00e1shoz, \u00edgy a fogyaszt\u00f3k magabiztosan v\u00e1s\u00e1rolhatnak otthonr\u00f3l.<\/p>\n<p><strong>4. Mobil fizet\u00e9sek egyszer\u0171en<\/strong><br \/>\nA Payconiq by Bancontact alkalmaz\u00e1son kereszt\u00fcl a felhaszn\u00e1l\u00f3k mobilfizet\u00e9st hajthatnak v\u00e9gre az \u00fczletekben, online, s\u0151t \u00e9ttermekben is. Ez az alkalmaz\u00e1s tov\u00e1bb b\u0151v\u00edti a Bancontact haszn\u00e1lhat\u00f3s\u00e1g\u00e1t, lehet\u0151v\u00e9 t\u00e9ve a fogyaszt\u00f3k sz\u00e1m\u00e1ra, hogy mobileszk\u00f6zeik seg\u00edts\u00e9g\u00e9vel \u00fatk\u00f6zben is fizet\u00e9seket hajtsanak v\u00e9gre, ahol a Bancontact vagy a Payconiq elfogadja.<\/p>\n<p><strong>5. K\u00e9nyelmes k\u00e9szp\u00e9nzfelv\u00e9tel<\/strong><br \/>\nA Bancontact emellett lehet\u0151v\u00e9 teszi a felhaszn\u00e1l\u00f3k sz\u00e1m\u00e1ra, hogy biztons\u00e1gosan \u00e9s egyszer\u0171en k\u00e9szp\u00e9nzt vegyenek fel, \u00edgy b\u00e1rmikor hozz\u00e1f\u00e9rhetnek p\u00e9nzeszk\u00f6zeikhez. Ez a rugalmass\u00e1g k\u00fcl\u00f6n\u00f6sen el\u0151ny\u00f6s azok sz\u00e1m\u00e1ra, akik bizonyos v\u00e1s\u00e1rl\u00e1sokhoz ink\u00e1bb k\u00e9szp\u00e9nz \u00e1ll rendelkez\u00e9sre.<\/p>\n<hr \/>\n<h2>V\u00e1s\u00e1roljon eldobhat\u00f3 vapepeket a Bancontact seg\u00edts\u00e9g\u00e9vel az AiviouVapes-n\u00e9l<\/h2>\n<p>Az AiviouVapes \u00f6r\u00f6mmel jelenti be, hogy mostant\u00f3l elfogadjuk a Bancontact fizet\u00e9si m\u00f3dot az eldobhat\u00f3 vape-ek v\u00e1s\u00e1rl\u00e1s\u00e1hoz. Ez az \u00faj kieg\u00e9sz\u00edt\u00e9s \u00f6sszhangban van azzal az elk\u00f6telezetts\u00e9g\u00fcnkkel, hogy rugalmas \u00e9s k\u00e9nyelmes fizet\u00e9si lehet\u0151s\u00e9geket biztos\u00edtsunk belga \u00fcgyfeleink sz\u00e1m\u00e1ra. Ez az oka annak, hogy a Bancontact kiv\u00e1l\u00f3 v\u00e1laszt\u00e1s az AiviouVapes eldobhat\u00f3 g\u0151z\u00f6k v\u00e1s\u00e1rl\u00e1s\u00e1hoz:<\/p>\n<p><strong>1. Probl\u00e9mamentes tranzakci\u00f3k<\/strong><br \/>\nA Bancontact haszn\u00e1lata az AiviouVapesn\u00e9l z\u00f6kken\u0151mentes, hat\u00e9kony v\u00e1s\u00e1rl\u00e1si \u00e9lm\u00e9nyt biztos\u00edt. Ak\u00e1r egyetlen vape-ot v\u00e1s\u00e1rol, ak\u00e1r kedvenc \u00edzeit t\u00f6lti fel, a Bancontact biztons\u00e1gosan \u00e9s gyorsan kezeli a fizet\u00e9seket.<\/p>\n<p><strong>2. Biztons\u00e1gos \u00e9s megb\u00edzhat\u00f3 fizet\u00e9sek<\/strong><br \/>\nA Bancontact fejlett biztons\u00e1gi int\u00e9zked\u00e9seket alkalmaz, v\u00e9di a felhaszn\u00e1l\u00f3k p\u00e9nz\u00fcgyi adatait \u00e9s megv\u00e9di a tranzakci\u00f3kat a csal\u00e1st\u00f3l. Ez a nyugalom lehet\u0151v\u00e9 teszi \u00fcgyfeleink sz\u00e1m\u00e1ra, hogy magabiztosan v\u00e1s\u00e1roljanak oldalunkon.<\/p>\n<p><strong>3. Azonnali fizet\u00e9s meger\u0151s\u00edt\u00e9se<\/strong><br \/>\nA Bancontact tranzakci\u00f3k feldolgoz\u00e1sa azonnal megt\u00f6rt\u00e9nik, \u00edgy biztos\u00edtva, hogy megrendel\u00e9s\u00e9t k\u00e9sedelem n\u00e9lk\u00fcl visszaigazoljuk \u00e9s el\u0151k\u00e9sz\u00edtj\u00fck a sz\u00e1ll\u00edt\u00e1sra. Ez az azonnali visszaigazol\u00e1s ide\u00e1lis azoknak az \u00fcgyfeleknek, akik gyorsan szeretn\u00e9k kisz\u00e1ll\u00edtani a g\u0151z\u00f6ket.<\/p>\n<hr \/>\n<h3>A Bancontact haszn\u00e1lata az AiviouVapesn\u00e9l<\/h3>\n<p><strong>L\u00e9p\u00e9sr\u0151l l\u00e9p\u00e9sre a Bancontact seg\u00edts\u00e9g\u00e9vel t\u00f6rt\u00e9n\u0151 fizet\u00e9shez:<\/strong><\/p>\n<ol>\n<li><strong>Term\u00e9kek kos\u00e1rba t\u00e9tele:<\/strong>\n<ul>\n<li>B\u00f6ng\u00e9sszen eldobhat\u00f3 g\u0151z\u00f6l\u0151ink k\u00edn\u00e1lat\u00e1ban, \u00e9s v\u00e1lassza ki a megv\u00e1s\u00e1rolni k\u00edv\u00e1nt term\u00e9keket.<\/li>\n<\/ul>\n<\/li>\n<li><strong>Tov\u00e1bb a p\u00e9nzt\u00e1rhoz:<\/strong>\n<ul>\n<li>Miut\u00e1n kiv\u00e1lasztotta a term\u00e9keket, l\u00e9pjen a p\u00e9nzt\u00e1r oldalra.<\/li>\n<\/ul>\n<\/li>\n<li><strong>V\u00e1lassza ki a Bancontactot:<\/strong>\n<ul>\n<li>A fizet\u00e9si lehet\u0151s\u00e9gek k\u00f6z\u00f6tt v\u00e1lassza a Bancontact lehet\u0151s\u00e9get prefer\u00e1lt m\u00f3dk\u00e9nt.<\/li>\n<\/ul>\n<\/li>\n<li><strong>Fizet\u00e9si adatok megad\u00e1sa:<\/strong>\n<ul>\n<li>K\u00f6vesse az utas\u00edt\u00e1sokat a Bancontact k\u00e1rtyaadatainak megad\u00e1s\u00e1hoz, vagy haszn\u00e1lja a Payconiq by Bancontact alkalmaz\u00e1st mobilfizet\u00e9shez.<\/li>\n<\/ul>\n<\/li>\n<li><strong>Fizet\u00e9s meger\u0151s\u00edt\u00e9se:<\/strong>\n<ul>\n<li>A tranzakci\u00f3 befejez\u00e9s\u00e9hez fejezze be a fizet\u00e9st. Megrendel\u00e9s\u00e9r\u0151l azonnali visszaigazol\u00e1st kap.<\/li>\n<\/ul>\n<\/li>\n<li><strong>Megrendel\u00e9s feldolgoz\u00e1sa:<\/strong>\n<ul>\n<li>Megrendel\u00e9s\u00e9t feldolgozzuk \u00e9s a kiv\u00e1lasztott c\u00edmre sz\u00e1ll\u00edtjuk. \u00c9lvezze az AiviouVapes eldobhat\u00f3 g\u0151z\u00f6ket!<\/li>\n<\/ul>\n<\/li>\n<\/ol>\n<p>N\u00e9zze meg a vape-okat itt:<\/p>\n<p><a href=\"https:\/\/aiviouvapes.com\/hu\/shop\/\">https:\/\/aiviouvapes.com\/shop\/<\/a><\/p>","protected":false},"excerpt":{"rendered":"<p>Bancontact is a popular electronic payment system in Belgium, providing a secure, efficient, and user-friendly method for completing transactions both online and offline. As a nationally recognized payment option, Bancontact enables seamless and reliable transactions for Belgian consumers and businesses alike. The system supports a wide range of payment scenarios, from contactless and mobile payments [&#8230;]\n","protected":false},"author":1,"featured_media":0,"parent":0,"menu_order":0,"comment_status":"closed","ping_status":"closed","template":"page-blank-title-center.php","meta":{"footnotes":""},"class_list":["post-9135","page","type-page","status-publish","hentry"],"jetpack_sharing_enabled":true,"_links":{"self":[{"href":"https:\/\/aiviouvapes.com\/hu\/wp-json\/wp\/v2\/pages\/9135","targetHints":{"allow":["GET"]}}],"collection":[{"href":"https:\/\/aiviouvapes.com\/hu\/wp-json\/wp\/v2\/pages"}],"about":[{"href":"https:\/\/aiviouvapes.com\/hu\/wp-json\/wp\/v2\/types\/page"}],"author":[{"embeddable":true,"href":"https:\/\/aiviouvapes.com\/hu\/wp-json\/wp\/v2\/users\/1"}],"replies":[{"embeddable":true,"href":"https:\/\/aiviouvapes.com\/hu\/wp-json\/wp\/v2\/comments?post=9135"}],"version-history":[{"count":0,"href":"https:\/\/aiviouvapes.com\/hu\/wp-json\/wp\/v2\/pages\/9135\/revisions"}],"wp:attachment":[{"href":"https:\/\/aiviouvapes.com\/hu\/wp-json\/wp\/v2\/media?parent=9135"}],"curies":[{"name":"wp","href":"https:\/\/api.w.org\/{rel}","templated":true}]}}