{"id":9132,"date":"2024-08-21T10:53:56","date_gmt":"2024-08-21T10:53:56","guid":{"rendered":"https:\/\/aiviouvapes.com\/?page_id=9132"},"modified":"2024-12-03T13:01:14","modified_gmt":"2024-12-03T05:01:14","slug":"buy-vapes-in-netherlands-with-ideal","status":"publish","type":"page","link":"https:\/\/aiviouvapes.com\/hu\/buy-vapes-in-netherlands-with-ideal\/","title":{"rendered":"V\u00e1s\u00e1roljon Vapes Hollandi\u00e1ban az iDEAL seg\u00edts\u00e9g\u00e9vel"},"content":{"rendered":"<p><strong>IDEAL: A prefer\u00e1lt fizet\u00e9si m\u00f3d Hollandi\u00e1ban a biztons\u00e1gos \u00e9s gyors tranzakci\u00f3khoz<\/strong><\/p>\n<p>Az iDEAL egy nagyon n\u00e9pszer\u0171 online fizet\u00e9si m\u00f3d Hollandi\u00e1ban, amely lehet\u0151v\u00e9 teszi a fogyaszt\u00f3k sz\u00e1m\u00e1ra, hogy biztons\u00e1gos, val\u00f3s idej\u0171 fizet\u00e9seket int\u00e9zzenek k\u00f6zvetlen\u00fcl a saj\u00e1t bankjukon kereszt\u00fcl. A holland bankok online banki k\u00f6rnyezet\u00e9vel z\u00f6kken\u0151mentesen integr\u00e1lt iDEAL egyszer\u0171s\u00edtett \u00e9lm\u00e9nyt k\u00edn\u00e1l, \u00e9s k\u00f6nnyed\u00e9n utalhat \u00e1t p\u00e9nzt a fogyaszt\u00f3 sz\u00e1ml\u00e1j\u00e1r\u00f3l a keresked\u0151 sz\u00e1ml\u00e1j\u00e1ra. \u00cdme egy pillant\u00e1s, mit\u0151l olyan hat\u00e9kony az iDEAL:<\/p>\n<ol>\n<li><strong>K\u00f6nny\u0171 haszn\u00e1lat<\/strong>: A fizet\u00e9s a mobilbanki alkalmaz\u00e1son vagy a fogyaszt\u00f3 bankj\u00e1nak online banki oldal\u00e1n kereszt\u00fcl t\u00f6rt\u00e9nik, \u00edgy ez ismer\u0151s \u00e9s egyszer\u0171 folyamat.<\/li>\n<li><strong>Val\u00f3s idej\u0171 meger\u0151s\u00edt\u00e9s<\/strong>: A fogyaszt\u00f3k azonnali fizet\u00e9si visszaigazol\u00e1st kapnak, ami n\u00f6veli a bizalmat \u00e9s felgyors\u00edtja a tranzakci\u00f3s id\u0151t.<\/li>\n<li><strong>Visszavonhatatlan kifizet\u00e9sek<\/strong>: Az iDEAL-tranzakci\u00f3 j\u00f3v\u00e1hagy\u00e1sa ut\u00e1n nem vonhat\u00f3 vissza, \u00edgy biztos\u00edtva, hogy a p\u00e9nzeszk\u00f6z\u00f6k biztons\u00e1gosan \u00e1tutal\u00e1sra \u00e9s azonnali feldolgoz\u00e1sra ker\u00fcljenek.<\/li>\n<li><strong>Sokoldal\u00fas\u00e1g<\/strong>: Az iDEAL k\u00fcl\u00f6nf\u00e9le fizet\u00e9si forgat\u00f3k\u00f6nyveket t\u00e1mogat, bele\u00e9rtve a k\u00f6zvetlen online fizet\u00e9seket, az e-mailekben vagy \u00fczenetekben tal\u00e1lhat\u00f3 hivatkoz\u00e1sokon kereszt\u00fcl t\u00f6rt\u00e9n\u0151 fizet\u00e9seket, \u00e9s m\u00e9g az iDEAL QR-k\u00f3dokon kereszt\u00fcl t\u00f6rt\u00e9n\u0151 tranzakci\u00f3kat is fizikai \u00e9s digit\u00e1lis k\u00f6rnyezetben.<\/li>\n<\/ol>\n<p>Biztons\u00e1gos infrastrukt\u00far\u00e1j\u00e1nak \u00e9s k\u00e9nyelm\u00e9nek k\u00f6sz\u00f6nhet\u0151en az iDEAL a legmegb\u00edzhat\u00f3bb fizet\u00e9si m\u00f3d lett a holland fogyaszt\u00f3k sz\u00e1m\u00e1ra, amelyet az orsz\u00e1g vezet\u0151 fogyaszt\u00f3i bankjai t\u00e1mogatnak.<\/p>\n<hr \/>\n<h2>Az iDEAL haszn\u00e1lat\u00e1nak el\u0151nyei az AiviouVapes-n\u00e9l eldobhat\u00f3 vapes v\u00e1s\u00e1rl\u00e1s\u00e1ra<\/h2>\n<p>Az iDEAL-lal Hollandi\u00e1ban eldobhat\u00f3 g\u0151z\u00f6k v\u00e1s\u00e1rl\u00e1sa sz\u00e1mos el\u0151nnyel j\u00e1r, n\u00f6velve \u00fcgyfeleink biztons\u00e1g\u00e1t \u00e9s k\u00e9nyelm\u00e9t:<\/p>\n<ol>\n<li><strong>Fokozott biztons\u00e1g<\/strong>: Az iDEAL az internetes \u00e9s mobilbanki szolg\u00e1ltat\u00e1sok magas szint\u0171 biztons\u00e1gi szabv\u00e1nyait alkalmazza, \u00edgy biztos\u00edtva, hogy tranzakci\u00f3ja v\u00e9dve legyen a csal\u00e1ssal \u00e9s az illet\u00e9ktelen hozz\u00e1f\u00e9r\u00e9ssel szemben.<\/li>\n<li><strong>K\u00e9nyelem<\/strong>: Az iDEAL lehet\u0151v\u00e9 teszi a k\u00f6zvetlen banki \u00e1tutal\u00e1sokat, \u00edgy nincs sz\u00fcks\u00e9g hitelk\u00e1rty\u00e1kra vagy harmadik f\u00e9lt\u0151l sz\u00e1rmaz\u00f3 fizet\u00e9si szolg\u00e1ltat\u00e1sokra. Csak az online bankhoz val\u00f3 hozz\u00e1f\u00e9r\u00e9sre van sz\u00fcks\u00e9g.<\/li>\n<li><strong>Azonnali feldolgoz\u00e1s<\/strong>: A kifizet\u00e9sek feldolgoz\u00e1sa azonnal megt\u00f6rt\u00e9nik, \u00edgy nincs v\u00e1rakoz\u00e1si id\u0151 az \u00f6sszegek kiegyenl\u00edt\u00e9s\u00e9re. Ez azt jelenti, hogy a vape-term\u00e9keit gyorsan el\u0151k\u00e9sz\u00edtik a kisz\u00e1ll\u00edt\u00e1sra.<\/li>\n<li><strong>Sz\u00e9les k\u00f6r\u0171 elfogad\u00e1s<\/strong>: Az iDEAL-t a legt\u00f6bb holland e-kereskedelmi platform elfogadja, bele\u00e9rtve az AiviouVapes-t is, \u00edgy Hollandi\u00e1ban egyetemesen elismert fizet\u00e9si m\u00f3d.<\/li>\n<\/ol>\n<hr \/>\n<h3>\u00datmutat\u00f3 l\u00e9p\u00e9sr\u0151l l\u00e9p\u00e9sre eldobhat\u00f3 vape-v\u00e1s\u00e1rl\u00e1shoz az iDEAL seg\u00edts\u00e9g\u00e9vel<\/h3>\n<p><strong>Hogyan fejezze be v\u00e1s\u00e1rl\u00e1s\u00e1t az iDEAL-lal:<\/strong><\/p>\n<ol>\n<li><strong>V\u00e1lassza ki term\u00e9keit<\/strong>: B\u00f6ng\u00e9sszen eldobhat\u00f3 g\u0151z\u00f6l\u0151ink sz\u00e9les v\u00e1laszt\u00e9k\u00e1ban, \u00e9s v\u00e1lassza ki a megv\u00e1s\u00e1rolni k\u00edv\u00e1nt term\u00e9keket.<\/li>\n<li><strong>L\u00e9pjen a Checkout oldalra<\/strong>: A v\u00e1laszt\u00e1sok v\u00e9gleges\u00edt\u00e9se ut\u00e1n l\u00e9pjen tov\u00e1bb a p\u00e9nzt\u00e1r oldalra.<\/li>\n<li><strong>V\u00e1lassza az iDEAL fizet\u00e9si m\u00f3dot<\/strong>: A fizet\u00e9si lehet\u0151s\u00e9gek oldalon v\u00e1lassza az IDEAL lehet\u0151s\u00e9get.<\/li>\n<li><strong>V\u00e1lassza ki a bankj\u00e1t<\/strong>: A rendszer \u00e1tir\u00e1ny\u00edtja az iDEAL fizet\u00e9si port\u00e1lra, ahol kiv\u00e1laszthatja bankj\u00e1t a r\u00e9szt vev\u0151 holland bankok list\u00e1j\u00e1r\u00f3l.<\/li>\n<li><strong>Fizet\u00e9s befejez\u00e9se<\/strong>: A rendszer \u00e1tir\u00e1ny\u00edtja bankja online banki k\u00f6rnyezet\u00e9be. Jelentkezzen be, er\u0151s\u00edtse meg a fizet\u00e9st, \u00e9s az \u00f6sszeg azonnali visszaigazol\u00e1ssal ker\u00fcl levon\u00e1sra k\u00f6zvetlen\u00fcl a sz\u00e1ml\u00e1j\u00e1r\u00f3l.<\/li>\n<li><strong>Megrendel\u00e9s meger\u0151s\u00edt\u00e9se<\/strong>: A fizet\u00e9s befejez\u00e9se ut\u00e1n kap egy rendel\u00e9si visszaigazol\u00e1st az AiviouVapes-t\u0151l, \u00e9s az eldobhat\u00f3 vape-jait el\u0151k\u00e9sz\u00edtj\u00fck a kisz\u00e1ll\u00edt\u00e1sra.<\/li>\n<\/ol>\n<p>Az iDEAL v\u00e1laszt\u00e1s\u00e1val biztons\u00e1gos, megb\u00edzhat\u00f3 \u00e9s hat\u00e9kony tranzakci\u00f3s \u00e9lm\u00e9nyt v\u00e1laszt.<\/p>\n<hr \/>\n<h3>Mi\u00e9rt v\u00e1s\u00e1rolja meg Vapes-\u00e9t az AiviouVapes-t\u0151l?<\/h3>\n<p>Az AiviouVapes-n\u00e9l elk\u00f6telezettek vagyunk a kiv\u00e1l\u00f3 min\u0151s\u00e9g\u0171 term\u00e9kek \u00e9s a z\u00f6kken\u0151mentes v\u00e1s\u00e1rl\u00e1si \u00e9lm\u00e9ny ir\u00e1nt. Ez\u00e9rt mi vagyunk a legjobb v\u00e1laszt\u00e1s a vape v\u00e1s\u00e1rl\u00e1sokhoz Hollandi\u00e1ban:<\/p>\n<ul>\n<li><strong>Sz\u00e9les v\u00e1laszt\u00e9k<\/strong>: Pr\u00e9mium eldobhat\u00f3 vape-ok sz\u00e9les v\u00e1laszt\u00e9k\u00e1t k\u00edn\u00e1ljuk minden \u00edzl\u00e9snek megfelel\u0151en.<\/li>\n<li><strong>Biztons\u00e1gos fizet\u00e9si feldolgoz\u00e1s<\/strong>: Az iDEAL-lal val\u00f3 integr\u00e1ci\u00f3nk biztos\u00edtja, hogy fizet\u00e9si adatai biztons\u00e1gosak \u00e9s v\u00e9dve legyenek.<\/li>\n<li><strong>Kiv\u00e9teles \u00fcgyf\u00e9lszolg\u00e1lat<\/strong>: Bar\u00e1ts\u00e1gos \u00fcgyf\u00e9lszolg\u00e1lati csapatunk k\u00e9szen \u00e1ll, hogy seg\u00edtsen \u00d6nnek b\u00e1rmilyen k\u00e9rd\u00e9se vagy agg\u00e1lya eset\u00e9n a v\u00e1s\u00e1rl\u00e1s sor\u00e1n.<\/li>\n<li><strong>\u00c1tl\u00e1tsz\u00f3 inform\u00e1ci\u00f3<\/strong>: Egy\u00e9rtelm\u0171 r\u00e9szleteket adunk a fizet\u00e9si m\u00f3dokr\u00f3l, a sz\u00e1ll\u00edt\u00e1sr\u00f3l \u00e9s az ad\u00f3kr\u00f3l, \u00edgy minden rendelkez\u00e9sre \u00e1ll, amire a t\u00e1j\u00e9kozott v\u00e1s\u00e1rl\u00e1shoz sz\u00fcks\u00e9ge lehet.<\/li>\n<\/ul>\n<p>Fedezze fel kollekci\u00f3nkat, \u00e9s \u00e9lvezze a kedvenc eldobhat\u00f3 g\u0151z\u00f6k megv\u00e1s\u00e1rl\u00e1s\u00e1nak k\u00e9nyelm\u00e9t az iDEAL seg\u00edts\u00e9g\u00e9vel, amely Hollandia megb\u00edzhat\u00f3 fizet\u00e9si m\u00f3dja.<\/p>\n<p>N\u00e9zze meg a vape-okat itt:<\/p>\n<p><a href=\"https:\/\/aiviouvapes.com\/hu\/shop\/\">https:\/\/aiviouvapes.com\/shop\/<\/a><\/p>","protected":false},"excerpt":{"rendered":"<p>iDEAL: The Preferred Payment Method in the Netherlands for Secure and Quick Transactions iDEAL is a highly popular online payment method in the Netherlands, allowing consumers to make secure, real-time payments directly through their own bank. Seamlessly integrated with the online banking environment of Dutch banks, iDEAL offers a streamlined experience, transferring funds from the [&#8230;]\n","protected":false},"author":1,"featured_media":0,"parent":0,"menu_order":0,"comment_status":"closed","ping_status":"closed","template":"page-blank-title-center.php","meta":{"footnotes":""},"class_list":["post-9132","page","type-page","status-publish","hentry"],"jetpack_sharing_enabled":true,"_links":{"self":[{"href":"https:\/\/aiviouvapes.com\/hu\/wp-json\/wp\/v2\/pages\/9132","targetHints":{"allow":["GET"]}}],"collection":[{"href":"https:\/\/aiviouvapes.com\/hu\/wp-json\/wp\/v2\/pages"}],"about":[{"href":"https:\/\/aiviouvapes.com\/hu\/wp-json\/wp\/v2\/types\/page"}],"author":[{"embeddable":true,"href":"https:\/\/aiviouvapes.com\/hu\/wp-json\/wp\/v2\/users\/1"}],"replies":[{"embeddable":true,"href":"https:\/\/aiviouvapes.com\/hu\/wp-json\/wp\/v2\/comments?post=9132"}],"version-history":[{"count":0,"href":"https:\/\/aiviouvapes.com\/hu\/wp-json\/wp\/v2\/pages\/9132\/revisions"}],"wp:attachment":[{"href":"https:\/\/aiviouvapes.com\/hu\/wp-json\/wp\/v2\/media?parent=9132"}],"curies":[{"name":"wp","href":"https:\/\/api.w.org\/{rel}","templated":true}]}}