{"id":9129,"date":"2024-08-21T10:53:20","date_gmt":"2024-08-21T10:53:20","guid":{"rendered":"https:\/\/aiviouvapes.com\/?page_id=9129"},"modified":"2024-12-18T18:35:29","modified_gmt":"2024-12-18T10:35:29","slug":"buy-vapes-with-credit-card","status":"publish","type":"page","link":"https:\/\/aiviouvapes.com\/hu\/buy-vapes-with-credit-card\/","title":{"rendered":"V\u00e1s\u00e1rl\u00e1s Vapes hitelk\u00e1rty\u00e1val"},"content":{"rendered":"<p>\u00dcdv\u00f6z\u00f6lj\u00fck az Aiviou Vape-en, a legjobb min\u0151s\u00e9g\u0171 g\u0151zterm\u00e9kek megb\u00edzhat\u00f3 hely\u00e9n. \u00d6r\u00f6mmel jelentj\u00fck be, hogy mostant\u00f3l elfogadunk bankk\u00e1rty\u00e1s fizet\u00e9st is, \u00edgy minden eddigin\u00e9l egyszer\u0171bben v\u00e1s\u00e1rolhat minden sz\u00fcks\u00e9ges cuccot!<\/p>\n<p><strong>Biztons\u00e1gos tranzakci\u00f3k:<\/strong> V\u00e1s\u00e1roljon nyugodt sz\u00edvvel \u2013 webhely\u00fcnk fejlett 3D Secure fizet\u00e9si technol\u00f3gi\u00e1t haszn\u00e1l adatai v\u00e9delm\u00e9re. Elk\u00f6telezettek vagyunk az \u00d6n adatainak v\u00e9delme mellett, biztos\u00edtva, hogy minden tranzakci\u00f3 teljes biztons\u00e1gban legyen.<\/p>\n<p><strong>Fizet\u00e9si lehet\u0151s\u00e9gek:<\/strong> A f\u0151bb hitelk\u00e1rty\u00e1k sz\u00e9les sk\u00e1l\u00e1j\u00e1t elfogadjuk, bele\u00e9rtve a Visa, MasterCard \u00e9s Maestro k\u00e1rty\u00e1kat, \u00edgy \u00fcgyfeleink sz\u00e1m\u00e1ra gyors \u00e9s egyszer\u0171 a fizet\u00e9s.<\/p>\n<p><strong>Fontos inform\u00e1ci\u00f3:<\/strong> Felh\u00edvjuk figyelm\u00e9t, hogy az EU \u00c1FA szab\u00e1lyoz\u00e1sa miatt a hitelk\u00e1rty\u00e1s fizet\u00e9sek tov\u00e1bbi 20% \u00e1f\u00e1t is tartalmaznak. Ezen t\u00falmen\u0151en, a szab\u00e1lyok betart\u00e1sa \u00e9rdek\u00e9ben a hitelk\u00e1rty\u00e1val fizetett rendel\u00e9s \u00f6ssz\u00e9rt\u00e9ke nem haladhatja meg az $600 USD-t vagy a 600 EUR-t.<\/p>\n<p><strong>Alternat\u00edv fizet\u00e9si m\u00f3dok:<\/strong> Ha szeretn\u00e9 elker\u00fclni az \u00e1f\u00e1t vagy a rendel\u00e9si korl\u00e1toz\u00e1sokat a hitelk\u00e1rty\u00e1s fizet\u00e9sekn\u00e9l, javasoljuk, hogy fontolja meg a SEPA \u00e1tutal\u00e1sokat, IBAN \u00e1tutal\u00e1sokat vagy kriptovaluta fizet\u00e9seket. Ezek a lehet\u0151s\u00e9gek nagyobb rugalmass\u00e1got k\u00edn\u00e1lnak, k\u00fcl\u00f6n\u00f6sen nagyobb tranzakci\u00f3k eset\u00e9n.<\/p>\n<p>Az AiviouVape-n\u00e1l elk\u00f6telezettek vagyunk a z\u00f6kken\u0151mentes \u00e9s biztons\u00e1gos v\u00e1s\u00e1rl\u00e1si \u00e9lm\u00e9ny biztos\u00edt\u00e1sa minden \u00fcgyfel\u00fcnk sz\u00e1m\u00e1ra. B\u00f6ng\u00e9sszen vaping term\u00e9keink sz\u00e9les k\u00edn\u00e1lat\u00e1ban \u00e9s v\u00e1s\u00e1roljon bizalommal!<\/p>\n<p>Ha b\u00e1rmilyen k\u00e9rd\u00e9se van, vagy seg\u00edts\u00e9gre van sz\u00fcks\u00e9ge, \u00fcgyf\u00e9lszolg\u00e1lati csapatunk k\u00e9szs\u00e9ggel \u00e1ll rendelkez\u00e9s\u00e9re. Ne habozzon megkeresni!<\/p>\n<p><img data-recalc-dims=\"1\" loading=\"lazy\" decoding=\"async\" title=\"V\u00e1s\u00e1rl\u00e1s Vapes hitelk\u00e1rty\u00e1val\" class=\"alignnone wp-image-9208 size-full\" src=\"https:\/\/i0.wp.com\/aiviouvapes.com\/wp-content\/uploads\/2024\/08\/card.jpeg?resize=272%2C185&#038;ssl=1\" alt=\"V\u00e1s\u00e1rl\u00e1s Vapes hitelk\u00e1rty\u00e1val\" width=\"272\" height=\"185\" srcset=\"https:\/\/i0.wp.com\/aiviouvapes.com\/wp-content\/uploads\/2024\/08\/card.jpeg?w=272&amp;ssl=1 272w, https:\/\/i0.wp.com\/aiviouvapes.com\/wp-content\/uploads\/2024\/08\/card.jpeg?resize=18%2C12&amp;ssl=1 18w\" sizes=\"auto, (max-width: 272px) 100vw, 272px\" \/><\/p>\n<div class=\"row align-middle\"  id=\"row-1183197166\">\n\n\t<div id=\"col-189129722\" class=\"col small-12 large-12\"  >\n\t\t\t\t<div class=\"col-inner text-center\"  >\n\t\t\t\n\t\t\t\n<a href=\"https:\/\/aiviouvapes.com\/hu\/shop\/\" class=\"button primary is-shade is-larger box-shadow-4 box-shadow-5-hover\" style=\"border-radius:10px;\">\n\t\t<span>V\u00e1s\u00e1roljon most<\/span>\n\t<\/a>\n\n\t\t<\/div>\n\t\t\t\t\n<style>\n#col-189129722 > .col-inner {\n  padding: 20px 0px 0px 0px;\n}\n<\/style>\n\t<\/div>\n\n\t\n<\/div>","protected":false},"excerpt":{"rendered":"<p>Welcome to Aiviou Vape, your trusted destination for top-quality vaping products. We\u2019re pleased to announce that we now accept credit card payments, making it easier than ever to shop for all your vaping essentials! Secure Transactions: Shop with peace of mind\u2014our site uses advanced 3D Secure payment technology to protect your information. We are committed [&#8230;]\n","protected":false},"author":1,"featured_media":0,"parent":0,"menu_order":0,"comment_status":"closed","ping_status":"closed","template":"page-blank-title-center.php","meta":{"footnotes":""},"class_list":["post-9129","page","type-page","status-publish","hentry"],"jetpack_sharing_enabled":true,"_links":{"self":[{"href":"https:\/\/aiviouvapes.com\/hu\/wp-json\/wp\/v2\/pages\/9129","targetHints":{"allow":["GET"]}}],"collection":[{"href":"https:\/\/aiviouvapes.com\/hu\/wp-json\/wp\/v2\/pages"}],"about":[{"href":"https:\/\/aiviouvapes.com\/hu\/wp-json\/wp\/v2\/types\/page"}],"author":[{"embeddable":true,"href":"https:\/\/aiviouvapes.com\/hu\/wp-json\/wp\/v2\/users\/1"}],"replies":[{"embeddable":true,"href":"https:\/\/aiviouvapes.com\/hu\/wp-json\/wp\/v2\/comments?post=9129"}],"version-history":[{"count":0,"href":"https:\/\/aiviouvapes.com\/hu\/wp-json\/wp\/v2\/pages\/9129\/revisions"}],"wp:attachment":[{"href":"https:\/\/aiviouvapes.com\/hu\/wp-json\/wp\/v2\/media?parent=9129"}],"curies":[{"name":"wp","href":"https:\/\/api.w.org\/{rel}","templated":true}]}}