{"id":9127,"date":"2024-08-21T10:52:51","date_gmt":"2024-08-21T10:52:51","guid":{"rendered":"https:\/\/aiviouvapes.com\/?page_id=9127"},"modified":"2024-12-18T18:35:26","modified_gmt":"2024-12-18T10:35:26","slug":"buy-vapes-with-sepa-qr-code","status":"publish","type":"page","link":"https:\/\/aiviouvapes.com\/hu\/buy-vapes-with-sepa-qr-code\/","title":{"rendered":"V\u00e1s\u00e1roljon vapes SEPA QR k\u00f3ddal"},"content":{"rendered":"<h2>Hogyan haszn\u00e1ljon SEPA QR-k\u00f3dot a banki alkalmaz\u00e1ssal t\u00f6rt\u00e9n\u0151 fizet\u00e9shez a Vape-v\u00e1s\u00e1rl\u00e1sokhoz?<\/h2>\n<p>A SEPA QR-k\u00f3ddal t\u00f6rt\u00e9n\u0151 fizet\u00e9s gyors \u00e9s k\u00e9nyelmes m\u00f3dja a p\u00e9nz\u00e1tutal\u00e1snak az egys\u00e9ges eur\u00f3fizet\u00e9si t\u00e9rs\u00e9gen (SEPA) bel\u00fcl. Az al\u00e1bbiakban egy l\u00e9p\u00e9sr\u0151l l\u00e9p\u00e9sre k\u00f6vethet\u0151 \u00fatmutat\u00f3t tal\u00e1l, amely seg\u00edt \u00d6nnek abban, hogy banki alkalmaz\u00e1s\u00e1val SEPA QR-k\u00f3dot szkenneljen be \u00e9s fizessen SEPA QR-k\u00f3ddal.<\/p>\n<h3>L\u00e9p\u00e9sr\u0151l l\u00e9p\u00e9sre \u00fatmutat\u00f3<\/h3>\n<ol>\n<li><strong>Nyissa meg a banki alkalmaz\u00e1st<\/strong>\n<ul>\n<li>Nyissa meg okostelefonj\u00e1n a mobil banki alkalmaz\u00e1st, \u00e9s gy\u0151z\u0151dj\u00f6n meg r\u00f3la, hogy be van jelentkezve a sz\u00e1ml\u00e1j\u00e1ra.<\/li>\n<\/ul>\n<\/li>\n<li><strong>Menjen az \u00c1tutal\u00e1s vagy kifizet\u00e9s szakaszhoz<\/strong>\n<ul>\n<li>Keresse meg a kifizet\u00e9sek vagy \u00e1tutal\u00e1sok elv\u00e9gz\u00e9s\u00e9re szolg\u00e1l\u00f3 r\u00e9szt - ez lehet \"\u00c1tutal\u00e1s\", \"Kifizet\u00e9sek\" vagy hasonl\u00f3 felirat\u00fa.<\/li>\n<\/ul>\n<\/li>\n<li><strong>Keresse meg a QR-k\u00f3dolvas\u00f3t<\/strong>\n<ul>\n<li>A fizet\u00e9si r\u00e9szen bel\u00fcl keresse meg a QR-k\u00f3dolvas\u00f3 opci\u00f3t, amely gyakran kamera vagy QR-k\u00f3d ikon form\u00e1j\u00e1ban jelenik meg.<\/li>\n<li>N\u00e9h\u00e1ny banki alkalmaz\u00e1sban a \"Scan\" gomb is k\u00f6nnyen el\u00e9rhet\u0151 a kezd\u0151k\u00e9perny\u0151n vagy a fizet\u00e9si r\u00e9szlegben a gyors hozz\u00e1f\u00e9r\u00e9s \u00e9rdek\u00e9ben.<\/li>\n<\/ul>\n<\/li>\n<li><strong>A SEPA QR-k\u00f3d beolvas\u00e1sa<\/strong>\n<ul>\n<li>Tartsa a telefon kamer\u00e1j\u00e1t a SEPA QR-k\u00f3dhoz a sz\u00e1mla vagy a fizet\u00e9s oldal\u00e1n.<\/li>\n<li>Igaz\u00edtsa a QR-k\u00f3dot a keretben, hogy pontosan r\u00f6gz\u00edtse a r\u00e9szleteket.<\/li>\n<\/ul>\n<\/li>\n<li><strong>Fizet\u00e9si r\u00e9szletek ellen\u0151rz\u00e9se<\/strong>\n<ul>\n<li>A beolvas\u00e1s ut\u00e1n az alkalmaz\u00e1s automatikusan kit\u00f6lti a fizet\u00e9si \u0171rlapot a QR-k\u00f3d adataib\u00f3l.<\/li>\n<li>Ez olyan alapvet\u0151 inform\u00e1ci\u00f3kat tartalmaz, mint a c\u00edmzett IBAN-sz\u00e1mlasz\u00e1ma \u00e9s neve, cs\u00f6kkentve ezzel a hib\u00e1k el\u0151fordul\u00e1s\u00e1nak es\u00e9ly\u00e9t.<\/li>\n<\/ul>\n<\/li>\n<li><strong>A fizet\u00e9s meger\u0151s\u00edt\u00e9se<\/strong>\n<ul>\n<li>Ellen\u0151rizze a r\u00e9szleteket a pontoss\u00e1g \u00e9rdek\u00e9ben.<\/li>\n<li>V\u00e1lassza ki a tranzakci\u00f3hoz haszn\u00e1lni k\u00edv\u00e1nt sz\u00e1ml\u00e1t vagy k\u00e1rty\u00e1t.<\/li>\n<li>Er\u0151s\u00edtse meg a fizet\u00e9st az alkalmaz\u00e1s hiteles\u00edt\u00e9si l\u00e9p\u00e9seinek k\u00f6vet\u00e9s\u00e9vel, p\u00e9ld\u00e1ul a PIN-k\u00f3d, az ujjlenyomat vagy az arcfelismer\u00e9s megad\u00e1s\u00e1val.<\/li>\n<\/ul>\n<\/li>\n<\/ol>\n<p><img data-recalc-dims=\"1\" loading=\"lazy\" decoding=\"async\" title=\"V\u00e1s\u00e1roljon vapes SEPA QR k\u00f3ddal\" class=\"alignnone wp-image-9198 size-full\" src=\"https:\/\/i0.wp.com\/aiviouvapes.com\/wp-content\/uploads\/2024\/08\/qr-code-payment-online-shopping-260nw-704697319-e1724305335194.webp?resize=390%2C260&#038;ssl=1\" alt=\"V\u00e1s\u00e1roljon vapes SEPA QR k\u00f3ddal\" width=\"390\" height=\"260\" srcset=\"https:\/\/i0.wp.com\/aiviouvapes.com\/wp-content\/uploads\/2024\/08\/qr-code-payment-online-shopping-260nw-704697319-e1724305335194.webp?w=390&amp;ssl=1 390w, https:\/\/i0.wp.com\/aiviouvapes.com\/wp-content\/uploads\/2024\/08\/qr-code-payment-online-shopping-260nw-704697319-e1724305335194.webp?resize=300%2C200&amp;ssl=1 300w, https:\/\/i0.wp.com\/aiviouvapes.com\/wp-content\/uploads\/2024\/08\/qr-code-payment-online-shopping-260nw-704697319-e1724305335194.webp?resize=18%2C12&amp;ssl=1 18w\" sizes=\"auto, (max-width: 390px) 100vw, 390px\" \/><\/p>\n<h3>Tov\u00e1bbi tippek<\/h3>\n<ul>\n<li><strong>QR-k\u00f3d k\u00e9pek haszn\u00e1lata<\/strong>\n<ul>\n<li>Ha a QR-k\u00f3dot k\u00e9pk\u00e9nt kapja (p\u00e9ld\u00e1ul e-mailben), egyes banki alkalmaz\u00e1sok lehet\u0151v\u00e9 teszik a k\u00e9p felt\u00f6lt\u00e9s\u00e9t ahelyett, hogy k\u00f6zvetlen\u00fcl beolvasn\u00e1. Ellen\u0151rizze, hogy van-e \"Felt\u00f6lt\u00e9s\" opci\u00f3 a QR-olvas\u00e1si funkci\u00f3ban.<\/li>\n<\/ul>\n<\/li>\n<li><strong>Biztons\u00e1gi int\u00e9zked\u00e9sek<\/strong>\n<ul>\n<li>Gy\u0151z\u0151dj\u00f6n meg arr\u00f3l, hogy banki alkalmaz\u00e1sa naprak\u00e9sz, \u00e9s haszn\u00e1ljon biztons\u00e1gos internetkapcsolatot a lehets\u00e9ges csal\u00e1sok elker\u00fcl\u00e9se \u00e9rdek\u00e9ben.<\/li>\n<\/ul>\n<\/li>\n<\/ul>\n<h3>A SEPA QR-k\u00f3dok haszn\u00e1lat\u00e1nak el\u0151nyei<\/h3>\n<ul>\n<li><strong>Sebess\u00e9g:<\/strong> A QR-k\u00f3dok egyszer\u0171s\u00edtik a fizet\u00e9si folyamatot, minimaliz\u00e1lva az adatbeviteli hib\u00e1kat.<\/li>\n<li><strong>K\u00f6nny\u0171 haszn\u00e1lat:<\/strong> Gyorsan teljes\u00edtheti az \u00e1ruk, szolg\u00e1ltat\u00e1sok, sz\u00e1ml\u00e1k vagy egy\u00e9b \u00e1tutal\u00e1sok kifizet\u00e9s\u00e9t egyetlen szkennel\u00e9ssel.<\/li>\n<li><strong>Multi-funkcionalit\u00e1s:<\/strong> A SEPA QR-k\u00f3dok a tranzakci\u00f3k sz\u00e9les sk\u00e1l\u00e1j\u00e1t t\u00e1mogatj\u00e1k, a k\u00f6z\u00fczemi sz\u00e1ml\u00e1k kifizet\u00e9s\u00e9t\u0151l az igazgat\u00e1si d\u00edjakig.<\/li>\n<\/ul>\n<h3>Becsomagol\u00e1s<\/h3>\n<p>Az al\u00e1bbi l\u00e9p\u00e9sek betart\u00e1s\u00e1val a SEPA QR-k\u00f3dok haszn\u00e1lata a banki alkalmaz\u00e1ssal egyszer\u0171 \u00e9s hat\u00e9kony. Ez a fizet\u00e9si m\u00f3dszer nemcsak id\u0151t takar\u00edt meg \u00d6nnek, hanem jav\u00edtja a tranzakci\u00f3k biztons\u00e1g\u00e1t \u00e9s pontoss\u00e1g\u00e1t is. \u00c9lvezze a SEPA-n bel\u00fcli biztons\u00e1gos fizet\u00e9s z\u00f6kken\u0151mentes \u00e9lm\u00e9ny\u00e9t.<\/p>\n<p>A SEPA QR-k\u00f3dos fizet\u00e9seket t\u00e1mogat\u00f3 eur\u00f3pai bankok list\u00e1j\u00e1t az Eur\u00f3pai Fizet\u00e9si Tan\u00e1cs honlapj\u00e1n tal\u00e1lja.<\/p>\n<p><strong>Az AiviouVapes mostant\u00f3l SEPA QR-k\u00f3dos fizet\u00e9st k\u00edn\u00e1l, ami \u00faj szint\u0171 k\u00e9nyelmet biztos\u00edt az eldobhat\u00f3 p\u00e1rologtat\u00f3k v\u00e1s\u00e1rl\u00f3i sz\u00e1m\u00e1ra.<\/strong><\/p>\n<div class=\"row align-middle\"  id=\"row-1979116078\">\n\n\t<div id=\"col-763312793\" class=\"col small-12 large-12\"  >\n\t\t\t\t<div class=\"col-inner text-center\"  >\n\t\t\t\n\t\t\t\n<a href=\"https:\/\/aiviouvapes.com\/hu\/shop\/\" class=\"button primary is-shade is-larger box-shadow-4 box-shadow-5-hover\" style=\"border-radius:10px;\">\n\t\t<span>V\u00e1s\u00e1roljon most<\/span>\n\t<\/a>\n\n\t\t<\/div>\n\t\t\t\t\n<style>\n#col-763312793 > .col-inner {\n  padding: 20px 0px 0px 0px;\n}\n<\/style>\n\t<\/div>\n\n\t\n<\/div>","protected":false},"excerpt":{"rendered":"<p>How to Use a SEPA QR Code to Pay with Your Banking App for Vape Purchases Paying with a SEPA QR code is a fast and convenient way to transfer funds within the Single Euro Payments Area (SEPA). Here\u2019s a step-by-step guide to help you use your bank app to scan and make payments via [&#8230;]\n","protected":false},"author":1,"featured_media":0,"parent":0,"menu_order":0,"comment_status":"closed","ping_status":"closed","template":"page-blank-title-center.php","meta":{"footnotes":""},"class_list":["post-9127","page","type-page","status-publish","hentry"],"jetpack_sharing_enabled":true,"_links":{"self":[{"href":"https:\/\/aiviouvapes.com\/hu\/wp-json\/wp\/v2\/pages\/9127","targetHints":{"allow":["GET"]}}],"collection":[{"href":"https:\/\/aiviouvapes.com\/hu\/wp-json\/wp\/v2\/pages"}],"about":[{"href":"https:\/\/aiviouvapes.com\/hu\/wp-json\/wp\/v2\/types\/page"}],"author":[{"embeddable":true,"href":"https:\/\/aiviouvapes.com\/hu\/wp-json\/wp\/v2\/users\/1"}],"replies":[{"embeddable":true,"href":"https:\/\/aiviouvapes.com\/hu\/wp-json\/wp\/v2\/comments?post=9127"}],"version-history":[{"count":0,"href":"https:\/\/aiviouvapes.com\/hu\/wp-json\/wp\/v2\/pages\/9127\/revisions"}],"wp:attachment":[{"href":"https:\/\/aiviouvapes.com\/hu\/wp-json\/wp\/v2\/media?parent=9127"}],"curies":[{"name":"wp","href":"https:\/\/api.w.org\/{rel}","templated":true}]}}