{"id":9124,"date":"2024-08-21T10:52:08","date_gmt":"2024-08-21T10:52:08","guid":{"rendered":"https:\/\/aiviouvapes.com\/?page_id=9124"},"modified":"2024-11-30T12:03:45","modified_gmt":"2024-11-30T04:03:45","slug":"buy-vapes-in-europe-with-paypal","status":"publish","type":"page","link":"https:\/\/aiviouvapes.com\/hu\/buy-vapes-in-europe-with-paypal\/","title":{"rendered":"V\u00e1s\u00e1rl\u00e1s Vapes Eur\u00f3p\u00e1ban Paypal"},"content":{"rendered":"<p>A vaping \u00e9s a PayPal keresztez\u0151d\u00e9s\u00e9ben val\u00f3 navig\u00e1l\u00e1s egyed\u00fcl\u00e1ll\u00f3 kih\u00edv\u00e1sokat jelentett a v\u00e1llalkoz\u00e1sok \u00e9s a fogyaszt\u00f3k sz\u00e1m\u00e1ra egyar\u00e1nt. A PayPal e-cigarett\u00e1ra \u00e9s kapcsol\u00f3d\u00f3 term\u00e9kekre vonatkoz\u00f3 ir\u00e1nyelvei miatt ebben az ipar\u00e1gban sok tranzakci\u00f3 ugyanazokkal a korl\u00e1toz\u00e1sokkal szembes\u00fcl, mint a doh\u00e1ny eset\u00e9ben, ami sz\u00e1mlakorl\u00e1toz\u00e1st \u00e9s blokkolt fizet\u00e9seket eredm\u00e9nyez.<\/p>\n<p>Az AiviouVapesn\u00e9l sikeresen megtal\u00e1ltuk a m\u00f3dj\u00e1t, hogy ezeken a korl\u00e1tokon bel\u00fcl m\u0171k\u00f6dj\u00fcnk. Sokakkal ellent\u00e9tben az iparban, <strong>Megkaptuk a PayPal el\u0151zetes j\u00f3v\u00e1hagy\u00e1s\u00e1t az e-cigaretta elad\u00e1sok Eur\u00f3p\u00e1n bel\u00fcli feldolgoz\u00e1s\u00e1hoz<\/strong>, lehet\u0151v\u00e9 t\u00e9ve, hogy z\u00f6kken\u0151mentes, zavartalan v\u00e1s\u00e1rl\u00e1si \u00e9lm\u00e9nyt k\u00edn\u00e1ljunk v\u00e1s\u00e1rl\u00f3ink sz\u00e1m\u00e1ra.<\/p>\n<p>A PayPal el\u0151zetes j\u00f3v\u00e1hagy\u00e1sa sz\u00e1mos term\u00e9kre kiterjed, bele\u00e9rtve az e-cigarett\u00e1t \u00e9s bizonyos, nem doh\u00e1nyz\u00f3 alternat\u00edv\u00e1kat. Ez a felhatalmaz\u00e1s lehet\u0151v\u00e9 teszi sz\u00e1munkra, hogy a PayPal-t k\u00e9nyelmes \u00e9s biztons\u00e1gos fizet\u00e9si m\u00f3dk\u00e9nt biztos\u00edtsuk, \u00edgy \u00fcgyfeleink sz\u00e1m\u00e1ra az \u00e1ltaluk prefer\u00e1lt ismerts\u00e9get \u00e9s egyszer\u0171s\u00e9get biztos\u00edtjuk.<\/p>\n<p>M\u00edg a PayPal e-cigaretta-tranzakci\u00f3kra vonatkoz\u00f3 \u00e1ltal\u00e1nos korl\u00e1toz\u00e1sai tov\u00e1bbra is vita forr\u00e1s\u00e1t k\u00e9pezik, \u00fcgyfeleink nyugodtan haszn\u00e1lhatj\u00e1k a PayPal-t oldalunkon, fennakad\u00e1s n\u00e9lk\u00fcl. Ez k\u00fcl\u00f6n\u00f6sen el\u0151ny\u00f6s azok sz\u00e1m\u00e1ra, akik \u00e9rt\u00e9kelik a PayPal \u00e1ltal k\u00edn\u00e1lt biztons\u00e1got \u00e9s egyszer\u0171s\u00e9get m\u00e1s fizet\u00e9si m\u00f3dokkal szemben.<\/p>\n<p>Szeretn\u00e9nk azonban kiemelni egy \u00faj szempontot. <strong>Az ad\u00f3szab\u00e1lyok miatt<\/strong>, Az AiviouVapes e-cigaretta PayPal v\u00e1s\u00e1rl\u00e1sa olyan <strong>maximum 200 eur\u00f3<\/strong> rendel\u00e9senk\u00e9nt \u00e9s az a <strong>20% H\u00c9A fogyaszt\u00e1si ad\u00f3<\/strong>. Ezek az ad\u00f3k\u00f6vetelm\u00e9nyek hat\u00e1ssal lehetnek a fizet\u00e9si m\u00f3d kiv\u00e1laszt\u00e1s\u00e1ra. <strong>Ennek a korl\u00e1tnak \u00e9s az ad\u00f3tehernek a elker\u00fcl\u00e9se \u00e9rdek\u00e9ben javasoljuk a SEPA \u00e1tutal\u00e1sok, IBAN banki \u00e1tutal\u00e1sok vagy kriptovaluta fizet\u00e9sek tanulm\u00e1nyoz\u00e1s\u00e1t.<\/strong>, amelyek nagyobb rugalmass\u00e1got biztos\u00edtanak a nagyobb \u00e9rt\u00e9k\u0171 v\u00e1s\u00e1rl\u00e1sokhoz.<\/p>\n<p>Ez a k\u00f6lt\u00e9si limit \u00e9s az ad\u00f3z\u00e1si szempontok fontos t\u00e9nyez\u0151k a prefer\u00e1lt fizet\u00e9si m\u00f3d kiv\u00e1laszt\u00e1sakor. Az AiviouVapesn\u00e9l elk\u00f6telezettek vagyunk az \u00e1tl\u00e1that\u00f3s\u00e1g \u00e9s a rugalmas fizet\u00e9si lehet\u0151s\u00e9gek mellett, hogy \u00d6n t\u00e1j\u00e9kozott \u00e9s k\u00e9nyelmes v\u00e1s\u00e1rl\u00e1si \u00e9lm\u00e9nyben legyen r\u00e9sze.<\/p>\n<p>Fedezze fel az AiviouVapes e-juice \u00edzeinek sz\u00e9les v\u00e1laszt\u00e9k\u00e1t bizalommal, tudva, hogy t\u00f6bb fizet\u00e9si m\u00f3d k\u00f6z\u00fcl v\u00e1laszthat, hogy megfeleljen preferenci\u00e1inak \u00e9s ig\u00e9nyeinek.<\/p>\n<p>Ezeknek a pontoknak a figyelembev\u00e9tel\u00e9vel arra t\u00f6reksz\u00fcnk, hogy teljes meg\u00e9rt\u00e9st biztos\u00edtsunk a PayPal korl\u00e1tair\u00f3l \u00e9s az ad\u00f3z\u00e1shoz kapcsol\u00f3d\u00f3 t\u00e9nyez\u0151kr\u0151l, amikor e-cigarett\u00e1t v\u00e1s\u00e1rol az AiviouVapes-t\u0151l, seg\u00edtve az \u00d6n helyzet\u00e9nek legjobb fizet\u00e9si v\u00e1laszt\u00e1s\u00e1t.<\/p>\n<div class=\"row align-middle\"  id=\"row-1336892335\">\n\n\t<div id=\"col-1192598229\" class=\"col small-12 large-12\"  >\n\t\t\t\t<div class=\"col-inner text-center\"  >\n\t\t\t\n\t\t\t\n<a href=\"https:\/\/aiviouvapes.com\/hu\/shop\/\" class=\"button primary is-shade is-larger box-shadow-4 box-shadow-5-hover\" style=\"border-radius:10px;\">\n\t\t<span>V\u00e1s\u00e1roljon most<\/span>\n\t<\/a>\n\n\t\t<\/div>\n\t\t\t\t\n<style>\n#col-1192598229 > .col-inner {\n  padding: 20px 0px 0px 0px;\n}\n<\/style>\n\t<\/div>\n\n\t\n<\/div>","protected":false},"excerpt":{"rendered":"<p>Navigating the intersection between vaping and PayPal has presented unique challenges for businesses and consumers alike. Due to PayPal&#8217;s policies on e-cigarettes and related products, many transactions in this industry face the same restrictions as tobacco, resulting in account limitations and blocked payments. At AiviouVapes, we\u2019ve successfully found a way to operate within these constraints. [&#8230;]\n","protected":false},"author":1,"featured_media":0,"parent":0,"menu_order":0,"comment_status":"closed","ping_status":"closed","template":"page-blank-title-center.php","meta":{"footnotes":""},"class_list":["post-9124","page","type-page","status-publish","hentry"],"jetpack_sharing_enabled":true,"_links":{"self":[{"href":"https:\/\/aiviouvapes.com\/hu\/wp-json\/wp\/v2\/pages\/9124","targetHints":{"allow":["GET"]}}],"collection":[{"href":"https:\/\/aiviouvapes.com\/hu\/wp-json\/wp\/v2\/pages"}],"about":[{"href":"https:\/\/aiviouvapes.com\/hu\/wp-json\/wp\/v2\/types\/page"}],"author":[{"embeddable":true,"href":"https:\/\/aiviouvapes.com\/hu\/wp-json\/wp\/v2\/users\/1"}],"replies":[{"embeddable":true,"href":"https:\/\/aiviouvapes.com\/hu\/wp-json\/wp\/v2\/comments?post=9124"}],"version-history":[{"count":0,"href":"https:\/\/aiviouvapes.com\/hu\/wp-json\/wp\/v2\/pages\/9124\/revisions"}],"wp:attachment":[{"href":"https:\/\/aiviouvapes.com\/hu\/wp-json\/wp\/v2\/media?parent=9124"}],"curies":[{"name":"wp","href":"https:\/\/api.w.org\/{rel}","templated":true}]}}