{"id":9121,"date":"2024-08-21T10:51:22","date_gmt":"2024-08-21T10:51:22","guid":{"rendered":"https:\/\/aiviouvapes.com\/?page_id=9121"},"modified":"2024-12-02T07:55:27","modified_gmt":"2024-12-01T23:55:27","slug":"age-policy","status":"publish","type":"page","link":"https:\/\/aiviouvapes.com\/hu\/age-policy\/","title":{"rendered":"\u00c9letkori politika"},"content":{"rendered":"<p>Korellen\u0151rz\u00e9s a <a href=\"https:\/\/AiviouVapes.com\/\" rel=\"noopener\">AiviouVapes<\/a><\/p>\n<p>**Leg\u00e1lis doh\u00e1nyz\u00e1si \u00e9letkor:** Minden v\u00e1s\u00e1rl\u00f3nak legal\u00e1bb 21 \u00e9vesnek kell lennie ahhoz, hogy term\u00e9keket v\u00e1s\u00e1rolhasson webhely\u00fcnk\u00f6n, ami megfelel az Egyes\u00fclt \u00c1llamokban az e-cigarett\u00e1ra \u00e9s a kapcsol\u00f3d\u00f3 cikkekre vonatkoz\u00f3 t\u00f6rv\u00e9nyes doh\u00e1nyz\u00e1si korhat\u00e1rnak. L\u00e1togat\u00e1s <a href=\"https:\/\/AiviouVapes.com\/\" rel=\"noopener\">AiviouVapes<\/a> az el\u0151\u00edr\u00e1soknak megfelel\u0151 \u00e9s felel\u0151s v\u00e1s\u00e1rl\u00e1sok\u00e9rt.<\/p>\n<p>**Az \u00e9letkor pontos felt\u00fcntet\u00e9s\u00e9nek fontoss\u00e1ga:** Az \u00e9letkorra vonatkoz\u00f3 adatok meghamis\u00edt\u00e1sa term\u00e9keink megv\u00e1s\u00e1rl\u00e1s\u00e1hoz nemcsak ir\u00e1nyelveinkbe \u00fctk\u00f6zik, hanem illeg\u00e1lis is. Az ilyen int\u00e9zked\u00e9sek s\u00falyos jogi k\u00f6vetkezm\u00e9nyekkel j\u00e1rhatnak.<\/p>\n<p>**Kiskor\u00faak meghatalmazott \u00fatj\u00e1n t\u00f6rt\u00e9n\u0151 v\u00e1s\u00e1rl\u00e1s\u00e1nak tilalma:** B\u00e1rmelyik v\u00e1s\u00e1rl\u00e1s <a href=\"https:\/\/AiviouVapes.com\/\" rel=\"noopener\">g\u0151z\u00f6l\u0151 term\u00e9kek<\/a> kiskor\u00faak sz\u00e1m\u00e1ra szigor\u00faan tilos, \u00e9s lehets\u00e9ges jogi szankci\u00f3kat von maga ut\u00e1n. Elk\u00f6telezettek vagyunk amellett, hogy megakad\u00e1lyozzuk a term\u00e9keinkhez val\u00f3 jogosulatlan hozz\u00e1f\u00e9r\u00e9st.<\/p>\n<p>**Er\u0151s \u00e9letkor-ellen\u0151rz\u00e9si folyamat:** A jogi k\u00f6vetelm\u00e9nyek teljes\u00edt\u00e9se \u00e9s a fiatalok v\u00e9delme \u00e9rdek\u00e9ben szigor\u00fa \u00e9letkor-ellen\u0151rz\u0151 rendszert alkalmazunk. Az \u00fcgyfelek k\u00f6telesek megadni a szem\u00e9lyes adatokat \u2013 n\u00e9v, c\u00edm, sz\u00fclet\u00e9si d\u00e1tum \u00e9s t\u00e1rsadalombiztos\u00edt\u00e1si sz\u00e1muk utols\u00f3 n\u00e9gy sz\u00e1mjegye \u2013, amelyeket nyilv\u00e1nosan ellen\u0151riz\u00fcnk. Ha az ellen\u0151rz\u00e9s sikertelen, vagy ha nem tudja megadni t\u00e1rsadalombiztos\u00edt\u00e1si adatait, k\u00e9rhet\u00fcnk \u00e1llamilag kibocs\u00e1tott szem\u00e9lyi igazolv\u00e1nyt.<\/p>\n<p>**A szolg\u00e1ltat\u00e1s elutas\u00edt\u00e1s\u00e1nak joga:** Fenntartjuk a jogot a megrendel\u00e9sek t\u00f6rl\u00e9s\u00e9re vagy elutas\u00edt\u00e1s\u00e1ra, ha az ellen\u0151rz\u00e9s nem fejez\u0151dik be sikeresen, vagy ha a megfelel\u0151 azonos\u00edt\u00e1st nem biztos\u00edtj\u00e1k kell\u0151 id\u0151ben.<\/p>\n<p>**A fiatalok megel\u0151z\u00e9se ir\u00e1nti elk\u00f6telezetts\u00e9g:** A kiskor\u00faaknak t\u00f6rt\u00e9n\u0151 \u00e9rt\u00e9kes\u00edt\u00e9s megakad\u00e1lyoz\u00e1sa az egyik legfontosabb priorit\u00e1sunk. \u00c9letkor-ellen\u0151rz\u0151 rendszer\u00fcnk al\u00e1t\u00e1masztja elk\u00f6telezetts\u00e9g\u00fcnket a felel\u0151s g\u0151z\u00f6l\u00e9si k\u00f6rnyezet fenntart\u00e1sa mellett.<\/p>\n<p>**Szolg\u00e1ltat\u00e1s megtagad\u00e1sa vagy korl\u00e1toz\u00e1sa:** Online szolg\u00e1ltat\u00f3k\u00e9nt fenntartjuk a jogot, hogy bizonyos esetekben megtagadjuk a szolg\u00e1ltat\u00e1st. Ha egy \u00fcgyf\u00e9l \u00fagy gondolja, hogy hozz\u00e1f\u00e9r\u00e9s\u00e9t jogtalanul korl\u00e1tozt\u00e1k, akkor arra b\u00e1tor\u00edtjuk, hogy forduljon \u00fcgyf\u00e9lszolg\u00e1latunkhoz seg\u00edts\u00e9g\u00e9rt.<\/p>\n<p>**Korhat\u00e1roz\u00e1si megjegyz\u00e9s:** Az Aiviou Vape webhelye egy\u00e9rtelm\u0171 felel\u0151ss\u00e9get kiz\u00e1r\u00f3 nyilatkozatot tartalmaz, amely kiemeli azt a k\u00f6vetelm\u00e9nyt, hogy az egyes\u00fclt \u00e1llamokbeli v\u00e1s\u00e1rl\u00f3knak legal\u00e1bb 21 \u00e9vesnek kell lenni\u00fck az e-cigaretta term\u00e9kek v\u00e1s\u00e1rl\u00e1s\u00e1hoz.<\/p>\n<p>-n\u00e1l <a href=\"https:\/\/AiviouVapes.com\/\" rel=\"noopener\">AiviouVapes<\/a>, kiemelten kezelj\u00fck \u00fcgyfeleink biztons\u00e1g\u00e1t \u00e9s j\u00f3l\u00e9t\u00e9t az \u00e9letkor szigor\u00fa ellen\u0151rz\u00e9s\u00e9vel. Int\u00e9zked\u00e9seink t\u00fckr\u00f6zik elk\u00f6telezetts\u00e9g\u00fcnket a biztons\u00e1gos \u00e9s megfelel\u0151 vaping k\u00f6z\u00f6ss\u00e9g ir\u00e1nt, nyugalmat k\u00edn\u00e1lva \u00fcgyfeleinknek, amikor n\u00e1lunk v\u00e1s\u00e1rolnak.<\/p>\n<p>V\u00e1llalatunk azon elk\u00f6telezetts\u00e9ge, hogy term\u00e9keinket csak a t\u00f6rv\u00e9nyes enged\u00e9llyel rendelkez\u0151k v\u00e1s\u00e1rolhass\u00e1k meg, meger\u0151s\u00edti a felel\u0151s g\u0151z\u00f6l\u00e9si gyakorlatok fontoss\u00e1g\u00e1t. Elismerj\u00fck, hogy az \u00e9letkor hat\u00e9kony ellen\u0151rz\u00e9se elengedhetetlen a kiskor\u00faak hozz\u00e1f\u00e9r\u00e9s\u00e9nek megakad\u00e1lyoz\u00e1s\u00e1hoz, \u00e9s \u00e1tfog\u00f3 rendszert hoztunk l\u00e9tre ennek a felel\u0151ss\u00e9gnek a betart\u00e1s\u00e1ra.<\/p>\n<p>Elj\u00e1r\u00e1sunkhoz konkr\u00e9t adatokra van sz\u00fcks\u00e9g \u2013 n\u00e9v, c\u00edm, sz\u00fclet\u00e9si d\u00e1tum \u00e9s a t\u00e1rsadalombiztos\u00edt\u00e1si sz\u00e1m utols\u00f3 n\u00e9gy sz\u00e1mjegye \u2013, amelyeket megb\u00edzhat\u00f3 nyilv\u00e1ntart\u00e1sok alapj\u00e1n ellen\u0151riz\u00fcnk az \u00e9letkor meger\u0151s\u00edt\u00e9s\u00e9hez. Ha az \u00fcgyf\u00e9l nem tudja megadni t\u00e1rsadalombiztos\u00edt\u00e1si adatait, tov\u00e1bbi ellen\u0151rz\u00e9si int\u00e9zked\u00e9sk\u00e9nt felaj\u00e1nljuk az \u00e1llami igazolv\u00e1ny felt\u00f6lt\u00e9s\u00e9nek lehet\u0151s\u00e9g\u00e9t.<\/p>\n<p>**Az \u00e9letkor megt\u00e9veszt\u00e9s\u00e9nek k\u00f6vetkezm\u00e9nyei:** Az \u00e9letkor hamis bemutat\u00e1sa a term\u00e9keink megv\u00e1s\u00e1rl\u00e1s\u00e1hoz illeg\u00e1lis, \u00e9s s\u00falyos jogi k\u00f6vetkezm\u00e9nyekkel j\u00e1r. Ezenk\u00edv\u00fcl a kiskor\u00faak sz\u00e1m\u00e1ra t\u00f6rt\u00e9n\u0151 v\u00e1s\u00e1rl\u00e1s szigor\u00faan tilos, \u00e9s a t\u00f6rv\u00e9ny szerint is b\u00fcntetend\u0151. Komolyan vessz\u00fck ezeket a szabv\u00e1nyokat, \u00e9s visszautas\u00edthatunk b\u00e1rmilyen rendel\u00e9st, ha az azonos\u00edt\u00e1s nem ellen\u0151rizhet\u0151 azonnal.<\/p>\n<p>Az Aiviou Vape tov\u00e1bbra is elk\u00f6telezett a kiskor\u00faak \u00e9rt\u00e9kes\u00edt\u00e9s\u00e9nek megakad\u00e1lyoz\u00e1sa mellett. \u00c9letkor-ellen\u0151rz\u00e9si protokollunk k\u00f6zponti szerepet j\u00e1tszik k\u00fcldet\u00e9s\u00fcnkben, amely a felel\u0151s \u00e9s biztons\u00e1gos v\u00e1s\u00e1rl\u00e1s el\u0151mozd\u00edt\u00e1s\u00e1t c\u00e9lozza a vaping k\u00f6z\u00f6ss\u00e9gen bel\u00fcl.<\/p>\n<p>Ha az \u00fcgyf\u00e9l \u00fagy v\u00e9li, hogy t\u00e9ved\u00e9sb\u0151l sz\u00e1rmaz\u00f3 szolg\u00e1ltat\u00e1si korl\u00e1toz\u00e1st tapasztal, forduljon \u00fcgyf\u00e9lszolg\u00e1lati csapatunkhoz. El\u0151nyben r\u00e9szes\u00edtj\u00fck az \u00e1tl\u00e1that\u00f3 kommunik\u00e1ci\u00f3t, \u00e9s igyeksz\u00fcnk minden probl\u00e9m\u00e1t tisztess\u00e9gesen megoldani.<\/p>\n<p>Oldalunkon j\u00f3l l\u00e1that\u00f3 figyelmeztet\u00e9s jelenik meg az elektronikus cigaretta v\u00e1s\u00e1rl\u00e1s\u00e1nak korhat\u00e1r\u00e1ra vonatkoz\u00f3an, eml\u00e9keztetve minden felhaszn\u00e1l\u00f3t az Egyes\u00fclt \u00c1llamokban a 21. \u00e9let\u00e9v\u00fcket bet\u00f6lt\u00f6tt t\u00f6rv\u00e9nyi k\u00f6vetelm\u00e9nyre.<\/p>\n<p>Az Aiviou Vape kiv\u00e1laszt\u00e1sa azt jelenti, hogy olyan v\u00e1llalatot kell kiv\u00e1lasztani, amely \u00e9rt\u00e9keli az integrit\u00e1st, a jogi megfelel\u00e9st \u00e9s az \u00fcgyfelek biztons\u00e1g\u00e1t. A felel\u0151ss\u00e9gteljes \u00e9letkorral kapcsolatos politik\u00e1k ir\u00e1nti elk\u00f6telezetts\u00e9g\u00fcnk nem csup\u00e1n elj\u00e1r\u00e1si jelleg\u0171; alapvet\u0151en t\u00fckr\u00f6zi \u00e9rt\u00e9keinket \u00e9s elk\u00f6telezetts\u00e9g\u00fcnket a biztons\u00e1gos, megb\u00edzhat\u00f3 v\u00e1s\u00e1rl\u00e1si \u00e9lm\u00e9ny megteremt\u00e9se ir\u00e1nt. B\u00edzzon az Aiviou Vape-ben a min\u0151s\u00e9gi vaping term\u00e9kek biztons\u00e1gos \u00e9s felel\u0151s hozz\u00e1f\u00e9r\u00e9se \u00e9rdek\u00e9ben.<\/p>\n<div class=\"row align-middle\"  id=\"row-1807304158\">\n\n\t<div id=\"col-731599927\" class=\"col small-12 large-12\"  >\n\t\t\t\t<div class=\"col-inner text-center\"  >\n\t\t\t\n\t\t\t\n<a href=\"https:\/\/aiviouvapes.com\/hu\/shop\/\" class=\"button primary is-shade is-larger box-shadow-4 box-shadow-5-hover\" style=\"border-radius:10px;\">\n\t\t<span>V\u00e1s\u00e1roljon most<\/span>\n\t<\/a>\n\n\t\t<\/div>\n\t\t\t\t\n<style>\n#col-731599927 > .col-inner {\n  padding: 20px 0px 0px 0px;\n}\n<\/style>\n\t<\/div>\n\n\t\n<\/div>","protected":false},"excerpt":{"rendered":"<p>Age Verification at AiviouVapes **Legal Smoking Age Requirement:** All customers must be 21 or older to purchase products on our site, aligning with the U.S. legal smoking age for e-cigarettes and related items. Visit AiviouVapes for compliant and responsible purchases. **Importance of Accurate Age Representation:** Falsifying age information to buy our products is not only [&#8230;]\n","protected":false},"author":1,"featured_media":0,"parent":0,"menu_order":0,"comment_status":"closed","ping_status":"closed","template":"page-blank-title-center.php","meta":{"footnotes":""},"class_list":["post-9121","page","type-page","status-publish","hentry"],"jetpack_sharing_enabled":true,"_links":{"self":[{"href":"https:\/\/aiviouvapes.com\/hu\/wp-json\/wp\/v2\/pages\/9121","targetHints":{"allow":["GET"]}}],"collection":[{"href":"https:\/\/aiviouvapes.com\/hu\/wp-json\/wp\/v2\/pages"}],"about":[{"href":"https:\/\/aiviouvapes.com\/hu\/wp-json\/wp\/v2\/types\/page"}],"author":[{"embeddable":true,"href":"https:\/\/aiviouvapes.com\/hu\/wp-json\/wp\/v2\/users\/1"}],"replies":[{"embeddable":true,"href":"https:\/\/aiviouvapes.com\/hu\/wp-json\/wp\/v2\/comments?post=9121"}],"version-history":[{"count":0,"href":"https:\/\/aiviouvapes.com\/hu\/wp-json\/wp\/v2\/pages\/9121\/revisions"}],"wp:attachment":[{"href":"https:\/\/aiviouvapes.com\/hu\/wp-json\/wp\/v2\/media?parent=9121"}],"curies":[{"name":"wp","href":"https:\/\/api.w.org\/{rel}","templated":true}]}}