{"id":9117,"date":"2024-08-21T10:50:31","date_gmt":"2024-08-21T10:50:31","guid":{"rendered":"https:\/\/aiviouvapes.com\/?page_id=9117"},"modified":"2024-11-24T00:13:56","modified_gmt":"2024-11-23T16:13:56","slug":"terms-conditions","status":"publish","type":"page","link":"https:\/\/aiviouvapes.com\/hu\/terms-conditions\/","title":{"rendered":"Felt\u00e9telek \u00e9s felt\u00e9telek"},"content":{"rendered":"<p dir=\"auto\">\u00dcdv\u00f6z\u00f6lj\u00fck a <strong>AiviouVape<\/strong>! K\u00e9rj\u00fck, hogy weboldalunk haszn\u00e1lata el\u0151tt figyelmesen olvassa el ezeket a felt\u00e9teleket. Oldalunk el\u00e9r\u00e9s\u00e9vel \u00e9s haszn\u00e1lat\u00e1val \u00d6n beleegyezik, hogy betartja az itt v\u00e1zolt felt\u00e9teleket, valamint az \u00f6sszes vonatkoz\u00f3 jogszab\u00e1lyt. Ha nem \u00e9rt egyet ezekkel a felt\u00e9telekkel, k\u00e9rj\u00fck, ne haszn\u00e1lja tov\u00e1bb weboldalunkat. A v\u00e1s\u00e1rl\u00e1ssal elfogadja ezeket a felt\u00e9teleket, valamint a sz\u00e1ll\u00edt\u00e1si, visszak\u00fcld\u00e9si \u00e9s j\u00f3t\u00e1ll\u00e1si szab\u00e1lyzatunkat.<\/p>\n<p dir=\"auto\"><strong>Nemzetk\u00f6zi megrendel\u00e9sek<\/strong><\/p>\n<p dir=\"auto\">Az AiviouVape vil\u00e1gszerte m\u0171k\u00f6dik hongkongi k\u00f6zpontunkb\u00f3l. A Hongkongon k\u00edv\u00fcli \u00fcgyfelek nemzetk\u00f6zi \u00fcgyfeleknek min\u0151s\u00fclnek. Megrendel\u00e9s el\u0151tt gy\u0151z\u0151dj\u00f6n meg arr\u00f3l, hogy ismeri orsz\u00e1g\u00e1nak a p\u00e1rologtat\u00f3 term\u00e9kek tulajdonjog\u00e1ra, importj\u00e1ra \u00e9s haszn\u00e1lat\u00e1ra vonatkoz\u00f3 szab\u00e1lyoz\u00e1sait. Egyes orsz\u00e1gokban a Sz\u00e1ll\u00edt\u00e1si, Visszak\u00fcld\u00e9si \u00e9s J\u00f3t\u00e1ll\u00e1si szab\u00e1lyzatunkban meghat\u00e1rozott tov\u00e1bbi szab\u00e1lyzatok vonatkozhatnak.<\/p>\n<p dir=\"auto\"><strong>Szerz\u0151i jog<\/strong><\/p>\n<p dir=\"auto\">Az oldalon tal\u00e1lhat\u00f3 \u00f6sszes tartalom \u2013 bele\u00e9rtve a sz\u00f6veget, a grafik\u00e1t \u00e9s a k\u00f3dot \u2013 szerz\u0151i jogi t\u00f6rv\u00e9nyek \u00e1ltal v\u00e9dett, az AiviouVape tulajdon\u00e1ban l\u00e9v\u0151 kollekt\u00edv munkak\u00e9nt. Copyright 2022, AiviouVape. Minden jog fenntartva. Megrendel\u00e9s lead\u00e1s\u00e1hoz vagy AiviouVape term\u00e9kek v\u00e1s\u00e1rl\u00e1s\u00e1hoz elektronikusan m\u00e1solhatja \u00e9s kinyomtathatja a webhely egyes r\u00e9szeit. B\u00e1rmilyen m\u00e1s felhaszn\u00e1l\u00e1s, bele\u00e9rtve a webhely tartalm\u00e1nak reproduk\u00e1l\u00e1s\u00e1t, terjeszt\u00e9s\u00e9t vagy tov\u00e1bb\u00edt\u00e1s\u00e1t, tilos, kiv\u00e9ve, ha az AiviouVape Inc. enged\u00e9lyezi.<\/p>\n<p dir=\"auto\"><strong>V\u00e9djegyek<\/strong><\/p>\n<p dir=\"auto\">Az oldalunkon megjelen\u0151 \u00f6sszes v\u00e9djegy, szolg\u00e1ltat\u00e1si v\u00e9djegy \u00e9s kereskedelmi n\u00e9v az AiviouVape tulajdona.<\/p>\n<p dir=\"auto\"><strong>J\u00f3t\u00e1ll\u00e1si nyilatkozat<\/strong><\/p>\n<p dir=\"auto\">Weboldalunkat, valamint az \u00f6sszes anyagot \u00e9s term\u00e9ket \u201eahogyan\u201d biztos\u00edtjuk, b\u00e1rmilyen kifejezett vagy hallgat\u00f3lagos garancia n\u00e9lk\u00fcl. Az AiviouVape elh\u00e1r\u00edt minden garanci\u00e1t, bele\u00e9rtve, de nem kiz\u00e1r\u00f3lagosan, az eladhat\u00f3s\u00e1got, az adott c\u00e9lra val\u00f3 alkalmass\u00e1got \u00e9s a jogs\u00e9rt\u00e9s hi\u00e1ny\u00e1t. Nem garant\u00e1ljuk, hogy az oldal m\u0171k\u00f6d\u00e9se zavartalan vagy hibamentes lesz, \u00e9s a hib\u00e1kat kijav\u00edtjuk, vagy hogy az oldal mentes a v\u00edrusokt\u00f3l vagy m\u00e1s k\u00e1ros \u00f6sszetev\u0151kt\u0151l. Nem garant\u00e1ljuk a k\u00f6z\u00f6lt tartalom pontoss\u00e1g\u00e1t, teljess\u00e9g\u00e9t vagy megb\u00edzhat\u00f3s\u00e1g\u00e1t.<\/p>\n<p dir=\"auto\"><strong>A felel\u0151ss\u00e9g korl\u00e1toz\u00e1sa<\/strong><\/p>\n<p dir=\"auto\">Az AiviouVape nem v\u00e1llal felel\u0151ss\u00e9get semmilyen k\u00fcl\u00f6nleges vagy k\u00f6vetkezm\u00e9nyes k\u00e1r\u00e9rt, amely az ezen az oldalon tal\u00e1lhat\u00f3 anyagok vagy a term\u00e9kek teljes\u00edtm\u00e9ny\u00e9nek haszn\u00e1lat\u00e1b\u00f3l vagy haszn\u00e1lat\u00e1nak k\u00e9ptelens\u00e9g\u00e9b\u0151l ered, m\u00e9g akkor sem, ha az ilyen k\u00e1rok lehet\u0151s\u00e9g\u00e9r\u0151l \u00e9rtes\u00edtett\u00e9k. Bizonyos joghat\u00f3s\u00e1gok nem teszik lehet\u0151v\u00e9 a k\u00f6vetkezm\u00e9nyes vagy v\u00e9letlen k\u00e1rok\u00e9rt val\u00f3 felel\u0151ss\u00e9g kiz\u00e1r\u00e1s\u00e1t vagy korl\u00e1toz\u00e1s\u00e1t, ez\u00e9rt el\u0151fordulhat, hogy ezek a korl\u00e1toz\u00e1sok nem vonatkoznak \u00d6nre.<\/p>\n<p dir=\"auto\"><strong>Megsz\u00fcntet\u00e9s<\/strong><\/p>\n<p dir=\"auto\">Ezek a felt\u00e9telek minden felhaszn\u00e1l\u00f3ra vonatkoznak az oldal el\u00e9r\u00e9sekor, regisztr\u00e1ci\u00f3kor vagy v\u00e1s\u00e1rl\u00e1skor. Az AiviouVape fenntartja mag\u00e1nak a jogot arra, hogy a jelen felt\u00e9teleket r\u00e9szben vagy eg\u00e9szben b\u00e1rmikor, el\u0151zetes \u00e9rtes\u00edt\u00e9s n\u00e9lk\u00fcl felmondja. A szerz\u0151i jogra, a v\u00e9djegyekre, a j\u00f3t\u00e1ll\u00e1si nyilatkozatra, a felel\u0151ss\u00e9g korl\u00e1toz\u00e1s\u00e1ra, a k\u00e1rtalan\u00edt\u00e1sra \u00e9s az egy\u00e9b rendelkez\u00e9sekre vonatkoz\u00f3 rendelkez\u00e9sek a felmond\u00e1s ut\u00e1n is \u00e9rv\u00e9nyben maradnak.<\/p>\n<p dir=\"auto\"><strong>\u00c9rtes\u00edt\u00e9s<\/strong><\/p>\n<p dir=\"auto\">Az AiviouVape \u00e9rtes\u00edt\u00e9seket k\u00fcldhet \u00d6nnek e-mailben, \u00e1ltal\u00e1nos \u00e9rtes\u00edt\u00e9sek form\u00e1j\u00e1ban a webhelyen vagy m\u00e1s megb\u00edzhat\u00f3 m\u00f3don, az \u00d6n \u00e1ltal megadott el\u00e9rhet\u0151s\u00e9gi adatok haszn\u00e1lat\u00e1val.<\/p>\n<p dir=\"auto\"><strong>Egy\u00e9b<\/strong><\/p>\n<p dir=\"auto\">Ezekre a felt\u00e9telekre Hongkong t\u00f6rv\u00e9nyei az ir\u00e1nyad\u00f3k, figyelmen k\u00edv\u00fcl hagyva a jog\u00fctk\u00f6z\u00e9si elveket. A jelen felt\u00e9telekb\u0151l ered\u0151 vit\u00e1kat Hongkong b\u00edr\u00f3s\u00e1gai hat\u00e1rozz\u00e1k meg. Az ig\u00e9nyeket a keletkez\u00e9st\u0151l sz\u00e1m\u00edtott egy \u00e9ven bel\u00fcl kell beny\u00fajtani. Az AiviouVape azon d\u00f6nt\u00e9se, hogy nem \u00e9rv\u00e9nyes\u00edti a jelen felt\u00e9telek b\u00e1rmely r\u00e9sz\u00e9t, nem mond le jogair\u00f3l. A jelen felt\u00e9telek szerinti jogainkat \u00e9s k\u00f6telezetts\u00e9geinket el\u0151zetes \u00e9rtes\u00edt\u00e9s n\u00e9lk\u00fcl \u00e1truh\u00e1zhatjuk.<\/p>\n<p dir=\"auto\"><strong>A webhely haszn\u00e1lata<\/strong><\/p>\n<p dir=\"auto\">Az oldalon zaklat\u00e1s vagy nem megfelel\u0151 viselked\u00e9s tilos. A felhaszn\u00e1l\u00f3k nem t\u00f6lthetnek fel kifog\u00e1solhat\u00f3 tartalmat, \u00e9s nem k\u00e9rhetnek m\u00e1sokat kereskedelmi szolg\u00e1ltat\u00e1sokra. Az AiviouVape fenntartja a jogot, hogy letiltson vagy elt\u00e1vol\u00edtson minden olyan tartalmat, amely s\u00e9rti ezeket a felt\u00e9teleket.<\/p>\n<p dir=\"auto\"><strong>R\u00e9szv\u00e9teli nyilatkozat<\/strong><\/p>\n<p dir=\"auto\">Az AiviouVape nem v\u00e1llal felel\u0151ss\u00e9get a webhelyen tal\u00e1lhat\u00f3, felhaszn\u00e1l\u00f3 \u00e1ltal l\u00e9trehozott tartalom\u00e9rt. Kiz\u00e1r\u00f3lag terjeszt\u00e9si platformk\u00e9nt m\u0171k\u00f6d\u00fcnk, \u00e9s fenntartjuk a jogot a kifog\u00e1solhat\u00f3 tartalmak sz\u00fcks\u00e9g szerinti elt\u00e1vol\u00edt\u00e1s\u00e1ra.<\/p>\n<p dir=\"auto\"><strong>A term\u00e9kek haszn\u00e1lata<\/strong><\/p>\n<p dir=\"auto\">Az AiviouVape nem \u00e1ll\u00edt semmilyen konkr\u00e9t c\u00e9lt a term\u00e9k hat\u00e9konys\u00e1g\u00e1ra vonatkoz\u00f3an. Minden term\u00e9k felhaszn\u00e1l\u00e1sa a vev\u0151 kock\u00e1zat\u00e1ra t\u00f6rt\u00e9nik. A nikotin term\u00e9kek szigor\u00faan feln\u0151ttek sz\u00e1m\u00e1ra k\u00e9sz\u00fcltek. A nikotintartalm\u00fa term\u00e9kek haszn\u00e1lata el\u0151tt konzult\u00e1ljon orvos\u00e1val.<\/p>\n<p dir=\"auto\"><strong>K\u00e1rtalan\u00edt\u00e1s<\/strong><\/p>\n<p dir=\"auto\">Weboldalunk haszn\u00e1lat\u00e1val \u00d6n beleegyezik abba, hogy k\u00e1rtalan\u00edtja az AiviouVape-et \u00e9s szolg\u00e1ltat\u00f3it minden olyan vesztes\u00e9g, k\u00e1r, k\u00f6lts\u00e9g \u00e9s kiad\u00e1s tekintet\u00e9ben, amely a jelen felt\u00e9telek megs\u00e9rt\u00e9s\u00e9b\u0151l vagy a fi\u00f3kj\u00e1ban v\u00e9gzett kapcsol\u00f3d\u00f3 tev\u00e9kenys\u00e9gekb\u0151l ered.<\/p>\n<p dir=\"auto\"><strong>Harmadik f\u00e9lt\u0151l sz\u00e1rmaz\u00f3 linkek<\/strong><\/p>\n<p dir=\"auto\">Az AiviouVape hivatkoz\u00e1sokat biztos\u00edthat k\u00fcls\u0151 webhelyekre a felhaszn\u00e1l\u00f3i k\u00e9nyelem \u00e9rdek\u00e9ben. Nem mi ir\u00e1ny\u00edtjuk ezeket a webhelyeket, \u00e9s nem v\u00e1llalunk felel\u0151ss\u00e9get azok tartalm\u00e1\u00e9rt vagy gyakorlat\u00e1\u00e9rt.<\/p>\n<p dir=\"auto\"><strong>Term\u00e9klez\u00e1r\u00e1s<\/strong><\/p>\n<p dir=\"auto\">Egyes term\u00e9kekre konkr\u00e9t felel\u0151ss\u00e9gkiz\u00e1r\u00e1sok vonatkozhatnak a visszak\u00fcld\u00e9sre vagy a cserejogosults\u00e1gra vonatkoz\u00f3an. K\u00e9rj\u00fck, v\u00e1s\u00e1rl\u00e1s el\u0151tt tekintse \u00e1t az \u00f6sszes term\u00e9kspecifikus felel\u0151ss\u00e9gkiz\u00e1r\u00e1st. Azzal, hogy a fizet\u00e9skor elfogadja \u00c1ltal\u00e1nos Szerz\u0151d\u00e9si Felt\u00e9teleinket, elismeri, hogy meg\u00e9rtette az \u00f6sszes vonatkoz\u00f3 felel\u0151ss\u00e9gkiz\u00e1r\u00e1st.<\/p>\n<p dir=\"auto\">K\u00f6sz\u00f6nj\u00fck, hogy a <strong>AiviouVape<\/strong>!<\/p>\n<div class=\"row align-middle\"  id=\"row-1487786778\">\n\n\t<div id=\"col-1651227712\" class=\"col small-12 large-12\"  >\n\t\t\t\t<div class=\"col-inner text-center\"  >\n\t\t\t\n\t\t\t\n<a href=\"https:\/\/aiviouvapes.com\/hu\/shop\/\" class=\"button primary is-shade is-larger box-shadow-4 box-shadow-5-hover\" style=\"border-radius:10px;\">\n\t\t<span>V\u00e1s\u00e1roljon most<\/span>\n\t<\/a>\n\n\t\t<\/div>\n\t\t\t\t\n<style>\n#col-1651227712 > .col-inner {\n  padding: 20px 0px 0px 0px;\n}\n<\/style>\n\t<\/div>\n\n\t\n<\/div>","protected":false},"excerpt":{"rendered":"<p>Welcome to AiviouVape! Please read these terms and conditions carefully before using our website. By accessing and using our site, you agree to comply with the terms outlined here, as well as all applicable laws. If you do not agree with these terms, please discontinue using our website. By making a purchase, you accept these [&#8230;]\n","protected":false},"author":1,"featured_media":0,"parent":0,"menu_order":0,"comment_status":"closed","ping_status":"closed","template":"page-blank-title-center.php","meta":{"footnotes":""},"class_list":["post-9117","page","type-page","status-publish","hentry"],"jetpack_sharing_enabled":true,"_links":{"self":[{"href":"https:\/\/aiviouvapes.com\/hu\/wp-json\/wp\/v2\/pages\/9117","targetHints":{"allow":["GET"]}}],"collection":[{"href":"https:\/\/aiviouvapes.com\/hu\/wp-json\/wp\/v2\/pages"}],"about":[{"href":"https:\/\/aiviouvapes.com\/hu\/wp-json\/wp\/v2\/types\/page"}],"author":[{"embeddable":true,"href":"https:\/\/aiviouvapes.com\/hu\/wp-json\/wp\/v2\/users\/1"}],"replies":[{"embeddable":true,"href":"https:\/\/aiviouvapes.com\/hu\/wp-json\/wp\/v2\/comments?post=9117"}],"version-history":[{"count":0,"href":"https:\/\/aiviouvapes.com\/hu\/wp-json\/wp\/v2\/pages\/9117\/revisions"}],"wp:attachment":[{"href":"https:\/\/aiviouvapes.com\/hu\/wp-json\/wp\/v2\/media?parent=9117"}],"curies":[{"name":"wp","href":"https:\/\/api.w.org\/{rel}","templated":true}]}}