{"id":9111,"date":"2024-08-21T10:48:05","date_gmt":"2024-08-21T10:48:05","guid":{"rendered":"https:\/\/aiviouvapes.com\/?page_id=9111"},"modified":"2024-11-30T20:28:47","modified_gmt":"2024-11-30T12:28:47","slug":"shipping-policy","status":"publish","type":"page","link":"https:\/\/aiviouvapes.com\/hu\/shipping-policy\/","title":{"rendered":"Sz\u00e1ll\u00edt\u00e1si politika"},"content":{"rendered":"<div id=\"text-4169739556\" class=\"text\">\n\t\t\n<header class=\"entry-header text-center\"><\/header>\n<p><strong>Sz\u00e1ll\u00edt\u00e1si politika<\/strong><\/p>\n<p>1. A megrendel\u00e9seket 1-3 munkanapon bel\u00fcl feldolgozzuk \u00e9s kisz\u00e1ll\u00edtjuk. A sz\u00e1ll\u00edt\u00e1si id\u0151 \u00e1ltal\u00e1ban 7-15 munkanap k\u00f6z\u00f6tt van. K\u00e9rj\u00fck, vegye figyelembe, hogy h\u00e9tv\u00e9g\u00e9n nem sz\u00e1ll\u00edtjuk a megrendel\u00e9seket.<\/p>\n<p>2. Amint a megrendel\u00e9s\u00e9t elk\u00fcldt\u00fck, e-mailben elk\u00fcldj\u00fck \u00d6nnek a nyomon k\u00f6vet\u00e9si inform\u00e1ci\u00f3kat. A megadott nyomon k\u00f6vet\u00e9si sz\u00e1mmal a k\u00f6vetkez\u0151 weboldalon k\u00f6vetheti nyomon a k\u00fcldem\u00e9nyt:<\/p>\n<p><a href=\"https:\/\/www.17track.net\/en\" target=\"_blank\" rel=\"nofollow noopener\">https:\/\/www.17track.net\/en<\/a><\/p>\n<p>K\u00e9rj\u00fck, a k\u00fcld\u00e9st k\u00f6vet\u0151en 1-2 napot v\u00e1rjon, am\u00edg a nyomon k\u00f6vet\u00e9si friss\u00edt\u00e9sek megjelennek a weboldalon.<\/p>\n<p>3. A term\u00e9kek kisz\u00e1ll\u00edt\u00e1sa el\u0151tt b\u00e1rmikor rugalmasan lemondhatja a megrendel\u00e9st vagy friss\u00edtheti a sz\u00e1ll\u00edt\u00e1si c\u00edmet. A rendel\u00e9s felad\u00e1sa ut\u00e1n azonban nem \u00e1ll m\u00f3dunkban visszat\u00e9r\u00edt\u00e9st vagy c\u00edmv\u00e1ltoztat\u00e1st v\u00e9gezni.<\/p>\n<p>4.Countries, amelyekkel sz\u00e1ll\u00edthatunk\u00a0<strong>DDP<\/strong>\u00a0(<strong>Fizetett sz\u00e1ll\u00edt\u00e1si v\u00e1m<\/strong>) M\u00f3dszer, nem k\u00e9ri, hogy v\u00e1mkezel\u00e9st v\u00e9gezzen, \u00e9s nincs v\u00e1m az \u00d6n sz\u00e1m\u00e1ra.<\/p>\n<ul>\n<li>USA - UPS Express (kiv\u00e9ve Alaszka \u00e9s Hawaii)<\/li>\n<li>UK - Helyi DPD Express<\/li>\n<li>Eur\u00f3pa - UPS Express\/ DPD Express\/ DHL Express<\/li>\n<\/ul>\n<p>Az eur\u00f3pai DDP-m\u00f3dszer orsz\u00e1glist\u00e1i: N\u00e9metorsz\u00e1g, Belgium, Luxemburg, Hollandia, Csehorsz\u00e1g, Lengyelorsz\u00e1g, Horv\u00e1torsz\u00e1g, Szlov\u00e1kia, Szlov\u00e9nia, Finnorsz\u00e1g, D\u00e1nia, Sv\u00e9dorsz\u00e1g, Ausztria, Franciaorsz\u00e1g, Olaszorsz\u00e1g, Magyarorsz\u00e1g, Bulg\u00e1ria, Litv\u00e1nia, \u00c9sztorsz\u00e1g, Lettorsz\u00e1g, G\u00f6r\u00f6gorsz\u00e1g, \u00cdrorsz\u00e1g, Portug\u00e1lia, Spanyolorsz\u00e1g.<\/p>\n<p><strong>Sz\u00e1ll\u00edt\u00e1si id\u0151k egyes orsz\u00e1gok eset\u00e9ben:<\/strong><\/p>\n<table style=\"height: 810px;\" width=\"518\">\n<thead>\n<tr>\n<th>ORSZ\u00c1G<\/th>\n<th>SZ\u00c1LL\u00cdT\u00c1SI M\u00d3D<\/th>\n<th>SZ\u00c1LL\u00cdT\u00c1SI ID\u0150<\/th>\n<\/tr>\n<\/thead>\n<tbody>\n<tr>\n<td>USA<\/td>\n<td>Helyi UPS Ground<\/td>\n<td>10-15 nap<\/td>\n<\/tr>\n<tr>\n<td>UK<\/td>\n<td>Helyi DPD Express<\/td>\n<td>7-12 nap<\/td>\n<\/tr>\n<tr>\n<td>N\u00e9metorsz\u00e1g<\/td>\n<td>UPS\/DPD\/DHL N\u00e9metorsz\u00e1g<\/td>\n<td>8-13 nap<\/td>\n<\/tr>\n<tr>\n<td>Franciaorsz\u00e1g<\/td>\n<td>UPS\/DPD\/DHL N\u00e9metorsz\u00e1g<\/td>\n<td>8-13 nap<\/td>\n<\/tr>\n<tr>\n<td>Belgium<\/td>\n<td>UPS\/DPD\/DHL N\u00e9metorsz\u00e1g<\/td>\n<td>8-13 nap<\/td>\n<\/tr>\n<tr>\n<td>Luxemburg<\/td>\n<td>UPS\/DPD\/DHL N\u00e9metorsz\u00e1g<\/td>\n<td>8-13 nap<\/td>\n<\/tr>\n<tr>\n<td>Hollandia<\/td>\n<td>UPS\/DPD\/DHL N\u00e9metorsz\u00e1g<\/td>\n<td>8-13 nap<\/td>\n<\/tr>\n<tr>\n<td>Cseh K\u00f6zt\u00e1rsas\u00e1g<\/td>\n<td>UPS\/DPD\/DHL N\u00e9metorsz\u00e1g<\/td>\n<td>8-13 nap<\/td>\n<\/tr>\n<tr>\n<td>Lengyelorsz\u00e1g<\/td>\n<td>UPS\/DPD\/DHL N\u00e9metorsz\u00e1g<\/td>\n<td>8-13 nap<\/td>\n<\/tr>\n<tr>\n<td>Horv\u00e1torsz\u00e1g<\/td>\n<td>UPS\/DPD\/DHL N\u00e9metorsz\u00e1g<\/td>\n<td>8-13 nap<\/td>\n<\/tr>\n<tr>\n<td>Szlov\u00e1kia<\/td>\n<td>UPS\/DPD\/DHL N\u00e9metorsz\u00e1g<\/td>\n<td>8-13 nap<\/td>\n<\/tr>\n<tr>\n<td>Szlov\u00e9nia<\/td>\n<td>UPS\/DPD\/DHL N\u00e9metorsz\u00e1g<\/td>\n<td>8-13 nap<\/td>\n<\/tr>\n<tr>\n<td>Finnorsz\u00e1g<\/td>\n<td>UPS\/DPD\/DHL N\u00e9metorsz\u00e1g<\/td>\n<td>8-13 nap<\/td>\n<\/tr>\n<tr>\n<td>D\u00e1nia<\/td>\n<td>UPS\/DPD\/DHL N\u00e9metorsz\u00e1g<\/td>\n<td>8-13 nap<\/td>\n<\/tr>\n<tr>\n<td>Sv\u00e9dorsz\u00e1g<\/td>\n<td>UPS\/DPD\/DHL N\u00e9metorsz\u00e1g<\/td>\n<td>8-13 nap<\/td>\n<\/tr>\n<tr>\n<td>Ausztria<\/td>\n<td>UPS\/DPD\/DHL N\u00e9metorsz\u00e1g<\/td>\n<td>8-13 nap<\/td>\n<\/tr>\n<tr>\n<td>Olaszorsz\u00e1g<\/td>\n<td>UPS\/DPD\/DHL N\u00e9metorsz\u00e1g<\/td>\n<td>8-13 nap<\/td>\n<\/tr>\n<tr>\n<td>Magyarorsz\u00e1g<\/td>\n<td>UPS\/DPD\/DHL N\u00e9metorsz\u00e1g<\/td>\n<td>8-13 nap<\/td>\n<\/tr>\n<tr>\n<td>Litv\u00e1nia<\/td>\n<td>UPS\/DPD\/DHL N\u00e9metorsz\u00e1g<\/td>\n<td>8-13 nap<\/td>\n<\/tr>\n<tr>\n<td>\u00c9sztorsz\u00e1g<\/td>\n<td>UPS\/DPD\/DHL N\u00e9metorsz\u00e1g<\/td>\n<td>8-13 nap<\/td>\n<\/tr>\n<tr>\n<td>Lettorsz\u00e1g<\/td>\n<td>UPS\/DPD\/DHL N\u00e9metorsz\u00e1g<\/td>\n<td>8-13 nap<\/td>\n<\/tr>\n<tr>\n<td>G\u00f6r\u00f6gorsz\u00e1g<\/td>\n<td>UPS\/DPD\/DHL N\u00e9metorsz\u00e1g<\/td>\n<td>8-13 nap<\/td>\n<\/tr>\n<tr>\n<td>\u00cdrorsz\u00e1g<\/td>\n<td>UPS\/DPD\/DHL N\u00e9metorsz\u00e1g<\/td>\n<td>8-13 nap<\/td>\n<\/tr>\n<tr>\n<td>Portug\u00e1lia<\/td>\n<td>UPS\/DPD\/DHL N\u00e9metorsz\u00e1g<\/td>\n<td>8-13 nap<\/td>\n<\/tr>\n<tr>\n<td>Spanyolorsz\u00e1g<\/td>\n<td>UPS\/DPD\/DHL N\u00e9metorsz\u00e1g<\/td>\n<td>8-13 nap<\/td>\n<\/tr>\n<tr>\n<td>Egyes\u00fclt Arab Em\u00edrs\u00e9gek (Dubai)<\/td>\n<td>Dubai dedik\u00e1lt vonal<\/td>\n<td>12-18 nap<\/td>\n<\/tr>\n<tr>\n<td>D\u00e9l-Afrika<\/td>\n<td>D\u00e9l-afrikai dedik\u00e1lt vonal<\/td>\n<td>15-25 nap<\/td>\n<\/tr>\n<tr>\n<td>Vietnam<\/td>\n<td>Vietn\u00e1mi dedik\u00e1lt vonal<\/td>\n<td>3-5 nap<\/td>\n<\/tr>\n<tr>\n<td>Nyugat-Malajzia<\/td>\n<td>Malajzia dedik\u00e1lt vonal<\/td>\n<td>4-8 nap<\/td>\n<\/tr>\n<\/tbody>\n<\/table>\n<\/div>\n<\/div>\n<\/div>\n<\/div>\n<div id=\"col-429512057\" class=\"col medium-6 small-12 large-6\"><\/div>\n<\/div>\n<\/div>\n\t\t\n<style>\n#text-4169739556 {\n  text-align: left;\n}\n<\/style>\n\t<\/div>\n\t\n<div class=\"row align-middle\"  id=\"row-1222702187\">\n\n\t<div id=\"col-64615270\" class=\"col small-12 large-12\"  >\n\t\t\t\t<div class=\"col-inner text-center\"  >\n\t\t\t\n\t\t\t\n<a href=\"https:\/\/aiviouvapes.com\/hu\/shop\/\" class=\"button primary is-shade is-larger box-shadow-4 box-shadow-5-hover\" style=\"border-radius:10px;\">\n\t\t<span>V\u00e1s\u00e1roljon most<\/span>\n\t<\/a>\n\n\t\t<\/div>\n\t\t\t\t\n<style>\n#col-64615270 > .col-inner {\n  padding: 20px 0px 0px 0px;\n}\n<\/style>\n\t<\/div>\n\n\t\n<\/div>","protected":false},"excerpt":{"rendered":"","protected":false},"author":1,"featured_media":0,"parent":0,"menu_order":0,"comment_status":"closed","ping_status":"closed","template":"page-blank-title-center.php","meta":{"footnotes":""},"class_list":["post-9111","page","type-page","status-publish","hentry"],"jetpack_sharing_enabled":true,"_links":{"self":[{"href":"https:\/\/aiviouvapes.com\/hu\/wp-json\/wp\/v2\/pages\/9111","targetHints":{"allow":["GET"]}}],"collection":[{"href":"https:\/\/aiviouvapes.com\/hu\/wp-json\/wp\/v2\/pages"}],"about":[{"href":"https:\/\/aiviouvapes.com\/hu\/wp-json\/wp\/v2\/types\/page"}],"author":[{"embeddable":true,"href":"https:\/\/aiviouvapes.com\/hu\/wp-json\/wp\/v2\/users\/1"}],"replies":[{"embeddable":true,"href":"https:\/\/aiviouvapes.com\/hu\/wp-json\/wp\/v2\/comments?post=9111"}],"version-history":[{"count":0,"href":"https:\/\/aiviouvapes.com\/hu\/wp-json\/wp\/v2\/pages\/9111\/revisions"}],"wp:attachment":[{"href":"https:\/\/aiviouvapes.com\/hu\/wp-json\/wp\/v2\/media?parent=9111"}],"curies":[{"name":"wp","href":"https:\/\/api.w.org\/{rel}","templated":true}]}}