{"id":9102,"date":"2024-08-21T10:43:42","date_gmt":"2024-08-21T10:43:42","guid":{"rendered":"https:\/\/aiviouvapes.com\/?page_id=9102"},"modified":"2024-12-18T18:35:34","modified_gmt":"2024-12-18T10:35:34","slug":"how-to-order","status":"publish","type":"page","link":"https:\/\/aiviouvapes.com\/hu\/how-to-order\/","title":{"rendered":"Hogyan kell rendelni"},"content":{"rendered":"<header class=\"entry-header text-center\">\n<h1 class=\"entry-title\">Hogyan v\u00e1s\u00e1rolhat Vapes az AIVIOU VAPES-on (k\u00e9pekkel)<\/h1>\n<\/header>\n<div class=\"entry-content\">\n<p>\u00dcdv\u00f6z\u00f6lj\u00fck az AIVIOU VAPES-n\u00e1l! K\u00f6vesse ezeket az egyszer\u0171 l\u00e9p\u00e9seket, hogy megv\u00e1s\u00e1rolja kedvenc eldobhat\u00f3 p\u00e1rol\u00f3it online \u00e1ruh\u00e1zunkb\u00f3l.<\/p>\n<h2>1. l\u00e9p\u00e9s: B\u00f6ng\u00e9sszen gy\u0171jtem\u00e9ny\u00fcnkben<\/h2>\n<ol>\n<li><strong>L\u00e1togasson el honlapunkra<\/strong>: Tov\u00e1bb a\u00a0<a href=\"https:\/\/aiviouvapes.com\/hu\/\" rel=\"noreferrer\">AIVIOUVAPES.com<\/a>.<\/li>\n<li><strong>Navig\u00e1ljon a term\u00e9kekhez<\/strong>: Kattintson a \"<a class=\"nav-top-link\" href=\"https:\/\/aiviouvapes.com\/hu\/shop\/\" aria-expanded=\"false\">SHOP<\/a>\" men\u00fc az oldal tetej\u00e9n.<a href=\"https:\/\/i0.wp.com\/aiviouvapes.com\/wp-content\/uploads\/2024\/08\/shop.jpg?ssl=1\"><img data-recalc-dims=\"1\" loading=\"lazy\" decoding=\"async\" title=\"Hogyan kell rendelni\" class=\"alignnone size-full wp-image-9276\" src=\"https:\/\/i0.wp.com\/aiviouvapes.com\/wp-content\/uploads\/2024\/08\/shop.jpg?resize=1020%2C749&#038;ssl=1\" alt=\"Hogyan kell rendelni\" width=\"1020\" height=\"749\" srcset=\"https:\/\/i0.wp.com\/aiviouvapes.com\/wp-content\/uploads\/2024\/08\/shop.jpg?w=1121&amp;ssl=1 1121w, https:\/\/i0.wp.com\/aiviouvapes.com\/wp-content\/uploads\/2024\/08\/shop.jpg?resize=300%2C220&amp;ssl=1 300w, https:\/\/i0.wp.com\/aiviouvapes.com\/wp-content\/uploads\/2024\/08\/shop.jpg?resize=1024%2C752&amp;ssl=1 1024w, https:\/\/i0.wp.com\/aiviouvapes.com\/wp-content\/uploads\/2024\/08\/shop.jpg?resize=768%2C564&amp;ssl=1 768w, https:\/\/i0.wp.com\/aiviouvapes.com\/wp-content\/uploads\/2024\/08\/shop.jpg?resize=16%2C12&amp;ssl=1 16w, https:\/\/i0.wp.com\/aiviouvapes.com\/wp-content\/uploads\/2024\/08\/shop.jpg?resize=800%2C587&amp;ssl=1 800w\" sizes=\"auto, (max-width: 1020px) 100vw, 1020px\" \/><\/a><\/li>\n<\/ol>\n<h2>2. l\u00e9p\u00e9s: V\u00e1lassza ki a Vape-j\u00e9t<\/h2>\n<ol>\n<li><strong>V\u00e1lasszon egy Vape-t<\/strong>: V\u00e1lassza ki a <b>vape<\/b> \u00e9rdekli.<\/li>\n<li><strong>Term\u00e9kek megtekint\u00e9se<\/strong>: B\u00f6ng\u00e9sszen a rendelkez\u00e9sre \u00e1ll\u00f3 term\u00e9kek k\u00f6z\u00f6tt. Kattintson a term\u00e9k k\u00e9p\u00e9re vagy c\u00edm\u00e9re a tov\u00e1bbi r\u00e9szletek megtekint\u00e9s\u00e9hez.<\/li>\n<\/ol>\n<p><a href=\"https:\/\/i0.wp.com\/aiviouvapes.com\/wp-content\/uploads\/2024\/08\/select_product.jpg?ssl=1\"><img data-recalc-dims=\"1\" loading=\"lazy\" decoding=\"async\" title=\"Hogyan kell rendelni\" class=\"alignnone size-full wp-image-9275\" src=\"https:\/\/i0.wp.com\/aiviouvapes.com\/wp-content\/uploads\/2024\/08\/select_product.jpg?resize=1020%2C426&#038;ssl=1\" alt=\"Hogyan kell rendelni\" width=\"1020\" height=\"426\" data-wp-editing=\"1\" srcset=\"https:\/\/i0.wp.com\/aiviouvapes.com\/wp-content\/uploads\/2024\/08\/select_product.jpg?w=1916&amp;ssl=1 1916w, https:\/\/i0.wp.com\/aiviouvapes.com\/wp-content\/uploads\/2024\/08\/select_product.jpg?resize=300%2C125&amp;ssl=1 300w, https:\/\/i0.wp.com\/aiviouvapes.com\/wp-content\/uploads\/2024\/08\/select_product.jpg?resize=1024%2C428&amp;ssl=1 1024w, https:\/\/i0.wp.com\/aiviouvapes.com\/wp-content\/uploads\/2024\/08\/select_product.jpg?resize=768%2C321&amp;ssl=1 768w, https:\/\/i0.wp.com\/aiviouvapes.com\/wp-content\/uploads\/2024\/08\/select_product.jpg?resize=1536%2C641&amp;ssl=1 1536w, https:\/\/i0.wp.com\/aiviouvapes.com\/wp-content\/uploads\/2024\/08\/select_product.jpg?resize=18%2C8&amp;ssl=1 18w, https:\/\/i0.wp.com\/aiviouvapes.com\/wp-content\/uploads\/2024\/08\/select_product.jpg?resize=800%2C334&amp;ssl=1 800w\" sizes=\"auto, (max-width: 1020px) 100vw, 1020px\" \/><\/a><\/p>\n<h2>3. l\u00e9p\u00e9s: V\u00e1lassza ki a term\u00e9k adatait<\/h2>\n<ol>\n<li><strong>Olvassa el a r\u00e9szleteket<\/strong>: A term\u00e9koldalon tekintse \u00e1t a le\u00edr\u00e1st, ellen\u0151rizze az \u00e1rat, \u00e9s olvassa el a v\u00e1s\u00e1rl\u00f3i v\u00e9lem\u00e9nyeket.<\/li>\n<li><strong>V\u00e1lasszon mennyis\u00e9get<\/strong>: V\u00e1lassza ki a megv\u00e1s\u00e1rolni k\u00edv\u00e1nt mennyis\u00e9get.<\/li>\n<li><strong>Hozz\u00e1ad\u00e1s a kos\u00e1rhoz<\/strong>: Kattintson a \"Kos\u00e1rba\" gombra a term\u00e9k kos\u00e1rba helyez\u00e9s\u00e9hez.<\/li>\n<\/ol>\n<p><a href=\"https:\/\/i0.wp.com\/aiviouvapes.com\/wp-content\/uploads\/2024\/08\/product_detail.png?ssl=1\"><img data-recalc-dims=\"1\" loading=\"lazy\" decoding=\"async\" title=\"Hogyan kell rendelni\" class=\"alignnone size-full wp-image-9274\" src=\"https:\/\/i0.wp.com\/aiviouvapes.com\/wp-content\/uploads\/2024\/08\/product_detail.png?resize=1020%2C619&#038;ssl=1\" alt=\"Hogyan kell rendelni\" width=\"1020\" height=\"619\" srcset=\"https:\/\/i0.wp.com\/aiviouvapes.com\/wp-content\/uploads\/2024\/08\/product_detail.png?w=1527&amp;ssl=1 1527w, https:\/\/i0.wp.com\/aiviouvapes.com\/wp-content\/uploads\/2024\/08\/product_detail.png?resize=300%2C182&amp;ssl=1 300w, https:\/\/i0.wp.com\/aiviouvapes.com\/wp-content\/uploads\/2024\/08\/product_detail.png?resize=1024%2C622&amp;ssl=1 1024w, https:\/\/i0.wp.com\/aiviouvapes.com\/wp-content\/uploads\/2024\/08\/product_detail.png?resize=768%2C466&amp;ssl=1 768w, https:\/\/i0.wp.com\/aiviouvapes.com\/wp-content\/uploads\/2024\/08\/product_detail.png?resize=18%2C12&amp;ssl=1 18w, https:\/\/i0.wp.com\/aiviouvapes.com\/wp-content\/uploads\/2024\/08\/product_detail.png?resize=800%2C486&amp;ssl=1 800w\" sizes=\"auto, (max-width: 1020px) 100vw, 1020px\" \/><\/a><\/p>\n<\/div>\n<h2>4. l\u00e9p\u00e9s: Kosar\u00e1nak \u00e1ttekint\u00e9se<\/h2>\n<ol>\n<li><strong>Kos\u00e1r megtekint\u00e9se<\/strong>: Kattintson a kos\u00e1r ikonra az oldal jobb fels\u0151 sark\u00e1ban a kos\u00e1r megtekint\u00e9s\u00e9hez.<\/li>\n<li><strong>Fel\u00fclvizsg\u00e1lati t\u00e9telek<\/strong>: Gy\u0151z\u0151dj\u00f6n meg r\u00f3la, hogy minden t\u00e9tel \u00e9s mennyis\u00e9g helyes.<\/li>\n<li><strong>Tov\u00e1bb a p\u00e9nzt\u00e1rhoz<\/strong>: Kattintson a \"Tov\u00e1bb a p\u00e9nzt\u00e1rhoz\" gombra a k\u00f6vetkez\u0151 l\u00e9p\u00e9shez.<\/li>\n<\/ol>\n<p><a href=\"https:\/\/i0.wp.com\/aiviouvapes.com\/wp-content\/uploads\/2024\/08\/cart.png?ssl=1\"><img data-recalc-dims=\"1\" loading=\"lazy\" decoding=\"async\" title=\"Hogyan kell rendelni\" class=\"alignnone size-full wp-image-9272\" src=\"https:\/\/i0.wp.com\/aiviouvapes.com\/wp-content\/uploads\/2024\/08\/cart.png?resize=1020%2C383&#038;ssl=1\" alt=\"Hogyan kell rendelni\" width=\"1020\" height=\"383\" srcset=\"https:\/\/i0.wp.com\/aiviouvapes.com\/wp-content\/uploads\/2024\/08\/cart.png?w=1768&amp;ssl=1 1768w, https:\/\/i0.wp.com\/aiviouvapes.com\/wp-content\/uploads\/2024\/08\/cart.png?resize=300%2C113&amp;ssl=1 300w, https:\/\/i0.wp.com\/aiviouvapes.com\/wp-content\/uploads\/2024\/08\/cart.png?resize=1024%2C384&amp;ssl=1 1024w, https:\/\/i0.wp.com\/aiviouvapes.com\/wp-content\/uploads\/2024\/08\/cart.png?resize=768%2C288&amp;ssl=1 768w, https:\/\/i0.wp.com\/aiviouvapes.com\/wp-content\/uploads\/2024\/08\/cart.png?resize=1536%2C576&amp;ssl=1 1536w, https:\/\/i0.wp.com\/aiviouvapes.com\/wp-content\/uploads\/2024\/08\/cart.png?resize=18%2C7&amp;ssl=1 18w, https:\/\/i0.wp.com\/aiviouvapes.com\/wp-content\/uploads\/2024\/08\/cart.png?resize=800%2C300&amp;ssl=1 800w\" sizes=\"auto, (max-width: 1020px) 100vw, 1020px\" \/><\/a><\/p>\n<h2>5. l\u00e9p\u00e9s: P\u00e9nzt\u00e1r<\/h2>\n<ol>\n<li><strong>Sz\u00e1ml\u00e1z\u00e1si adatok<\/strong>: T\u00f6ltse ki sz\u00e1ml\u00e1z\u00e1si adatait, bele\u00e9rtve a nev\u00e9t, c\u00edm\u00e9t \u00e9s el\u00e9rhet\u0151s\u00e9g\u00e9t.<\/li>\n<li><strong>Sz\u00e1ll\u00edt\u00e1si r\u00e9szletek<\/strong>: Ha elt\u00e9r a sz\u00e1ml\u00e1z\u00e1st\u00f3l, t\u00f6ltse ki a sz\u00e1ll\u00edt\u00e1si adatokat.<\/li>\n<li><strong>Fizet\u00e9si m\u00f3d<\/strong>: V\u00e1lassza ki a k\u00edv\u00e1nt fizet\u00e9si m\u00f3dot.<\/li>\n<li><strong>Rendel\u00e9s\u00e9nek fel\u00fclvizsg\u00e1lata<\/strong>: Ellen\u0151rizze k\u00e9tszer az \u00f6sszes r\u00e9szletet, bele\u00e9rtve a t\u00e9teleket, a mennyis\u00e9geket \u00e9s a teljes \u00f6sszeget.<\/li>\n<li><strong>Rendel\u00e9s lead\u00e1sa<\/strong>: Kattintson a \"Rendel\u00e9s lead\u00e1sa\" gombra a v\u00e1s\u00e1rl\u00e1s befejez\u00e9s\u00e9hez.<\/li>\n<\/ol>\n<p><a href=\"https:\/\/i0.wp.com\/aiviouvapes.com\/wp-content\/uploads\/2024\/08\/checkout.png?ssl=1\"><img data-recalc-dims=\"1\" loading=\"lazy\" decoding=\"async\" title=\"Hogyan kell rendelni\" class=\"alignnone size-full wp-image-9273\" src=\"https:\/\/i0.wp.com\/aiviouvapes.com\/wp-content\/uploads\/2024\/08\/checkout.png?resize=1020%2C638&#038;ssl=1\" alt=\"Hogyan kell rendelni\" width=\"1020\" height=\"638\" srcset=\"https:\/\/i0.wp.com\/aiviouvapes.com\/wp-content\/uploads\/2024\/08\/checkout.png?w=1328&amp;ssl=1 1328w, https:\/\/i0.wp.com\/aiviouvapes.com\/wp-content\/uploads\/2024\/08\/checkout.png?resize=300%2C188&amp;ssl=1 300w, https:\/\/i0.wp.com\/aiviouvapes.com\/wp-content\/uploads\/2024\/08\/checkout.png?resize=1024%2C640&amp;ssl=1 1024w, https:\/\/i0.wp.com\/aiviouvapes.com\/wp-content\/uploads\/2024\/08\/checkout.png?resize=768%2C480&amp;ssl=1 768w, https:\/\/i0.wp.com\/aiviouvapes.com\/wp-content\/uploads\/2024\/08\/checkout.png?resize=18%2C12&amp;ssl=1 18w, https:\/\/i0.wp.com\/aiviouvapes.com\/wp-content\/uploads\/2024\/08\/checkout.png?resize=800%2C500&amp;ssl=1 800w\" sizes=\"auto, (max-width: 1020px) 100vw, 1020px\" \/><\/a><\/p>\n<h2>6. l\u00e9p\u00e9s: Megrendel\u00e9s meger\u0151s\u00edt\u00e9se<\/h2>\n<ol>\n<li><strong>Meger\u0151s\u00edt\u0151 \u00fczenet<\/strong>: A k\u00e9perny\u0151n megjelenik a rendel\u00e9s visszaigazol\u00e1sa a rendel\u00e9ssz\u00e1mmal.<\/li>\n<li><strong>E-mail meger\u0151s\u00edt\u00e9s<\/strong>: Ellen\u0151rizze az e-mailj\u00e9t, hogy megkapja a visszaigazol\u00f3 \u00fczenetet a megrendel\u00e9s minden r\u00e9szlet\u00e9vel.<\/li>\n<\/ol>\n<div class=\"row align-middle\"  id=\"row-441973596\">\n\n\t<div id=\"col-452713696\" class=\"col small-12 large-12\"  >\n\t\t\t\t<div class=\"col-inner text-center\"  >\n\t\t\t\n\t\t\t\n<a href=\"https:\/\/aiviouvapes.com\/hu\/shop\/\" class=\"button primary is-shade is-larger box-shadow-4 box-shadow-5-hover\" style=\"border-radius:10px;\">\n\t\t<span>V\u00e1s\u00e1roljon most<\/span>\n\t<\/a>\n\n\t\t<\/div>\n\t\t\t\t\n<style>\n#col-452713696 > .col-inner {\n  padding: 20px 0px 0px 0px;\n}\n<\/style>\n\t<\/div>\n\n\t\n<\/div>","protected":false},"excerpt":{"rendered":"<p>How to Buy Vapes on AIVIOU VAPES (with Pictures) Welcome to AIVIOU VAPES! Follow these simple steps to purchase your favorite disposable vapes from our online store. Step 1: Browse Our Collection Visit our Homepage: Go to\u00a0AIVIOUVAPES.com. Navigate to Products: Click on the \u201cSHOP\u201d menu at the top of the page. Step 2: Select Your [&#8230;]\n","protected":false},"author":1,"featured_media":0,"parent":0,"menu_order":0,"comment_status":"closed","ping_status":"closed","template":"page-blank-title-center.php","meta":{"footnotes":""},"class_list":["post-9102","page","type-page","status-publish","hentry"],"jetpack_sharing_enabled":true,"_links":{"self":[{"href":"https:\/\/aiviouvapes.com\/hu\/wp-json\/wp\/v2\/pages\/9102","targetHints":{"allow":["GET"]}}],"collection":[{"href":"https:\/\/aiviouvapes.com\/hu\/wp-json\/wp\/v2\/pages"}],"about":[{"href":"https:\/\/aiviouvapes.com\/hu\/wp-json\/wp\/v2\/types\/page"}],"author":[{"embeddable":true,"href":"https:\/\/aiviouvapes.com\/hu\/wp-json\/wp\/v2\/users\/1"}],"replies":[{"embeddable":true,"href":"https:\/\/aiviouvapes.com\/hu\/wp-json\/wp\/v2\/comments?post=9102"}],"version-history":[{"count":0,"href":"https:\/\/aiviouvapes.com\/hu\/wp-json\/wp\/v2\/pages\/9102\/revisions"}],"wp:attachment":[{"href":"https:\/\/aiviouvapes.com\/hu\/wp-json\/wp\/v2\/media?parent=9102"}],"curies":[{"name":"wp","href":"https:\/\/api.w.org\/{rel}","templated":true}]}}