{"id":82334,"date":"2025-11-10T12:25:04","date_gmt":"2025-11-10T04:25:04","guid":{"rendered":"https:\/\/aiviouvapes.com\/?page_id=82334"},"modified":"2025-11-10T13:13:25","modified_gmt":"2025-11-10T05:13:25","slug":"why-waspe-40k-beats-vapsolo-super-15000-puffs","status":"publish","type":"page","link":"https:\/\/aiviouvapes.com\/hu\/why-waspe-40k-beats-vapsolo-super-15000-puffs\/","title":{"rendered":"WASPE 40K vs VapSolo Super 15000: A vil\u00e1gos friss\u00edt\u00e9s, amelyet minden pap\u00edros meg\u00e9rdemel"},"content":{"rendered":"<div id=\"tab-description\" class=\"woocommerce-Tabs-panel woocommerce-Tabs-panel--description panel entry-content active\" style=\"font-family: Arial, sans-serif; line-height: 1.6; color: #333;\" role=\"tabpanel\" aria-labelledby=\"tab-title-description\">\n<h2 style=\"color: #2c3e50; border-bottom: 2px solid #3498db; padding-bottom: 10px; margin-bottom: 20px;\">A VapSolo Super 15000 Puffot fontolgatja? Fedezze fel, mi\u00e9rt az WASPE 40K Double Flavor Twins az okosabb v\u00e1laszt\u00e1s!<\/h2>\n<p style=\"margin-bottom: 20px;\">A <strong>VapSolo Super 15000<\/strong> egy megb\u00edzhat\u00f3 eldobhat\u00f3 vape - kompakt, \u00fajrat\u00f6lthet\u0151 \u00e9s sima \u00edz\u0171. De ha igazi friss\u00edt\u00e9st szeretne a puff \u00e9lettartam, az \u00edz intenzit\u00e1sa \u00e9s az \u00e1ltal\u00e1nos el\u00e9gedetts\u00e9g ter\u00e9n, <strong>WASPE 40K dupla \u00edz\u0171 ikrek<\/strong> az egy\u00e9rtelm\u0171 gy\u0151ztes.<br \/>\nA 2\u00d7 hosszabb \u00e9lettartammal, gazdagabb g\u0151zzel \u00e9s rugalmasabb kialak\u00edt\u00e1ssal az WASPE 40K a mindennapi vape-\u00e9lm\u00e9nyt kiv\u00e9teless\u00e9 var\u00e1zsolja. Fedezz\u00fck fel, mi\u00e9rt v\u00e1ltanak vaperek ezrei az WASPE 40K-ra, mint a nagy teljes\u00edtm\u00e9ny\u0171 eldobhat\u00f3ra.<\/p>\n<h3 style=\"color: #2980b9; margin-bottom: 15px;\">Ismerd meg a j\u00e1t\u00e9kv\u00e1lt\u00f3t: WASPE 40K Dupla \u00edz\u0171 ikrek<\/h3>\n<p style=\"margin-bottom: 20px;\">A teljes\u00edtm\u00e9nyre \u00e9s \u00edzl\u00e9sre tervezett <strong>WASPE 40K<\/strong> hatalmas puff-kapacit\u00e1st, mer\u00e9sz kett\u0151s \u00edzeket, \u00e9s egy karcs\u00fa, \u00fajrat\u00f6lthet\u0151, kitart\u00e1sra tervezett kialak\u00edt\u00e1st k\u00edn\u00e1l. Szem\u00e9lyes haszn\u00e1latra \u00e9s nagykereskedelmi forgalmaz\u00e1sra egyar\u00e1nt t\u00f6k\u00e9letes, olyan vaperek sz\u00e1m\u00e1ra k\u00e9sz\u00fclt, akik t\u00f6bbet v\u00e1rnak - minden egyes h\u00faz\u00e1st\u00f3l.<\/p>\n<div style=\"display: flex; justify-content: space-around; flex-wrap: wrap; margin: 30px 0;\">\n<div style=\"border: 1px solid #ddd; border-radius: 10px; padding: 20px; text-align: center; width: 45%; box-shadow: 0 4px 8px rgba(0,0,0,0.1); margin-bottom: 20px;\">\n<h4 style=\"color: #e74c3c; margin-top: 0; margin-bottom: 10px;\">A versenyt\u00e1rs<\/h4>\n<p style=\"font-size: 1.5em; font-weight: bold; color: #34495e; margin-bottom: 10px;\"><a href=\"https:\/\/aiviouvapes.com\/hu\/termek\/vapsolo-super-15000-puffs-2-5-low-nicotine-bulk-buy-rechargeable-disposable-vapes-pen-wholesale\/\">VapSolo Super 15000 Puffs<\/a><\/p>\n<p><img data-recalc-dims=\"1\" loading=\"lazy\" decoding=\"async\" class=\"alignnone wp-image-82335\" src=\"https:\/\/i0.wp.com\/aiviouvapes.com\/wp-content\/uploads\/2025\/11\/Vapsolo-Super-15000-Puffs-.png?resize=300%2C300&#038;ssl=1\" alt=\"Vapsolo-Super-15000-Puffs-.png\" width=\"300\" height=\"300\" title=\"\" srcset=\"https:\/\/i0.wp.com\/aiviouvapes.com\/wp-content\/uploads\/2025\/11\/Vapsolo-Super-15000-Puffs-.png?w=500&amp;ssl=1 500w, https:\/\/i0.wp.com\/aiviouvapes.com\/wp-content\/uploads\/2025\/11\/Vapsolo-Super-15000-Puffs-.png?resize=300%2C300&amp;ssl=1 300w, https:\/\/i0.wp.com\/aiviouvapes.com\/wp-content\/uploads\/2025\/11\/Vapsolo-Super-15000-Puffs-.png?resize=150%2C150&amp;ssl=1 150w, https:\/\/i0.wp.com\/aiviouvapes.com\/wp-content\/uploads\/2025\/11\/Vapsolo-Super-15000-Puffs-.png?resize=12%2C12&amp;ssl=1 12w, https:\/\/i0.wp.com\/aiviouvapes.com\/wp-content\/uploads\/2025\/11\/Vapsolo-Super-15000-Puffs-.png?resize=400%2C400&amp;ssl=1 400w, https:\/\/i0.wp.com\/aiviouvapes.com\/wp-content\/uploads\/2025\/11\/Vapsolo-Super-15000-Puffs-.png?resize=100%2C100&amp;ssl=1 100w\" sizes=\"auto, (max-width: 300px) 100vw, 300px\" \/><\/p>\n<p style=\"margin-top: 10px;\">J\u00f3 l\u00e9g\u00e1raml\u00e1s \u00e9s \u00edz - de a r\u00f6videbb \u00e9lettartam \u00e9s a korl\u00e1tozott v\u00e1laszt\u00e9k m\u00e9g jav\u00edt\u00e1sra szorul.<\/p>\n<\/div>\n<div style=\"border: 1px solid #2ecc71; border-radius: 10px; padding: 20px; text-align: center; width: 45%; box-shadow: 0 4px 8px rgba(0,0,0,0.1); margin-bottom: 20px; background-color: #f0fff4;\">\n<h4 style=\"color: #27ae60; margin-top: 0; margin-bottom: 10px;\">A jobb alternat\u00edva<\/h4>\n<p style=\"font-size: 1.5em; font-weight: bold; color: #34495e; margin-bottom: 10px;\"><a style=\"color: #2980b9; text-decoration: none;\" href=\"https:\/\/aiviouvapes.com\/hu\/termek\/waspe-40k-double-flavor-twins-40000-puffs-disposable-vape-bulk-buy-wholesale\/\">WASPE 40K dupla \u00edz\u0171 ikrek<\/a><\/p>\n<p><img data-recalc-dims=\"1\" loading=\"lazy\" decoding=\"async\" class=\"alignnone wp-image-82326\" src=\"https:\/\/i0.wp.com\/aiviouvapes.com\/wp-content\/uploads\/2025\/11\/waspe-40k.png?resize=300%2C300&#038;ssl=1\" alt=\",\" width=\"300\" height=\"300\" title=\"\" srcset=\"https:\/\/i0.wp.com\/aiviouvapes.com\/wp-content\/uploads\/2025\/11\/waspe-40k.png?w=500&amp;ssl=1 500w, https:\/\/i0.wp.com\/aiviouvapes.com\/wp-content\/uploads\/2025\/11\/waspe-40k.png?resize=300%2C300&amp;ssl=1 300w, https:\/\/i0.wp.com\/aiviouvapes.com\/wp-content\/uploads\/2025\/11\/waspe-40k.png?resize=150%2C150&amp;ssl=1 150w, https:\/\/i0.wp.com\/aiviouvapes.com\/wp-content\/uploads\/2025\/11\/waspe-40k.png?resize=12%2C12&amp;ssl=1 12w, https:\/\/i0.wp.com\/aiviouvapes.com\/wp-content\/uploads\/2025\/11\/waspe-40k.png?resize=400%2C400&amp;ssl=1 400w, https:\/\/i0.wp.com\/aiviouvapes.com\/wp-content\/uploads\/2025\/11\/waspe-40k.png?resize=100%2C100&amp;ssl=1 100w\" sizes=\"auto, (max-width: 300px) 100vw, 300px\" \/><\/p>\n<p style=\"margin-top: 10px;\">K\u00e9tszeres sz\u00edv\u00e1s, kett\u0151s \u00edzes\u00edt\u00e9s\u0171 innov\u00e1ci\u00f3 \u00e9s er\u0151sebb teljes\u00edtm\u00e9ny egyetlen eleg\u00e1ns k\u00e9sz\u00fcl\u00e9kben!<\/p>\n<\/div>\n<\/div>\n<p style=\"text-align: center;\"><a href=\"https:\/\/aiviouvapes.com\/hu\/termek\/waspe-40k-double-flavor-twins-40000-puffs-disposable-vape-bulk-buy-wholesale\/\" target=\"_blank\" class=\"button primary is-primary is-medium\" rel=\"noopener\" >\n\t\t<span>\ud83d\udd25 V\u00e1s\u00e1roljon WASPE 40K most<\/span>\n\t<\/a>\n\n<h3 style=\"color: #2980b9; margin-bottom: 15px;\">WASPE 40K vs VapSolo Super 15000 - fej-fej melletti \u00f6sszehasonl\u00edt\u00e1s<\/h3>\n<p style=\"margin-bottom: 20px;\">Hasonl\u00edtsuk \u00f6ssze \u0151ket egym\u00e1s mellett, hogy l\u00e1ssuk, mi\u00e9rt az WASPE 40K egy\u00e9rtelm\u0171en az \u00e9len j\u00e1r a hossz\u00fa \u00e9lettartam, az \u00edz \u00e9s a rugalmass\u00e1g ter\u00e9n.<\/p>\n<table style=\"width: 100%; border-collapse: collapse; margin: 30px 0; box-shadow: 0 4px 8px rgba(0,0,0,0.1);\">\n<thead style=\"background-color: #3498db; color: #fff;\">\n<tr>\n<th style=\"padding: 12px; border: 1px solid #ddd;\">Jellemz\u0151<\/th>\n<th style=\"padding: 12px; border: 1px solid #ddd;\">VapSolo Super 15000<\/th>\n<th style=\"padding: 12px; border: 1px solid #ddd; background-color: #2ecc71;\">WASPE 40K Double Flavor Twins (aj\u00e1nlott)<\/th>\n<\/tr>\n<\/thead>\n<tbody>\n<tr style=\"background-color: #f9f9f9;\">\n<td style=\"padding: 12px; border: 1px solid #ddd;\">Puff sz\u00e1m<\/td>\n<td style=\"padding: 12px; border: 1px solid #ddd;\">15,000-ig<\/td>\n<td style=\"padding: 12px; border: 1px solid #ddd;\">Ak\u00e1r 40,000 (T\u00f6bb mint 2,5\u00d7 hosszabb haszn\u00e1lat!)<\/td>\n<\/tr>\n<tr>\n<td style=\"padding: 12px; border: 1px solid #ddd;\">E-folyad\u00e9k kapacit\u00e1s<\/td>\n<td style=\"padding: 12px; border: 1px solid #ddd;\">25 ml<\/td>\n<td style=\"padding: 12px; border: 1px solid #ddd;\">36 ml (hosszabb \u00fcl\u00e9sekhez)<\/td>\n<\/tr>\n<tr style=\"background-color: #f9f9f9;\">\n<td style=\"padding: 12px; border: 1px solid #ddd;\">Tekercs t\u00edpusa<\/td>\n<td style=\"padding: 12px; border: 1px solid #ddd;\">1,0 \u03a9 h\u00e1l\u00f3s tekercs<\/td>\n<td style=\"padding: 12px; border: 1px solid #ddd;\">Kett\u0151s h\u00e1l\u00f3s tekercsek (Fokozott \u00edz \u00e9s simas\u00e1g)<\/td>\n<\/tr>\n<tr>\n<td style=\"padding: 12px; border: 1px solid #ddd;\">Az akkumul\u00e1tor kapacit\u00e1sa<\/td>\n<td style=\"padding: 12px; border: 1px solid #ddd;\">650 mAh (C t\u00edpus\u00fa \u00fajrat\u00f6lthet\u0151)<\/td>\n<td style=\"padding: 12px; border: 1px solid #ddd;\">850 mAh (C t\u00edpus\u00fa gyorst\u00f6lt\u00e9s)<\/td>\n<\/tr>\n<tr style=\"background-color: #f9f9f9;\">\n<td style=\"padding: 12px; border: 1px solid #ddd;\">L\u00e9g\u00e1raml\u00e1si rendszer<\/td>\n<td style=\"padding: 12px; border: 1px solid #ddd;\">4 fokozatban \u00e1ll\u00edthat\u00f3<\/td>\n<td style=\"padding: 12px; border: 1px solid #ddd;\">Kiegyens\u00falyozott, \u00edzre \u00e9s felh\u0151re optimaliz\u00e1lt automatikus h\u00faz\u00e1si rendszer<\/td>\n<\/tr>\n<tr>\n<td style=\"padding: 12px; border: 1px solid #ddd;\">\u00cdzv\u00e1laszt\u00e1si lehet\u0151s\u00e9gek<\/td>\n<td style=\"padding: 12px; border: 1px solid #ddd;\">Egyetlen \u00edz k\u00e9sz\u00fcl\u00e9kenk\u00e9nt<\/td>\n<td style=\"padding: 12px; border: 1px solid #ddd;\">Kett\u0151s \u00edzek egy k\u00e9sz\u00fcl\u00e9kben (Azonnal v\u00e1ltson a v\u00e1ltozatoss\u00e1g kedv\u00e9\u00e9rt!)<\/td>\n<\/tr>\n<tr style=\"background-color: #f9f9f9;\">\n<td style=\"padding: 12px; border: 1px solid #ddd;\">Nikotin er\u0151ss\u00e9gek<\/td>\n<td style=\"padding: 12px; border: 1px solid #ddd;\">2%, 5%<\/td>\n<td style=\"padding: 12px; border: 1px solid #ddd;\">0%, 2%, 5% (minden be\u00e1ll\u00edt\u00e1shoz)<\/td>\n<\/tr>\n<tr>\n<td style=\"padding: 12px; border: 1px solid #ddd;\">MOQ &amp; t\u00f6meges \u00e1rk\u00e9pz\u00e9s<\/td>\n<td style=\"padding: 12px; border: 1px solid #ddd;\">1,000 db min. 6,69 \u20ac (2,000+ 6,20 \u20ac)<\/td>\n<td style=\"padding: 12px; border: 1px solid #ddd;\">10-29 db 10,67 \u20ac \u2502 30-49 \u20ac 7,73 \u2502 50-99 \u20ac 6,60 \u2502 100-199 \u20ac 6,36 \u2502 200-399 \u20ac 5,99 \u2502 400+ 5,43 \u20ac<\/td>\n<\/tr>\n<tr style=\"background-color: #f9f9f9;\">\n<td style=\"padding: 12px; border: 1px solid #ddd;\">Mi\u00e9rt v\u00e1lassza?<\/td>\n<td style=\"padding: 12px; border: 1px solid #ddd;\">J\u00f3 \u00e1r-\u00e9rt\u00e9k ar\u00e1ny a k\u00f6nny\u0171 felhaszn\u00e1l\u00f3k sz\u00e1m\u00e1ra, akiknek alapvet\u0151 teljes\u00edtm\u00e9nyre van sz\u00fcks\u00e9g\u00fck<\/td>\n<td style=\"padding: 12px; border: 1px solid #ddd;\">Hosszabb \u00e9lettartam, er\u0151sebb \u00edz, jobb \u00e1rk\u00e9pz\u00e9si rugalmass\u00e1g \u00fczletek \u00e9s nagyfelhaszn\u00e1l\u00f3k sz\u00e1m\u00e1ra<\/td>\n<\/tr>\n<\/tbody>\n<\/table>\n<h3 style=\"color: #2980b9; margin-bottom: 15px;\">Mi\u00e9rt az WASPE 40K az okosabb befektet\u00e9s?<\/h3>\n<div style=\"background-color: #eafaf1; border-left: 5px solid #2ecc71; padding: 20px; margin: 20px 0; border-radius: 5px;\">\n<ul style=\"list-style-type: none; padding: 0; margin: 0;\">\n<li style=\"margin-bottom: 10px;\">\u2705 <strong>2,5\u00d7 t\u00f6bb puffan\u00e1s eszk\u00f6z\u00f6nk\u00e9nt:<\/strong> \u00c9lvezze a 40 000 h\u00faz\u00e1s gazdag \u00edz\u00e9t \u00e1lland\u00f3 cser\u00e9k n\u00e9lk\u00fcl.<\/li>\n<li style=\"margin-bottom: 10px;\">\u2705 <strong>Kett\u0151s \u00edzes\u00edt\u0151 \u00fczemm\u00f3d:<\/strong> K\u00e9t k\u00fcl\u00f6nb\u00f6z\u0151 \u00edz egy k\u00e9sz\u00fcl\u00e9kben - b\u00e1rmikor v\u00e1lthat a friss v\u00e1ltozatoss\u00e1g \u00e9s az \u00edzek kevered\u00e9se n\u00e9lk\u00fcl.<\/li>\n<li style=\"margin-bottom: 10px;\">\u2705 <strong>Er\u0151sebb akkumul\u00e1tor \u00e9s gyorsabb t\u00f6lt\u00e9s:<\/strong> A 850 mAh kapacit\u00e1s\u00fa, C-t\u00edpus\u00fa csatlakoz\u00f3val ell\u00e1tott cella hosszabb munkameneteket \u00e9s gyors felt\u00f6lt\u00e9st tesz lehet\u0151v\u00e9.<\/li>\n<li style=\"margin-bottom: 10px;\">\u2705 <strong>Jobb \u00f6mlesztett \u00e9rt\u00e9k:<\/strong> A 10 darabt\u00f3l kezd\u0151d\u0151 rugalmas MOQ lehet\u0151v\u00e9 teszi, hogy a kis kiskeresked\u0151k \u00e9s tesztel\u0151k pr\u00e9mium nagykereskedelmi \u00e1rakat \u00e9lvezhessenek.<\/li>\n<li style=\"margin-bottom: 10px;\">\u2705 <strong>\u00cdz \u00e9s nikotin szabads\u00e1g:<\/strong> V\u00e1lassza a 0%, 2% vagy 5% nikotint - t\u00f6k\u00e9letes mind az alkalmi, mind a tapasztalt vaperek sz\u00e1m\u00e1ra.<\/li>\n<li style=\"margin-bottom: 10px;\">\u2705 <strong>Gy\u00f6ny\u00f6r\u0171 design \u00e9s \u00e9rz\u00e9s:<\/strong> Ergonomikus kivitel \u00e9s sima h\u00faz\u00e1s, amelyet a vapers vil\u00e1gszerte szeret.<\/li>\n<\/ul>\n<\/div>\n<p style=\"text-align: center;\"><a href=\"https:\/\/aiviouvapes.com\/hu\/termek\/waspe-40k-double-flavor-twins-40000-puffs-disposable-vape-bulk-buy-wholesale\/\" target=\"_blank\" class=\"button secondary is-secondary is-medium\" rel=\"noopener\" >\n\t\t<span>\ud83d\udca8 Szerezd meg az WASPE 40K nagykereskedelmi aj\u00e1nlatokat<\/span>\n\t<\/a>\n\n<h3 style=\"color: #2980b9; margin-bottom: 15px;\">K\u00f6z\u00f6s k\u00e9rd\u00e9sek kezel\u00e9se<\/h3>\n<div style=\"background-color: #f4f6f7; border-radius: 8px; padding: 20px; margin-bottom: 20px;\">\n<div style=\"margin-bottom: 15px;\">\n<h4 style=\"color: #34495e; margin: 0;\">\ud83e\udd14 \u201cAz WASPE megfelel a VapSolo \u00e1ll\u00edthat\u00f3 l\u00e9g\u00e1raml\u00e1s\u00e1nak?\u201d<\/h4>\n<p style=\"margin-top: 5px;\">Az WASPE optimaliz\u00e1lt kett\u0151s tekercsrendszere automatikusan kiegyens\u00falyozza a l\u00e9g\u00e1raml\u00e1st az ide\u00e1lis g\u0151zs\u0171r\u0171s\u00e9g \u00e9s \u00edz \u00e9rdek\u00e9ben - nincs sz\u00fcks\u00e9g k\u00e9zi be\u00e1ll\u00edt\u00e1sra.<\/p>\n<\/div>\n<div style=\"margin-bottom: 15px;\">\n<h4 style=\"color: #34495e; margin: 0;\">\ud83e\udd14 \u201cAz WASPE ugyanolyan hordozhat\u00f3 \u00e9s k\u00f6nnyen haszn\u00e1lhat\u00f3?\u201d<\/h4>\n<p style=\"margin-top: 5px;\">Abszol\u00fat! Kompakt, zsebbar\u00e1t \u00e9s \u00fajrat\u00f6lthet\u0151 Type-C-n kereszt\u00fcl, \u00edgy b\u00e1rmikor \u00fatk\u00f6zben is haszn\u00e1lhat\u00f3.<\/p>\n<\/div>\n<div>\n<h4 style=\"color: #34495e; margin: 0;\">\ud83e\udd14 \u201cMi a helyzet az \u00edzzel \u00e9s a nikotin min\u0151s\u00e9g\u00e9vel?\u201d<\/h4>\n<p style=\"margin-top: 5px;\">Az WASPE 40K h\u00edres a tiszta, kett\u0151s \u00edzvil\u00e1g\u00fa \u00f6sszet\u00e9tel\u00e9r\u0151l \u00e9s a stabil nikotinsz\u00e1ll\u00edt\u00e1sr\u00f3l, amely minden egyes h\u00faz\u00e1ssal pr\u00e9mium \u00edzprofilt biztos\u00edt.<\/p>\n<\/div>\n<\/div>\n<h3 style=\"color: #2980b9; margin-top: 40px;\">Friss\u00edtsen az WASPE 40K-ra m\u00e9g ma!<\/h3>\n<p style=\"font-size: 1.1em;\">Az WASPE 40K v\u00e1laszt\u00e1sa azt jelenti, hogy minden v\u00e1s\u00e1rl\u00e1skor hosszabb \u00fcl\u00e9seket, jobb \u00edzeket \u00e9s nagyobb \u00e9rt\u00e9ket kap. Ez nem csak egy nagyobb vape - ez egy okosabb befektet\u00e9s minden olyan vaper vagy nagykeresked\u0151 sz\u00e1m\u00e1ra, aki teljes\u00edtm\u00e9nyt \u00e9s nyeres\u00e9gess\u00e9get keres.<br \/>\nTapasztalja meg a k\u00fcl\u00f6nbs\u00e9get m\u00e9g ma!<\/p>\n<p style=\"text-align: center;\"><a href=\"https:\/\/aiviouvapes.com\/hu\/termek\/waspe-40k-double-flavor-twins-40000-puffs-disposable-vape-bulk-buy-wholesale\/\" target=\"_blank\" class=\"button primary is-primary is-medium\" rel=\"noopener\" >\n\t\t<span>\ud83c\udf1f WASPE 40K v\u00e1s\u00e1rl\u00e1s itt<\/span>\n\t<\/a>\n\n<\/div>","protected":false},"excerpt":{"rendered":"<p>Considering the VapSolo Super 15000 Puffs? Discover Why WASPE 40K Double Flavor Twins Is the Smarter Choice! The VapSolo Super 15000 is a reliable disposable vape\u2014compact, rechargeable, and smooth in flavor. But if you want a true upgrade in puff life, flavor intensity, and overall satisfaction, WASPE 40K Double Flavor Twins is the clear winner. [&#8230;]\n","protected":false},"author":2170,"featured_media":0,"parent":0,"menu_order":0,"comment_status":"closed","ping_status":"closed","template":"","meta":{"footnotes":""},"class_list":["post-82334","page","type-page","status-publish","hentry"],"jetpack_sharing_enabled":true,"_links":{"self":[{"href":"https:\/\/aiviouvapes.com\/hu\/wp-json\/wp\/v2\/pages\/82334","targetHints":{"allow":["GET"]}}],"collection":[{"href":"https:\/\/aiviouvapes.com\/hu\/wp-json\/wp\/v2\/pages"}],"about":[{"href":"https:\/\/aiviouvapes.com\/hu\/wp-json\/wp\/v2\/types\/page"}],"author":[{"embeddable":true,"href":"https:\/\/aiviouvapes.com\/hu\/wp-json\/wp\/v2\/users\/2170"}],"replies":[{"embeddable":true,"href":"https:\/\/aiviouvapes.com\/hu\/wp-json\/wp\/v2\/comments?post=82334"}],"version-history":[{"count":2,"href":"https:\/\/aiviouvapes.com\/hu\/wp-json\/wp\/v2\/pages\/82334\/revisions"}],"predecessor-version":[{"id":82337,"href":"https:\/\/aiviouvapes.com\/hu\/wp-json\/wp\/v2\/pages\/82334\/revisions\/82337"}],"wp:attachment":[{"href":"https:\/\/aiviouvapes.com\/hu\/wp-json\/wp\/v2\/media?parent=82334"}],"curies":[{"name":"wp","href":"https:\/\/api.w.org\/{rel}","templated":true}]}}