{"id":82330,"date":"2025-11-10T12:12:06","date_gmt":"2025-11-10T04:12:06","guid":{"rendered":"https:\/\/aiviouvapes.com\/?page_id=82330"},"modified":"2025-11-10T13:12:43","modified_gmt":"2025-11-10T05:12:43","slug":"why-waspe-40k-beats-vapsolo-feed-bar-shisha-15000-puffs","status":"publish","type":"page","link":"https:\/\/aiviouvapes.com\/hu\/why-waspe-40k-beats-vapsolo-feed-bar-shisha-15000-puffs\/","title":{"rendered":"A VapSolo FEED BAR Shisha r\u00f6vidre siker\u00fcl - N\u00e9zze meg, mi\u00e9rt v\u00e1ltanak az WASPE 40K-ra a vaperek \u2705"},"content":{"rendered":"<div id=\"tab-description\" class=\"woocommerce-Tabs-panel woocommerce-Tabs-panel--description panel entry-content active\" style=\"font-family: Arial, sans-serif; line-height: 1.6; color: #333;\" role=\"tabpanel\" aria-labelledby=\"tab-title-description\">\n<h2 style=\"color: #2c3e50; border-bottom: 2px solid #3498db; padding-bottom: 10px; margin-bottom: 20px;\">A VapSolo FEED BAR Shisha 15,000 Puffs? Fedezze fel, mi\u00e9rt az WASPE 40K Double Flavor Twins az okosabb v\u00e1laszt\u00e1s!<\/h2>\n<p style=\"margin-bottom: 20px;\">Meg\u00e9rtj\u00fck, hogy a VapSolo FEED BAR Shisha 15K mi\u00e9rt vonzza a figyelmet - kompakt, \u00edzletes \u00e9s k\u00e9nyelmes. Ha azonban hosszabb \u00fcl\u00e9seket, nagyobb \u00edzm\u00e9lys\u00e9get, rugalmas nikotinopci\u00f3kat \u00e9s sokkal jobb \u00e1r-\u00e9rt\u00e9k ar\u00e1nyt keresel a p\u00e9nzed\u00e9rt, itt az ideje, hogy megismerkedj a <strong>WASPE 40K dupla \u00edz\u0171 ikrek<\/strong>. Ez egy igazi el\u0151rel\u00e9p\u00e9s - k\u00e9tszer annyi sz\u00edv\u00e1s, er\u0151sebb teljes\u00edtm\u00e9ny \u00e9s kiv\u00e1l\u00f3 \u00edz, ami miatt a p\u00e1rol\u00f3k visszat\u00e9rnek. Vizsg\u00e1ljuk meg, mi\u00e9rt van \u00e9rtelme a friss\u00edt\u00e9snek.<\/p>\n<h3 style=\"color: #2980b9; margin-bottom: 15px;\">A Superior opci\u00f3 bemutat\u00e1sa: WASPE 40K dupla \u00edz\u0171 ikrek<\/h3>\n<p style=\"margin-bottom: 20px;\">Az WASPE 40K Double Flavor Twins mind az \u00edzlel\u00e9sre v\u00e1gy\u00f3knak, mind a t\u00f6meges v\u00e1s\u00e1rl\u00f3knak k\u00e9sz\u00fclt, \u00e9s egy hatalmas 36 ml-es tart\u00e1lyt, k\u00e9t h\u00e1l\u00f3s tekercset \u00e9s egy 850 mAh-s \u00fajrat\u00f6lthet\u0151 akkumul\u00e1tort kombin\u00e1l, hogy hatalmas g\u0151zt \u00e9s el\u00e9gedetts\u00e9get biztos\u00edtson egy kompakt testben. Mindegyik eszk\u00f6z lehet\u0151v\u00e9 teszi, hogy \u00e9lvezze <strong>k\u00e9t k\u00fcl\u00f6nb\u00f6z\u0151 \u00edz<\/strong>-egyedi, az eldobhat\u00f3 term\u00e9kek piac\u00e1n ritk\u00e1n l\u00e1that\u00f3, k\u00e9t tart\u00e1lyos kialak\u00edt\u00e1s.<\/p>\n<div style=\"display: flex; justify-content: space-around; flex-wrap: wrap; margin: 30px 0;\">\n<div style=\"border: 1px solid #ddd; border-radius: 10px; padding: 20px; text-align: center; width: 45%; box-shadow: 0 4px 8px rgba(0,0,0,0.1); margin-bottom: 20px;\">\n<h4 style=\"color: #e74c3c; margin-top: 0; margin-bottom: 10px;\">A versenyt\u00e1rs<\/h4>\n<p style=\"font-size: 1.4em; font-weight: bold; color: #34495e; margin-bottom: 10px;\"><a style=\"color: #2980b9;\" href=\"https:\/\/aiviouvapes.com\/hu\/termek\/vapsolo-feed-bar-shisha-15000-puffs\/\">VapSolo FEED BAR Shisha 15 000 Puff 15 000 Puffs<\/a><\/p>\n<p><img data-recalc-dims=\"1\" loading=\"lazy\" decoding=\"async\" class=\"alignnone wp-image-8827\" src=\"https:\/\/i0.wp.com\/aiviouvapes.com\/wp-content\/uploads\/2024\/08\/strawberry-kiwi-600x600-2.png?resize=300%2C300&#038;ssl=1\" alt=\"Vapsolo FEED BAR Shisha 15000 Puffs 0.5% alacsony nikotin T\u00f6meges v\u00e1s\u00e1rl\u00e1s \u00fajrat\u00f6lthet\u0151 eldobhat\u00f3 Vapes Pen nagykereskedelem\" width=\"300\" height=\"300\" title=\"\" srcset=\"https:\/\/i0.wp.com\/aiviouvapes.com\/wp-content\/uploads\/2024\/08\/strawberry-kiwi-600x600-2.png?w=600&amp;ssl=1 600w, https:\/\/i0.wp.com\/aiviouvapes.com\/wp-content\/uploads\/2024\/08\/strawberry-kiwi-600x600-2.png?resize=300%2C300&amp;ssl=1 300w, https:\/\/i0.wp.com\/aiviouvapes.com\/wp-content\/uploads\/2024\/08\/strawberry-kiwi-600x600-2.png?resize=150%2C150&amp;ssl=1 150w, https:\/\/i0.wp.com\/aiviouvapes.com\/wp-content\/uploads\/2024\/08\/strawberry-kiwi-600x600-2.png?resize=12%2C12&amp;ssl=1 12w, https:\/\/i0.wp.com\/aiviouvapes.com\/wp-content\/uploads\/2024\/08\/strawberry-kiwi-600x600-2.png?resize=100%2C100&amp;ssl=1 100w\" sizes=\"auto, (max-width: 300px) 100vw, 300px\" \/><\/p>\n<p>J\u00f3 \u00edz \u00e9s l\u00e9g\u00e1raml\u00e1s, de a korl\u00e1tozott puffsz\u00e1m \u00e9s a kevesebb testreszab\u00e1si lehet\u0151s\u00e9g miatt kev\u00e9sb\u00e9 hat\u00e9kony a rendszeres vaperek sz\u00e1m\u00e1ra.<\/p>\n<\/div>\n<div style=\"border: 1px solid #2ecc71; border-radius: 10px; padding: 20px; text-align: center; width: 45%; box-shadow: 0 4px 8px rgba(0,0,0,0.1); margin-bottom: 20px; background-color: #f0fff4;\">\n<h4 style=\"color: #27ae60; margin-top: 0; margin-bottom: 10px;\">A jobb alternat\u00edva<\/h4>\n<p style=\"font-size: 1.4em; font-weight: bold; color: #34495e; margin-bottom: 10px;\"><a style=\"color: #2980b9; text-decoration: none;\" href=\"https:\/\/aiviouvapes.com\/hu\/termek\/waspe-40k-double-flavor-twins-40000-puffs-disposable-vape-bulk-buy-wholesale\/\">WASPE 40K dupla \u00edz\u0171 ikrek<\/a><\/p>\n<p><img data-recalc-dims=\"1\" loading=\"lazy\" decoding=\"async\" class=\"alignnone wp-image-82326\" src=\"https:\/\/i0.wp.com\/aiviouvapes.com\/wp-content\/uploads\/2025\/11\/waspe-40k.png?resize=300%2C300&#038;ssl=1\" alt=\",\" width=\"300\" height=\"300\" title=\"\" srcset=\"https:\/\/i0.wp.com\/aiviouvapes.com\/wp-content\/uploads\/2025\/11\/waspe-40k.png?w=500&amp;ssl=1 500w, https:\/\/i0.wp.com\/aiviouvapes.com\/wp-content\/uploads\/2025\/11\/waspe-40k.png?resize=300%2C300&amp;ssl=1 300w, https:\/\/i0.wp.com\/aiviouvapes.com\/wp-content\/uploads\/2025\/11\/waspe-40k.png?resize=150%2C150&amp;ssl=1 150w, https:\/\/i0.wp.com\/aiviouvapes.com\/wp-content\/uploads\/2025\/11\/waspe-40k.png?resize=12%2C12&amp;ssl=1 12w, https:\/\/i0.wp.com\/aiviouvapes.com\/wp-content\/uploads\/2025\/11\/waspe-40k.png?resize=400%2C400&amp;ssl=1 400w, https:\/\/i0.wp.com\/aiviouvapes.com\/wp-content\/uploads\/2025\/11\/waspe-40k.png?resize=100%2C100&amp;ssl=1 100w\" sizes=\"auto, (max-width: 300px) 100vw, 300px\" \/><\/p>\n<p>K\u00e9tszer annyi sz\u00edv\u00e1s, kett\u0151s h\u00e1l\u00f3s tekercsek, kett\u0151s \u00edzek \u00e9s er\u0151sebb akkumul\u00e1tor \u00e9lettartam - t\u00f6k\u00e9letes a pr\u00e9mium felhaszn\u00e1l\u00f3k vagy a teljes\u00edtm\u00e9nyt \u00e9s profitot keres\u0151 kiskeresked\u0151k sz\u00e1m\u00e1ra.<\/p>\n<\/div>\n<\/div>\n<p style=\"text-align: center;\"><a href=\"https:\/\/aiviouvapes.com\/hu\/termek\/waspe-40k-double-flavor-twins-40000-puffs-disposable-vape-bulk-buy-wholesale\/\" target=\"_blank\" class=\"button primary is-primary is-medium\" rel=\"noopener\" >\n\t\t<span>\ud83d\udd25 V\u00e1s\u00e1roljon WASPE 40K most<\/span>\n\t<\/a>\n\n<h3 style=\"color: #2980b9; margin-bottom: 15px;\">Egym\u00e1s melletti \u00f6sszehasonl\u00edt\u00e1s<\/h3>\n<p style=\"margin-bottom: 20px;\">Az WASPE 40K minden f\u0151bb kateg\u00f3ri\u00e1ban - a kapacit\u00e1st\u00f3l \u00e9s a teljes\u00edtm\u00e9nyt\u0151l az \u00e1rk\u00e9pz\u00e9s rugalmass\u00e1g\u00e1ig - egy\u00e9rtelm\u0171en fel\u00fclm\u00falja a VapSolo FEED BAR 15K-t.<\/p>\n<table style=\"width: 100%; border-collapse: collapse; margin: 30px 0; box-shadow: 0 4px 8px rgba(0,0,0,0.1);\">\n<thead style=\"background-color: #3498db; color: white;\">\n<tr>\n<th style=\"padding: 12px; border: 1px solid #ddd;\">Jellemz\u0151<\/th>\n<th style=\"padding: 12px; border: 1px solid #ddd;\">VapSolo FEED BAR 15 000<\/th>\n<th style=\"padding: 12px; border: 1px solid #ddd; background-color: #2ecc71;\">WASPE 40K Double Flavor Twins (aj\u00e1nlott)<\/th>\n<\/tr>\n<\/thead>\n<tbody>\n<tr style=\"background-color: #f9f9f9;\">\n<td style=\"padding: 12px; border: 1px solid #ddd;\">Puff sz\u00e1m<\/td>\n<td style=\"padding: 12px; border: 1px solid #ddd;\">15 000 puffan\u00e1s<\/td>\n<td style=\"padding: 12px; border: 1px solid #ddd;\">40 000 slukk (2,6\u00d7 hosszabb haszn\u00e1lat)<\/td>\n<\/tr>\n<tr>\n<td style=\"padding: 12px; border: 1px solid #ddd;\">E-folyad\u00e9k kapacit\u00e1s<\/td>\n<td style=\"padding: 12px; border: 1px solid #ddd;\">25 ml<\/td>\n<td style=\"padding: 12px; border: 1px solid #ddd;\">36 ml (40 % nagyobb tart\u00e1ly)<\/td>\n<\/tr>\n<tr style=\"background-color: #f9f9f9;\">\n<td style=\"padding: 12px; border: 1px solid #ddd;\">Tekercs t\u00edpusa<\/td>\n<td style=\"padding: 12px; border: 1px solid #ddd;\">0,6 \u03a9 szemb\u0151s\u00e9g\u0171 tekercs<\/td>\n<td style=\"padding: 12px; border: 1px solid #ddd;\">Kett\u0151s 0,6 \u03a9 h\u00e1l\u00f3s tekercsek a gazdagabb \u00edz\u00e9rt<\/td>\n<\/tr>\n<tr>\n<td style=\"padding: 12px; border: 1px solid #ddd;\">Akkumul\u00e1tor<\/td>\n<td style=\"padding: 12px; border: 1px solid #ddd;\">650 mAh (C-t\u00edpus\u00fa)<\/td>\n<td style=\"padding: 12px; border: 1px solid #ddd;\">850 mAh (Type-C) a hosszabb \u00fczemid\u0151 \u00e9rdek\u00e9ben<\/td>\n<\/tr>\n<tr style=\"background-color: #f9f9f9;\">\n<td style=\"padding: 12px; border: 1px solid #ddd;\">\u00cdzes\u00edt\u0151 rendszer<\/td>\n<td style=\"padding: 12px; border: 1px solid #ddd;\">Egyetlen \u00edz<\/td>\n<td style=\"padding: 12px; border: 1px solid #ddd;\">Kett\u0151s \u00edzek kapcsolhat\u00f3k (2 az 1-ben)<\/td>\n<\/tr>\n<tr>\n<td style=\"padding: 12px; border: 1px solid #ddd;\">Nikotin lehet\u0151s\u00e9gek<\/td>\n<td style=\"padding: 12px; border: 1px solid #ddd;\">2 %, 5 %<\/td>\n<td style=\"padding: 12px; border: 1px solid #ddd;\">0 %, 2 %, 5 % (rugalmas szil\u00e1rds\u00e1g)<\/td>\n<\/tr>\n<tr style=\"background-color: #f9f9f9;\">\n<td style=\"padding: 12px; border: 1px solid #ddd;\">T\u00f6meges \u00e1rk\u00e9pz\u00e9s (egys\u00e9genk\u00e9nt)<\/td>\n<td style=\"padding: 12px; border: 1px solid #ddd;\">1 000 db \u2192 6,80 \u20ac<br \/>\n2 000 db \u2192 6,78 \u20ac<\/td>\n<td style=\"padding: 12px; border: 1px solid #ddd;\">10-29 db \u2192 10,67 \u20ac<br \/>\n30-49 db \u2192 7,73 \u20ac<br \/>\n50-99 db \u2192 6,60 \u20ac<br \/>\n100-199 \u2192 \u20ac6.36<br \/>\n200-399 \u2192 \u20ac5.99<br \/>\n400+ \u2192 \u20ac5.43<\/td>\n<\/tr>\n<tr>\n<td style=\"padding: 12px; border: 1px solid #ddd;\">MOQ<\/td>\n<td style=\"padding: 12px; border: 1px solid #ddd;\">1 000 db (minimum t\u00f6meges rendel\u00e9s)<\/td>\n<td style=\"padding: 12px; border: 1px solid #ddd;\">csak 10 db (ide\u00e1lis teszt t\u00e9telek vagy kis \u00fczletek sz\u00e1m\u00e1ra)<\/td>\n<\/tr>\n<tr style=\"background-color: #f9f9f9;\">\n<td style=\"padding: 12px; border: 1px solid #ddd;\">Mi\u00e9rt v\u00e1lassza?<\/td>\n<td style=\"padding: 12px; border: 1px solid #ddd;\">Tisztess\u00e9ges kezd\u0151 modell korl\u00e1tozott haszn\u00e1latra.<\/td>\n<td style=\"padding: 12px; border: 1px solid #ddd;\">Kiv\u00e1l\u00f3 teljes\u00edtm\u00e9ny \u00e9s \u00e9rt\u00e9k mind a kiskereskedelmi, mind a szem\u00e9lyes p\u00e1rol\u00f3k sz\u00e1m\u00e1ra.<\/td>\n<\/tr>\n<\/tbody>\n<\/table>\n<h3 style=\"color: #2980b9; margin-bottom: 15px;\">Az WASPE el\u0151nye \ud83d\ude80<\/h3>\n<div style=\"background-color: #eafaf1; border-left: 5px solid #2ecc71; padding: 20px; margin: 20px 0; border-radius: 5px;\">\n<ul style=\"list-style: none; padding: 0; margin: 0;\">\n<li style=\"margin-bottom: 10px;\">\u2705 <strong>2,6\u00d7 T\u00f6bb puffan\u00e1s:<\/strong> \u00c9lvezze a 40 000 sz\u00edv\u00e1st a 15 000-rel szemben - kevesebb gyakori cser\u00e9t \u00e9s nagyobb megtakar\u00edt\u00e1st eszk\u00f6z\u00f6nk\u00e9nt.<\/li>\n<li style=\"margin-bottom: 10px;\">\u2705 <strong>Kett\u0151s \u00edzrendszer:<\/strong> K\u00e9t \u00edz egy k\u00e9sz\u00fcl\u00e9kben friss \u00e9s v\u00e1ltozatos \u00edzvil\u00e1got biztos\u00edt.<\/li>\n<li style=\"margin-bottom: 10px;\">\u2705 <strong>Nagyobb tart\u00e1ly \u00e9s akkumul\u00e1tor:<\/strong> A 36 ml e-folyad\u00e9k \u00e9s a 850 mAh-s akkumul\u00e1tor t\u00fal\u00e9l \u00e9s fel\u00fclm\u00falja a VapSolo FEED BAR maratoni munkamenetekhez sz\u00fcks\u00e9ges teljes\u00edtm\u00e9ny\u00e9t.<\/li>\n<li style=\"margin-bottom: 10px;\">\u2705 <strong>Rugalmas nikotinszintek:<\/strong> V\u00e1lasszon 0 %, 2 % vagy 5 % er\u0151ss\u00e9get, hogy b\u00e1rmilyen piacnak vagy preferenci\u00e1nak megfeleljen.<\/li>\n<li style=\"margin-bottom: 10px;\">\u2705 <strong>Alacsony MOQ \u00e9s nagykereskedelmi \u00e1rk\u00e9pz\u00e9s:<\/strong> M\u00e1r 10 darabt\u00f3l kezd\u0151dik - t\u00f6k\u00e9letes tesztel\u00e9shez vagy kiskereskedelemhez. A magasabb szinteken a nagykereskedelmi kedvezm\u00e9nyek darabonk\u00e9nt 5,43 eur\u00f3ra cs\u00f6kkennek.<\/li>\n<li>\u2705 <strong>\u00c9l\u00e9nk \u00edzv\u00e1laszt\u00e9k:<\/strong> T\u00f6bb mint 15 kett\u0151s kombin\u00e1ci\u00f3, mint p\u00e9ld\u00e1ul \ud83c\udf49 g\u00f6r\u00f6gdinnye j\u00e9g \u00e9s citromos lime vagy \ud83c\udf53 eper mang\u00f3 \u00e9s Red Bull j\u00e9g.<\/li>\n<\/ul>\n<\/div>\n<p style=\"text-align: center;\"><a href=\"https:\/\/aiviouvapes.com\/hu\/termek\/waspe-40k-double-flavor-twins-40000-puffs-disposable-vape-bulk-buy-wholesale\/\" target=\"_blank\" class=\"button secondary is-secondary is-medium\" rel=\"noopener\" >\n\t\t<span>\ud83d\udca8 Get WASPE 40K nagykereskedelem most<\/span>\n\t<\/a>\n\n<h3 style=\"color: #2980b9; margin-bottom: 15px;\">K\u00f6z\u00f6s k\u00e9rd\u00e9sek kezel\u00e9se<\/h3>\n<div style=\"background-color: #f4f6f7; border-radius: 8px; padding: 20px; margin-bottom: 20px;\">\n<div style=\"margin-bottom: 15px;\">\n<h4 style=\"color: #34495e; margin: 0;\">\ud83e\udd14 \u201cAz WASPE olyan hordozhat\u00f3, mint a FEED BAR?\u201d<\/h4>\n<p style=\"margin-top: 5px;\">Abszol\u00fat. Az WASPE 40K az akkumul\u00e1tor \u00e9s a tart\u00e1ly miatt kiss\u00e9 nagyobb, de tov\u00e1bbra is k\u00e9zre\u00e1ll\u00f3 \u00e9s k\u00f6nny\u0171 a mindennapi haszn\u00e1lathoz.<\/p>\n<\/div>\n<div style=\"margin-bottom: 15px;\">\n<h4 style=\"color: #34495e; margin: 0;\">\ud83e\udd14 \u201cMi a helyzet az \u00edz intenzit\u00e1s\u00e1val?\u201d<\/h4>\n<p style=\"margin-top: 5px;\">A kett\u0151s h\u00e1l\u00f3s tekercsek er\u0151sebb, tiszt\u00e1bb \u00edzt biztos\u00edtanak, kevesebb \u00e9g\u00e9ssel \u00e9s jobb konzisztenci\u00e1val, mint a VapSolo egytekercses be\u00e1ll\u00edt\u00e1sa.<\/p>\n<\/div>\n<div>\n<h4 style=\"color: #34495e; margin: 0;\">\ud83e\udd14 \u201c\u00c9rdemes megvenni kiskereskedelmi vagy tesztel\u00e9sre?\u201d<\/h4>\n<p style=\"margin-top: 5px;\">Igen - 1 000 darab helyett 10 darabr\u00f3l indulhat, \u00edgy a nagybev\u00e1s\u00e1rl\u00e1s el\u0151tt tesztelheti az elad\u00e1st vagy a mint\u00e1t. Alacsony kock\u00e1zat, magas \u00e1rr\u00e9s.<\/p>\n<\/div>\n<\/div>\n<h3 style=\"color: #2980b9; margin-top: 40px; margin-bottom: 15px;\">Friss\u00edt\u00e9s ma \ud83d\ude80<\/h3>\n<p style=\"font-size: 1.1em;\">V\u00e1ltson a VapSolo FEED BAR 15K-r\u00f3l az WASPE 40K-ra a h\u00e1romszoros teljes\u00edtm\u00e9ny\u00e9rt \u00e9s \u00e9rt\u00e9k\u00e9rt. Ak\u00e1r bolt tulajdonos vagy komoly vaper, ez az a friss\u00edt\u00e9s, amit nem fog megb\u00e1nni - t\u00f6bb puff, jobb \u00edz, okosabb befektet\u00e9s.<\/p>\n<p style=\"text-align: center;\"><a href=\"https:\/\/aiviouvapes.com\/hu\/termek\/waspe-40k-double-flavor-twins-40000-puffs-disposable-vape-bulk-buy-wholesale\/\" target=\"_blank\" class=\"button primary is-primary is-medium\" rel=\"noopener\" >\n\t\t<span>\ud83d\udc51 Fedezd fel az WASPE 40K-t most<\/span>\n\t<\/a>\n\n<\/div>","protected":false},"excerpt":{"rendered":"<p>Considering the VapSolo FEED BAR Shisha 15,000 Puffs? Discover Why WASPE 40K Double Flavor Twins Is the Smarter Choice! We understand why the VapSolo FEED BAR Shisha 15K attracts attention\u2014it\u2019s compact, flavorful, and convenient. However, if you\u2019re looking for longer sessions, more flavor depth, flexible nicotine options, and far better value for your money, it\u2019s [&#8230;]\n","protected":false},"author":2170,"featured_media":0,"parent":0,"menu_order":0,"comment_status":"closed","ping_status":"closed","template":"","meta":{"footnotes":""},"class_list":["post-82330","page","type-page","status-publish","hentry"],"jetpack_sharing_enabled":true,"_links":{"self":[{"href":"https:\/\/aiviouvapes.com\/hu\/wp-json\/wp\/v2\/pages\/82330","targetHints":{"allow":["GET"]}}],"collection":[{"href":"https:\/\/aiviouvapes.com\/hu\/wp-json\/wp\/v2\/pages"}],"about":[{"href":"https:\/\/aiviouvapes.com\/hu\/wp-json\/wp\/v2\/types\/page"}],"author":[{"embeddable":true,"href":"https:\/\/aiviouvapes.com\/hu\/wp-json\/wp\/v2\/users\/2170"}],"replies":[{"embeddable":true,"href":"https:\/\/aiviouvapes.com\/hu\/wp-json\/wp\/v2\/comments?post=82330"}],"version-history":[{"count":2,"href":"https:\/\/aiviouvapes.com\/hu\/wp-json\/wp\/v2\/pages\/82330\/revisions"}],"predecessor-version":[{"id":82351,"href":"https:\/\/aiviouvapes.com\/hu\/wp-json\/wp\/v2\/pages\/82330\/revisions\/82351"}],"wp:attachment":[{"href":"https:\/\/aiviouvapes.com\/hu\/wp-json\/wp\/v2\/media?parent=82330"}],"curies":[{"name":"wp","href":"https:\/\/api.w.org\/{rel}","templated":true}]}}