{"id":82324,"date":"2025-11-10T11:55:47","date_gmt":"2025-11-10T03:55:47","guid":{"rendered":"https:\/\/aiviouvapes.com\/?page_id=82324"},"modified":"2025-11-10T13:12:04","modified_gmt":"2025-11-10T05:12:04","slug":"why-waspe-40k-beats-vapsolo-dg18000-puffs","status":"publish","type":"page","link":"https:\/\/aiviouvapes.com\/hu\/why-waspe-40k-beats-vapsolo-dg18000-puffs\/","title":{"rendered":"A VapSolo DG18000 elmarad - N\u00e9zze meg, mi\u00e9rt v\u00e1ltanak az WASPE 40K-ra a vaperek"},"content":{"rendered":"<div id=\"tab-description\" class=\"woocommerce-Tabs-panel woocommerce-Tabs-panel--description panel entry-content active\" style=\"font-family: Arial, sans-serif; line-height: 1.6; color: #333;\" role=\"tabpanel\" aria-labelledby=\"tab-title-description\">\n<h2 style=\"color: #2c3e50; border-bottom: 2px solid #3498db; padding-bottom: 10px; margin-bottom: 20px;\">A VapSolo DG18000-en gondolkodik? N\u00e9zze meg, mi\u00e9rt az WASPE 40K Double Flavor Twins az okosabb friss\u00edt\u00e9s!<\/h2>\n<p style=\"margin-bottom: 20px;\">A VapSolo DG18000 egy szil\u00e1rd eldobhat\u00f3 vape, amely sima tal\u00e1latokr\u00f3l \u00e9s j\u00f3 g\u0151zmin\u0151s\u00e9g\u00e9r\u0151l ismert. De ha valami olyat keres, ami tov\u00e1bb tart, jobb az \u00edze, \u00e9s t\u00f6bb \u00e9rt\u00e9ket k\u00edn\u00e1l puffonk\u00e9nt, akkor itt az ideje, hogy tal\u00e1lkozzon a <strong>WASPE 40K dupla \u00edz\u0171 ikrek<\/strong>-az \u00faj m\u00e9rce a hosszan tart\u00f3, kett\u0151s \u00edzvil\u00e1g\u00fa teljes\u00edtm\u00e9ny ter\u00e9n. Vegy\u00fck sorra, hogy az WASPE 40K-ra val\u00f3 friss\u00edt\u00e9s mi\u00e9rt nem jelent probl\u00e9m\u00e1t az okos vaperek sz\u00e1m\u00e1ra.<\/p>\n<h3 style=\"color: #2980b9; margin-bottom: 15px;\">Ismerje meg a kiv\u00e1l\u00f3 v\u00e1laszt\u00e1st: WASPE 40K Double Flavor Twins<\/h3>\n<p style=\"margin-bottom: 20px;\">A <strong>WASPE 40K<\/strong> nem csak egy \u00fajabb eldobhat\u00f3 k\u00e9sz\u00fcl\u00e9k - ez egy k\u00f6vetkez\u0151 szint\u0171 eszk\u00f6z, amelyet a kitart\u00e1sra, az \u00edzl\u00e9sre \u00e9s a v\u00e1laszt\u00e1s szabads\u00e1g\u00e1ra terveztek. A k\u00e9tszeres puffsz\u00e1mmal, gazdagabb \u00edzekkel \u00e9s rugalmas nikotinopci\u00f3kkal (0%, 2%, 5%) pr\u00e9mium min\u0151s\u00e9g\u0171 p\u00e1rol\u00e1si \u00e9lm\u00e9nyt ny\u00fajt, ak\u00e1r kiskeresked\u0151, ak\u00e1r egy\u00e9ni felhaszn\u00e1l\u00f3.<\/p>\n<div style=\"display: flex; justify-content: space-around; flex-wrap: wrap; margin: 30px 0;\">\n<div style=\"border: 1px solid #ddd; border-radius: 10px; padding: 20px; text-align: center; width: 45%; box-shadow: 0 4px 8px rgba(0,0,0,0.1); margin-bottom: 20px;\">\n<h4 style=\"color: #e74c3c; margin-top: 0; margin-bottom: 10px;\">A versenyt\u00e1rs<\/h4>\n<p style=\"font-size: 1.5em; font-weight: bold; color: #34495e; margin-bottom: 10px;\"><a href=\"https:\/\/aiviouvapes.com\/hu\/termek\/vapsolo-dg18000-puffs-2-5-low-nicotine-bulk-buy-rechargeable-disposable-vapes-pen-wholesal\/\">VapSolo DG18000<\/a><\/p>\n<p><img data-recalc-dims=\"1\" loading=\"lazy\" decoding=\"async\" class=\"alignnone wp-image-8724\" src=\"https:\/\/i0.wp.com\/aiviouvapes.com\/wp-content\/uploads\/2024\/08\/DG18000-prime-strawberry-watermelon-600x600-1.png?resize=300%2C300&#038;ssl=1\" alt=\"Vapsolo DG18000 Puffok 2% 5% Alacsony nikotintartalm\u00fa T\u00f6meges V\u00e1s\u00e1rl\u00e1s \u00dajrat\u00f6lthet\u0151 Eldobhat\u00f3 Vapes Pen nagykeresked\u00e9s\" width=\"300\" height=\"300\" title=\"\" srcset=\"https:\/\/i0.wp.com\/aiviouvapes.com\/wp-content\/uploads\/2024\/08\/DG18000-prime-strawberry-watermelon-600x600-1.png?w=600&amp;ssl=1 600w, https:\/\/i0.wp.com\/aiviouvapes.com\/wp-content\/uploads\/2024\/08\/DG18000-prime-strawberry-watermelon-600x600-1.png?resize=300%2C300&amp;ssl=1 300w, https:\/\/i0.wp.com\/aiviouvapes.com\/wp-content\/uploads\/2024\/08\/DG18000-prime-strawberry-watermelon-600x600-1.png?resize=150%2C150&amp;ssl=1 150w, https:\/\/i0.wp.com\/aiviouvapes.com\/wp-content\/uploads\/2024\/08\/DG18000-prime-strawberry-watermelon-600x600-1.png?resize=12%2C12&amp;ssl=1 12w, https:\/\/i0.wp.com\/aiviouvapes.com\/wp-content\/uploads\/2024\/08\/DG18000-prime-strawberry-watermelon-600x600-1.png?resize=100%2C100&amp;ssl=1 100w\" sizes=\"auto, (max-width: 300px) 100vw, 300px\" \/><\/p>\n<p>18 000 puffot k\u00edn\u00e1l tisztess\u00e9ges teljes\u00edtm\u00e9ny mellett, de a korl\u00e1tozott kapacit\u00e1s \u00e9s \u00edzv\u00e1laszt\u00e9k visszatartja a nagys\u00e1gt\u00f3l.<\/p>\n<\/div>\n<div style=\"border: 1px solid #2ecc71; border-radius: 10px; padding: 20px; text-align: center; width: 45%; box-shadow: 0 4px 8px rgba(0,0,0,0.1); margin-bottom: 20px; background-color: #f0fff4;\">\n<h4 style=\"color: #27ae60; margin-top: 0; margin-bottom: 10px;\">A jobb alternat\u00edva<\/h4>\n<p style=\"font-size: 1.5em; font-weight: bold; color: #34495e; margin-bottom: 10px;\"><a style=\"color: #2980b9; text-decoration: none;\" href=\"https:\/\/aiviouvapes.com\/hu\/termek\/waspe-40k-double-flavor-twins-40000-puffs-disposable-vape-bulk-buy-wholesale\/\">WASPE 40K dupla \u00edz\u0171 ikrek<\/a><\/p>\n<p><img data-recalc-dims=\"1\" loading=\"lazy\" decoding=\"async\" class=\"alignnone wp-image-82326\" src=\"https:\/\/i0.wp.com\/aiviouvapes.com\/wp-content\/uploads\/2025\/11\/waspe-40k.png?resize=300%2C300&#038;ssl=1\" alt=\",\" width=\"300\" height=\"300\" title=\"\" srcset=\"https:\/\/i0.wp.com\/aiviouvapes.com\/wp-content\/uploads\/2025\/11\/waspe-40k.png?w=500&amp;ssl=1 500w, https:\/\/i0.wp.com\/aiviouvapes.com\/wp-content\/uploads\/2025\/11\/waspe-40k.png?resize=300%2C300&amp;ssl=1 300w, https:\/\/i0.wp.com\/aiviouvapes.com\/wp-content\/uploads\/2025\/11\/waspe-40k.png?resize=150%2C150&amp;ssl=1 150w, https:\/\/i0.wp.com\/aiviouvapes.com\/wp-content\/uploads\/2025\/11\/waspe-40k.png?resize=12%2C12&amp;ssl=1 12w, https:\/\/i0.wp.com\/aiviouvapes.com\/wp-content\/uploads\/2025\/11\/waspe-40k.png?resize=400%2C400&amp;ssl=1 400w, https:\/\/i0.wp.com\/aiviouvapes.com\/wp-content\/uploads\/2025\/11\/waspe-40k.png?resize=100%2C100&amp;ssl=1 100w\" sizes=\"auto, (max-width: 300px) 100vw, 300px\" \/><\/p>\n<p>Ak\u00e1r 40 000 slukkot, k\u00e9t \u00edzes\u00edt\u0151 tart\u00e1lyt, kett\u0151s h\u00e1l\u00f3s tekercset \u00e9s \u00e1ll\u00edthat\u00f3 nikotinszintet biztos\u00edt - mindezt egyetlen st\u00edlusos, kompakt k\u00e9sz\u00fcl\u00e9kben.<\/p>\n<\/div>\n<\/div>\n<p style=\"text-align: center;\"><a href=\"https:\/\/aiviouvapes.com\/hu\/termek\/waspe-40k-double-flavor-twins-40000-puffs-disposable-vape-bulk-buy-wholesale\/\" target=\"_blank\" class=\"button primary is-primary is-medium\" rel=\"noopener\" >\n\t\t<span>\ud83d\udd25 Fedezd fel az WASPE 40K-t most<\/span>\n\t<\/a>\n\n<h3 style=\"color: #2980b9; margin-bottom: 15px;\">Egym\u00e1s melletti \u00f6sszehasonl\u00edt\u00e1s<\/h3>\n<p style=\"margin-bottom: 20px;\">\u00cdme egy vil\u00e1gos pillant\u00e1s arra, hogy az WASPE 40K minden f\u0151bb kateg\u00f3ri\u00e1ban - a puffokt\u00f3l a teljes\u00edtm\u00e9nyen \u00e1t az \u00e1rig - hogyan m\u00falja fel\u00fcl a VapSolo DG18000-t.<\/p>\n<table style=\"width: 100%; border-collapse: collapse; margin: 30px 0; box-shadow: 0 4px 8px rgba(0,0,0,0.1);\">\n<thead style=\"background-color: #3498db; color: white;\">\n<tr>\n<th style=\"padding: 12px; border: 1px solid #ddd;\">Jellemz\u0151<\/th>\n<th style=\"padding: 12px; border: 1px solid #ddd;\">VapSolo DG18000<\/th>\n<th style=\"padding: 12px; border: 1px solid #ddd; background-color: #2ecc71;\">WASPE 40K dupla \u00edz\u0171 ikrek<\/th>\n<\/tr>\n<\/thead>\n<tbody>\n<tr style=\"background-color: #f9f9f9;\">\n<td style=\"padding: 12px; border: 1px solid #ddd;\">Puff sz\u00e1m<\/td>\n<td style=\"padding: 12px; border: 1px solid #ddd;\">18,000<\/td>\n<td style=\"padding: 12px; border: 1px solid #ddd;\">40,000 (T\u00f6bb mint 2\u00d7 hosszabb \u00e9lettartam\u00fa!)<\/td>\n<\/tr>\n<tr>\n<td style=\"padding: 12px; border: 1px solid #ddd;\">E-folyad\u00e9k kapacit\u00e1s<\/td>\n<td style=\"padding: 12px; border: 1px solid #ddd;\">28 ml<\/td>\n<td style=\"padding: 12px; border: 1px solid #ddd;\">36 ml (T\u00f6bb l\u00e9, t\u00f6bb el\u00e9gedetts\u00e9g)<\/td>\n<\/tr>\n<tr style=\"background-color: #f9f9f9;\">\n<td style=\"padding: 12px; border: 1px solid #ddd;\">Tekercs t\u00edpusa<\/td>\n<td style=\"padding: 12px; border: 1px solid #ddd;\">0.9\u03a9 egyszem\u0171 h\u00e1l\u00f3<\/td>\n<td style=\"padding: 12px; border: 1px solid #ddd;\">Kett\u0151s h\u00e1l\u00f3s tekercsek (Fokozott g\u0151z \u00e9s \u00edz)<\/td>\n<\/tr>\n<tr>\n<td style=\"padding: 12px; border: 1px solid #ddd;\">Akkumul\u00e1tor<\/td>\n<td style=\"padding: 12px; border: 1px solid #ddd;\">650mAh \u00fajrat\u00f6lthet\u0151 (Type-C)<\/td>\n<td style=\"padding: 12px; border: 1px solid #ddd;\">850mAh \u00fajrat\u00f6lthet\u0151 (Type-C, gyorsabb t\u00f6lt\u00e9s)<\/td>\n<\/tr>\n<tr style=\"background-color: #f9f9f9;\">\n<td style=\"padding: 12px; border: 1px solid #ddd;\">\u00cdzv\u00e1laszt\u00e1si lehet\u0151s\u00e9gek<\/td>\n<td style=\"padding: 12px; border: 1px solid #ddd;\">Egyetlen \u00edz<\/td>\n<td style=\"padding: 12px; border: 1px solid #ddd;\">Kett\u0151s \u00edzek eszk\u00f6z\u00f6nk\u00e9nt (b\u00e1rmikor v\u00e1lthat!)<\/td>\n<\/tr>\n<tr>\n<td style=\"padding: 12px; border: 1px solid #ddd;\">Nikotin lehet\u0151s\u00e9gek<\/td>\n<td style=\"padding: 12px; border: 1px solid #ddd;\">2%, 5%<\/td>\n<td style=\"padding: 12px; border: 1px solid #ddd;\">0%, 2%, 5% (egy\u00e9ni \u00edzl\u00e9s szerint)<\/td>\n<\/tr>\n<tr style=\"background-color: #f9f9f9;\">\n<td style=\"padding: 12px; border: 1px solid #ddd;\">Minim\u00e1lis rendel\u00e9s<\/td>\n<td style=\"padding: 12px; border: 1px solid #ddd;\">minimum 1,000 darab<\/td>\n<td style=\"padding: 12px; border: 1px solid #ddd;\">Alacsony MOQ - csak 10 darab a kezd\u00e9shez!<\/td>\n<\/tr>\n<tr>\n<td style=\"padding: 12px; border: 1px solid #ddd;\">T\u00f6meg\u00e1r (400+ darab)<\/td>\n<td style=\"padding: 12px; border: 1px solid #ddd;\">\u20ac6.50-\u20ac6.99<\/td>\n<td style=\"padding: 12px; border: 1px solid #ddd;\">\u20ac5.43 (jobb \u00e1r-\u00e9rt\u00e9k ar\u00e1ny, kisebb MOQ)<\/td>\n<\/tr>\n<tr style=\"background-color: #f9f9f9;\">\n<td style=\"padding: 12px; border: 1px solid #ddd;\">Mi\u00e9rt v\u00e1lassza?<\/td>\n<td style=\"padding: 12px; border: 1px solid #ddd;\">J\u00f3 r\u00f6vid t\u00e1v\u00fa haszn\u00e1latra \u00e9s k\u00f6vetkezetes g\u0151z\u00f6l\u00e9sre.<\/td>\n<td style=\"padding: 12px; border: 1px solid #ddd;\">P\u00e1ratlan hossz\u00fa \u00e9lettartam, \u00edz \u00e9s rugalmass\u00e1g.<\/td>\n<\/tr>\n<\/tbody>\n<\/table>\n<h3 style=\"color: #2980b9; margin-bottom: 15px;\">Mi\u00e9rt az WASPE 40K az egy\u00e9rtelm\u0171 gy\u0151ztes<\/h3>\n<div style=\"background-color: #eafaf1; border-left: 5px solid #2ecc71; padding: 20px; margin: 20px 0; border-radius: 5px;\">\n<ul style=\"list-style-type: none; padding: 0; margin: 0;\">\n<li style=\"margin-bottom: 10px;\">\u2705 <strong>2\u00d7 a Puffs:<\/strong> A 40 000 slukk kevesebb cser\u00e9t, kevesebb hullad\u00e9kot \u00e9s hosszabb \u00e9lvezetet jelent.<\/li>\n<li style=\"margin-bottom: 10px;\">\u2705 <strong>Kett\u0151s \u00edz\u0171 tart\u00e1lyok:<\/strong> B\u00e1rmikor v\u00e1lthatsz k\u00e9t pr\u00e9mium \u00edz k\u00f6z\u00f6tt - mintha k\u00e9t g\u0151z\u00f6l\u00e9s lenne egyben.<\/li>\n<li style=\"margin-bottom: 10px;\">\u2705 <strong>Gazdagabb, sim\u00e1bb felh\u0151k:<\/strong> A kett\u0151s h\u00e1l\u00f3s tekercsrendszer fokozza a g\u0151z s\u0171r\u0171s\u00e9g\u00e9t \u00e9s az \u00edz konzisztenci\u00e1j\u00e1t.<\/li>\n<li style=\"margin-bottom: 10px;\">\u2705 <strong>T\u00f6bb akkumul\u00e1torteljes\u00edtm\u00e9ny:<\/strong> 850mAh C-t\u00edpus\u00fa gyorst\u00f6lt\u00e9ssel a hosszabb, megszak\u00edt\u00e1s n\u00e9lk\u00fcli munkamenetek\u00e9rt.<\/li>\n<li style=\"margin-bottom: 10px;\">\u2705 <strong>Rugalmas nikotin opci\u00f3k:<\/strong> V\u00e1lassza a 0%, 2% vagy 5% k\u00e9sz\u00fcl\u00e9ket, att\u00f3l f\u00fcgg\u0151en, hogy mit szeretne, vagy milyen c\u00e9lpiacra szeretne eljutni.<\/li>\n<li style=\"margin-bottom: 10px;\">\n<p data-start=\"204\" data-end=\"643\">\u2705 <strong data-start=\"234\" data-end=\"264\">Alacsonyabb MOQ, jobb \u00e1rk\u00e9pz\u00e9s:<\/strong> Az WASPE 40K mindenki sz\u00e1m\u00e1ra el\u00e9rhet\u0151v\u00e9 teszi a pr\u00e9mium g\u0151z\u00f6l\u00e9st - a kisboltok tulajdonosait\u00f3l az egy\u00e9ni rajong\u00f3kig. Kezdheti egy <strong data-start=\"392\" data-end=\"427\">minimum 10 darabos rendel\u00e9s<\/strong>, ami megk\u00f6nny\u00edti a tesztel\u00e9st, a kiskereskedelmet vagy az \u00edzek kever\u00e9s\u00e9t an\u00e9lk\u00fcl, hogy hatalmas mennyis\u00e9gekre kellene k\u00f6telezetts\u00e9get v\u00e1llalni. Ahogy n\u0151 a rendel\u00e9se, az egys\u00e9g\u00e1r jelent\u0151sen cs\u00f6kken, \u00edgy az egyik legjobb nagykereskedelmi \u00e9rt\u00e9kstrukt\u00far\u00e1t k\u00edn\u00e1lja a piacon:<\/p>\n<ul data-start=\"645\" data-end=\"839\">\n<li data-start=\"645\" data-end=\"677\">\n<p data-start=\"647\" data-end=\"677\"><strong data-start=\"647\" data-end=\"663\">10 - 29 db:<\/strong> 10,67 \u20ac darabonk\u00e9nt<\/p>\n<\/li>\n<li data-start=\"678\" data-end=\"709\">\n<p data-start=\"680\" data-end=\"709\"><strong data-start=\"680\" data-end=\"696\">30 - 49 db:<\/strong> 7,73 \u20ac darabonk\u00e9nt<\/p>\n<\/li>\n<li data-start=\"710\" data-end=\"741\">\n<p data-start=\"712\" data-end=\"741\"><strong data-start=\"712\" data-end=\"728\">50 - 99 db:<\/strong> 6,60 \u20ac fejenk\u00e9nt<\/p>\n<\/li>\n<li data-start=\"742\" data-end=\"775\">\n<p data-start=\"744\" data-end=\"775\"><strong data-start=\"744\" data-end=\"762\">100 - 199 db:<\/strong> 6,36 \u20ac fejenk\u00e9nt<\/p>\n<\/li>\n<li data-start=\"776\" data-end=\"809\">\n<p data-start=\"778\" data-end=\"809\"><strong data-start=\"778\" data-end=\"796\">200 - 399 db:<\/strong> 5,99 \u20ac darabonk\u00e9nt<\/p>\n<\/li>\n<li data-start=\"810\" data-end=\"839\">\n<p data-start=\"812\" data-end=\"839\"><strong data-start=\"812\" data-end=\"826\">400 + db:<\/strong> 5,43 \u20ac darabonk\u00e9nt<\/p>\n<\/li>\n<\/ul>\n<p data-start=\"841\" data-end=\"1256\">\u00d6sszehasonl\u00edt\u00e1sk\u00e9ppen, <strong data-start=\"856\" data-end=\"875\">VapSolo DG18000<\/strong> a k\u00f6vetkez\u0151kre van sz\u00fcks\u00e9g <strong data-start=\"887\" data-end=\"913\">legal\u00e1bb 1,000 egys\u00e9g<\/strong> \u00e9s k\u00f6lts\u00e9gek <strong data-start=\"924\" data-end=\"950\">6,50 \u20ac - 6,99 \u20ac egys\u00e9genk\u00e9nt<\/strong>, kevesebb rugalmass\u00e1got \u00e9s magasabb kezdeti k\u00f6lts\u00e9geket k\u00edn\u00e1lva.<br data-start=\"1002\" data-end=\"1005\" \/>Az WASPE 40K nem csak azt adja neked, hogy <strong data-start=\"1034\" data-end=\"1062\">a puff-kapacit\u00e1s megdupl\u00e1z\u00e1sa<\/strong> egy <strong data-start=\"1068\" data-end=\"1096\" data-is-only-node=\"\">alacsonyabb minim\u00e1lis befektet\u00e9s<\/strong>, de sz\u00e1ll\u00edt is <strong data-start=\"1116\" data-end=\"1141\">magasabb haszonkulcsok<\/strong> \u00e9s <strong data-start=\"1146\" data-end=\"1171\">gyorsabb k\u00e9szletforgalom<\/strong> - ide\u00e1lis mind a viszontelad\u00f3k, mind a nagybev\u00e1s\u00e1rl\u00f3k sz\u00e1m\u00e1ra, akik \u00e9rt\u00e9kelik a hat\u00e9konys\u00e1got \u00e9s a megfizethet\u0151s\u00e9get.<\/p>\n<\/li>\n<\/ul>\n<\/div>\n<p style=\"text-align: center;\"><a href=\"https:\/\/aiviouvapes.com\/hu\/termek\/waspe-40k-double-flavor-twins-40000-puffs-disposable-vape-bulk-buy-wholesale\/\" target=\"_blank\" class=\"button secondary is-secondary is-medium\" rel=\"noopener\" >\n\t\t<span>\ud83d\udca8 Szerezd meg az WASPE 40K nagykereskedelmi aj\u00e1nlatokat<\/span>\n\t<\/a>\n\n<h3 style=\"color: #2980b9; margin-bottom: 15px;\">Gyakori k\u00e9rd\u00e9sek megv\u00e1laszol\u00e1sa<\/h3>\n<div style=\"background-color: #f4f6f7; border-radius: 8px; padding: 20px; margin-bottom: 20px;\">\n<h4 style=\"color: #34495e;\">\ud83e\udd14 \u201cAz WASPE 40K nehezebb vagy terjedelmesebb?\u201d<\/h4>\n<p>Nem. A nagyobb akkumul\u00e1tor \u00e9s a dupla tart\u00e1lyok ellen\u00e9re az WASPE 40K kompakt, k\u00e9nyelmes fog\u00e1st biztos\u00edt, \u00edgy ugyanolyan hordozhat\u00f3, mint b\u00e1rmelyik 18K vape.<\/p>\n<h4 style=\"color: #34495e;\">\ud83e\udd14 \u201cMilyen az \u00edzmin\u0151s\u00e9g a VapSolo-hoz k\u00e9pest?\u201d<\/h4>\n<p>A kett\u0151s h\u00e1l\u00f3s tekercsek er\u0151sebb, tiszt\u00e1bb \u00edzt \u00e9s g\u0151z simas\u00e1got biztos\u00edtanak, amelyet a felhaszn\u00e1l\u00f3k gyakran magasabbra \u00e9rt\u00e9kelnek, mint az egyh\u00e1l\u00f3s versenyt\u00e1rsak.<\/p>\n<h4 style=\"color: #34495e;\">\ud83e\udd14 \u201cT\u00e9nyleg jobbak a k\u00f6lts\u00e9gek \u00f6sszess\u00e9g\u00e9ben?\u201d<\/h4>\n<p>Igen! M\u00e9g kevesebb egys\u00e9ggel is alacsonyabb az egy k\u00e9sz\u00fcl\u00e9kre jut\u00f3 \u00e1r - \u00e9s a dupla puffkapacit\u00e1ssal az egy puffra jut\u00f3 k\u00f6lts\u00e9g is <strong>az 50% felett alacsonyabb<\/strong> mint a VapSolo DG18000.<\/p>\n<\/div>\n<h3 style=\"color: #2980b9; margin-top: 40px;\">Friss\u00edtsen az WASPE 40K-ra m\u00e9g ma<\/h3>\n<p>K\u00e9tszer annyi puffan\u00e1s. K\u00e9tszeres \u00edz. Jobb teljes\u00edtm\u00e9ny, nagyobb rugalmass\u00e1g \u00e9s sokkal jobb \u00e1rk\u00e9pz\u00e9s - az WASPE 40K Double Flavor Twins az okosabb befektet\u00e9s a komoly vaperek \u00e9s a kiskeresked\u0151k sz\u00e1m\u00e1ra egyar\u00e1nt.<\/p>\n<p style=\"text-align: center;\"><a href=\"https:\/\/aiviouvapes.com\/hu\/termek\/waspe-40k-double-flavor-twins-40000-puffs-disposable-vape-bulk-buy-wholesale\/\" target=\"_blank\" class=\"button primary is-primary is-medium\" rel=\"noopener\" >\n\t\t<span>\ud83c\udf1f V\u00e1s\u00e1roljon WASPE 40K most<\/span>\n\t<\/a>\n\n<\/div>","protected":false},"excerpt":{"rendered":"<p>Thinking About VapSolo DG18000? See Why WASPE 40K Double Flavor Twins Is the Smarter Upgrade! The VapSolo DG18000 is a solid disposable vape, known for its smooth hits and good vapor quality. But if you\u2019re seeking something that lasts longer, tastes better, and offers more value per puff, it\u2019s time to meet the WASPE 40K [&#8230;]\n","protected":false},"author":2170,"featured_media":0,"parent":0,"menu_order":0,"comment_status":"closed","ping_status":"closed","template":"","meta":{"footnotes":""},"class_list":["post-82324","page","type-page","status-publish","hentry"],"jetpack_sharing_enabled":true,"_links":{"self":[{"href":"https:\/\/aiviouvapes.com\/hu\/wp-json\/wp\/v2\/pages\/82324","targetHints":{"allow":["GET"]}}],"collection":[{"href":"https:\/\/aiviouvapes.com\/hu\/wp-json\/wp\/v2\/pages"}],"about":[{"href":"https:\/\/aiviouvapes.com\/hu\/wp-json\/wp\/v2\/types\/page"}],"author":[{"embeddable":true,"href":"https:\/\/aiviouvapes.com\/hu\/wp-json\/wp\/v2\/users\/2170"}],"replies":[{"embeddable":true,"href":"https:\/\/aiviouvapes.com\/hu\/wp-json\/wp\/v2\/comments?post=82324"}],"version-history":[{"count":4,"href":"https:\/\/aiviouvapes.com\/hu\/wp-json\/wp\/v2\/pages\/82324\/revisions"}],"predecessor-version":[{"id":82350,"href":"https:\/\/aiviouvapes.com\/hu\/wp-json\/wp\/v2\/pages\/82324\/revisions\/82350"}],"wp:attachment":[{"href":"https:\/\/aiviouvapes.com\/hu\/wp-json\/wp\/v2\/media?parent=82324"}],"curies":[{"name":"wp","href":"https:\/\/api.w.org\/{rel}","templated":true}]}}