{"id":82311,"date":"2025-11-10T11:26:55","date_gmt":"2025-11-10T03:26:55","guid":{"rendered":"https:\/\/aiviouvapes.com\/?page_id=82311"},"modified":"2025-11-10T11:35:44","modified_gmt":"2025-11-10T03:35:44","slug":"waspe-40k-vs-vapsolo-20k","status":"publish","type":"page","link":"https:\/\/aiviouvapes.com\/hu\/waspe-40k-vs-vapsolo-20k\/","title":{"rendered":"WASPE 40K vs VapSolo 20K: Mi\u00e9rt az WASPE Double Flavor Twins az egy\u00e9rtelm\u0171 gy\u0151ztes?"},"content":{"rendered":"<div id=\"tab-description\" class=\"woocommerce-Tabs-panel woocommerce-Tabs-panel--description panel entry-content active\" style=\"font-family: Arial, sans-serif; line-height: 1.6; color: #333;\" role=\"tabpanel\" aria-labelledby=\"tab-title-description\">\n<h2 style=\"color: #2c3e50; border-bottom: 2px solid #3498db; padding-bottom: 10px; margin-bottom: 20px;\">A VapSolo Twins 20K-t fontolgatja? Fedezze fel, mi\u00e9rt <strong>WASPE 40K dupla \u00edz\u0171 ikrek<\/strong> A jobb v\u00e1laszt\u00e1s!<\/h2>\n<p style=\"margin-bottom: 20px;\">Meg\u00e9rtj\u00fck a vonzerej\u00e9t a <a href=\"https:\/\/aiviouvapes.com\/hu\/vapsolo-twins-20000-vs-waspe-40k\/\">VapSolo Twins 20 000 Puff<\/a>-ez egy kompakt, \u00edzl\u00e9ses \u00e9s hat\u00e9kony k\u00e9sz\u00fcl\u00e9k, amely j\u00f3l teljes\u00edt. Ha azonban olyan vape-t keres, amely t\u00f6bb puffot, gazdagabb \u00edzkombin\u00e1ci\u00f3kat \u00e9s verhetetlen \u00e9rt\u00e9ket biztos\u00edt, az WASPE 40K Double Flavor Twins az okosabb v\u00e1laszt\u00e1s. Ez olyan, mintha egy hosszabb \u00e9lettartam\u00fa, sokoldal\u00fabb \u00e9lm\u00e9nyhez l\u00e9pne fel an\u00e9lk\u00fcl, hogy a min\u0151s\u00e9g vagy az el\u00e9gedetts\u00e9g fel\u00e1ldozn\u00e1. Mer\u00fclj\u00fcnk el abban, hogy mit\u0151l lesz az WASPE 40K az a friss\u00edt\u00e9s, amit minden komolyabb doh\u00e1nyos meg\u00e9rdemel!<\/p>\n<h3 style=\"color: #2980b9; margin-bottom: 15px;\">Ismerje meg a k\u00f6vetkez\u0151 gener\u00e1ci\u00f3s el\u0151ad\u00f3t: WASPE 40K Dupla \u00edz\u0171 ikrek<\/h3>\n<p style=\"margin-bottom: 20px;\">Az WASPE 40K a kitart\u00e1s \u00e9s a tiszta el\u00e9gedetts\u00e9g jegy\u00e9ben k\u00e9sz\u00fclt, k\u00e9tszer annyi slukkot, nagyobb e-folyad\u00e9ktart\u00e1lyt \u00e9s tov\u00e1bbfejlesztett kett\u0151s \u00edzhat\u00e1st biztos\u00edt. Ak\u00e1r alkalmi felhaszn\u00e1l\u00f3, ak\u00e1r elk\u00f6telezett doh\u00e1nyos, mer\u00e9sz \u00edzadagol\u00e1st \u00e9s hosszan tart\u00f3 k\u00e9nyelmet biztos\u00edt - mindezt egyetlen eleg\u00e1ns, kompakt kialak\u00edt\u00e1sba csomagolva.<\/p>\n<div style=\"display: flex; justify-content: space-around; flex-wrap: wrap; margin: 30px 0;\">\n<div style=\"border: 1px solid #ddd; border-radius: 10px; padding: 20px; text-align: center; width: 45%; box-shadow: 0 4px 8px rgba(0,0,0,0.1); margin-bottom: 20px;\">\n<h4 style=\"color: #e74c3c; margin-top: 0; margin-bottom: 10px;\">A versenyt\u00e1rs<\/h4>\n<p style=\"font-size: 1.5em; font-weight: bold; color: #34495e; margin-bottom: 10px;\"><a href=\"https:\/\/aiviouvapes.com\/hu\/termek\/vapsolo-twins-20000-puffs-2-5-low-nicotine-bulk-buy-rechargeable-disposable-vapes-pen-wholesale\/\">VapSolo Twins 20K<\/a><\/p>\n<p><img data-recalc-dims=\"1\" loading=\"lazy\" decoding=\"async\" class=\"alignnone wp-image-8600\" src=\"https:\/\/i0.wp.com\/aiviouvapes.com\/wp-content\/uploads\/2024\/08\/strawberry-raspberry-cherry-ice-grape-ice-600x600-1.png?resize=300%2C300&#038;ssl=1\" alt=\"VapSolo Twins 20000 Puffs eldobhat\u00f3 Vape nagykereskedelmi nagykereskedelem T\u00f6meges v\u00e1s\u00e1rl\u00e1s kett\u0151s \u00edz\u0171, hossz\u00fa \u00e9lettartam\u00fa Vape 2% 5% nikotin h\u00e1l\u00f3s tekercs \u00fajrat\u00f6lthet\u0151 C t\u00edpus\u00fa elektronikus cigaretta\" width=\"300\" height=\"300\" title=\"\" srcset=\"https:\/\/i0.wp.com\/aiviouvapes.com\/wp-content\/uploads\/2024\/08\/strawberry-raspberry-cherry-ice-grape-ice-600x600-1.png?w=600&amp;ssl=1 600w, https:\/\/i0.wp.com\/aiviouvapes.com\/wp-content\/uploads\/2024\/08\/strawberry-raspberry-cherry-ice-grape-ice-600x600-1.png?resize=300%2C300&amp;ssl=1 300w, https:\/\/i0.wp.com\/aiviouvapes.com\/wp-content\/uploads\/2024\/08\/strawberry-raspberry-cherry-ice-grape-ice-600x600-1.png?resize=150%2C150&amp;ssl=1 150w, https:\/\/i0.wp.com\/aiviouvapes.com\/wp-content\/uploads\/2024\/08\/strawberry-raspberry-cherry-ice-grape-ice-600x600-1.png?resize=12%2C12&amp;ssl=1 12w, https:\/\/i0.wp.com\/aiviouvapes.com\/wp-content\/uploads\/2024\/08\/strawberry-raspberry-cherry-ice-grape-ice-600x600-1.png?resize=100%2C100&amp;ssl=1 100w\" sizes=\"auto, (max-width: 300px) 100vw, 300px\" \/><\/p>\n<p>Megb\u00edzhat\u00f3, 20 000 puffot tartalmaz\u00f3 vape kett\u0151s \u00edzekkel, de korl\u00e1tozott \u00e9lettartammal \u00e9s kevesebb testreszab\u00e1si lehet\u0151s\u00e9ggel.<\/p>\n<\/div>\n<div style=\"border: 1px solid #2ecc71; border-radius: 10px; padding: 20px; text-align: center; width: 45%; box-shadow: 0 4px 8px rgba(0,0,0,0.1); margin-bottom: 20px; background-color: #f0fff4;\">\n<h4 style=\"color: #27ae60; margin-top: 0; margin-bottom: 10px;\">A jobb alternat\u00edva<\/h4>\n<p style=\"font-size: 1.5em; font-weight: bold; color: #34495e; margin-bottom: 10px;\"><a style=\"color: #2980b9; text-decoration: none;\" href=\"https:\/\/aiviouvapes.com\/hu\/termek\/waspe-40k-double-flavor-twins-40000-puffs-disposable-vape-bulk-buy-wholesale\/\">WASPE 40K dupla \u00edz\u0171 ikrek<\/a><\/p>\n<p><img data-recalc-dims=\"1\" loading=\"lazy\" decoding=\"async\" class=\"alignnone wp-image-82317\" src=\"https:\/\/i0.wp.com\/aiviouvapes.com\/wp-content\/uploads\/2025\/11\/123123.png?resize=300%2C300&#038;ssl=1\" alt=\"Waspe 40k\" width=\"300\" height=\"300\" title=\"\" srcset=\"https:\/\/i0.wp.com\/aiviouvapes.com\/wp-content\/uploads\/2025\/11\/123123.png?w=500&amp;ssl=1 500w, https:\/\/i0.wp.com\/aiviouvapes.com\/wp-content\/uploads\/2025\/11\/123123.png?resize=300%2C300&amp;ssl=1 300w, https:\/\/i0.wp.com\/aiviouvapes.com\/wp-content\/uploads\/2025\/11\/123123.png?resize=150%2C150&amp;ssl=1 150w, https:\/\/i0.wp.com\/aiviouvapes.com\/wp-content\/uploads\/2025\/11\/123123.png?resize=12%2C12&amp;ssl=1 12w, https:\/\/i0.wp.com\/aiviouvapes.com\/wp-content\/uploads\/2025\/11\/123123.png?resize=400%2C400&amp;ssl=1 400w, https:\/\/i0.wp.com\/aiviouvapes.com\/wp-content\/uploads\/2025\/11\/123123.png?resize=100%2C100&amp;ssl=1 100w\" sizes=\"auto, (max-width: 300px) 100vw, 300px\" \/><\/p>\n<p>Dupla puff, kett\u0151s h\u00e1l\u00f3s tekercs, 36 ml e-folyad\u00e9k \u00e9s vibr\u00e1l\u00f3 kett\u0151s \u00edzkombin\u00e1ci\u00f3k - minden szempontb\u00f3l egy igazi el\u0151rel\u00e9p\u00e9s!<\/p>\n<\/div>\n<\/div>\n<p style=\"text-align: center;\"><a href=\"https:\/\/aiviouvapes.com\/hu\/termek\/waspe-40k-double-flavor-twins-40000-puffs-disposable-vape-bulk-buy-wholesale\/\" target=\"_blank\" class=\"button primary is-primary is-medium\" rel=\"noopener\" >\n\t\t<span>\ud83d\udd25 V\u00e1s\u00e1roljon WASPE 40K most<\/span>\n\t<\/a>\n\n<h3 style=\"color: #2980b9; margin-bottom: 15px;\">Side-by-Side \u00f6sszehasonl\u00edt\u00f3 t\u00e1bl\u00e1zat<\/h3>\n<p>N\u00e9zz\u00fck meg k\u00f6zelebbr\u0151l a r\u00e9szleteket, hogy meg\u00e9rts\u00fck, mi\u00e9rt emelkedik ki az WASPE 40K a VapSolo 20K-b\u00f3l. Az al\u00e1bbiakban kiemelt\u00fck azokat a legfontosabb el\u0151ny\u00f6ket, amelyek az WASPE-t okosabb \u00e9s kiel\u00e9g\u00edt\u0151bb v\u00e1laszt\u00e1ss\u00e1 teszik a vaperek sz\u00e1m\u00e1ra.<\/p>\n<table style=\"width: 100%; border-collapse: collapse; margin: 30px 0; box-shadow: 0 4px 8px rgba(0,0,0,0.1);\">\n<thead style=\"background-color: #3498db; color: white;\">\n<tr>\n<th style=\"padding: 12px; border: 1px solid #ddd;\">Jellemz\u0151<\/th>\n<th style=\"padding: 12px; border: 1px solid #ddd;\">VapSolo Twins 20K<\/th>\n<th style=\"padding: 12px; border: 1px solid #ddd; background-color: #2ecc71;\">WASPE 40K Double Flavor Twins (aj\u00e1nlott)<\/th>\n<\/tr>\n<\/thead>\n<tbody>\n<tr style=\"background-color: #f9f9f9;\">\n<td style=\"padding: 12px;\">Puff sz\u00e1m<\/td>\n<td style=\"padding: 12px;\">Legfeljebb 20,000<\/td>\n<td style=\"padding: 12px;\">Ak\u00e1r 40,000 (2\u00d7 hosszabb \u00e9lettartam)<\/td>\n<\/tr>\n<tr>\n<td style=\"padding: 12px;\">E-folyad\u00e9k kapacit\u00e1s<\/td>\n<td style=\"padding: 12px;\">25 ml<\/td>\n<td style=\"padding: 12px;\">36 ml a hosszabb \u00fcl\u00e9sekhez<\/td>\n<\/tr>\n<tr style=\"background-color: #f9f9f9;\">\n<td style=\"padding: 12px;\">\u00cdzes\u00edt\u0151 rendszer<\/td>\n<td style=\"padding: 12px;\">Kett\u0151s \u00edzek<\/td>\n<td style=\"padding: 12px;\">Kett\u0151s \u00edzek (optimaliz\u00e1lt p\u00e1ros\u00edt\u00e1sok \u00e9s gazdagabb kimenet)<\/td>\n<\/tr>\n<tr>\n<td style=\"padding: 12px;\">Tekercs t\u00edpusa<\/td>\n<td style=\"padding: 12px;\">1 \u03a9 szemes tekercs<\/td>\n<td style=\"padding: 12px;\">Kett\u0151s h\u00e1l\u00f3s tekercsek a sim\u00e1bb \u00e9s mer\u00e9szebb \u00edz\u00e9rt<\/td>\n<\/tr>\n<tr style=\"background-color: #f9f9f9;\">\n<td style=\"padding: 12px;\">Akkumul\u00e1tor<\/td>\n<td style=\"padding: 12px;\">650 mAh (C-t\u00edpus\u00fa)<\/td>\n<td style=\"padding: 12px;\">850 mAh (C-t\u00edpus\u00fa) - nagyobb kitart\u00e1s<\/td>\n<\/tr>\n<tr>\n<td style=\"padding: 12px;\">Megjelen\u00edt\u00e9s<\/td>\n<td style=\"padding: 12px;\">E-folyad\u00e9k + akkumul\u00e1tor kijelz\u0151<\/td>\n<td style=\"padding: 12px;\">LED kijelz\u0151 az akkumul\u00e1tor \u00e9s a folyad\u00e9k \u00e1llapot\u00e1r\u00f3l<\/td>\n<\/tr>\n<tr style=\"background-color: #f9f9f9;\">\n<td style=\"padding: 12px;\">Nikotin lehet\u0151s\u00e9gek<\/td>\n<td style=\"padding: 12px;\">2%<\/td>\n<td style=\"padding: 12px;\">0%, 2% vagy 5%<\/td>\n<\/tr>\n<tr>\n<td style=\"padding: 12px;\">T\u00f6meges \u00e1r (400+)<\/td>\n<td style=\"padding: 12px;\">\u2248 7,59 \u20ac\/egys\u00e9g (2000+)<\/td>\n<td style=\"padding: 12px;\">\u2248 5,43 \u20ac\/egys\u00e9g (400+) - jobb \u00e1rr\u00e9s \u00e9s \u00e9rt\u00e9k<\/td>\n<\/tr>\n<tr style=\"background-color: #f9f9f9;\">\n<td style=\"padding: 12px;\">Mi\u00e9rt v\u00e1lassza?<\/td>\n<td style=\"padding: 12px;\">Nagyszer\u0171 alapvet\u0151 kett\u0151s \u00edz\u0171 vape<\/td>\n<td style=\"padding: 12px;\">Kiv\u00e1l\u00f3 akkumul\u00e1tor, kapacit\u00e1s \u00e9s \u00edzintenzit\u00e1s - ide\u00e1lis a profik \u00e9s a nagykeresked\u0151k sz\u00e1m\u00e1ra.<\/td>\n<\/tr>\n<\/tbody>\n<\/table>\n<h3 style=\"color: #2980b9; margin-bottom: 15px;\">Mi\u00e9rt emelkedik ki az WASPE 40K a t\u00f6bbi k\u00f6z\u00fcl?<\/h3>\n<div style=\"background-color: #eafaf1; border-left: 5px solid #2ecc71; padding: 20px; margin: 20px 0; border-radius: 5px;\">\n<ul style=\"list-style-type: none; padding: 0; margin: 0;\">\n<li style=\"margin-bottom: 10px;\">\n<p data-start=\"198\" data-end=\"478\">\u2705 <strong data-start=\"200\" data-end=\"237\">Dupla puff, dupla sz\u00f3rakoz\u00e1s:<\/strong> -val <strong data-start=\"243\" data-end=\"259\">40.000 f\u00faj\u00e1s<\/strong> a VapSolo 20.000-es \u00e9rt\u00e9k\u00e9hez k\u00e9pest az WASPE 40K k\u00e9tszer olyan hossz\u00fa ideig tart - ami azt jelenti, hogy <strong data-start=\"334\" data-end=\"359\">a cser\u00e9k fele<\/strong> \u00e9s <strong data-start=\"364\" data-end=\"389\">k\u00e9tszer annyi g\u0151z\u00f6l\u00e9si id\u0151<\/strong>. Ide\u00e1lis azoknak a felhaszn\u00e1l\u00f3knak, akik hosszan tart\u00f3 \u00e9lvezetet szeretn\u00e9nek an\u00e9lk\u00fcl, hogy folyamatosan v\u00e1ltogatn\u00e1k a k\u00e9sz\u00fcl\u00e9keket.<\/p>\n<p data-start=\"480\" data-end=\"739\">\u2705 <strong data-start=\"482\" data-end=\"512\">Er\u0151sebb, okosabb akkumul\u00e1tor:<\/strong> Felszerelve egy <strong data-start=\"530\" data-end=\"569\">850 mAh \u00fajrat\u00f6lthet\u0151 C-t\u00edpus\u00fa akkumul\u00e1tor<\/strong>, az WASPE 40K megb\u00edzhat\u00f3 teljes\u00edtm\u00e9nyt biztos\u00edt a k\u00f6vetkezetes g\u0151ztermel\u00e9shez. Megtapasztalhatja <strong data-start=\"667\" data-end=\"702\">hosszabb munkamenetek a t\u00f6lt\u00e9sek k\u00f6z\u00f6tt<\/strong> \u00e9s gyorsabb felt\u00f6lt\u00e9s sz\u00fcks\u00e9g eset\u00e9n.<\/p>\n<p data-start=\"741\" data-end=\"1001\">\u2705 <strong data-start=\"743\" data-end=\"775\">Kiv\u00e1l\u00f3 \u00edzhat\u00e1s:<\/strong> K\u00f6sz\u00f6nhet\u0151en a <strong data-start=\"790\" data-end=\"815\">kett\u0151s h\u00e1l\u00f3s tekercsrendszer<\/strong>, az WASPE 40K minden egyes slukkja sim\u00e1bb, gazdagabb \u00e9s \u00edzletesebb. A kett\u0151s \u00edzvil\u00e1g\u00fa kialak\u00edt\u00e1s lehet\u0151v\u00e9 teszi, hogy azonnal v\u00e1ltson k\u00e9t \u00edz k\u00f6z\u00f6tt, \u00edgy minden egyes \u00fcl\u00e9s friss \u00e9s kiel\u00e9g\u00edt\u0151 marad.<\/p>\n<p data-start=\"1003\" data-end=\"1206\">\u2705 <strong data-start=\"1005\" data-end=\"1039\">Szem\u00e9lyre szabott nikotinv\u00e1laszt\u00e9k:<\/strong> V\u00e1lasszon a k\u00f6vetkez\u0151k k\u00f6z\u00fcl <strong data-start=\"1055\" data-end=\"1081\">0%, 2% vagy 5% nikotin<\/strong> a k\u00e9nyelem szintj\u00e9nek megfelel\u0151en - ak\u00e1r a k\u00f6nnyedebb \u00e9lm\u00e9nyt, ak\u00e1r az er\u0151s \u00fct\u00e9st kedveli, az WASPE 40K alkalmazkodik a st\u00edlus\u00e1hoz.<\/p>\n<p data-start=\"1208\" data-end=\"1478\">\u2705 <strong data-start=\"1210\" data-end=\"1245\">Rugalmas rendel\u00e9sek \u00e9s jobb \u00e9rt\u00e9k:<\/strong> WASPE 40K t\u00e1mogatja <strong data-start=\"1265\" data-end=\"1317\">alacsony minim\u00e1lis rendel\u00e9si minimum (m\u00e1r 10 darabt\u00f3l)<\/strong>, \u00edgy t\u00f6k\u00e9letes a <strong data-start=\"1341\" data-end=\"1394\">tesztmegrendel\u00e9sek, kiskereskedelmi \u00fczletek vagy kis forgalmaz\u00f3k<\/strong>. Ek\u00f6zben a VapSolo 1000 darabos MOQ-ja korl\u00e1tozza a rugalmass\u00e1got \u00e9s n\u00f6veli a bel\u00e9p\u00e9si k\u00f6lts\u00e9geket.<\/p>\n<p data-start=\"1485\" data-end=\"1512\"><strong data-start=\"1489\" data-end=\"1510\">\u00a0 \u00a0 \u00a0WASPE 40K \u00e1rk\u00e9pz\u00e9s<\/strong><\/p>\n<ul data-start=\"1513\" data-end=\"1697\">\n<li data-start=\"1513\" data-end=\"1543\">\n<p data-start=\"1515\" data-end=\"1543\"><strong data-start=\"1515\" data-end=\"1529\">10-29 db:<\/strong> 10,67 \u20ac darabonk\u00e9nt<\/p>\n<\/li>\n<li data-start=\"1544\" data-end=\"1573\">\n<p data-start=\"1546\" data-end=\"1573\"><strong data-start=\"1546\" data-end=\"1560\">30-49 db:<\/strong> 7,73 \u20ac darabonk\u00e9nt<\/p>\n<\/li>\n<li data-start=\"1574\" data-end=\"1603\">\n<p data-start=\"1576\" data-end=\"1603\"><strong data-start=\"1576\" data-end=\"1590\">50-99 db:<\/strong> 6,60 \u20ac fejenk\u00e9nt<\/p>\n<\/li>\n<li data-start=\"1604\" data-end=\"1635\">\n<p data-start=\"1606\" data-end=\"1635\"><strong data-start=\"1606\" data-end=\"1622\">100-199 db:<\/strong> 6,36 \u20ac fejenk\u00e9nt<\/p>\n<\/li>\n<li data-start=\"1636\" data-end=\"1667\">\n<p data-start=\"1638\" data-end=\"1667\"><strong data-start=\"1638\" data-end=\"1654\">200-399 db:<\/strong> 5,99 \u20ac darabonk\u00e9nt<\/p>\n<\/li>\n<li data-start=\"1668\" data-end=\"1697\">\n<p data-start=\"1670\" data-end=\"1697\"><strong data-start=\"1670\" data-end=\"1684\">400 + db:<\/strong> 5,43 \u20ac darabonk\u00e9nt<\/p>\n<\/li>\n<\/ul>\n<p data-start=\"1699\" data-end=\"1728\"><strong data-start=\"1703\" data-end=\"1726\">\u00a0 \u00a0 \u00a0VapSolo 20K \u00e1rk\u00e9pz\u00e9s<\/strong><\/p>\n<ul data-start=\"1729\" data-end=\"1797\">\n<li data-start=\"1729\" data-end=\"1765\">\n<p data-start=\"1731\" data-end=\"1765\"><strong data-start=\"1731\" data-end=\"1751\">1,000-1,999 db:<\/strong> 12,99 \u20ac darabonk\u00e9nt<\/p>\n<\/li>\n<li data-start=\"1766\" data-end=\"1797\">\n<p data-start=\"1768\" data-end=\"1797\"><strong data-start=\"1768\" data-end=\"1784\">2000+ db:<\/strong> 7,59 \u20ac darabonk\u00e9nt<\/p>\n<\/li>\n<\/ul>\n<\/li>\n<\/ul>\n<\/div>\n<p style=\"text-align: center;\"><a href=\"https:\/\/aiviouvapes.com\/hu\/termek\/waspe-40k-double-flavor-twins-40000-puffs-disposable-vape-bulk-buy-wholesale\/\" target=\"_blank\" class=\"button secondary is-secondary is-medium\" rel=\"noopener\" >\n\t\t<span>\ud83d\udca8 Get WASPE 40K nagykereskedelem<\/span>\n\t<\/a>\n\n<h3 style=\"color: #2980b9; margin-bottom: 15px;\">Gyakori k\u00e9rd\u00e9sek \u00e9s v\u00e1laszok<\/h3>\n<div style=\"background-color: #f4f6f7; border-radius: 8px; padding: 20px;\">\n<div style=\"margin-bottom: 15px;\">\n<h4 style=\"color: #34495e; margin: 0;\">\ud83e\udd14 Az WASPE ugyanolyan kijelz\u0151funkci\u00f3kkal rendelkezik, mint a VapSolo?<\/h4>\n<p style=\"margin-top: 5px;\">Igen - Az WASPE intelligens LED-es kijelz\u0151vel rendelkezik, amely mutatja az akkumul\u00e1tor \u00e9s a folyad\u00e9k szintj\u00e9t, \u00edgy mindig tudja, mikor kell felt\u00f6lteni vagy cser\u00e9lni.<\/p>\n<\/div>\n<div style=\"margin-bottom: 15px;\">\n<h4 style=\"color: #34495e; margin: 0;\">\ud83e\udd14 Ugyanolyan hordozhat\u00f3 \u00e9s k\u00f6nnyen haszn\u00e1lhat\u00f3?<\/h4>\n<p style=\"margin-top: 5px;\">Abszol\u00fat. Az WASPE 40K kompakt \u00e9s ergonomikus, kett\u0151s \u00edzl\u00e9s\u0171 kapcsol\u00f3val \u00e9s Type-C t\u00f6lt\u00e9ssel az egyszer\u0171 napi haszn\u00e1lathoz.<\/p>\n<\/div>\n<div>\n<h4 style=\"color: #34495e; margin: 0;\">\ud83e\udd14 Mi a helyzet az \u00edzv\u00e1laszt\u00e1ssal?<\/h4>\n<p style=\"margin-top: 5px;\">Az WASPE olyan pr\u00e9mium kombin\u00e1ci\u00f3kat k\u00edn\u00e1l, mint a Watermelon Ice &amp; Lemon Lime, az Fizzy Cherry Ice &amp; Blueberry Cotton Candy, \u00e9s m\u00e9g sok m\u00e1s egyedi p\u00e1rost, amelyeket a felhaszn\u00e1l\u00f3k az egyens\u00falyuk \u00e9s intenzit\u00e1suk miatt szeretnek.<\/p>\n<\/div>\n<\/div>\n<h3 style=\"color: #2980b9; margin-top: 40px;\">Friss\u00edtse a Vape \u00e9lm\u00e9ny\u00e9t ma<\/h3>\n<p style=\"font-size: 1.1em;\">L\u00e9pjen fel a <a href=\"https:\/\/aiviouvapes.com\/hu\/vapsolo-twins-20000-vs-waspe-40k\/\">VapSolo Twins 20K<\/a> \u00e9s fedezze fel a hosszabb \u00e9lettartam\u00fa, gazdagabb \u00e9s kedvez\u0151bb \u00e1r\u00fa WASPE 40K Double Flavor Twins-t.<br \/>\nT\u00f6k\u00e9letes kiskereskedelmi vagy szem\u00e9lyes haszn\u00e1latra - szerezze be a saj\u00e1tj\u00e1t most, \u00e9s k\u00f3stolja meg a k\u00fcl\u00f6nbs\u00e9get!<\/p>\n<p style=\"text-align: center;\"><a href=\"https:\/\/aiviouvapes.com\/hu\/termek\/waspe-40k-double-flavor-twins-40000-puffs-disposable-vape-bulk-buy-wholesale\/\" target=\"_blank\" class=\"button primary is-primary is-medium\" rel=\"noopener\" >\n\t\t<span>\ud83c\udf1f WASPE 40K v\u00e1s\u00e1rl\u00e1s itt<\/span>\n\t<\/a>\n\n<\/div>","protected":false},"excerpt":{"rendered":"<p>Considering the VapSolo Twins 20K? Discover Why WASPE 40K Double Flavor Twins Is the Better Choice! We understand the appeal of the VapSolo Twins 20,000 Puffs\u2014it\u2019s a compact, flavorful, and efficient device that performs well. However, if you\u2019re after a vape that delivers more puffs, richer flavor combinations, and unbeatable value, the WASPE 40K Double [&#8230;]\n","protected":false},"author":2170,"featured_media":0,"parent":0,"menu_order":0,"comment_status":"closed","ping_status":"closed","template":"","meta":{"footnotes":""},"class_list":["post-82311","page","type-page","status-publish","hentry"],"jetpack_sharing_enabled":true,"_links":{"self":[{"href":"https:\/\/aiviouvapes.com\/hu\/wp-json\/wp\/v2\/pages\/82311","targetHints":{"allow":["GET"]}}],"collection":[{"href":"https:\/\/aiviouvapes.com\/hu\/wp-json\/wp\/v2\/pages"}],"about":[{"href":"https:\/\/aiviouvapes.com\/hu\/wp-json\/wp\/v2\/types\/page"}],"author":[{"embeddable":true,"href":"https:\/\/aiviouvapes.com\/hu\/wp-json\/wp\/v2\/users\/2170"}],"replies":[{"embeddable":true,"href":"https:\/\/aiviouvapes.com\/hu\/wp-json\/wp\/v2\/comments?post=82311"}],"version-history":[{"count":8,"href":"https:\/\/aiviouvapes.com\/hu\/wp-json\/wp\/v2\/pages\/82311\/revisions"}],"predecessor-version":[{"id":82320,"href":"https:\/\/aiviouvapes.com\/hu\/wp-json\/wp\/v2\/pages\/82311\/revisions\/82320"}],"wp:attachment":[{"href":"https:\/\/aiviouvapes.com\/hu\/wp-json\/wp\/v2\/media?parent=82311"}],"curies":[{"name":"wp","href":"https:\/\/api.w.org\/{rel}","templated":true}]}}