{"id":80783,"date":"2025-11-05T12:53:51","date_gmt":"2025-11-05T04:53:51","guid":{"rendered":"https:\/\/aiviouvapes.com\/?page_id=80783"},"modified":"2025-11-05T13:10:35","modified_gmt":"2025-11-05T05:10:35","slug":"why-waspe-100k-4-in-1-outshines-vapsolo-triple-30k","status":"publish","type":"page","link":"https:\/\/aiviouvapes.com\/hu\/why-waspe-100k-4-in-1-outshines-vapsolo-triple-30k\/","title":{"rendered":"Mi\u00e9rt az WASPE 100K 4 az 1-ben fel\u00fclm\u00falja a VapSolo Triple 30K-t?"},"content":{"rendered":"<div id=\"tab-description\" class=\"woocommerce-Tabs-panel woocommerce-Tabs-panel--description panel entry-content active\" style=\"font-family: Arial, sans-serif; line-height: 1.6; color: #333;\" role=\"tabpanel\" aria-labelledby=\"tab-title-description\">\n<h2 style=\"color: #2c3e50; border-bottom: 2px solid #3498db; padding-bottom: 10px; margin-bottom: 20px;\">A VapSolo Triple 30K-t fontolgatja? Fedezze fel, mi\u00e9rt az WASPE 100K 4 az 1-ben a jobb v\u00e1laszt\u00e1s!<\/h2>\n<p style=\"margin-bottom: 20px;\">Meg\u00e9rtj\u00fck a VapSolo Triple 30K vonzerej\u00e9t - ez egy megb\u00edzhat\u00f3 vape j\u00f3 tulajdons\u00e1gokkal. Ha azonban t\u00f6bb puffot, extra \u00edzv\u00e1laszt\u00e9kot \u00e9s jobb \u00e9rt\u00e9ket keres, akkor \u00f6r\u00f6mmel aj\u00e1nljuk az WASPE 100K 4-in-1-et, mint a jobb alternat\u00edv\u00e1t. Olyan, mintha egy olyan k\u00e9sz\u00fcl\u00e9kre friss\u00edtene, amely hosszabb ideig tart \u00e9s t\u00f6bbet k\u00edn\u00e1l an\u00e9lk\u00fcl, hogy kompromisszumot k\u00f6tne a min\u0151s\u00e9gben. Fedezz\u00fck fel, hogy ez a v\u00e1lt\u00e1s mi\u00e9rt emelheti fel a p\u00e1rol\u00e1si \u00e9lm\u00e9ny\u00e9t!<\/p>\n<h3 style=\"color: #2980b9; margin-bottom: 15px;\">A Superior opci\u00f3 bemutat\u00e1sa: WASPE 100K 4 az 1-ben<\/h3>\n<p style=\"margin-bottom: 20px;\">Az WASPE 100K 4 az 1-ben k\u00e9sz\u00fcl\u00e9ket a v\u00e9gs\u0151 k\u00e9nyelem \u00e9s teljes\u00edtm\u00e9ny \u00e9rdek\u00e9ben tervezt\u00e9k, gazdag \u00edzvil\u00e1got \u00e9s meghosszabb\u00edtott \u00e9lettartamot biztos\u00edtva. T\u00f6k\u00e9letes a v\u00e1ltozatoss\u00e1got \u00e9s megb\u00edzhat\u00f3s\u00e1got ig\u00e9nyl\u0151 vaperek sz\u00e1m\u00e1ra, ez a k\u00e9sz\u00fcl\u00e9k biztos\u00edtja, hogy a legt\u00f6bbet hozza ki minden slukkb\u00f3l. K\u00f6sz\u00f6ntse az \u00faj kedvenc\u00e9t!<\/p>\n<div style=\"display: flex; justify-content: space-around; flex-wrap: wrap; margin: 30px 0;\">\n<div style=\"border: 1px solid #ddd; border-radius: 10px; padding: 20px; text-align: center; width: 45%; box-shadow: 0 4px 8px rgba(0,0,0,0.1); margin-bottom: 20px;\">\n<h4 style=\"color: #e74c3c; margin-top: 0; margin-bottom: 10px;\">A versenyt\u00e1rs<\/h4>\n<p style=\"font-size: 1.5em; font-weight: bold; color: #34495e; margin-bottom: 10px;\"><a href=\"https:\/\/aiviouvapes.com\/hu\/termek\/vapsolo-triple-30000-puffs\/\">VapSolo Triple 30K<\/a><\/p>\n<p><img loading=\"lazy\" decoding=\"async\" class=\"alignnone\" src=\"https:\/\/i0.wp.com\/aiviouvapes.com\/wp-content\/uploads\/2025\/06\/vapsolo-triple-30000-flavors1.jpg?fit=800%2C800&amp;ssl=1\" alt=\"vapsolo tripla 30000 \u00edzek1\" width=\"353\" height=\"353\" title=\"\"><\/p>\n<p>Egy tisztess\u00e9ges vape tripla \u00edzekkel \u00e9s j\u00f3 puffsz\u00e1mmal, de elkelne egy friss\u00edt\u00e9s a hosszabb ideig tart\u00f3 el\u00e9gedetts\u00e9g \u00e9rdek\u00e9ben!<\/p>\n<\/div>\n<div style=\"border: 1px solid #2ecc71; border-radius: 10px; padding: 20px; text-align: center; width: 45%; box-shadow: 0 4px 8px rgba(0,0,0,0.1); margin-bottom: 20px; background-color: #f0fff4;\">\n<h4 style=\"color: #27ae60; margin-top: 0; margin-bottom: 10px;\">A jobb alternat\u00edva<\/h4>\n<p style=\"font-size: 1.5em; font-weight: bold; color: #34495e; margin-bottom: 10px;\"><a style=\"color: #2980b9; text-decoration: none;\" href=\"https:\/\/aiviouvapes.com\/hu\/termek\/waspe-4-in-1-100000-puffs\/\">WASPE 100K 4 az 1-ben<\/a><\/p>\n<p><img loading=\"lazy\" decoding=\"async\" class=\"alignnone\" src=\"https:\/\/i0.wp.com\/aiviouvapes.com\/wp-content\/uploads\/2025\/07\/ce9ab875bcc8e8bad463b9393eb003fb.jpg?fit=800%2C800&amp;ssl=1\" alt=\"https:\/\/aiviouvapes.com\/product\/waspe-4-in-1-100000-puffs\/\" width=\"343\" height=\"343\" title=\"\"><\/p>\n<p>N\u00e9gyszeres \u00edzekkel, hatalmas kapacit\u00e1ssal \u00e9s fejlett technol\u00f3gi\u00e1val b\u00fcszk\u00e9lkedhet a pr\u00e9mium, probl\u00e9mamentes vaping utaz\u00e1s\u00e9rt!<\/p>\n<\/div>\n<\/div>\n<p style=\"text-align: center;\"><a href=\"https:\/\/aiviouvapes.com\/hu\/termek\/waspe-4-in-1-100000-puffs\/\" target=\"_blank\" class=\"button primary is-primary is-medium\" rel=\"noopener\" >\n\t\t<span>\ud83d\udd25 V\u00e1s\u00e1roljon WASPE 100K most<\/span>\n\t<\/a>\n\n<h3 style=\"color: #2980b9; margin-bottom: 15px;\">Side-by-Side: Egy\u00e9rtelm\u0171 \u00f6sszehasonl\u00edt\u00e1s<\/h3>\n<p style=\"margin-bottom: 20px;\">Hasonl\u00edtsuk \u00f6ssze a specifik\u00e1ci\u00f3kat, hogy l\u00e1ssuk, az WASPE mi\u00e9rt m\u00falja fel\u00fcl a VapSolo-t. A k\u00f6nny\u0171 hivatkoz\u00e1s \u00e9rdek\u00e9ben kiemelt\u00fck a legfontosabb k\u00fcl\u00f6nbs\u00e9geket.<\/p>\n<table style=\"width: 100%; border-collapse: collapse; margin: 30px 0; box-shadow: 0 4px 8px rgba(0,0,0,0.1);\">\n<thead style=\"background-color: #3498db; color: white;\">\n<tr>\n<th style=\"padding: 12px; border: 1px solid #ddd; text-align: left;\">Jellemz\u0151<\/th>\n<th style=\"padding: 12px; border: 1px solid #ddd; text-align: left;\">VapSolo Triple 30K<\/th>\n<th style=\"padding: 12px; border: 1px solid #ddd; text-align: left; background-color: #2ecc71;\">WASPE 100K 4 az 1-ben (A kiv\u00e1l\u00f3 v\u00e1laszt\u00e1s!)<\/th>\n<\/tr>\n<\/thead>\n<tbody>\n<tr style=\"background-color: #f9f9f9;\">\n<td style=\"padding: 12px; border: 1px solid #ddd;\">Puff sz\u00e1m<\/td>\n<td style=\"padding: 12px; border: 1px solid #ddd;\">Ak\u00e1r 30,000<\/td>\n<td style=\"padding: 12px; border: 1px solid #ddd;\">Ak\u00e1r 100,000 (T\u00f6bb mint 3x t\u00f6bb a hosszabb \u00e9lvezet\u00e9rt!)<\/td>\n<\/tr>\n<tr>\n<td style=\"padding: 12px; border: 1px solid #ddd;\">E-folyad\u00e9k kapacit\u00e1s<\/td>\n<td style=\"padding: 12px; border: 1px solid #ddd;\">40 ml (3 x ~13,3 ml-es tart\u00e1ly)<\/td>\n<td style=\"padding: 12px; border: 1px solid #ddd;\">56 ml (4 tart\u00e1ly hosszabb munkamenetekhez)<\/td>\n<\/tr>\n<tr style=\"background-color: #f9f9f9;\">\n<td style=\"padding: 12px; border: 1px solid #ddd;\">\u00cdzes\u00edt\u0151 rendszer<\/td>\n<td style=\"padding: 12px; border: 1px solid #ddd;\">H\u00e1romszoros \u00edzek csavarkapcsol\u00f3val<\/td>\n<td style=\"padding: 12px; border: 1px solid #ddd;\">N\u00e9gyf\u00e9le \u00edz (Egy extra a nagyobb v\u00e1ltozatoss\u00e1g\u00e9rt!)<\/td>\n<\/tr>\n<tr>\n<td style=\"padding: 12px; border: 1px solid #ddd;\">Tekercs t\u00edpusa<\/td>\n<td style=\"padding: 12px; border: 1px solid #ddd;\">1.0\u03a9 tripla h\u00e1l\u00f3s tekercs<\/td>\n<td style=\"padding: 12px; border: 1px solid #ddd;\">4 x 1.0\u03a9 h\u00e1l\u00f3s tekercs (egyenletes, gazdag g\u0151z)<\/td>\n<\/tr>\n<tr style=\"background-color: #f9f9f9;\">\n<td style=\"padding: 12px; border: 1px solid #ddd;\">Akkumul\u00e1tor<\/td>\n<td style=\"padding: 12px; border: 1px solid #ddd;\">650mAh \u00fajrat\u00f6lthet\u0151 (Type-C)<\/td>\n<td style=\"padding: 12px; border: 1px solid #ddd;\">650mAh \u00fajrat\u00f6lthet\u0151 (Type-C)<\/td>\n<\/tr>\n<tr>\n<td style=\"padding: 12px; border: 1px solid #ddd;\">Megjelen\u00edt\u00e9s<\/td>\n<td style=\"padding: 12px; border: 1px solid #ddd;\">Intelligens LCD kijelz\u0151 (puffsz\u00e1m, akkumul\u00e1tor, \u00edz)<\/td>\n<td style=\"padding: 12px; border: 1px solid #ddd;\">LED kijelz\u0151 (akkumul\u00e1tor \u00e9s e-folyad\u00e9k monitoroz\u00e1s)<\/td>\n<\/tr>\n<tr style=\"background-color: #f9f9f9;\">\n<td style=\"padding: 12px; border: 1px solid #ddd;\">Nikotin lehet\u0151s\u00e9gek<\/td>\n<td style=\"padding: 12px; border: 1px solid #ddd;\">2%, 5%<\/td>\n<td style=\"padding: 12px; border: 1px solid #ddd;\">0%, 2%, 5%<\/td>\n<\/tr>\n<tr>\n<td style=\"padding: 12px; border: 1px solid #ddd;\">T\u00f6meges \u00e1rk\u00e9pz\u00e9s (egys\u00e9genk\u00e9nt, 400+)<\/td>\n<td style=\"padding: 12px; border: 1px solid #ddd;\">~\u20ac7.65<\/td>\n<td style=\"padding: 12px; border: 1px solid #ddd;\">~6.54 \u20ac (Tov\u00e1bbi megtakar\u00edt\u00e1s!)<\/td>\n<\/tr>\n<tr style=\"background-color: #f9f9f9;\">\n<td style=\"padding: 12px; border: 1px solid #ddd;\">Mi\u00e9rt v\u00e1lassza?<\/td>\n<td style=\"padding: 12px; border: 1px solid #ddd;\">J\u00f3 m\u00e9rs\u00e9kelt haszn\u00e1latra, ergonomikus kialak\u00edt\u00e1ssal.<\/td>\n<td style=\"padding: 12px; border: 1px solid #ddd;\">P\u00e1ratlan hossz\u00fa \u00e9lettartam \u00e9s \u00e9rt\u00e9k a heavy vaperek sz\u00e1m\u00e1ra.<\/td>\n<\/tr>\n<\/tbody>\n<\/table>\n<h3 style=\"color: #2980b9; margin-bottom: 15px;\">Mi teszi az WASPE 100K-t kiemelked\u0151v\u00e9<\/h3>\n<div style=\"background-color: #eafaf1; border-left: 5px solid #2ecc71; padding: 20px; margin: 20px 0; border-radius: 5px;\">\n<h4 style=\"color: #27ae60; margin-top: 0; margin-bottom: 15px;\">Az WASPE el\u0151nye: Mindenb\u0151l t\u00f6bb!<\/h4>\n<ul style=\"list-style-type: none; padding: 0; margin: 0;\">\n<li style=\"margin-bottom: 10px;\">\u2705 Triple the Puffs: 100 000 puffan\u00e1ssal az WASPE sokkal tov\u00e1bb tart, mint a VapSolo 30 000, minimaliz\u00e1lva a cser\u00e9ket \u00e9s maximaliz\u00e1lva a k\u00e9nyelmet.<\/li>\n<li style=\"margin-bottom: 10px;\">\u2705 Extra \u00edz\u0171 v\u00e1ltozat: A n\u00e9gy \u00edz t\u00f6bb lehet\u0151s\u00e9get jelent, amelyek k\u00f6z\u00f6tt v\u00e1lthatsz, megel\u0151zve az unalmat \u00e9s fokozva az el\u00e9gedetts\u00e9get - a k\u00fcl\u00f6n\u00e1ll\u00f3 tart\u00e1lyoknak k\u00f6sz\u00f6nhet\u0151en nincs \u00edzki\u00e1raml\u00e1s.<\/li>\n<li style=\"margin-bottom: 10px;\">\u2705 Nagyobb kapacit\u00e1s a kevesebb gond\u00e9rt: A n\u00e9gyh\u00e1l\u00f3s tekercsekkel p\u00e1ros\u00edtva minden alkalommal sima, intenz\u00edv tal\u00e1latokat biztos\u00edt.<\/li>\n<li style=\"margin-bottom: 10px;\">\u2705 Felhaszn\u00e1l\u00f3bar\u00e1t funkci\u00f3k: Az \u00fajrat\u00f6lthet\u0151 kialak\u00edt\u00e1s, a LED kijelz\u0151 \u00e9s az ergonomikus fel\u00e9p\u00edt\u00e9s minden vaper sz\u00e1m\u00e1ra el\u00e9rhet\u0151v\u00e9 teszi, az \u00edz tisztas\u00e1g\u00e1r\u00f3l \u00e9s a g\u0151z min\u0151s\u00e9g\u00e9r\u0151l sz\u00f3l\u00f3 pozit\u00edv v\u00e9lem\u00e9nyekkel.<\/li>\n<li>\n<p dir=\"auto\">\u2705 K\u00f6lts\u00e9ghat\u00e9kony \u00f6mlesztett opci\u00f3k: A VapSolo-t\u00f3l elt\u00e9r\u0151en, amely legal\u00e1bb 1000 darabot ig\u00e9nyel, ami magasabb darabonk\u00e9nti k\u00f6lts\u00e9gekkel j\u00e1r a kisebb v\u00e1s\u00e1rl\u00f3k sz\u00e1m\u00e1ra. Ez a j\u00e1t\u00e9k megv\u00e1ltoztatja a vaperek vagy a boltok sz\u00e1m\u00e1ra, akik n\u00e9h\u00e1ny darabot szeretn\u00e9nek rendelni an\u00e9lk\u00fcl, hogy hatalmas mennyis\u00e9geket k\u00f6telezn\u00e9nek el, b\u00e1r a VapSolo \u00e1ltal\u00e1nos tapasztalata nem \u00e9r fel az WASPE kiv\u00e1l\u00f3 \u00e9lettartam\u00e1val \u00e9s funkci\u00f3ival. Ek\u00f6zben a nagyobb mennyis\u00e9gek alacsonyabb \u00e1raz\u00e1sa ide\u00e1lisv\u00e1 teszi az WASPE-t a nagykeresked\u0151k vagy a megtakar\u00edtani v\u00e1gy\u00f3 lelkes felhaszn\u00e1l\u00f3k sz\u00e1m\u00e1ra. \u00cdme egy gyors \u00e1rk\u00e9pz\u00e9s:<\/p>\n<p dir=\"auto\"><strong>WASPE \u00c1rk\u00e9pz\u00e9s:<\/strong><\/p>\n<ul dir=\"auto\">\n<li>10-29: 12,10 \u20ac fejenk\u00e9nt<\/li>\n<li>30-49: 9,63 \u20ac fejenk\u00e9nt<\/li>\n<li>50-99: 7,90 \u20ac fejenk\u00e9nt<\/li>\n<li>100-199: 7,65 \u20ac darabonk\u00e9nt<\/li>\n<li>200-399: 6,99 \u20ac darabonk\u00e9nt<\/li>\n<li>400+: 6,54 \u20ac fejenk\u00e9nt<\/li>\n<\/ul>\n<p dir=\"auto\"><strong>VapSolo \u00e1rk\u00e9pz\u00e9s:<\/strong><\/p>\n<ul dir=\"auto\">\n<li>1,000-1,999: 8,52 \u20ac darabonk\u00e9nt<\/li>\n<li>2,000+: 7,65 \u20ac fejenk\u00e9nt<\/li>\n<\/ul>\n<\/li>\n<\/ul>\n<\/div>\n<p style=\"text-align: center;\"><a href=\"https:\/\/aiviouvapes.com\/hu\/termek\/waspe-4-in-1-100000-puffs\/\" target=\"_blank\" class=\"button secondary is-secondary is-medium\" rel=\"noopener\" >\n\t\t<span>\ud83d\udca8 Get WASPE 100K Nagykereskedelem<\/span>\n\t<\/a>\n\n<h3 style=\"color: #2980b9; margin-bottom: 15px;\">A k\u00f6z\u00f6s agg\u00e1lyok kezel\u00e9se<\/h3>\n<div style=\"background-color: #f4f6f7; border-radius: 8px; padding: 20px; margin-bottom: 20px;\">\n<div style=\"margin-bottom: 15px;\">\n<h4 style=\"font-weight: bold; color: #34495e; margin: 0;\">\ud83e\udd14 \u201cA VapSolo-nak van egy divatos LCD-je - az WASPE megfelel ennek?\u201d<\/h4>\n<p style=\"margin-top: 5px; margin-bottom: 0;\">Az WASPE LED-kijelz\u0151je intuit\u00edv, \u00e9s olyan alapvet\u0151 inform\u00e1ci\u00f3kat mutat, mint az akkumul\u00e1tor \u00e9s az e-folyad\u00e9k szintje. M\u00edg a VapSolo k\u00e9perny\u0151je r\u00e9szletes, az WASPE a megb\u00edzhat\u00f3s\u00e1got \u00e9s a hossz\u00fa \u00e9lettartamot helyezi el\u0151t\u00e9rbe az extr\u00e1kkal szemben.<\/p>\n<\/div>\n<div style=\"margin-bottom: 15px;\">\n<h4 style=\"font-weight: bold; color: #34495e; margin: 0;\">\ud83e\udd14 \u201cAz WASPE ugyanolyan hordozhat\u00f3 \u00e9s k\u00f6nnyen haszn\u00e1lhat\u00f3?\u201d<\/h4>\n<p style=\"margin-top: 5px; margin-bottom: 0;\">Igen! Kompakt, k\u00f6nny\u0171, \u00e9s egyszer\u0171 kapcsol\u00f3val rendelkezik az \u00edzek kiv\u00e1laszt\u00e1s\u00e1hoz. A VapSolo-hoz hasonl\u00f3an C-t\u00edpuson kereszt\u00fcl \u00fajrat\u00f6lthet\u0151, \u00e9s k\u00e9szen \u00e1ll az \u00fatk\u00f6zbeni p\u00e1rologtat\u00e1sra.<\/p>\n<\/div>\n<div>\n<h4 style=\"font-weight: bold; color: #34495e; margin: 0;\">\ud83e\udd14 \u201cMi a helyzet az \u00edzekkel \u00e9s a nikotinhoz hasonl\u00f3 min\u0151s\u00e9ggel?\u201d<\/h4>\n<p style=\"margin-top: 5px; margin-bottom: 0;\">Az WASPE v\u00e1ltozatos kombin\u00e1ci\u00f3kat k\u00edn\u00e1l, mint p\u00e9ld\u00e1ul a Watermelon Ice &amp; Strawberry Kiwi, 0-5% nikotinnal. A felhaszn\u00e1l\u00f3k dics\u00e9rik a tiszta, intenz\u00edv \u00edzeket, \u00e9s gyakran jobb konzisztenci\u00e1t eml\u00edtenek, mint a versenyt\u00e1rsak.<\/p>\n<\/div>\n<\/div>\n<h3 style=\"color: #2980b9; margin-top: 40px; text-align: left; margin-bottom: 15px;\">K\u00e9szen \u00e1ll a friss\u00edt\u00e9sre?<\/h3>\n<p style=\"font-size: 1.1em; text-align: left; margin-bottom: 0;\">Az WASPE 100K 4 az 1-ben 1-re v\u00e1lt\u00e1s t\u00f6bb puffot, t\u00f6bb \u00edzt \u00e9s nagyobb megtakar\u00edt\u00e1st jelent. Ez nem csak egy csere - ez a p\u00e1rologtat\u00e1si rutinj\u00e1nak a tov\u00e1bbfejleszt\u00e9se. Pr\u00f3b\u00e1lja ki m\u00e9g ma, \u00e9s tapasztalja meg a k\u00fcl\u00f6nbs\u00e9get!<\/p>\n<p style=\"text-align: center;\"><a href=\"https:\/\/aiviouvapes.com\/hu\/termek\/waspe-4-in-1-100000-puffs\/\" target=\"_blank\" class=\"button primary is-primary is-medium\" rel=\"noopener\" >\n\t\t<span>\ud83c\udf1f WASPE 100K v\u00e1s\u00e1rl\u00e1s itt<\/span>\n\t<\/a>\n\n<div id=\"row-210236194\" class=\"row row-collapse\" style=\"margin-top: 20px;\">\n<div id=\"col-1507800244\" class=\"col small-12 large-12\"><\/div>\n<\/div>\n<\/div>","protected":false},"excerpt":{"rendered":"<p>Considering the VapSolo Triple 30K? Discover Why WASPE 100K 4-in-1 is the Better Choice! We understand the appeal of the VapSolo Triple 30K\u2014it&#8217;s a reliable vape with good features. However, if you&#8217;re looking for more puffs, extra flavor options, and better value, we&#8217;re excited to recommend the WASPE 100K 4-in-1 as the superior alternative. It&#8217;s [&#8230;]\n","protected":false},"author":2170,"featured_media":0,"parent":0,"menu_order":0,"comment_status":"closed","ping_status":"closed","template":"","meta":{"footnotes":""},"class_list":["post-80783","page","type-page","status-publish","hentry"],"jetpack_sharing_enabled":true,"_links":{"self":[{"href":"https:\/\/aiviouvapes.com\/hu\/wp-json\/wp\/v2\/pages\/80783","targetHints":{"allow":["GET"]}}],"collection":[{"href":"https:\/\/aiviouvapes.com\/hu\/wp-json\/wp\/v2\/pages"}],"about":[{"href":"https:\/\/aiviouvapes.com\/hu\/wp-json\/wp\/v2\/types\/page"}],"author":[{"embeddable":true,"href":"https:\/\/aiviouvapes.com\/hu\/wp-json\/wp\/v2\/users\/2170"}],"replies":[{"embeddable":true,"href":"https:\/\/aiviouvapes.com\/hu\/wp-json\/wp\/v2\/comments?post=80783"}],"version-history":[{"count":6,"href":"https:\/\/aiviouvapes.com\/hu\/wp-json\/wp\/v2\/pages\/80783\/revisions"}],"predecessor-version":[{"id":80792,"href":"https:\/\/aiviouvapes.com\/hu\/wp-json\/wp\/v2\/pages\/80783\/revisions\/80792"}],"wp:attachment":[{"href":"https:\/\/aiviouvapes.com\/hu\/wp-json\/wp\/v2\/media?parent=80783"}],"curies":[{"name":"wp","href":"https:\/\/api.w.org\/{rel}","templated":true}]}}