{"id":70,"date":"2024-08-12T12:55:00","date_gmt":"2024-08-12T12:55:00","guid":{"rendered":"https:\/\/aiviouvapes.com\/?page_id=70"},"modified":"2026-03-12T10:34:37","modified_gmt":"2026-03-12T02:34:37","slug":"about","status":"publish","type":"page","link":"https:\/\/aiviouvapes.com\/hu\/about\/","title":{"rendered":"R\u00f3lunk"},"content":{"rendered":"<div class=\"row\"  id=\"row-1185289757\">\n\n\t<div id=\"col-436977991\" class=\"col medium-6 small-12 large-6\"  >\n\t\t\t\t<div class=\"col-inner\"  >\n\t\t\t\n\t\t\t\n\t<div class=\"img has-hover x md-x lg-x y md-y lg-y\" id=\"image_162435612\">\n\t\t\t\t\t\t\t\t<div class=\"img-inner dark\" >\n\t\t\t<img data-recalc-dims=\"1\" loading=\"lazy\" decoding=\"async\" width=\"1020\" height=\"1360\" src=\"https:\/\/i0.wp.com\/aiviouvapes.com\/wp-content\/uploads\/2025\/04\/waspe-60k4.jpg?resize=1020%2C1360&#038;ssl=1\" class=\"attachment-original size-original\" alt=\"waspe 60k\" srcset=\"https:\/\/i0.wp.com\/aiviouvapes.com\/wp-content\/uploads\/2025\/04\/waspe-60k4.jpg?w=1440&amp;ssl=1 1440w, https:\/\/i0.wp.com\/aiviouvapes.com\/wp-content\/uploads\/2025\/04\/waspe-60k4.jpg?resize=225%2C300&amp;ssl=1 225w, https:\/\/i0.wp.com\/aiviouvapes.com\/wp-content\/uploads\/2025\/04\/waspe-60k4.jpg?resize=768%2C1024&amp;ssl=1 768w, https:\/\/i0.wp.com\/aiviouvapes.com\/wp-content\/uploads\/2025\/04\/waspe-60k4.jpg?resize=1152%2C1536&amp;ssl=1 1152w, https:\/\/i0.wp.com\/aiviouvapes.com\/wp-content\/uploads\/2025\/04\/waspe-60k4.jpg?resize=9%2C12&amp;ssl=1 9w, https:\/\/i0.wp.com\/aiviouvapes.com\/wp-content\/uploads\/2025\/04\/waspe-60k4.jpg?resize=1320%2C1760&amp;ssl=1 1320w, https:\/\/i0.wp.com\/aiviouvapes.com\/wp-content\/uploads\/2025\/04\/waspe-60k4.jpg?resize=800%2C1067&amp;ssl=1 800w\" sizes=\"auto, (max-width: 1020px) 100vw, 1020px\" title=\"\">\t\t\t\t\t\t\n\t\t\t\t\t<\/div>\n\t\t\t\t\t\t\t\t\n<style>\n#image_162435612 {\n  width: 100%;\n}\n<\/style>\n\t<\/div>\n\t\n<p>CC Toyar Trade Co., Limited<br \/>C\u00edm: UNIT D18, 3\/F WONG KING IND<br \/>BLDG NO.2-4 TAI YAU ST SAN PO KONG<br \/>HONG KONG<\/p>\n\t\t<\/div>\n\t\t\t\t\t<\/div>\n\n\t\n\n\t<div id=\"col-104407015\" class=\"col medium-6 small-12 large-6\"  >\n\t\t\t\t<div class=\"col-inner\"  >\n\t\t\t\n\t\t\t\n<div class=\"container section-title-container\" ><h3 class=\"section-title section-title-normal\"><b aria-hidden=\"true\"><\/b><span class=\"section-title-main\" >V\u00e1s\u00e1roljon t\u00f6megesen eldobhat\u00f3 vape-eket online az AIVIOU VAPES-t\u0151l<\/span><b aria-hidden=\"true\"><\/b><\/h3><\/div>\n<p dir=\"auto\">\u00dcdv\u00f6z\u00f6lj\u00fck a\u00a0<a href=\"https:\/\/aiviouvapes.com\/hu\/\">Aiviouvapes<\/a>, az \u00d6n els\u0151sz\u00e1m\u00fa online c\u00e9lpontja a\u00a0<a href=\"https:\/\/aiviouvapes.com\/hu\/\">eldobhat\u00f3 vape-ek<\/a>. T\u00f6bb mint 5 \u00e9ves gazdag m\u00faltra tekint vissza az ipar\u00e1gban, \u00e9s b\u00fcszk\u00e9k vagyunk arra, hogy olyan cs\u00facsm\u00e1rk\u00e1k v\u00e1ltozatos v\u00e1laszt\u00e9k\u00e1t k\u00edn\u00e1ljuk, mint az Bang King, Al Fakher Vape, Vapeme, Waspe, RandM Tornado, Bang Box, \u00e9s \u00edgy tov\u00e1bb.<\/p>\n<p dir=\"auto\">Az Aiviouvapesn\u00e9l a kiv\u00e1l\u00f3s\u00e1g jelz\u0151f\u00e9nye vagyunk az elektronikus p\u00e1rologtat\u00e1s vil\u00e1g\u00e1ban. Term\u00e9keink vil\u00e1gszerte sz\u00e1mos orsz\u00e1gba eljutottak, ami a min\u0151s\u00e9g \u00e9s a v\u00e1s\u00e1rl\u00f3i el\u00e9gedetts\u00e9g ir\u00e1nti elk\u00f6telezetts\u00e9g\u00fcnk bizony\u00edt\u00e9ka. Az e-cigaretta forgalmaz\u00e1s ter\u00fclet\u00e9n tapasztalt szakemberekk\u00e9nt mind a kis-, mind a nagykereskedelmi ig\u00e9nyeket kiel\u00e9g\u00edtj\u00fck, biztos\u00edtva, hogy \u00fcgyfeleink a legjobb term\u00e9keket \u00e9s szolg\u00e1ltat\u00e1sokat kapj\u00e1k a piacon.<\/p>\n<p dir=\"auto\">Honlapunk, az aiviouvapes.com, a rajong\u00f3k \u00e9s a kezd\u0151k sz\u00e1m\u00e1ra egyar\u00e1nt csom\u00f3pontk\u00e9nt szolg\u00e1l, z\u00f6kken\u0151mentes v\u00e1s\u00e1rl\u00e1si \u00e9lm\u00e9nyt \u00e9s hatalmas v\u00e1laszt\u00e9kot k\u00edn\u00e1lva a k\u00f6vetkez\u0151 term\u00e9kekb\u0151l\u00a0<a href=\"https:\/\/aiviouvapes.com\/hu\/termekkategoria\/waspe\/\">eldobhat\u00f3 e-cigaretta<\/a>\u00a0lehet\u0151s\u00e9gek. Ak\u00e1r a leg\u00fajabb innov\u00e1ci\u00f3kat, ak\u00e1r az id\u0151tlen klasszikusokat keresi, az Aiviouvapes az \u00d6n megb\u00edzhat\u00f3 partnere a vaping vil\u00e1g\u00e1ban.<\/p>\n<p dir=\"auto\">Csatlakozzon hozz\u00e1nk ezen az \u00faton, ahogyan tov\u00e1bbra is \u00fajra\u00e9rtelmezz\u00fck a kiv\u00e1l\u00f3s\u00e1gi szabv\u00e1nyokat a\u00a0<a href=\"https:\/\/aiviouvapes.com\/hu\/shop\/\">eldobhat\u00f3 vape<\/a>\u00a0ipar. Tapasztalja meg a k\u00fcl\u00f6nbs\u00e9get az Aiviouvapes-szel - ahol a min\u0151s\u00e9g, a v\u00e1ltozatoss\u00e1g \u00e9s a v\u00e1s\u00e1rl\u00f3i el\u00e9gedetts\u00e9g z\u00f6kken\u0151mentesen tal\u00e1lkozik.<\/p>\n<p><strong>E-mail:<\/strong>\u00a0<a href=\"mailto:support@aiviouvapes.com\">support@aiviouvapes.com<\/a><\/p>\n<p style=\"display: none;\"><strong>WhatsApp:<\/strong>\u00a0<a href=\"https:\/\/api.whatsapp.com\/send?phone=8618241953968\" rel=\"noopener\">+8618241953968<\/a><\/p>\n<p><strong>Aiviou Vape Technology Co., Ltd. (Aivio Vapes Technology Co., Ltd., Aiviou Vapes Technology Co., Ltd.)<\/strong><\/p>\n\t<div class=\"img has-hover x md-x lg-x y md-y lg-y\" id=\"image_1954483234\">\n\t\t\t\t\t\t\t\t<div class=\"img-inner dark\" >\n\t\t\t<img data-recalc-dims=\"1\" loading=\"lazy\" decoding=\"async\" width=\"1020\" height=\"765\" src=\"https:\/\/i0.wp.com\/aiviouvapes.com\/wp-content\/uploads\/2026\/03\/aiviouvapes-warehouse.jpg?resize=1020%2C765&#038;ssl=1\" class=\"attachment-original size-original\" alt=\"aiviouvapes rakt\u00e1r\" srcset=\"https:\/\/i0.wp.com\/aiviouvapes.com\/wp-content\/uploads\/2026\/03\/aiviouvapes-warehouse.jpg?w=1706&amp;ssl=1 1706w, https:\/\/i0.wp.com\/aiviouvapes.com\/wp-content\/uploads\/2026\/03\/aiviouvapes-warehouse.jpg?resize=300%2C225&amp;ssl=1 300w, https:\/\/i0.wp.com\/aiviouvapes.com\/wp-content\/uploads\/2026\/03\/aiviouvapes-warehouse.jpg?resize=1024%2C768&amp;ssl=1 1024w, https:\/\/i0.wp.com\/aiviouvapes.com\/wp-content\/uploads\/2026\/03\/aiviouvapes-warehouse.jpg?resize=768%2C576&amp;ssl=1 768w, https:\/\/i0.wp.com\/aiviouvapes.com\/wp-content\/uploads\/2026\/03\/aiviouvapes-warehouse.jpg?resize=1536%2C1152&amp;ssl=1 1536w, https:\/\/i0.wp.com\/aiviouvapes.com\/wp-content\/uploads\/2026\/03\/aiviouvapes-warehouse.jpg?resize=16%2C12&amp;ssl=1 16w, https:\/\/i0.wp.com\/aiviouvapes.com\/wp-content\/uploads\/2026\/03\/aiviouvapes-warehouse.jpg?resize=800%2C600&amp;ssl=1 800w\" sizes=\"auto, (max-width: 1020px) 100vw, 1020px\" title=\"\">\t\t\t\t\t\t\n\t\t\t\t\t<\/div>\n\t\t\t\t\t\t\t\t\n<style>\n#image_1954483234 {\n  width: 100%;\n}\n<\/style>\n\t<\/div>\n\t\n<a href=\"https:\/\/aiviouvapes.com\/hu\/shop\/\" class=\"button primary is-outline is-larger\">\n\t\t<span>L\u00e1togasson el a boltba!<\/span>\n\t<\/a>\n\n\t\t<\/div>\n\t\t\t\t\t<\/div>\n\n\t\n<\/div>","protected":false},"excerpt":{"rendered":"","protected":false},"author":1,"featured_media":0,"parent":0,"menu_order":0,"comment_status":"closed","ping_status":"closed","template":"","meta":{"footnotes":""},"class_list":["post-70","page","type-page","status-publish","hentry"],"jetpack_sharing_enabled":true,"_links":{"self":[{"href":"https:\/\/aiviouvapes.com\/hu\/wp-json\/wp\/v2\/pages\/70","targetHints":{"allow":["GET"]}}],"collection":[{"href":"https:\/\/aiviouvapes.com\/hu\/wp-json\/wp\/v2\/pages"}],"about":[{"href":"https:\/\/aiviouvapes.com\/hu\/wp-json\/wp\/v2\/types\/page"}],"author":[{"embeddable":true,"href":"https:\/\/aiviouvapes.com\/hu\/wp-json\/wp\/v2\/users\/1"}],"replies":[{"embeddable":true,"href":"https:\/\/aiviouvapes.com\/hu\/wp-json\/wp\/v2\/comments?post=70"}],"version-history":[{"count":8,"href":"https:\/\/aiviouvapes.com\/hu\/wp-json\/wp\/v2\/pages\/70\/revisions"}],"predecessor-version":[{"id":114619,"href":"https:\/\/aiviouvapes.com\/hu\/wp-json\/wp\/v2\/pages\/70\/revisions\/114619"}],"wp:attachment":[{"href":"https:\/\/aiviouvapes.com\/hu\/wp-json\/wp\/v2\/media?parent=70"}],"curies":[{"name":"wp","href":"https:\/\/api.w.org\/{rel}","templated":true}]}}