{"id":5173,"date":"2024-08-21T10:42:43","date_gmt":"2024-08-21T10:42:43","guid":{"rendered":"https:\/\/aiviouvapes.com\/?page_id=5173"},"modified":"2026-02-02T10:25:50","modified_gmt":"2026-02-02T02:25:50","slug":"coupons-offer","status":"publish","type":"page","link":"https:\/\/aiviouvapes.com\/hu\/coupons-offer\/","title":{"rendered":"Kuponok &amp; aj\u00e1nlat"},"content":{"rendered":"<div class=\"row\"  id=\"row-396317092\">\n\n\t<div id=\"col-943339198\" class=\"col medium-6 small-12 large-6\"  >\n\t\t\t\t<div class=\"col-inner text-center\"  >\n\t\t\t\n\t\t\t\n\t<div id=\"text-59973534\" class=\"text\">\n\t\t\n<h2>2026 exkluz\u00edv kuponk\u00f3d el\u00e9rhet\u0151!<\/h2>\n<p>Jelentkezzen be fi\u00f3kj\u00e1ba, \u00e9s l\u00e1togasson el a Kuponk\u00f3d oldalra, hogy feloldja a szem\u00e9lyre szabott kedvezm\u00e9nyt, \u00e9s m\u00e9g ma elkezdjen takar\u00e9koskodni.<\/p>\n\t\t\n<style>\n#text-59973534 {\n  text-align: center;\n}\n<\/style>\n\t<\/div>\n\t\n<a href=\"https:\/\/aiviouvapes.com\/hu\/my-account\/smart-coupons\/\" class=\"button primary box-shadow-3 box-shadow-1-hover\" >\n\t\t<span>Kuponok megtekint\u00e9se<\/span>\n\t<\/a>\n\n\t\t<\/div>\n\t\t\t\t\t<\/div>\n\n\t\n\n\t<div id=\"col-1912175931\" class=\"col medium-6 small-12 large-6\"  >\n\t\t\t\t<div class=\"col-inner text-center\"  >\n\t\t\t\n\t\t\t\n<div id=\"text-3360396666\" class=\"text\">\n<h2 style=\"text-align: left;\">Eldobhat\u00f3 Vape Kuponok \u00e9s aj\u00e1nlatok az AIVIOU VAPES \u00e1ltal<\/h2>\n<\/div>\n<p style=\"text-align: left;\">\u00dcdv\u00f6z\u00f6lj\u00fck az aiviouvapes.com oldalon, a kiv\u00e1l\u00f3 min\u0151s\u00e9g\u0171 eldobhat\u00f3 vape term\u00e9kek v\u00e9gs\u0151 online c\u00e9lpontj\u00e1n. Fedezze fel a neves m\u00e1rk\u00e1k sz\u00e9les k\u00f6r\u0171 gy\u0171jtem\u00e9ny\u00e9t, bele\u00e9rtve a Doloda, Elf Box, Bang King, Al Fakher Vape, Vapeme, Waspe, RandM Tornado, Bang Box \u00e9s m\u00e9g sok m\u00e1s. \u00dcgyeljen arra, hogy gyakran ellen\u0151rizze weboldalunkat exkluz\u00edv aj\u00e1nlatok \u00e9s k\u00fcl\u00f6nleges aj\u00e1nlatok miatt, biztos\u00edtva, hogy kiv\u00e9teles vape term\u00e9keink mindenki sz\u00e1m\u00e1ra el\u00e9rhet\u0151ek maradjanak.<\/p>\n<p style=\"text-align: left;\">Az eldobhat\u00f3 vapes professzion\u00e1lis nagykereskedelmi forgalmaz\u00f3i vagyunk. A haszonkulcsunk minim\u00e1lis, \u00e9s \u0151szinte er\u0151fesz\u00edt\u00e9seinket kedvezm\u00e9nyes kuponok felaj\u00e1nl\u00e1s\u00e1val terjesztj\u00fck ki, hossz\u00fa t\u00e1v\u00fa \u00e9s stabil partners\u00e9gre t\u00f6rekedve \u00fcgyfeleinkkel.<\/p>\n<a href=\"https:\/\/aiviouvapes.com\/hu\/shop\/\" class=\"button primary box-shadow-3 box-shadow-1-hover\" >\n\t\t<span>Rendelje meg most<\/span>\n\t<\/a>\n\n\t\t<\/div>\n\t\t\t\t\t<\/div>\n\n\t\n<\/div>\n\t<div id=\"gap-2109342400\" class=\"gap-element clearfix\" style=\"display:block; height:auto;\">\n\t\t\n<style>\n#gap-2109342400 {\n  padding-top: 30px;\n}\n<\/style>\n\t<\/div>\n\t\n<div class=\"container section-title-container\" ><h3 class=\"section-title section-title-normal\"><b aria-hidden=\"true\"><\/b><span class=\"section-title-main\" >Affiliate Coupon Library (nyilv\u00e1nos haszn\u00e1lat)<\/span><b aria-hidden=\"true\"><\/b><\/h3><\/div>\n<table style=\"width:100%; border-collapse:collapse; font-family:Arial, sans-serif; text-align:left; border:1px solid #ddd;\">\n<thead style=\"background:#f7f7f7;\">\n<tr>\n<th style=\"padding:10px; border:1px solid #ddd;\">\ud83c\udf9f\ufe0f kupon k\u00f3d<\/th>\n<th style=\"padding:10px; border:1px solid #ddd;\">\ud83d\udcb0 Kedvezm\u00e9ny<\/th>\n<th style=\"padding:10px; border:1px solid #ddd;\">\ud83d\uded2 Minim\u00e1lis rendel\u00e9s<\/th>\n<th style=\"padding:10px; border:1px solid #ddd;\">\ud83d\udcc5 \u00c9rv\u00e9nyes addig, am\u00edg<\/th>\n<th style=\"padding:10px; border:1px solid #ddd;\">\ud83e\udded Le\u00edr\u00e1s<\/th>\n<th style=\"padding:10px; border:1px solid #ddd;\">\ud83d\udce2 Javasolt hirdet\u00e9si sor<\/th>\n<\/tr>\n<\/thead>\n<tbody>\n<tr>\n<td style=\"padding:10px; border:1px solid #ddd;\"><b>BULKSAVE300<\/b><\/td>\n<td style=\"padding:10px; border:1px solid #ddd;\">2% KI<\/td>\n<td style=\"padding:10px; border:1px solid #ddd;\">\u20ac300+<\/td>\n<td style=\"padding:10px; border:1px solid #ddd;\">december 31, 2026<\/td>\n<td style=\"padding:10px; border:1px solid #ddd;\">Nagy megtakar\u00edt\u00e1s 300 eur\u00f3 feletti rendel\u00e9s eset\u00e9n!<\/td>\n<td style=\"padding:10px; border:1px solid #ddd;\">\ud83d\udcb8 Spend Smart, Save More! Get <b>2% KI<\/b> 300 eur\u00f3 feletti megrendel\u00e9sek.<\/td>\n<\/tr>\n<tr>\n<td style=\"padding:10px; border:1px solid #ddd;\"><b>BULKSAVE<\/b><\/td>\n<td style=\"padding:10px; border:1px solid #ddd;\">3% KI<\/td>\n<td style=\"padding:10px; border:1px solid #ddd;\">\u20ac500+<\/td>\n<td style=\"padding:10px; border:1px solid #ddd;\">december 31, 2026<\/td>\n<td style=\"padding:10px; border:1px solid #ddd;\">\u00c9lvezze a nagyobb megtakar\u00edt\u00e1sokat 500 eur\u00f3 feletti rendel\u00e9sek eset\u00e9n!<\/td>\n<td style=\"padding:10px; border:1px solid #ddd;\">\ud83d\ude9b Nagy megrendel\u00e9sek = nagy jutalmak! <b>3% KI<\/b> 500 eur\u00f3 felett.<\/td>\n<\/tr>\n<tr>\n<td style=\"padding:10px; border:1px solid #ddd;\"><b>BULKSAVE1500<\/b><\/td>\n<td style=\"padding:10px; border:1px solid #ddd;\">3.01% KI<\/td>\n<td style=\"padding:10px; border:1px solid #ddd;\">\u20ac1500+<\/td>\n<td style=\"padding:10px; border:1px solid #ddd;\">december 31, 2026<\/td>\n<td style=\"padding:10px; border:1px solid #ddd;\">K\u00fcl\u00f6nleges kedvezm\u00e9ny a nagy mennyis\u00e9gben v\u00e1s\u00e1rl\u00f3k sz\u00e1m\u00e1ra.<\/td>\n<td style=\"padding:10px; border:1px solid #ddd;\">\ud83c\udff7\ufe0f Mega Saver! K\u00f6lts\u00f6n 1500 \u20ac+ \u00e9s kap <b>3.01% KI<\/b>.<\/td>\n<\/tr>\n<tr>\n<td style=\"padding:10px; border:1px solid #ddd;\"><b>NOV2026<\/b><\/td>\n<td style=\"padding:10px; border:1px solid #ddd;\">5 \u20ac LE<\/td>\n<td style=\"padding:10px; border:1px solid #ddd;\">\u20ac90+<\/td>\n<td style=\"padding:10px; border:1px solid #ddd;\">november 30, 2026<\/td>\n<td style=\"padding:10px; border:1px solid #ddd;\">\ud83c\udf41 Novemberi akci\u00f3 - 5 \u20ac kedvezm\u00e9ny a kos\u00e1rb\u00f3l!<\/td>\n<td style=\"padding:10px; border:1px solid #ddd;\">\ud83c\udf42 5 \u20ac azonnali megtakar\u00edt\u00e1s a k\u00f6vetkez\u0151vel <b>NOV2026<\/b> eg\u00e9sz novemberben!<\/td>\n<\/tr>\n<tr>\n<td style=\"padding:10px; border:1px solid #ddd;\"><b>BlackFriday<\/b><\/td>\n<td style=\"padding:10px; border:1px solid #ddd;\">\u20ac10 LE<\/td>\n<td style=\"padding:10px; border:1px solid #ddd;\">\u20ac90+<\/td>\n<td style=\"padding:10px; border:1px solid #ddd;\">november 27, 2026<\/td>\n<td style=\"padding:10px; border:1px solid #ddd;\">Fekete p\u00e9nteki k\u00fcl\u00f6nleges megtakar\u00edt\u00e1s a megfelel\u0151 megrendel\u00e9sekre.<\/td>\n<td style=\"padding:10px; border:1px solid #ddd;\">\ud83d\udda4 Fekete p\u00e9nteki lop\u00e1s: Get <b>\u20ac10 LE<\/b> ha t\u00f6bb mint 90 eur\u00f3t k\u00f6ltesz!<\/td>\n<\/tr>\n<tr>\n<td style=\"padding:10px; border:1px solid #ddd;\"><b>CyberMonday<\/b><\/td>\n<td style=\"padding:10px; border:1px solid #ddd;\">\u20ac10 LE<\/td>\n<td style=\"padding:10px; border:1px solid #ddd;\">\u20ac90+<\/td>\n<td style=\"padding:10px; border:1px solid #ddd;\">november 30, 2026<\/td>\n<td style=\"padding:10px; border:1px solid #ddd;\">Cyber Monday hosszabb\u00edt\u00e1s - extra id\u0151 a sp\u00f3rol\u00e1sra!<\/td>\n<td style=\"padding:10px; border:1px solid #ddd;\">\ud83d\udcbb Kattintson, kos\u00e1r, ment\u00e9s: <b>\u20ac10 LE<\/b> 90 eur\u00f3 feletti rendel\u00e9sek!<\/td>\n<\/tr>\n<tr>\n<td style=\"padding:10px; border:1px solid #ddd;\"><b>ChristmasDay<\/b><\/td>\n<td style=\"padding:10px; border:1px solid #ddd;\">\u20ac10 LE<\/td>\n<td style=\"padding:10px; border:1px solid #ddd;\">\u20ac90+<\/td>\n<td style=\"padding:10px; border:1px solid #ddd;\">december 26, 2026<\/td>\n<td style=\"padding:10px; border:1px solid #ddd;\">\u00dcnnepi megtakar\u00edt\u00e1sok a kar\u00e1csonyi v\u00e1s\u00e1rl\u00f3knak.<\/td>\n<td style=\"padding:10px; border:1px solid #ddd;\">\ud83c\udf84 Unwrap <b>\u20ac10 LE<\/b> \u20ac90+ \u00e1ron id\u00e9n kar\u00e1csonykor!<\/td>\n<\/tr>\n<tr>\n<td style=\"padding:10px; border:1px solid #ddd;\"><b>BoxingDay<\/b><\/td>\n<td style=\"padding:10px; border:1px solid #ddd;\">\u20ac10 LE<\/td>\n<td style=\"padding:10px; border:1px solid #ddd;\">\u20ac90+<\/td>\n<td style=\"padding:10px; border:1px solid #ddd;\">december 27, 2026<\/td>\n<td style=\"padding:10px; border:1px solid #ddd;\">Boxing Day aj\u00e1nlat a megfelel\u0151 kosarakra.<\/td>\n<td style=\"padding:10px; border:1px solid #ddd;\">\ud83c\udf81 Day-After Deal: <b>\u20ac10 LE<\/b> ha t\u00f6bb mint 90 eur\u00f3t k\u00f6ltesz.<\/td>\n<\/tr>\n<tr>\n<td style=\"padding:10px; border:1px solid #ddd;\"><b>NewYearDay<\/b><\/td>\n<td style=\"padding:10px; border:1px solid #ddd;\">\u20ac10 LE<\/td>\n<td style=\"padding:10px; border:1px solid #ddd;\">\u20ac90+<\/td>\n<td style=\"padding:10px; border:1px solid #ddd;\">janu\u00e1r 2, 2027<\/td>\n<td style=\"padding:10px; border:1px solid #ddd;\">Azonnali megtakar\u00edt\u00e1sokkal k\u00f6sz\u00f6ntheti az \u00faj \u00e9vet.<\/td>\n<td style=\"padding:10px; border:1px solid #ddd;\">\ud83c\udf86 \u00daj \u00e9v, \u00faj megtakar\u00edt\u00e1sok: <b>\u20ac10 LE<\/b> \u20ac90+!<\/td>\n<\/tr>\n<p><!-- 2026 Monthly Coupons --><\/p>\n<tr>\n<td style=\"padding:10px; border:1px solid #ddd;\"><b>FEB2026<\/b><\/td>\n<td style=\"padding:10px; border:1px solid #ddd;\">5 \u20ac LE<\/td>\n<td style=\"padding:10px; border:1px solid #ddd;\">\u20ac90+<\/td>\n<td style=\"padding:10px; border:1px solid #ddd;\">febru\u00e1r 28, 2026<\/td>\n<td style=\"padding:10px; border:1px solid #ddd;\">Febru\u00e1ri aj\u00e1nlat - k\u00f6nny\u0171 megtakar\u00edt\u00e1s.<\/td>\n<td style=\"padding:10px; border:1px solid #ddd;\">\u2764\ufe0f Szeretem az \u00e1rat! <b>5 \u20ac LE<\/b> FEB2026-vel.<\/td>\n<\/tr>\n<tr>\n<td style=\"padding:10px; border:1px solid #ddd;\"><b>MAR2026<\/b><\/td>\n<td style=\"padding:10px; border:1px solid #ddd;\">5 \u20ac LE<\/td>\n<td style=\"padding:10px; border:1px solid #ddd;\">\u20ac90+<\/td>\n<td style=\"padding:10px; border:1px solid #ddd;\">m\u00e1rcius 31, 2026<\/td>\n<td style=\"padding:10px; border:1px solid #ddd;\">M\u00e1rciusi megtakar\u00edt\u00e1sok egyszer\u0171en.<\/td>\n<td style=\"padding:10px; border:1px solid #ddd;\">\ud83c\udf31 Tavaszi indul\u00e1s: <b>5 \u20ac LE<\/b> MAR2026-vel.<\/td>\n<\/tr>\n<tr>\n<td style=\"padding:10px; border:1px solid #ddd;\"><b>APR2026<\/b><\/td>\n<td style=\"padding:10px; border:1px solid #ddd;\">5 \u20ac LE<\/td>\n<td style=\"padding:10px; border:1px solid #ddd;\">\u20ac90+<\/td>\n<td style=\"padding:10px; border:1px solid #ddd;\">2026. \u00e1prilis 30.<\/td>\n<td style=\"padding:10px; border:1px solid #ddd;\">\u00c1prilisi kos\u00e1r b\u00f3nusz.<\/td>\n<td style=\"padding:10px; border:1px solid #ddd;\">\ud83c\udf38 Friss aj\u00e1nlatok: <b>5 \u20ac LE<\/b> APR2026.<\/td>\n<\/tr>\n<tr>\n<td style=\"padding:10px; border:1px solid #ddd;\"><b>MAY2026<\/b><\/td>\n<td style=\"padding:10px; border:1px solid #ddd;\">5 \u20ac LE<\/td>\n<td style=\"padding:10px; border:1px solid #ddd;\">\u20ac90+<\/td>\n<td style=\"padding:10px; border:1px solid #ddd;\">m\u00e1jus 31, 2026<\/td>\n<td style=\"padding:10px; border:1px solid #ddd;\">M\u00e1jusi k\u00fcl\u00f6nleges megtakar\u00edt\u00e1sok.<\/td>\n<td style=\"padding:10px; border:1px solid #ddd;\">\ud83c\udf3c F\u00e9nyes megtakar\u00edt\u00e1sok <b>MAY2026<\/b>.<\/td>\n<\/tr>\n<tr>\n<td style=\"padding:10px; border:1px solid #ddd;\"><b>JUN2026<\/b><\/td>\n<td style=\"padding:10px; border:1px solid #ddd;\">5 \u20ac LE<\/td>\n<td style=\"padding:10px; border:1px solid #ddd;\">\u20ac90+<\/td>\n<td style=\"padding:10px; border:1px solid #ddd;\">j\u00fanius 30, 2026<\/td>\n<td style=\"padding:10px; border:1px solid #ddd;\">J\u00faniusi p\u00e9nzt\u00e1ri b\u00f3nusz.<\/td>\n<td style=\"padding:10px; border:1px solid #ddd;\">\u2600\ufe0f Ny\u00e1ri ment\u00e9s: <b>5 \u20ac LE<\/b> JUN2026.<\/td>\n<\/tr>\n<tr>\n<td style=\"padding:10px; border:1px solid #ddd;\"><b>JUL2026<\/b><\/td>\n<td style=\"padding:10px; border:1px solid #ddd;\">5 \u20ac LE<\/td>\n<td style=\"padding:10px; border:1px solid #ddd;\">\u20ac90+<\/td>\n<td style=\"padding:10px; border:1px solid #ddd;\">j\u00falius 31, 2026<\/td>\n<td style=\"padding:10px; border:1px solid #ddd;\">J\u00faliusi forr\u00f3 aj\u00e1nlat.<\/td>\n<td style=\"padding:10px; border:1px solid #ddd;\">\ud83d\udd25 Meleg\u00edtse a megtakar\u00edt\u00e1sokat a JUL2026 seg\u00edts\u00e9g\u00e9vel.<\/td>\n<\/tr>\n<tr>\n<td style=\"padding:10px; border:1px solid #ddd;\"><b>AUG2026<\/b><\/td>\n<td style=\"padding:10px; border:1px solid #ddd;\">5 \u20ac LE<\/td>\n<td style=\"padding:10px; border:1px solid #ddd;\">\u20ac90+<\/td>\n<td style=\"padding:10px; border:1px solid #ddd;\">Aug 31, 2026<\/td>\n<td style=\"padding:10px; border:1px solid #ddd;\">Augusztus k\u00f6nny\u0171 kedvezm\u00e9ny.<\/td>\n<td style=\"padding:10px; border:1px solid #ddd;\">\ud83c\udf1e Egy kattint\u00e1s ment\u00e9s: AUG2026.<\/td>\n<\/tr>\n<tr>\n<td style=\"padding:10px; border:1px solid #ddd;\"><b>SEP2026<\/b><\/td>\n<td style=\"padding:10px; border:1px solid #ddd;\">5 \u20ac LE<\/td>\n<td style=\"padding:10px; border:1px solid #ddd;\">\u20ac90+<\/td>\n<td style=\"padding:10px; border:1px solid #ddd;\">szeptember 30, 2026<\/td>\n<td style=\"padding:10px; border:1px solid #ddd;\">Szeptemberi b\u00f3nusz.<\/td>\n<td style=\"padding:10px; border:1px solid #ddd;\">\ud83c\udf41 \u0150szi megtakar\u00edt\u00e1sok az SEP2026-vel.<\/td>\n<\/tr>\n<tr>\n<td style=\"padding:10px; border:1px solid #ddd;\"><b>OCT2026<\/b><\/td>\n<td style=\"padding:10px; border:1px solid #ddd;\">5 \u20ac LE<\/td>\n<td style=\"padding:10px; border:1px solid #ddd;\">\u20ac90+<\/td>\n<td style=\"padding:10px; border:1px solid #ddd;\">Okt\u00f3ber 31, 2026<\/td>\n<td style=\"padding:10px; border:1px solid #ddd;\">Okt\u00f3beri csemege.<\/td>\n<td style=\"padding:10px; border:1px solid #ddd;\">\ud83c\udf83 K\u00eds\u00e9rtetiesen j\u00f3 aj\u00e1nlat: OCT2026.<\/td>\n<\/tr>\n<tr>\n<td style=\"padding:10px; border:1px solid #ddd;\"><b>DEC2026<\/b><\/td>\n<td style=\"padding:10px; border:1px solid #ddd;\">5 \u20ac LE<\/td>\n<td style=\"padding:10px; border:1px solid #ddd;\">\u20ac90+<\/td>\n<td style=\"padding:10px; border:1px solid #ddd;\">december 31, 2026<\/td>\n<td style=\"padding:10px; border:1px solid #ddd;\">Decemberi \u00e9v v\u00e9gi b\u00f3nusz.<\/td>\n<td style=\"padding:10px; border:1px solid #ddd;\">\ud83c\udf84 Fejezd be er\u0151sen: <b>5 \u20ac LE<\/b> DEC2026.<\/td>\n<\/tr>\n<\/tbody>\n<\/table>\n\t<div id=\"gap-498444085\" class=\"gap-element clearfix\" style=\"display:block; height:auto;\">\n\t\t\n<style>\n#gap-498444085 {\n  padding-top: 30px;\n}\n<\/style>\n\t<\/div>\n\t\n<div class=\"container section-title-container\" ><h3 class=\"section-title section-title-normal\"><b aria-hidden=\"true\"><\/b><span class=\"section-title-main\" >Keress az AIVIOU Vapes-szel<\/span><b aria-hidden=\"true\"><\/b><\/h3><\/div>\n<p>Csatlakozzon az egyik leggyorsabban n\u00f6vekv\u0151 vape m\u00e1rk\u00e1hoz, \u00e9s kezdjen el keresni. <strong>15%<\/strong> jutal\u00e9k minden elad\u00e1s ut\u00e1n! Az AIVIOU Vapes pr\u00e9mium kateg\u00f3ri\u00e1s v\u00e1laszt\u00e9kot k\u00edn\u00e1l a legkelend\u0151bb eldobhat\u00f3 p\u00e1rologtat\u00f3kb\u00f3l, e-nedvekb\u0151l \u00e9s kieg\u00e9sz\u00edt\u0151kb\u0151l, amelyeket az \u00fcgyfelek szeretnek - \u00edgy a partnerek sz\u00e1m\u00e1ra szuper k\u00f6nny\u0171 jutal\u00e9kot nyerni. A forr\u00f3 elad\u00e1s\u00fa term\u00e9kek, a magas konverzi\u00f3s ar\u00e1nyok \u00e9s a minden h\u00f3napban friss prom\u00f3ci\u00f3k r\u00e9v\u00e9n az AIVIOU Vapes partnerek\u00e9nt a bev\u00e9tele gyorsan felpezsd\u00fclhet. \ud83d\udca8<\/p>\n<p><strong>\ud83d\udc49 Csatlakozz m\u00e9g ma \u00e9s kezdj el keresni az AIVIOU Vapes-szel - ahol az \u00edz tal\u00e1lkozik a profittal!<\/strong><\/p>\n<a href=\"https:\/\/ui.awin.com\/express-signup\/us\/awin\/121568\/d01af3da-9031-45f4-bc25-92d66ffdc756?t=VVP9UbjOfvjddyNyvkNBB71Pni2G_dqZqpIZPRdRWII\" target=\"_blank\" class=\"button primary\" rel=\"noopener\">\n\t\t<span>Csatlakozzon az Aiviou Vapes Affiliate-hoz<\/span>\n\t<\/a>","protected":false},"excerpt":{"rendered":"<p>\ud83c\udf9f\ufe0f Coupon Code \ud83d\udcb0 Discount \ud83d\uded2 Minimum Order \ud83d\udcc5 Valid Until \ud83e\udded Description \ud83d\udce2 Suggested Ad Line BULKSAVE300 2% OFF \u20ac300+ Dec 31, 2026 Save big when you order over \u20ac300! \ud83d\udcb8 Spend Smart, Save More! Get 2% OFF orders above \u20ac300. BULKSAVE 3% OFF \u20ac500+ Dec 31, 2026 Enjoy bigger savings for orders over [&#8230;]\n","protected":false},"author":1,"featured_media":0,"parent":0,"menu_order":0,"comment_status":"closed","ping_status":"closed","template":"page-blank-title-center.php","meta":{"footnotes":""},"class_list":["post-5173","page","type-page","status-publish","hentry"],"jetpack_sharing_enabled":true,"_links":{"self":[{"href":"https:\/\/aiviouvapes.com\/hu\/wp-json\/wp\/v2\/pages\/5173","targetHints":{"allow":["GET"]}}],"collection":[{"href":"https:\/\/aiviouvapes.com\/hu\/wp-json\/wp\/v2\/pages"}],"about":[{"href":"https:\/\/aiviouvapes.com\/hu\/wp-json\/wp\/v2\/types\/page"}],"author":[{"embeddable":true,"href":"https:\/\/aiviouvapes.com\/hu\/wp-json\/wp\/v2\/users\/1"}],"replies":[{"embeddable":true,"href":"https:\/\/aiviouvapes.com\/hu\/wp-json\/wp\/v2\/comments?post=5173"}],"version-history":[{"count":8,"href":"https:\/\/aiviouvapes.com\/hu\/wp-json\/wp\/v2\/pages\/5173\/revisions"}],"predecessor-version":[{"id":105685,"href":"https:\/\/aiviouvapes.com\/hu\/wp-json\/wp\/v2\/pages\/5173\/revisions\/105685"}],"wp:attachment":[{"href":"https:\/\/aiviouvapes.com\/hu\/wp-json\/wp\/v2\/media?parent=5173"}],"curies":[{"name":"wp","href":"https:\/\/api.w.org\/{rel}","templated":true}]}}