{"id":4558,"date":"2024-08-21T10:35:58","date_gmt":"2024-08-21T10:35:58","guid":{"rendered":"https:\/\/aiviouvapes.com\/?page_id=4558"},"modified":"2024-11-29T02:58:48","modified_gmt":"2024-11-28T18:58:48","slug":"payment-method","status":"publish","type":"page","link":"https:\/\/aiviouvapes.com\/hu\/payment-method\/","title":{"rendered":"Fizet\u00e9si m\u00f3d"},"content":{"rendered":"<div class=\"row\"  id=\"row-965661791\">\n\n\t<div id=\"col-910279794\" class=\"col medium-6 small-12 large-6\"  >\n\t\t\t\t<div class=\"col-inner\"  >\n\t\t\t\n\t\t\t\n<p>\u00dcdv\u00f6z\u00f6lj\u00fck a <strong>AiviouVape<\/strong> \u2013 az \u00d6n megb\u00edzhat\u00f3 glob\u00e1lis c\u00e9lpontja a kiv\u00e1l\u00f3 min\u0151s\u00e9g\u0171 eldobhat\u00f3 vape term\u00e9kek sz\u00e1m\u00e1ra. A vil\u00e1gm\u00e9ret\u0171 kisz\u00e1ll\u00edt\u00e1ssal elk\u00f6telezettek vagyunk \u00fcgyfeleink kiszolg\u00e1l\u00e1sa mellett, szerte a vil\u00e1gon.<\/p>\n<p><strong>Az AiviouVape-n\u00e9l a k\u00e9nyelem \u00e9s a biztons\u00e1g fontosabbnak tekintj\u00fck a v\u00e1s\u00e1rl\u00e1si \u00fatja fokoz\u00e1sa \u00e9rdek\u00e9ben. Sz\u00e1mos fizet\u00e9si lehet\u0151s\u00e9get k\u00edn\u00e1lunk az \u00d6n ig\u00e9nyeinek megfelel\u0151en:<\/strong><\/p>\n<p>1. **PayPal**: \u00c9lvezze a biztons\u00e1gos \u00e9s egyszer\u0171 fizet\u00e9st a PayPal seg\u00edts\u00e9g\u00e9vel platformunkon. <strong>(20% \u00c1FA)<\/strong><\/p>\n<p>2. **Hitelk\u00e1rtya**: Minden f\u0151bb hitelk\u00e1rty\u00e1t elfogadunk, biztos\u00edtva az egyszer\u0171 \u00e9s megb\u00edzhat\u00f3 fizet\u00e9si \u00e9lm\u00e9nyt. <strong>(20% \u00c1FA)<\/strong><\/p>\n<p>3. **Banki \u00e1tutal\u00e1s**: A hagyom\u00e1nyos m\u00f3dszereket kedvel\u0151k sz\u00e1m\u00e1ra biztons\u00e1gos lehet\u0151s\u00e9gk\u00e9nt t\u00e1mogatjuk a banki \u00e1tutal\u00e1st. <strong>(NINCS \u00c1FA)<\/strong><\/p>\n<p>4. **Kriptovaluta**: Haszn\u00e1lja fel a modern p\u00e9nz\u00fcgyeket kriptovaluta fizet\u00e9si lehet\u0151s\u00e9g\u00fcnkkel. <strong>(NINCS \u00c1FA)<\/strong><\/p>\n<p>5. **Wise Transfer**: Haszn\u00e1lja ki a k\u00f6lts\u00e9ghat\u00e9kony \u00e9s hat\u00e9kony fizet\u00e9s el\u0151nyeit a Wise Transfer seg\u00edts\u00e9g\u00e9vel. <strong>(NINCS \u00c1FA)<\/strong><\/p>\n<p>Ha k\u00e9rd\u00e9se van vagy konkr\u00e9t fizet\u00e9si k\u00e9r\u00e9se van, forduljon \u00fcgyf\u00e9lszolg\u00e1latunkhoz. Az\u00e9rt vagyunk itt, hogy biztos\u00edtsuk a tapasztalatait <strong>AiviouVape<\/strong> sima, biztons\u00e1gos \u00e9s kiel\u00e9g\u00edt\u0151.<\/p>\n<p><strong>K\u00f6sz\u00f6nj\u00fck, hogy megb\u00edzik az AiviouVape-ben, mint a min\u0151s\u00e9gi eldobhat\u00f3 vape term\u00e9kek forr\u00e1s\u00e1ban.<\/strong><\/p>\n\t\t<\/div>\n\t\t\t\t\t<\/div>\n\n\t\n\n\t<div id=\"col-1586626934\" class=\"col medium-6 small-12 large-6\"  >\n\t\t\t\t<div class=\"col-inner\"  >\n\t\t\t\n\t\t\t\n\t<div class=\"img has-hover x md-x lg-x y md-y lg-y\" id=\"image_818758104\">\n\t\t\t\t\t\t\t\t<div class=\"img-inner dark\" >\n\t\t\t<img loading=\"lazy\" decoding=\"async\" width=\"1020\" height=\"797\" src=\"https:\/\/i0.wp.com\/aiviouvapes.com\/wp-content\/uploads\/2024\/08\/%E5%AE%A3%E4%BC%A0%E5%9B%BE2-2.jpg?fit=1020%2C797&amp;ssl=1\" class=\"attachment-large size-large\" alt=\"Fizet\u00e9si m\u00f3d\" title=\"\">\t\t\t\t\t\t\n\t\t\t\t\t<\/div>\n\t\t\t\t\t\t\t\t\n<style>\n#image_818758104 {\n  width: 100%;\n}\n<\/style>\n\t<\/div>\n\t\n\t\t<\/div>\n\t\t\t\t\t<\/div>\n\n\t\n<\/div>\n<div class=\"row align-middle\"  id=\"row-381908193\">\n\n\t<div id=\"col-1384027516\" class=\"col small-12 large-12\"  >\n\t\t\t\t<div class=\"col-inner text-center\"  >\n\t\t\t\n\t\t\t\n<a href=\"https:\/\/aiviouvapes.com\/hu\/shop\/\" class=\"button primary is-shade is-larger box-shadow-4 box-shadow-5-hover\" style=\"border-radius:10px;\">\n\t\t<span>V\u00e1s\u00e1roljon most<\/span>\n\t<\/a>\n\n\t\t<\/div>\n\t\t\t\t\n<style>\n#col-1384027516 > .col-inner {\n  padding: 20px 0px 0px 0px;\n}\n<\/style>\n\t<\/div>\n\n\t\n<\/div>","protected":false},"excerpt":{"rendered":"","protected":false},"author":1,"featured_media":0,"parent":0,"menu_order":0,"comment_status":"closed","ping_status":"closed","template":"page-blank-title-center.php","meta":{"footnotes":""},"class_list":["post-4558","page","type-page","status-publish","hentry"],"jetpack_sharing_enabled":true,"_links":{"self":[{"href":"https:\/\/aiviouvapes.com\/hu\/wp-json\/wp\/v2\/pages\/4558","targetHints":{"allow":["GET"]}}],"collection":[{"href":"https:\/\/aiviouvapes.com\/hu\/wp-json\/wp\/v2\/pages"}],"about":[{"href":"https:\/\/aiviouvapes.com\/hu\/wp-json\/wp\/v2\/types\/page"}],"author":[{"embeddable":true,"href":"https:\/\/aiviouvapes.com\/hu\/wp-json\/wp\/v2\/users\/1"}],"replies":[{"embeddable":true,"href":"https:\/\/aiviouvapes.com\/hu\/wp-json\/wp\/v2\/comments?post=4558"}],"version-history":[{"count":0,"href":"https:\/\/aiviouvapes.com\/hu\/wp-json\/wp\/v2\/pages\/4558\/revisions"}],"wp:attachment":[{"href":"https:\/\/aiviouvapes.com\/hu\/wp-json\/wp\/v2\/media?parent=4558"}],"curies":[{"name":"wp","href":"https:\/\/api.w.org\/{rel}","templated":true}]}}