{"id":3,"date":"2024-08-08T04:38:08","date_gmt":"2024-08-08T04:38:08","guid":{"rendered":"https:\/\/aiviouvapes.com\/?page_id=3"},"modified":"2024-11-19T21:37:05","modified_gmt":"2024-11-19T13:37:05","slug":"privacy-policy","status":"publish","type":"page","link":"https:\/\/aiviouvapes.com\/hu\/privacy-policy\/","title":{"rendered":"Adatv\u00e9delmi ir\u00e1nyelvek"},"content":{"rendered":"<p>Az AiviouVape-n\u00e9l kiemelten kezelj\u00fck az \u00d6n szem\u00e9lyes adatainak v\u00e9delm\u00e9t \u00e9s bizalmas kezel\u00e9s\u00e9t. Ez az adatv\u00e9delmi szab\u00e1lyzat le\u00edrja, hogyan gy\u0171jtj\u00fck, haszn\u00e1ljuk \u00e9s v\u00e9dj\u00fck az \u00d6n \u00e1ltal a weboldalunk haszn\u00e1lata sor\u00e1n megadott inform\u00e1ci\u00f3kat.<\/p>\n<p><strong>Inform\u00e1ci\u00f3gy\u0171jt\u00e9s<\/strong><\/p>\n<p>Amikor megl\u00e1togatja weboldalunkat, a k\u00f6vetkez\u0151 t\u00edpus\u00fa inform\u00e1ci\u00f3kat gy\u0171jthet\u00fcnk: \u2013 Szem\u00e9lyes adatok, p\u00e9ld\u00e1ul az \u00d6n neve, e-mail c\u00edme \u00e9s el\u00e9rhet\u0151s\u00e9gei, amelyeket v\u00e1s\u00e1rl\u00e1skor vagy vel\u00fcnk val\u00f3 kapcsolatfelv\u00e9telkor ad meg. \u2013 Az \u00d6n b\u00f6ng\u00e9sz\u00e9si viselked\u00e9s\u00e9re \u00e9s eszk\u00f6z\u00e9re vonatkoz\u00f3, cookie-k \u00e9s hasonl\u00f3 technol\u00f3gi\u00e1k r\u00e9v\u00e9n gy\u0171jt\u00f6tt inform\u00e1ci\u00f3k. \u2013 Minden egy\u00e9b inform\u00e1ci\u00f3, amelyet \u00fagy d\u00f6nt, hogy megoszt vel\u00fcnk.<\/p>\n<p><strong>Az inform\u00e1ci\u00f3 felhaszn\u00e1l\u00e1sa<\/strong><\/p>\n<p>Az \u00e1ltalunk gy\u0171jt\u00f6tt inform\u00e1ci\u00f3kat a k\u00f6vetkez\u0151 c\u00e9lokra haszn\u00e1ljuk fel: \u2013 A weboldalunkon leadott megrendel\u00e9sek feldolgoz\u00e1sa \u00e9s teljes\u00edt\u00e9se. \u2013 Kommunik\u00e1ci\u00f3 \u00d6nnel rendel\u00e9seivel, k\u00e9rd\u00e9seivel \u00e9s prom\u00f3ci\u00f3ival kapcsolatban. \u2013 Weboldalunk \u00e9s szolg\u00e1ltat\u00e1saink fejleszt\u00e9se az \u00d6n interakci\u00f3i \u00e9s visszajelz\u00e9sei alapj\u00e1n. \u2013 Weboldalunk v\u00e9delme \u00e9s a csal\u00e1rd tev\u00e9kenys\u00e9gek megel\u0151z\u00e9se.<\/p>\n<p><strong>Inform\u00e1ci\u00f3megoszt\u00e1s<\/strong><\/p>\n<p>Az \u00d6n hozz\u00e1j\u00e1rul\u00e1sa n\u00e9lk\u00fcl nem adjuk el \u00e9s nem adjuk ki az \u00d6n szem\u00e9lyes adatait harmadik f\u00e9lnek, kiv\u00e9ve, ha ez az \u00d6n k\u00e9r\u00e9seinek teljes\u00edt\u00e9s\u00e9hez sz\u00fcks\u00e9ges, p\u00e9ld\u00e1ul a sz\u00e1ll\u00edt\u00e1si partnerek eset\u00e9ben, vagy ha a t\u00f6rv\u00e9ny el\u0151\u00edrja.<\/p>\n<p><strong>Adatbiztons\u00e1g<\/strong><\/p>\n<p>K\u00fcl\u00f6nb\u00f6z\u0151 biztons\u00e1gi int\u00e9zked\u00e9seket alkalmazunk az \u00d6n adatainak v\u00e9delme \u00e9rdek\u00e9ben, bele\u00e9rtve a titkos\u00edt\u00e1st, a biztons\u00e1gos aljzatr\u00e9teg technol\u00f3gi\u00e1t (SSL) \u00e9s a rutinszer\u0171 biztons\u00e1gi \u00e9rt\u00e9kel\u00e9seket.<\/p>\n<p><strong>Az \u00d6n jogai<\/strong><\/p>\n<p>\u00d6nnek b\u00e1rmikor joga van hozz\u00e1f\u00e9rni, friss\u00edteni vagy t\u00f6r\u00f6lni szem\u00e9lyes adatait. Azt is lemondhatja, hogy marketingk\u00f6zlem\u00e9nyeket kapjon t\u0151l\u00fcnk.<\/p>\n<p><strong>Politikai friss\u00edt\u00e9sek<\/strong><\/p>\n<p>Id\u0151nk\u00e9nt fel\u00fclvizsg\u00e1lhatjuk ezt az Adatv\u00e9delmi szab\u00e1lyzatot, hogy t\u00fckr\u00f6zze gyakorlatunkban vagy jogi k\u00f6vetelm\u00e9nyeinkben bek\u00f6vetkezett v\u00e1ltoz\u00e1sokat. Javasoljuk, hogy rendszeresen tekintse \u00e1t ezt a szab\u00e1lyzatot. Weboldalunk haszn\u00e1lat\u00e1val \u00d6n elfogadja a jelen Adatv\u00e9delmi szab\u00e1lyzatban foglalt felt\u00e9teleket. Ha b\u00e1rmilyen k\u00e9rd\u00e9se vagy agg\u00e1lya van az adatv\u00e9delmi gyakorlatunkkal kapcsolatban, k\u00e9rj\u00fck, l\u00e9pjen vel\u00fcnk kapcsolatba a support@aiviouvape.com c\u00edmen. K\u00f6sz\u00f6nj\u00fck, hogy az AiviouVape-et v\u00e1lasztotta eldobhat\u00f3 elektronikus cigaretta (Vape) ig\u00e9nyeihez.<\/p>\n<div class=\"row align-middle\"  id=\"row-851428030\"> \n\t<div id=\"col-1720657613\" class=\"col small-12 large-12\"  >\n\t\t\t\t<div class=\"col-inner text-center\"  >\n\t\t\t\n\t\t\t <a href=\"https:\/\/aiviouvapes.com\/hu\/shop\/\" class=\"button primary is-shade is-larger box-shadow-4 box-shadow-5-hover\" style=\"border-radius:10px;\">\n\t\t<span>V\u00e1s\u00e1roljon most<\/span>\n\t<\/a>\n \t\t<\/div>\n\t\t\t\t\n<style>\n#col-1720657613 > .col-inner {\n  padding: 20px 0px 0px 0px;\n}\n<\/style>\n\t<\/div>\n\n\t <\/div>","protected":false},"excerpt":{"rendered":"<p>At\u00a0AiviouVape, we prioritize the protection and confidentiality of your personal information. This Privacy Policy describes how we collect, use, and safeguard the information you provide while using our website. Information Collection When you visit our website, we may collect the following types of information: \u2013 Personal information such as your name, email address, and contact [&#8230;]\n","protected":false},"author":1,"featured_media":0,"parent":0,"menu_order":0,"comment_status":"closed","ping_status":"closed","template":"page-blank-title-center.php","meta":{"footnotes":""},"class_list":["post-3","page","type-page","status-publish","hentry"],"jetpack_sharing_enabled":true,"_links":{"self":[{"href":"https:\/\/aiviouvapes.com\/hu\/wp-json\/wp\/v2\/pages\/3","targetHints":{"allow":["GET"]}}],"collection":[{"href":"https:\/\/aiviouvapes.com\/hu\/wp-json\/wp\/v2\/pages"}],"about":[{"href":"https:\/\/aiviouvapes.com\/hu\/wp-json\/wp\/v2\/types\/page"}],"author":[{"embeddable":true,"href":"https:\/\/aiviouvapes.com\/hu\/wp-json\/wp\/v2\/users\/1"}],"replies":[{"embeddable":true,"href":"https:\/\/aiviouvapes.com\/hu\/wp-json\/wp\/v2\/comments?post=3"}],"version-history":[{"count":0,"href":"https:\/\/aiviouvapes.com\/hu\/wp-json\/wp\/v2\/pages\/3\/revisions"}],"wp:attachment":[{"href":"https:\/\/aiviouvapes.com\/hu\/wp-json\/wp\/v2\/media?parent=3"}],"curies":[{"name":"wp","href":"https:\/\/api.w.org\/{rel}","templated":true}]}}