{"id":10,"date":"2024-08-12T12:49:21","date_gmt":"2024-08-12T12:49:21","guid":{"rendered":"https:\/\/aiviouvapes.com\/?page_id=10"},"modified":"2024-12-26T09:53:11","modified_gmt":"2024-12-26T01:53:11","slug":"refund_returns","status":"publish","type":"page","link":"https:\/\/aiviouvapes.com\/hu\/refund_returns\/","title":{"rendered":"Visszat\u00e9r\u00edt\u00e9si \u00e9s visszat\u00e9r\u00edt\u00e9si politika"},"content":{"rendered":"<h2 class=\"wp-block-heading\">AiviouVape visszat\u00e9r\u00edt\u00e9si politika<\/h2>\r\n<p><strong>7 napos visszak\u00fcld\u00e9si politika<\/strong><\/p>\r\n<p>Mi az AiviouVape-n\u00e9l \u00f6r\u00f6mmel k\u00edn\u00e1lunk 7 napos visszat\u00e9r\u00e9si jogot. Ez azt jelenti, hogy att\u00f3l a napt\u00f3l kezdve, amikor megkapja a term\u00e9ket, h\u00e9t napja van arra, hogy visszak\u00fcld\u00e9si k\u00e9relmet kezdem\u00e9nyezzen, ha nem el\u00e9gedett a v\u00e1s\u00e1rl\u00e1ssal.<\/p>\r\n<p><strong>Visszat\u00e9r\u00e9si jogosults\u00e1g<\/strong><\/p>\r\n<p>A visszak\u00fcld\u00e9shez a term\u00e9knek ugyanolyan \u00e1llapotban kell lennie, mint ahogyan azt megkapta - nem haszn\u00e1ltan, c\u00edmk\u00e9kkel ell\u00e1tva \u00e9s eredeti csomagol\u00e1s\u00e1ban. K\u00e9rj\u00fck, a visszak\u00fcld\u00e9si folyamat megk\u00f6nny\u00edt\u00e9se \u00e9rdek\u00e9ben gondoskodjon a blokk vagy a v\u00e1s\u00e1rl\u00e1st igazol\u00f3 bizonylat megl\u00e9t\u00e9r\u0151l.<\/p>\r\n<p><strong>Hogyan kezdj\u00fck el a visszat\u00e9r\u00e9st<\/strong><\/p>\r\n<p>Ha szeretne visszat\u00e9r\u00e9st ind\u00edtani, forduljon hozz\u00e1nk a support@aiviouvape.com e-mail c\u00edmen. Amint a visszak\u00fcld\u00e9st j\u00f3v\u00e1hagytuk, biztos\u00edtunk egy el\u0151re fizetett visszak\u00fcld\u00e9si c\u00edmk\u00e9t \u00e9s utas\u00edt\u00e1sokat a csomag elk\u00fcld\u00e9s\u00e9re vonatkoz\u00f3an. Az el\u0151zetes enged\u00e9ly n\u00e9lk\u00fcl k\u00fcld\u00f6tt visszak\u00fcld\u00e9seket nem fogadjuk el, ez\u00e9rt k\u00e9rj\u00fck, el\u0151bb vegye fel vel\u00fcnk a kapcsolatot.<\/p>\r\n<p><strong>K\u00e1rok \u00e9s probl\u00e9m\u00e1k bejelent\u00e9se<\/strong><\/p>\r\n<p>Javasoljuk, hogy amint meg\u00e9rkezik a megrendel\u00e9s, azonnal ellen\u0151rizze azt. Ha azt tapasztalja, hogy a term\u00e9k s\u00e9r\u00fclt, hib\u00e1s vagy hib\u00e1s, k\u00e9rj\u00fck, azonnal l\u00e9pjen kapcsolatba vel\u00fcnk, hogy azonnal megoldhassuk a probl\u00e9m\u00e1t.<\/p>\r\n<p><strong>Visszaszolg\u00e1ltat\u00e1sra nem alkalmas t\u00e9telek<\/strong><\/p>\r\n<p>Bizonyos term\u00e9kek nem hozhat\u00f3k vissza, bele\u00e9rtve a romland\u00f3 \u00e1rukat, az egyedi gy\u00e1rt\u00e1s\u00fa term\u00e9keket, a test\u00e1pol\u00e1si cikkeket, a vesz\u00e9lyes anyagokat, valamint a gy\u00fal\u00e9kony folyad\u00e9kokat \u00e9s g\u00e1zokat. Ha bizonytalan egy adott term\u00e9k jogosults\u00e1g\u00e1t illet\u0151en, k\u00e9rj\u00fck, forduljon hozz\u00e1nk tiszt\u00e1z\u00e1s\u00e9rt.<\/p>\r\n<p><strong>Cserefolyamat<\/strong><\/p>\r\n<p>Csere eset\u00e9n javasoljuk, hogy el\u0151sz\u00f6r az eredeti term\u00e9ket k\u00fcldje vissza. Miut\u00e1n a visszak\u00fcld\u00e9st j\u00f3v\u00e1hagyt\u00e1k, a gyors feldolgoz\u00e1s \u00e9rdek\u00e9ben k\u00fcl\u00f6n megrendelheti az \u00faj term\u00e9ket.<\/p>\r\n<p><strong>14 napos t\u00fcrelmi id\u0151 az uni\u00f3s \u00fcgyfelek sz\u00e1m\u00e1ra<\/strong><\/p>\r\n<p>Az Eur\u00f3pai Uni\u00f3ban \u00e9l\u0151 \u00fcgyfelek sz\u00e1m\u00e1ra 14 napos t\u00fcrelmi id\u0151t biztos\u00edtunk. Ez azt jelenti, hogy a megrendel\u00e9st a k\u00e9zhezv\u00e9telt\u0151l sz\u00e1m\u00edtott 14 napon bel\u00fcl indokl\u00e1s n\u00e9lk\u00fcl lemondhatja vagy visszak\u00fcldheti. A term\u00e9keknek eredeti \u00e1llapotukban, haszn\u00e1latlanul, c\u00edmk\u00e9vel ell\u00e1tva \u00e9s eredeti csomagol\u00e1sban kell lenni\u00fck. A v\u00e1s\u00e1rl\u00e1st igazol\u00f3 blokk vagy bizonylat is sz\u00fcks\u00e9ges.<\/p>\r\n<p><strong>Visszat\u00e9r\u00edt\u00e9si folyamat<\/strong><\/p>\r\n<p>Miut\u00e1n megkaptuk \u00e9s megvizsg\u00e1ltuk a visszak\u00fcld\u00f6tt term\u00e9ket, t\u00e1j\u00e9koztatni fogjuk \u00d6nt a visszat\u00e9r\u00edt\u00e9s j\u00f3v\u00e1hagy\u00e1s\u00e1nak st\u00e1tusz\u00e1r\u00f3l. Ha j\u00f3v\u00e1hagyj\u00e1k, 10 munkanapon bel\u00fcl feldolgozzuk a visszat\u00e9r\u00edt\u00e9st az eredeti fizet\u00e9si m\u00f3dra. K\u00e9rj\u00fck, vegye figyelembe, hogy bankj\u00e1nak vagy hitelk\u00e1rtya szolg\u00e1ltat\u00f3j\u00e1nak tov\u00e1bbi id\u0151re lehet sz\u00fcks\u00e9ge a visszat\u00e9r\u00edt\u00e9s teljes\u00edt\u00e9s\u00e9hez. Ha a j\u00f3v\u00e1hagy\u00e1st k\u00f6vet\u0151 15 munkanapon bel\u00fcl nem kapja meg a visszat\u00e9r\u00edt\u00e9st, k\u00e9rj\u00fck, l\u00e9pjen kapcsolatba vel\u00fcnk a support@aiviouvape.com c\u00edmen.<\/p>\r\n<p><strong>K\u00f6sz\u00f6nj\u00fck, hogy az AiviouVape-t v\u00e1lasztotta. Az \u00d6n el\u00e9gedetts\u00e9ge tov\u00e1bbra is a legf\u0151bb priorit\u00e1sunk.<\/strong><\/p>\r\n\r\n<div class=\"row align-middle\"  id=\"row-212426050\"> \n\t<div id=\"col-924893531\" class=\"col small-12 large-12\"  >\n\t\t\t\t<div class=\"col-inner text-center\"  >\n\t\t\t\n\t\t\t <a href=\"https:\/\/aiviouvapes.com\/hu\/shop\/\" class=\"button primary is-shade is-larger box-shadow-4 box-shadow-5-hover\" style=\"border-radius:10px;\">\n\t\t<span>V\u00e1s\u00e1roljon most<\/span>\n\t<\/a>\n \t\t<\/div>\n\t\t\t\t\n<style>\n#col-924893531 > .col-inner {\n  padding: 20px 0px 0px 0px;\n}\n<\/style>\n\t<\/div>\n\n\t <\/div>","protected":false},"excerpt":{"rendered":"<p>AiviouVape Refund Policy 7-Day Return Policy We at AiviouVape are pleased to offer a 7-day return policy. This means that from the day you receive your item, you have seven days to initiate a return request if you are unsatisfied with your purchase. Return Eligibility To qualify for a return, your item must remain in [&#8230;]\n","protected":false},"author":1,"featured_media":0,"parent":0,"menu_order":0,"comment_status":"closed","ping_status":"closed","template":"page-blank-title-center.php","meta":{"footnotes":""},"class_list":["post-10","page","type-page","status-publish","hentry"],"jetpack_sharing_enabled":true,"_links":{"self":[{"href":"https:\/\/aiviouvapes.com\/hu\/wp-json\/wp\/v2\/pages\/10","targetHints":{"allow":["GET"]}}],"collection":[{"href":"https:\/\/aiviouvapes.com\/hu\/wp-json\/wp\/v2\/pages"}],"about":[{"href":"https:\/\/aiviouvapes.com\/hu\/wp-json\/wp\/v2\/types\/page"}],"author":[{"embeddable":true,"href":"https:\/\/aiviouvapes.com\/hu\/wp-json\/wp\/v2\/users\/1"}],"replies":[{"embeddable":true,"href":"https:\/\/aiviouvapes.com\/hu\/wp-json\/wp\/v2\/comments?post=10"}],"version-history":[{"count":0,"href":"https:\/\/aiviouvapes.com\/hu\/wp-json\/wp\/v2\/pages\/10\/revisions"}],"wp:attachment":[{"href":"https:\/\/aiviouvapes.com\/hu\/wp-json\/wp\/v2\/media?parent=10"}],"curies":[{"name":"wp","href":"https:\/\/api.w.org\/{rel}","templated":true}]}}