{"id":91142,"date":"2025-12-08T22:21:08","date_gmt":"2025-12-08T14:21:08","guid":{"rendered":"https:\/\/aiviouvapes.com\/?post_type=product&#038;p=91142"},"modified":"2026-04-04T04:04:14","modified_gmt":"2026-04-03T20:04:14","slug":"bang-leader-120k","status":"publish","type":"product","link":"https:\/\/aiviouvapes.com\/fr\/product\/bang-leader-120k\/","title":{"rendered":"Bang Leader 120K | 2-en-1 120000 bouff\u00e9es, 60 ml, magn\u00e9tique, dual-flavor, vape jetable, wholesale"},"content":{"rendered":"<h2>Pourquoi choisir le Bang Leader 120K ? \ud83e\udd29<\/h2>\n<ul>\n<li>\ud83d\udd04 <strong>Commutateur magn\u00e9tique 2 en 1 \u00e0 double saveur<\/strong> \u2014 Glissez pour changer instantan\u00e9ment de saveur, sans d\u00e9lai.<\/li>\n<li>\ud83d\udca8 <strong>120 000 bouff\u00e9es<\/strong> \u2014 Grande capacit\u00e9 con\u00e7ue pour une utilisation quotidienne \u00e0 long terme.<\/li>\n<li>\ud83d\udd25 <strong>Bobine maill\u00e9e nouvelle g\u00e9n\u00e9ration<\/strong> \u2014 Vapeur dense, saveur plus riche, bouff\u00e9es plus douces.<\/li>\n<li>\ud83d\udd0b <strong>Batterie \u00e0 haut rendement<\/strong> \u2014 Puissance stable pour un go\u00fbt constant.<\/li>\n<li>\ud83e\uddca <strong>Chambre \u00e0 huile \u00e9tanche<\/strong> \u2014 Propre, s\u00fbr et facile \u00e0 transporter.<\/li>\n<li>\u26a1 <strong>Type C rechargeable<\/strong> \u2014 Charge rapide pour un temps d'arr\u00eat minimal.<\/li>\n<li>\ud83d\udc4c <strong>Conception conviviale<\/strong> \u2014 Prise en main parfaite, \u00e9cran lumineux et utilisation simple.<\/li>\n<\/ul>\n<h2>Bang Leader 120K Sp\u00e9cifications \ud83d\udcca<\/h2>\n<table>\n<tbody>\n<tr>\n<td>Nombre de bouff\u00e9es<\/td>\n<td>120 000 bouff\u00e9es<\/td>\n<\/tr>\n<tr>\n<td>Capacit\u00e9 de la batterie<\/td>\n<td>650 mAh (haute efficacit\u00e9)<\/td>\n<\/tr>\n<tr>\n<td>Serpentin de chauffage<\/td>\n<td>Bobine maill\u00e9e, 1,0 \u03a9<\/td>\n<\/tr>\n<tr>\n<td>Syst\u00e8me d'ar\u00f4mes<\/td>\n<td>Commutateur \u00e0 curseur magn\u00e9tique 2 en 1<\/td>\n<\/tr>\n<tr>\n<td>Port de charge<\/td>\n<td>Chargement rapide de type C<\/td>\n<\/tr>\n<tr>\n<td>Intensit\u00e9 de la nicotine<\/td>\n<td>0% \/ 2% \/ 3% \/ 5%<\/td>\n<\/tr>\n<\/tbody>\n<\/table>\n<h2>Bang Leader 120K Guide des saveurs \ud83d\ude0b<\/h2>\n<p data-start=\"120\" data-end=\"246\"><strong data-start=\"120\" data-end=\"145\">1. Blue Razz &amp; Love66<\/strong><br data-start=\"145\" data-end=\"148\" \/>\ud83c\udf6c <strong data-start=\"151\" data-end=\"165\">Blue Razz :<\/strong> Bonbon sucr\u00e9 et acidul\u00e9 \u00e0 la framboise<br data-start=\"195\" data-end=\"198\" \/>\ud83c\udf34 <strong data-start=\"201\" data-end=\"212\">Love66 :<\/strong> Tropical, rafra\u00eechissant, l\u00e9g\u00e8rement glac\u00e9<\/p>\n<p data-start=\"248\" data-end=\"394\"><strong data-start=\"248\" data-end=\"299\">2. Fraise, cerise, kiwi, fruit de la passion et goyave<\/strong><br data-start=\"299\" data-end=\"302\" \/>\ud83c\udf53\ud83c\udf52 <strong data-start=\"307\" data-end=\"329\">Fraise et cerise :<\/strong> M\u00e9lange de fruits rouges juteux<br data-start=\"349\" data-end=\"352\" \/>\ud83e\udd5d\ud83e\udd6d <strong data-start=\"357\" data-end=\"365\">KPG :<\/strong> Trio acidul\u00e9, tropical et cr\u00e9meux<\/p>\n<p data-start=\"396\" data-end=\"542\"><strong data-start=\"396\" data-end=\"438\">3. Bubble-gum \u00e0 la past\u00e8que et fruits m\u00e9lang\u00e9s<\/strong><br data-start=\"438\" data-end=\"441\" \/>\ud83c\udf49\ud83c\udf6c <strong data-start=\"446\" data-end=\"472\">Gomme \u00e0 m\u00e2cher \u00e0 la past\u00e8que :<\/strong> Gomme douce + melon<br data-start=\"490\" data-end=\"493\" \/>\ud83c\udf47\ud83c\udf51 <strong data-start=\"498\" data-end=\"514\">M\u00e9lange de fruits :<\/strong> M\u00e9lange de fruits color\u00e9s et juteux<\/p>\n<p data-start=\"544\" data-end=\"697\"><strong data-start=\"544\" data-end=\"584\">4. Fraise-banane &amp; Cherry Piesta<\/strong><br data-start=\"584\" data-end=\"587\" \/>\ud83c\udf53\ud83c\udf4c <strong data-start=\"592\" data-end=\"614\">Strawberry Banana:<\/strong> Une ambiance dessert onctueuse et cr\u00e9meuse<br data-start=\"642\" data-end=\"645\" \/>\ud83c\udf52\u2728 <strong data-start=\"649\" data-end=\"667\">Cherry Piesta :<\/strong> Cerise douce avec une touche p\u00e9tillante<\/p>\n<p data-start=\"699\" data-end=\"830\"><strong data-start=\"699\" data-end=\"734\">5. Glace \u00e0 la past\u00e8que et p\u00eache-mangue<\/strong><br data-start=\"734\" data-end=\"737\" \/>\u2744\ufe0f\ud83c\udf49 <strong data-start=\"742\" data-end=\"761\">Watermelon Ice:<\/strong> Melon croquant et frais<br data-start=\"779\" data-end=\"782\" \/>\ud83c\udf51\ud83e\udd6d <strong data-start=\"787\" data-end=\"803\">P\u00eache Mangue :<\/strong> Tropical, doux, aromatique<\/p>\n<p data-start=\"832\" data-end=\"978\"><strong data-start=\"832\" data-end=\"870\">6. Glace aux myrtilles et framboises-citron<\/strong><br data-start=\"870\" data-end=\"873\" \/>\ud83e\uded0\u2744\ufe0f <strong data-start=\"878\" data-end=\"896\">Glace aux myrtilles :<\/strong> Baies sucr\u00e9es avec une finale glac\u00e9e<br data-start=\"926\" data-end=\"929\" \/>\ud83c\udf4b\ud83c\udf53 <strong data-start=\"934\" data-end=\"954\">Framboise-citron :<\/strong> P\u00e9tillant, acidul\u00e9, fruit\u00e9<\/p>\n<p data-start=\"980\" data-end=\"1111\"><strong data-start=\"980\" data-end=\"1013\">7. Glace \u00e0 l'\u00e9nergie rouge et glace au raisin<\/strong><br data-start=\"1013\" data-end=\"1016\" \/>\u26a1\u2744\ufe0f <strong data-start=\"1020\" data-end=\"1035\">\u00c9nergie rouge :<\/strong> Une \u00e9nergie douce et p\u00e9tillante<br data-start=\"1061\" data-end=\"1064\" \/>\ud83c\udf47\u2744\ufe0f <strong data-start=\"1069\" data-end=\"1083\">Grape Ice:<\/strong> Raisin audacieux avec une expiration fra\u00eeche<\/p>\n<p data-start=\"1113\" data-end=\"1254\"><strong data-start=\"1113\" data-end=\"1155\">8. Fraise, past\u00e8que et soda \u00e0 l'orange<\/strong><br data-start=\"1155\" data-end=\"1158\" \/>\ud83c\udf53\ud83c\udf49 <strong data-start=\"1163\" data-end=\"1189\">Strawberry Watermelon:<\/strong> Classique, moelleux et juteux<br data-start=\"1209\" data-end=\"1212\" \/>\ud83c\udf4a\ud83e\udd64 <strong data-start=\"1217\" data-end=\"1233\">Soda \u00e0 l'orange :<\/strong> \u00c9tincelle p\u00e9tillante d'agrumes<\/p>\n<p data-start=\"1256\" data-end=\"1383\"><strong data-start=\"1256\" data-end=\"1290\">9. Cola glac\u00e9 et cerise-canneberge<\/strong><br data-start=\"1290\" data-end=\"1293\" \/>\ud83e\udd64\u2744\ufe0f <strong data-start=\"1298\" data-end=\"1311\">Cola Ice:<\/strong> Cola frais et rafra\u00eechissant<br data-start=\"1333\" data-end=\"1336\" \/>\ud83c\udf52\ud83e\uded0 <strong data-start=\"1341\" data-end=\"1362\">Cerise et canneberge :<\/strong> M\u00e9lange de baies sucr\u00e9es-acidul\u00e9es<\/p>\n<p data-start=\"1385\" data-end=\"1524\"><strong data-start=\"1385\" data-end=\"1422\">10. Glace \u00e0 la myrtille et cassis<\/strong><br data-start=\"1422\" data-end=\"1425\" \/>\ud83e\uded0\u2744\ufe0f <strong data-start=\"1430\" data-end=\"1448\">Glace aux myrtilles :<\/strong> Myrtille sucr\u00e9e r\u00e9frig\u00e9r\u00e9e<br data-start=\"1472\" data-end=\"1475\" \/>\ud83c\udf47\ud83c\udf11 <strong data-start=\"1480\" data-end=\"1498\">Cassis :<\/strong> Profond, riche, l\u00e9g\u00e8rement acidul\u00e9<\/p>\n<p data-start=\"1526\" data-end=\"1693\"><strong data-start=\"1526\" data-end=\"1574\">11. Mojito framboise, glace \u00e0 la p\u00eache et Lady Killer<\/strong><br data-start=\"1574\" data-end=\"1577\" \/>\ud83c\udf51\ud83c\udf43 <strong data-start=\"1582\" data-end=\"1613\">Glace \u00e0 la framboise, au mojito et \u00e0 la p\u00eache :<\/strong> Menthol\u00e9, fruit\u00e9, frais<br data-start=\"1636\" data-end=\"1639\" \/>\ud83d\udc9b\ud83c\udf38 <strong data-start=\"1644\" data-end=\"1660\">Lady Killer :<\/strong> M\u00e9lange onctueux haut de gamme de type chicha<\/p>\n<p data-start=\"1695\" data-end=\"1844\"><strong data-start=\"1695\" data-end=\"1736\">12. Glace \u00e0 la past\u00e8que et fraise Mamba<\/strong><br data-start=\"1736\" data-end=\"1739\" \/>\ud83c\udf49\u2744\ufe0f <strong data-start=\"1744\" data-end=\"1763\">Watermelon Ice:<\/strong> Melon frais et glac\u00e9<br data-start=\"1780\" data-end=\"1783\" \/>\ud83c\udf53\ud83d\udc0d <strong data-start=\"1788\" data-end=\"1809\">Mamba fraise :<\/strong> Douce, intense, comme un bonbon \u00e0 la fraise<\/p>\n<h2>FAQ \u2753<\/h2>\n<h3>1. Comment fonctionne le commutateur \u00e0 double saveur ?<\/h3>\n<p>L'appareil utilise un m\u00e9canisme coulissant magn\u00e9tique. Il suffit de pousser-tirer pour changer instantan\u00e9ment de saveur, sans bouton ni d\u00e9lai.<\/p>\n<h3>2. Combien de temps durent 120 000 bouff\u00e9es ?<\/h3>\n<p>Cela varie selon les utilisateurs, mais la plupart des gros vapoteurs peuvent utiliser chaque appareil pendant plusieurs semaines.<\/p>\n<h3>3. Le changement de saveur endommage-t-il la r\u00e9sistance ?<\/h3>\n<p>Non. Le Bang Leader 120K dispose de circuits d'huile ind\u00e9pendants pour une performance stable de la bobine.<\/p>\n<h3>4. Est-il rechargeable ?<\/h3>\n<p>Oui, il utilise un port de recharge rapide de type C pour une recharge rapide.<\/p>\n<h3>5. Quels sont les niveaux de nicotine disponibles ?<\/h3>\n<p>Vous pouvez choisir entre les mod\u00e8les 0%, 2%, 3% ou 5% en fonction de votre r\u00e9gion et de vos pr\u00e9f\u00e9rences.<\/p>\n<h3>6. Est-ce adapt\u00e9 aux d\u00e9butants ?<\/h3>\n<p>Oui ! Il s'active par aspiration, est facile \u00e0 utiliser et ne n\u00e9cessite aucun entretien.<\/p>\n<h3>7. Comment v\u00e9rifier la batterie et le niveau de e-liquide ?<\/h3>\n<p>L'\u00e9cran int\u00e9gr\u00e9 affiche le niveau de la batterie, le niveau de e-liquide, le nombre de bouff\u00e9es et le canal d'ar\u00f4me actif.<\/p>\n<h3>8. Que dois-je faire si le go\u00fbt est br\u00fbl\u00e9 ?<\/h3>\n<p>Laissez l'appareil reposer pendant quelques secondes ou r\u00e9glez le d\u00e9bit d'air. Si le probl\u00e8me persiste, contactez le service client\u00e8le.<\/p>\n<h2>Parfait pour\u2026 \ud83d\udcbc<\/h2>\n<p>Le Bang Leader 120K est id\u00e9al pour les gros consommateurs, les amateurs de saveurs, les vapoteurs en d\u00e9placement, les rayons des magasins de vapotage et la distribution en gros. Avec son nombre impressionnant de bouff\u00e9es, ses deux saveurs et sa conception haut de gamme, c'est un produit de premier choix pour les acheteurs B2B \u00e0 la recherche d'un stock tr\u00e8s demand\u00e9.<\/p>\n<p>Que vous souhaitiez approvisionner votre magasin ou que vous recherchiez une cigarette \u00e9lectronique personnelle durable, ce mod\u00e8le puissant de 120 000 bouff\u00e9es est pr\u00eat \u00e0 vous impressionner. \ud83d\ude80<\/p>","protected":false},"excerpt":{"rendered":"<p>Bang Leader 120K Vape jetable 2 en 1 avec 120 000 bouff\u00e9es, changement fluide entre deux saveurs et nuages riches. Id\u00e9al pour les distributeurs B2B, les magasins de vape et les commandes en gros.<\/p>","protected":false},"featured_media":91143,"comment_status":"open","ping_status":"closed","template":"","meta":[],"product_brand":[239],"product_cat":[336,37],"product_tag":[328,431,434,432,433],"class_list":{"0":"post-91142","1":"product","2":"type-product","3":"status-publish","4":"has-post-thumbnail","6":"product_brand-bang","7":"product_cat-100k-puffs-disposable-vape","8":"product_cat-bang","9":"product_tag-120000-puffs-vape","10":"product_tag-bang-leader-120k","11":"product_tag-bang-vape","12":"product_tag-dual-flavor-disposable","13":"product_tag-rechargeable-vape","15":"first","16":"instock","17":"shipping-taxable","18":"purchasable","19":"product-type-variable","20":"has-default-attributes"},"jetpack_sharing_enabled":true,"tiered_pricing_type":"fixed","tiered_pricing_fixed_rules":{"30":8.8100000000000004973799150320701301097869873046875,"50":7,"100":6.480000000000000426325641456060111522674560546875,"200":5.9900000000000002131628207280300557613372802734375,"400":5.769999999999999573674358543939888477325439453125},"tiered_pricing_product_settings":{"layout":"default","base_unit_name":{"singular":null,"plural":null},"default_variation":null},"tiered_pricing_minimum_quantity":10,"tiered_pricing_roles_data":[],"tiered_pricing_percentage_rules":[],"tiered_pricing_maximum_quantity":null,"tiered_pricing_quantity_step":"10","_links":{"self":[{"href":"https:\/\/aiviouvapes.com\/fr\/wp-json\/wp\/v2\/product\/91142","targetHints":{"allow":["GET"]}}],"collection":[{"href":"https:\/\/aiviouvapes.com\/fr\/wp-json\/wp\/v2\/product"}],"about":[{"href":"https:\/\/aiviouvapes.com\/fr\/wp-json\/wp\/v2\/types\/product"}],"replies":[{"embeddable":true,"href":"https:\/\/aiviouvapes.com\/fr\/wp-json\/wp\/v2\/comments?post=91142"}],"wp:featuredmedia":[{"embeddable":true,"href":"https:\/\/aiviouvapes.com\/fr\/wp-json\/wp\/v2\/media\/91143"}],"wp:attachment":[{"href":"https:\/\/aiviouvapes.com\/fr\/wp-json\/wp\/v2\/media?parent=91142"}],"wp:term":[{"taxonomy":"product_brand","embeddable":true,"href":"https:\/\/aiviouvapes.com\/fr\/wp-json\/wp\/v2\/product_brand?post=91142"},{"taxonomy":"product_cat","embeddable":true,"href":"https:\/\/aiviouvapes.com\/fr\/wp-json\/wp\/v2\/product_cat?post=91142"},{"taxonomy":"product_tag","embeddable":true,"href":"https:\/\/aiviouvapes.com\/fr\/wp-json\/wp\/v2\/product_tag?post=91142"}],"curies":[{"name":"wp","href":"https:\/\/api.w.org\/{rel}","templated":true}]}}