{"id":91105,"date":"2025-12-08T23:17:17","date_gmt":"2025-12-08T15:17:17","guid":{"rendered":"https:\/\/aiviouvapes.com\/?post_type=product&#038;p=91105"},"modified":"2026-03-17T11:24:22","modified_gmt":"2026-03-17T03:24:22","slug":"bang-leader-85k","status":"publish","type":"product","link":"https:\/\/aiviouvapes.com\/fr\/product\/bang-leader-85k\/","title":{"rendered":"Bang Leader 85K | 3 en 1 triple saveur, 85000 bouff\u00e9es, 70ml, vape jetable en gros"},"content":{"rendered":"<p>Pr\u00e9sentation de la <strong>Bang Leader 85 000 bouff\u00e9es<\/strong>, une cigarette \u00e9lectronique jetable r\u00e9volutionnaire con\u00e7ue pour ceux qui en demandent toujours plus. Il ne s'agit pas d'une cigarette \u00e9lectronique standard, mais d'un appareil puissant et performant, con\u00e7u pour durer et satisfaire ses utilisateurs. Avec une capacit\u00e9 impressionnante de <strong>R\u00e9servoir de 70 ml pour e-liquide<\/strong> et un solide <strong>Batterie rechargeable de 850mAh<\/strong>, cet appareil vous permet de passer plus de temps \u00e0 vapoter et moins de temps \u00e0 vous soucier de tomber en panne. \ud83d\udd0b\u2728<\/p>\n<p>La caract\u00e9ristique qui se d\u00e9marque est l'innovant <strong>Syst\u00e8me d'ar\u00f4mes 3 en 1<\/strong>. Vous en avez assez du m\u00eame go\u00fbt ? Il suffit de changer les r\u00e9glages pour profiter de trois saveurs premium diff\u00e9rentes dans un seul appareil ! Con\u00e7u avec un <strong>Bobine de maille de 1,0 \u03a9<\/strong>, il d\u00e9livre une vapeur constante, douce et riche, de la premi\u00e8re bouff\u00e9e \u00e0 la derni\u00e8re. Parfait pour <strong>propri\u00e9taires de magasins de cigarettes \u00e9lectroniques<\/strong> \u00c0 la recherche d'un produit tr\u00e8s vendu ou de vapoteurs intensifs \u00e0 la recherche d'un bon rapport qualit\u00e9-prix. \ud83c\udfc6\ud83d\udce6<\/p>\n<h3>\ud83c\udf1f Pourquoi choisir le Bang Leader 85000 ?<\/h3>\n<ul>\n<li><strong>\ud83d\udd04 Technologie 3 en 1 pour les saveurs :<\/strong> Profitez de trois saveurs distinctes dans un appareil compact. Changez instantan\u00e9ment selon votre humeur !<\/li>\n<li><strong>\ud83d\udca7 Capacit\u00e9 massive de 70 ml :<\/strong> L'une des plus grandes capacit\u00e9s du march\u00e9, avec une autonomie incroyable de 85 000 bouff\u00e9es.<\/li>\n<li><strong>\u26a1 Rechargeable Type-C :<\/strong> La recharge rapide via le port Type-C garantit que votre batterie de 850 mAh est toujours pr\u00eate \u00e0 l'emploi.<\/li>\n<li><strong>\u2601\ufe0f Bobine maill\u00e9e avanc\u00e9e :<\/strong> La r\u00e9sistance mesh de 1,0 \u03a9 garantit une puret\u00e9 des saveurs am\u00e9lior\u00e9e et une production de vapeur dense.<\/li>\n<li><strong>\ud83c\udf9a\ufe0f Options flexibles en mati\u00e8re de nicotine :<\/strong> Disponible en 0%, 2%, 3% et 5% pour r\u00e9pondre aux pr\u00e9f\u00e9rences de chaque client.<\/li>\n<\/ul>\n<h3>\ud83d\udcca Bang Leader 85K Sp\u00e9cifications<\/h3>\n<table>\n<thead>\n<tr>\n<th align=\"left\">Fonctionnalit\u00e9<\/th>\n<th align=\"left\">D\u00e9tails<\/th>\n<\/tr>\n<\/thead>\n<tbody>\n<tr>\n<td><strong>Nombre de bouff\u00e9es<\/strong><\/td>\n<td>Jusqu'\u00e0 85 000 bouff\u00e9es<\/td>\n<\/tr>\n<tr>\n<td><strong>Capacit\u00e9 en e-liquide<\/strong><\/td>\n<td>70 ml<\/td>\n<\/tr>\n<tr>\n<td><strong>Syst\u00e8me d'ar\u00f4mes<\/strong><\/td>\n<td>Commutateur triple saveur 3 en 1<\/td>\n<\/tr>\n<tr>\n<td><strong>Batterie<\/strong><\/td>\n<td>850 mAh (rechargeable)<\/td>\n<\/tr>\n<tr>\n<td><strong>Chargement<\/strong><\/td>\n<td>Port Type-C<\/td>\n<\/tr>\n<tr>\n<td><strong>Bobine<\/strong><\/td>\n<td>Bobine de maille de 1,0 \u03a9<\/td>\n<\/tr>\n<tr>\n<td><strong>Intensit\u00e9 de la nicotine<\/strong><\/td>\n<td>0% (0 mg), 2% (20 mg), 3% (30 mg), 5% (50 mg)<\/td>\n<\/tr>\n<\/tbody>\n<\/table>\n<h3>\ud83c\udf6d Bang Leader 85K combinaisons de saveurs (3 saveurs par appareil)<\/h3>\n<p>Chaque appareil Bang Leader contient un trio de saveurs all\u00e9chantes. Choisissez votre m\u00e9lange pr\u00e9f\u00e9r\u00e9 :<\/p>\n<ul>\n<li>\ud83c\udf4c <strong>M\u00e9lange 1 :<\/strong> Banane glac\u00e9e \/ Fraise past\u00e8que \/ Oursons g\u00e9lifi\u00e9s<\/li>\n<li>\ud83d\udc09 <strong>M\u00e9lange 2 :<\/strong> Black Dragon Ice \/ Marshmallow \/ Summer Dream<\/li>\n<li>\ud83e\uded0 <strong>M\u00e9lange 3 :<\/strong> Glace \u00e0 la myrtille \/ Blue Raz \/ Poire parfum\u00e9e<\/li>\n<li>\ud83c\udf4d <strong>M\u00e9lange 4 :<\/strong> Cerise-canneberge \/ P\u00eache-mangue \/ Ananas<\/li>\n<li>\ud83e\udd64 <strong>M\u00e9lange 5 :<\/strong> Coke Ice \/ Pomme-P\u00eache \/ Limonade rose<\/li>\n<li>\ud83e\udd5d <strong>M\u00e9lange 6 :<\/strong> Raisin glac\u00e9 \/ Fraise kiwi \/ Fruit de la passion goyave<\/li>\n<li>\ud83d\udc9c <strong>M\u00e9lange 7 :<\/strong> Love 666 \/ Myrtille Framboise \/ Vimto<\/li>\n<li>\ud83c\udf79 <strong>M\u00e9lange 8 :<\/strong> Fruits m\u00e9lang\u00e9s \/ P\u00eache mojito \/ Myrtille framboise<\/li>\n<li>\ud83c\udf53 <strong>M\u00e9lange 9 :<\/strong> Glace \u00e0 l'ananas \/ Red Bull \u00e0 la fraise \/ M\u00e9lange de baies<\/li>\n<li>\ud83c\udf4e <strong>M\u00e9lange 10 :<\/strong> Pomme rouge glac\u00e9e \/ Framboise past\u00e8que \/ Raisin aloe vera<\/li>\n<li>\ud83c\udf66 <strong>Mix 11 :<\/strong> Red Bull \/ Myrtille-past\u00e8que \/ Cr\u00e8me glac\u00e9e \u00e0 la fraise<\/li>\n<li>\ud83c\udf4a <strong>Mix 12 :<\/strong> Glace \u00e0 la fraise \/ Citron-orange \/ Bubble-gum \u00e0 la past\u00e8que<\/li>\n<li>\ud83c\udf4c <strong>M\u00e9lange 13 :<\/strong> Fraise-framboise \/ Cassis \/ Fraise-banane<\/li>\n<li>\ud83c\udf52 <strong>M\u00e9lange 14 :<\/strong> Fraise-past\u00e8que \/ Cherry Coke \/ Cr\u00e8me \u00e0 la fraise<\/li>\n<li>\ud83e\udd6d <strong>M\u00e9lange 15 :<\/strong> Glace \u00e0 la past\u00e8que \/ Mangue-p\u00eache \/ Soda \u00e0 l'orange<\/li>\n<\/ul>\n<p><strong>Bang Leader 85 000 bouff\u00e9es<\/strong> \u00e9tablit une nouvelle norme pour les cigarettes \u00e9lectroniques jetables. Elle est parfaitement adapt\u00e9e pour <strong>grands utilisateurs<\/strong> qui recherchent la commodit\u00e9 sans compromis, et <strong>chasseurs de saveurs<\/strong> qui aiment la vari\u00e9t\u00e9. Pour <strong>d\u00e9taillants et grossistes<\/strong>, cet appareil haute performance et multi-saveurs est un article incontournable qui attire les clients \u00e0 la recherche du meilleur rapport qualit\u00e9-prix et des derni\u00e8res technologies. Renouvelez votre stock d\u00e8s aujourd'hui ! \ud83d\ude80\ud83d\uded2<\/p>\n<h3>\u2753 Foire aux questions (FAQ)<\/h3>\n<p><strong>Q : Comment changer de saveur sur le Bang Leader 85K ?<\/strong><br \/>\nR : L'appareil est \u00e9quip\u00e9 d'un m\u00e9canisme \u00e0 interrupteur simple qui vous permet de basculer entre les trois r\u00e9servoirs de liquide s\u00e9par\u00e9s \u00e0 l'int\u00e9rieur. \ud83d\udd00<\/p>\n<p><strong>Q : La batterie est-elle rechargeable ?<\/strong><br \/>\nR : Oui ! Il est \u00e9quip\u00e9 d'une batterie de 850 mAh qui peut \u00eatre facilement recharg\u00e9e \u00e0 l'aide d'un c\u00e2ble de recharge standard de type C. \ud83d\udd0c<\/p>\n<p><strong>Q : Ce produit est-il adapt\u00e9 \u00e0 la distribution en gros ?<\/strong><br \/>\nR : Absolument. Son argument de vente unique 3 en 1 et son nombre \u00e9lev\u00e9 de bouff\u00e9es en font un produit tr\u00e8s attractif pour les acheteurs B2B et les magasins de cigarettes \u00e9lectroniques. \ud83c\udfed<\/p>\n<p><strong>Q : Combien de temps durent 85 000 bouff\u00e9es ?<\/strong><br \/>\nR : Avec 70 ml de liquide, cet appareil peut durer plusieurs semaines selon vos habitudes d'utilisation, ce qui le rend extr\u00eamement rentable. \ud83d\uddd3\ufe0f<\/p>","protected":false},"excerpt":{"rendered":"<p>85 000 bouff\u00e9es, 3 saveurs diff\u00e9rentes et une capacit\u00e9 de 70 ml ! Le Bang Leader 85K est la cigarette \u00e9lectronique rechargeable longue dur\u00e9e ultime pour les grossistes et les amateurs de saveurs. \ud83c\udf2c\ufe0f\ud83d\udca8<\/p>","protected":false},"featured_media":91116,"comment_status":"open","ping_status":"closed","template":"","meta":[],"product_brand":[239],"product_cat":[336,242,37],"product_tag":[443,444,442,445,433],"class_list":{"0":"post-91105","1":"product","2":"type-product","3":"status-publish","4":"has-post-thumbnail","6":"product_brand-bang","7":"product_cat-100k-puffs-disposable-vape","8":"product_cat-60000-puffs-disposable-vape","9":"product_cat-bang","10":"product_tag-3-in-1-flavor-vape","11":"product_tag-85000-puffs-disposable","12":"product_tag-bang-leader-85000-puffs","13":"product_tag-bang-vape-wholesale","14":"product_tag-rechargeable-vape","16":"first","17":"instock","18":"shipping-taxable","19":"purchasable","20":"product-type-variable","21":"has-default-attributes"},"jetpack_sharing_enabled":true,"tiered_pricing_type":"fixed","tiered_pricing_fixed_rules":{"30":9.07000000000000028421709430404007434844970703125,"50":7.519999999999999573674358543939888477325439453125,"100":7,"200":6.61000000000000031974423109204508364200592041015625,"400":5.8300000000000000710542735760100185871124267578125},"tiered_pricing_product_settings":{"layout":"default","base_unit_name":{"singular":null,"plural":null},"default_variation":null},"tiered_pricing_minimum_quantity":10,"tiered_pricing_roles_data":[],"tiered_pricing_percentage_rules":[],"tiered_pricing_maximum_quantity":null,"tiered_pricing_quantity_step":"10","_links":{"self":[{"href":"https:\/\/aiviouvapes.com\/fr\/wp-json\/wp\/v2\/product\/91105","targetHints":{"allow":["GET"]}}],"collection":[{"href":"https:\/\/aiviouvapes.com\/fr\/wp-json\/wp\/v2\/product"}],"about":[{"href":"https:\/\/aiviouvapes.com\/fr\/wp-json\/wp\/v2\/types\/product"}],"replies":[{"embeddable":true,"href":"https:\/\/aiviouvapes.com\/fr\/wp-json\/wp\/v2\/comments?post=91105"}],"wp:featuredmedia":[{"embeddable":true,"href":"https:\/\/aiviouvapes.com\/fr\/wp-json\/wp\/v2\/media\/91116"}],"wp:attachment":[{"href":"https:\/\/aiviouvapes.com\/fr\/wp-json\/wp\/v2\/media?parent=91105"}],"wp:term":[{"taxonomy":"product_brand","embeddable":true,"href":"https:\/\/aiviouvapes.com\/fr\/wp-json\/wp\/v2\/product_brand?post=91105"},{"taxonomy":"product_cat","embeddable":true,"href":"https:\/\/aiviouvapes.com\/fr\/wp-json\/wp\/v2\/product_cat?post=91105"},{"taxonomy":"product_tag","embeddable":true,"href":"https:\/\/aiviouvapes.com\/fr\/wp-json\/wp\/v2\/product_tag?post=91105"}],"curies":[{"name":"wp","href":"https:\/\/api.w.org\/{rel}","templated":true}]}}