{"id":87881,"date":"2025-11-27T14:59:22","date_gmt":"2025-11-27T06:59:22","guid":{"rendered":"https:\/\/aiviouvapes.com\/?post_type=product&#038;p=87881"},"modified":"2026-04-10T19:09:42","modified_gmt":"2026-04-10T11:09:42","slug":"uzy-tornado-20k","status":"publish","type":"product","link":"https:\/\/aiviouvapes.com\/fr\/product\/uzy-tornado-20k\/","title":{"rendered":"UZY Tornado 20K | 28ml, 20000 bouff\u00e9es, affichage LED, longue dur\u00e9e, m\u00e9ga r\u00e9servoir, vape jetable en gros"},"content":{"rendered":"<p><strong>UZY Tornado 20000 bouff\u00e9es<\/strong> offre une long\u00e9vit\u00e9 \u00e9norme, des saveurs audacieuses et une exp\u00e9rience de vapotage haut de gamme dans un design \u00e9l\u00e9gant et facile \u00e0 utiliser. Avec une \u00e9norme capacit\u00e9 d'e-liquide de 28mL, une batterie rechargeable de 850mAh et un \u00e9cran LED intelligent indiquant les niveaux de batterie et d'e-juice, il est con\u00e7u \u00e0 la fois pour les utilisateurs quotidiens et les gros vapoteurs qui recherchent la fiabilit\u00e9 sans les tracas. \ud83d\udcaf<\/p>\n<h2>Pourquoi choisir UZY Tornado 20K ? \ud83c\udf2a\ufe0f<\/h2>\n<ul>\n<li>\ud83d\udd25 <strong>Jusqu'\u00e0 20 000 bouff\u00e9es<\/strong> - une performance durable pour une utilisation prolong\u00e9e.<\/li>\n<li>\ud83d\udca7 <strong>Grande capacit\u00e9 d'e-liquide de 28mL<\/strong> pour moins de remplacements et plus de valeur.<\/li>\n<li>\u26a1 <strong>Batterie rechargeable de 850mAh<\/strong> avec charge rapide de type C.<\/li>\n<li>\ud83d\udcfa <strong>\u00c9cran LED intelligent<\/strong> indiquant le niveau de la batterie et de l'e-juice restant.<\/li>\n<li>\ud83c\udf6d <strong>12 saveurs de premier choix<\/strong> pour un go\u00fbt net et satisfaisant.<\/li>\n<li>\ud83d\udc4c Convivialit\u00e9 pour les d\u00e9butants et parfait pour un vapotage quotidien sans souci.<\/li>\n<li>\ud83d\udce6 Id\u00e9al pour <strong>les grossistes, les distributeurs et les boutiques de vapotage<\/strong> en raison de la forte demande.<\/li>\n<\/ul>\n<h3>UZY Tornado 20K Sp\u00e9cifications<\/h3>\n<table>\n<tbody>\n<tr>\n<td>Nombre de bouff\u00e9es<\/td>\n<td>Jusqu'\u00e0 20 000 bouff\u00e9es<\/td>\n<\/tr>\n<tr>\n<td>Capacit\u00e9 en e-liquide<\/td>\n<td>28mL pr\u00e9-rempli<\/td>\n<\/tr>\n<tr>\n<td>Taux de nicotine<\/td>\n<td>0% \/ 2% \/ 3% \/ 5%<\/td>\n<\/tr>\n<tr>\n<td>Capacit\u00e9 de la batterie<\/td>\n<td>850mAh rechargeable<\/td>\n<\/tr>\n<tr>\n<td>Chargement<\/td>\n<td>Chargement rapide de type C<\/td>\n<\/tr>\n<tr>\n<td>Type de bobine<\/td>\n<td>Bobine en maille avanc\u00e9e<\/td>\n<\/tr>\n<tr>\n<td>Type d'appareil<\/td>\n<td>Vape \u00e0 usage unique<\/td>\n<\/tr>\n<tr>\n<td>Saveurs disponibles<\/td>\n<td>12 saveurs<\/td>\n<\/tr>\n<\/tbody>\n<\/table>\n<h3>Saveurs disponibles \ud83c\udf52\ud83e\uddca<\/h3>\n<ul>\n<li><strong>Past\u00e8que \u00e0 la fraise<\/strong> - doux, juteux, parfaitement \u00e9quilibr\u00e9.<\/li>\n<li><strong>Myrtille sur glace<\/strong> - fra\u00eecheur des baies.<\/li>\n<li><strong>P\u00eache Mangue Ananas<\/strong> - explosion d'un trio tropical.<\/li>\n<li><strong>Glace de raisin<\/strong> - go\u00fbt glac\u00e9 et prononc\u00e9 de raisin.<\/li>\n<li><strong>Glace \u00e0 la past\u00e8que<\/strong> - des vibrations estivales rafra\u00eechissantes.<\/li>\n<li><strong>Glace \u00e0 la p\u00eache<\/strong> - P\u00eache douce avec une touche givr\u00e9e.<\/li>\n<li><strong>Fraise Kiwi<\/strong> - un m\u00e9lange fruit\u00e9, sucr\u00e9 et acidul\u00e9.<\/li>\n<li><strong>Myrtille Framboise<\/strong> - m\u00e9lange de baies classique.<\/li>\n<li><strong>Kiwi Fruit de la passion<\/strong> - exotique et dynamique.<\/li>\n<li><strong>MR Blue<\/strong> - myst\u00e9rieux go\u00fbt de baies m\u00e9lang\u00e9es.<\/li>\n<li><strong>Glace triple mangue<\/strong> - mangue en couches avec de la glace.<\/li>\n<li><strong>Glace \u00e9nerg\u00e9tique rouge<\/strong> - go\u00fbt \u00e9nergique de boisson.<\/li>\n<\/ul>\n<h3>Parfait pour \ud83d\udca8<\/h3>\n<p>Ce dispositif est id\u00e9al pour <strong>les gros vapoteurs, les chasseurs d'ar\u00f4mes, les boutiques de vape, les vendeurs en ligne et les distributeurs en gros<\/strong> qui cherche \u00e0 offrir une vape durable et riche en fonctionnalit\u00e9s que les clients adorent.<\/p>\n<p>Dans l'ensemble,<strong> UZY Tornado 20000 Bouff\u00e9es \u00c9dition \u00c9cran LED<\/strong> est un produit jetable puissant con\u00e7u pour offrir une valeur maximale, une saveur riche et une grande commodit\u00e9. Que vous soyez un gros consommateur, un explorateur de saveurs ou un propri\u00e9taire de magasin cherchant \u00e0 stocker un produit premium \u00e0 forte demande, le Tornado 20K est le choix parfait. \ud83c\udf2a\ufe0f\ud83d\udd25<\/p>\n<p><strong>Faites l'exp\u00e9rience d'une performance durable - choisissez UZY Tornado d\u00e8s aujourd'hui.<\/strong><\/p>\n<h3>FAQ \u2753<\/h3>\n<p><strong>Q : Quelle est la dur\u00e9e de vie du UZY Tornado 20K ?<\/strong><br \/>\nSelon l'utilisation, il peut durer plusieurs jours gr\u00e2ce \u00e0 sa capacit\u00e9 de 20 000 bouff\u00e9es.<\/p>\n<p><strong>Q : L'appareil est-il rechargeable ?<\/strong><br \/>\nOui, il utilise le chargement rapide de type C.<\/p>\n<p><strong>Q : L'appareil indique-t-il les niveaux de batterie et d'e-liquide ?<\/strong><br \/>\nOui, l'\u00e9cran LED affiche les deux en temps r\u00e9el.<\/p>\n<p><strong>Q : Convient-il aux d\u00e9butants ?<\/strong><br \/>\nAbsolument - il suffit d'inhaler pour l'activer, aucun r\u00e9glage n'est n\u00e9cessaire.<\/p>\n<p><strong>Q : Est-il possible de passer des commandes en gros ?<\/strong><br \/>\nOui, le Tornado 20K est tr\u00e8s populaire parmi les boutiques de vape et les acheteurs en gros en raison de sa longue dur\u00e9e de vie et de ses caract\u00e9ristiques haut de gamme.<\/p>","protected":false},"excerpt":{"rendered":"<p>Profitez du UZY Tornado 20K avec une \u00e9norme capacit\u00e9 d'e-liquide de 28mL, une batterie rechargeable de 850mAh, et un \u00e9cran LED intelligent qui affiche les niveaux de batterie et d'e-juice en temps r\u00e9el pour une commodit\u00e9 totale. \u26a1\ud83d\udca8<\/p>","protected":false},"featured_media":87942,"comment_status":"open","ping_status":"closed","template":"","meta":[],"product_brand":[254],"product_cat":[253,129,137,146,138,141,143],"product_tag":[399,400,401,398,396],"class_list":{"0":"post-87881","1":"product","2":"type-product","3":"status-publish","4":"has-post-thumbnail","6":"product_brand-uzy","7":"product_cat-uzy","8":"product_cat-20000-puffs-disposable-vape","9":"product_cat-disposable-vapes-in-germany","10":"product_cat-disposable-vapes-in-hungary","11":"product_cat-disposable-vapes-in-ltaly","12":"product_cat-disposable-vapes-in-poland","13":"product_cat-disposable-vapes-in-spain","14":"product_tag-20k-disposable-vape","15":"product_tag-led-display-vape-pen","16":"product_tag-long-lasting-vape-28ml","17":"product_tag-uzy-tornado-20000-puffs","18":"product_tag-wholesale-disposable-vape","20":"first","21":"instock","22":"shipping-taxable","23":"purchasable","24":"product-type-variable","25":"has-default-attributes"},"jetpack_sharing_enabled":true,"tiered_pricing_type":"fixed","tiered_pricing_fixed_rules":{"30":7.28000000000000024868995751603506505489349365234375,"50":5.92999999999999971578290569595992565155029296875,"100":5.45999999999999996447286321199499070644378662109375,"200":5.160000000000000142108547152020037174224853515625,"400":4.13999999999999968025576890795491635799407958984375},"tiered_pricing_product_settings":{"layout":"default","base_unit_name":{"singular":null,"plural":null},"default_variation":null},"tiered_pricing_minimum_quantity":10,"tiered_pricing_roles_data":[],"tiered_pricing_percentage_rules":[],"tiered_pricing_maximum_quantity":null,"tiered_pricing_quantity_step":"10","_links":{"self":[{"href":"https:\/\/aiviouvapes.com\/fr\/wp-json\/wp\/v2\/product\/87881","targetHints":{"allow":["GET"]}}],"collection":[{"href":"https:\/\/aiviouvapes.com\/fr\/wp-json\/wp\/v2\/product"}],"about":[{"href":"https:\/\/aiviouvapes.com\/fr\/wp-json\/wp\/v2\/types\/product"}],"replies":[{"embeddable":true,"href":"https:\/\/aiviouvapes.com\/fr\/wp-json\/wp\/v2\/comments?post=87881"}],"wp:featuredmedia":[{"embeddable":true,"href":"https:\/\/aiviouvapes.com\/fr\/wp-json\/wp\/v2\/media\/87942"}],"wp:attachment":[{"href":"https:\/\/aiviouvapes.com\/fr\/wp-json\/wp\/v2\/media?parent=87881"}],"wp:term":[{"taxonomy":"product_brand","embeddable":true,"href":"https:\/\/aiviouvapes.com\/fr\/wp-json\/wp\/v2\/product_brand?post=87881"},{"taxonomy":"product_cat","embeddable":true,"href":"https:\/\/aiviouvapes.com\/fr\/wp-json\/wp\/v2\/product_cat?post=87881"},{"taxonomy":"product_tag","embeddable":true,"href":"https:\/\/aiviouvapes.com\/fr\/wp-json\/wp\/v2\/product_tag?post=87881"}],"curies":[{"name":"wp","href":"https:\/\/api.w.org\/{rel}","templated":true}]}}