{"id":87549,"date":"2025-11-26T18:54:33","date_gmt":"2025-11-26T10:54:33","guid":{"rendered":"https:\/\/aiviouvapes.com\/?post_type=product&#038;p=87549"},"modified":"2026-03-17T23:53:00","modified_gmt":"2026-03-17T15:53:00","slug":"uzy-crystal-twin-50k","status":"publish","type":"product","link":"https:\/\/aiviouvapes.com\/fr\/product\/uzy-crystal-twin-50k\/","title":{"rendered":"UZY Crystal Twin 50K | 2-en-1 double ar\u00f4me 50000 bouff\u00e9es \u00e9cran LED intelligent 40ml m\u00e9ga capacit\u00e9 gros"},"content":{"rendered":"<p><strong>UZY Crystal Twin 50000 bouff\u00e9es vape jetable<\/strong> est con\u00e7u pour les vapoteurs qui veulent plus de saveur, plus de puissance et plus de commodit\u00e9. Avec <strong>deux r\u00e9servoirs de 20 ml<\/strong>, <strong>deux bobines \u00e0 mailles de 0,9\u03a9<\/strong>et un <strong>\u00e9cran LED intelligent<\/strong>, Gr\u00e2ce \u00e0 la technologie de pointe, cet appareil vous offre une exp\u00e9rience de premier ordre \u00e0 chaque bouff\u00e9e. Passez d'une saveur \u00e0 l'autre \u00e0 tout moment et profitez d'un go\u00fbt ultra doux pendant des semaines. \ud83d\ude80<\/p>\n<h2>Pourquoi choisir UZY Crystal Twin 50K ?<\/h2>\n<ul>\n<li>\ud83d\udca8 <strong>50 000 bouff\u00e9es massives<\/strong> pour une utilisation ultra-longue<\/li>\n<li>\ud83c\udf53 <strong>Syst\u00e8me de double ar\u00f4me 2 en 1<\/strong> - passer instantan\u00e9ment d'un go\u00fbt \u00e0 l'autre<\/li>\n<li>\ud83d\udd25 <strong>Deux bobines maille de 0,9\u03a9<\/strong> pour une saveur plus prononc\u00e9e et une vapeur plus douce<\/li>\n<li>\ud83d\udcfa <strong>\u00c9cran LED intelligent<\/strong> indique clairement les niveaux de batterie et d'e-liquide<\/li>\n<li>\ud83d\udd0b <strong>Batterie rechargeable de 850mAh<\/strong> avec charge rapide de type C<\/li>\n<li>\ud83e\uddca <strong>Grande capacit\u00e9 d'e-juice de 40mL<\/strong> (20mL + 20mL)<\/li>\n<li>\ud83c\udf2c Disponible en <strong>2%, 3% et 5% nicotine<\/strong> options<\/li>\n<li>\ud83d\udc8e Un design cristallin qui donne une impression de qualit\u00e9 sup\u00e9rieure et qui tient confortablement dans la main<\/li>\n<li>\ud83d\uded2 Parfait pour <strong>les commandes de d\u00e9tail, de gros et en vrac<\/strong><\/li>\n<\/ul>\n<h3>UZY Crystal Twin 50K Sp\u00e9cifications<\/h3>\n<table>\n<tbody>\n<tr>\n<td><strong>Nombre de bouff\u00e9es<\/strong><\/td>\n<td>Jusqu'\u00e0 50 000 bouff\u00e9es<\/td>\n<\/tr>\n<tr>\n<td><strong>Saveurs<\/strong><\/td>\n<td>Double ar\u00f4me (2 ar\u00f4mes dans un seul appareil)<\/td>\n<\/tr>\n<tr>\n<td><strong>Capacit\u00e9 en e-liquide<\/strong><\/td>\n<td>40mL (20mL + 20mL)<\/td>\n<\/tr>\n<tr>\n<td><strong>Bobine<\/strong><\/td>\n<td>Bobine \u00e0 mailles de 0,9\u03a9 \u00d7 2<\/td>\n<\/tr>\n<tr>\n<td><strong>Intensit\u00e9 de la nicotine<\/strong><\/td>\n<td>2% \/ 3% \/ 5%<\/td>\n<\/tr>\n<tr>\n<td><strong>Batterie<\/strong><\/td>\n<td>850mAh rechargeable<\/td>\n<\/tr>\n<tr>\n<td><strong>Chargement<\/strong><\/td>\n<td>Chargement rapide de type C<\/td>\n<\/tr>\n<tr>\n<td><strong>Affichage<\/strong><\/td>\n<td>\u00c9cran LED intelligent<\/td>\n<\/tr>\n<tr>\n<td><strong>Type d'utilisation<\/strong><\/td>\n<td>Jetable<\/td>\n<\/tr>\n<\/tbody>\n<\/table>\n<h3>UZY Crystal Twin 50K Saveurs disponibles<\/h3>\n<ul>\n<li><strong>Glace aux myrtilles et glace \u00e0 la p\u00eache d'\u00e9t\u00e9<\/strong> - La myrtille glac\u00e9e rencontre la p\u00eache sucr\u00e9e pour un m\u00e9lange rafra\u00eechissant.<\/li>\n<li><strong>Kiwi Fruit de la passion Goyave &amp; Myrtille Framboise<\/strong> - Explosion tropicale associ\u00e9e \u00e0 la douceur des baies.<\/li>\n<li><strong>Glace fraise, kiwi et raisin<\/strong> - Fra\u00eecheur fruit\u00e9e avec une touche de raisin frais.<\/li>\n<li><strong>Kiwi, fruit de la passion, goyave et deux pommes<\/strong> - Des m\u00e9langes tropicaux exotiques avec une double pomme croquante.<\/li>\n<li><strong>Fraise, past\u00e8que et citron vert<\/strong> - M\u00e9lange sucr\u00e9 et juteux \u00e9quilibr\u00e9 par des agrumes piquants.<\/li>\n<li><strong>Glace \u00e0 la myrtille, \u00e0 la framboise et \u00e0 la cerise<\/strong> - Baies douces avec une finale de cerise fra\u00eeche.<\/li>\n<li><strong>Strawberry Raspberry Cherry &amp; Mr Blue<\/strong> - Un m\u00e9lange frais et myst\u00e9rieux avec un triple twist de baies.<\/li>\n<li><strong>P\u00eache Mangue Ananas &amp; Red Bull<\/strong> - Cocktail tropical et soda \u00e9nergisant.<\/li>\n<li><strong>Glace \u00e0 la past\u00e8que et baies m\u00e9lang\u00e9es<\/strong> - Melon d'eau rafra\u00eechissant associ\u00e9 \u00e0 la fra\u00eecheur des baies sauvages.<\/li>\n<li><strong>Strawberry Banana &amp; Love 66<\/strong> - Banane onctueuse et cr\u00e9meuse + go\u00fbt exotique de type shisha.<\/li>\n<\/ul>\n<h3>Parfait pour<\/h3>\n<p>Ce dispositif est id\u00e9al pour <strong>les gros vapoteurs, les amateurs d'ar\u00f4mes, les propri\u00e9taires de boutiques de vape et les distributeurs en gros<\/strong> qui veulent une vape jetable de qualit\u00e9 sup\u00e9rieure et de longue dur\u00e9e. Avec de grandes saveurs, une grande capacit\u00e9 et de grandes performances, le UZY Crystal Twin 50K offre une satisfaction de la premi\u00e8re \u00e0 la derni\u00e8re bouff\u00e9e. \ud83d\udca8\ud83d\udd25<\/p>\n<h3>FAQ concernant UZY Crystal Twin 50K<\/h3>\n<p><strong>Q : Quelle est la dur\u00e9e de vie de l'appareil UZY Crystal Twin 50K ?<\/strong><br \/>\nR : Avec jusqu'\u00e0 50 000 bouff\u00e9es, il peut durer des semaines, voire des mois, en fonction de vos habitudes de vapotage.<\/p>\n<p><strong>Q : Puis-je recharger cet appareil ?<\/strong><br \/>\nR : Oui ! Il comprend une batterie rechargeable de 850mAh avec chargement Type-C.<\/p>\n<p><strong>Q : Y a-t-il vraiment deux saveurs ?<\/strong><br \/>\nR : Oui. L'appareil est dot\u00e9 de deux r\u00e9servoirs distincts de 20 ml et de deux bobines en maille, ce qui vous permet de changer d'ar\u00f4me \u00e0 tout moment.<\/p>\n<p><strong>Q : Est-ce bon pour le commerce de gros ?<\/strong><br \/>\nR : Absolument. C'est un produit tr\u00e8s demand\u00e9, durable et id\u00e9al pour les boutiques de vape, la distribution et les commandes en gros.<\/p>\n<p><strong>Q : Quels sont les taux de nicotine disponibles ?<\/strong><br \/>\nR : Vous pouvez choisir 2%, 3% ou 5% en fonction des besoins de votre march\u00e9.<\/p>","protected":false},"excerpt":{"rendered":"<p>Profitez de deux saveurs incroyables dans un seul appareil avec le UZY Crystal Twin 50K ! \ud83d\udca8 Un jetable longue dur\u00e9e de 50 000 bouff\u00e9es avec un affichage LED intelligent, des bobines \u00e0 double maille et une \u00e9norme capacit\u00e9 d'e-liquide de 40mL - parfait pour les vapoteurs de tous les jours et les acheteurs en gros.<\/p>","protected":false},"featured_media":87550,"comment_status":"open","ping_status":"closed","template":"","meta":[],"product_brand":[254],"product_cat":[253,219,242,137,146,138,141,143],"product_tag":[389,391,392,388,390],"class_list":{"0":"post-87549","1":"product","2":"type-product","3":"status-publish","4":"has-post-thumbnail","6":"product_brand-uzy","7":"product_cat-uzy","8":"product_cat-40000-puffs-disposable-vape","9":"product_cat-60000-puffs-disposable-vape","10":"product_cat-disposable-vapes-in-germany","11":"product_cat-disposable-vapes-in-hungary","12":"product_cat-disposable-vapes-in-ltaly","13":"product_cat-disposable-vapes-in-poland","14":"product_cat-disposable-vapes-in-spain","15":"product_tag-dual-flavor-50k-puffs-vape","16":"product_tag-led-display-high-puff-vape","17":"product_tag-long-lasting-2-in-1-vape-device","18":"product_tag-uzy-crystal-twin-50000-disposable-vape","19":"product_tag-wholesale-disposable-vape-bulk","21":"first","22":"instock","23":"shipping-taxable","24":"purchasable","25":"product-type-variable","26":"has-default-attributes"},"jetpack_sharing_enabled":true,"tiered_pricing_type":"fixed","tiered_pricing_fixed_rules":{"30":7.589999999999999857891452847979962825775146484375,"50":6.20999999999999996447286321199499070644378662109375,"100":5.95999999999999996447286321199499070644378662109375,"200":5.589999999999999857891452847979962825775146484375,"400":5.04000000000000003552713678800500929355621337890625},"tiered_pricing_product_settings":{"layout":"default","base_unit_name":{"singular":null,"plural":null},"default_variation":null},"tiered_pricing_minimum_quantity":10,"tiered_pricing_roles_data":[],"tiered_pricing_percentage_rules":[],"tiered_pricing_maximum_quantity":null,"tiered_pricing_quantity_step":"10","_links":{"self":[{"href":"https:\/\/aiviouvapes.com\/fr\/wp-json\/wp\/v2\/product\/87549","targetHints":{"allow":["GET"]}}],"collection":[{"href":"https:\/\/aiviouvapes.com\/fr\/wp-json\/wp\/v2\/product"}],"about":[{"href":"https:\/\/aiviouvapes.com\/fr\/wp-json\/wp\/v2\/types\/product"}],"replies":[{"embeddable":true,"href":"https:\/\/aiviouvapes.com\/fr\/wp-json\/wp\/v2\/comments?post=87549"}],"wp:featuredmedia":[{"embeddable":true,"href":"https:\/\/aiviouvapes.com\/fr\/wp-json\/wp\/v2\/media\/87550"}],"wp:attachment":[{"href":"https:\/\/aiviouvapes.com\/fr\/wp-json\/wp\/v2\/media?parent=87549"}],"wp:term":[{"taxonomy":"product_brand","embeddable":true,"href":"https:\/\/aiviouvapes.com\/fr\/wp-json\/wp\/v2\/product_brand?post=87549"},{"taxonomy":"product_cat","embeddable":true,"href":"https:\/\/aiviouvapes.com\/fr\/wp-json\/wp\/v2\/product_cat?post=87549"},{"taxonomy":"product_tag","embeddable":true,"href":"https:\/\/aiviouvapes.com\/fr\/wp-json\/wp\/v2\/product_tag?post=87549"}],"curies":[{"name":"wp","href":"https:\/\/api.w.org\/{rel}","templated":true}]}}