{"id":82847,"date":"2025-11-11T16:50:44","date_gmt":"2025-11-11T08:50:44","guid":{"rendered":"https:\/\/aiviouvapes.com\/?post_type=product&#038;p=82847"},"modified":"2026-04-02T10:11:59","modified_gmt":"2026-04-02T02:11:59","slug":"poco-fr-80k-80000-puffs-4-in-1-quad-mesh-coil-rechargeable-disposable-vape","status":"publish","type":"product","link":"https:\/\/aiviouvapes.com\/fr\/product\/poco-fr-80k-80000-puffs-4-in-1-quad-mesh-coil-rechargeable-disposable-vape\/","title":{"rendered":"POCO FR 80K | 80000 bouff\u00e9es 4-en-1 bobine quad mesh rechargeable vape jetable"},"content":{"rendered":"<h2>\ud83d\udd25 Pourquoi choisir POCO FR 80000 bouff\u00e9es ?<\/h2>\n<ul>\n<li>\ud83d\udca8 <strong>80 000 bouff\u00e9es massives :<\/strong> Con\u00e7u pour une utilisation \u00e0 long terme \u2013 id\u00e9al pour les gros vapoteurs et les revendeurs.<\/li>\n<li>\ud83c\udfa8 <strong>4 saveurs dans 1 vapoteuse :<\/strong> Passez sans effort d'une saveur premium \u00e0 l'autre pour une vari\u00e9t\u00e9 infinie.<\/li>\n<li>\u26a1 <strong>Syst\u00e8me \u00e0 bobines quadruples :<\/strong> 4 bobines maill\u00e9es rehaussant la saveur offrent une vapeur douce et un go\u00fbt riche.<\/li>\n<li>\ud83d\udd0b <strong>Batterie rechargeable de 650mAh :<\/strong> La recharge rapide de type C garantit une puissance constante jusqu'\u00e0 la derni\u00e8re bouff\u00e9e.<\/li>\n<li>\ud83e\uddc3 <strong>Capacit\u00e9 de 60 ml d'e-liquide :<\/strong> Volume de liquide g\u00e9n\u00e9reux pour un plaisir ultra-long.<\/li>\n<li>\ud83d\udda5\ufe0f <strong>Conception compacte et durable :<\/strong> S'adapte parfaitement \u00e0 votre main et con\u00e7u pour durer gr\u00e2ce \u00e0 sa construction solide.<\/li>\n<li>\ud83c\udff7\ufe0f <strong>Adapt\u00e9 \u00e0 la vente en gros :<\/strong> Conditionnement de 10 pi\u00e8ces par bo\u00eete \u2013 id\u00e9al pour les magasins de cigarettes \u00e9lectroniques et les distributeurs.<\/li>\n<\/ul>\n<p><img data-recalc-dims=\"1\" decoding=\"async\" style=\"max-width: 100%; height: auto; display: block; margin: 0 auto;\" src=\"https:\/\/i0.wp.com\/aiviouvapes.com\/wp-content\/uploads\/2025\/11\/1111.jpg?w=1020&#038;ssl=1\" alt=\"POCO FR 80K\" title=\"\"><br \/>\n<img data-recalc-dims=\"1\" decoding=\"async\" style=\"max-width: 100%; height: auto; display: block; margin: 0 auto;\" src=\"https:\/\/i0.wp.com\/aiviouvapes.com\/wp-content\/uploads\/2025\/11\/2222.jpg?w=1020&#038;ssl=1\" alt=\"POCO FR 80K\" title=\"\"><\/p>\n<p>&nbsp;<\/p>\n<h2>\u2699\ufe0f Sp\u00e9cifications<\/h2>\n<table>\n<tbody>\n<tr>\n<td><strong>Nombre de bouff\u00e9es<\/strong><\/td>\n<td>80 000 bouff\u00e9es<\/td>\n<\/tr>\n<tr>\n<td><strong>Capacit\u00e9 en e-liquide<\/strong><\/td>\n<td>60ml<\/td>\n<\/tr>\n<tr>\n<td><strong>Intensit\u00e9 de la nicotine<\/strong><\/td>\n<td>5%<\/td>\n<\/tr>\n<tr>\n<td><strong>Batterie<\/strong><\/td>\n<td>650mAh Rechargeable<\/td>\n<\/tr>\n<tr>\n<td><strong>Port de charge<\/strong><\/td>\n<td>Type-C<\/td>\n<\/tr>\n<tr>\n<td><strong>Type de bobine<\/strong><\/td>\n<td>Bobine quadruple maill\u00e9e (x4)<\/td>\n<\/tr>\n<tr>\n<td><strong>Taille de l'appareil<\/strong><\/td>\n<td>100,5 \u00d7 42 \u00d7 44 mm<\/td>\n<\/tr>\n<tr>\n<td><strong>Emballage<\/strong><\/td>\n<td>10 pi\u00e8ces par bo\u00eete pr\u00e9sentoir<\/td>\n<\/tr>\n<\/tbody>\n<\/table>\n<h2>\ud83c\udf53 Collection de saveurs<\/h2>\n<p>D\u00e9couvrez le POCO FR <strong>Syst\u00e8me d'ar\u00f4mes 4 en 1<\/strong> \u2013 Con\u00e7ues pour offrir des transitions harmonieuses et un go\u00fbt \u00e9quilibr\u00e9. Chaque combinaison offre une fusion unique de notes fruit\u00e9es, glac\u00e9es et sucr\u00e9es pour satisfaire tous les palais. \ud83d\ude0b\ud83d\udc47<\/p>\n<ul>\n<li><b>1.<\/b>Fraise-framboise-cerise \u2013 Past\u00e8que-litchi \u2013 Myrtille-fraise \u2013 G\u00e2teau \u00e0 la banane<\/li>\n<li><b>2.<\/b>Fraise-past\u00e8que \u2013 Fraise-framboise-kiwi \u2013 Ananas-pomme \u2013 Cerise-canneberge<\/li>\n<li><b>3.<\/b>Myrtille-fraise \u2013 Raisin-canneberge-p\u00eache \u2013 Boisson \u00e9nergisante \u2013 Myrtille-past\u00e8que<\/li>\n<li><b>4.<\/b>Limonade aux bleuets et aux framboises \u2013 Fraise et kiwi \u2013 Fraise et mangue \u2013 M\u00e9lange de baies<\/li>\n<li><b>5.<\/b>Fraise-cerise \u2013 Framboise-past\u00e8que \u2013 Myrtille-cerise-cola \u2013 Mangue-ananas<\/li>\n<li><b>6.<\/b>Cerise-P\u00eache-Citron \u2013 Menthe fra\u00eeche \u2013 Bubble Gum Past\u00e8que \u2013 Raisin glac\u00e9<\/li>\n<li><b>7.<\/b>M\u00fbre-canneberge \u2013 Fraise-banane \u2013 Myrtille-framboise-cerise \u2013 Myrtille-kiwi<\/li>\n<li><b>8.<\/b>Past\u00e8que glac\u00e9e \u2013 Ananas-noix de coco \u2013 P\u00eache-mangue-past\u00e8que \u2013 Cerise-p\u00eache-citron<\/li>\n<li><b>9.<\/b>Fraise-raisin \u2013 Pomme-p\u00eache \u2013 Fraise-past\u00e8que \u2013 Fruit du dragon noir-fraise<\/li>\n<li><b>10.<\/b>Myrtille-framboise acidul\u00e9e \u2013 Kiwi-ananas glac\u00e9 \u2013 Raisin-cerise \u2013 Alo\u00e8s-raisin<\/li>\n<li><strong>11.<\/strong>Fraise-framboise \u2013 Citron-citron vert \u2013 Myrtille glac\u00e9e noire \u2013 Fruit de la passion-kiwi-goyave<\/li>\n<li><strong>12.<\/strong>Baies, cerise et citron vert \u2013 Pomme acidul\u00e9e \u2013 Bonbon mou \u00e0 la p\u00eache et \u00e0 la myrtille \u2013 Fraise et cola<\/li>\n<li><strong>13.<\/strong>Fruit du dragon Fraise glac\u00e9 noir \u2013 Past\u00e8que glac\u00e9e \u2013 Myrtille glac\u00e9e \u2013 P\u00eache glac\u00e9e<\/li>\n<li><strong>14.<\/strong>Pomme acidul\u00e9e \u2013 Past\u00e8que citron vert \u2013 Framboise past\u00e8que litchi \u2013 Fraise cola<\/li>\n<li><strong>15.<\/strong>Aloe Grape \u2013 Framboise-P\u00eache-Citron vert \u2013 P\u00eache-Mangue-Past\u00e8que \u2013 Coca Cola<\/li>\n<\/ul>\n<h2>\ud83d\udcac Foire aux questions (FAQ)<\/h2>\n<p><strong>Q :<\/strong> Quelle est la dur\u00e9e de vie d'un POCO FR 80000 ?<br \/>\n<strong>A :<\/strong> Avec jusqu'\u00e0 80 000 bouff\u00e9es, il peut durer plusieurs semaines selon vos habitudes de vapotage.<\/p>\n<p><strong>Q :<\/strong> Puis-je le recharger ?<br \/>\n<strong>A :<\/strong> Oui ! La batterie de 650 mAh est rechargeable de type C, garantissant une recharge efficace pour une utilisation \u00e0 long terme.<\/p>\n<p><strong>Q :<\/strong> Y a-t-il plusieurs saveurs ?<br \/>\n<strong>A :<\/strong> Absolument ! Chaque appareil comprend quatre saveurs distinctes que vous pouvez changer \u00e0 tout moment !<\/p>\n<p><strong>Q :<\/strong> \u00c0 qui cet appareil convient-il le mieux ?<br \/>\n<strong>A :<\/strong> Parfait pour <strong>grands consommateurs de cigarettes \u00e9lectroniques, amateurs de saveurs,<\/strong> et <strong>distributeurs en gros<\/strong> \u00e0 la recherche d'une performance haut de gamme et d'une satisfaction durable.<\/p>\n<h2>\ud83d\ude80 Parfait pour<\/h2>\n<p>Les <strong>POCO FR 80K Vape jetable 4 en 1<\/strong> est un choix de premier ordre pour <strong>d\u00e9taillants, magasins de cigarettes \u00e9lectroniques,<\/strong> et <strong>distributeurs<\/strong> qui appr\u00e9cient la vari\u00e9t\u00e9 des saveurs, la performance et la commodit\u00e9. Id\u00e9al pour <strong>march\u00e9s europ\u00e9ens<\/strong> et tous ceux qui veulent des clouds puissants avec un minimum de maintenance. \ud83c\udf2c\ufe0f\ud83d\udc8e<\/p>","protected":false},"excerpt":{"rendered":"<p>D\u00e9couvrez le <strong>POCO FR 80000 bouff\u00e9es Vape jetable<\/strong> \u2013 mettant en vedette <strong>4 saveurs dans un seul appareil<\/strong>, un <strong>Batterie rechargeable Type-C de 650 mAh<\/strong>et <strong>bobine \u00e0 quadruple maille<\/strong> Une technologie pour une exp\u00e9rience de vapotage ultime et durable. Parfait pour les march\u00e9s de d\u00e9tail et de gros \u00e0 travers l'Europe ! \ud83c\udf0d\ud83d\udca8<\/p>","protected":false},"featured_media":82859,"comment_status":"open","ping_status":"closed","template":"","meta":[],"product_brand":[232],"product_cat":[36,137,146,138,141,143],"product_tag":[],"class_list":{"0":"post-82847","1":"product","2":"type-product","3":"status-publish","4":"has-post-thumbnail","6":"product_brand-poco","7":"product_cat-poco","8":"product_cat-disposable-vapes-in-germany","9":"product_cat-disposable-vapes-in-hungary","10":"product_cat-disposable-vapes-in-ltaly","11":"product_cat-disposable-vapes-in-poland","12":"product_cat-disposable-vapes-in-spain","14":"first","15":"instock","16":"shipping-taxable","17":"purchasable","18":"product-type-variable","19":"has-default-attributes"},"jetpack_sharing_enabled":true,"tiered_pricing_type":"fixed","tiered_pricing_fixed_rules":{"100":9.5,"200":8.9000000000000003552713678800500929355621337890625,"500":8.4000000000000003552713678800500929355621337890625},"tiered_pricing_product_settings":{"layout":"default","base_unit_name":{"singular":null,"plural":null},"default_variation":null},"tiered_pricing_minimum_quantity":50,"tiered_pricing_roles_data":[],"tiered_pricing_percentage_rules":[],"tiered_pricing_maximum_quantity":null,"tiered_pricing_quantity_step":"10","_links":{"self":[{"href":"https:\/\/aiviouvapes.com\/fr\/wp-json\/wp\/v2\/product\/82847","targetHints":{"allow":["GET"]}}],"collection":[{"href":"https:\/\/aiviouvapes.com\/fr\/wp-json\/wp\/v2\/product"}],"about":[{"href":"https:\/\/aiviouvapes.com\/fr\/wp-json\/wp\/v2\/types\/product"}],"replies":[{"embeddable":true,"href":"https:\/\/aiviouvapes.com\/fr\/wp-json\/wp\/v2\/comments?post=82847"}],"wp:featuredmedia":[{"embeddable":true,"href":"https:\/\/aiviouvapes.com\/fr\/wp-json\/wp\/v2\/media\/82859"}],"wp:attachment":[{"href":"https:\/\/aiviouvapes.com\/fr\/wp-json\/wp\/v2\/media?parent=82847"}],"wp:term":[{"taxonomy":"product_brand","embeddable":true,"href":"https:\/\/aiviouvapes.com\/fr\/wp-json\/wp\/v2\/product_brand?post=82847"},{"taxonomy":"product_cat","embeddable":true,"href":"https:\/\/aiviouvapes.com\/fr\/wp-json\/wp\/v2\/product_cat?post=82847"},{"taxonomy":"product_tag","embeddable":true,"href":"https:\/\/aiviouvapes.com\/fr\/wp-json\/wp\/v2\/product_tag?post=82847"}],"curies":[{"name":"wp","href":"https:\/\/api.w.org\/{rel}","templated":true}]}}