{"id":65805,"date":"2025-09-10T17:21:41","date_gmt":"2025-09-10T09:21:41","guid":{"rendered":"https:\/\/aiviouvapes.com\/?post_type=product&#038;p=65805"},"modified":"2026-04-19T04:27:45","modified_gmt":"2026-04-18T20:27:45","slug":"bang-legend-120k-5-in-1-120000-puffs","status":"publish","type":"product","link":"https:\/\/aiviouvapes.com\/fr\/product\/bang-legend-120k-5-in-1-120000-puffs\/","title":{"rendered":"Bang Legend 120K | 120000 bouff\u00e9es, 5-en-1, multi-saveurs, r\u00e9glable, vape jetable en vrac"},"content":{"rendered":"<h2>Pourquoi choisir Bang Legend 120K ?<\/h2>\n<ul>\n<li>\ud83d\udca8 <strong>Nombre massif de bouff\u00e9es :<\/strong> Jusqu'\u00e0 120 000 bouff\u00e9es pour une satisfaction durable.<\/li>\n<li>\ud83c\udfa8 <strong>Modes d'ar\u00f4mes 5 en 1 :<\/strong> Passez facilement de l'un \u00e0 l'autre des 5 parfums pour une vari\u00e9t\u00e9 de go\u00fbts infinie.<\/li>\n<li>\ud83d\udd0b <strong>Batterie rechargeable de 850mAh :<\/strong> Des performances fiables et constantes.<\/li>\n<li>\u26a1 <strong>Syst\u00e8me d'enroulement en maille :<\/strong> Les bobines 5*mesh offrent une saveur intense et de riches nuages de vapeur.<\/li>\n<li>\ud83d\udcfa <strong>\u00c9cran LED intelligent :<\/strong> V\u00e9rifiez l'autonomie de la batterie, le nombre de bouff\u00e9es et le mode d'ar\u00f4me \u00e0 tout moment.<\/li>\n<li>\ud83d\udd0c <strong>Type-C Chargement :<\/strong> Chargement rapide et efficace pour les utilisateurs nomades.<\/li>\n<li>\ud83d\udce6 <strong>Emballage pr\u00eat pour la vente en gros :<\/strong> 10 pi\u00e8ces\/paquet, id\u00e9al pour les magasins de vape et les distributeurs.<\/li>\n<li>\ud83c\udf0d <strong>Large gamme d'ar\u00f4mes :<\/strong> 12 assortiments multi-saveurs (plus de 60 noms de saveurs uniques) pour satisfaire les clients les plus divers.<\/li>\n<\/ul>\n<h3>Sp\u00e9cifications<\/h3>\n<table>\n<tbody>\n<tr>\n<td><strong>Intensit\u00e9 de la nicotine<\/strong><\/td>\n<td>2% \/ 3% \/ 5%<\/td>\n<\/tr>\n<tr>\n<td><strong>Nombre de bouff\u00e9es<\/strong><\/td>\n<td>Jusqu'\u00e0 120 000<\/td>\n<\/tr>\n<tr>\n<td><strong>Modes d'ar\u00f4mes<\/strong><\/td>\n<td>5 saveurs r\u00e9glables<\/td>\n<\/tr>\n<tr>\n<td><strong>R\u00e9servoir d'huile<\/strong><\/td>\n<td>5 r\u00e9servoirs<\/td>\n<\/tr>\n<tr>\n<td><strong>Capacit\u00e9 de liquide<\/strong><\/td>\n<td>50ml<\/td>\n<\/tr>\n<tr>\n<td><strong>Batterie<\/strong><\/td>\n<td>850mAh rechargeable<\/td>\n<\/tr>\n<tr>\n<td><strong>Bobine<\/strong><\/td>\n<td>5*bobine de maille<\/td>\n<\/tr>\n<tr>\n<td><strong>\u00c9cran LED<\/strong><\/td>\n<td>Oui (batterie, nombre de bouff\u00e9es, mode ar\u00f4me)<\/td>\n<\/tr>\n<tr>\n<td><strong>Port de charge<\/strong><\/td>\n<td>Type-C<\/td>\n<\/tr>\n<tr>\n<td><strong>Emballage<\/strong><\/td>\n<td>10 pi\u00e8ces\/paquet<\/td>\n<\/tr>\n<tr>\n<td><strong>Saveurs<\/strong><\/td>\n<td>12 sets multi-saveurs (voir liste compl\u00e8te ci-dessous)<\/td>\n<\/tr>\n<\/tbody>\n<\/table>\n<h3>Saveurs<\/h3>\n<p>\ud83c\udf53 Vous trouverez ci-dessous les 12 sets multi-saveurs inclus dans Bang Legend 120K. Chaque set contient 5 saveurs (5 r\u00e9servoirs \/ 5 modes) afin que les clients puissent changer \u00e0 la vol\u00e9e.<\/p>\n<ol>\n<li><strong>Ensemble 1 :<\/strong> Boisson \u00e9nerg\u00e9tique &amp; myrtille Cerise &amp; pomme Raisin &amp; past\u00e8que Fruit du dragon &amp; Mamba<\/li>\n<li><strong>Ensemble 2 :<\/strong> Boisson \u00e9nerg\u00e9tique &amp; P\u00eache Ice &amp; Mangue Ice &amp; Canneberge Raisin &amp; Cassis<\/li>\n<li><strong>Ensemble 3 :<\/strong> Myrtille Framboise &amp; P\u00eache Mangue Past\u00e8que &amp; Cerise Coca &amp; Raisin M\u00fbre Glace &amp; Mangue P\u00eache Abricot<\/li>\n<li><strong>Ensemble 4 :<\/strong> Myrtille-framboise &amp; Dragon noir glac\u00e9 &amp; Bonbon arc-en-ciel &amp; Glace Fuji &amp; Past\u00e8que-p\u00eache acidul\u00e9e<\/li>\n<li><strong>Ensemble 5 :<\/strong> Glace aux myrtilles &amp; Kiwi Fruit de la passion Goyave &amp; Triple Melon &amp; P\u00eache Ananas &amp; Baiser passionn\u00e9<\/li>\n<li><strong>Ensemble 6 :<\/strong> Blueberry Ice &amp; Watermelon Bubble Gum &amp; Sour Apple Raspberry &amp; Lotus Fruit Mango Melon &amp; Passion Fruit Kiwi Lime<\/li>\n<li><strong>Ensemble 7 :<\/strong> Past\u00e8que glac\u00e9e &amp; Baies m\u00e9lang\u00e9es &amp; Pomme-poire &amp; Myrtille-menthe &amp; Heure d'\u00e9t\u00e9<\/li>\n<li><strong>Ensemble 8 :<\/strong> Glace past\u00e8que &amp; fraise Mangue &amp; cerise californienne &amp; p\u00eache myrtille Glace &amp; baie fra\u00eeche<\/li>\n<li><strong>Ensemble 9 :<\/strong> Fraise Past\u00e8que &amp; Raisin Ice &amp; Mojito rouge &amp; Banane Ice &amp; Citron Lime<\/li>\n<li><strong>Ensemble 10 :<\/strong> Fraise Past\u00e8que &amp; Cantaloup Pomme &amp; Cola Ice &amp; Mangue P\u00eache &amp; Love 66<\/li>\n<li><strong>Ensemble 11 :<\/strong> Fraise kiwi &amp; fraise banane &amp; litchi glace &amp; past\u00e8que baie &amp; fruit de la passion mangue<\/li>\n<li><strong>Ensemble 12 :<\/strong> Fraise kiwi &amp; past\u00e8que myrtille &amp; caramel ours &amp; myrtille gomme balloune &amp; mangue acide ananas<\/li>\n<\/ol>\n<h3>FAQ<\/h3>\n<p><strong>Q : Quelle est la dur\u00e9e de vie de Bang Legend 120K ?<\/strong><br \/>\nR : Avec jusqu'\u00e0 120 000 bouff\u00e9es et une batterie rechargeable de 850mAh, il peut durer de plusieurs semaines \u00e0 plusieurs mois en fonction de l'utilisation et du changement de mode. L'affichage LED permet de contr\u00f4ler la dur\u00e9e de vie restante.<\/p>\n<p><strong>Q : Comment fonctionnent les 5 modes d'ar\u00f4mes ?<\/strong><br \/>\nR : L'appareil dispose de 5 r\u00e9servoirs\/modes distincts. Utilisez le commutateur de mode (comme d\u00e9crit dans le manuel d'utilisation) pour passer instantan\u00e9ment d'un ar\u00f4me \u00e0 l'autre.<\/p>\n<p><strong>Q : Ce dispositif est-il rechargeable ?<\/strong><br \/>\nR : Oui, il utilise un port de charge de type C pour une charge rapide et fiable.<\/p>\n<p><strong>Q : Les taux de nicotine sont-ils personnalisables ?<\/strong><br \/>\nR : Les commandes sont disponibles en 2%, 3% ou 5%. Le choix se fait en fonction des pr\u00e9f\u00e9rences du march\u00e9\/de la r\u00e9gion et des restrictions l\u00e9gales.<\/p>\n<p><strong>Q : Puis-je acheter en gros ?<\/strong><br \/>\nR : Oui. L'emballage est de 10 pi\u00e8ces par paquet, ce qui en fait un produit id\u00e9al pour la vente au d\u00e9tail ou la distribution en gros aux boutiques de vape et aux magasins en ligne.<\/p>\n<p><strong>Q : \u00c0 qui ce produit convient-il le mieux ?<\/strong><br \/>\nR : Les gros consommateurs, les chasseurs d'ar\u00f4mes, les propri\u00e9taires de boutiques de vape et les distributeurs qui ont besoin d'un produit jetable de grande capacit\u00e9, pr\u00eat pour la vente en gros, avec une grande vari\u00e9t\u00e9 d'ar\u00f4mes.<\/p>\n<p>&nbsp;<\/p>\n<p><strong>Bang L\u00e9gende 120K<\/strong> est con\u00e7u pour les march\u00e9s \u00e0 forte demande - un grand nombre de bouff\u00e9es, cinq modes d'ar\u00f4mes r\u00e9glables et un vaste catalogue d'ar\u00f4mes en font un choix de premier ordre pour les gros utilisateurs et les amateurs d'ar\u00f4mes. \ud83c\udfaf Les boutiques de vapotage et les grossistes appr\u00e9cieront l'emballage pr\u00eat \u00e0 l'emploi de 10 paquets et l'attrait du produit en rayon. Faites des stocks et offrez \u00e0 vos clients une vape jetable durable et polyvalente qui les fait revenir. \ud83d\ude80<\/p>","protected":false},"excerpt":{"rendered":"<p>\ud83d\udd25Bang Legend 120K vape jetable vous apporte <strong>120 000 bouff\u00e9es<\/strong>, <strong>5 saveurs r\u00e9glables<\/strong>et un <strong>puissante batterie rechargeable<\/strong> - parfait pour les chasseurs d'ar\u00f4mes, les gros utilisateurs et les acheteurs en gros.<\/p>","protected":false},"featured_media":65813,"comment_status":"open","ping_status":"closed","template":"","meta":[],"product_brand":[239],"product_cat":[37,336,280,137,146,138,141,143],"product_tag":[306,303,305,304,302],"class_list":{"0":"post-65805","1":"product","2":"type-product","3":"status-publish","4":"has-post-thumbnail","6":"product_brand-bang","7":"product_cat-bang","8":"product_cat-100k-puffs-disposable-vape","9":"product_cat-cheap-rechargeable-disposable-vapes","10":"product_cat-disposable-vapes-in-germany","11":"product_cat-disposable-vapes-in-hungary","12":"product_cat-disposable-vapes-in-ltaly","13":"product_cat-disposable-vapes-in-poland","14":"product_cat-disposable-vapes-in-spain","15":"product_tag-best-disposable-vapes","16":"product_tag-screen-vape","17":"product_tag-vape-suppliers","18":"product_tag-wholesale-vapes","19":"product_tag-wholesale-vapor","21":"first","22":"instock","23":"shipping-taxable","24":"purchasable","25":"product-type-variable","26":"has-default-attributes"},"jetpack_sharing_enabled":true,"tiered_pricing_type":"fixed","tiered_pricing_fixed_rules":{"30":11.300000000000000710542735760100185871124267578125,"50":8.269999999999999573674358543939888477325439453125,"100":8.019999999999999573674358543939888477325439453125,"200":7.410000000000000142108547152020037174224853515625,"400":7.04000000000000003552713678800500929355621337890625},"tiered_pricing_product_settings":{"layout":"default","base_unit_name":{"singular":null,"plural":null},"default_variation":null},"tiered_pricing_minimum_quantity":10,"tiered_pricing_roles_data":[],"tiered_pricing_percentage_rules":[],"tiered_pricing_maximum_quantity":null,"tiered_pricing_quantity_step":"10","_links":{"self":[{"href":"https:\/\/aiviouvapes.com\/fr\/wp-json\/wp\/v2\/product\/65805","targetHints":{"allow":["GET"]}}],"collection":[{"href":"https:\/\/aiviouvapes.com\/fr\/wp-json\/wp\/v2\/product"}],"about":[{"href":"https:\/\/aiviouvapes.com\/fr\/wp-json\/wp\/v2\/types\/product"}],"replies":[{"embeddable":true,"href":"https:\/\/aiviouvapes.com\/fr\/wp-json\/wp\/v2\/comments?post=65805"}],"wp:featuredmedia":[{"embeddable":true,"href":"https:\/\/aiviouvapes.com\/fr\/wp-json\/wp\/v2\/media\/65813"}],"wp:attachment":[{"href":"https:\/\/aiviouvapes.com\/fr\/wp-json\/wp\/v2\/media?parent=65805"}],"wp:term":[{"taxonomy":"product_brand","embeddable":true,"href":"https:\/\/aiviouvapes.com\/fr\/wp-json\/wp\/v2\/product_brand?post=65805"},{"taxonomy":"product_cat","embeddable":true,"href":"https:\/\/aiviouvapes.com\/fr\/wp-json\/wp\/v2\/product_cat?post=65805"},{"taxonomy":"product_tag","embeddable":true,"href":"https:\/\/aiviouvapes.com\/fr\/wp-json\/wp\/v2\/product_tag?post=65805"}],"curies":[{"name":"wp","href":"https:\/\/api.w.org\/{rel}","templated":true}]}}