{"id":5353,"date":"2024-08-19T03:51:49","date_gmt":"2024-08-18T19:51:49","guid":{"rendered":"https:\/\/aiviouvapes.com\/?post_type=product&#038;p=5353"},"modified":"2025-07-24T09:10:22","modified_gmt":"2025-07-24T01:10:22","slug":"aivono-winner-6000-puffs-disposable-wholesale","status":"publish","type":"product","link":"https:\/\/aiviouvapes.com\/fr\/product\/aivono-winner-6000-puffs-disposable-wholesale\/","title":{"rendered":"AIVONO Winner 6000 bouff\u00e9es | 0%-5% nicotine, 26mL, dual mesh, \u00e9cran LCD, bulk vape"},"content":{"rendered":"<h2>AIVONO Gagnant 6000 bouff\u00e9es | 0% 2% 3% 5% nicotine, e-liquide 26 ml, bobines \u00e0 double maille, \u00e9cran LCD, rechargeable type C, achat en gros de vape jetable<\/h2>\n<h3>Pr\u00e9sentation et caract\u00e9ristiques du AIVONO WINNER 6000 Puffs<\/h3>\n<p>Le AIVONO WINNER 6000 Puffs est con\u00e7u pour offrir une satisfaction prolong\u00e9e, offrant jusqu&#039;\u00e0 6000 bouff\u00e9es avec une g\u00e9n\u00e9reuse capacit\u00e9 de 15 ml de e-liquide qui r\u00e9duit le besoin de recharges fr\u00e9quentes. Aliment\u00e9 par une batterie rechargeable de 600 mAh, cet appareil prend en charge les sessions de vapotage prolong\u00e9es, et le port de charge Type-C assure une recharge rapide et efficace. Disponible dans les niveaux de nicotine de 0%, 2% et 5%, il r\u00e9pond \u00e0 diverses pr\u00e9f\u00e9rences. La bobine en maille de 1,2 \u03a9 am\u00e9liore la saveur et la consistance de la vapeur, rendant chaque bouff\u00e9e douce et agr\u00e9able.<\/p>\n<ul>\n<li><strong>Jusqu&#039;\u00e0 6000 bouff\u00e9es<\/strong>:Offre une utilisation \u00e9tendue, maximisant la valeur et la commodit\u00e9.<\/li>\n<li><strong>Capacit\u00e9 de 15 ml de liquide \u00e9lectronique<\/strong>:R\u00e9duit la fr\u00e9quence de remplissage pour un plaisir ininterrompu.<\/li>\n<li><strong>Batterie de 600mAh<\/strong>: Garantit des performances fiables gr\u00e2ce \u00e0 la recharge rapide de type C.<\/li>\n<li><strong>Options de la nicotine<\/strong>:Disponible en 0%, 2% et 5% pour une exp\u00e9rience sur mesure.<\/li>\n<li><strong>Bobine de maille de 1,2 \u03a9<\/strong>:Offre une saveur riche et douce et une production de vapeur constante.<\/li>\n<\/ul>\n<h3>AIVONO WINNER 6000 Puffs Saveurs en stock :<\/h3>\n<p>Glace \u00e0 la past\u00e8que, menthe fra\u00eeche, glace \u00e0 la banane, myrtille sur glace, glace \u00e0 la p\u00eache, glace au raisin, pamplemousse orange, mangue goyave, fraise fruit de la passion, soda \u00e0 l&#039;orange.<\/p>\n<h3>Pourquoi choisir le AIVONO WINNER 6000 Puffs ?<\/h3>\n<p>Le AIVONO WINNER 6000 Puffs combine une capacit\u00e9 de bouff\u00e9es \u00e9lev\u00e9e, une gamme vari\u00e9e de saveurs et une technologie de bobine en maille avanc\u00e9e, ce qui en fait un choix de premier ordre pour ceux qui recherchent la qualit\u00e9 et la commodit\u00e9. Sa conception l\u00e9g\u00e8re et portable et sa batterie rechargeable le rendent id\u00e9al pour une utilisation en d\u00e9placement, tandis que le format jetable signifie qu&#039;aucune recharge ni entretien n&#039;est n\u00e9cessaire. Parfait pour la vente en gros, cet appareil est une excellente option pour les d\u00e9taillants qui souhaitent proposer une vape jetable de haute qualit\u00e9. Le AIVONO WINNER 6000 Puffs offre une exp\u00e9rience de vapotage premium et satisfaisante \u00e0 chaque bouff\u00e9e.<img data-recalc-dims=\"1\" loading=\"lazy\" decoding=\"async\" class=\"alignnone wp-image-8224 size-full\" title=\"AIVONO WINNER 6000 bouff\u00e9es 0% 2% 5% Nicotine Rechargeable Bulk Buy Disposable Vape Wholesale\" src=\"https:\/\/i0.wp.com\/aiviouvapes.com\/wp-content\/uploads\/2024\/08\/%E9%9B%86%E5%90%88%E5%9B%BE3.jpg?resize=1020%2C599&#038;ssl=1\" alt=\"AIVONO WINNER 6000 bouff\u00e9es 0% 2% 5% Nicotine Rechargeable Bulk Buy Disposable Vape Wholesale\" width=\"1020\" height=\"599\" srcset=\"https:\/\/i0.wp.com\/aiviouvapes.com\/wp-content\/uploads\/2024\/08\/%E9%9B%86%E5%90%88%E5%9B%BE3.jpg?w=1920&amp;ssl=1 1920w, https:\/\/i0.wp.com\/aiviouvapes.com\/wp-content\/uploads\/2024\/08\/%E9%9B%86%E5%90%88%E5%9B%BE3.jpg?resize=300%2C176&amp;ssl=1 300w, https:\/\/i0.wp.com\/aiviouvapes.com\/wp-content\/uploads\/2024\/08\/%E9%9B%86%E5%90%88%E5%9B%BE3.jpg?resize=1024%2C602&amp;ssl=1 1024w, https:\/\/i0.wp.com\/aiviouvapes.com\/wp-content\/uploads\/2024\/08\/%E9%9B%86%E5%90%88%E5%9B%BE3.jpg?resize=768%2C451&amp;ssl=1 768w, https:\/\/i0.wp.com\/aiviouvapes.com\/wp-content\/uploads\/2024\/08\/%E9%9B%86%E5%90%88%E5%9B%BE3.jpg?resize=1536%2C902&amp;ssl=1 1536w, https:\/\/i0.wp.com\/aiviouvapes.com\/wp-content\/uploads\/2024\/08\/%E9%9B%86%E5%90%88%E5%9B%BE3.jpg?resize=18%2C12&amp;ssl=1 18w, https:\/\/i0.wp.com\/aiviouvapes.com\/wp-content\/uploads\/2024\/08\/%E9%9B%86%E5%90%88%E5%9B%BE3.jpg?resize=800%2C470&amp;ssl=1 800w\" sizes=\"auto, (max-width: 1020px) 100vw, 1020px\" \/><\/p>","protected":false},"excerpt":{"rendered":"<p>Le AIVONO WINNER 6000 Puffs offre jusqu&#039;\u00e0 6000 bouff\u00e9es avec une capacit\u00e9 d&#039;e-liquide de 15 ml, une bobine en maille lisse de 1,2 \u03a9 et une batterie rechargeable de 600 mAh. Disponible avec les taux de nicotine 0%, 2% et 5%, il offre une saveur et une satisfaction constantes dans une conception portable et sans entretien.<\/p>","protected":false},"featured_media":5354,"comment_status":"open","ping_status":"closed","template":"","meta":[],"product_brand":[],"product_cat":[41,119,117,76,134,135,133,136,137,146,138,139,140,141,142,143,144,145,116,132],"product_tag":[],"class_list":{"0":"post-5353","1":"product","2":"type-product","3":"status-publish","4":"has-post-thumbnail","6":"product_cat-aivono-vapes","7":"product_cat-5000-puffs-disposable-vape","8":"product_cat-different-puffs-of-diposable-vapes","9":"product_cat-disposable-vape-types","10":"product_cat-disposable-vapes-in-austria","11":"product_cat-disposable-vapes-in-belgium","12":"product_cat-disposable-vapes-in-europe","13":"product_cat-disposable-vapes-in-france","14":"product_cat-disposable-vapes-in-germany","15":"product_cat-disposable-vapes-in-hungary","16":"product_cat-disposable-vapes-in-ltaly","17":"product_cat-disposable-vapes-in-netherlands","18":"product_cat-disposable-vapes-in-norway","19":"product_cat-disposable-vapes-in-poland","20":"product_cat-disposable-vapes-in-portugal","21":"product_cat-disposable-vapes-in-spain","22":"product_cat-disposable-vapes-in-sweden","23":"product_cat-disposable-vapes-in-switzerland","24":"product_cat-mini-puffs-vapes","25":"product_cat-rechargeable-vapes","27":"first","28":"instock","29":"shipping-taxable","30":"purchasable","31":"product-type-variable","32":"has-default-attributes"},"jetpack_sharing_enabled":true,"tiered_pricing_type":"fixed","tiered_pricing_fixed_rules":{"2000":5.12999999999999989341858963598497211933135986328125},"tiered_pricing_product_settings":{"layout":"default","base_unit_name":{"singular":null,"plural":null},"default_variation":null},"tiered_pricing_minimum_quantity":1000,"tiered_pricing_roles_data":[],"tiered_pricing_percentage_rules":[],"tiered_pricing_maximum_quantity":null,"tiered_pricing_quantity_step":"10","_links":{"self":[{"href":"https:\/\/aiviouvapes.com\/fr\/wp-json\/wp\/v2\/product\/5353","targetHints":{"allow":["GET"]}}],"collection":[{"href":"https:\/\/aiviouvapes.com\/fr\/wp-json\/wp\/v2\/product"}],"about":[{"href":"https:\/\/aiviouvapes.com\/fr\/wp-json\/wp\/v2\/types\/product"}],"replies":[{"embeddable":true,"href":"https:\/\/aiviouvapes.com\/fr\/wp-json\/wp\/v2\/comments?post=5353"}],"wp:featuredmedia":[{"embeddable":true,"href":"https:\/\/aiviouvapes.com\/fr\/wp-json\/wp\/v2\/media\/5354"}],"wp:attachment":[{"href":"https:\/\/aiviouvapes.com\/fr\/wp-json\/wp\/v2\/media?parent=5353"}],"wp:term":[{"taxonomy":"product_brand","embeddable":true,"href":"https:\/\/aiviouvapes.com\/fr\/wp-json\/wp\/v2\/product_brand?post=5353"},{"taxonomy":"product_cat","embeddable":true,"href":"https:\/\/aiviouvapes.com\/fr\/wp-json\/wp\/v2\/product_cat?post=5353"},{"taxonomy":"product_tag","embeddable":true,"href":"https:\/\/aiviouvapes.com\/fr\/wp-json\/wp\/v2\/product_tag?post=5353"}],"curies":[{"name":"wp","href":"https:\/\/api.w.org\/{rel}","templated":true}]}}