{"id":5272,"date":"2024-08-19T03:33:10","date_gmt":"2024-08-18T19:33:10","guid":{"rendered":"https:\/\/aiviouvapes.com\/?post_type=product&#038;p=5272"},"modified":"2025-07-24T11:59:37","modified_gmt":"2025-07-24T03:59:37","slug":"aivono-aim-puff-star-6500-puffs-disposable-wholesale","status":"publish","type":"product","link":"https:\/\/aiviouvapes.com\/fr\/product\/aivono-aim-puff-star-6500-puffs-disposable-wholesale\/","title":{"rendered":"AIVONO Aim Puff Star 6500 Puffs | 0%-5% nicotine, 13mL, bulk disposable vape"},"content":{"rendered":"<h2>AIVONO Aim Puff Star 6500 bouff\u00e9es | 0% 2% 5% nicotine, e-liquide 13 ml, bobine en maille 1,2 \u03a9, rechargeable type-c, achat en gros de vape jetable<\/h2>\n<h3>Pr\u00e9sentation et caract\u00e9ristiques du AIVONO AIM PUFF STAR 6500 Puffs<\/h3>\n<p>Le AIVONO AIM PUFF STAR 6500 Puffs est con\u00e7u pour un plaisir prolong\u00e9, offrant jusqu&#039;\u00e0 6500 bouff\u00e9es avec un r\u00e9servoir de e-liquide de 13 ml pour r\u00e9duire le besoin de recharges fr\u00e9quentes. Aliment\u00e9 par une batterie rechargeable de 400 mAh, cet appareil prend en charge les sessions de vapotage prolong\u00e9es, tandis que le port de charge Type-C assure une recharge rapide et efficace. Disponible dans les concentrations de nicotine de 0%, 2% et 5%, il r\u00e9pond \u00e0 diverses pr\u00e9f\u00e9rences. La bobine en maille de 1,2 \u03a9 am\u00e9liore la saveur et la consistance de la vapeur, offrant une vape douce et agr\u00e9able \u00e0 chaque bouff\u00e9e.<\/p>\n<ul>\n<li><strong>Jusqu&#039;\u00e0 6500 bouff\u00e9es<\/strong>: Offre une utilisation durable, maximisant la commodit\u00e9 et la satisfaction.<\/li>\n<li><strong>Capacit\u00e9 de 13 ml de liquide \u00e9lectronique<\/strong>:R\u00e9duit le besoin de recharges, id\u00e9al pour un plaisir ininterrompu.<\/li>\n<li><strong>Batterie 400 mAh<\/strong>: Garantit des performances fiables gr\u00e2ce \u00e0 la recharge rapide de type C.<\/li>\n<li><strong>Options de la nicotine<\/strong>:Disponible en 0%, 2% et 5% pour une exp\u00e9rience sur mesure.<\/li>\n<li><strong>Bobine de maille de 1,2 \u03a9<\/strong>:Offre une saveur riche et douce et une production de vapeur constante.<\/li>\n<\/ul>\n<h3>AIVONO AIM PUFF STAR 6500 Puffs Saveurs en stock :<\/h3>\n<p>Baies m\u00e9lang\u00e9es, bonbons au menthol, fraise kiwi, mangue m\u00e9lang\u00e9e, past\u00e8que, glace \u00e0 la fraise, boisson \u00e9nergisante, baies Blue Razz, melon coco, jus de p\u00eache.<\/p>\n<h3>Pourquoi choisir le AIVONO AIM PUFF STAR 6500 Puffs ?<\/h3>\n<p>Le AIVONO AIM PUFF STAR 6500 Puffs combine une capacit\u00e9 de bouff\u00e9e \u00e9lev\u00e9e, des saveurs diverses et une technologie de bobine en maille avanc\u00e9e, ce qui le rend id\u00e9al pour les vapoteurs \u00e0 la recherche de qualit\u00e9 et de commodit\u00e9. Son design compact et portable et sa batterie rechargeable sont parfaits pour une utilisation en d\u00e9placement, tandis que le format jetable \u00e9limine l&#039;entretien. Id\u00e9al pour la vente en gros, cet appareil est une excellente option pour les d\u00e9taillants qui cherchent \u00e0 proposer une vape jetable haut de gamme. Que vous soyez un vapoteur chevronn\u00e9 ou nouveau sur la sc\u00e8ne, le AIVONO AIM PUFF STAR 6500 Puffs promet une exp\u00e9rience satisfaisante et savoureuse \u00e0 chaque bouff\u00e9e.<\/p>\n<p><img data-recalc-dims=\"1\" loading=\"lazy\" decoding=\"async\" class=\"alignnone wp-image-8222 size-full\" title=\"AIVONO AIM PUFF STAR 6500 Puffs 0% 2% 5% Nicotine Rechargeable Bulk Buy Disposable Vape Wholesale\" src=\"https:\/\/i0.wp.com\/aiviouvapes.com\/wp-content\/uploads\/2024\/08\/1-21.jpg?resize=1020%2C816&#038;ssl=1\" alt=\"AIVONO AIM PUFF STAR 6500 Puffs 0% 2% 5% Nicotine Rechargeable Bulk Buy Disposable Vape Wholesale\" width=\"1020\" height=\"816\" srcset=\"https:\/\/i0.wp.com\/aiviouvapes.com\/wp-content\/uploads\/2024\/08\/1-21.jpg?w=1876&amp;ssl=1 1876w, https:\/\/i0.wp.com\/aiviouvapes.com\/wp-content\/uploads\/2024\/08\/1-21.jpg?resize=300%2C240&amp;ssl=1 300w, https:\/\/i0.wp.com\/aiviouvapes.com\/wp-content\/uploads\/2024\/08\/1-21.jpg?resize=1024%2C819&amp;ssl=1 1024w, https:\/\/i0.wp.com\/aiviouvapes.com\/wp-content\/uploads\/2024\/08\/1-21.jpg?resize=768%2C614&amp;ssl=1 768w, https:\/\/i0.wp.com\/aiviouvapes.com\/wp-content\/uploads\/2024\/08\/1-21.jpg?resize=1536%2C1228&amp;ssl=1 1536w, https:\/\/i0.wp.com\/aiviouvapes.com\/wp-content\/uploads\/2024\/08\/1-21.jpg?resize=15%2C12&amp;ssl=1 15w, https:\/\/i0.wp.com\/aiviouvapes.com\/wp-content\/uploads\/2024\/08\/1-21.jpg?resize=800%2C640&amp;ssl=1 800w\" sizes=\"auto, (max-width: 1020px) 100vw, 1020px\" \/><\/p>","protected":false},"excerpt":{"rendered":"<p>Le AIM PUFF STAR 6500 Puffs \u2764\ufe0f\ud83d\udca8AIVONO offre jusqu&#039;\u00e0 6500 bouff\u00e9es, une capacit\u00e9 de 13 ml d&#039;e-liquide et une batterie rechargeable de 400 mAh pour un vapotage prolong\u00e9 et sans tracas. Disponible en plusieurs concentrations de nicotine, il est dot\u00e9 d&#039;une bobine en maille de 1,2 \u03a9 pour une vapeur douce et savoureuse. Parfait pour un usage personnel et en gros.<\/p>","protected":false},"featured_media":5290,"comment_status":"open","ping_status":"closed","template":"","meta":[],"product_brand":[],"product_cat":[41,119,120,90,117,76,134,135,133,136,137,146,138,139,140,141,142,143,144,145,132],"product_tag":[],"class_list":{"0":"post-5272","1":"product","2":"type-product","3":"status-publish","4":"has-post-thumbnail","6":"product_cat-aivono-vapes","7":"product_cat-5000-puffs-disposable-vape","8":"product_cat-8000-puffs-disposable-vape","9":"product_cat-big-puffs-vapes","10":"product_cat-different-puffs-of-diposable-vapes","11":"product_cat-disposable-vape-types","12":"product_cat-disposable-vapes-in-austria","13":"product_cat-disposable-vapes-in-belgium","14":"product_cat-disposable-vapes-in-europe","15":"product_cat-disposable-vapes-in-france","16":"product_cat-disposable-vapes-in-germany","17":"product_cat-disposable-vapes-in-hungary","18":"product_cat-disposable-vapes-in-ltaly","19":"product_cat-disposable-vapes-in-netherlands","20":"product_cat-disposable-vapes-in-norway","21":"product_cat-disposable-vapes-in-poland","22":"product_cat-disposable-vapes-in-portugal","23":"product_cat-disposable-vapes-in-spain","24":"product_cat-disposable-vapes-in-sweden","25":"product_cat-disposable-vapes-in-switzerland","26":"product_cat-rechargeable-vapes","28":"first","29":"instock","30":"shipping-taxable","31":"purchasable","32":"product-type-variable","33":"has-default-attributes"},"jetpack_sharing_enabled":true,"tiered_pricing_type":"fixed","tiered_pricing_fixed_rules":{"2000":5.589999999999999857891452847979962825775146484375},"tiered_pricing_product_settings":{"layout":"default","base_unit_name":{"singular":null,"plural":null},"default_variation":null},"tiered_pricing_minimum_quantity":1000,"tiered_pricing_roles_data":[],"tiered_pricing_percentage_rules":[],"tiered_pricing_maximum_quantity":null,"tiered_pricing_quantity_step":"10","_links":{"self":[{"href":"https:\/\/aiviouvapes.com\/fr\/wp-json\/wp\/v2\/product\/5272","targetHints":{"allow":["GET"]}}],"collection":[{"href":"https:\/\/aiviouvapes.com\/fr\/wp-json\/wp\/v2\/product"}],"about":[{"href":"https:\/\/aiviouvapes.com\/fr\/wp-json\/wp\/v2\/types\/product"}],"replies":[{"embeddable":true,"href":"https:\/\/aiviouvapes.com\/fr\/wp-json\/wp\/v2\/comments?post=5272"}],"wp:featuredmedia":[{"embeddable":true,"href":"https:\/\/aiviouvapes.com\/fr\/wp-json\/wp\/v2\/media\/5290"}],"wp:attachment":[{"href":"https:\/\/aiviouvapes.com\/fr\/wp-json\/wp\/v2\/media?parent=5272"}],"wp:term":[{"taxonomy":"product_brand","embeddable":true,"href":"https:\/\/aiviouvapes.com\/fr\/wp-json\/wp\/v2\/product_brand?post=5272"},{"taxonomy":"product_cat","embeddable":true,"href":"https:\/\/aiviouvapes.com\/fr\/wp-json\/wp\/v2\/product_cat?post=5272"},{"taxonomy":"product_tag","embeddable":true,"href":"https:\/\/aiviouvapes.com\/fr\/wp-json\/wp\/v2\/product_tag?post=5272"}],"curies":[{"name":"wp","href":"https:\/\/api.w.org\/{rel}","templated":true}]}}