{"id":5195,"date":"2024-08-18T03:19:55","date_gmt":"2024-08-18T03:19:55","guid":{"rendered":"https:\/\/aiviouvapes.com\/?post_type=product&#038;p=5195"},"modified":"2025-07-24T09:10:41","modified_gmt":"2025-07-24T01:10:41","slug":"aivono-aim-xxl-9000-puffs-disposable-wholesale","status":"publish","type":"product","link":"https:\/\/aiviouvapes.com\/fr\/product\/aivono-aim-xxl-9000-puffs-disposable-wholesale\/","title":{"rendered":"AIVONO AIM XXL 9000 Puffs | 0% \u00e0 5% achat en gros de nicotine en vrac"},"content":{"rendered":"<h2>AIVONO AIM XXL 9000 bouff\u00e9es | 0% \u00e0 5% nicotine rechargeable Type-C achat en gros<\/h2>\n<h3>Pr\u00e9sentation et caract\u00e9ristiques du AIVONO AIM XXL 9000 Puffs<\/h3>\n<p>Le AIVONO AIM XXL 9000 Puffs est con\u00e7u pour offrir une exp\u00e9rience de vapotage satisfaisante et prolong\u00e9e avec jusqu&#039;\u00e0 9000 bouff\u00e9es et une capacit\u00e9 substantielle de 19 ml de e-liquide qui minimise le besoin de recharges fr\u00e9quentes. Aliment\u00e9 par une batterie rechargeable de 650 mAh, cet appareil offre des performances constantes et le port de charge Type-C permet une recharge rapide et efficace. La bobine en maille de 1,2 \u03a9 offre une vapeur douce et savoureuse, et l&#039;\u00e9cran LCD facile \u00e0 lire vous tient inform\u00e9 avec des mises \u00e0 jour en temps r\u00e9el. Disponible dans les concentrations de nicotine de 0%, 2%, 3% et 5%, il r\u00e9pond \u00e0 diverses pr\u00e9f\u00e9rences et la fonction de verrouillage enfant ajout\u00e9e am\u00e9liore la s\u00e9curit\u00e9.<\/p>\n<ul>\n<li><strong>Jusqu&#039;\u00e0 9000 bouff\u00e9es<\/strong>:Offre une satisfaction et une commodit\u00e9 durables.<\/li>\n<li><strong>Capacit\u00e9 de 19 ml de liquide \u00e9lectronique<\/strong>:R\u00e9duit la fr\u00e9quence de remplissage pour un vapotage ininterrompu.<\/li>\n<li><strong>Batterie de 650mAh<\/strong>: Offre des performances fiables avec une recharge rapide de type C.<\/li>\n<li><strong>\u00c9cran LCD<\/strong>:Mises \u00e0 jour en temps r\u00e9el pour une exp\u00e9rience utilisateur am\u00e9lior\u00e9e.<\/li>\n<li><strong>Options de la nicotine<\/strong>:Disponible en 0%, 2%, 3% et 5% pour une vape sur mesure.<\/li>\n<li><strong>Bobine de maille de 1,2 \u03a9<\/strong>: Assure une production de vapeur riche et douce.<\/li>\n<li><strong>Verrouillage enfant<\/strong>:Ajoute une couche de s\u00e9curit\u00e9 suppl\u00e9mentaire.<\/li>\n<\/ul>\n<h3>AIVONO AIM XXL 9000 Puffs Saveurs en stock :<\/h3>\n<p>Fraise Past\u00e8que, Glace Ananas Noix de Coco, Mojito Menthe, Raisin Cassis, Baies M\u00e9lang\u00e9es, Mangue Ananas P\u00eache, Glace Past\u00e8que, Glace Blue Razz, Glace Myrtille, Cerise Cantaloup.<\/p>\n<h3>Pourquoi choisir le AIVONO AIM XXL 9000 Puffs ?<\/h3>\n<p>Le AIVONO AIM XXL 9000 Puffs combine une capacit\u00e9 de bouff\u00e9es \u00e9lev\u00e9e, des saveurs vari\u00e9es et des fonctionnalit\u00e9s avanc\u00e9es comme un \u00e9cran LCD et un verrouillage enfant, ce qui en fait un choix id\u00e9al pour ceux qui recherchent la qualit\u00e9 et la s\u00e9curit\u00e9 dans un appareil de vape. Sa conception compacte et portable et sa fonctionnalit\u00e9 rechargeable le rendent parfait pour une utilisation en d\u00e9placement, tandis que le format jetable \u00e9limine l&#039;entretien. Parfait pour la vente en gros, cet appareil est un excellent choix pour les d\u00e9taillants qui cherchent \u00e0 proposer une vape jetable haut de gamme et de grande capacit\u00e9. Le AIVONO AIM XXL 9000 Puffs promet une exp\u00e9rience exceptionnelle et savoureuse \u00e0 chaque bouff\u00e9e.<\/p>\n<p><a href=\"https:\/\/i0.wp.com\/aiviouvapes.com\/wp-content\/uploads\/2024\/08\/1-%E5%89%AF%E6%9C%AC.jpg?ssl=1\"><img data-recalc-dims=\"1\" loading=\"lazy\" decoding=\"async\" class=\"alignnone size-full wp-image-8193\" title=\"AIVONO AIM XXL 9000 bouff\u00e9es Vape jetable - 0% \u00e0 5% Nicotine Rechargeable Type-C Bulk Buy\" src=\"https:\/\/i0.wp.com\/aiviouvapes.com\/wp-content\/uploads\/2024\/08\/1-%E5%89%AF%E6%9C%AC.jpg?resize=1020%2C451&#038;ssl=1\" alt=\"AIVONO AIM XXL 9000 bouff\u00e9es Vape jetable - 0% \u00e0 5% Nicotine Rechargeable Type-C Bulk Buy\" width=\"1020\" height=\"451\" srcset=\"https:\/\/i0.wp.com\/aiviouvapes.com\/wp-content\/uploads\/2024\/08\/1-%E5%89%AF%E6%9C%AC.jpg?w=1920&amp;ssl=1 1920w, https:\/\/i0.wp.com\/aiviouvapes.com\/wp-content\/uploads\/2024\/08\/1-%E5%89%AF%E6%9C%AC.jpg?resize=300%2C133&amp;ssl=1 300w, https:\/\/i0.wp.com\/aiviouvapes.com\/wp-content\/uploads\/2024\/08\/1-%E5%89%AF%E6%9C%AC.jpg?resize=1024%2C453&amp;ssl=1 1024w, https:\/\/i0.wp.com\/aiviouvapes.com\/wp-content\/uploads\/2024\/08\/1-%E5%89%AF%E6%9C%AC.jpg?resize=768%2C340&amp;ssl=1 768w, https:\/\/i0.wp.com\/aiviouvapes.com\/wp-content\/uploads\/2024\/08\/1-%E5%89%AF%E6%9C%AC.jpg?resize=1536%2C679&amp;ssl=1 1536w, https:\/\/i0.wp.com\/aiviouvapes.com\/wp-content\/uploads\/2024\/08\/1-%E5%89%AF%E6%9C%AC.jpg?resize=18%2C8&amp;ssl=1 18w, https:\/\/i0.wp.com\/aiviouvapes.com\/wp-content\/uploads\/2024\/08\/1-%E5%89%AF%E6%9C%AC.jpg?resize=800%2C354&amp;ssl=1 800w\" sizes=\"auto, (max-width: 1020px) 100vw, 1020px\" \/><\/a><\/p>\n<h3>Pourquoi choisir AiviouVapes<\/h3>\n<p>Bienvenue \u00e0 <a href=\"https:\/\/aiviouvapes.com\/fr\/\">AiviouVapes<\/a> - votre source de confiance pour des produits de qualit\u00e9 sup\u00e9rieure, \u00e0 des prix abordables <a href=\"https:\/\/aiviouvapes.com\/fr\/shop\/\">vente en gros de vapes jetables<\/a> \u00e0 des prix vraiment bas. Avec plus de cinq ans d'expertise dans l'industrie de la vape, nous sommes fiers d'offrir une s\u00e9lection tri\u00e9e sur le volet de grandes marques, notamment <a href=\"https:\/\/aiviouvapes.com\/fr\/categorie-produit\/waspe\/\">WASPE<\/a>, <a href=\"https:\/\/aiviouvapes.com\/fr\/categorie-produit\/bang\/\">Bang Vape<\/a>, <a href=\"https:\/\/aiviouvapes.com\/fr\/categorie-produit\/vapme-vapes\/\">Vapme<\/a>et <a href=\"https:\/\/aiviouvapes.com\/fr\/categorie-produit\/mrvi\/\">MRVI<\/a>.<\/p>\n<p>Qu'il s'agisse d'appareils \u00e0 forte puissance comme le <a href=\"https:\/\/aiviouvapes.com\/fr\/produit\/waspe-4-in-1-100000-puffs\/\">WASPE 100K 4-in-1 Flavor<\/a> \u00e0 des favoris audacieux tels que le <a href=\"https:\/\/aiviouvapes.com\/fr\/produit\/bang-king-triple-flavors-85000\/\">Bang 85 000 Triple Puff<\/a>et m\u00eame l'excitante <a class=\"woocommerce-LoopProduct-link woocommerce-loop-product__link\" href=\"https:\/\/aiviouvapes.com\/fr\/produit\/mystery-vape-blind-box\/\">Bo\u00eete \u00e0 Vape Jetable Myst\u00e8re<\/a>Chez AiviouVapes, chaque produit est choisi pour sa qualit\u00e9 sup\u00e9rieure et sa valeur imbattable. Chez AiviouVapes, vous b\u00e9n\u00e9ficierez d'un excellent service, d'\u00e9conomies de gros et d'une collection con\u00e7ue pour r\u00e9pondre \u00e0 vos besoins en mati\u00e8re de vapotage.<\/p>\n<div class=\"row row-large row-full-width align-middle\"  id=\"row-648282754\">\n\n\n\t<div id=\"col-1769231584\" class=\"col medium-3 small-6 large-3\"  >\n\t\t\t\t<div class=\"col-inner text-center\"  >\n\t\t\t\n\t\t\t\n\n\n\t\t<div class=\"icon-box featured-box icon-box-top text-left\"  >\n\t\t\t\t\t<div class=\"icon-box-img\" style=\"width: 90px\">\n\t\t\t\t<div class=\"icon\">\n\t\t\t\t\t<div class=\"icon-inner\" >\n\t\t\t\t\t\t<img loading=\"lazy\" decoding=\"async\" width=\"200\" height=\"200\" src=\"https:\/\/i0.wp.com\/aiviouvapes.com\/wp-content\/uploads\/2024\/08\/vape-1-1.png?fit=200%2C200&amp;ssl=1\" class=\"attachment-medium size-medium\" alt=\"Pourquoi choisir AIVIOUVAPES\" srcset=\"https:\/\/i0.wp.com\/aiviouvapes.com\/wp-content\/uploads\/2024\/08\/vape-1-1.png?w=200&amp;ssl=1 200w, https:\/\/i0.wp.com\/aiviouvapes.com\/wp-content\/uploads\/2024\/08\/vape-1-1.png?resize=150%2C150&amp;ssl=1 150w, https:\/\/i0.wp.com\/aiviouvapes.com\/wp-content\/uploads\/2024\/08\/vape-1-1.png?resize=12%2C12&amp;ssl=1 12w, https:\/\/i0.wp.com\/aiviouvapes.com\/wp-content\/uploads\/2024\/08\/vape-1-1.png?resize=100%2C100&amp;ssl=1 100w\" sizes=\"auto, (max-width: 200px) 100vw, 200px\" title=\"\">\t\t\t\t\t<\/div>\n\t\t\t\t<\/div>\n\t\t\t<\/div>\n\t\t\t\t<div class=\"icon-box-text last-reset\">\n\t\t\t\t\t\t\t\t\t\n\n\t<div id=\"text-629628403\" class=\"text\">\n\t\t\n\n<h3 style=\"text-align: center;\">Grande vari\u00e9t\u00e9 de vapes<\/h3>\n<p style=\"text-align: center;\">D\u00e9couvrez notre large gamme de produits, con\u00e7us pour r\u00e9pondre \u00e0 toutes les pr\u00e9f\u00e9rences.<\/p>\n\t\t\n<style>\n#text-629628403 {\n  font-size: 0.9rem;\n}\n<\/style>\n\t<\/div>\n\t\n\n\t\t<\/div>\n\t<\/div>\n\t\n\t\n\n\t\t<\/div>\n\t\t\t\t\t<\/div>\n\n\t\n\n\t<div id=\"col-392176331\" class=\"col medium-3 small-6 large-3\"  >\n\t\t\t\t<div class=\"col-inner text-center\"  >\n\t\t\t\n\t\t\t\n\n\n\t\t<div class=\"icon-box featured-box icon-box-top text-left\"  >\n\t\t\t\t\t<div class=\"icon-box-img\" style=\"width: 90px\">\n\t\t\t\t<div class=\"icon\">\n\t\t\t\t\t<div class=\"icon-inner\" >\n\t\t\t\t\t\t<img loading=\"lazy\" decoding=\"async\" width=\"200\" height=\"200\" src=\"https:\/\/i0.wp.com\/aiviouvapes.com\/wp-content\/uploads\/2024\/08\/save-money-1-1-1.png?fit=200%2C200&amp;ssl=1\" class=\"attachment-medium size-medium\" alt=\"Pourquoi choisir AIVIOUVAPES\" srcset=\"https:\/\/i0.wp.com\/aiviouvapes.com\/wp-content\/uploads\/2024\/08\/save-money-1-1-1.png?w=200&amp;ssl=1 200w, https:\/\/i0.wp.com\/aiviouvapes.com\/wp-content\/uploads\/2024\/08\/save-money-1-1-1.png?resize=150%2C150&amp;ssl=1 150w, https:\/\/i0.wp.com\/aiviouvapes.com\/wp-content\/uploads\/2024\/08\/save-money-1-1-1.png?resize=12%2C12&amp;ssl=1 12w, https:\/\/i0.wp.com\/aiviouvapes.com\/wp-content\/uploads\/2024\/08\/save-money-1-1-1.png?resize=100%2C100&amp;ssl=1 100w\" sizes=\"auto, (max-width: 200px) 100vw, 200px\" title=\"\">\t\t\t\t\t<\/div>\n\t\t\t\t<\/div>\n\t\t\t<\/div>\n\t\t\t\t<div class=\"icon-box-text last-reset\">\n\t\t\t\t\t\t\t\t\t\n\n\t<div id=\"text-328622053\" class=\"text\">\n\t\t\n\n<h3 style=\"text-align: center;\">Valeur imbattable<\/h3>\n<p style=\"text-align: center;\">Profitez de produits de qualit\u00e9 sup\u00e9rieure \u00e0 des prix adapt\u00e9s \u00e0 votre budget.<\/p>\n\t\t\n<style>\n#text-328622053 {\n  font-size: 0.9rem;\n}\n<\/style>\n\t<\/div>\n\t\n\n\t\t<\/div>\n\t<\/div>\n\t\n\t\n\n\t\t<\/div>\n\t\t\t\t\t<\/div>\n\n\t\n\n\t<div id=\"col-708691092\" class=\"col medium-3 small-6 large-3\"  >\n\t\t\t\t<div class=\"col-inner text-center\"  >\n\t\t\t\n\t\t\t\n\n\n\t\t<div class=\"icon-box featured-box icon-box-top text-left\"  >\n\t\t\t\t\t<div class=\"icon-box-img\" style=\"width: 90px\">\n\t\t\t\t<div class=\"icon\">\n\t\t\t\t\t<div class=\"icon-inner\" >\n\t\t\t\t\t\t<img loading=\"lazy\" decoding=\"async\" width=\"200\" height=\"200\" src=\"https:\/\/i0.wp.com\/aiviouvapes.com\/wp-content\/uploads\/2024\/08\/delivery-truck-1-1.png?fit=200%2C200&amp;ssl=1\" class=\"attachment-medium size-medium\" alt=\"Pourquoi choisir AIVIOUVAPES\" srcset=\"https:\/\/i0.wp.com\/aiviouvapes.com\/wp-content\/uploads\/2024\/08\/delivery-truck-1-1.png?w=200&amp;ssl=1 200w, https:\/\/i0.wp.com\/aiviouvapes.com\/wp-content\/uploads\/2024\/08\/delivery-truck-1-1.png?resize=150%2C150&amp;ssl=1 150w, https:\/\/i0.wp.com\/aiviouvapes.com\/wp-content\/uploads\/2024\/08\/delivery-truck-1-1.png?resize=12%2C12&amp;ssl=1 12w, https:\/\/i0.wp.com\/aiviouvapes.com\/wp-content\/uploads\/2024\/08\/delivery-truck-1-1.png?resize=100%2C100&amp;ssl=1 100w\" sizes=\"auto, (max-width: 200px) 100vw, 200px\" title=\"\">\t\t\t\t\t<\/div>\n\t\t\t\t<\/div>\n\t\t\t<\/div>\n\t\t\t\t<div class=\"icon-box-text last-reset\">\n\t\t\t\t\t\t\t\t\t\n\n\t<div id=\"text-926946649\" class=\"text\">\n\t\t\n\n<h3 style=\"text-align: center;\">Exp\u00e9dition rapide dans le monde entier<\/h3>\n<p style=\"text-align: center;\">Nous livrons dans le monde entier avec un d\u00e9douanement garanti pour une exp\u00e9rience fluide.<\/p>\n\t\t\n<style>\n#text-926946649 {\n  font-size: 0.9rem;\n}\n<\/style>\n\t<\/div>\n\t\n\n\t\t<\/div>\n\t<\/div>\n\t\n\t\n\n\t\t<\/div>\n\t\t\t\t\t<\/div>\n\n\t\n\n\t<div id=\"col-1405821268\" class=\"col medium-3 small-6 large-3\"  >\n\t\t\t\t<div class=\"col-inner text-center\"  >\n\t\t\t\n\t\t\t\n\n\n\t\t<div class=\"icon-box featured-box icon-box-top text-left\"  >\n\t\t\t\t\t<div class=\"icon-box-img\" style=\"width: 90px\">\n\t\t\t\t<div class=\"icon\">\n\t\t\t\t\t<div class=\"icon-inner\" >\n\t\t\t\t\t\t<img loading=\"lazy\" decoding=\"async\" width=\"200\" height=\"200\" src=\"https:\/\/i0.wp.com\/aiviouvapes.com\/wp-content\/uploads\/2024\/08\/support-1-1.png?fit=200%2C200&amp;ssl=1\" class=\"attachment-medium size-medium\" alt=\"Pourquoi choisir AIVIOUVAPES\" srcset=\"https:\/\/i0.wp.com\/aiviouvapes.com\/wp-content\/uploads\/2024\/08\/support-1-1.png?w=200&amp;ssl=1 200w, https:\/\/i0.wp.com\/aiviouvapes.com\/wp-content\/uploads\/2024\/08\/support-1-1.png?resize=150%2C150&amp;ssl=1 150w, https:\/\/i0.wp.com\/aiviouvapes.com\/wp-content\/uploads\/2024\/08\/support-1-1.png?resize=12%2C12&amp;ssl=1 12w, https:\/\/i0.wp.com\/aiviouvapes.com\/wp-content\/uploads\/2024\/08\/support-1-1.png?resize=100%2C100&amp;ssl=1 100w\" sizes=\"auto, (max-width: 200px) 100vw, 200px\" title=\"\">\t\t\t\t\t<\/div>\n\t\t\t\t<\/div>\n\t\t\t<\/div>\n\t\t\t\t<div class=\"icon-box-text last-reset\">\n\t\t\t\t\t\t\t\t\t\n\n\t<div id=\"text-494313952\" class=\"text\">\n\t\t\n\n<h3 style=\"text-align: center;\">Assistance 24 heures sur 24<\/h3>\n<p style=\"text-align: center;\">Contactez notre \u00e9quipe d&#039;assistance \u00e0 tout moment, 24h\/24 et 7j\/7, via WhatsApp ou par e-mail.<\/p>\n\t\t\n<style>\n#text-494313952 {\n  font-size: 0.9rem;\n}\n<\/style>\n\t<\/div>\n\t\n\n\t\t<\/div>\n\t<\/div>\n\t\n\t\n\n\t\t<\/div>\n\t\t\t\t\t<\/div>\n\n\t\n\n<\/div>\n<div class=\"row row-full-width align-middle\"  id=\"row-1900114868\">\n\n\n\t<div id=\"col-2131675644\" class=\"col medium-6 small-12 large-6\"  >\n\t\t\t\t<div class=\"col-inner\"  >\n\t\t\t\n\t\t\t\n\n\t<div class=\"img has-hover x md-x lg-x y md-y lg-y\" id=\"image_114523910\">\n\t\t\t\t\t\t\t\t<div class=\"img-inner dark\" >\n\t\t\t<img loading=\"lazy\" decoding=\"async\" width=\"930\" height=\"1024\" src=\"https:\/\/i0.wp.com\/aiviouvapes.com\/wp-content\/uploads\/2024\/08\/%E6%8B%BC%E5%9B%BE.jpg?fit=930%2C1024&amp;ssl=1\" class=\"attachment-large size-large\" alt=\"Pourquoi choisir AIVIOUVAPES\" title=\"\">\t\t\t\t\t\t\n\t\t\t\t\t<\/div>\n\t\t\t\t\t\t\t\t\n<style>\n#image_114523910 {\n  width: 100%;\n}\n<\/style>\n\t<\/div>\n\t\n\n\n\t\t<\/div>\n\t\t\t\t\t<\/div>\n\n\t\n\n\t<div id=\"col-200332536\" class=\"col medium-6 small-12 large-6\"  >\n\t\t\t\t<div class=\"col-inner\"  >\n\t\t\t\n\t\t\t\n\n<div class=\"container section-title-container\" ><h4 class=\"section-title section-title-normal\"><b aria-hidden=\"true\"><\/b><span class=\"section-title-main\" style=\"font-size:91%;\">Nos avantages<\/span><b aria-hidden=\"true\"><\/b><\/h4><\/div>\n\n<div class=\"accordion\">\n\n\t<div id=\"accordion-2597021194\" class=\"accordion-item\">\n\t\t<a id=\"accordion-2597021194-label\" class=\"accordion-title plain\" href=\"#accordion-item-commitment-to-quality\" aria-expanded=\"false\" aria-controls=\"accordion-2597021194-content\">\n\t\t\t<button class=\"toggle\" aria-label=\"Basculer\"><i class=\"icon-angle-down\" aria-hidden=\"true\"><\/i><\/button>\n\t\t\t<span>Engagement en faveur de la qualit\u00e9<\/span>\n\t\t<\/a>\n\t\t<div id=\"accordion-2597021194-content\" class=\"accordion-inner\" aria-labelledby=\"accordion-2597021194-label\">\n\t\t\t\n\n<p>Au <a href=\"https:\/\/aiviouvapes.com\/fr\/\">AiviouVape<\/a>, la qualit\u00e9 est au c\u0153ur de tout ce que nous faisons. Nos vapes jetables sont m\u00e9ticuleusement con\u00e7ues et rigoureusement test\u00e9es pour r\u00e9pondre aux normes les plus \u00e9lev\u00e9es, garantissant une exp\u00e9rience de vapotage fluide et fiable \u00e0 chaque fois. Gr\u00e2ce \u00e0 notre engagement envers z\u00e9ro d\u00e9faut et z\u00e9ro r\u00e9clamation, vous pouvez \u00eatre s\u00fbr d&#039;obtenir le meilleur.<\/p>\n\n\t\t<\/div>\n\t<\/div>\n\t\n\t<div id=\"accordion-2701542858\" class=\"accordion-item\">\n\t\t<a id=\"accordion-2701542858-label\" class=\"accordion-title plain\" href=\"#accordion-item-diverse-range-of-products\" aria-expanded=\"false\" aria-controls=\"accordion-2701542858-content\">\n\t\t\t<button class=\"toggle\" aria-label=\"Basculer\"><i class=\"icon-angle-down\" aria-hidden=\"true\"><\/i><\/button>\n\t\t\t<span>Une gamme de produits diversifi\u00e9e<\/span>\n\t\t<\/a>\n\t\t<div id=\"accordion-2701542858-content\" class=\"accordion-inner\" aria-labelledby=\"accordion-2701542858-label\">\n\t\t\t\n\n<p>Nous sommes fiers d'offrir une large gamme de vapes jetables de qualit\u00e9 sup\u00e9rieure pour r\u00e9pondre \u00e0 toutes les pr\u00e9f\u00e9rences. Des derni\u00e8res innovations aux favoris de longue date, notre s\u00e9lection comprend des marques de confiance telles que Waspe, Vapme, RandM Tornado, Bang Box, ELF Box, et Bang King. Que vous recherchiez les saveurs audacieuses de Vapme ou le design \u00e9l\u00e9gant de RandM Tornado, notre collection est con\u00e7ue pour vous aider \u00e0 d\u00e9couvrir la vape parfaite correspondant \u00e0 vos go\u00fbts et \u00e0 votre style de vie.<\/p>\n\n\n\t\t<\/div>\n\t<\/div>\n\t\n\t<div id=\"accordion-4242363232\" class=\"accordion-item\">\n\t\t<a id=\"accordion-4242363232-label\" class=\"accordion-title plain\" href=\"#accordion-item-wholesale-and-retail-solutions\" aria-expanded=\"false\" aria-controls=\"accordion-4242363232-content\">\n\t\t\t<button class=\"toggle\" aria-label=\"Basculer\"><i class=\"icon-angle-down\" aria-hidden=\"true\"><\/i><\/button>\n\t\t\t<span>Solutions pour le commerce de gros et de d\u00e9tail<\/span>\n\t\t<\/a>\n\t\t<div id=\"accordion-4242363232-content\" class=\"accordion-inner\" aria-labelledby=\"accordion-4242363232-label\">\n\t\t\t\n\n<p>AiviouVape r\u00e9pond aux exigences des clients de d\u00e9tail et de gros, en fournissant \u00e0 chaque fois des produits et un service exceptionnels. Si vous \u00eates nouveau chez nous, nous vous recommandons de commencer par un petit lot pour d\u00e9couvrir notre qualit\u00e9 de premi\u00e8re main. Avec des prix comp\u00e9titifs et des normes haut de gamme, nous sommes le choix de confiance dans l&#039;industrie de la vape jetable.\u00a0<\/p>\n\n\t\t<\/div>\n\t<\/div>\n\t\n\t<div id=\"accordion-3315480935\" class=\"accordion-item\">\n\t\t<a id=\"accordion-3315480935-label\" class=\"accordion-title plain\" href=\"#accordion-item-continuous-improvement\" aria-expanded=\"false\" aria-controls=\"accordion-3315480935-content\">\n\t\t\t<button class=\"toggle\" aria-label=\"Basculer\"><i class=\"icon-angle-down\" aria-hidden=\"true\"><\/i><\/button>\n\t\t\t<span>Am\u00e9lioration continue<\/span>\n\t\t<\/a>\n\t\t<div id=\"accordion-3315480935-content\" class=\"accordion-inner\" aria-labelledby=\"accordion-3315480935-label\">\n\t\t\t\n\n<p>Ce qui distingue AiviouVape, c&#039;est notre d\u00e9vouement \u00e0 un service client exceptionnel. Que vous ayez besoin de conseils avant d&#039;acheter ou d&#039;assistance pour une commande, notre \u00e9quipe est toujours disponible via WhatsApp ou par e-mail. Nous nous effor\u00e7ons de construire des relations durables avec nos clients, en garantissant votre satisfaction \u00e0 chaque \u00e9tape du processus.<\/p>\n\n\t\t<\/div>\n\t<\/div>\n\t\n\t<div id=\"accordion-3328474135\" class=\"accordion-item\">\n\t\t<a id=\"accordion-3328474135-label\" class=\"accordion-title plain\" href=\"#accordion-item-quality-assurance\" aria-expanded=\"false\" aria-controls=\"accordion-3328474135-content\">\n\t\t\t<button class=\"toggle\" aria-label=\"Basculer\"><i class=\"icon-angle-down\" aria-hidden=\"true\"><\/i><\/button>\n\t\t\t<span>Assurance qualit\u00e9<\/span>\n\t\t<\/a>\n\t\t<div id=\"accordion-3328474135-content\" class=\"accordion-inner\" aria-labelledby=\"accordion-3328474135-label\">\n\t\t\t\n\n<p>\u00c0 chaque \u00e9tape (d\u00e9veloppement du produit, production, commercialisation et distribution), notre engagement envers la qualit\u00e9 ne faiblit jamais. Nos vapes jetables sont soumises \u00e0 des tests rigoureux pour garantir qu&#039;elles sont non toxiques, pures et qu&#039;elles offrent une saveur exceptionnelle. Ce d\u00e9vouement \u00e0 l&#039;excellence constitue l&#039;\u00e9pine dorsale de notre culture d&#039;entreprise.<\/p>\n\n\t\t<\/div>\n\t<\/div>\n\t\n\t<div id=\"accordion-3861397765\" class=\"accordion-item\">\n\t\t<a id=\"accordion-3861397765-label\" class=\"accordion-title plain\" href=\"#accordion-item-efficient-logistics-and-delivery\" aria-expanded=\"false\" aria-controls=\"accordion-3861397765-content\">\n\t\t\t<button class=\"toggle\" aria-label=\"Basculer\"><i class=\"icon-angle-down\" aria-hidden=\"true\"><\/i><\/button>\n\t\t\t<span>Logistique et livraison efficaces<\/span>\n\t\t<\/a>\n\t\t<div id=\"accordion-3861397765-content\" class=\"accordion-inner\" aria-labelledby=\"accordion-3861397765-label\">\n\t\t\t\n\n<p>AiviouVape propose une logistique et une livraison efficaces, y compris des services DDP (Delivered Duty Paid), garantissant un d\u00e9douanement fluide sans frais ni taxes. Avec une livraison rapide et un service client exceptionnel, nous offrons une exp\u00e9rience fluide et fiable, ce qui fait de nous un partenaire de confiance dans l&#039;industrie.<\/p>\n\n\t\t<\/div>\n\t<\/div>\n\t\n\t<div id=\"accordion-2464009212\" class=\"accordion-item\">\n\t\t<a id=\"accordion-2464009212-label\" class=\"accordion-title plain\" href=\"#accordion-item-odm-and-oem-services\" aria-expanded=\"false\" aria-controls=\"accordion-2464009212-content\">\n\t\t\t<button class=\"toggle\" aria-label=\"Basculer\"><i class=\"icon-angle-down\" aria-hidden=\"true\"><\/i><\/button>\n\t\t\t<span>Services ODM et OEM<\/span>\n\t\t<\/a>\n\t\t<div id=\"accordion-2464009212-content\" class=\"accordion-inner\" aria-labelledby=\"accordion-2464009212-label\">\n\t\t\t\n\n<p>AiviouVapes propose des services ODM (Original Design Manufacturing) et OEM (Original Equipment Manufacturing) complets. Avec deux grandes installations, nous aidons les clients \u00e0 concevoir des produits uniques et des logos accrocheurs pour les emballages. Nous fournissons \u00e9galement des conseils gratuits en mati\u00e8re de conception d&#039;emballages et nous aidons les clients qui emballent leurs propres produits, garantissant ainsi que leur marque brille sur le march\u00e9.<\/p>\n\n\t\t<\/div>\n\t<\/div>\n\t\n\n<\/div>\n\n\t\t<\/div>\n\t\t\t\t\t<\/div>\n\n\t\n\n<\/div>","protected":false},"excerpt":{"rendered":"<p>Le AIVONO AIM XXL 9000 Puffs offre jusqu&#039;\u00e0 9 000 bouff\u00e9es, une capacit\u00e9 de e-liquide de 19 ml et une batterie rechargeable de 650 mAh. Avec une vapeur douce gr\u00e2ce \u00e0 sa bobine en maille de 1,2 \u03a9, son \u00e9cran LCD et son verrouillage enfant, c&#039;est une vape premium et personnalisable, id\u00e9ale pour la vente en gros.<\/p>","protected":false},"featured_media":5197,"comment_status":"open","ping_status":"closed","template":"","meta":[],"product_brand":[],"product_cat":[41,121,90,117,76,134,135,133,136,137,146,138,139,140,141,142,143,144,145,132],"product_tag":[],"class_list":{"0":"post-5195","1":"product","2":"type-product","3":"status-publish","4":"has-post-thumbnail","6":"product_cat-aivono-vapes","7":"product_cat-9000-puffs-disposable-vape","8":"product_cat-big-puffs-vapes","9":"product_cat-different-puffs-of-diposable-vapes","10":"product_cat-disposable-vape-types","11":"product_cat-disposable-vapes-in-austria","12":"product_cat-disposable-vapes-in-belgium","13":"product_cat-disposable-vapes-in-europe","14":"product_cat-disposable-vapes-in-france","15":"product_cat-disposable-vapes-in-germany","16":"product_cat-disposable-vapes-in-hungary","17":"product_cat-disposable-vapes-in-ltaly","18":"product_cat-disposable-vapes-in-netherlands","19":"product_cat-disposable-vapes-in-norway","20":"product_cat-disposable-vapes-in-poland","21":"product_cat-disposable-vapes-in-portugal","22":"product_cat-disposable-vapes-in-spain","23":"product_cat-disposable-vapes-in-sweden","24":"product_cat-disposable-vapes-in-switzerland","25":"product_cat-rechargeable-vapes","27":"first","28":"instock","29":"shipping-taxable","30":"purchasable","31":"product-type-variable","32":"has-default-attributes"},"jetpack_sharing_enabled":true,"tiered_pricing_type":"fixed","tiered_pricing_fixed_rules":{"2000":5.9900000000000002131628207280300557613372802734375},"tiered_pricing_product_settings":{"layout":"default","base_unit_name":{"singular":null,"plural":null},"default_variation":null},"tiered_pricing_minimum_quantity":1000,"tiered_pricing_roles_data":[],"tiered_pricing_percentage_rules":[],"tiered_pricing_maximum_quantity":null,"tiered_pricing_quantity_step":"10","_links":{"self":[{"href":"https:\/\/aiviouvapes.com\/fr\/wp-json\/wp\/v2\/product\/5195","targetHints":{"allow":["GET"]}}],"collection":[{"href":"https:\/\/aiviouvapes.com\/fr\/wp-json\/wp\/v2\/product"}],"about":[{"href":"https:\/\/aiviouvapes.com\/fr\/wp-json\/wp\/v2\/types\/product"}],"replies":[{"embeddable":true,"href":"https:\/\/aiviouvapes.com\/fr\/wp-json\/wp\/v2\/comments?post=5195"}],"wp:featuredmedia":[{"embeddable":true,"href":"https:\/\/aiviouvapes.com\/fr\/wp-json\/wp\/v2\/media\/5197"}],"wp:attachment":[{"href":"https:\/\/aiviouvapes.com\/fr\/wp-json\/wp\/v2\/media?parent=5195"}],"wp:term":[{"taxonomy":"product_brand","embeddable":true,"href":"https:\/\/aiviouvapes.com\/fr\/wp-json\/wp\/v2\/product_brand?post=5195"},{"taxonomy":"product_cat","embeddable":true,"href":"https:\/\/aiviouvapes.com\/fr\/wp-json\/wp\/v2\/product_cat?post=5195"},{"taxonomy":"product_tag","embeddable":true,"href":"https:\/\/aiviouvapes.com\/fr\/wp-json\/wp\/v2\/product_tag?post=5195"}],"curies":[{"name":"wp","href":"https:\/\/api.w.org\/{rel}","templated":true}]}}