{"id":4232,"date":"2024-08-18T08:16:01","date_gmt":"2024-08-18T00:16:01","guid":{"rendered":"https:\/\/aiviouvapes.com\/?post_type=product&#038;p=4232"},"modified":"2025-08-22T18:29:07","modified_gmt":"2025-08-22T10:29:07","slug":"bang-king-double-crystal-20000-puffs-0-2-3-5-low-nicotine-bulk-buy-rechargeable-disposable-vapes-pen-wholesale","status":"publish","type":"product","link":"https:\/\/aiviouvapes.com\/fr\/product\/bang-king-double-crystal-20000-puffs-0-2-3-5-low-nicotine-bulk-buy-rechargeable-disposable-vapes-pen-wholesale\/","title":{"rendered":"Bang King Double Crystal 20000 bouff\u00e9es | 0%-5% nicotine, 25mL, 650mAh, bulk vape"},"content":{"rendered":"<p><iframe title=\"VideoPress Lecteur vid\u00e9o\" aria-label='VideoPress Lecteur vid\u00e9o' width='566' height='1000' src='https:\/\/videopress.com\/embed\/UidYNEY0?hd=0&amp;cover=1' frameborder='0' allowfullscreen allow='clipboard-write'><\/iframe><script src='https:\/\/v0.wordpress.com\/js\/next\/videopress-iframe.js?m=1739540970'><\/script><\/p>\n<h2>Bang King Double Crystal 20000 bouff\u00e9es | 0% 2% 3% 5% nicotine, e-liquide 25 ml, rechargeable 650 mAh, chargement Type-C, bobine en maille, flux d&#039;air r\u00e9glable, achat en gros de vape jetable<\/h2>\n<h3>Bang King Double Crystal 20000 Puff Overview<\/h3>\n<ul>\n<li><strong>Grande capacit\u00e9 de bouff\u00e9e<\/strong>: Offre jusqu'\u00e0 20 000 bouff\u00e9es, ce qui est parfait pour un usage prolong\u00e9.<\/li>\n<li><strong>Grande capacit\u00e9 d'e-liquide<\/strong>R\u00e9servoir de 25 ml pr\u00e9-rempli d'e-liquide de qualit\u00e9 sup\u00e9rieure pour une saveur longue dur\u00e9e.<\/li>\n<li><strong>Batterie fiable<\/strong>Batterie rechargeable de 650mAh avec chargeur Type-C pour une recharge efficace.<\/li>\n<li><strong>Options d'intensit\u00e9 de la nicotine<\/strong>: Disponible en 0%, 2%, 3% et 5% pour r\u00e9pondre aux diff\u00e9rentes pr\u00e9f\u00e9rences.<\/li>\n<li><strong>Production de vapeur en douceur<\/strong>: La bobine \u00e0 mailles de 1,0\u03a9 assure une vapeur r\u00e9guli\u00e8re et savoureuse.<\/li>\n<li><strong>Flux d'air r\u00e9glable<\/strong>: Personnalisez votre tirage gr\u00e2ce aux r\u00e9glages de flux d'air ajustables, offrant une polyvalence pour tous les styles de vapotage.<\/li>\n<\/ul>\n<h3>Bang King Double Crystal 20000 Puff Caract\u00e9ristiques principales<\/h3>\n<ul>\n<li><strong>Utilisation prolong\u00e9e<\/strong>Le syst\u00e8me d'aspiration de l'eau de Javel : 20 000 bouff\u00e9es par appareil pour une valeur \u00e9lev\u00e9e et une satisfaction prolong\u00e9e.<\/li>\n<li><strong>Convivialit\u00e9<\/strong>: Le m\u00e9canisme d'activation par tirage et le flux d'air r\u00e9glable sont parfaits pour les d\u00e9butants et les fumeurs chevronn\u00e9s.<\/li>\n<li><strong>Commodit\u00e9 et personnalisation<\/strong>: Rechargeable avec Type-C et support OEM\/ODM, id\u00e9al pour les commandes en vrac personnalis\u00e9es.<\/li>\n<\/ul>\n<h3>Bang King Double Crystal 20000 Puff Flavor Selection<\/h3>\n<p>Pomme aigre-douce framboise, glace p\u00eache, fruits tropicaux, fraise-past\u00e8que, glace past\u00e8que, glace raisin, glace myrtille, glace Blue Razz, fraise-mangue, kiwi-grenade, boisson \u00e9nergisante, fraise-kiwi<\/p>\n<h3>Pourquoi choisir le Bang King Double Crystal 20000 Puffs ?<\/h3>\n<p>Le Bang King Double Crystal 20000 Puffs offre une exp\u00e9rience de vapotage haut de gamme et personnalisable gr\u00e2ce \u00e0 sa grande capacit\u00e9 de bouff\u00e9es, ses riches options de saveurs et ses fonctions conviviales. Que vous soyez un vapoteur occasionnel ou un passionn\u00e9, cet appareil est con\u00e7u pour fournir une vapeur r\u00e9guli\u00e8re et douce et une exp\u00e9rience satisfaisante et durable. Disponible en gros, c'est un choix id\u00e9al pour les d\u00e9taillants qui cherchent \u00e0 offrir un produit de premier ordre qui offre \u00e0 la fois qualit\u00e9 et valeur. D\u00e9couvrez le nec plus ultra du vapotage jetable avec Bang King Double Crystal.<\/p>\n<p><a href=\"https:\/\/i0.wp.com\/aiviouvapes.com\/wp-content\/uploads\/2024\/08\/1-19.jpg?ssl=1\"><img data-recalc-dims=\"1\" loading=\"lazy\" decoding=\"async\" class=\"alignnone size-full wp-image-8106\" title=\"Bang King Double Crystal 20000 bouff\u00e9es 0% 2% 3% 5% Low Nicotine Bulk Buy Rechargeable Disposable Vapes Pen Wholesale\" src=\"https:\/\/i0.wp.com\/aiviouvapes.com\/wp-content\/uploads\/2024\/08\/1-19.jpg?resize=1020%2C1531&#038;ssl=1\" alt=\"Bang King Double Crystal 20000 bouff\u00e9es 0% 2% 3% 5% Low Nicotine Bulk Buy Rechargeable Disposable Vapes Pen Wholesale\" width=\"1020\" height=\"1531\" srcset=\"https:\/\/i0.wp.com\/aiviouvapes.com\/wp-content\/uploads\/2024\/08\/1-19.jpg?w=1200&amp;ssl=1 1200w, https:\/\/i0.wp.com\/aiviouvapes.com\/wp-content\/uploads\/2024\/08\/1-19.jpg?resize=200%2C300&amp;ssl=1 200w, https:\/\/i0.wp.com\/aiviouvapes.com\/wp-content\/uploads\/2024\/08\/1-19.jpg?resize=682%2C1024&amp;ssl=1 682w, https:\/\/i0.wp.com\/aiviouvapes.com\/wp-content\/uploads\/2024\/08\/1-19.jpg?resize=768%2C1153&amp;ssl=1 768w, https:\/\/i0.wp.com\/aiviouvapes.com\/wp-content\/uploads\/2024\/08\/1-19.jpg?resize=1023%2C1536&amp;ssl=1 1023w, https:\/\/i0.wp.com\/aiviouvapes.com\/wp-content\/uploads\/2024\/08\/1-19.jpg?resize=8%2C12&amp;ssl=1 8w, https:\/\/i0.wp.com\/aiviouvapes.com\/wp-content\/uploads\/2024\/08\/1-19.jpg?resize=800%2C1201&amp;ssl=1 800w\" sizes=\"auto, (max-width: 1020px) 100vw, 1020px\" \/><\/a><a href=\"https:\/\/i0.wp.com\/aiviouvapes.com\/wp-content\/uploads\/2024\/08\/10-15.jpg?ssl=1\"><img data-recalc-dims=\"1\" loading=\"lazy\" decoding=\"async\" class=\"alignnone size-full wp-image-8105\" title=\"Bang King Double Crystal 20000 bouff\u00e9es 0% 2% 3% 5% Low Nicotine Bulk Buy Rechargeable Disposable Vapes Pen Wholesale\" src=\"https:\/\/i0.wp.com\/aiviouvapes.com\/wp-content\/uploads\/2024\/08\/10-15.jpg?resize=1011%2C1920&#038;ssl=1\" alt=\"Bang King Double Crystal 20000 bouff\u00e9es 0% 2% 3% 5% Low Nicotine Bulk Buy Rechargeable Disposable Vapes Pen Wholesale\" width=\"1011\" height=\"1920\" srcset=\"https:\/\/i0.wp.com\/aiviouvapes.com\/wp-content\/uploads\/2024\/08\/10-15.jpg?w=1011&amp;ssl=1 1011w, https:\/\/i0.wp.com\/aiviouvapes.com\/wp-content\/uploads\/2024\/08\/10-15.jpg?resize=158%2C300&amp;ssl=1 158w, https:\/\/i0.wp.com\/aiviouvapes.com\/wp-content\/uploads\/2024\/08\/10-15.jpg?resize=539%2C1024&amp;ssl=1 539w, https:\/\/i0.wp.com\/aiviouvapes.com\/wp-content\/uploads\/2024\/08\/10-15.jpg?resize=768%2C1459&amp;ssl=1 768w, https:\/\/i0.wp.com\/aiviouvapes.com\/wp-content\/uploads\/2024\/08\/10-15.jpg?resize=809%2C1536&amp;ssl=1 809w, https:\/\/i0.wp.com\/aiviouvapes.com\/wp-content\/uploads\/2024\/08\/10-15.jpg?resize=6%2C12&amp;ssl=1 6w, https:\/\/i0.wp.com\/aiviouvapes.com\/wp-content\/uploads\/2024\/08\/10-15.jpg?resize=800%2C1519&amp;ssl=1 800w\" sizes=\"auto, (max-width: 1011px) 100vw, 1011px\" \/><\/a><\/p>\n<h3>Pourquoi choisir AiviouVapes<\/h3>\n<p>Bienvenue \u00e0 <a href=\"https:\/\/aiviouvapes.com\/fr\/\">AiviouVapes<\/a> - votre source de confiance pour des produits de qualit\u00e9 sup\u00e9rieure, \u00e0 des prix abordables <a href=\"https:\/\/aiviouvapes.com\/fr\/shop\/\">vente en gros de vapes jetables<\/a> \u00e0 des prix vraiment bas. Avec plus de cinq ans d'expertise dans l'industrie de la vape, nous sommes fiers d'offrir une s\u00e9lection tri\u00e9e sur le volet de grandes marques, notamment <a href=\"https:\/\/aiviouvapes.com\/fr\/categorie-produit\/waspe\/\">WASPE<\/a>, <a href=\"https:\/\/aiviouvapes.com\/fr\/categorie-produit\/bang\/\">Bang Vape<\/a>, <a href=\"https:\/\/aiviouvapes.com\/fr\/categorie-produit\/vapme-vapes\/\">Vapme<\/a>et <a href=\"https:\/\/aiviouvapes.com\/fr\/categorie-produit\/mrvi\/\">MRVI<\/a>.<\/p>\n<p>Qu'il s'agisse d'appareils \u00e0 forte puissance comme le <a href=\"https:\/\/aiviouvapes.com\/fr\/produit\/waspe-4-in-1-100000-puffs\/\">WASPE 100K 4-in-1 Flavor<\/a> \u00e0 des favoris audacieux tels que le <a href=\"https:\/\/aiviouvapes.com\/fr\/produit\/bang-king-triple-flavors-85000\/\">Bang 85 000 Triple Puff<\/a>et m\u00eame l'excitante <a class=\"woocommerce-LoopProduct-link woocommerce-loop-product__link\" href=\"https:\/\/aiviouvapes.com\/fr\/produit\/mystery-vape-blind-box\/\">Bo\u00eete \u00e0 Vape Jetable Myst\u00e8re<\/a>Chez AiviouVapes, chaque produit est choisi pour sa qualit\u00e9 sup\u00e9rieure et sa valeur imbattable. Chez AiviouVapes, vous b\u00e9n\u00e9ficierez d'un excellent service, d'\u00e9conomies de gros et d'une collection con\u00e7ue pour r\u00e9pondre \u00e0 vos besoins en mati\u00e8re de vapotage.<\/p>\n<div class=\"row row-large row-full-width align-middle\"  id=\"row-1851306988\">\n\n\n\t<div id=\"col-1950699240\" class=\"col medium-3 small-6 large-3\"  >\n\t\t\t\t<div class=\"col-inner text-center\"  >\n\t\t\t\n\t\t\t\n\n\n\t\t<div class=\"icon-box featured-box icon-box-top text-left\"  >\n\t\t\t\t\t<div class=\"icon-box-img\" style=\"width: 90px\">\n\t\t\t\t<div class=\"icon\">\n\t\t\t\t\t<div class=\"icon-inner\" >\n\t\t\t\t\t\t<img loading=\"lazy\" decoding=\"async\" width=\"200\" height=\"200\" src=\"https:\/\/i0.wp.com\/aiviouvapes.com\/wp-content\/uploads\/2024\/08\/vape-1-1.png?fit=200%2C200&amp;ssl=1\" class=\"attachment-medium size-medium\" alt=\"Pourquoi choisir AIVIOUVAPES\" srcset=\"https:\/\/i0.wp.com\/aiviouvapes.com\/wp-content\/uploads\/2024\/08\/vape-1-1.png?w=200&amp;ssl=1 200w, https:\/\/i0.wp.com\/aiviouvapes.com\/wp-content\/uploads\/2024\/08\/vape-1-1.png?resize=150%2C150&amp;ssl=1 150w, https:\/\/i0.wp.com\/aiviouvapes.com\/wp-content\/uploads\/2024\/08\/vape-1-1.png?resize=12%2C12&amp;ssl=1 12w, https:\/\/i0.wp.com\/aiviouvapes.com\/wp-content\/uploads\/2024\/08\/vape-1-1.png?resize=100%2C100&amp;ssl=1 100w\" sizes=\"auto, (max-width: 200px) 100vw, 200px\" title=\"\">\t\t\t\t\t<\/div>\n\t\t\t\t<\/div>\n\t\t\t<\/div>\n\t\t\t\t<div class=\"icon-box-text last-reset\">\n\t\t\t\t\t\t\t\t\t\n\n\t<div id=\"text-2526061966\" class=\"text\">\n\t\t\n\n<h3 style=\"text-align: center;\">Grande vari\u00e9t\u00e9 de vapes<\/h3>\n<p style=\"text-align: center;\">D\u00e9couvrez notre large gamme de produits, con\u00e7us pour r\u00e9pondre \u00e0 toutes les pr\u00e9f\u00e9rences.<\/p>\n\t\t\n<style>\n#text-2526061966 {\n  font-size: 0.9rem;\n}\n<\/style>\n\t<\/div>\n\t\n\n\t\t<\/div>\n\t<\/div>\n\t\n\t\n\n\t\t<\/div>\n\t\t\t\t\t<\/div>\n\n\t\n\n\t<div id=\"col-1212428395\" class=\"col medium-3 small-6 large-3\"  >\n\t\t\t\t<div class=\"col-inner text-center\"  >\n\t\t\t\n\t\t\t\n\n\n\t\t<div class=\"icon-box featured-box icon-box-top text-left\"  >\n\t\t\t\t\t<div class=\"icon-box-img\" style=\"width: 90px\">\n\t\t\t\t<div class=\"icon\">\n\t\t\t\t\t<div class=\"icon-inner\" >\n\t\t\t\t\t\t<img loading=\"lazy\" decoding=\"async\" width=\"200\" height=\"200\" src=\"https:\/\/i0.wp.com\/aiviouvapes.com\/wp-content\/uploads\/2024\/08\/save-money-1-1-1.png?fit=200%2C200&amp;ssl=1\" class=\"attachment-medium size-medium\" alt=\"Pourquoi choisir AIVIOUVAPES\" srcset=\"https:\/\/i0.wp.com\/aiviouvapes.com\/wp-content\/uploads\/2024\/08\/save-money-1-1-1.png?w=200&amp;ssl=1 200w, https:\/\/i0.wp.com\/aiviouvapes.com\/wp-content\/uploads\/2024\/08\/save-money-1-1-1.png?resize=150%2C150&amp;ssl=1 150w, https:\/\/i0.wp.com\/aiviouvapes.com\/wp-content\/uploads\/2024\/08\/save-money-1-1-1.png?resize=12%2C12&amp;ssl=1 12w, https:\/\/i0.wp.com\/aiviouvapes.com\/wp-content\/uploads\/2024\/08\/save-money-1-1-1.png?resize=100%2C100&amp;ssl=1 100w\" sizes=\"auto, (max-width: 200px) 100vw, 200px\" title=\"\">\t\t\t\t\t<\/div>\n\t\t\t\t<\/div>\n\t\t\t<\/div>\n\t\t\t\t<div class=\"icon-box-text last-reset\">\n\t\t\t\t\t\t\t\t\t\n\n\t<div id=\"text-2930260462\" class=\"text\">\n\t\t\n\n<h3 style=\"text-align: center;\">Valeur imbattable<\/h3>\n<p style=\"text-align: center;\">Profitez de produits de qualit\u00e9 sup\u00e9rieure \u00e0 des prix adapt\u00e9s \u00e0 votre budget.<\/p>\n\t\t\n<style>\n#text-2930260462 {\n  font-size: 0.9rem;\n}\n<\/style>\n\t<\/div>\n\t\n\n\t\t<\/div>\n\t<\/div>\n\t\n\t\n\n\t\t<\/div>\n\t\t\t\t\t<\/div>\n\n\t\n\n\t<div id=\"col-1811085841\" class=\"col medium-3 small-6 large-3\"  >\n\t\t\t\t<div class=\"col-inner text-center\"  >\n\t\t\t\n\t\t\t\n\n\n\t\t<div class=\"icon-box featured-box icon-box-top text-left\"  >\n\t\t\t\t\t<div class=\"icon-box-img\" style=\"width: 90px\">\n\t\t\t\t<div class=\"icon\">\n\t\t\t\t\t<div class=\"icon-inner\" >\n\t\t\t\t\t\t<img loading=\"lazy\" decoding=\"async\" width=\"200\" height=\"200\" src=\"https:\/\/i0.wp.com\/aiviouvapes.com\/wp-content\/uploads\/2024\/08\/delivery-truck-1-1.png?fit=200%2C200&amp;ssl=1\" class=\"attachment-medium size-medium\" alt=\"Pourquoi choisir AIVIOUVAPES\" srcset=\"https:\/\/i0.wp.com\/aiviouvapes.com\/wp-content\/uploads\/2024\/08\/delivery-truck-1-1.png?w=200&amp;ssl=1 200w, https:\/\/i0.wp.com\/aiviouvapes.com\/wp-content\/uploads\/2024\/08\/delivery-truck-1-1.png?resize=150%2C150&amp;ssl=1 150w, https:\/\/i0.wp.com\/aiviouvapes.com\/wp-content\/uploads\/2024\/08\/delivery-truck-1-1.png?resize=12%2C12&amp;ssl=1 12w, https:\/\/i0.wp.com\/aiviouvapes.com\/wp-content\/uploads\/2024\/08\/delivery-truck-1-1.png?resize=100%2C100&amp;ssl=1 100w\" sizes=\"auto, (max-width: 200px) 100vw, 200px\" title=\"\">\t\t\t\t\t<\/div>\n\t\t\t\t<\/div>\n\t\t\t<\/div>\n\t\t\t\t<div class=\"icon-box-text last-reset\">\n\t\t\t\t\t\t\t\t\t\n\n\t<div id=\"text-1713932610\" class=\"text\">\n\t\t\n\n<h3 style=\"text-align: center;\">Exp\u00e9dition rapide dans le monde entier<\/h3>\n<p style=\"text-align: center;\">Nous livrons dans le monde entier avec un d\u00e9douanement garanti pour une exp\u00e9rience fluide.<\/p>\n\t\t\n<style>\n#text-1713932610 {\n  font-size: 0.9rem;\n}\n<\/style>\n\t<\/div>\n\t\n\n\t\t<\/div>\n\t<\/div>\n\t\n\t\n\n\t\t<\/div>\n\t\t\t\t\t<\/div>\n\n\t\n\n\t<div id=\"col-1260611029\" class=\"col medium-3 small-6 large-3\"  >\n\t\t\t\t<div class=\"col-inner text-center\"  >\n\t\t\t\n\t\t\t\n\n\n\t\t<div class=\"icon-box featured-box icon-box-top text-left\"  >\n\t\t\t\t\t<div class=\"icon-box-img\" style=\"width: 90px\">\n\t\t\t\t<div class=\"icon\">\n\t\t\t\t\t<div class=\"icon-inner\" >\n\t\t\t\t\t\t<img loading=\"lazy\" decoding=\"async\" width=\"200\" height=\"200\" src=\"https:\/\/i0.wp.com\/aiviouvapes.com\/wp-content\/uploads\/2024\/08\/support-1-1.png?fit=200%2C200&amp;ssl=1\" class=\"attachment-medium size-medium\" alt=\"Pourquoi choisir AIVIOUVAPES\" srcset=\"https:\/\/i0.wp.com\/aiviouvapes.com\/wp-content\/uploads\/2024\/08\/support-1-1.png?w=200&amp;ssl=1 200w, https:\/\/i0.wp.com\/aiviouvapes.com\/wp-content\/uploads\/2024\/08\/support-1-1.png?resize=150%2C150&amp;ssl=1 150w, https:\/\/i0.wp.com\/aiviouvapes.com\/wp-content\/uploads\/2024\/08\/support-1-1.png?resize=12%2C12&amp;ssl=1 12w, https:\/\/i0.wp.com\/aiviouvapes.com\/wp-content\/uploads\/2024\/08\/support-1-1.png?resize=100%2C100&amp;ssl=1 100w\" sizes=\"auto, (max-width: 200px) 100vw, 200px\" title=\"\">\t\t\t\t\t<\/div>\n\t\t\t\t<\/div>\n\t\t\t<\/div>\n\t\t\t\t<div class=\"icon-box-text last-reset\">\n\t\t\t\t\t\t\t\t\t\n\n\t<div id=\"text-203738683\" class=\"text\">\n\t\t\n\n<h3 style=\"text-align: center;\">Assistance 24 heures sur 24<\/h3>\n<p style=\"text-align: center;\">Contactez notre \u00e9quipe d&#039;assistance \u00e0 tout moment, 24h\/24 et 7j\/7, via WhatsApp ou par e-mail.<\/p>\n\t\t\n<style>\n#text-203738683 {\n  font-size: 0.9rem;\n}\n<\/style>\n\t<\/div>\n\t\n\n\t\t<\/div>\n\t<\/div>\n\t\n\t\n\n\t\t<\/div>\n\t\t\t\t\t<\/div>\n\n\t\n\n<\/div>\n<div class=\"row row-full-width align-middle\"  id=\"row-1005987145\">\n\n\n\t<div id=\"col-1569288011\" class=\"col medium-6 small-12 large-6\"  >\n\t\t\t\t<div class=\"col-inner\"  >\n\t\t\t\n\t\t\t\n\n\t<div class=\"img has-hover x md-x lg-x y md-y lg-y\" id=\"image_1892532520\">\n\t\t\t\t\t\t\t\t<div class=\"img-inner dark\" >\n\t\t\t<img loading=\"lazy\" decoding=\"async\" width=\"930\" height=\"1024\" src=\"https:\/\/i0.wp.com\/aiviouvapes.com\/wp-content\/uploads\/2024\/08\/%E6%8B%BC%E5%9B%BE.jpg?fit=930%2C1024&amp;ssl=1\" class=\"attachment-large size-large\" alt=\"Pourquoi choisir AIVIOUVAPES\" title=\"\">\t\t\t\t\t\t\n\t\t\t\t\t<\/div>\n\t\t\t\t\t\t\t\t\n<style>\n#image_1892532520 {\n  width: 100%;\n}\n<\/style>\n\t<\/div>\n\t\n\n\n\t\t<\/div>\n\t\t\t\t\t<\/div>\n\n\t\n\n\t<div id=\"col-1680484348\" class=\"col medium-6 small-12 large-6\"  >\n\t\t\t\t<div class=\"col-inner\"  >\n\t\t\t\n\t\t\t\n\n<div class=\"container section-title-container\" ><h4 class=\"section-title section-title-normal\"><b aria-hidden=\"true\"><\/b><span class=\"section-title-main\" style=\"font-size:91%;\">Nos avantages<\/span><b aria-hidden=\"true\"><\/b><\/h4><\/div>\n\n<div class=\"accordion\">\n\n\t<div id=\"accordion-90434692\" class=\"accordion-item\">\n\t\t<a id=\"accordion-90434692-label\" class=\"accordion-title plain\" href=\"#accordion-item-commitment-to-quality\" aria-expanded=\"false\" aria-controls=\"accordion-90434692-content\">\n\t\t\t<button class=\"toggle\" aria-label=\"Basculer\"><i class=\"icon-angle-down\" aria-hidden=\"true\"><\/i><\/button>\n\t\t\t<span>Engagement en faveur de la qualit\u00e9<\/span>\n\t\t<\/a>\n\t\t<div id=\"accordion-90434692-content\" class=\"accordion-inner\" aria-labelledby=\"accordion-90434692-label\">\n\t\t\t\n\n<p>Au <a href=\"https:\/\/aiviouvapes.com\/fr\/\">AiviouVape<\/a>, la qualit\u00e9 est au c\u0153ur de tout ce que nous faisons. Nos vapes jetables sont m\u00e9ticuleusement con\u00e7ues et rigoureusement test\u00e9es pour r\u00e9pondre aux normes les plus \u00e9lev\u00e9es, garantissant une exp\u00e9rience de vapotage fluide et fiable \u00e0 chaque fois. Gr\u00e2ce \u00e0 notre engagement envers z\u00e9ro d\u00e9faut et z\u00e9ro r\u00e9clamation, vous pouvez \u00eatre s\u00fbr d&#039;obtenir le meilleur.<\/p>\n\n\t\t<\/div>\n\t<\/div>\n\t\n\t<div id=\"accordion-2021609170\" class=\"accordion-item\">\n\t\t<a id=\"accordion-2021609170-label\" class=\"accordion-title plain\" href=\"#accordion-item-diverse-range-of-products\" aria-expanded=\"false\" aria-controls=\"accordion-2021609170-content\">\n\t\t\t<button class=\"toggle\" aria-label=\"Basculer\"><i class=\"icon-angle-down\" aria-hidden=\"true\"><\/i><\/button>\n\t\t\t<span>Une gamme de produits diversifi\u00e9e<\/span>\n\t\t<\/a>\n\t\t<div id=\"accordion-2021609170-content\" class=\"accordion-inner\" aria-labelledby=\"accordion-2021609170-label\">\n\t\t\t\n\n<p>Nous sommes fiers d'offrir une large gamme de vapes jetables de qualit\u00e9 sup\u00e9rieure pour r\u00e9pondre \u00e0 toutes les pr\u00e9f\u00e9rences. Des derni\u00e8res innovations aux favoris de longue date, notre s\u00e9lection comprend des marques de confiance telles que Waspe, Vapme, RandM Tornado, Bang Box, ELF Box, et Bang King. Que vous recherchiez les saveurs audacieuses de Vapme ou le design \u00e9l\u00e9gant de RandM Tornado, notre collection est con\u00e7ue pour vous aider \u00e0 d\u00e9couvrir la vape parfaite correspondant \u00e0 vos go\u00fbts et \u00e0 votre style de vie.<\/p>\n\n\n\t\t<\/div>\n\t<\/div>\n\t\n\t<div id=\"accordion-3443703667\" class=\"accordion-item\">\n\t\t<a id=\"accordion-3443703667-label\" class=\"accordion-title plain\" href=\"#accordion-item-wholesale-and-retail-solutions\" aria-expanded=\"false\" aria-controls=\"accordion-3443703667-content\">\n\t\t\t<button class=\"toggle\" aria-label=\"Basculer\"><i class=\"icon-angle-down\" aria-hidden=\"true\"><\/i><\/button>\n\t\t\t<span>Solutions pour le commerce de gros et de d\u00e9tail<\/span>\n\t\t<\/a>\n\t\t<div id=\"accordion-3443703667-content\" class=\"accordion-inner\" aria-labelledby=\"accordion-3443703667-label\">\n\t\t\t\n\n<p>AiviouVape r\u00e9pond aux exigences des clients de d\u00e9tail et de gros, en fournissant \u00e0 chaque fois des produits et un service exceptionnels. Si vous \u00eates nouveau chez nous, nous vous recommandons de commencer par un petit lot pour d\u00e9couvrir notre qualit\u00e9 de premi\u00e8re main. Avec des prix comp\u00e9titifs et des normes haut de gamme, nous sommes le choix de confiance dans l&#039;industrie de la vape jetable.\u00a0<\/p>\n\n\t\t<\/div>\n\t<\/div>\n\t\n\t<div id=\"accordion-2941979233\" class=\"accordion-item\">\n\t\t<a id=\"accordion-2941979233-label\" class=\"accordion-title plain\" href=\"#accordion-item-continuous-improvement\" aria-expanded=\"false\" aria-controls=\"accordion-2941979233-content\">\n\t\t\t<button class=\"toggle\" aria-label=\"Basculer\"><i class=\"icon-angle-down\" aria-hidden=\"true\"><\/i><\/button>\n\t\t\t<span>Am\u00e9lioration continue<\/span>\n\t\t<\/a>\n\t\t<div id=\"accordion-2941979233-content\" class=\"accordion-inner\" aria-labelledby=\"accordion-2941979233-label\">\n\t\t\t\n\n<p>Ce qui distingue AiviouVape, c&#039;est notre d\u00e9vouement \u00e0 un service client exceptionnel. Que vous ayez besoin de conseils avant d&#039;acheter ou d&#039;assistance pour une commande, notre \u00e9quipe est toujours disponible via WhatsApp ou par e-mail. Nous nous effor\u00e7ons de construire des relations durables avec nos clients, en garantissant votre satisfaction \u00e0 chaque \u00e9tape du processus.<\/p>\n\n\t\t<\/div>\n\t<\/div>\n\t\n\t<div id=\"accordion-2628715437\" class=\"accordion-item\">\n\t\t<a id=\"accordion-2628715437-label\" class=\"accordion-title plain\" href=\"#accordion-item-quality-assurance\" aria-expanded=\"false\" aria-controls=\"accordion-2628715437-content\">\n\t\t\t<button class=\"toggle\" aria-label=\"Basculer\"><i class=\"icon-angle-down\" aria-hidden=\"true\"><\/i><\/button>\n\t\t\t<span>Assurance qualit\u00e9<\/span>\n\t\t<\/a>\n\t\t<div id=\"accordion-2628715437-content\" class=\"accordion-inner\" aria-labelledby=\"accordion-2628715437-label\">\n\t\t\t\n\n<p>\u00c0 chaque \u00e9tape (d\u00e9veloppement du produit, production, commercialisation et distribution), notre engagement envers la qualit\u00e9 ne faiblit jamais. Nos vapes jetables sont soumises \u00e0 des tests rigoureux pour garantir qu&#039;elles sont non toxiques, pures et qu&#039;elles offrent une saveur exceptionnelle. Ce d\u00e9vouement \u00e0 l&#039;excellence constitue l&#039;\u00e9pine dorsale de notre culture d&#039;entreprise.<\/p>\n\n\t\t<\/div>\n\t<\/div>\n\t\n\t<div id=\"accordion-4208069964\" class=\"accordion-item\">\n\t\t<a id=\"accordion-4208069964-label\" class=\"accordion-title plain\" href=\"#accordion-item-efficient-logistics-and-delivery\" aria-expanded=\"false\" aria-controls=\"accordion-4208069964-content\">\n\t\t\t<button class=\"toggle\" aria-label=\"Basculer\"><i class=\"icon-angle-down\" aria-hidden=\"true\"><\/i><\/button>\n\t\t\t<span>Logistique et livraison efficaces<\/span>\n\t\t<\/a>\n\t\t<div id=\"accordion-4208069964-content\" class=\"accordion-inner\" aria-labelledby=\"accordion-4208069964-label\">\n\t\t\t\n\n<p>AiviouVape propose une logistique et une livraison efficaces, y compris des services DDP (Delivered Duty Paid), garantissant un d\u00e9douanement fluide sans frais ni taxes. Avec une livraison rapide et un service client exceptionnel, nous offrons une exp\u00e9rience fluide et fiable, ce qui fait de nous un partenaire de confiance dans l&#039;industrie.<\/p>\n\n\t\t<\/div>\n\t<\/div>\n\t\n\t<div id=\"accordion-2869893264\" class=\"accordion-item\">\n\t\t<a id=\"accordion-2869893264-label\" class=\"accordion-title plain\" href=\"#accordion-item-odm-and-oem-services\" aria-expanded=\"false\" aria-controls=\"accordion-2869893264-content\">\n\t\t\t<button class=\"toggle\" aria-label=\"Basculer\"><i class=\"icon-angle-down\" aria-hidden=\"true\"><\/i><\/button>\n\t\t\t<span>Services ODM et OEM<\/span>\n\t\t<\/a>\n\t\t<div id=\"accordion-2869893264-content\" class=\"accordion-inner\" aria-labelledby=\"accordion-2869893264-label\">\n\t\t\t\n\n<p>AiviouVapes propose des services ODM (Original Design Manufacturing) et OEM (Original Equipment Manufacturing) complets. Avec deux grandes installations, nous aidons les clients \u00e0 concevoir des produits uniques et des logos accrocheurs pour les emballages. Nous fournissons \u00e9galement des conseils gratuits en mati\u00e8re de conception d&#039;emballages et nous aidons les clients qui emballent leurs propres produits, garantissant ainsi que leur marque brille sur le march\u00e9.<\/p>\n\n\t\t<\/div>\n\t<\/div>\n\t\n\n<\/div>\n\n\t\t<\/div>\n\t\t\t\t\t<\/div>\n\n\t\n\n<\/div>","protected":false},"excerpt":{"rendered":"<p>Bang King Double Crystal 20000 Puffs Vape jetable offre jusqu'\u00e0 20 000 bouff\u00e9es avec un r\u00e9servoir d'e-liquide de 25 ml, une batterie rechargeable de 650 mAh et un flux d'air r\u00e9glable pour une exp\u00e9rience personnalisable. Choisissez parmi une vari\u00e9t\u00e9 d'ar\u00f4mes pour une vapeur douce et savoureuse dans un appareil convivial et durable.<\/p>","protected":false},"featured_media":4287,"comment_status":"open","ping_status":"closed","template":"","meta":[],"product_brand":[239],"product_cat":[37,129,90,78,117,81,76,134,135,133,136,137,146,138,139,140,141,142,143,144,145,79,132,82],"product_tag":[],"class_list":{"0":"post-4232","1":"product","2":"type-product","3":"status-publish","4":"has-post-thumbnail","6":"product_brand-bang","7":"product_cat-bang","8":"product_cat-20000-puffs-disposable-vape","9":"product_cat-big-puffs-vapes","10":"product_cat-crystal-vapes","11":"product_cat-different-puffs-of-diposable-vapes","12":"product_cat-digital-box-vapes","13":"product_cat-disposable-vape-types","14":"product_cat-disposable-vapes-in-austria","15":"product_cat-disposable-vapes-in-belgium","16":"product_cat-disposable-vapes-in-europe","17":"product_cat-disposable-vapes-in-france","18":"product_cat-disposable-vapes-in-germany","19":"product_cat-disposable-vapes-in-hungary","20":"product_cat-disposable-vapes-in-ltaly","21":"product_cat-disposable-vapes-in-netherlands","22":"product_cat-disposable-vapes-in-norway","23":"product_cat-disposable-vapes-in-poland","24":"product_cat-disposable-vapes-in-portugal","25":"product_cat-disposable-vapes-in-spain","26":"product_cat-disposable-vapes-in-sweden","27":"product_cat-disposable-vapes-in-switzerland","28":"product_cat-dual-mesh-vapes","29":"product_cat-rechargeable-vapes","30":"product_cat-smart-screen-vapes","32":"first","33":"instock","34":"shipping-taxable","35":"purchasable","36":"product-type-variable","37":"has-default-attributes"},"jetpack_sharing_enabled":true,"tiered_pricing_type":"fixed","tiered_pricing_fixed_rules":{"2000":4.62999999999999989341858963598497211933135986328125},"tiered_pricing_product_settings":{"layout":"default","base_unit_name":{"singular":null,"plural":null},"default_variation":null},"tiered_pricing_minimum_quantity":1000,"tiered_pricing_roles_data":[],"tiered_pricing_percentage_rules":[],"tiered_pricing_maximum_quantity":null,"tiered_pricing_quantity_step":"10","_links":{"self":[{"href":"https:\/\/aiviouvapes.com\/fr\/wp-json\/wp\/v2\/product\/4232","targetHints":{"allow":["GET"]}}],"collection":[{"href":"https:\/\/aiviouvapes.com\/fr\/wp-json\/wp\/v2\/product"}],"about":[{"href":"https:\/\/aiviouvapes.com\/fr\/wp-json\/wp\/v2\/types\/product"}],"replies":[{"embeddable":true,"href":"https:\/\/aiviouvapes.com\/fr\/wp-json\/wp\/v2\/comments?post=4232"}],"wp:featuredmedia":[{"embeddable":true,"href":"https:\/\/aiviouvapes.com\/fr\/wp-json\/wp\/v2\/media\/4287"}],"wp:attachment":[{"href":"https:\/\/aiviouvapes.com\/fr\/wp-json\/wp\/v2\/media?parent=4232"}],"wp:term":[{"taxonomy":"product_brand","embeddable":true,"href":"https:\/\/aiviouvapes.com\/fr\/wp-json\/wp\/v2\/product_brand?post=4232"},{"taxonomy":"product_cat","embeddable":true,"href":"https:\/\/aiviouvapes.com\/fr\/wp-json\/wp\/v2\/product_cat?post=4232"},{"taxonomy":"product_tag","embeddable":true,"href":"https:\/\/aiviouvapes.com\/fr\/wp-json\/wp\/v2\/product_tag?post=4232"}],"curies":[{"name":"wp","href":"https:\/\/api.w.org\/{rel}","templated":true}]}}