{"id":41846,"date":"2025-07-04T09:51:19","date_gmt":"2025-07-04T01:51:19","guid":{"rendered":"https:\/\/aiviouvapes.com\/?post_type=product&#038;p=41846"},"modified":"2026-03-24T11:26:56","modified_gmt":"2026-03-24T03:26:56","slug":"bang-blaze-60k-shisha","status":"publish","type":"product","link":"https:\/\/aiviouvapes.com\/fr\/product\/bang-blaze-60k-shisha\/","title":{"rendered":"Bang Blaze 60K Shisha 60000 Bouff\u00e9es | vaporisateur \u00e0 usage unique de longue dur\u00e9e"},"content":{"rendered":"<h3>Pourquoi choisir la chicha Bang Blaze 60K ?<\/h3>\n<ul>\n<li>\ud83d\ude80 Capacit\u00e9 massive de 60 000 bouff\u00e9es pour une utilisation prolong\u00e9e<\/li>\n<li>\ud83c\udf53 Des saveurs fra\u00eeches pour des combinaisons de go\u00fbts infinies<\/li>\n<li>\u26a1 Batterie rechargeable 1000mAh avec charge rapide Type-C<\/li>\n<li>\ud83d\udd0d \u00c9cran LED intelligent pour une surveillance facile des niveaux de batterie et de jus<\/li>\n<li>\ud83d\udc8e Corps cristallin pour un look \u00e9l\u00e9gant et haut de gamme<\/li>\n<li>\ud83c\udf2c\ufe0f Touches DTL (Direct-To-Lung) douces et satisfaisantes gr\u00e2ce \u00e0 une bobine de 0,6\u03a9.<\/li>\n<li>\ud83d\udce6 Emballage adapt\u00e9 au commerce de gros pour une distribution facile<\/li>\n<\/ul>\n<p>Les <strong>Bang Blaze 60K Shisha<\/strong> est con\u00e7u pour les gros utilisateurs, les chasseurs de saveurs et les entreprises de vape qui ont besoin d'une vape jetable puissante et polyvalente qui ne d\u00e9\u00e7oit jamais. Que vous fassiez des r\u00e9serves pour votre magasin ou que vous recherchiez un appareil peu encombrant avec des caract\u00e9ristiques incroyables, ce chef-d'\u0153uvre inspir\u00e9 de la shisha offre des performances constantes et une satisfaction gustative imbattable \u00e0 chaque fois.<\/p>\n<h2>\ud83d\udd25 Pr\u00e9sentation de la Shisha Bang Blaze 60K ! \ud83d\udd25<\/h2>\n<p>\ud83d\udca8 Pr\u00eat \u00e0 passer \u00e0 la vitesse sup\u00e9rieure en mati\u00e8re de shisha ? Rencontrez le <strong>Bang Blaze 60K Shisha<\/strong> - une vape jetable \u00e0 la pointe de la technologie offrant 60 000 bouff\u00e9es et une puissante batterie rechargeable de 1000mAh. Que vous soyez un amateur d'ar\u00f4mes ou un gros vapoteur, cette machine claire comme du cristal et dot\u00e9e d'un \u00e9cran LED garantit des ar\u00f4mes puissants et des nuages onctueux \u00e0 chaque fois. Parfait pour les revendeurs, les grossistes et tous ceux qui veulent profiter de la meilleure exp\u00e9rience de vapotage inspir\u00e9e de la shisha sur le march\u00e9 !<\/p>\n<h3>Sp\u00e9cifications<\/h3>\n<table>\n<tbody>\n<tr>\n<th>Capacit\u00e9 de bouff\u00e9e<\/th>\n<td>Jusqu'\u00e0 60 000 bouff\u00e9es<\/td>\n<\/tr>\n<tr>\n<th>Capacit\u00e9 en e-liquide<\/th>\n<td>40mL<\/td>\n<\/tr>\n<tr>\n<th>Batterie<\/th>\n<td>1000mAh, Type-C Rechargeable<\/td>\n<\/tr>\n<tr>\n<th>Type de bobine<\/th>\n<td>Bobine en maille de 0,6\u03a9<\/td>\n<\/tr>\n<tr>\n<th>Options de la nicotine<\/th>\n<td>0%, 2%, 3%, 5%<\/td>\n<\/tr>\n<tr>\n<th>Affichage<\/th>\n<td>\u00c9cran LED intelligent<\/td>\n<\/tr>\n<tr>\n<th>Conception<\/th>\n<td>Corps cristallin<\/td>\n<\/tr>\n<tr>\n<th>Emballage<\/th>\n<td>8pcs\/Pack<\/td>\n<\/tr>\n<\/tbody>\n<\/table>\n<h3>Liste des ar\u00f4mes<\/h3>\n<p>Menthe fra\u00eeche<br \/>\nDouble pomme<br \/>\nFraise Kiwi<br \/>\nMelon d'eau Fraise Melon<br \/>\nBaies m\u00e9lang\u00e9es<br \/>\nAle brune<br \/>\nMenthe cerise<br \/>\nP\u00eache Mangue Past\u00e8que<br \/>\nBleu Razz<br \/>\nFruit de la passion<\/p>","protected":false},"excerpt":{"rendered":"<p>Bang Blaze 60K Shisha vape jetable d\u00e9livre jusqu'\u00e0 60 000 bouff\u00e9es avec des saveurs doubles, une puissante batterie 1000mAh, et une bobine mesh de 0,6\u03a9 - parfait pour les gros fumeurs, les boutiques de vape et les grossistes.<\/p>","protected":false},"featured_media":41847,"comment_status":"open","ping_status":"closed","template":"","meta":[],"product_brand":[239],"product_cat":[37,320,137,146,138,141,143],"product_tag":[],"class_list":{"0":"post-41846","1":"product","2":"type-product","3":"status-publish","4":"has-post-thumbnail","6":"product_brand-bang","7":"product_cat-bang","8":"product_cat-best-disposable-vapes","9":"product_cat-disposable-vapes-in-germany","10":"product_cat-disposable-vapes-in-hungary","11":"product_cat-disposable-vapes-in-ltaly","12":"product_cat-disposable-vapes-in-poland","13":"product_cat-disposable-vapes-in-spain","15":"first","16":"instock","17":"shipping-taxable","18":"purchasable","19":"product-type-variable","20":"has-default-attributes"},"jetpack_sharing_enabled":true,"tiered_pricing_type":"fixed","tiered_pricing_fixed_rules":{"30":9.3300000000000000710542735760100185871124267578125,"50":7.519999999999999573674358543939888477325439453125,"100":6.87000000000000010658141036401502788066864013671875,"200":6.61000000000000031974423109204508364200592041015625,"400":6.089999999999999857891452847979962825775146484375},"tiered_pricing_product_settings":{"layout":"default","base_unit_name":{"singular":null,"plural":null},"default_variation":null},"tiered_pricing_minimum_quantity":10,"tiered_pricing_roles_data":[],"tiered_pricing_percentage_rules":[],"tiered_pricing_maximum_quantity":null,"tiered_pricing_quantity_step":"10","_links":{"self":[{"href":"https:\/\/aiviouvapes.com\/fr\/wp-json\/wp\/v2\/product\/41846","targetHints":{"allow":["GET"]}}],"collection":[{"href":"https:\/\/aiviouvapes.com\/fr\/wp-json\/wp\/v2\/product"}],"about":[{"href":"https:\/\/aiviouvapes.com\/fr\/wp-json\/wp\/v2\/types\/product"}],"replies":[{"embeddable":true,"href":"https:\/\/aiviouvapes.com\/fr\/wp-json\/wp\/v2\/comments?post=41846"}],"wp:featuredmedia":[{"embeddable":true,"href":"https:\/\/aiviouvapes.com\/fr\/wp-json\/wp\/v2\/media\/41847"}],"wp:attachment":[{"href":"https:\/\/aiviouvapes.com\/fr\/wp-json\/wp\/v2\/media?parent=41846"}],"wp:term":[{"taxonomy":"product_brand","embeddable":true,"href":"https:\/\/aiviouvapes.com\/fr\/wp-json\/wp\/v2\/product_brand?post=41846"},{"taxonomy":"product_cat","embeddable":true,"href":"https:\/\/aiviouvapes.com\/fr\/wp-json\/wp\/v2\/product_cat?post=41846"},{"taxonomy":"product_tag","embeddable":true,"href":"https:\/\/aiviouvapes.com\/fr\/wp-json\/wp\/v2\/product_tag?post=41846"}],"curies":[{"name":"wp","href":"https:\/\/api.w.org\/{rel}","templated":true}]}}