{"id":41615,"date":"2025-07-02T00:17:15","date_gmt":"2025-07-01T16:17:15","guid":{"rendered":"https:\/\/aiviouvapes.com\/?post_type=product&#038;p=41615"},"modified":"2026-04-15T09:06:42","modified_gmt":"2026-04-15T01:06:42","slug":"bang-king-triple-flavors-85000","status":"publish","type":"product","link":"https:\/\/aiviouvapes.com\/fr\/product\/bang-king-triple-flavors-85000\/","title":{"rendered":"Bang King 85K 3-en-1 85000 bouff\u00e9es | vape jetable en gros \u00e0 triple saveur"},"content":{"rendered":"<h2>\ud83c\udf89 <strong>Pourquoi acheter Bang King 85K ?<\/strong><\/h2>\n<p>Si vous recherchez un vapotage puissant et de longue dur\u00e9e avec une flexibilit\u00e9 de saveur ultime, le Bang King 85K est votre nouveau meilleur ami. Profitez de <strong>85 000 bouff\u00e9es<\/strong>, un \u00e9norme <strong>63mL<\/strong> de capacit\u00e9 totale d'e-liquide, et la libert\u00e9 de passer d'un ar\u00f4me \u00e0 l'autre. Que vous aimiez les m\u00e9langes fruit\u00e9s, glac\u00e9s ou inspir\u00e9s des sodas, cette vape \u00e0 triple bobine mesh d\u00e9livre des nuages doux et r\u00e9guliers \u00e0 chaque bouff\u00e9e. Parfait pour les acheteurs en gros, les d\u00e9taillants ou les gros vapoteurs \u00e0 la recherche de sessions fiables et satisfaisantes.<\/p>\n<h3>\ud83d\udd0d <strong>Sp\u00e9cifications<\/strong><\/h3>\n<ul>\n<li><strong>Intensit\u00e9 de la nicotine :<\/strong> 0% \/ 2% \/ 3% \/ 5%<\/li>\n<li><strong>Nombre de bouff\u00e9es :<\/strong> 85 000 bouff\u00e9es<\/li>\n<li><strong>Saveurs ajustables :<\/strong> 3 saveurs r\u00e9glables<\/li>\n<li><strong>Capacit\u00e9 d'e-liquide :<\/strong> 21mL \u00d7 3 (total 63mL)<\/li>\n<li><strong>Capacit\u00e9 de la batterie :<\/strong> Batterie rechargeable de 600 mAh<\/li>\n<li><strong>Type de bobine :<\/strong> Bobine \u00e0 triple maille (1.0\u03a9)<\/li>\n<li><strong>Affichage :<\/strong> \u00c9cran LED<\/li>\n<li><strong>Chargement :<\/strong> Type-C<\/li>\n<li><strong>Conditionnement:<\/strong> 10 pi\u00e8ces par paquet<\/li>\n<li><strong>Options d'ar\u00f4mes :<\/strong> 16 combinaisons de trois saveurs<\/li>\n<\/ul>\n<h3>\ud83c\udf08 <strong>Options de saveur<\/strong><\/h3>\n<p>D\u00e9couvrez ces combinaisons all\u00e9chantes qui satisferont tous les go\u00fbts :<\/p>\n<ul>\n<li>Past\u00e8que Ice &amp; Red Bull &amp; Fraise Kiwi<\/li>\n<li>Coca-cola fraise et vanille, glace dragon noir et glace p\u00eache<\/li>\n<li>Blueberry Ice &amp; Citron Citron vert &amp; Fraise Past\u00e8que<\/li>\n<li>Kiwi Fruit de la passion Goyave &amp; Lush Ice &amp; Fraise Mangue<\/li>\n<li>Banane fraise &amp; Limonade rose &amp; Past\u00e8que framboise<\/li>\n<li>Glace Blue Razz &amp; past\u00e8que \u00e0 la fraise &amp; glace \u00e0 la past\u00e8que<\/li>\n<li>P\u00eache Mangue &amp; Bleu Razz Cherry &amp; Cool Mint<\/li>\n<li>Berry Lemonade &amp; Strawberry Red Bull &amp; Strawberry Pomp<\/li>\n<li>Fruits tropicaux &amp; Citron P\u00eache &amp; Fraise Past\u00e8que<\/li>\n<li>Double pomme et ananas Ice &amp; Fruity Fusion<\/li>\n<li>Ananas noix de coco &amp; Blue Razz &amp; Fraise banane<\/li>\n<li>Cola Ice &amp; Cherry Cola &amp; Mr Blue<\/li>\n<li>Past\u00e8que \u00e0 la fraise &amp; Triple melon &amp; glace \u00e0 la fraise<\/li>\n<li>Donut \u00e0 la fraise &amp; Love 66 &amp; Banana Ice<\/li>\n<li>Baies m\u00e9lang\u00e9es &amp; Mangue P\u00eache &amp; Grape Ice<\/li>\n<li>Ice Tea Lemon Ice &amp; Lychee Ice &amp; Mango On Ice<\/li>\n<\/ul>","protected":false},"excerpt":{"rendered":"<p>Pr\u00e9parez-vous \u00e0 tripler la puissance des ar\u00f4mes ! Le nouveau Bang King 85K offre 85 000 bouff\u00e9es, 3 saveurs r\u00e9glables et une capacit\u00e9 \u00e9norme dans une vape jetable rechargeable et audacieuse.<\/p>","protected":false},"featured_media":41617,"comment_status":"open","ping_status":"closed","template":"","meta":[],"product_brand":[239],"product_cat":[37,336,242,320,90],"product_tag":[384,382,381,383,385],"class_list":{"0":"post-41615","1":"product","2":"type-product","3":"status-publish","4":"has-post-thumbnail","6":"product_brand-bang","7":"product_cat-bang","8":"product_cat-100k-puffs-disposable-vape","9":"product_cat-60000-puffs-disposable-vape","10":"product_cat-best-disposable-vapes","11":"product_cat-big-puffs-vapes","12":"product_tag-3-in-1-adjustable-flavor-vape","13":"product_tag-85000-puffs-triple-flavor-vape","14":"product_tag-bang-king-85k-disposable-vape","15":"product_tag-bulk-rechargeable-vape-device","16":"product_tag-long-lasting-mesh-coil-vape","18":"first","19":"instock","20":"shipping-taxable","21":"purchasable","22":"product-type-variable","23":"has-default-attributes"},"jetpack_sharing_enabled":true,"tiered_pricing_type":"fixed","tiered_pricing_fixed_rules":{"2000":5.37000000000000010658141036401502788066864013671875},"tiered_pricing_product_settings":{"layout":"default","base_unit_name":{"singular":null,"plural":null},"default_variation":null},"tiered_pricing_minimum_quantity":1000,"tiered_pricing_roles_data":[],"tiered_pricing_percentage_rules":[],"tiered_pricing_maximum_quantity":null,"tiered_pricing_quantity_step":"10","_links":{"self":[{"href":"https:\/\/aiviouvapes.com\/fr\/wp-json\/wp\/v2\/product\/41615","targetHints":{"allow":["GET"]}}],"collection":[{"href":"https:\/\/aiviouvapes.com\/fr\/wp-json\/wp\/v2\/product"}],"about":[{"href":"https:\/\/aiviouvapes.com\/fr\/wp-json\/wp\/v2\/types\/product"}],"replies":[{"embeddable":true,"href":"https:\/\/aiviouvapes.com\/fr\/wp-json\/wp\/v2\/comments?post=41615"}],"wp:featuredmedia":[{"embeddable":true,"href":"https:\/\/aiviouvapes.com\/fr\/wp-json\/wp\/v2\/media\/41617"}],"wp:attachment":[{"href":"https:\/\/aiviouvapes.com\/fr\/wp-json\/wp\/v2\/media?parent=41615"}],"wp:term":[{"taxonomy":"product_brand","embeddable":true,"href":"https:\/\/aiviouvapes.com\/fr\/wp-json\/wp\/v2\/product_brand?post=41615"},{"taxonomy":"product_cat","embeddable":true,"href":"https:\/\/aiviouvapes.com\/fr\/wp-json\/wp\/v2\/product_cat?post=41615"},{"taxonomy":"product_tag","embeddable":true,"href":"https:\/\/aiviouvapes.com\/fr\/wp-json\/wp\/v2\/product_tag?post=41615"}],"curies":[{"name":"wp","href":"https:\/\/api.w.org\/{rel}","templated":true}]}}