{"id":40311,"date":"2025-06-26T10:24:16","date_gmt":"2025-06-26T02:24:16","guid":{"rendered":"https:\/\/aiviouvapes.com\/?post_type=product&#038;p=40311"},"modified":"2026-04-08T09:49:20","modified_gmt":"2026-04-08T01:49:20","slug":"vozol-gear-shisha-25000","status":"publish","type":"product","link":"https:\/\/aiviouvapes.com\/fr\/product\/vozol-gear-shisha-25000\/","title":{"rendered":"Vozol GEAR SHISHA 25000 | 25k dual mode 25000 bouff\u00e9es, smart screen bulk disposable vape"},"content":{"rendered":"<p><img data-recalc-dims=\"1\" loading=\"lazy\" decoding=\"async\" class=\"alignnone\" src=\"https:\/\/i0.wp.com\/sleekvape.com\/cdn-cgi\/image\/width%3D1015%2Cheight%3D599%2Cfit%3Dcrop%2Cquality%3D90%2Cgravity%3Dauto%2Csharpen%3D1%2Cmetadata%3Dnone%2Cformat%3Dauto%2Conerror%3Dredirect\/wp-content\/uploads\/2025\/04\/vozol-%E6%98%AF%E5%95%A5.png?resize=1020%2C602&#038;ssl=1\" alt=\"Image promotionnelle du VozoL Pod System, mettant en avant des caract\u00e9ristiques telles que le premier DTL audio-interactif jetable au monde, une batterie robuste de 1000 mAh, une puce intelligente de Si.L.C Tech, un double coil mesh, un airflow r\u00e9glable, un \u00e9cran couleur, et des modes \u00e9co et power pour 25000 et 18000 bouff\u00e9es respectivement.\" width=\"1020\" height=\"602\" title=\"\"><\/p>\n<h2>\ud83d\ude80 Vozol GEAR SHISHA 25000 - Intelligent, puissant et plein de saveur<\/h2>\n<p>\ud83d\udd25 Introducing the <strong>Vozol GEAR SHISHA 25000<\/strong> - le nec plus ultra de la vape jetable, con\u00e7u pour les fumeurs s\u00e9rieux et les d\u00e9taillants avis\u00e9s. Avec <strong>deux modes<\/strong> (ECO &amp; Power), un <strong>\u00c9cran couleur de 2,1 pouces<\/strong>et une puce intelligente \u00e0 commande vocale, cette vape ne se contente pas d'\u00eatre performante, elle parle votre langue. Que vous soyez \u00e0 la recherche de nuages ou que vous savouriez des saveurs, ce concentr\u00e9 de puissance est toujours \u00e0 la hauteur. \ud83d\udca8<\/p>\n<h3>Sp\u00e9cifications<\/h3>\n<table>\n<tbody>\n<tr>\n<th>Nom du produit<\/th>\n<td>Vozol GEAR SHISHA 25000<\/td>\n<\/tr>\n<tr>\n<th>Capacit\u00e9 de bouff\u00e9e<\/th>\n<td>25 000 (mode ECO) \/ 18 000 (mode Power)<\/td>\n<\/tr>\n<tr>\n<th>Capacit\u00e9 en e-liquide<\/th>\n<td>25mL<\/td>\n<\/tr>\n<tr>\n<th>Batterie<\/th>\n<td>1000mAh (rechargeable, Type-C)<\/td>\n<\/tr>\n<tr>\n<th>Type de bobine<\/th>\n<td>Bobine \u00e0 double maille<\/td>\n<\/tr>\n<tr>\n<th>Options de la nicotine<\/th>\n<td>5%<\/td>\n<\/tr>\n<tr>\n<th>Affichage<\/th>\n<td>\u00c9cran couleur intelligent de 2,1 pouces<\/td>\n<\/tr>\n<tr>\n<th>Conception<\/th>\n<td>R\u00e9sistant aux fuites, audio-interactif, d\u00e9bit d'air r\u00e9glable<\/td>\n<\/tr>\n<\/tbody>\n<\/table>\n<h3>Combinaisons de saveurs<\/h3>\n<table>\n<tbody>\n<tr>\n<th>Chambre A<\/th>\n<th>Chambre B<\/th>\n<\/tr>\n<tr>\n<td>Deux pommes<\/td>\n<td>Glace \u00e0 la past\u00e8que<\/td>\n<\/tr>\n<tr>\n<td>Cong\u00e9lation \u00e0 la mangue<\/td>\n<td>Mangue P\u00eache<\/td>\n<\/tr>\n<tr>\n<td>Glace aux myrtilles<\/td>\n<td>Parfum Citron<\/td>\n<\/tr>\n<tr>\n<td>Glace Blue Razz<\/td>\n<td>Glace de raisin<\/td>\n<\/tr>\n<tr>\n<td>Fraise Kiwi<\/td>\n<td>Past\u00e8que \u00e0 la myrtille<\/td>\n<\/tr>\n<tr>\n<td>Cola \u00e0 la cerise<\/td>\n<td>Mojito bleu<\/td>\n<\/tr>\n<tr>\n<td>Love 777<\/td>\n<td>Soir\u00e9es \u00e0 Moscou<\/td>\n<\/tr>\n<tr>\n<td>Maiden Killer<\/td>\n<td>Glace \u00e0 la cerise<\/td>\n<\/tr>\n<tr>\n<td>Glace \u00e0 la p\u00eache<\/td>\n<td>Fruit de la passion sucr\u00e9<\/td>\n<\/tr>\n<tr>\n<td>Fraise kiwi congel\u00e9e<\/td>\n<td>Fruit de la passion Lychee Orange<\/td>\n<\/tr>\n<tr>\n<td colspan=\"2\">Fruit du dragon Banane Cerise<\/td>\n<\/tr>\n<\/tbody>\n<\/table>\n<h3>Pourquoi choisir Vozol GEAR SHISHA 25000 ?<\/h3>\n<ul>\n<li>\ud83d\udd25 Jusqu'\u00e0 25 000 bouff\u00e9es en mode ECO pour une utilisation prolong\u00e9e<\/li>\n<li>\ud83d\udca8 Mode puissance avec vapeur intense pour les chasseurs de nuages<\/li>\n<li>\ud83c\udfaf La bobine \u00e0 double maille assure une diffusion riche et homog\u00e8ne de la saveur.<\/li>\n<li>Batterie de 1000mAh avec charge rapide Type-C<\/li>\n<li>\ud83d\udcfa 2.1\u2033 l'\u00e9cran intelligent affiche le nombre de bouff\u00e9es, le mode et la batterie<\/li>\n<li>\ud83c\udfa7 La puce audio-interactive fournit un retour d'information vocal en temps r\u00e9el<\/li>\n<li>\ud83c\udf2c\ufe0f D\u00e9bit d'air r\u00e9glable et dynamique des fluides pour un tirage en douceur<\/li>\n<li>\ud83d\udeab Structure \u00e9tanche pour un vapotage propre et sans d\u00e9g\u00e2ts<\/li>\n<li>\ud83c\udfa8 Plus de 21 saveurs audacieuses pour satisfaire tous les go\u00fbts<\/li>\n<\/ul>\n<p>Que vous soyez un passionn\u00e9 d'ar\u00f4mes, un acheteur en gros ou un g\u00e9rant d'un magasin de vape qui exige des produits exceptionnels, la <strong>Vozol GEAR SHISHA 25000<\/strong> offre style, technologie et performance dans un appareil compact et puissant. Construit pour les utilisateurs de gros volumes et con\u00e7u pour impressionner dans les environnements de vente en gros et au d\u00e9tail. \ud83d\udd04\ud83d\udcbc<\/p>","protected":false},"excerpt":{"rendered":"<p>Achetez le Vozol GEAR SHISHA 25000 - une vape jetable de haute performance avec 25 000 bouff\u00e9es, des bobines \u00e0 double maille, un \u00e9cran intelligent et 21 options d'ar\u00f4mes. Parfait pour les gros utilisateurs et les acheteurs en gros.<\/p>","protected":false},"featured_media":39968,"comment_status":"open","ping_status":"closed","template":"","meta":[],"product_brand":[250],"product_cat":[249],"product_tag":[],"class_list":{"0":"post-40311","1":"product","2":"type-product","3":"status-publish","4":"has-post-thumbnail","6":"product_brand-vozol","7":"product_cat-vozol","9":"first","10":"instock","11":"shipping-taxable","12":"purchasable","13":"product-type-variable","14":"has-default-attributes"},"jetpack_sharing_enabled":true,"tiered_pricing_type":"fixed","tiered_pricing_fixed_rules":{"2000":6.71999999999999975131004248396493494510650634765625},"tiered_pricing_product_settings":{"layout":"default","base_unit_name":{"singular":null,"plural":null},"default_variation":null},"tiered_pricing_minimum_quantity":1000,"tiered_pricing_roles_data":[],"tiered_pricing_percentage_rules":[],"tiered_pricing_maximum_quantity":null,"tiered_pricing_quantity_step":"100","_links":{"self":[{"href":"https:\/\/aiviouvapes.com\/fr\/wp-json\/wp\/v2\/product\/40311","targetHints":{"allow":["GET"]}}],"collection":[{"href":"https:\/\/aiviouvapes.com\/fr\/wp-json\/wp\/v2\/product"}],"about":[{"href":"https:\/\/aiviouvapes.com\/fr\/wp-json\/wp\/v2\/types\/product"}],"replies":[{"embeddable":true,"href":"https:\/\/aiviouvapes.com\/fr\/wp-json\/wp\/v2\/comments?post=40311"}],"wp:featuredmedia":[{"embeddable":true,"href":"https:\/\/aiviouvapes.com\/fr\/wp-json\/wp\/v2\/media\/39968"}],"wp:attachment":[{"href":"https:\/\/aiviouvapes.com\/fr\/wp-json\/wp\/v2\/media?parent=40311"}],"wp:term":[{"taxonomy":"product_brand","embeddable":true,"href":"https:\/\/aiviouvapes.com\/fr\/wp-json\/wp\/v2\/product_brand?post=40311"},{"taxonomy":"product_cat","embeddable":true,"href":"https:\/\/aiviouvapes.com\/fr\/wp-json\/wp\/v2\/product_cat?post=40311"},{"taxonomy":"product_tag","embeddable":true,"href":"https:\/\/aiviouvapes.com\/fr\/wp-json\/wp\/v2\/product_tag?post=40311"}],"curies":[{"name":"wp","href":"https:\/\/api.w.org\/{rel}","templated":true}]}}