{"id":39912,"date":"2025-06-24T16:09:54","date_gmt":"2025-06-24T08:09:54","guid":{"rendered":"https:\/\/aiviouvapes.com\/?post_type=product&#038;p=39912"},"modified":"2026-03-24T11:26:14","modified_gmt":"2026-03-24T03:26:14","slug":"uwin-crystal-twins-40k","status":"publish","type":"product","link":"https:\/\/aiviouvapes.com\/fr\/product\/uwin-crystal-twins-40k\/","title":{"rendered":"Uwin Crystal Twins 40K | dual flavor 40000 bouff\u00e9es, mesh coil bulk disposable vape"},"content":{"rendered":"<p><img data-recalc-dims=\"1\" loading=\"lazy\" decoding=\"async\" class=\"aligncenter wp-image-40419 size-full\" src=\"https:\/\/i0.wp.com\/aiviouvapes.com\/wp-content\/uploads\/2025\/06\/%E6%B5%B7%E6%8A%A5%E6%A8%AA%E5%B9%85.jpg?resize=1020%2C510&#038;ssl=1\" alt=\",\" width=\"1020\" height=\"510\" title=\"\" srcset=\"https:\/\/i0.wp.com\/aiviouvapes.com\/wp-content\/uploads\/2025\/06\/%E6%B5%B7%E6%8A%A5%E6%A8%AA%E5%B9%85.jpg?w=1920&amp;ssl=1 1920w, https:\/\/i0.wp.com\/aiviouvapes.com\/wp-content\/uploads\/2025\/06\/%E6%B5%B7%E6%8A%A5%E6%A8%AA%E5%B9%85.jpg?resize=300%2C150&amp;ssl=1 300w, https:\/\/i0.wp.com\/aiviouvapes.com\/wp-content\/uploads\/2025\/06\/%E6%B5%B7%E6%8A%A5%E6%A8%AA%E5%B9%85.jpg?resize=1024%2C512&amp;ssl=1 1024w, https:\/\/i0.wp.com\/aiviouvapes.com\/wp-content\/uploads\/2025\/06\/%E6%B5%B7%E6%8A%A5%E6%A8%AA%E5%B9%85.jpg?resize=768%2C384&amp;ssl=1 768w, https:\/\/i0.wp.com\/aiviouvapes.com\/wp-content\/uploads\/2025\/06\/%E6%B5%B7%E6%8A%A5%E6%A8%AA%E5%B9%85.jpg?resize=1536%2C768&amp;ssl=1 1536w, https:\/\/i0.wp.com\/aiviouvapes.com\/wp-content\/uploads\/2025\/06\/%E6%B5%B7%E6%8A%A5%E6%A8%AA%E5%B9%85.jpg?resize=18%2C9&amp;ssl=1 18w, https:\/\/i0.wp.com\/aiviouvapes.com\/wp-content\/uploads\/2025\/06\/%E6%B5%B7%E6%8A%A5%E6%A8%AA%E5%B9%85.jpg?resize=1320%2C660&amp;ssl=1 1320w, https:\/\/i0.wp.com\/aiviouvapes.com\/wp-content\/uploads\/2025\/06\/%E6%B5%B7%E6%8A%A5%E6%A8%AA%E5%B9%85.jpg?resize=800%2C400&amp;ssl=1 800w\" sizes=\"auto, (max-width: 1020px) 100vw, 1020px\" \/><\/p>\n<h2>\ud83d\udd25 Uwin Crystal Twins 40k - Dual Flavor, Massive Puffs<\/h2>\n<p>Les <strong>Jumeaux de cristal d'Uwin 40k<\/strong> fait passer le vapotage jetable au niveau sup\u00e9rieur gr\u00e2ce \u00e0 son design \u00e9l\u00e9gant et cristallin, \u00e0 sa configuration \u00e0 double ar\u00f4me et \u00e0 sa technologie avanc\u00e9e. Que vous soyez un chasseur de nuages ou un amateur d'ar\u00f4mes, cette vape d\u00e9livre jusqu'\u00e0 <strong>40 000 bouff\u00e9es<\/strong>, un <strong>\u00e9cran intelligent<\/strong>et personnalisable <strong>taux de nicotine<\/strong> allant de <strong>0% \u00e0 5%<\/strong>Il est donc parfait pour tous les utilisateurs.<\/p>\n<p>Pas besoin de compromis<strong>deux saveurs \u00e9tonnantes dans un seul appareil<\/strong>, associ\u00e9 \u00e0 un <strong>bobine en maille pour des coups riches et doux<\/strong> \u00e0 chaque fois.<\/p>\n<h3>\ud83d\udd27 <strong>Sp\u00e9cifications<\/strong><\/h3>\n<table>\n<thead>\n<tr>\n<th>Fonctionnalit\u00e9<\/th>\n<th>D\u00e9tails<\/th>\n<\/tr>\n<\/thead>\n<tbody>\n<tr>\n<td><strong>Capacit\u00e9 de bouff\u00e9e<\/strong><\/td>\n<td>Jusqu'\u00e0 40 000 bouff\u00e9es<\/td>\n<\/tr>\n<tr>\n<td><strong>Capacit\u00e9 en e-liquide<\/strong><\/td>\n<td>32mL<\/td>\n<\/tr>\n<tr>\n<td><strong>Intensit\u00e9 de la nicotine<\/strong><\/td>\n<td>0%, 2%, 3%, 5%<\/td>\n<\/tr>\n<tr>\n<td><strong>Batterie<\/strong><\/td>\n<td>850mAh, Type-C rechargeable<\/td>\n<\/tr>\n<tr>\n<td><strong>Type de bobine<\/strong><\/td>\n<td>Bobine avanc\u00e9e 0.6\u03a9 Mesh Coil<\/td>\n<\/tr>\n<tr>\n<td><strong>Affichage<\/strong><\/td>\n<td>\u00c9cran intelligent (batterie et e-liquide)<\/td>\n<\/tr>\n<tr>\n<td><strong>Conception<\/strong><\/td>\n<td>Corps \u00e9l\u00e9gant en cristal transparent<\/td>\n<\/tr>\n<\/tbody>\n<\/table>\n<h3>\ud83c\udf08 <strong>Combinaisons d'ar\u00f4mes - Vari\u00e9t\u00e9 \u00e0 deux chambres<\/strong><\/h3>\n<table>\n<thead>\n<tr>\n<th>Chambre A<\/th>\n<th>Chambre B<\/th>\n<\/tr>\n<\/thead>\n<tbody>\n<tr>\n<td>Myrtille sur glace<\/td>\n<td>Glace \u00e0 la p\u00eache d'\u00e9t\u00e9<\/td>\n<\/tr>\n<tr>\n<td>Kiwi Fruit de la passion Goyave<\/td>\n<td>Myrtille Framboise<\/td>\n<\/tr>\n<tr>\n<td>Fraise Kiwi<\/td>\n<td>Glace de raisin<\/td>\n<\/tr>\n<tr>\n<td>Kiwi Fruit de la passion Goyave<\/td>\n<td>Deux pommes<\/td>\n<\/tr>\n<tr>\n<td>Past\u00e8que \u00e0 la fraise<\/td>\n<td>Citron vert<\/td>\n<\/tr>\n<tr>\n<td>Myrtille Framboise<\/td>\n<td>Glace \u00e0 la cerise<\/td>\n<\/tr>\n<tr>\n<td>Fraise Framboise Cerise<\/td>\n<td>Mr Blue<\/td>\n<\/tr>\n<tr>\n<td>P\u00eache Mangue Ananas<\/td>\n<td>Red Bull<\/td>\n<\/tr>\n<tr>\n<td>Glace \u00e0 la past\u00e8que<\/td>\n<td>Baies m\u00e9lang\u00e9es<\/td>\n<\/tr>\n<tr>\n<td>Fraise et banane<\/td>\n<td>Love 66<\/td>\n<\/tr>\n<tr>\n<td>Fruit du dragon Banane Cerise<\/td>\n<td>Limonade rose<\/td>\n<\/tr>\n<tr>\n<td>P\u00eache Mangue<\/td>\n<td>Cola \u00e0 la cerise<\/td>\n<\/tr>\n<tr>\n<td>Glace \u00e0 la fraise<\/td>\n<td>Mangue sur glace<\/td>\n<\/tr>\n<tr>\n<td>Glace Blue Razz<\/td>\n<td>Glace au fruit du dragon<\/td>\n<\/tr>\n<tr>\n<td>Red Bull \u00e0 la fraise<\/td>\n<td>Glace \u00e0 la cerise<\/td>\n<\/tr>\n<\/tbody>\n<\/table>\n<h3>\ud83d\udca1 Pourquoi choisir Uwin Crystal Twins 40k ?<\/h3>\n<ul>\n<li><strong>Dosettes \u00e0 double ar\u00f4me<\/strong> vous permettent de changer de saveur sans effort.<\/li>\n<li><strong>Option z\u00e9ro-nique<\/strong> disponible pour un plaisir sans nicotine.<\/li>\n<li><strong>Chargement rapide de type C<\/strong> signifie moins de temps d'arr\u00eat, plus de vapotage.<\/li>\n<li><strong>Technologie des bobines de maille<\/strong> offre une saveur et une vapeur nettes et constantes.<\/li>\n<li><strong>\u00c9cran intelligent<\/strong> vous tient inform\u00e9 - plus d'approximations.<\/li>\n<li><strong>Conception cristalline<\/strong> donne \u00e0 votre vape un aspect premium et moderne.<\/li>\n<\/ul>\n<p>Parfait pour les gros utilisateurs, les explorateurs de saveurs et les propri\u00e9taires de boutiques de vape, l'Uwin Crystal Twins 40k est votre nouvelle centrale jetable tout-en-un, id\u00e9ale pour les commandes de vape en vrac et la distribution en gros.<\/p>","protected":false},"excerpt":{"rendered":"<p data-start=\"212\" data-end=\"391\">La vape Uwin Crystal Twins 40000 puffs offre des saveurs doubles, des options de nicotine 0-5%, 32mL d'e-liquide, une batterie rechargeable de 850mAh, un mesh coil, et un affichage intelligent dans un design cristallin \u00e9l\u00e9gant.<\/p>","protected":false},"featured_media":39913,"comment_status":"open","ping_status":"closed","template":"","meta":[],"product_brand":[247],"product_cat":[224],"product_tag":[],"class_list":{"0":"post-39912","1":"product","2":"type-product","3":"status-publish","4":"has-post-thumbnail","6":"product_brand-uwin","7":"product_cat-uwin","9":"first","10":"instock","11":"shipping-taxable","12":"purchasable","13":"product-type-variable","14":"has-default-attributes"},"jetpack_sharing_enabled":true,"tiered_pricing_type":"fixed","tiered_pricing_fixed_rules":{"30":7.96999999999999975131004248396493494510650634765625,"50":6.519999999999999573674358543939888477325439453125,"100":6.2599999999999997868371792719699442386627197265625,"200":5.87000000000000010658141036401502788066864013671875,"400":5.29000000000000003552713678800500929355621337890625},"tiered_pricing_product_settings":{"layout":"default","base_unit_name":{"singular":null,"plural":null},"default_variation":null},"tiered_pricing_minimum_quantity":10,"tiered_pricing_roles_data":[],"tiered_pricing_percentage_rules":[],"tiered_pricing_maximum_quantity":null,"tiered_pricing_quantity_step":"10","_links":{"self":[{"href":"https:\/\/aiviouvapes.com\/fr\/wp-json\/wp\/v2\/product\/39912","targetHints":{"allow":["GET"]}}],"collection":[{"href":"https:\/\/aiviouvapes.com\/fr\/wp-json\/wp\/v2\/product"}],"about":[{"href":"https:\/\/aiviouvapes.com\/fr\/wp-json\/wp\/v2\/types\/product"}],"replies":[{"embeddable":true,"href":"https:\/\/aiviouvapes.com\/fr\/wp-json\/wp\/v2\/comments?post=39912"}],"wp:featuredmedia":[{"embeddable":true,"href":"https:\/\/aiviouvapes.com\/fr\/wp-json\/wp\/v2\/media\/39913"}],"wp:attachment":[{"href":"https:\/\/aiviouvapes.com\/fr\/wp-json\/wp\/v2\/media?parent=39912"}],"wp:term":[{"taxonomy":"product_brand","embeddable":true,"href":"https:\/\/aiviouvapes.com\/fr\/wp-json\/wp\/v2\/product_brand?post=39912"},{"taxonomy":"product_cat","embeddable":true,"href":"https:\/\/aiviouvapes.com\/fr\/wp-json\/wp\/v2\/product_cat?post=39912"},{"taxonomy":"product_tag","embeddable":true,"href":"https:\/\/aiviouvapes.com\/fr\/wp-json\/wp\/v2\/product_tag?post=39912"}],"curies":[{"name":"wp","href":"https:\/\/api.w.org\/{rel}","templated":true}]}}