{"id":37374,"date":"2025-06-12T22:50:24","date_gmt":"2025-06-12T14:50:24","guid":{"rendered":"https:\/\/aiviouvapes.com\/?post_type=product&#038;p=37374"},"modified":"2026-03-17T10:36:08","modified_gmt":"2026-03-17T02:36:08","slug":"bang-blaze-40k","status":"publish","type":"product","link":"https:\/\/aiviouvapes.com\/fr\/product\/bang-blaze-40k\/","title":{"rendered":"Bang Blaze 40K 40000 Puffs | dual flavor, 40mL, 32 flavors, rechargeable bulk disposable vape"},"content":{"rendered":"<p><!-- SEO Meta Description (First 30 Words) --><\/p>\n<p><!-- Product Title --><\/p>\n<h2>Bang Blaze 40K Vape jetable - Double go\u00fbt, 40 000 bouff\u00e9es, 32 options de go\u00fbt<\/h2>\n<p><!-- Key Features Section --><\/p>\n<h2>\ud83d\udd11 Caract\u00e9ristiques principales de Bang Blaze 40K Vape jetable<\/h2>\n<ul>\n<li><strong>Capacit\u00e9 de bouff\u00e9e massive :<\/strong> Jusqu'\u00e0 40 000 bouff\u00e9es - parfait pour des semaines de vapotage ininterrompu.<\/li>\n<li><strong>Interrupteur \u00e0 double saveur :<\/strong> La fonction \"Slide-to-switch\" vous permet de passer instantan\u00e9ment d'un parfum \u00e0 l'autre.<\/li>\n<li><strong>Capacit\u00e9 g\u00e9n\u00e9reuse en E-Liquide :<\/strong> Pr\u00e9-rempli de 40 ml d'e-liquide de haute qualit\u00e9 pour un plaisir durable.<\/li>\n<li><strong>Plusieurs forces de nicotine :<\/strong> Choisissez entre 0%, 2%, 3% ou 5% nicotine selon vos pr\u00e9f\u00e9rences.<\/li>\n<li><strong>Batterie rechargeable :<\/strong> Aliment\u00e9 par une batterie fiable de 650mAh pour de longues sessions.<\/li>\n<li><strong>Bobine double (1,2\u03a9) :<\/strong> Produit une vapeur douce et une saveur riche et homog\u00e8ne \u00e0 chaque fois.<\/li>\n<li><strong>Chargement rapide en USB-C :<\/strong> Le port Type-C assure une recharge rapide et efficace.<\/li>\n<\/ul>\n<p><!-- Why Choose Section --><\/p>\n<h2>\ud83d\udca1 Pourquoi choisir la Bang Blaze 40K Vape ?<\/h2>\n<ul>\n<li><strong>\u2705 Une long\u00e9vit\u00e9 in\u00e9gal\u00e9e :<\/strong> La dur\u00e9e de vie de 40 000 bouff\u00e9es et le r\u00e9servoir de 40 ml signifient moins de remplacements, plus de satisfaction.<\/li>\n<li><strong>\u2705 Double go\u00fbt pratique :<\/strong> Ne vous contentez pas d'un seul go\u00fbt - changez instantan\u00e9ment de saveur gr\u00e2ce au m\u00e9canisme \u00e0 glissi\u00e8re.<\/li>\n<li><strong>\u2705 Une exp\u00e9rience de la nicotine sur mesure :<\/strong> De z\u00e9ro \u00e0 fort - s\u00e9lectionnez votre force parmi 0%, 2%, 3% ou 5%.<\/li>\n<li><strong>\u2705 Qualit\u00e9 de vapeur soyeuse :<\/strong> Le double serpentin \u00e0 mailles assure des tirages doux et savoureux \u00e0 chaque fois.<\/li>\n<li><strong>\u2705 Compact et rechargeable :<\/strong> Emportez-le partout - charge rapide Type-C et design de poche.<\/li>\n<\/ul>\n<p>Que vous soyez un chasseur d'ar\u00f4mes, un chasseur de nuages ou un acheteur en gros, la Bang Blaze 40K Vape jetable offre des performances de premier ordre, une commodit\u00e9 imbattable et un voyage de vapotage vraiment savoureux.<\/p>\n<p><!-- Flavor List Section --><\/p>\n<h2>\ud83c\udf53 Liste des ar\u00f4mes - Explorez 32 combinaisons uniques d'ar\u00f4mes doubles<\/h2>\n<ul>\n<li data-start=\"71\" data-end=\"108\">\n<p data-start=\"74\" data-end=\"108\">Melon d'eau\/Melon d'eau \u00e0 la fraise<\/p>\n<\/li>\n<li data-start=\"109\" data-end=\"147\">\n<p data-start=\"112\" data-end=\"147\">Glace aux myrtilles \/ Framboise aux myrtilles<\/p>\n<\/li>\n<li data-start=\"148\" data-end=\"179\">\n<p data-start=\"151\" data-end=\"179\">Mangue glac\u00e9e\/mangue fraise<\/p>\n<\/li>\n<li data-start=\"180\" data-end=\"216\">\n<p data-start=\"183\" data-end=\"216\">Melon d'eau\/Melon d'eau Bubblegum<\/p>\n<\/li>\n<li data-start=\"217\" data-end=\"253\">\n<p data-start=\"220\" data-end=\"253\">Ananas Ice\/Ananas Coconut<\/p>\n<\/li>\n<li data-start=\"254\" data-end=\"283\">\n<p data-start=\"257\" data-end=\"283\">Fruits m\u00e9lang\u00e9s\/triple baies<\/p>\n<\/li>\n<li data-start=\"284\" data-end=\"310\">\n<p data-start=\"287\" data-end=\"310\">P\u00eache glac\u00e9e\/Mangue de p\u00eache<\/p>\n<\/li>\n<li data-start=\"311\" data-end=\"334\">\n<p data-start=\"314\" data-end=\"334\">Cerise\/Coca cerise<\/p>\n<\/li>\n<li data-start=\"335\" data-end=\"361\">\n<p data-start=\"338\" data-end=\"361\">Raisin\/Myrtille Raisin<\/p>\n<\/li>\n<li data-start=\"362\" data-end=\"387\">\n<p data-start=\"366\" data-end=\"387\">Menthe\/bleue menthe<\/p>\n<\/li>\n<li data-start=\"388\" data-end=\"419\">\n<p data-start=\"392\" data-end=\"419\">Dragon noir Glace\/Taureau rouge<\/p>\n<\/li>\n<li data-start=\"420\" data-end=\"456\">\n<p data-start=\"424\" data-end=\"456\">Fraise glac\u00e9e\/fraise kiwi<\/p>\n<\/li>\n<li data-start=\"457\" data-end=\"496\">\n<p data-start=\"461\" data-end=\"496\">Fruits tropicaux\/triple past\u00e8que<\/p>\n<\/li>\n<li data-start=\"497\" data-end=\"534\">\n<p data-start=\"501\" data-end=\"534\">Mangue acide Ananas\/citron vert citron<\/p>\n<\/li>\n<li data-start=\"535\" data-end=\"562\">\n<p data-start=\"539\" data-end=\"562\">Heure d'\u00e9t\u00e9\/Glace \u00e0 la pomme<\/p>\n<\/li>\n<li data-start=\"563\" data-end=\"598\">\n<p data-start=\"567\" data-end=\"598\">Bonbons arc-en-ciel\/Cong\u00e9lation arctique<\/p>\n<\/li>\n<li data-start=\"599\" data-end=\"635\">\n<p data-start=\"603\" data-end=\"635\">Framboise Past\u00e8que\/Jieshuang<\/p>\n<\/li>\n<li data-start=\"636\" data-end=\"673\">\n<p data-start=\"640\" data-end=\"673\">Romance au citron\/Cerise de Californie<\/p>\n<\/li>\n<li data-start=\"674\" data-end=\"713\">\n<p data-start=\"678\" data-end=\"713\">Gommes Mangue P\u00eache Abricot\/Blanc<\/p>\n<\/li>\n<li data-start=\"714\" data-end=\"753\">\n<p data-start=\"718\" data-end=\"753\">Mary's Dream\/Aloe Mango Melon Ice<\/p>\n<\/li>\n<li data-start=\"754\" data-end=\"804\">\n<p data-start=\"758\" data-end=\"804\">Myrtille, canneberge, cerise\/melon d'eau, cerise<\/p>\n<\/li>\n<li data-start=\"805\" data-end=\"848\">\n<p data-start=\"809\" data-end=\"848\">Glace ananas-mangue-ananas-coco<\/p>\n<\/li>\n<li data-start=\"849\" data-end=\"891\">\n<p data-start=\"853\" data-end=\"891\">Framboise Past\u00e8que\/Aloe Vera Raisin<\/p>\n<\/li>\n<li data-start=\"892\" data-end=\"926\">\n<p data-start=\"896\" data-end=\"926\">Lychee Ice\/Strawberry Lychee<\/p>\n<\/li>\n<li data-start=\"927\" data-end=\"972\">\n<p data-start=\"931\" data-end=\"972\">Cr\u00e8me glac\u00e9e \u00e0 la fraise\/\u00e0 la fraise et \u00e0 la vanille<\/p>\n<\/li>\n<li data-start=\"973\" data-end=\"1013\">\n<p data-start=\"977\" data-end=\"1013\">Ourson gommeux\/framboise noir paillet\u00e9<\/p>\n<\/li>\n<li data-start=\"1014\" data-end=\"1054\">\n<p data-start=\"1018\" data-end=\"1054\">Baies Fra\u00eecheur\/melon d'eau P\u00eache acide<\/p>\n<\/li>\n<\/ul>","protected":false},"excerpt":{"rendered":"<p>Bang La vape jetable Blaze 40K offre 40 000 bouff\u00e9es, deux saveurs, 40mL d'e-liquide, 32 options de go\u00fbt et jusqu'\u00e0 5% de nicotine. Un vaporisateur jetable rechargeable et tr\u00e8s performant pour les amateurs de saveurs.<\/p>","protected":false},"featured_media":37387,"comment_status":"open","ping_status":"closed","template":"","meta":[],"product_brand":[239],"product_cat":[37,219,137,146,138,141,143],"product_tag":[],"class_list":{"0":"post-37374","1":"product","2":"type-product","3":"status-publish","4":"has-post-thumbnail","6":"product_brand-bang","7":"product_cat-bang","8":"product_cat-40000-puffs-disposable-vape","9":"product_cat-disposable-vapes-in-germany","10":"product_cat-disposable-vapes-in-hungary","11":"product_cat-disposable-vapes-in-ltaly","12":"product_cat-disposable-vapes-in-poland","13":"product_cat-disposable-vapes-in-spain","15":"first","16":"instock","17":"shipping-taxable","18":"purchasable","19":"product-type-variable","20":"has-default-attributes"},"jetpack_sharing_enabled":true,"tiered_pricing_type":"fixed","tiered_pricing_fixed_rules":{"30":7.78000000000000024868995751603506505489349365234375,"50":6.61000000000000031974423109204508364200592041015625,"100":5.70000000000000017763568394002504646778106689453125,"200":5.30999999999999960920149533194489777088165283203125,"400":4.730000000000000426325641456060111522674560546875},"tiered_pricing_product_settings":{"layout":"default","base_unit_name":{"singular":null,"plural":null},"default_variation":null},"tiered_pricing_minimum_quantity":10,"tiered_pricing_roles_data":[],"tiered_pricing_percentage_rules":[],"tiered_pricing_maximum_quantity":null,"tiered_pricing_quantity_step":"10","_links":{"self":[{"href":"https:\/\/aiviouvapes.com\/fr\/wp-json\/wp\/v2\/product\/37374","targetHints":{"allow":["GET"]}}],"collection":[{"href":"https:\/\/aiviouvapes.com\/fr\/wp-json\/wp\/v2\/product"}],"about":[{"href":"https:\/\/aiviouvapes.com\/fr\/wp-json\/wp\/v2\/types\/product"}],"replies":[{"embeddable":true,"href":"https:\/\/aiviouvapes.com\/fr\/wp-json\/wp\/v2\/comments?post=37374"}],"wp:featuredmedia":[{"embeddable":true,"href":"https:\/\/aiviouvapes.com\/fr\/wp-json\/wp\/v2\/media\/37387"}],"wp:attachment":[{"href":"https:\/\/aiviouvapes.com\/fr\/wp-json\/wp\/v2\/media?parent=37374"}],"wp:term":[{"taxonomy":"product_brand","embeddable":true,"href":"https:\/\/aiviouvapes.com\/fr\/wp-json\/wp\/v2\/product_brand?post=37374"},{"taxonomy":"product_cat","embeddable":true,"href":"https:\/\/aiviouvapes.com\/fr\/wp-json\/wp\/v2\/product_cat?post=37374"},{"taxonomy":"product_tag","embeddable":true,"href":"https:\/\/aiviouvapes.com\/fr\/wp-json\/wp\/v2\/product_tag?post=37374"}],"curies":[{"name":"wp","href":"https:\/\/api.w.org\/{rel}","templated":true}]}}