{"id":3734,"date":"2024-08-20T07:20:36","date_gmt":"2024-08-19T23:20:36","guid":{"rendered":"https:\/\/aiviouvapes.com\/?post_type=product&#038;p=3734"},"modified":"2026-03-18T09:49:54","modified_gmt":"2026-03-18T01:49:54","slug":"bang-blaze-20000-puffs-0-2-3-5-low-nicotine-bulk-buy-rechargeable-disposable-vapes-pen-wholesale","status":"publish","type":"product","link":"https:\/\/aiviouvapes.com\/fr\/product\/bang-blaze-20000-puffs-0-2-3-5-low-nicotine-bulk-buy-rechargeable-disposable-vapes-pen-wholesale\/","title":{"rendered":"Bang Blaze 20000 Puffs | 0%-5% nicotine, 25mL, bulk disposable vape"},"content":{"rendered":"<h2>Bang Blaze 20000 bouff\u00e9es | 0% 2% 3% 5% nicotine, e-liquide 25 ml, r\u00e9sistance en maille, rechargeable type C, achat en gros de vape jetable<\/h2>\n<h3>Bang Blaze 20000 Puffs Aper\u00e7u et caract\u00e9ristiques<\/h3>\n<p>Le Bang Blaze 20000 Puffs est con\u00e7u pour une exp\u00e9rience de vapotage prolong\u00e9e et satisfaisante, offrant jusqu'\u00e0 20 000 bouff\u00e9es et une capacit\u00e9 substantielle de e-liquide de 25 ml pour des recharges minimales. Aliment\u00e9 par une robuste batterie de 850mAh, cet appareil garantit des performances constantes et une recharge rapide via un port Type-C. La bobine maill\u00e9e de 1\u03a9 fournit une vapeur douce et savoureuse \u00e0 chaque bouff\u00e9e, et les teneurs en nicotine r\u00e9glables de 0% \u00e0 5% permettent aux utilisateurs de personnaliser leur exp\u00e9rience.<\/p>\n<ul>\n<li><strong>Jusqu'\u00e0 20 000 bouff\u00e9es<\/strong>: Un plaisir durable avec un nombre \u00e9lev\u00e9 de bouff\u00e9es.<\/li>\n<li><strong>Capacit\u00e9 de 25 ml de liquide \u00e9lectronique<\/strong>: R\u00e9duit la fr\u00e9quence des recharges en cas d'utilisation continue.<\/li>\n<li><strong>Batterie de 850mAh<\/strong>: Garantit une alimentation fiable avec une recharge rapide de type C.<\/li>\n<li><strong>Options de la nicotine<\/strong>: Disponible en 0%, 2%, 3% et 5% pour des pr\u00e9f\u00e9rences personnalis\u00e9es.<\/li>\n<li><strong>Bobine de maille<\/strong>: Am\u00e9liore la saveur et assure une production de vapeur r\u00e9guli\u00e8re.<\/li>\n<\/ul>\n<h3>Bang Blaze 20000 Puffs Saveurs en stock :<\/h3>\n<p>Past\u00e8que, past\u00e8que fraise, glace myrtille, framboise myrtille, glace fraise, fraise kiwi, past\u00e8que p\u00eache mangue, kiwi fruit de la passion grenade, glace p\u00eache, m\u00e9lange de baies, raisin myrtille, past\u00e8que bubblegum.<\/p>\n<h3>Pourquoi choisir le Bang Blaze 20000 Puffs ?<\/h3>\n<p>Le Bang Blaze 20000 Puffs combine une grande capacit\u00e9 de bouff\u00e9es, une gamme de saveurs all\u00e9chantes et des fonctionnalit\u00e9s avanc\u00e9es telles qu'un mesh coil de 1\u03a9 et la charge Type-C, ce qui en fait un choix de premier ordre pour les vapoteurs qui privil\u00e9gient la qualit\u00e9 et la commodit\u00e9. Son design \u00e9l\u00e9gant et portable et son format rechargeable sont id\u00e9aux pour une utilisation en d\u00e9placement, sans entretien. Disponible en gros, cet appareil est un excellent choix pour les d\u00e9taillants visant \u00e0 offrir une vape de grande capacit\u00e9 et de haute performance. Le Bang Blaze 20000 Puffs offre une exp\u00e9rience de vapotage sup\u00e9rieure et satisfaisante qui pla\u00eet aux nouveaux utilisateurs comme aux plus exp\u00e9riment\u00e9s.<\/p>\n<p><a href=\"https:\/\/i0.wp.com\/aiviouvapes.com\/wp-content\/uploads\/2024\/08\/5c0bfaba420fd12a165964d0af67520.jpg?ssl=1\"><img data-recalc-dims=\"1\" loading=\"lazy\" decoding=\"async\" class=\"alignnone size-full wp-image-7713\" title=\"Bang Blaze 20000 Puffs 0%-2%-3%-5% Nicotine Rechargeable Bulk Buy Disposable Vape Wholesale\" src=\"https:\/\/i0.wp.com\/aiviouvapes.com\/wp-content\/uploads\/2024\/08\/5c0bfaba420fd12a165964d0af67520.jpg?resize=1020%2C1822&#038;ssl=1\" alt=\"Bang Blaze 20000 Puffs 0%-2%-3%-5% Nicotine Rechargeable Bulk Buy Disposable Vape Wholesale\" width=\"1020\" height=\"1822\" srcset=\"https:\/\/i0.wp.com\/aiviouvapes.com\/wp-content\/uploads\/2024\/08\/5c0bfaba420fd12a165964d0af67520.jpg?w=1075&amp;ssl=1 1075w, https:\/\/i0.wp.com\/aiviouvapes.com\/wp-content\/uploads\/2024\/08\/5c0bfaba420fd12a165964d0af67520.jpg?resize=168%2C300&amp;ssl=1 168w, https:\/\/i0.wp.com\/aiviouvapes.com\/wp-content\/uploads\/2024\/08\/5c0bfaba420fd12a165964d0af67520.jpg?resize=573%2C1024&amp;ssl=1 573w, https:\/\/i0.wp.com\/aiviouvapes.com\/wp-content\/uploads\/2024\/08\/5c0bfaba420fd12a165964d0af67520.jpg?resize=768%2C1372&amp;ssl=1 768w, https:\/\/i0.wp.com\/aiviouvapes.com\/wp-content\/uploads\/2024\/08\/5c0bfaba420fd12a165964d0af67520.jpg?resize=860%2C1536&amp;ssl=1 860w, https:\/\/i0.wp.com\/aiviouvapes.com\/wp-content\/uploads\/2024\/08\/5c0bfaba420fd12a165964d0af67520.jpg?resize=7%2C12&amp;ssl=1 7w, https:\/\/i0.wp.com\/aiviouvapes.com\/wp-content\/uploads\/2024\/08\/5c0bfaba420fd12a165964d0af67520.jpg?resize=800%2C1429&amp;ssl=1 800w\" sizes=\"auto, (max-width: 1020px) 100vw, 1020px\" \/><\/a><\/p>\n<h3>Pourquoi choisir AiviouVapes<\/h3>\n<p>Bienvenue \u00e0 <a href=\"https:\/\/aiviouvapes.com\/fr\/\">AiviouVapes<\/a> - votre source de confiance pour des produits de qualit\u00e9 sup\u00e9rieure, \u00e0 des prix abordables <a href=\"https:\/\/aiviouvapes.com\/fr\/shop\/\">vente en gros de vapes jetables<\/a> \u00e0 des prix vraiment bas. Avec plus de cinq ans d'expertise dans l'industrie de la vape, nous sommes fiers d'offrir une s\u00e9lection tri\u00e9e sur le volet de grandes marques, notamment <a href=\"https:\/\/aiviouvapes.com\/fr\/categorie-produit\/waspe\/\">WASPE<\/a>, <a href=\"https:\/\/aiviouvapes.com\/fr\/categorie-produit\/bang\/\">Bang Vape<\/a>, <a href=\"https:\/\/aiviouvapes.com\/fr\/categorie-produit\/vapme-vapes\/\">Vapme<\/a>et <a href=\"https:\/\/aiviouvapes.com\/fr\/categorie-produit\/mrvi\/\">MRVI<\/a>.<\/p>\n<p>Qu'il s'agisse d'appareils \u00e0 forte puissance comme le <a href=\"https:\/\/aiviouvapes.com\/fr\/produit\/waspe-4-in-1-100000-puffs\/\">WASPE 100K 4-in-1 Flavor<\/a> \u00e0 des favoris audacieux tels que le <a href=\"https:\/\/aiviouvapes.com\/fr\/produit\/bang-king-triple-flavors-85000\/\">Bang 85 000 Triple Puff<\/a>et m\u00eame l'excitante <a class=\"woocommerce-LoopProduct-link woocommerce-loop-product__link\" href=\"https:\/\/aiviouvapes.com\/fr\/produit\/mystery-vape-blind-box\/\">Bo\u00eete \u00e0 Vape Jetable Myst\u00e8re<\/a>Chez AiviouVapes, chaque produit est choisi pour sa qualit\u00e9 sup\u00e9rieure et sa valeur imbattable. Chez AiviouVapes, vous b\u00e9n\u00e9ficierez d'un excellent service, d'\u00e9conomies de gros et d'une collection con\u00e7ue pour r\u00e9pondre \u00e0 vos besoins en mati\u00e8re de vapotage.<\/p>\n<div class=\"row row-large row-full-width align-middle\"  id=\"row-88939759\">\n\n\n\t<div id=\"col-1964874446\" class=\"col medium-3 small-6 large-3\"  >\n\t\t\t\t<div class=\"col-inner text-center\"  >\n\t\t\t\n\t\t\t\n\n\n\t\t<div class=\"icon-box featured-box icon-box-top text-left\"  >\n\t\t\t\t\t<div class=\"icon-box-img\" style=\"width: 90px\">\n\t\t\t\t<div class=\"icon\">\n\t\t\t\t\t<div class=\"icon-inner\" >\n\t\t\t\t\t\t<img loading=\"lazy\" decoding=\"async\" width=\"200\" height=\"200\" src=\"https:\/\/i0.wp.com\/aiviouvapes.com\/wp-content\/uploads\/2024\/08\/vape-1-1.png?fit=200%2C200&amp;ssl=1\" class=\"attachment-medium size-medium\" alt=\"Pourquoi choisir AIVIOUVAPES\" srcset=\"https:\/\/i0.wp.com\/aiviouvapes.com\/wp-content\/uploads\/2024\/08\/vape-1-1.png?w=200&amp;ssl=1 200w, https:\/\/i0.wp.com\/aiviouvapes.com\/wp-content\/uploads\/2024\/08\/vape-1-1.png?resize=150%2C150&amp;ssl=1 150w, https:\/\/i0.wp.com\/aiviouvapes.com\/wp-content\/uploads\/2024\/08\/vape-1-1.png?resize=12%2C12&amp;ssl=1 12w, https:\/\/i0.wp.com\/aiviouvapes.com\/wp-content\/uploads\/2024\/08\/vape-1-1.png?resize=100%2C100&amp;ssl=1 100w\" sizes=\"auto, (max-width: 200px) 100vw, 200px\" title=\"\">\t\t\t\t\t<\/div>\n\t\t\t\t<\/div>\n\t\t\t<\/div>\n\t\t\t\t<div class=\"icon-box-text last-reset\">\n\t\t\t\t\t\t\t\t\t\n\n\t<div id=\"text-333595669\" class=\"text\">\n\t\t\n\n<h3 style=\"text-align: center;\">Grande vari\u00e9t\u00e9 de vapes<\/h3>\n<p style=\"text-align: center;\">D\u00e9couvrez notre large gamme de produits, con\u00e7us pour r\u00e9pondre \u00e0 toutes les pr\u00e9f\u00e9rences.<\/p>\n\t\t\n<style>\n#text-333595669 {\n  font-size: 0.9rem;\n}\n<\/style>\n\t<\/div>\n\t\n\n\t\t<\/div>\n\t<\/div>\n\t\n\t\n\n\t\t<\/div>\n\t\t\t\t\t<\/div>\n\n\t\n\n\t<div id=\"col-1256951405\" class=\"col medium-3 small-6 large-3\"  >\n\t\t\t\t<div class=\"col-inner text-center\"  >\n\t\t\t\n\t\t\t\n\n\n\t\t<div class=\"icon-box featured-box icon-box-top text-left\"  >\n\t\t\t\t\t<div class=\"icon-box-img\" style=\"width: 90px\">\n\t\t\t\t<div class=\"icon\">\n\t\t\t\t\t<div class=\"icon-inner\" >\n\t\t\t\t\t\t<img loading=\"lazy\" decoding=\"async\" width=\"200\" height=\"200\" src=\"https:\/\/i0.wp.com\/aiviouvapes.com\/wp-content\/uploads\/2024\/08\/save-money-1-1-1.png?fit=200%2C200&amp;ssl=1\" class=\"attachment-medium size-medium\" alt=\"Pourquoi choisir AIVIOUVAPES\" srcset=\"https:\/\/i0.wp.com\/aiviouvapes.com\/wp-content\/uploads\/2024\/08\/save-money-1-1-1.png?w=200&amp;ssl=1 200w, https:\/\/i0.wp.com\/aiviouvapes.com\/wp-content\/uploads\/2024\/08\/save-money-1-1-1.png?resize=150%2C150&amp;ssl=1 150w, https:\/\/i0.wp.com\/aiviouvapes.com\/wp-content\/uploads\/2024\/08\/save-money-1-1-1.png?resize=12%2C12&amp;ssl=1 12w, https:\/\/i0.wp.com\/aiviouvapes.com\/wp-content\/uploads\/2024\/08\/save-money-1-1-1.png?resize=100%2C100&amp;ssl=1 100w\" sizes=\"auto, (max-width: 200px) 100vw, 200px\" title=\"\">\t\t\t\t\t<\/div>\n\t\t\t\t<\/div>\n\t\t\t<\/div>\n\t\t\t\t<div class=\"icon-box-text last-reset\">\n\t\t\t\t\t\t\t\t\t\n\n\t<div id=\"text-2143783786\" class=\"text\">\n\t\t\n\n<h3 style=\"text-align: center;\">Valeur imbattable<\/h3>\n<p style=\"text-align: center;\">Profitez de produits de qualit\u00e9 sup\u00e9rieure \u00e0 des prix adapt\u00e9s \u00e0 votre budget.<\/p>\n\t\t\n<style>\n#text-2143783786 {\n  font-size: 0.9rem;\n}\n<\/style>\n\t<\/div>\n\t\n\n\t\t<\/div>\n\t<\/div>\n\t\n\t\n\n\t\t<\/div>\n\t\t\t\t\t<\/div>\n\n\t\n\n\t<div id=\"col-664705037\" class=\"col medium-3 small-6 large-3\"  >\n\t\t\t\t<div class=\"col-inner text-center\"  >\n\t\t\t\n\t\t\t\n\n\n\t\t<div class=\"icon-box featured-box icon-box-top text-left\"  >\n\t\t\t\t\t<div class=\"icon-box-img\" style=\"width: 90px\">\n\t\t\t\t<div class=\"icon\">\n\t\t\t\t\t<div class=\"icon-inner\" >\n\t\t\t\t\t\t<img loading=\"lazy\" decoding=\"async\" width=\"200\" height=\"200\" src=\"https:\/\/i0.wp.com\/aiviouvapes.com\/wp-content\/uploads\/2024\/08\/delivery-truck-1-1.png?fit=200%2C200&amp;ssl=1\" class=\"attachment-medium size-medium\" alt=\"Pourquoi choisir AIVIOUVAPES\" srcset=\"https:\/\/i0.wp.com\/aiviouvapes.com\/wp-content\/uploads\/2024\/08\/delivery-truck-1-1.png?w=200&amp;ssl=1 200w, https:\/\/i0.wp.com\/aiviouvapes.com\/wp-content\/uploads\/2024\/08\/delivery-truck-1-1.png?resize=150%2C150&amp;ssl=1 150w, https:\/\/i0.wp.com\/aiviouvapes.com\/wp-content\/uploads\/2024\/08\/delivery-truck-1-1.png?resize=12%2C12&amp;ssl=1 12w, https:\/\/i0.wp.com\/aiviouvapes.com\/wp-content\/uploads\/2024\/08\/delivery-truck-1-1.png?resize=100%2C100&amp;ssl=1 100w\" sizes=\"auto, (max-width: 200px) 100vw, 200px\" title=\"\">\t\t\t\t\t<\/div>\n\t\t\t\t<\/div>\n\t\t\t<\/div>\n\t\t\t\t<div class=\"icon-box-text last-reset\">\n\t\t\t\t\t\t\t\t\t\n\n\t<div id=\"text-2086844572\" class=\"text\">\n\t\t\n\n<h3 style=\"text-align: center;\">Exp\u00e9dition rapide dans le monde entier<\/h3>\n<p style=\"text-align: center;\">Nous livrons dans le monde entier avec un d\u00e9douanement garanti pour une exp\u00e9rience fluide.<\/p>\n\t\t\n<style>\n#text-2086844572 {\n  font-size: 0.9rem;\n}\n<\/style>\n\t<\/div>\n\t\n\n\t\t<\/div>\n\t<\/div>\n\t\n\t\n\n\t\t<\/div>\n\t\t\t\t\t<\/div>\n\n\t\n\n\t<div id=\"col-738296192\" class=\"col medium-3 small-6 large-3\"  >\n\t\t\t\t<div class=\"col-inner text-center\"  >\n\t\t\t\n\t\t\t\n\n\n\t\t<div class=\"icon-box featured-box icon-box-top text-left\"  >\n\t\t\t\t\t<div class=\"icon-box-img\" style=\"width: 90px\">\n\t\t\t\t<div class=\"icon\">\n\t\t\t\t\t<div class=\"icon-inner\" >\n\t\t\t\t\t\t<img loading=\"lazy\" decoding=\"async\" width=\"200\" height=\"200\" src=\"https:\/\/i0.wp.com\/aiviouvapes.com\/wp-content\/uploads\/2024\/08\/support-1-1.png?fit=200%2C200&amp;ssl=1\" class=\"attachment-medium size-medium\" alt=\"Pourquoi choisir AIVIOUVAPES\" srcset=\"https:\/\/i0.wp.com\/aiviouvapes.com\/wp-content\/uploads\/2024\/08\/support-1-1.png?w=200&amp;ssl=1 200w, https:\/\/i0.wp.com\/aiviouvapes.com\/wp-content\/uploads\/2024\/08\/support-1-1.png?resize=150%2C150&amp;ssl=1 150w, https:\/\/i0.wp.com\/aiviouvapes.com\/wp-content\/uploads\/2024\/08\/support-1-1.png?resize=12%2C12&amp;ssl=1 12w, https:\/\/i0.wp.com\/aiviouvapes.com\/wp-content\/uploads\/2024\/08\/support-1-1.png?resize=100%2C100&amp;ssl=1 100w\" sizes=\"auto, (max-width: 200px) 100vw, 200px\" title=\"\">\t\t\t\t\t<\/div>\n\t\t\t\t<\/div>\n\t\t\t<\/div>\n\t\t\t\t<div class=\"icon-box-text last-reset\">\n\t\t\t\t\t\t\t\t\t\n\n\t<div id=\"text-2326529922\" class=\"text\">\n\t\t\n\n<h3 style=\"text-align: center;\">Assistance 24 heures sur 24<\/h3>\n<p style=\"text-align: center;\">Contactez notre \u00e9quipe d&#039;assistance \u00e0 tout moment, 24h\/24 et 7j\/7, via WhatsApp ou par e-mail.<\/p>\n\t\t\n<style>\n#text-2326529922 {\n  font-size: 0.9rem;\n}\n<\/style>\n\t<\/div>\n\t\n\n\t\t<\/div>\n\t<\/div>\n\t\n\t\n\n\t\t<\/div>\n\t\t\t\t\t<\/div>\n\n\t\n\n<\/div>\n<div class=\"row row-full-width align-middle\"  id=\"row-772694014\">\n\n\n\t<div id=\"col-661724732\" class=\"col medium-6 small-12 large-6\"  >\n\t\t\t\t<div class=\"col-inner\"  >\n\t\t\t\n\t\t\t\n\n\t<div class=\"img has-hover x md-x lg-x y md-y lg-y\" id=\"image_1332490381\">\n\t\t\t\t\t\t\t\t<div class=\"img-inner dark\" >\n\t\t\t<img loading=\"lazy\" decoding=\"async\" width=\"930\" height=\"1024\" src=\"https:\/\/i0.wp.com\/aiviouvapes.com\/wp-content\/uploads\/2024\/08\/%E6%8B%BC%E5%9B%BE.jpg?fit=930%2C1024&amp;ssl=1\" class=\"attachment-large size-large\" alt=\"Pourquoi choisir AIVIOUVAPES\" title=\"\">\t\t\t\t\t\t\n\t\t\t\t\t<\/div>\n\t\t\t\t\t\t\t\t\n<style>\n#image_1332490381 {\n  width: 100%;\n}\n<\/style>\n\t<\/div>\n\t\n\n\n\t\t<\/div>\n\t\t\t\t\t<\/div>\n\n\t\n\n\t<div id=\"col-1111550855\" class=\"col medium-6 small-12 large-6\"  >\n\t\t\t\t<div class=\"col-inner\"  >\n\t\t\t\n\t\t\t\n\n<div class=\"container section-title-container\" ><h4 class=\"section-title section-title-normal\"><b aria-hidden=\"true\"><\/b><span class=\"section-title-main\" style=\"font-size:91%;\">Nos avantages<\/span><b aria-hidden=\"true\"><\/b><\/h4><\/div>\n\n<div class=\"accordion\">\n\n\t<div id=\"accordion-2932938577\" class=\"accordion-item\">\n\t\t<a id=\"accordion-2932938577-label\" class=\"accordion-title plain\" href=\"#accordion-item-commitment-to-quality\" aria-expanded=\"false\" aria-controls=\"accordion-2932938577-content\">\n\t\t\t<button class=\"toggle\" aria-label=\"Basculer\"><i class=\"icon-angle-down\" aria-hidden=\"true\"><\/i><\/button>\n\t\t\t<span>Engagement en faveur de la qualit\u00e9<\/span>\n\t\t<\/a>\n\t\t<div id=\"accordion-2932938577-content\" class=\"accordion-inner\" aria-labelledby=\"accordion-2932938577-label\">\n\t\t\t\n\n<p>Au <a href=\"https:\/\/aiviouvapes.com\/fr\/\">AiviouVape<\/a>, la qualit\u00e9 est au c\u0153ur de tout ce que nous faisons. Nos vapes jetables sont m\u00e9ticuleusement con\u00e7ues et rigoureusement test\u00e9es pour r\u00e9pondre aux normes les plus \u00e9lev\u00e9es, garantissant une exp\u00e9rience de vapotage fluide et fiable \u00e0 chaque fois. Gr\u00e2ce \u00e0 notre engagement envers z\u00e9ro d\u00e9faut et z\u00e9ro r\u00e9clamation, vous pouvez \u00eatre s\u00fbr d&#039;obtenir le meilleur.<\/p>\n\n\t\t<\/div>\n\t<\/div>\n\t\n\t<div id=\"accordion-2520002381\" class=\"accordion-item\">\n\t\t<a id=\"accordion-2520002381-label\" class=\"accordion-title plain\" href=\"#accordion-item-diverse-range-of-products\" aria-expanded=\"false\" aria-controls=\"accordion-2520002381-content\">\n\t\t\t<button class=\"toggle\" aria-label=\"Basculer\"><i class=\"icon-angle-down\" aria-hidden=\"true\"><\/i><\/button>\n\t\t\t<span>Une gamme de produits diversifi\u00e9e<\/span>\n\t\t<\/a>\n\t\t<div id=\"accordion-2520002381-content\" class=\"accordion-inner\" aria-labelledby=\"accordion-2520002381-label\">\n\t\t\t\n\n<p>Nous sommes fiers d'offrir une large gamme de vapes jetables de qualit\u00e9 sup\u00e9rieure pour r\u00e9pondre \u00e0 toutes les pr\u00e9f\u00e9rences. Des derni\u00e8res innovations aux favoris de longue date, notre s\u00e9lection comprend des marques de confiance telles que Waspe, Vapme, RandM Tornado, Bang Box, ELF Box, et Bang King. Que vous recherchiez les saveurs audacieuses de Vapme ou le design \u00e9l\u00e9gant de RandM Tornado, notre collection est con\u00e7ue pour vous aider \u00e0 d\u00e9couvrir la vape parfaite correspondant \u00e0 vos go\u00fbts et \u00e0 votre style de vie.<\/p>\n\n\n\t\t<\/div>\n\t<\/div>\n\t\n\t<div id=\"accordion-2534752660\" class=\"accordion-item\">\n\t\t<a id=\"accordion-2534752660-label\" class=\"accordion-title plain\" href=\"#accordion-item-wholesale-and-retail-solutions\" aria-expanded=\"false\" aria-controls=\"accordion-2534752660-content\">\n\t\t\t<button class=\"toggle\" aria-label=\"Basculer\"><i class=\"icon-angle-down\" aria-hidden=\"true\"><\/i><\/button>\n\t\t\t<span>Solutions pour le commerce de gros et de d\u00e9tail<\/span>\n\t\t<\/a>\n\t\t<div id=\"accordion-2534752660-content\" class=\"accordion-inner\" aria-labelledby=\"accordion-2534752660-label\">\n\t\t\t\n\n<p>AiviouVape r\u00e9pond aux exigences des clients de d\u00e9tail et de gros, en fournissant \u00e0 chaque fois des produits et un service exceptionnels. Si vous \u00eates nouveau chez nous, nous vous recommandons de commencer par un petit lot pour d\u00e9couvrir notre qualit\u00e9 de premi\u00e8re main. Avec des prix comp\u00e9titifs et des normes haut de gamme, nous sommes le choix de confiance dans l&#039;industrie de la vape jetable.\u00a0<\/p>\n\n\t\t<\/div>\n\t<\/div>\n\t\n\t<div id=\"accordion-2650330065\" class=\"accordion-item\">\n\t\t<a id=\"accordion-2650330065-label\" class=\"accordion-title plain\" href=\"#accordion-item-continuous-improvement\" aria-expanded=\"false\" aria-controls=\"accordion-2650330065-content\">\n\t\t\t<button class=\"toggle\" aria-label=\"Basculer\"><i class=\"icon-angle-down\" aria-hidden=\"true\"><\/i><\/button>\n\t\t\t<span>Am\u00e9lioration continue<\/span>\n\t\t<\/a>\n\t\t<div id=\"accordion-2650330065-content\" class=\"accordion-inner\" aria-labelledby=\"accordion-2650330065-label\">\n\t\t\t\n\n<p>Ce qui distingue AiviouVape, c&#039;est notre d\u00e9vouement \u00e0 un service client exceptionnel. Que vous ayez besoin de conseils avant d&#039;acheter ou d&#039;assistance pour une commande, notre \u00e9quipe est toujours disponible via WhatsApp ou par e-mail. Nous nous effor\u00e7ons de construire des relations durables avec nos clients, en garantissant votre satisfaction \u00e0 chaque \u00e9tape du processus.<\/p>\n\n\t\t<\/div>\n\t<\/div>\n\t\n\t<div id=\"accordion-2626913218\" class=\"accordion-item\">\n\t\t<a id=\"accordion-2626913218-label\" class=\"accordion-title plain\" href=\"#accordion-item-quality-assurance\" aria-expanded=\"false\" aria-controls=\"accordion-2626913218-content\">\n\t\t\t<button class=\"toggle\" aria-label=\"Basculer\"><i class=\"icon-angle-down\" aria-hidden=\"true\"><\/i><\/button>\n\t\t\t<span>Assurance qualit\u00e9<\/span>\n\t\t<\/a>\n\t\t<div id=\"accordion-2626913218-content\" class=\"accordion-inner\" aria-labelledby=\"accordion-2626913218-label\">\n\t\t\t\n\n<p>\u00c0 chaque \u00e9tape (d\u00e9veloppement du produit, production, commercialisation et distribution), notre engagement envers la qualit\u00e9 ne faiblit jamais. Nos vapes jetables sont soumises \u00e0 des tests rigoureux pour garantir qu&#039;elles sont non toxiques, pures et qu&#039;elles offrent une saveur exceptionnelle. Ce d\u00e9vouement \u00e0 l&#039;excellence constitue l&#039;\u00e9pine dorsale de notre culture d&#039;entreprise.<\/p>\n\n\t\t<\/div>\n\t<\/div>\n\t\n\t<div id=\"accordion-3074192862\" class=\"accordion-item\">\n\t\t<a id=\"accordion-3074192862-label\" class=\"accordion-title plain\" href=\"#accordion-item-efficient-logistics-and-delivery\" aria-expanded=\"false\" aria-controls=\"accordion-3074192862-content\">\n\t\t\t<button class=\"toggle\" aria-label=\"Basculer\"><i class=\"icon-angle-down\" aria-hidden=\"true\"><\/i><\/button>\n\t\t\t<span>Logistique et livraison efficaces<\/span>\n\t\t<\/a>\n\t\t<div id=\"accordion-3074192862-content\" class=\"accordion-inner\" aria-labelledby=\"accordion-3074192862-label\">\n\t\t\t\n\n<p>AiviouVape propose une logistique et une livraison efficaces, y compris des services DDP (Delivered Duty Paid), garantissant un d\u00e9douanement fluide sans frais ni taxes. Avec une livraison rapide et un service client exceptionnel, nous offrons une exp\u00e9rience fluide et fiable, ce qui fait de nous un partenaire de confiance dans l&#039;industrie.<\/p>\n\n\t\t<\/div>\n\t<\/div>\n\t\n\t<div id=\"accordion-3993249984\" class=\"accordion-item\">\n\t\t<a id=\"accordion-3993249984-label\" class=\"accordion-title plain\" href=\"#accordion-item-odm-and-oem-services\" aria-expanded=\"false\" aria-controls=\"accordion-3993249984-content\">\n\t\t\t<button class=\"toggle\" aria-label=\"Basculer\"><i class=\"icon-angle-down\" aria-hidden=\"true\"><\/i><\/button>\n\t\t\t<span>Services ODM et OEM<\/span>\n\t\t<\/a>\n\t\t<div id=\"accordion-3993249984-content\" class=\"accordion-inner\" aria-labelledby=\"accordion-3993249984-label\">\n\t\t\t\n\n<p>AiviouVapes propose des services ODM (Original Design Manufacturing) et OEM (Original Equipment Manufacturing) complets. Avec deux grandes installations, nous aidons les clients \u00e0 concevoir des produits uniques et des logos accrocheurs pour les emballages. Nous fournissons \u00e9galement des conseils gratuits en mati\u00e8re de conception d&#039;emballages et nous aidons les clients qui emballent leurs propres produits, garantissant ainsi que leur marque brille sur le march\u00e9.<\/p>\n\n\t\t<\/div>\n\t<\/div>\n\t\n\n<\/div>\n\n\t\t<\/div>\n\t\t\t\t\t<\/div>\n\n\t\n\n<\/div>","protected":false},"excerpt":{"rendered":"<p>Bang Blaze 20000 Puffs offre jusqu'\u00e0 20 000 bouff\u00e9es avec une capacit\u00e9 de 25 ml d'e-liquide et une batterie rechargeable de 850 mAh pour un vapotage durable et r\u00e9gulier. Dot\u00e9 d'une bobine en maille de 1\u03a9 et d'intensit\u00e9s de nicotine r\u00e9glables, il d\u00e9livre une vapeur douce et savoureuse. Parfait pour la vente en gros.<\/p>","protected":false},"featured_media":3742,"comment_status":"open","ping_status":"closed","template":"","meta":[],"product_brand":[239],"product_cat":[37,129,90,117,76,134,135,133,136,137,146,138,139,140,141,142,143,144,145,132,82],"product_tag":[],"class_list":{"0":"post-3734","1":"product","2":"type-product","3":"status-publish","4":"has-post-thumbnail","6":"product_brand-bang","7":"product_cat-bang","8":"product_cat-20000-puffs-disposable-vape","9":"product_cat-big-puffs-vapes","10":"product_cat-different-puffs-of-diposable-vapes","11":"product_cat-disposable-vape-types","12":"product_cat-disposable-vapes-in-austria","13":"product_cat-disposable-vapes-in-belgium","14":"product_cat-disposable-vapes-in-europe","15":"product_cat-disposable-vapes-in-france","16":"product_cat-disposable-vapes-in-germany","17":"product_cat-disposable-vapes-in-hungary","18":"product_cat-disposable-vapes-in-ltaly","19":"product_cat-disposable-vapes-in-netherlands","20":"product_cat-disposable-vapes-in-norway","21":"product_cat-disposable-vapes-in-poland","22":"product_cat-disposable-vapes-in-portugal","23":"product_cat-disposable-vapes-in-spain","24":"product_cat-disposable-vapes-in-sweden","25":"product_cat-disposable-vapes-in-switzerland","26":"product_cat-rechargeable-vapes","27":"product_cat-smart-screen-vapes","29":"first","30":"instock","31":"shipping-taxable","32":"purchasable","33":"product-type-variable","34":"has-default-attributes"},"jetpack_sharing_enabled":true,"tiered_pricing_type":"fixed","tiered_pricing_fixed_rules":{"2000":4.07000000000000028421709430404007434844970703125},"tiered_pricing_product_settings":{"layout":"default","base_unit_name":{"singular":null,"plural":null},"default_variation":null},"tiered_pricing_minimum_quantity":1000,"tiered_pricing_roles_data":[],"tiered_pricing_percentage_rules":[],"tiered_pricing_maximum_quantity":null,"tiered_pricing_quantity_step":"10","_links":{"self":[{"href":"https:\/\/aiviouvapes.com\/fr\/wp-json\/wp\/v2\/product\/3734","targetHints":{"allow":["GET"]}}],"collection":[{"href":"https:\/\/aiviouvapes.com\/fr\/wp-json\/wp\/v2\/product"}],"about":[{"href":"https:\/\/aiviouvapes.com\/fr\/wp-json\/wp\/v2\/types\/product"}],"replies":[{"embeddable":true,"href":"https:\/\/aiviouvapes.com\/fr\/wp-json\/wp\/v2\/comments?post=3734"}],"wp:featuredmedia":[{"embeddable":true,"href":"https:\/\/aiviouvapes.com\/fr\/wp-json\/wp\/v2\/media\/3742"}],"wp:attachment":[{"href":"https:\/\/aiviouvapes.com\/fr\/wp-json\/wp\/v2\/media?parent=3734"}],"wp:term":[{"taxonomy":"product_brand","embeddable":true,"href":"https:\/\/aiviouvapes.com\/fr\/wp-json\/wp\/v2\/product_brand?post=3734"},{"taxonomy":"product_cat","embeddable":true,"href":"https:\/\/aiviouvapes.com\/fr\/wp-json\/wp\/v2\/product_cat?post=3734"},{"taxonomy":"product_tag","embeddable":true,"href":"https:\/\/aiviouvapes.com\/fr\/wp-json\/wp\/v2\/product_tag?post=3734"}],"curies":[{"name":"wp","href":"https:\/\/api.w.org\/{rel}","templated":true}]}}