{"id":36827,"date":"2025-06-24T15:43:59","date_gmt":"2025-06-24T07:43:59","guid":{"rendered":"https:\/\/aiviouvapes.com\/?post_type=product&#038;p=36827"},"modified":"2026-03-17T23:57:15","modified_gmt":"2026-03-17T15:57:15","slug":"okso-crystal-bar-800","status":"publish","type":"product","link":"https:\/\/aiviouvapes.com\/fr\/product\/okso-crystal-bar-800\/","title":{"rendered":"OKSO Crystal Bar 800 Puffs | mesh coil, RGB LED, 0-5% nicotine bulk disposable vape"},"content":{"rendered":"<h2>\ud83d\udd11 Caract\u00e9ristiques principales de OKSO Crystal Bar 800 Vape jetable<\/h2>\n<ul>\n<li><strong>800 Puffs :<\/strong> Id\u00e9al pour les utilisateurs occasionnels et mod\u00e9r\u00e9s, il offre une grande long\u00e9vit\u00e9 dans un petit format.<\/li>\n<li><strong>Technologie de la bobine de maille :<\/strong> Garantit une saveur riche et constante \u00e0 chaque tirage.<\/li>\n<li><strong>Capacit\u00e9 de 2mL de E-liquide :<\/strong> Pr\u00e9-rempli pour plus de commodit\u00e9 - aucune recharge n'est n\u00e9cessaire.<\/li>\n<li><strong>Plusieurs options de nicotine :<\/strong> Choisissez entre 0%, 2%, 3% ou 5% selon vos pr\u00e9f\u00e9rences.<\/li>\n<li><strong>400mAh Batterie :<\/strong> Il dure jusqu'\u00e0 800 bouff\u00e9es avec un rendement stable.<\/li>\n<li><strong>\u00c9clairage LED RVB :<\/strong> Ajoute une touche visuelle vibrante \u00e0 chaque bouff\u00e9e.<\/li>\n<li><strong>Conception ultra-l\u00e9g\u00e8re :<\/strong> Il ne p\u00e8se que 36 g - \u00e9l\u00e9gant, discret et facile \u00e0 transporter.<\/li>\n<\/ul>\n<h2>\ud83c\udf1f Pourquoi choisir l'OKSO Crystal Bar 800 ?<\/h2>\n<p>L'OKSO Crystal Bar 800 est une vape jetable compacte, savoureuse et vibrante, con\u00e7ue pour la simplicit\u00e9 et la satisfaction. Que vous recherchiez une saveur intense ou la flexibilit\u00e9 de la nicotine, cet appareil a tout ce qu'il faut dans un corps cristallin avec une touche RGB. Id\u00e9al pour les d\u00e9butants et les vapoteurs chevronn\u00e9s qui appr\u00e9cient la portabilit\u00e9 sans sacrifier la qualit\u00e9.<\/p>\n<h2>\ud83c\udf53 Saveurs disponibles<\/h2>\n<ul>\n<li>Menthe<\/li>\n<li>Glace \u00e0 la p\u00eache<\/li>\n<li>Citron rose<\/li>\n<li>Sang de tigre<\/li>\n<li>Glace de raisin<\/li>\n<li>Glace \u00e0 la past\u00e8que<\/li>\n<li>Glace Blue Razz<\/li>\n<li>P\u00eache Mangue Past\u00e8que<\/li>\n<li>Glace \u00e0 la cerise<\/li>\n<li>Glace \u00e0 la fraise<\/li>\n<\/ul>\n<p>&nbsp;<\/p>\n<p>&nbsp;<\/p>\n<p>&nbsp;<\/p>","protected":false},"excerpt":{"rendered":"<p>La vape jetable OKSO Crystal Bar 800 offre 800 bouff\u00e9es douces, des effets LED RGB et 10 saveurs audacieuses dans un design compact et \u00e9l\u00e9gant - parfait pour le plaisir de la vape au quotidien et en d\u00e9placement.<\/p>","protected":false},"featured_media":36832,"comment_status":"open","ping_status":"closed","template":"","meta":[],"product_brand":[244],"product_cat":[243,118],"product_tag":[],"class_list":{"0":"post-36827","1":"product","2":"type-product","3":"status-publish","4":"has-post-thumbnail","6":"product_brand-okso","7":"product_cat-okso","8":"product_cat-800-puffs-disposable-vape","10":"first","11":"instock","12":"shipping-taxable","13":"purchasable","14":"product-type-variable","15":"has-default-attributes"},"jetpack_sharing_enabled":true,"tiered_pricing_type":"fixed","tiered_pricing_fixed_rules":{"30":5.19000000000000039079850466805510222911834716796875,"50":3.62999999999999989341858963598497211933135986328125,"100":3.04999999999999982236431605997495353221893310546875,"200":2.850000000000000088817841970012523233890533447265625,"400":2.45999999999999996447286321199499070644378662109375},"tiered_pricing_product_settings":{"layout":"default","base_unit_name":{"singular":null,"plural":null},"default_variation":null},"tiered_pricing_minimum_quantity":10,"tiered_pricing_roles_data":[],"tiered_pricing_percentage_rules":[],"tiered_pricing_maximum_quantity":null,"tiered_pricing_quantity_step":"10","_links":{"self":[{"href":"https:\/\/aiviouvapes.com\/fr\/wp-json\/wp\/v2\/product\/36827","targetHints":{"allow":["GET"]}}],"collection":[{"href":"https:\/\/aiviouvapes.com\/fr\/wp-json\/wp\/v2\/product"}],"about":[{"href":"https:\/\/aiviouvapes.com\/fr\/wp-json\/wp\/v2\/types\/product"}],"replies":[{"embeddable":true,"href":"https:\/\/aiviouvapes.com\/fr\/wp-json\/wp\/v2\/comments?post=36827"}],"wp:featuredmedia":[{"embeddable":true,"href":"https:\/\/aiviouvapes.com\/fr\/wp-json\/wp\/v2\/media\/36832"}],"wp:attachment":[{"href":"https:\/\/aiviouvapes.com\/fr\/wp-json\/wp\/v2\/media?parent=36827"}],"wp:term":[{"taxonomy":"product_brand","embeddable":true,"href":"https:\/\/aiviouvapes.com\/fr\/wp-json\/wp\/v2\/product_brand?post=36827"},{"taxonomy":"product_cat","embeddable":true,"href":"https:\/\/aiviouvapes.com\/fr\/wp-json\/wp\/v2\/product_cat?post=36827"},{"taxonomy":"product_tag","embeddable":true,"href":"https:\/\/aiviouvapes.com\/fr\/wp-json\/wp\/v2\/product_tag?post=36827"}],"curies":[{"name":"wp","href":"https:\/\/api.w.org\/{rel}","templated":true}]}}