{"id":35443,"date":"2025-06-02T23:12:50","date_gmt":"2025-06-02T15:12:50","guid":{"rendered":"https:\/\/aiviouvapes.com\/?post_type=product&#038;p=35443"},"modified":"2026-03-17T10:38:52","modified_gmt":"2026-03-17T02:38:52","slug":"bang-blaze-60000-60k","status":"publish","type":"product","link":"https:\/\/aiviouvapes.com\/fr\/product\/bang-blaze-60000-60k\/","title":{"rendered":"Bang Blaze 4-in-1 60000 bouff\u00e9es | saveur longue dur\u00e9e 60k bouff\u00e9es bulk jetable vape"},"content":{"rendered":"<p><!-- SEO Meta Description --><\/p>\n<p><!-- Product Description --><\/p>\n<h2>\ud83d\udd25 Bang Blaze 60K Vape jetable - 60 000 bouff\u00e9es, 4 ar\u00f4mes en 1, \u00e9cran intelligent<\/h2>\n<p>Vous recherchez une flexibilit\u00e9 de go\u00fbt et une long\u00e9vit\u00e9 de vape in\u00e9gal\u00e9es ? Les <strong>Bang Blaze 60K Vape jetable<\/strong> est votre appareil de pr\u00e9dilection avec jusqu'\u00e0 60 000 bouff\u00e9es, un r\u00e9servoir d'e-liquide de 60 ml et un syst\u00e8me unique de commutation \u00e0 4 saveurs. Que vous soyez un chasseur de nuages ou un explorateur de saveurs, cet appareil vous permet de vaper sans effort et de mani\u00e8re passionnante.<\/p>\n<h3>\ud83d\udd11 Caract\u00e9ristiques principales de Bang Blaze 60K<\/h3>\n<ul>\n<li><strong>60 000 bouff\u00e9es massives :<\/strong> Vape plus longtemps, plus fort et plus intelligemment sans qu'il soit n\u00e9cessaire de le remplacer fr\u00e9quemment.<\/li>\n<li><strong>4-in-1 Flavor Switch (changement d'ar\u00f4me) :<\/strong> Changez instantan\u00e9ment entre les quatre ar\u00f4mes pr\u00e9charg\u00e9s dans chaque appareil.<\/li>\n<li><strong>60ml E-liquide pr\u00e9-rempli :<\/strong> Le r\u00e9servoir g\u00e9ant permet une utilisation prolong\u00e9e et ne n\u00e9cessite aucune recharge.<\/li>\n<li><strong>Affichage num\u00e9rique intelligent :<\/strong> Contr\u00f4le en temps r\u00e9el du niveau de la batterie et de l'e-liquide pour un contr\u00f4le total.<\/li>\n<li><strong>Type-C Rechargeable :<\/strong> Batterie de 650 mAh avec charge rapide pour ne jamais \u00eatre \u00e0 court d'\u00e9nergie.<\/li>\n<li><strong>1.0\u03a9 Bobine en maille :<\/strong> Produit une vapeur riche et douce avec une saveur franche et audacieuse \u00e0 chaque bouff\u00e9e.<\/li>\n<li><strong>Options de nicotine :<\/strong> Disponible en 0%, 2%, 3% et 5% pour s'adapter \u00e0 votre style de vie et \u00e0 vos pr\u00e9f\u00e9rences.<\/li>\n<\/ul>\n<h3>\ud83d\udca1 Pourquoi choisir Bang Blaze 60K ?<\/h3>\n<ul>\n<li><strong>Pratique tout-en-un :<\/strong> Quatre parfums en un, parfaits pour changer en cours de route sans changer de dosette.<\/li>\n<li><strong>Le vapotage \u00e0 long terme :<\/strong> Profitez de jusqu'\u00e0 60 000 bouff\u00e9es - plus de vapotage, moins de remplacement.<\/li>\n<li><strong>Flexibilit\u00e9 de la nicotine :<\/strong> Que vous arr\u00eatiez la nicotine ou que vous souhaitiez un effet puissant, choisissez ce qui vous convient le mieux.<\/li>\n<li><strong>Conception conviviale :<\/strong> Pas de recharge, pas de complications - il suffit de choisir son ar\u00f4me et de vaper.<\/li>\n<\/ul>\n<h3>\ud83c\udf53 Les 12 meilleures combinaisons de saveurs<\/h3>\n<ul>\n<li>Glace past\u00e8que \/ Menthe myrtille \/ Glace Fuji \/ Romance citron vert<\/li>\n<li>Glace past\u00e8que \/ Cerise myrtille \/ Heure d'\u00e9t\u00e9 \/ Mangue ananas acidul\u00e9e<\/li>\n<li>Glace aux myrtilles \/ Glace \u00e0 la p\u00eache \/ Bonbons arc-en-ciel \/ Citron orange acidul\u00e9e<\/li>\n<li>Glace aux myrtilles \/ P\u00eache Mangue Past\u00e8que \/ Baiser de la Passion \/ Pomme Melon<\/li>\n<li>Myrtille Framboise \/ Baies m\u00e9lang\u00e9es \/ Cerise de Californie \/ Fruit de la passion Mangue<\/li>\n<li>Myrtille Framboise \/ Glace de raisin \/ Glace de baies \/ Alo\u00e8s Mangue Melon<\/li>\n<li>Boisson \u00e9nerg\u00e9tique \/ Fraise Banane \/ Mangue P\u00eache Abricot \/ Fruit de la Passion Kiwi Citron Vert<\/li>\n<li>Boisson \u00e9nerg\u00e9tique \/ Melon d'eau \u00e0 la myrtille \/ Pomme acide \u00e0 la framboise \/ Ours en gomme<\/li>\n<li>Fraise Mangue \/ Past\u00e8que Bubble Gum \/ Rouge Mojito \/ Love66<\/li>\n<li>Fraise mangue \/ Fraise kiwi \/ Pomme raisin \/ Past\u00e8que fruit du dragon<\/li>\n<li>Past\u00e8que fraise \/ Glace noire \/ Melon treize \/ Raisin canneberge<\/li>\n<li>Fraise Past\u00e8que \/ Kiwi Fruit de la passion Goyave \/ Mangue Glace \/ Past\u00e8que P\u00eache acidul\u00e9e<\/li>\n<\/ul>\n<p><strong>Bang Blaze 60K<\/strong> red\u00e9finit l'exp\u00e9rience de la vape jetable avec plus de saveurs, plus de puissance et plus de commodit\u00e9. Essayez-le maintenant et \u00e9levez votre jeu de vape !<\/p>","protected":false},"excerpt":{"rendered":"<p>Bang Blaze 60000 puffs disposable vape offre 60ml d'e-liquide, 60 000 puffs, 4-in-1 flavor switch, smart digital screen, multiple nicotine strengths, et mesh coil - votre ultime solution de vape tout-en-un.<\/p>","protected":false},"featured_media":35453,"comment_status":"open","ping_status":"closed","template":"","meta":[],"product_brand":[239],"product_cat":[37,242],"product_tag":[],"class_list":{"0":"post-35443","1":"product","2":"type-product","3":"status-publish","4":"has-post-thumbnail","6":"product_brand-bang","7":"product_cat-bang","8":"product_cat-60000-puffs-disposable-vape","10":"first","11":"instock","12":"shipping-taxable","13":"purchasable","14":"product-type-variable","15":"has-default-attributes"},"jetpack_sharing_enabled":true,"tiered_pricing_type":"fixed","tiered_pricing_fixed_rules":{"30":9.8499999999999996447286321199499070644378662109375,"50":8.5600000000000004973799150320701301097869873046875,"100":7.78000000000000024868995751603506505489349365234375,"200":7.38999999999999968025576890795491635799407958984375,"400":6.80999999999999960920149533194489777088165283203125},"tiered_pricing_product_settings":{"layout":"default","base_unit_name":{"singular":null,"plural":null},"default_variation":null},"tiered_pricing_minimum_quantity":10,"tiered_pricing_roles_data":[],"tiered_pricing_percentage_rules":[],"tiered_pricing_maximum_quantity":null,"tiered_pricing_quantity_step":"10","_links":{"self":[{"href":"https:\/\/aiviouvapes.com\/fr\/wp-json\/wp\/v2\/product\/35443","targetHints":{"allow":["GET"]}}],"collection":[{"href":"https:\/\/aiviouvapes.com\/fr\/wp-json\/wp\/v2\/product"}],"about":[{"href":"https:\/\/aiviouvapes.com\/fr\/wp-json\/wp\/v2\/types\/product"}],"replies":[{"embeddable":true,"href":"https:\/\/aiviouvapes.com\/fr\/wp-json\/wp\/v2\/comments?post=35443"}],"wp:featuredmedia":[{"embeddable":true,"href":"https:\/\/aiviouvapes.com\/fr\/wp-json\/wp\/v2\/media\/35453"}],"wp:attachment":[{"href":"https:\/\/aiviouvapes.com\/fr\/wp-json\/wp\/v2\/media?parent=35443"}],"wp:term":[{"taxonomy":"product_brand","embeddable":true,"href":"https:\/\/aiviouvapes.com\/fr\/wp-json\/wp\/v2\/product_brand?post=35443"},{"taxonomy":"product_cat","embeddable":true,"href":"https:\/\/aiviouvapes.com\/fr\/wp-json\/wp\/v2\/product_cat?post=35443"},{"taxonomy":"product_tag","embeddable":true,"href":"https:\/\/aiviouvapes.com\/fr\/wp-json\/wp\/v2\/product_tag?post=35443"}],"curies":[{"name":"wp","href":"https:\/\/api.w.org\/{rel}","templated":true}]}}