{"id":33282,"date":"2025-04-24T17:00:12","date_gmt":"2025-04-24T09:00:12","guid":{"rendered":"https:\/\/aiviouvapes.com\/?post_type=product&#038;p=33282"},"modified":"2026-03-17T23:58:55","modified_gmt":"2026-03-17T15:58:55","slug":"mrvi-df-40k-puff","status":"publish","type":"product","link":"https:\/\/aiviouvapes.com\/fr\/product\/mrvi-df-40k-puff\/","title":{"rendered":"MRVI DF 40000 Puffs | double flavor, 40ml e-liquide jetable vape bulk wholesale"},"content":{"rendered":"<p><strong>MRVI DF 40000 Double Flavor Vape jetable<\/strong> - Deux fois plus de saveur, deux fois plus de plaisir.<\/p>\n<p>Rencontrez le <strong>MRVI DF 40000<\/strong>La vape \u00e0 usage unique vous apporte deux fois plus d'ar\u00f4mes et deux fois plus de plaisir. Avec jusqu'\u00e0 <strong>40 000 bouff\u00e9es<\/strong>, un \u00e9norme <strong>R\u00e9servoir d'e-liquide de 40mL<\/strong>et \u00e0 la pointe de la technologie <strong>bobine \u00e0 double maille<\/strong> Cet appareil est con\u00e7u pour produire une vapeur douce et riche qui dure plus longtemps que vous ne l'auriez cru possible. Que vous soyez un vapoteur occasionnel ou un acheteur en gros, le MRVI DF 40000 r\u00e9unit tout ce dont vous avez besoin dans un appareil \u00e9l\u00e9gant et facile \u00e0 transporter.<\/p>\n<p>\u00c9quip\u00e9 d'un <strong>Batterie rechargeable de 850mAh<\/strong> et <strong>Chargement de type C<\/strong> pour un ravitaillement rapide, cet appareil est aussi puissant que pratique. Vous avez le choix entre <strong>5% ou 2% taux de nicotine<\/strong> pour personnaliser votre exp\u00e9rience. De plus, avec <strong>10 combinaisons uniques de deux saveurs<\/strong>Il y a toujours quelque chose de nouveau \u00e0 essayer.<\/p>\n<p>Parfait pour un usage personnel ou pour faire des r\u00e9serves en vue d'une revente, le MRVI DF 40000 est votre vape de r\u00e9f\u00e9rence pour la qualit\u00e9 et la quantit\u00e9.<\/p>\n<h3><strong>MRVI DF 40000 Caract\u00e9ristiques :<\/strong><\/h3>\n<ul>\n<li><strong>Nombre massif de bouff\u00e9es :<\/strong> Jusqu'\u00e0 40 000 bouff\u00e9es par appareil<\/li>\n<li><strong>Grande capacit\u00e9 d'e-liquide :<\/strong> 40 ml d'e-liquide de qualit\u00e9 sup\u00e9rieure<\/li>\n<li><strong>Batterie puissante :<\/strong> Batterie rechargeable de 850mAh<\/li>\n<li><strong>Chargement rapide :<\/strong> Port Type-C (charge compl\u00e8te en 2 heures)<\/li>\n<li><strong>Bobine \u00e0 double maille :<\/strong> Vapeur douce et riche \u00e0 chaque tirage<\/li>\n<li><strong>Options de nicotine :<\/strong> 5% ou 2% sans nicotine et sans tabac<\/li>\n<li><strong>Vari\u00e9t\u00e9 d'ar\u00f4mes :<\/strong> 10 combinaisons passionnantes \u00e0 double saveur<\/li>\n<li><strong>Activation facile :<\/strong> Inspirez pour activer - aucun bouton n'est n\u00e9cessaire<\/li>\n<li><strong>Conception compacte :<\/strong> Pratique et ergonomique (92*41*19mm)<\/li>\n<li><strong>Adapt\u00e9 \u00e0 la vente en gros :<\/strong> 10PCS par bo\u00eete de pr\u00e9sentation<\/li>\n<\/ul>","protected":false},"excerpt":{"rendered":"<p class=\"\" data-start=\"97\" data-end=\"366\">MRVI DF 40000 vape jetable offre jusqu'\u00e0 40 000 bouff\u00e9es, des bobines \u00e0 double maille, 40mL d'e-liquide, et 10 combinaisons de saveurs dynamiques. Parfait pour un vapotage de longue dur\u00e9e et sans souci, id\u00e9al pour une utilisation personnelle ou en gros.<\/p>","protected":false},"featured_media":33307,"comment_status":"open","ping_status":"closed","template":"","meta":[],"product_brand":[229],"product_cat":[33,219,80,79],"product_tag":[],"class_list":{"0":"post-33282","1":"product","2":"type-product","3":"status-publish","4":"has-post-thumbnail","6":"product_brand-mrvi","7":"product_cat-mrvi","8":"product_cat-40000-puffs-disposable-vape","9":"product_cat-dual-flavor-vapes","10":"product_cat-dual-mesh-vapes","12":"first","13":"instock","14":"shipping-taxable","15":"purchasable","16":"product-type-variable","17":"has-default-attributes"},"jetpack_sharing_enabled":true,"tiered_pricing_type":"fixed","tiered_pricing_fixed_rules":{"100":7.05999999999999960920149533194489777088165283203125,"200":6.4199999999999999289457264239899814128875732421875,"400":6.089999999999999857891452847979962825775146484375},"tiered_pricing_product_settings":{"layout":"default","base_unit_name":{"singular":null,"plural":null},"default_variation":null},"tiered_pricing_minimum_quantity":50,"tiered_pricing_roles_data":[],"tiered_pricing_percentage_rules":[],"tiered_pricing_maximum_quantity":null,"tiered_pricing_quantity_step":"10","_links":{"self":[{"href":"https:\/\/aiviouvapes.com\/fr\/wp-json\/wp\/v2\/product\/33282","targetHints":{"allow":["GET"]}}],"collection":[{"href":"https:\/\/aiviouvapes.com\/fr\/wp-json\/wp\/v2\/product"}],"about":[{"href":"https:\/\/aiviouvapes.com\/fr\/wp-json\/wp\/v2\/types\/product"}],"replies":[{"embeddable":true,"href":"https:\/\/aiviouvapes.com\/fr\/wp-json\/wp\/v2\/comments?post=33282"}],"wp:featuredmedia":[{"embeddable":true,"href":"https:\/\/aiviouvapes.com\/fr\/wp-json\/wp\/v2\/media\/33307"}],"wp:attachment":[{"href":"https:\/\/aiviouvapes.com\/fr\/wp-json\/wp\/v2\/media?parent=33282"}],"wp:term":[{"taxonomy":"product_brand","embeddable":true,"href":"https:\/\/aiviouvapes.com\/fr\/wp-json\/wp\/v2\/product_brand?post=33282"},{"taxonomy":"product_cat","embeddable":true,"href":"https:\/\/aiviouvapes.com\/fr\/wp-json\/wp\/v2\/product_cat?post=33282"},{"taxonomy":"product_tag","embeddable":true,"href":"https:\/\/aiviouvapes.com\/fr\/wp-json\/wp\/v2\/product_tag?post=33282"}],"curies":[{"name":"wp","href":"https:\/\/api.w.org\/{rel}","templated":true}]}}