{"id":30767,"date":"2025-03-21T12:56:55","date_gmt":"2025-03-21T04:56:55","guid":{"rendered":"https:\/\/aiviouvapes.com\/?post_type=product&#038;p=30767"},"modified":"2026-04-07T09:59:55","modified_gmt":"2026-04-07T01:59:55","slug":"waspe-60k-3-in-1-60000-puffs","status":"publish","type":"product","link":"https:\/\/aiviouvapes.com\/fr\/product\/waspe-60k-3-in-1-60000-puffs\/","title":{"rendered":"WASPE 60K | 3-en-1 60000 bouff\u00e9es, triple saveur, bulk jetable vape"},"content":{"rendered":"<p><img data-recalc-dims=\"1\" loading=\"lazy\" decoding=\"async\" class=\"alignnone wp-image-33901\" src=\"https:\/\/i0.wp.com\/aiviouvapes.com\/wp-content\/uploads\/2025\/03\/%E5%BE%AE%E4%BF%A1%E5%9B%BE%E7%89%87_20250502143652-e1746694635211.jpg?resize=1000%2C591&#038;ssl=1\" alt=\",\" width=\"1000\" height=\"591\" title=\"\" srcset=\"https:\/\/i0.wp.com\/aiviouvapes.com\/wp-content\/uploads\/2025\/03\/%E5%BE%AE%E4%BF%A1%E5%9B%BE%E7%89%87_20250502143652-e1746694635211.jpg?w=1280&amp;ssl=1 1280w, https:\/\/i0.wp.com\/aiviouvapes.com\/wp-content\/uploads\/2025\/03\/%E5%BE%AE%E4%BF%A1%E5%9B%BE%E7%89%87_20250502143652-e1746694635211.jpg?resize=300%2C177&amp;ssl=1 300w, https:\/\/i0.wp.com\/aiviouvapes.com\/wp-content\/uploads\/2025\/03\/%E5%BE%AE%E4%BF%A1%E5%9B%BE%E7%89%87_20250502143652-e1746694635211.jpg?resize=1024%2C606&amp;ssl=1 1024w, https:\/\/i0.wp.com\/aiviouvapes.com\/wp-content\/uploads\/2025\/03\/%E5%BE%AE%E4%BF%A1%E5%9B%BE%E7%89%87_20250502143652-e1746694635211.jpg?resize=768%2C454&amp;ssl=1 768w, https:\/\/i0.wp.com\/aiviouvapes.com\/wp-content\/uploads\/2025\/03\/%E5%BE%AE%E4%BF%A1%E5%9B%BE%E7%89%87_20250502143652-e1746694635211.jpg?resize=18%2C12&amp;ssl=1 18w, https:\/\/i0.wp.com\/aiviouvapes.com\/wp-content\/uploads\/2025\/03\/%E5%BE%AE%E4%BF%A1%E5%9B%BE%E7%89%87_20250502143652-e1746694635211.jpg?resize=800%2C473&amp;ssl=1 800w\" sizes=\"auto, (max-width: 1000px) 100vw, 1000px\" \/> <img data-recalc-dims=\"1\" loading=\"lazy\" decoding=\"async\" class=\"alignnone wp-image-33902\" src=\"https:\/\/i0.wp.com\/aiviouvapes.com\/wp-content\/uploads\/2025\/03\/%E5%BE%AE%E4%BF%A1%E5%9B%BE%E7%89%87_20250502143744.jpg?resize=1000%2C750&#038;ssl=1\" alt=\",\" width=\"1000\" height=\"750\" title=\"\" srcset=\"https:\/\/i0.wp.com\/aiviouvapes.com\/wp-content\/uploads\/2025\/03\/%E5%BE%AE%E4%BF%A1%E5%9B%BE%E7%89%87_20250502143744.jpg?w=1707&amp;ssl=1 1707w, https:\/\/i0.wp.com\/aiviouvapes.com\/wp-content\/uploads\/2025\/03\/%E5%BE%AE%E4%BF%A1%E5%9B%BE%E7%89%87_20250502143744.jpg?resize=300%2C225&amp;ssl=1 300w, https:\/\/i0.wp.com\/aiviouvapes.com\/wp-content\/uploads\/2025\/03\/%E5%BE%AE%E4%BF%A1%E5%9B%BE%E7%89%87_20250502143744.jpg?resize=1024%2C768&amp;ssl=1 1024w, https:\/\/i0.wp.com\/aiviouvapes.com\/wp-content\/uploads\/2025\/03\/%E5%BE%AE%E4%BF%A1%E5%9B%BE%E7%89%87_20250502143744.jpg?resize=768%2C576&amp;ssl=1 768w, https:\/\/i0.wp.com\/aiviouvapes.com\/wp-content\/uploads\/2025\/03\/%E5%BE%AE%E4%BF%A1%E5%9B%BE%E7%89%87_20250502143744.jpg?resize=1536%2C1152&amp;ssl=1 1536w, https:\/\/i0.wp.com\/aiviouvapes.com\/wp-content\/uploads\/2025\/03\/%E5%BE%AE%E4%BF%A1%E5%9B%BE%E7%89%87_20250502143744.jpg?resize=16%2C12&amp;ssl=1 16w, https:\/\/i0.wp.com\/aiviouvapes.com\/wp-content\/uploads\/2025\/03\/%E5%BE%AE%E4%BF%A1%E5%9B%BE%E7%89%87_20250502143744.jpg?resize=1320%2C990&amp;ssl=1 1320w, https:\/\/i0.wp.com\/aiviouvapes.com\/wp-content\/uploads\/2025\/03\/%E5%BE%AE%E4%BF%A1%E5%9B%BE%E7%89%87_20250502143744.jpg?resize=800%2C600&amp;ssl=1 800w\" sizes=\"auto, (max-width: 1000px) 100vw, 1000px\" \/><\/p>\n<p><iframe title=\"VideoPress Lecteur vid\u00e9o\" aria-label='VideoPress Lecteur vid\u00e9o' width='1020' height='574' src='https:\/\/videopress.com\/embed\/ejPBp6IM?hd=0&amp;cover=1' frameborder='0' allowfullscreen allow='clipboard-write'><\/iframe><script src='https:\/\/v0.wordpress.com\/js\/next\/videopress-iframe.js?m=1770107250'><\/script><\/p>\n<h2>\ud83c\udf53 WASPE 60K Triple Flavor Combinations<\/h2>\n<p>Chaque WASPE AIVIOU 60000 offre <strong>3 saveurs uniques dans 1 appareil<\/strong>Vous pouvez donc en changer sans avoir besoin d'une nouvelle vape.<\/p>\n<table class=\"w-fit min-w-(--thread-content-width)\">\n<thead>\n<tr>\n<th>Combo No.<\/th>\n<th>Trio de saveurs<\/th>\n<\/tr>\n<\/thead>\n<tbody>\n<tr>\n<td>1<\/td>\n<td><strong>Glace \u00e0 la past\u00e8que<\/strong>, <strong>Fraise Kiwi<\/strong>, <strong>Citron vert<\/strong><\/td>\n<\/tr>\n<tr>\n<td>2<\/td>\n<td><strong>Past\u00e8que \u00e0 la fraise<\/strong>, <strong>Bonbons \u00e0 la fraise et \u00e0 la framboise<\/strong>, <strong>Glace de raisin<\/strong><\/td>\n<\/tr>\n<tr>\n<td>3<\/td>\n<td><strong>Glace aux myrtilles<\/strong>, <strong>Glace du dragon noir<\/strong>, <strong>Glace \u00e0 la cerise p\u00e9tillante<\/strong><\/td>\n<\/tr>\n<tr>\n<td>4<\/td>\n<td><strong>Fraise Framboise Cerise<\/strong>, <strong>Love 666<\/strong>, <strong>Glace \u00e0 la cerise<\/strong><\/td>\n<\/tr>\n<tr>\n<td>5<\/td>\n<td><strong>Glace \u00e0 la p\u00eache<\/strong>, <strong>Ananas Mangue P\u00eache<\/strong>, <strong>Cranberry Lemon<\/strong><\/td>\n<\/tr>\n<tr>\n<td>6<\/td>\n<td><strong>Red Bull Glac\u00e9<\/strong>, <strong>Fraise Mangue<\/strong>, <strong>Fraise Past\u00e8que Bubble gum<\/strong><\/td>\n<\/tr>\n<tr>\n<td>7<\/td>\n<td><strong>Baies m\u00e9lang\u00e9es<\/strong>, <strong>Ours en gomme<\/strong>, <strong>M\u00e9lange de fruits<\/strong><\/td>\n<\/tr>\n<tr>\n<td>8<\/td>\n<td><strong>Glace triple melon<\/strong>, <strong>Bonbons arc-en-ciel<\/strong>, <strong>Bonbons \u00e0 la myrtille<\/strong><\/td>\n<\/tr>\n<tr>\n<td>9<\/td>\n<td><strong>Glace de raisin<\/strong>, <strong>Bonbons \u00e0 la fraise<\/strong>, <strong>Fraise Framboise Cerise<\/strong><\/td>\n<\/tr>\n<tr>\n<td>10<\/td>\n<td><strong>Fraise et banane<\/strong>, <strong>Glace \u00e0 l'ananas et \u00e0 la noix de coco<\/strong>, <strong>Glace \u00e0 la mangue<\/strong><\/td>\n<\/tr>\n<tr>\n<td>11<\/td>\n<td><strong>Cerise Cola glac\u00e9<\/strong>, <strong>Cola \u00e0 la fraise<\/strong>, <strong>Cola Glac\u00e9<\/strong><\/td>\n<\/tr>\n<tr>\n<td>12<\/td>\n<td><strong>Myrtille Framboise<\/strong>, <strong>Barbe \u00e0 papa aux myrtilles<\/strong>, <strong>Glace double pomme<\/strong><\/td>\n<\/tr>\n<\/tbody>\n<\/table>\n<p>\ud83c\udf00 Que vous aimiez les vapes fruit\u00e9es, glac\u00e9es ou inspir\u00e9es des bonbons, il y a un combo pour tous les go\u00fbts.<\/p>\n<h2>\ud83d\udce6 WASPE AIVIOU 60000 Puffs - Caract\u00e9ristiques principales<\/h2>\n<table class=\"w-fit min-w-(--thread-content-width)\">\n<thead>\n<tr>\n<th>Fonctionnalit\u00e9<\/th>\n<th>Description<\/th>\n<\/tr>\n<\/thead>\n<tbody>\n<tr>\n<td><strong>Total Bouff\u00e9es<\/strong><\/td>\n<td>Jusqu&#039;\u00e0 <strong>60 000 bouff\u00e9es<\/strong> - durable et parfait pour une utilisation prolong\u00e9e<\/td>\n<\/tr>\n<tr>\n<td><strong>Options de saveurs<\/strong><\/td>\n<td><strong>3 en 1<\/strong> - passer d'une saveur \u00e0 l'autre dans un seul appareil<\/td>\n<\/tr>\n<tr>\n<td><strong>Taux de nicotine<\/strong><\/td>\n<td>Disponible en <strong>0%, 2% ou 5% de nicotine<\/strong> - choisissez votre force pr\u00e9f\u00e9r\u00e9e<\/td>\n<\/tr>\n<tr>\n<td><strong>Capacit\u00e9 en e-liquide<\/strong><\/td>\n<td><strong>54 ml<\/strong> - beaucoup de liquide pour vaper toute la journ\u00e9e<\/td>\n<\/tr>\n<tr>\n<td><strong>Affichage<\/strong><\/td>\n<td><strong>\u00c9cran LED<\/strong> indique clairement le niveau de la batterie et l'\u00e9tat de l'e-liquide<\/td>\n<\/tr>\n<tr>\n<td><strong>Bobines<\/strong><\/td>\n<td><strong>Bobines \u00e0 triple maille<\/strong> - pour une meilleure saveur et une production de vapeur douce<\/td>\n<\/tr>\n<tr>\n<td><strong>Chargement<\/strong><\/td>\n<td><strong>Type-C rechargeable<\/strong> - charge rapide et pratique<\/td>\n<\/tr>\n<tr>\n<td><strong>Portabilit\u00e9<\/strong><\/td>\n<td>Taille compacte : <strong>47mm x 47mm x 116mm<\/strong> - tient facilement dans la main ou dans la poche<\/td>\n<\/tr>\n<tr>\n<td><strong>Id\u00e9al pour<\/strong><\/td>\n<td><strong>Grossistes et d\u00e9taillants<\/strong> aux Pays-Bas, en Allemagne, en Belgique et en Espagne<\/td>\n<\/tr>\n<\/tbody>\n<\/table>\n<h3>\u2753 Questions fr\u00e9quemment pos\u00e9es - WASPE AIVIOU 60000 Puffs Disposable Vape<\/h3>\n<h4>\u2705 Qu'est-ce qui fait du WASPE AIVIOU 60000 Puffs un bon choix ?<\/h4>\n<p>Le WASPE 60K se distingue par son <strong>Capacit\u00e9 de 60 000 bouff\u00e9es<\/strong>, <strong>Syst\u00e8me d'ar\u00f4mes 3 en 1<\/strong>et <strong>Affichage LED<\/strong>. Il est con\u00e7u pour les utilisateurs qui souhaitent une exp\u00e9rience de vapotage plus durable et plus savoureuse. De plus, il est adapt\u00e9 aux d\u00e9butants et facile \u00e0 recharger gr\u00e2ce \u00e0 un c\u00e2ble Type-C.<\/p>\n<h4>\ud83c\udf53 Combien d'ar\u00f4mes sont inclus dans une vape WASPE 60K ?<\/h4>\n<p>Chaque appareil WASPE AIVIOU 60000 Puffs est livr\u00e9 avec <strong>trois saveurs diff\u00e9rentes int\u00e9gr\u00e9es<\/strong>. Vous pouvez passer de l'un \u00e0 l'autre pour varier les plaisirs sans changer de vape. Il existe <strong>12 combinaisons de saveurs diff\u00e9rentes<\/strong> Il y en a pour tous les go\u00fbts.<\/p>\n<h4>\ud83d\udd0b Le WASPE 60K est-il rechargeable ?<\/h4>\n<p>Oui. L'appareil est livr\u00e9 avec un <strong>batterie rechargeable<\/strong> et <strong>Port de charge de type C<\/strong>pour une charge plus rapide et une utilisation plus longue.<\/p>\n<h4>\ud83d\udce6 Comment la vape WASPE 60K est-elle conditionn\u00e9e pour les commandes en gros ?<\/h4>\n<p>Le WASPE AIVIOU 60K est disponible en deux options d'emballage :<\/p>\n<ul>\n<li><strong>Bo\u00eete :<\/strong> 10 unit\u00e9s par bo\u00eete<\/li>\n<li><strong>Carton :<\/strong> 160 unit\u00e9s par carton (environ 21 kg)<br \/>\nLes deux conviennent pour <strong>commandes group\u00e9es et livraison rapide<\/strong>.<\/li>\n<\/ul>\n<h4>\ud83c\udf0d O\u00f9 puis-je vendre la vape WASPE AIVIOU 60000 Puffs ?<\/h4>\n<p>Il est id\u00e9al pour <strong>le commerce de gros et de d\u00e9tail<\/strong> dans le <strong>Pays-Bas<\/strong>, <strong>Allemagne<\/strong>, <strong>Belgique<\/strong>et <strong>Espagne<\/strong>. Que vous ayez un magasin physique ou que vous vendiez en ligne, ce produit est optimis\u00e9 pour les march\u00e9s de l'UE.<\/p>\n<h4>\ud83d\uded2 Pourquoi acheter chez AiviouVape ?<\/h4>\n<p><strong>AiviouVape<\/strong> est un <strong>grossiste vape<\/strong> travailler directement avec les fabricants pour offrir :<\/p>\n<ul>\n<li>\u2705 Des prix comp\u00e9titifs<\/li>\n<li>\u2705 Des produits authentiques et s\u00fbrs<\/li>\n<li>\u2705 Livraison rapide, m\u00eame pour les grosses commandes<\/li>\n<li>\u2705 Excellente assistance pour les propri\u00e9taires de magasins et les revendeurs<\/li>\n<\/ul>\n<h4>\ud83d\udccf Quelles sont les dimensions de l'appareil WASPE 60K ?<\/h4>\n<p>Chaque vape mesure <strong>47mm x 47mm x 116mm<\/strong>Il est donc l\u00e9ger et facile \u00e0 transporter.<\/p>\n<p><img data-recalc-dims=\"1\" loading=\"lazy\" decoding=\"async\" class=\"alignnone size-full wp-image-33904\" src=\"https:\/\/i0.wp.com\/aiviouvapes.com\/wp-content\/uploads\/2025\/03\/%E5%8C%85%E8%A3%85%E5%9B%BE-140000.jpg?resize=1020%2C612&#038;ssl=1\" alt=\",\" width=\"1020\" height=\"612\" title=\"\" srcset=\"https:\/\/i0.wp.com\/aiviouvapes.com\/wp-content\/uploads\/2025\/03\/%E5%8C%85%E8%A3%85%E5%9B%BE-140000.jpg?w=1920&amp;ssl=1 1920w, https:\/\/i0.wp.com\/aiviouvapes.com\/wp-content\/uploads\/2025\/03\/%E5%8C%85%E8%A3%85%E5%9B%BE-140000.jpg?resize=300%2C180&amp;ssl=1 300w, https:\/\/i0.wp.com\/aiviouvapes.com\/wp-content\/uploads\/2025\/03\/%E5%8C%85%E8%A3%85%E5%9B%BE-140000.jpg?resize=1024%2C614&amp;ssl=1 1024w, https:\/\/i0.wp.com\/aiviouvapes.com\/wp-content\/uploads\/2025\/03\/%E5%8C%85%E8%A3%85%E5%9B%BE-140000.jpg?resize=768%2C461&amp;ssl=1 768w, https:\/\/i0.wp.com\/aiviouvapes.com\/wp-content\/uploads\/2025\/03\/%E5%8C%85%E8%A3%85%E5%9B%BE-140000.jpg?resize=1536%2C922&amp;ssl=1 1536w, https:\/\/i0.wp.com\/aiviouvapes.com\/wp-content\/uploads\/2025\/03\/%E5%8C%85%E8%A3%85%E5%9B%BE-140000.jpg?resize=18%2C12&amp;ssl=1 18w, https:\/\/i0.wp.com\/aiviouvapes.com\/wp-content\/uploads\/2025\/03\/%E5%8C%85%E8%A3%85%E5%9B%BE-140000.jpg?resize=1320%2C792&amp;ssl=1 1320w, https:\/\/i0.wp.com\/aiviouvapes.com\/wp-content\/uploads\/2025\/03\/%E5%8C%85%E8%A3%85%E5%9B%BE-140000.jpg?resize=800%2C480&amp;ssl=1 800w\" sizes=\"auto, (max-width: 1020px) 100vw, 1020px\" \/>\u00a0<img data-recalc-dims=\"1\" loading=\"lazy\" decoding=\"async\" class=\"alignnone wp-image-30768 size-full\" src=\"https:\/\/i0.wp.com\/aiviouvapes.com\/wp-content\/uploads\/2025\/03\/WASPE-60k-3-in-1-60000-Puffs-1.jpg?resize=1020%2C574&#038;ssl=1\" alt=\",\" width=\"1020\" height=\"574\" title=\"\" srcset=\"https:\/\/i0.wp.com\/aiviouvapes.com\/wp-content\/uploads\/2025\/03\/WASPE-60k-3-in-1-60000-Puffs-1.jpg?w=1920&amp;ssl=1 1920w, https:\/\/i0.wp.com\/aiviouvapes.com\/wp-content\/uploads\/2025\/03\/WASPE-60k-3-in-1-60000-Puffs-1.jpg?resize=300%2C169&amp;ssl=1 300w, https:\/\/i0.wp.com\/aiviouvapes.com\/wp-content\/uploads\/2025\/03\/WASPE-60k-3-in-1-60000-Puffs-1.jpg?resize=1024%2C576&amp;ssl=1 1024w, https:\/\/i0.wp.com\/aiviouvapes.com\/wp-content\/uploads\/2025\/03\/WASPE-60k-3-in-1-60000-Puffs-1.jpg?resize=768%2C432&amp;ssl=1 768w, https:\/\/i0.wp.com\/aiviouvapes.com\/wp-content\/uploads\/2025\/03\/WASPE-60k-3-in-1-60000-Puffs-1.jpg?resize=1536%2C864&amp;ssl=1 1536w, https:\/\/i0.wp.com\/aiviouvapes.com\/wp-content\/uploads\/2025\/03\/WASPE-60k-3-in-1-60000-Puffs-1.jpg?resize=18%2C10&amp;ssl=1 18w, https:\/\/i0.wp.com\/aiviouvapes.com\/wp-content\/uploads\/2025\/03\/WASPE-60k-3-in-1-60000-Puffs-1.jpg?resize=750%2C422&amp;ssl=1 750w\" sizes=\"auto, (max-width: 1020px) 100vw, 1020px\" \/><img data-recalc-dims=\"1\" loading=\"lazy\" decoding=\"async\" class=\"alignnone size-full wp-image-30772\" src=\"https:\/\/i0.wp.com\/aiviouvapes.com\/wp-content\/uploads\/2025\/03\/WASPE-60k-3-in-1-60000-Puffs-5.jpg?resize=1020%2C543&#038;ssl=1\" alt=\",\" width=\"1020\" height=\"543\" title=\"\" srcset=\"https:\/\/i0.wp.com\/aiviouvapes.com\/wp-content\/uploads\/2025\/03\/WASPE-60k-3-in-1-60000-Puffs-5.jpg?w=1920&amp;ssl=1 1920w, https:\/\/i0.wp.com\/aiviouvapes.com\/wp-content\/uploads\/2025\/03\/WASPE-60k-3-in-1-60000-Puffs-5.jpg?resize=300%2C160&amp;ssl=1 300w, https:\/\/i0.wp.com\/aiviouvapes.com\/wp-content\/uploads\/2025\/03\/WASPE-60k-3-in-1-60000-Puffs-5.jpg?resize=1024%2C546&amp;ssl=1 1024w, https:\/\/i0.wp.com\/aiviouvapes.com\/wp-content\/uploads\/2025\/03\/WASPE-60k-3-in-1-60000-Puffs-5.jpg?resize=768%2C409&amp;ssl=1 768w, https:\/\/i0.wp.com\/aiviouvapes.com\/wp-content\/uploads\/2025\/03\/WASPE-60k-3-in-1-60000-Puffs-5.jpg?resize=1536%2C818&amp;ssl=1 1536w, https:\/\/i0.wp.com\/aiviouvapes.com\/wp-content\/uploads\/2025\/03\/WASPE-60k-3-in-1-60000-Puffs-5.jpg?resize=18%2C10&amp;ssl=1 18w, https:\/\/i0.wp.com\/aiviouvapes.com\/wp-content\/uploads\/2025\/03\/WASPE-60k-3-in-1-60000-Puffs-5.jpg?resize=750%2C400&amp;ssl=1 750w\" sizes=\"auto, (max-width: 1020px) 100vw, 1020px\" \/><\/p>","protected":false},"excerpt":{"rendered":"<p class=\"translation-block\">Pr\u00e9parez-vous \u00e0 un triple plaisir gustatif ! Le WASPE 60K am\u00e9lior\u00e9 vous permet de profiter de 3 saveurs impressionnantes dans une vape \u00e9l\u00e9gante. Bas\u00e9 sur le parfum pr\u00e9f\u00e9r\u00e9 des fans <span style=\"color : #000000\"><a style=\"color : #000000\" href=\"https:\/\/aiviouvapes.com\/fr\/produit\/waspe-crystal-40k-double-flavor-40000-puffs-rechargeable-bulk-buy-disposable-vape-wholesale\/\" target=\"_self\">WASPE Crystal<\/a>.<\/span><\/p>","protected":false},"featured_media":30783,"comment_status":"open","ping_status":"closed","template":"","meta":[],"product_brand":[227],"product_cat":[19,219,242,320,280,505],"product_tag":[306,308,303,305,304,302],"class_list":{"0":"post-30767","1":"product","2":"type-product","3":"status-publish","4":"has-post-thumbnail","6":"product_brand-waspe","7":"product_cat-waspe","8":"product_cat-40000-puffs-disposable-vape","9":"product_cat-60000-puffs-disposable-vape","10":"product_cat-best-disposable-vapes","11":"product_cat-cheap-rechargeable-disposable-vapes","12":"product_cat-in-stock-at-eu-warehouse","13":"product_tag-best-disposable-vapes","14":"product_tag-disposable-vape-in-europe","15":"product_tag-screen-vape","16":"product_tag-vape-suppliers","17":"product_tag-wholesale-vapes","18":"product_tag-wholesale-vapor","20":"first","21":"instock","22":"shipping-taxable","23":"purchasable","24":"product-type-variable","25":"has-default-attributes"},"jetpack_sharing_enabled":true,"tiered_pricing_type":"fixed","tiered_pricing_fixed_rules":{"30":9.07000000000000028421709430404007434844970703125,"50":7.910000000000000142108547152020037174224853515625,"100":7.38999999999999968025576890795491635799407958984375,"200":6.7400000000000002131628207280300557613372802734375,"400":6.4199999999999999289457264239899814128875732421875},"tiered_pricing_product_settings":{"layout":"default","base_unit_name":{"singular":null,"plural":null},"default_variation":null},"tiered_pricing_minimum_quantity":10,"tiered_pricing_roles_data":[],"tiered_pricing_percentage_rules":[],"tiered_pricing_maximum_quantity":null,"tiered_pricing_quantity_step":"10","_links":{"self":[{"href":"https:\/\/aiviouvapes.com\/fr\/wp-json\/wp\/v2\/product\/30767","targetHints":{"allow":["GET"]}}],"collection":[{"href":"https:\/\/aiviouvapes.com\/fr\/wp-json\/wp\/v2\/product"}],"about":[{"href":"https:\/\/aiviouvapes.com\/fr\/wp-json\/wp\/v2\/types\/product"}],"replies":[{"embeddable":true,"href":"https:\/\/aiviouvapes.com\/fr\/wp-json\/wp\/v2\/comments?post=30767"}],"wp:featuredmedia":[{"embeddable":true,"href":"https:\/\/aiviouvapes.com\/fr\/wp-json\/wp\/v2\/media\/30783"}],"wp:attachment":[{"href":"https:\/\/aiviouvapes.com\/fr\/wp-json\/wp\/v2\/media?parent=30767"}],"wp:term":[{"taxonomy":"product_brand","embeddable":true,"href":"https:\/\/aiviouvapes.com\/fr\/wp-json\/wp\/v2\/product_brand?post=30767"},{"taxonomy":"product_cat","embeddable":true,"href":"https:\/\/aiviouvapes.com\/fr\/wp-json\/wp\/v2\/product_cat?post=30767"},{"taxonomy":"product_tag","embeddable":true,"href":"https:\/\/aiviouvapes.com\/fr\/wp-json\/wp\/v2\/product_tag?post=30767"}],"curies":[{"name":"wp","href":"https:\/\/api.w.org\/{rel}","templated":true}]}}