{"id":29120,"date":"2025-02-21T15:04:17","date_gmt":"2025-02-21T07:04:17","guid":{"rendered":"https:\/\/aiviouvapes.com\/?post_type=product&#038;p=29120"},"modified":"2026-04-13T17:47:53","modified_gmt":"2026-04-13T09:47:53","slug":"mystery-vape-blind-box","status":"publish","type":"product","link":"https:\/\/aiviouvapes.com\/fr\/product\/mystery-vape-blind-box\/","title":{"rendered":"Bo\u00eete Myst\u00e8re Vape Jetable - un paquet surprise pour les audacieux !"},"content":{"rendered":"<p>Pr\u00e9parez-vous \u00e0 une aventure passionnante avec notre <strong>Bo\u00eete \u00e0 Vape Jetable Myst\u00e8re<\/strong>o\u00f9 chaque d\u00e9ballage apporte une d\u00e9licieuse surprise. \u00c0 l'int\u00e9rieur, vous trouverez une s\u00e9lection soigneusement choisie d'ar\u00f4mes d'e-cigarette allant des classiques intemporels aux m\u00e9langes audacieux et exotiques. Que vous ayez envie de notes rafra\u00eechissantes et vivifiantes ou d'une intensit\u00e9 riche et satisfaisante, chaque bo\u00eete vous offre une nouvelle exp\u00e9rience gustative qui vous fera revenir.<\/p>\n<p>Parfait pour les vapoteurs aventureux ou pour tous ceux qui aiment les achats surprises, le <strong>Bo\u00eete \u00e0 Vape Jetable Myst\u00e8re<\/strong> c'est l'excitation de d\u00e9couvrir de nouvelles saveurs s\u00e9lectionn\u00e9es au hasard. Chaque bouff\u00e9e est un voyage inattendu !<\/p>\n<h3>Comment fonctionne la Mystery Box ?<\/h3>\n<p>Pr\u00e9parez-vous \u00e0 l'aventure ultime de la vape avec notre <strong>Bo\u00eete \u00e0 Vape Jetable Myst\u00e8re<\/strong>! Chaque bo\u00eete contient 10 vapes jetables de qualit\u00e9 sup\u00e9rieure, emball\u00e9es avec un m\u00e9lange d'ar\u00f4mes excitants et vari\u00e9s. Bien que nous ne puissions pas garantir des saveurs sp\u00e9cifiques, vous pouvez vous attendre \u00e0 une surprise excitante avec chaque bo\u00eete, y compris des mod\u00e8les populaires tels que <strong>WASPE,UWIN,ELF-WORLD,VOPK,Randm,MRVI<\/strong>\u00a0- avec plus de 100 profils de saveurs uniques \u00e0 explorer !<\/p>\n<ul>\n<li><strong>Toutes les ventes sont d\u00e9finitives<\/strong>: En raison de la nature du produit, nous ne pouvons pas offrir de remboursement ou d'\u00e9change, sauf en cas de probl\u00e8me de qualit\u00e9 du produit.<\/li>\n<li><strong>Exp\u00e9dition gratuite<\/strong>: B\u00e9n\u00e9ficiez de la livraison gratuite pour toutes les commandes de la <strong>Bo\u00eete \u00e0 Vape Jetable Myst\u00e8re<\/strong>.<\/li>\n<li><strong>\u00c2ge requis<\/strong>: Les clients doivent avoir l'\u00e2ge l\u00e9gal de fumer dans leur juridiction pour acheter et utiliser ce produit.<\/li>\n<li>En achetant le <strong>Bo\u00eete \u00e0 Vape Jetable Myst\u00e8re<\/strong>, vous acceptez ces termes et conditions.<\/li>\n<\/ul>\n<h3>M\u00e9thodes d'exp\u00e9dition<\/h3>\n<p>Nous travaillons en partenariat avec des transporteurs de confiance tels que UPS, DHL, FedEx et DPD afin de garantir une livraison rapide de votre commande. La m\u00e9thode d'exp\u00e9dition sera s\u00e9lectionn\u00e9e en fonction de votre lieu de livraison pour le service le plus rapide et le plus fiable.<\/p>\n<ul>\n<li><strong>Pays europ\u00e9ens<\/strong>: G\u00e9n\u00e9ralement livr\u00e9 dans les 12 \u00e0 15 jours.<\/li>\n<li><strong>\u00c9tats-Unis<\/strong>: Le d\u00e9lai de livraison est g\u00e9n\u00e9ralement de 10 jours.<\/li>\n<li><strong>Suivi en temps r\u00e9el<\/strong>: Nous vous tiendrons au courant des informations logistiques en direct \u00e0 chaque \u00e9tape.<\/li>\n<\/ul>\n<p>Soyez assur\u00e9 que nous nous chargerons de toutes les proc\u00e9dures de d\u00e9douanement en votre nom, ce qui vous garantira une exp\u00e9rience sans probl\u00e8me. De plus, aucune taxe suppl\u00e9mentaire ne sera appliqu\u00e9e et nous garantissons que <strong>100% de nos produits passeront la douane<\/strong>.<\/p>\n<style>.tier-pricing-summary-table {display:none !important}<br \/>.mysterybox1 {display:none}<br \/><\/style>","protected":false},"excerpt":{"rendered":"<p>D\u00e9ballez l'ultime surprise de la vape avec notre <strong>Bo\u00eete \u00e0 Vape Jetable Myst\u00e8re<\/strong> - disponible d\u00e8s maintenant \u00e0 un prix imbattable, sans code de r\u00e9duction ! Comprenant <strong>10 vapes jetables de qualit\u00e9 sup\u00e9rieure<\/strong>Chaque bo\u00eete contient un m\u00e9lange de saveurs excitantes, y compris des favoris comme le <strong>WASPE, UWIN, ELFWORLD, VOPK, Randm, MRVI<\/strong>. Chaque bouff\u00e9e apporte une nouvelle aventure avec plus de 100 profils de saveurs diff\u00e9rents \u00e0 d\u00e9couvrir !<\/p>","protected":false},"featured_media":29126,"comment_status":"open","ping_status":"closed","template":"","meta":[],"product_brand":[],"product_cat":[133,280],"product_tag":[306,308,303,305,304,302],"class_list":{"0":"post-29120","1":"product","2":"type-product","3":"status-publish","4":"has-post-thumbnail","6":"product_cat-disposable-vapes-in-europe","7":"product_cat-cheap-rechargeable-disposable-vapes","8":"product_tag-best-disposable-vapes","9":"product_tag-disposable-vape-in-europe","10":"product_tag-screen-vape","11":"product_tag-vape-suppliers","12":"product_tag-wholesale-vapes","13":"product_tag-wholesale-vapor","15":"first","16":"instock","17":"sale","18":"shipping-taxable","19":"purchasable","20":"product-type-simple"},"jetpack_sharing_enabled":true,"tiered_pricing_type":"fixed","tiered_pricing_fixed_rules":[],"tiered_pricing_product_settings":{"layout":"default","base_unit_name":{"singular":null,"plural":null},"default_variation":null},"tiered_pricing_minimum_quantity":null,"tiered_pricing_roles_data":[],"tiered_pricing_percentage_rules":[],"tiered_pricing_maximum_quantity":null,"tiered_pricing_quantity_step":null,"_links":{"self":[{"href":"https:\/\/aiviouvapes.com\/fr\/wp-json\/wp\/v2\/product\/29120","targetHints":{"allow":["GET"]}}],"collection":[{"href":"https:\/\/aiviouvapes.com\/fr\/wp-json\/wp\/v2\/product"}],"about":[{"href":"https:\/\/aiviouvapes.com\/fr\/wp-json\/wp\/v2\/types\/product"}],"replies":[{"embeddable":true,"href":"https:\/\/aiviouvapes.com\/fr\/wp-json\/wp\/v2\/comments?post=29120"}],"wp:featuredmedia":[{"embeddable":true,"href":"https:\/\/aiviouvapes.com\/fr\/wp-json\/wp\/v2\/media\/29126"}],"wp:attachment":[{"href":"https:\/\/aiviouvapes.com\/fr\/wp-json\/wp\/v2\/media?parent=29120"}],"wp:term":[{"taxonomy":"product_brand","embeddable":true,"href":"https:\/\/aiviouvapes.com\/fr\/wp-json\/wp\/v2\/product_brand?post=29120"},{"taxonomy":"product_cat","embeddable":true,"href":"https:\/\/aiviouvapes.com\/fr\/wp-json\/wp\/v2\/product_cat?post=29120"},{"taxonomy":"product_tag","embeddable":true,"href":"https:\/\/aiviouvapes.com\/fr\/wp-json\/wp\/v2\/product_tag?post=29120"}],"curies":[{"name":"wp","href":"https:\/\/api.w.org\/{rel}","templated":true}]}}