{"id":25380,"date":"2024-11-22T15:05:46","date_gmt":"2024-11-22T07:05:46","guid":{"rendered":"https:\/\/aiviouvapes.com\/?post_type=product&#038;p=25380"},"modified":"2026-04-11T05:16:31","modified_gmt":"2026-04-10T21:16:31","slug":"jnr-falon-16000-16k-puffs-wholesale","status":"publish","type":"product","link":"https:\/\/aiviouvapes.com\/fr\/product\/jnr-falon-16000-16k-puffs-wholesale\/","title":{"rendered":"JNR Falcon 16000 bouff\u00e9es | 2% nicotine, 22mL, dual mesh, contr\u00f4le de l'airflow, 850mAh, 28 saveurs"},"content":{"rendered":"<p><iframe title=\"VideoPress Lecteur vid\u00e9o\" aria-label='VideoPress Lecteur vid\u00e9o' width='1020' height='574' src='https:\/\/videopress.com\/embed\/IW3jjut3?hd=0&amp;cover=1' frameborder='0' allowfullscreen allow='clipboard-write'><\/iframe><script src='https:\/\/v0.wordpress.com\/js\/next\/videopress-iframe.js?m=1739540970'><\/script><\/p>\n<p><strong>JNR Falcon 16000 Puffs \u00c9dition Originale Vape Jetable<\/strong>\u00a0\u2013 Quand le style rencontre la performance exceptionnelle\u00a0!<\/p>\n<p>JNR Falcon 16000 16K puffs | 2% nicotine, e-liquide 22 ml, bobine \u00e0 double maille, flux d&#039;air r\u00e9glable, rechargeable 850 mAh, Type-C, 28 saveurs, vape jetable en gros<\/p>\n<p>Les\u00a0<strong>JNR Falcon 16000 bouff\u00e9es\u00a0<\/strong>est con\u00e7u pour ceux qui exigent une exp\u00e9rience de vapotage de qualit\u00e9 sup\u00e9rieure. Avec jusqu&#039;\u00e0\u00a0<strong>16000 bouff\u00e9es<\/strong>\u00a0d&#039;un g\u00e9n\u00e9reux\u00a0<strong>Capacit\u00e9 de e-liquide de 22 ml<\/strong>, cet appareil offre une long\u00e9vit\u00e9 impressionnante tout en offrant une saveur constante et douce.<\/p>\n<p>Con\u00e7u pour des performances optimales, le Falcon 16000 dispose d&#039;un\u00a0<strong>Bobine \u00e0 double maille 1\u03a9<\/strong>\u00a0qui am\u00e9liore la saveur et la production de vapeur, offrant un coup satisfaisant \u00e0 chaque bouff\u00e9e.\u00a0<strong>d\u00e9bit d'air r\u00e9glable<\/strong>\u00a0permet un r\u00e9glage pr\u00e9cis selon vos pr\u00e9f\u00e9rences, que vous appr\u00e9ciez une bouff\u00e9e serr\u00e9e et savoureuse ou un tirage plus ouvert et a\u00e9r\u00e9. Con\u00e7u avec un design unique\u00a0<strong>artisanat en cristal ext\u00e9rieur<\/strong>, cette vape est aussi \u00e9l\u00e9gante que fonctionnelle, ajoutant une touche de sophistication \u00e0 votre routine de vapotage.<\/p>\n<p>Avec un\u00a0<strong>Teneur en nicotine 2%<\/strong>\u00a0et\u00a0<strong>28 options de saveurs<\/strong>, le Falcon 16000 est con\u00e7u pour satisfaire diverses pr\u00e9f\u00e9rences, s&#039;adressant aussi bien aux d\u00e9butants qu&#039;aux utilisateurs chevronn\u00e9s. Equip\u00e9 d&#039;un puissant\u00a0<strong>Batterie rechargeable de 850mAh<\/strong>\u00a0et\u00a0<strong>Charge rapide de type C<\/strong>\u00a0capacit\u00e9, vous pouvez vapoter en toute confiance sans longues interruptions de recharge.<\/p>\n<p>Les\u00a0<strong>JNR Falcon 16000 bouff\u00e9es<\/strong>\u00a0combine un design \u00e9l\u00e9gant, une puissance et une commodit\u00e9 dans un seul appareil haut de gamme, ce qui en fait le choix id\u00e9al pour les vapoteurs qui appr\u00e9cient \u00e0 la fois la forme et la fonction.<\/p>\n<h5><strong>JNR FALCON 16000 16 000 bouff\u00e9es<\/strong><br \/>\n<strong>Caract\u00e9ristiques:<\/strong><\/h5>\n<ul>\n<li>2% Nicotine<\/li>\n<li>Bouff\u00e9es : 16\u00a0000<\/li>\n<li>Capacit\u00e9 : 22 ml<\/li>\n<li>Batterie rechargeable 850 mAh<\/li>\n<li>Bobine \u00e0 double maille<\/li>\n<li>Conception artisanale de cristal<\/li>\n<li>Bobine de maille 1\u03a9<\/li>\n<li>Flux d'air r\u00e9glable<\/li>\n<li>28 saveurs disponibles<\/li>\n<\/ul>\n<h5><strong>JNR FALON 16000 16K bouff\u00e9es<br \/>\n<\/strong><strong>Liste des saveurs :<\/strong><\/h5>\n<ol>\n<li>M\u00fbre Framboise Rouge<\/li>\n<li>Glace Blue Razz<\/li>\n<li>Glace \u00e0 la myrtille et \u00e0 la grenade<\/li>\n<li>Myrtille Framboise Rouge<\/li>\n<li>Mangue Fruit de la passion<\/li>\n<li>Kiwi aux fruits de la passion<\/li>\n<li>Raisin Sakura<\/li>\n<li>Fraise Kiwi<\/li>\n<li>Glace \u00e0 la fraise et \u00e0 la past\u00e8que<\/li>\n<li>Past\u00e8que Mangue P\u00eache<\/li>\n<li>Glace \u00e0 la past\u00e8que<\/li>\n<li>Explosion de baies<\/li>\n<li>Razz P\u00eache Blanche<\/li>\n<li>Fraise Hubba Bubba<\/li>\n<li>Myrtille Framboise Cerise<\/li>\n<li>Baie de cerise<\/li>\n<li>Glace \u00e0 la fraise<\/li>\n<li>Baies m\u00e9lang\u00e9es<\/li>\n<li>Past\u00e8que Bubblegum<\/li>\n<li>Fraise et banane<\/li>\n<li>Cola Glac\u00e9<\/li>\n<li>Myrtille Kiwi<\/li>\n<li>Bleu Razz Cherry<\/li>\n<li>Gel\u00e9e de cerises et de past\u00e8ques<\/li>\n<li>Cola p\u00e9tillant \u00e0 la cerise<\/li>\n<li>P\u00eaches juteuses<\/li>\n<li>P\u00eache Baies<\/li>\n<li>Kiwi Fruit de la passion Goyave<\/li>\n<\/ol>\n<h3>Pourquoi choisir AiviouVapes<\/h3>\n<p>Bienvenue \u00e0 <a href=\"https:\/\/aiviouvapes.com\/fr\/\">AiviouVapes<\/a> - votre source de confiance pour des produits de qualit\u00e9 sup\u00e9rieure, \u00e0 des prix abordables <a href=\"https:\/\/aiviouvapes.com\/fr\/shop\/\">vente en gros de vapes jetables<\/a> \u00e0 des prix vraiment bas. Avec plus de cinq ans d'expertise dans l'industrie de la vape, nous sommes fiers d'offrir une s\u00e9lection tri\u00e9e sur le volet de grandes marques, notamment <a href=\"https:\/\/aiviouvapes.com\/fr\/categorie-produit\/waspe\/\">WASPE<\/a>, <a href=\"https:\/\/aiviouvapes.com\/fr\/categorie-produit\/bang\/\">Bang Vape<\/a>, <a href=\"https:\/\/aiviouvapes.com\/fr\/categorie-produit\/vapme-vapes\/\">Vapme<\/a>et <a href=\"https:\/\/aiviouvapes.com\/fr\/categorie-produit\/mrvi\/\">MRVI<\/a>.<\/p>\n<p>Qu'il s'agisse d'appareils \u00e0 forte puissance comme le <a href=\"https:\/\/aiviouvapes.com\/fr\/produit\/waspe-4-in-1-100000-puffs\/\">WASPE 100K 4-in-1 Flavor<\/a> \u00e0 des favoris audacieux tels que le <a href=\"https:\/\/aiviouvapes.com\/fr\/produit\/bang-king-triple-flavors-85000\/\">Bang 85 000 Triple Puff<\/a>et m\u00eame l'excitante <a class=\"woocommerce-LoopProduct-link woocommerce-loop-product__link\" href=\"https:\/\/aiviouvapes.com\/fr\/produit\/mystery-vape-blind-box\/\">Bo\u00eete \u00e0 Vape Jetable Myst\u00e8re<\/a>Chez AiviouVapes, chaque produit est choisi pour sa qualit\u00e9 sup\u00e9rieure et sa valeur imbattable. Chez AiviouVapes, vous b\u00e9n\u00e9ficierez d'un excellent service, d'\u00e9conomies de gros et d'une collection con\u00e7ue pour r\u00e9pondre \u00e0 vos besoins en mati\u00e8re de vapotage.<\/p>\n<div class=\"row row-large row-full-width align-middle\"  id=\"row-1379536036\">\n\n\n\t<div id=\"col-406587272\" class=\"col medium-3 small-6 large-3\"  >\n\t\t\t\t<div class=\"col-inner text-center\"  >\n\t\t\t\n\t\t\t\n\n\n\t\t<div class=\"icon-box featured-box icon-box-top text-left\"  >\n\t\t\t\t\t<div class=\"icon-box-img\" style=\"width: 90px\">\n\t\t\t\t<div class=\"icon\">\n\t\t\t\t\t<div class=\"icon-inner\" >\n\t\t\t\t\t\t<img loading=\"lazy\" decoding=\"async\" width=\"200\" height=\"200\" src=\"https:\/\/i0.wp.com\/aiviouvapes.com\/wp-content\/uploads\/2024\/08\/vape-1-1.png?fit=200%2C200&amp;ssl=1\" class=\"attachment-medium size-medium\" alt=\"Pourquoi choisir AIVIOUVAPES\" srcset=\"https:\/\/i0.wp.com\/aiviouvapes.com\/wp-content\/uploads\/2024\/08\/vape-1-1.png?w=200&amp;ssl=1 200w, https:\/\/i0.wp.com\/aiviouvapes.com\/wp-content\/uploads\/2024\/08\/vape-1-1.png?resize=150%2C150&amp;ssl=1 150w, https:\/\/i0.wp.com\/aiviouvapes.com\/wp-content\/uploads\/2024\/08\/vape-1-1.png?resize=12%2C12&amp;ssl=1 12w, https:\/\/i0.wp.com\/aiviouvapes.com\/wp-content\/uploads\/2024\/08\/vape-1-1.png?resize=100%2C100&amp;ssl=1 100w\" sizes=\"auto, (max-width: 200px) 100vw, 200px\" title=\"\">\t\t\t\t\t<\/div>\n\t\t\t\t<\/div>\n\t\t\t<\/div>\n\t\t\t\t<div class=\"icon-box-text last-reset\">\n\t\t\t\t\t\t\t\t\t\n\n\t<div id=\"text-225697254\" class=\"text\">\n\t\t\n\n<h3 style=\"text-align: center;\">Grande vari\u00e9t\u00e9 de vapes<\/h3>\n<p style=\"text-align: center;\">D\u00e9couvrez notre large gamme de produits, con\u00e7us pour r\u00e9pondre \u00e0 toutes les pr\u00e9f\u00e9rences.<\/p>\n\t\t\n<style>\n#text-225697254 {\n  font-size: 0.9rem;\n}\n<\/style>\n\t<\/div>\n\t\n\n\t\t<\/div>\n\t<\/div>\n\t\n\t\n\n\t\t<\/div>\n\t\t\t\t\t<\/div>\n\n\t\n\n\t<div id=\"col-1202416074\" class=\"col medium-3 small-6 large-3\"  >\n\t\t\t\t<div class=\"col-inner text-center\"  >\n\t\t\t\n\t\t\t\n\n\n\t\t<div class=\"icon-box featured-box icon-box-top text-left\"  >\n\t\t\t\t\t<div class=\"icon-box-img\" style=\"width: 90px\">\n\t\t\t\t<div class=\"icon\">\n\t\t\t\t\t<div class=\"icon-inner\" >\n\t\t\t\t\t\t<img loading=\"lazy\" decoding=\"async\" width=\"200\" height=\"200\" src=\"https:\/\/i0.wp.com\/aiviouvapes.com\/wp-content\/uploads\/2024\/08\/save-money-1-1-1.png?fit=200%2C200&amp;ssl=1\" class=\"attachment-medium size-medium\" alt=\"Pourquoi choisir AIVIOUVAPES\" srcset=\"https:\/\/i0.wp.com\/aiviouvapes.com\/wp-content\/uploads\/2024\/08\/save-money-1-1-1.png?w=200&amp;ssl=1 200w, https:\/\/i0.wp.com\/aiviouvapes.com\/wp-content\/uploads\/2024\/08\/save-money-1-1-1.png?resize=150%2C150&amp;ssl=1 150w, https:\/\/i0.wp.com\/aiviouvapes.com\/wp-content\/uploads\/2024\/08\/save-money-1-1-1.png?resize=12%2C12&amp;ssl=1 12w, https:\/\/i0.wp.com\/aiviouvapes.com\/wp-content\/uploads\/2024\/08\/save-money-1-1-1.png?resize=100%2C100&amp;ssl=1 100w\" sizes=\"auto, (max-width: 200px) 100vw, 200px\" title=\"\">\t\t\t\t\t<\/div>\n\t\t\t\t<\/div>\n\t\t\t<\/div>\n\t\t\t\t<div class=\"icon-box-text last-reset\">\n\t\t\t\t\t\t\t\t\t\n\n\t<div id=\"text-314222925\" class=\"text\">\n\t\t\n\n<h3 style=\"text-align: center;\">Valeur imbattable<\/h3>\n<p style=\"text-align: center;\">Profitez de produits de qualit\u00e9 sup\u00e9rieure \u00e0 des prix adapt\u00e9s \u00e0 votre budget.<\/p>\n\t\t\n<style>\n#text-314222925 {\n  font-size: 0.9rem;\n}\n<\/style>\n\t<\/div>\n\t\n\n\t\t<\/div>\n\t<\/div>\n\t\n\t\n\n\t\t<\/div>\n\t\t\t\t\t<\/div>\n\n\t\n\n\t<div id=\"col-1707521604\" class=\"col medium-3 small-6 large-3\"  >\n\t\t\t\t<div class=\"col-inner text-center\"  >\n\t\t\t\n\t\t\t\n\n\n\t\t<div class=\"icon-box featured-box icon-box-top text-left\"  >\n\t\t\t\t\t<div class=\"icon-box-img\" style=\"width: 90px\">\n\t\t\t\t<div class=\"icon\">\n\t\t\t\t\t<div class=\"icon-inner\" >\n\t\t\t\t\t\t<img loading=\"lazy\" decoding=\"async\" width=\"200\" height=\"200\" src=\"https:\/\/i0.wp.com\/aiviouvapes.com\/wp-content\/uploads\/2024\/08\/delivery-truck-1-1.png?fit=200%2C200&amp;ssl=1\" class=\"attachment-medium size-medium\" alt=\"Pourquoi choisir AIVIOUVAPES\" srcset=\"https:\/\/i0.wp.com\/aiviouvapes.com\/wp-content\/uploads\/2024\/08\/delivery-truck-1-1.png?w=200&amp;ssl=1 200w, https:\/\/i0.wp.com\/aiviouvapes.com\/wp-content\/uploads\/2024\/08\/delivery-truck-1-1.png?resize=150%2C150&amp;ssl=1 150w, https:\/\/i0.wp.com\/aiviouvapes.com\/wp-content\/uploads\/2024\/08\/delivery-truck-1-1.png?resize=12%2C12&amp;ssl=1 12w, https:\/\/i0.wp.com\/aiviouvapes.com\/wp-content\/uploads\/2024\/08\/delivery-truck-1-1.png?resize=100%2C100&amp;ssl=1 100w\" sizes=\"auto, (max-width: 200px) 100vw, 200px\" title=\"\">\t\t\t\t\t<\/div>\n\t\t\t\t<\/div>\n\t\t\t<\/div>\n\t\t\t\t<div class=\"icon-box-text last-reset\">\n\t\t\t\t\t\t\t\t\t\n\n\t<div id=\"text-1435944325\" class=\"text\">\n\t\t\n\n<h3 style=\"text-align: center;\">Exp\u00e9dition rapide dans le monde entier<\/h3>\n<p style=\"text-align: center;\">Nous livrons dans le monde entier avec un d\u00e9douanement garanti pour une exp\u00e9rience fluide.<\/p>\n\t\t\n<style>\n#text-1435944325 {\n  font-size: 0.9rem;\n}\n<\/style>\n\t<\/div>\n\t\n\n\t\t<\/div>\n\t<\/div>\n\t\n\t\n\n\t\t<\/div>\n\t\t\t\t\t<\/div>\n\n\t\n\n\t<div id=\"col-1176152664\" class=\"col medium-3 small-6 large-3\"  >\n\t\t\t\t<div class=\"col-inner text-center\"  >\n\t\t\t\n\t\t\t\n\n\n\t\t<div class=\"icon-box featured-box icon-box-top text-left\"  >\n\t\t\t\t\t<div class=\"icon-box-img\" style=\"width: 90px\">\n\t\t\t\t<div class=\"icon\">\n\t\t\t\t\t<div class=\"icon-inner\" >\n\t\t\t\t\t\t<img loading=\"lazy\" decoding=\"async\" width=\"200\" height=\"200\" src=\"https:\/\/i0.wp.com\/aiviouvapes.com\/wp-content\/uploads\/2024\/08\/support-1-1.png?fit=200%2C200&amp;ssl=1\" class=\"attachment-medium size-medium\" alt=\"Pourquoi choisir AIVIOUVAPES\" srcset=\"https:\/\/i0.wp.com\/aiviouvapes.com\/wp-content\/uploads\/2024\/08\/support-1-1.png?w=200&amp;ssl=1 200w, https:\/\/i0.wp.com\/aiviouvapes.com\/wp-content\/uploads\/2024\/08\/support-1-1.png?resize=150%2C150&amp;ssl=1 150w, https:\/\/i0.wp.com\/aiviouvapes.com\/wp-content\/uploads\/2024\/08\/support-1-1.png?resize=12%2C12&amp;ssl=1 12w, https:\/\/i0.wp.com\/aiviouvapes.com\/wp-content\/uploads\/2024\/08\/support-1-1.png?resize=100%2C100&amp;ssl=1 100w\" sizes=\"auto, (max-width: 200px) 100vw, 200px\" title=\"\">\t\t\t\t\t<\/div>\n\t\t\t\t<\/div>\n\t\t\t<\/div>\n\t\t\t\t<div class=\"icon-box-text last-reset\">\n\t\t\t\t\t\t\t\t\t\n\n\t<div id=\"text-3897472550\" class=\"text\">\n\t\t\n\n<h3 style=\"text-align: center;\">Assistance 24 heures sur 24<\/h3>\n<p style=\"text-align: center;\">Contactez notre \u00e9quipe d&#039;assistance \u00e0 tout moment, 24h\/24 et 7j\/7, via WhatsApp ou par e-mail.<\/p>\n\t\t\n<style>\n#text-3897472550 {\n  font-size: 0.9rem;\n}\n<\/style>\n\t<\/div>\n\t\n\n\t\t<\/div>\n\t<\/div>\n\t\n\t\n\n\t\t<\/div>\n\t\t\t\t\t<\/div>\n\n\t\n\n<\/div>\n<div class=\"row row-full-width align-middle\"  id=\"row-213743635\">\n\n\n\t<div id=\"col-586251992\" class=\"col medium-6 small-12 large-6\"  >\n\t\t\t\t<div class=\"col-inner\"  >\n\t\t\t\n\t\t\t\n\n\t<div class=\"img has-hover x md-x lg-x y md-y lg-y\" id=\"image_113721011\">\n\t\t\t\t\t\t\t\t<div class=\"img-inner dark\" >\n\t\t\t<img loading=\"lazy\" decoding=\"async\" width=\"930\" height=\"1024\" src=\"https:\/\/i0.wp.com\/aiviouvapes.com\/wp-content\/uploads\/2024\/08\/%E6%8B%BC%E5%9B%BE.jpg?fit=930%2C1024&amp;ssl=1\" class=\"attachment-large size-large\" alt=\"Pourquoi choisir AIVIOUVAPES\" title=\"\">\t\t\t\t\t\t\n\t\t\t\t\t<\/div>\n\t\t\t\t\t\t\t\t\n<style>\n#image_113721011 {\n  width: 100%;\n}\n<\/style>\n\t<\/div>\n\t\n\n\n\t\t<\/div>\n\t\t\t\t\t<\/div>\n\n\t\n\n\t<div id=\"col-1327713138\" class=\"col medium-6 small-12 large-6\"  >\n\t\t\t\t<div class=\"col-inner\"  >\n\t\t\t\n\t\t\t\n\n<div class=\"container section-title-container\" ><h4 class=\"section-title section-title-normal\"><b aria-hidden=\"true\"><\/b><span class=\"section-title-main\" style=\"font-size:91%;\">Nos avantages<\/span><b aria-hidden=\"true\"><\/b><\/h4><\/div>\n\n<div class=\"accordion\">\n\n\t<div id=\"accordion-1230115382\" class=\"accordion-item\">\n\t\t<a id=\"accordion-1230115382-label\" class=\"accordion-title plain\" href=\"#accordion-item-commitment-to-quality\" aria-expanded=\"false\" aria-controls=\"accordion-1230115382-content\">\n\t\t\t<button class=\"toggle\" aria-label=\"Basculer\"><i class=\"icon-angle-down\" aria-hidden=\"true\"><\/i><\/button>\n\t\t\t<span>Engagement en faveur de la qualit\u00e9<\/span>\n\t\t<\/a>\n\t\t<div id=\"accordion-1230115382-content\" class=\"accordion-inner\" aria-labelledby=\"accordion-1230115382-label\">\n\t\t\t\n\n<p>Au <a href=\"https:\/\/aiviouvapes.com\/fr\/\">AiviouVape<\/a>, la qualit\u00e9 est au c\u0153ur de tout ce que nous faisons. Nos vapes jetables sont m\u00e9ticuleusement con\u00e7ues et rigoureusement test\u00e9es pour r\u00e9pondre aux normes les plus \u00e9lev\u00e9es, garantissant une exp\u00e9rience de vapotage fluide et fiable \u00e0 chaque fois. Gr\u00e2ce \u00e0 notre engagement envers z\u00e9ro d\u00e9faut et z\u00e9ro r\u00e9clamation, vous pouvez \u00eatre s\u00fbr d&#039;obtenir le meilleur.<\/p>\n\n\t\t<\/div>\n\t<\/div>\n\t\n\t<div id=\"accordion-1853380835\" class=\"accordion-item\">\n\t\t<a id=\"accordion-1853380835-label\" class=\"accordion-title plain\" href=\"#accordion-item-diverse-range-of-products\" aria-expanded=\"false\" aria-controls=\"accordion-1853380835-content\">\n\t\t\t<button class=\"toggle\" aria-label=\"Basculer\"><i class=\"icon-angle-down\" aria-hidden=\"true\"><\/i><\/button>\n\t\t\t<span>Une gamme de produits diversifi\u00e9e<\/span>\n\t\t<\/a>\n\t\t<div id=\"accordion-1853380835-content\" class=\"accordion-inner\" aria-labelledby=\"accordion-1853380835-label\">\n\t\t\t\n\n<p>Nous sommes fiers d'offrir une large gamme de vapes jetables de qualit\u00e9 sup\u00e9rieure pour r\u00e9pondre \u00e0 toutes les pr\u00e9f\u00e9rences. Des derni\u00e8res innovations aux favoris de longue date, notre s\u00e9lection comprend des marques de confiance telles que Waspe, Vapme, RandM Tornado, Bang Box, ELF Box, et Bang King. Que vous recherchiez les saveurs audacieuses de Vapme ou le design \u00e9l\u00e9gant de RandM Tornado, notre collection est con\u00e7ue pour vous aider \u00e0 d\u00e9couvrir la vape parfaite correspondant \u00e0 vos go\u00fbts et \u00e0 votre style de vie.<\/p>\n\n\n\t\t<\/div>\n\t<\/div>\n\t\n\t<div id=\"accordion-205125096\" class=\"accordion-item\">\n\t\t<a id=\"accordion-205125096-label\" class=\"accordion-title plain\" href=\"#accordion-item-wholesale-and-retail-solutions\" aria-expanded=\"false\" aria-controls=\"accordion-205125096-content\">\n\t\t\t<button class=\"toggle\" aria-label=\"Basculer\"><i class=\"icon-angle-down\" aria-hidden=\"true\"><\/i><\/button>\n\t\t\t<span>Solutions pour le commerce de gros et de d\u00e9tail<\/span>\n\t\t<\/a>\n\t\t<div id=\"accordion-205125096-content\" class=\"accordion-inner\" aria-labelledby=\"accordion-205125096-label\">\n\t\t\t\n\n<p>AiviouVape r\u00e9pond aux exigences des clients de d\u00e9tail et de gros, en fournissant \u00e0 chaque fois des produits et un service exceptionnels. Si vous \u00eates nouveau chez nous, nous vous recommandons de commencer par un petit lot pour d\u00e9couvrir notre qualit\u00e9 de premi\u00e8re main. Avec des prix comp\u00e9titifs et des normes haut de gamme, nous sommes le choix de confiance dans l&#039;industrie de la vape jetable.\u00a0<\/p>\n\n\t\t<\/div>\n\t<\/div>\n\t\n\t<div id=\"accordion-3595395569\" class=\"accordion-item\">\n\t\t<a id=\"accordion-3595395569-label\" class=\"accordion-title plain\" href=\"#accordion-item-continuous-improvement\" aria-expanded=\"false\" aria-controls=\"accordion-3595395569-content\">\n\t\t\t<button class=\"toggle\" aria-label=\"Basculer\"><i class=\"icon-angle-down\" aria-hidden=\"true\"><\/i><\/button>\n\t\t\t<span>Am\u00e9lioration continue<\/span>\n\t\t<\/a>\n\t\t<div id=\"accordion-3595395569-content\" class=\"accordion-inner\" aria-labelledby=\"accordion-3595395569-label\">\n\t\t\t\n\n<p>Ce qui distingue AiviouVape, c&#039;est notre d\u00e9vouement \u00e0 un service client exceptionnel. Que vous ayez besoin de conseils avant d&#039;acheter ou d&#039;assistance pour une commande, notre \u00e9quipe est toujours disponible via WhatsApp ou par e-mail. Nous nous effor\u00e7ons de construire des relations durables avec nos clients, en garantissant votre satisfaction \u00e0 chaque \u00e9tape du processus.<\/p>\n\n\t\t<\/div>\n\t<\/div>\n\t\n\t<div id=\"accordion-1586006455\" class=\"accordion-item\">\n\t\t<a id=\"accordion-1586006455-label\" class=\"accordion-title plain\" href=\"#accordion-item-quality-assurance\" aria-expanded=\"false\" aria-controls=\"accordion-1586006455-content\">\n\t\t\t<button class=\"toggle\" aria-label=\"Basculer\"><i class=\"icon-angle-down\" aria-hidden=\"true\"><\/i><\/button>\n\t\t\t<span>Assurance qualit\u00e9<\/span>\n\t\t<\/a>\n\t\t<div id=\"accordion-1586006455-content\" class=\"accordion-inner\" aria-labelledby=\"accordion-1586006455-label\">\n\t\t\t\n\n<p>\u00c0 chaque \u00e9tape (d\u00e9veloppement du produit, production, commercialisation et distribution), notre engagement envers la qualit\u00e9 ne faiblit jamais. Nos vapes jetables sont soumises \u00e0 des tests rigoureux pour garantir qu&#039;elles sont non toxiques, pures et qu&#039;elles offrent une saveur exceptionnelle. Ce d\u00e9vouement \u00e0 l&#039;excellence constitue l&#039;\u00e9pine dorsale de notre culture d&#039;entreprise.<\/p>\n\n\t\t<\/div>\n\t<\/div>\n\t\n\t<div id=\"accordion-1425329251\" class=\"accordion-item\">\n\t\t<a id=\"accordion-1425329251-label\" class=\"accordion-title plain\" href=\"#accordion-item-efficient-logistics-and-delivery\" aria-expanded=\"false\" aria-controls=\"accordion-1425329251-content\">\n\t\t\t<button class=\"toggle\" aria-label=\"Basculer\"><i class=\"icon-angle-down\" aria-hidden=\"true\"><\/i><\/button>\n\t\t\t<span>Logistique et livraison efficaces<\/span>\n\t\t<\/a>\n\t\t<div id=\"accordion-1425329251-content\" class=\"accordion-inner\" aria-labelledby=\"accordion-1425329251-label\">\n\t\t\t\n\n<p>AiviouVape propose une logistique et une livraison efficaces, y compris des services DDP (Delivered Duty Paid), garantissant un d\u00e9douanement fluide sans frais ni taxes. Avec une livraison rapide et un service client exceptionnel, nous offrons une exp\u00e9rience fluide et fiable, ce qui fait de nous un partenaire de confiance dans l&#039;industrie.<\/p>\n\n\t\t<\/div>\n\t<\/div>\n\t\n\t<div id=\"accordion-2779048351\" class=\"accordion-item\">\n\t\t<a id=\"accordion-2779048351-label\" class=\"accordion-title plain\" href=\"#accordion-item-odm-and-oem-services\" aria-expanded=\"false\" aria-controls=\"accordion-2779048351-content\">\n\t\t\t<button class=\"toggle\" aria-label=\"Basculer\"><i class=\"icon-angle-down\" aria-hidden=\"true\"><\/i><\/button>\n\t\t\t<span>Services ODM et OEM<\/span>\n\t\t<\/a>\n\t\t<div id=\"accordion-2779048351-content\" class=\"accordion-inner\" aria-labelledby=\"accordion-2779048351-label\">\n\t\t\t\n\n<p>AiviouVapes propose des services ODM (Original Design Manufacturing) et OEM (Original Equipment Manufacturing) complets. Avec deux grandes installations, nous aidons les clients \u00e0 concevoir des produits uniques et des logos accrocheurs pour les emballages. Nous fournissons \u00e9galement des conseils gratuits en mati\u00e8re de conception d&#039;emballages et nous aidons les clients qui emballent leurs propres produits, garantissant ainsi que leur marque brille sur le march\u00e9.<\/p>\n\n\t\t<\/div>\n\t<\/div>\n\t\n\n<\/div>\n\n\t\t<\/div>\n\t\t\t\t\t<\/div>\n\n\t\n\n<\/div>","protected":false},"excerpt":{"rendered":"<p><strong>JNR Falcon 16000 bouff\u00e9es <\/strong>est con\u00e7u pour ceux qui exigent une exp\u00e9rience de vapotage de qualit\u00e9 sup\u00e9rieure. Avec jusqu&#039;\u00e0\u00a0<strong>16000 bouff\u00e9es<\/strong>\u00a0d&#039;un g\u00e9n\u00e9reux\u00a0<strong>Capacit\u00e9 de e-liquide de 22 ml<\/strong>, cet appareil offre une long\u00e9vit\u00e9 impressionnante tout en offrant une saveur constante et douce.<\/p>","protected":false},"featured_media":25381,"comment_status":"open","ping_status":"closed","template":"","meta":[],"product_brand":[237],"product_cat":[221,127,90,78,117,81,76,134,135,133,136,137,146,138,139,140,141,142,143,144,145,79,132,82],"product_tag":[],"class_list":{"0":"post-25380","1":"product","2":"type-product","3":"status-publish","4":"has-post-thumbnail","6":"product_brand-jnr","7":"product_cat-jnr","8":"product_cat-16000-puffs-disposable-vape","9":"product_cat-big-puffs-vapes","10":"product_cat-crystal-vapes","11":"product_cat-different-puffs-of-diposable-vapes","12":"product_cat-digital-box-vapes","13":"product_cat-disposable-vape-types","14":"product_cat-disposable-vapes-in-austria","15":"product_cat-disposable-vapes-in-belgium","16":"product_cat-disposable-vapes-in-europe","17":"product_cat-disposable-vapes-in-france","18":"product_cat-disposable-vapes-in-germany","19":"product_cat-disposable-vapes-in-hungary","20":"product_cat-disposable-vapes-in-ltaly","21":"product_cat-disposable-vapes-in-netherlands","22":"product_cat-disposable-vapes-in-norway","23":"product_cat-disposable-vapes-in-poland","24":"product_cat-disposable-vapes-in-portugal","25":"product_cat-disposable-vapes-in-spain","26":"product_cat-disposable-vapes-in-sweden","27":"product_cat-disposable-vapes-in-switzerland","28":"product_cat-dual-mesh-vapes","29":"product_cat-rechargeable-vapes","30":"product_cat-smart-screen-vapes","32":"first","33":"instock","34":"shipping-taxable","35":"purchasable","36":"product-type-variable","37":"has-default-attributes"},"jetpack_sharing_enabled":true,"tiered_pricing_type":"fixed","tiered_pricing_fixed_rules":{"30":9.1400000000000005684341886080801486968994140625,"50":7.96999999999999975131004248396493494510650634765625,"100":7.19000000000000039079850466805510222911834716796875,"200":6.80999999999999960920149533194489777088165283203125,"400":6.21999999999999975131004248396493494510650634765625},"tiered_pricing_product_settings":{"layout":"default","base_unit_name":{"singular":null,"plural":null},"default_variation":null},"tiered_pricing_minimum_quantity":10,"tiered_pricing_roles_data":[],"tiered_pricing_percentage_rules":[],"tiered_pricing_maximum_quantity":null,"tiered_pricing_quantity_step":"10","_links":{"self":[{"href":"https:\/\/aiviouvapes.com\/fr\/wp-json\/wp\/v2\/product\/25380","targetHints":{"allow":["GET"]}}],"collection":[{"href":"https:\/\/aiviouvapes.com\/fr\/wp-json\/wp\/v2\/product"}],"about":[{"href":"https:\/\/aiviouvapes.com\/fr\/wp-json\/wp\/v2\/types\/product"}],"replies":[{"embeddable":true,"href":"https:\/\/aiviouvapes.com\/fr\/wp-json\/wp\/v2\/comments?post=25380"}],"wp:featuredmedia":[{"embeddable":true,"href":"https:\/\/aiviouvapes.com\/fr\/wp-json\/wp\/v2\/media\/25381"}],"wp:attachment":[{"href":"https:\/\/aiviouvapes.com\/fr\/wp-json\/wp\/v2\/media?parent=25380"}],"wp:term":[{"taxonomy":"product_brand","embeddable":true,"href":"https:\/\/aiviouvapes.com\/fr\/wp-json\/wp\/v2\/product_brand?post=25380"},{"taxonomy":"product_cat","embeddable":true,"href":"https:\/\/aiviouvapes.com\/fr\/wp-json\/wp\/v2\/product_cat?post=25380"},{"taxonomy":"product_tag","embeddable":true,"href":"https:\/\/aiviouvapes.com\/fr\/wp-json\/wp\/v2\/product_tag?post=25380"}],"curies":[{"name":"wp","href":"https:\/\/api.w.org\/{rel}","templated":true}]}}