{"id":24616,"date":"2024-11-09T14:42:54","date_gmt":"2024-11-09T06:42:54","guid":{"rendered":"https:\/\/aiviouvapes.com\/?post_type=product&#038;p=24616"},"modified":"2025-12-30T17:14:46","modified_gmt":"2025-12-30T09:14:46","slug":"mrvi-winning-30k-puffs-2-5-nicotine-rechargeable-bulk-buy-disposable-vape-wholesale","status":"publish","type":"product","link":"https:\/\/aiviouvapes.com\/fr\/product\/mrvi-winning-30k-puffs-2-5-nicotine-rechargeable-bulk-buy-disposable-vape-wholesale\/","title":{"rendered":"MRVI WINNING 30000 Puffs | 2%-5% nicotine, 35mL, 800mAh, bulk disposable vape"},"content":{"rendered":"<p><iframe title=\"VideoPress Lecteur vid\u00e9o\" aria-label='VideoPress Lecteur vid\u00e9o' width='1020' height='574' src='https:\/\/videopress.com\/embed\/13e6MPsk?hd=0&amp;cover=1' frameborder='0' allowfullscreen allow='clipboard-write'><\/iframe><script src='https:\/\/v0.wordpress.com\/js\/next\/videopress-iframe.js?m=1739540970'><\/script><\/p>\n<h2><strong>MRVI WINNING 30K - 30 000 bouff\u00e9es de vapeur jetables<\/strong><\/h2>\n<p>La vape jetable MRVI WINNING 30K est con\u00e7ue pour une exp\u00e9rience de vapotage imbattable, d\u00e9livrant jusqu'\u00e0 30 000 bouff\u00e9es. Sa technologie avanc\u00e9e garantit un plaisir prolong\u00e9 de la saveur, ce qui la rend parfaite pour les vapoteurs exp\u00e9riment\u00e9s comme pour les nouveaux venus.<\/p>\n<p>Con\u00e7u avec une g\u00e9n\u00e9reuse capacit\u00e9 d'e-liquide de 35mL et une batterie de 800mAh, le MRVI WINNING 30K promet un plaisir de vapotage doux et ininterrompu. Cet appareil \u00e9l\u00e9gant et portable se glisse facilement dans votre poche, ce qui le rend id\u00e9al pour une utilisation \u00e0 domicile ou pour le vapotage en d\u00e9placement.<\/p>\n<p>Dot\u00e9e d'une bobine mesh de qualit\u00e9 sup\u00e9rieure, la MRVI WINNING 30K offre une saveur intense et satisfaisante \u00e0 chaque bouff\u00e9e. Personnalisez votre exp\u00e9rience avec deux options de taux de nicotine - 2% et 5% - et profitez de la commodit\u00e9 d'un port Type-C \u00e0 chargement rapide pour un temps d'arr\u00eat minimal entre les sessions.<\/p>\n<h3>MRVI WINNING 30000 Puff Produit phare :<\/h3>\n<ul>\n<li><strong>Nombre de bouff\u00e9es :<\/strong> Jusqu'\u00e0 30 000 bouff\u00e9es pour des sessions de vapotage prolong\u00e9es<\/li>\n<li><strong>Capacit\u00e9 d'e-liquide :<\/strong> 35mL pour moins de recharges et plus de temps de vapotage<\/li>\n<li><strong>Capacit\u00e9 de la batterie :<\/strong> 800mAh pour une performance durable<\/li>\n<li><strong>Intensit\u00e9 de la nicotine :<\/strong> Choisissez entre 2% et 5% selon vos pr\u00e9f\u00e9rences<\/li>\n<li><strong>Port de charge :<\/strong> Chargement rapide de type C pour des recharges rapides<\/li>\n<li><strong>Technologie de la bobine de maille :<\/strong> Vapeur douce et homog\u00e8ne avec une qualit\u00e9 d'ar\u00f4me am\u00e9lior\u00e9e<\/li>\n<\/ul>\n<h3>MRVI WINNING 30000 Puff Saveurs disponibles :<\/h3>\n<p>Myrtille Past\u00e8que, Cerise Citron, Glace Bleu Razz, Baies m\u00e9lang\u00e9es, Glace Fraise, Glace Past\u00e8que, P\u00eache juteuse, Ananas Mangue, Glace Raisin, Pomme acide.<\/p>\n<p>Explorez une gamme passionnante de saveurs qui s'adressent \u00e0 tous les palais, des favoris fruit\u00e9s comme la past\u00e8que \u00e0 la myrtille et la p\u00eache juteuse aux options glac\u00e9es comme la glace \u00e0 la fraise et la glace au raisin. Chaque saveur est soigneusement \u00e9labor\u00e9e pour offrir une exp\u00e9rience riche et agr\u00e9able.<\/p>\n<h3>MRVI WINNING 30000 Puff Bulk &amp; Individual Purchase Opportunity :<\/h3>\n<p>MRVI WINNING 30000 Puff est le choix parfait pour tous ceux qui recherchent la long\u00e9vit\u00e9, la qualit\u00e9 et une large s\u00e9lection de saveurs. Offrant jusqu'\u00e0 30 000 bouff\u00e9es, un chargement rapide en Type-C et des performances fiables, cette vape haut de gamme offre une valeur exceptionnelle et une exp\u00e9rience m\u00e9morable, que vous achetiez en gros pour votre entreprise ou \u00e0 l'unit\u00e9 pour votre plaisir personnel.<\/p>\n<h4>MRVI WINNING 30K puffs | 2% 5% nicotine, e-liquide 35 ml, r\u00e9sistance en maille, batterie 800 mAh, rechargeable type C, jusqu&#039;\u00e0 30 000 bouff\u00e9es, achat en gros de vape jetable<\/h4>\n<p><img data-recalc-dims=\"1\" loading=\"lazy\" decoding=\"async\" class=\"alignnone size-full wp-image-24620\" title=\"MRVI WINNING 30K Puffs 2% 5% Nicotine Rechargeable Bulk Buy Disposable Vape Wholesale\" src=\"https:\/\/i0.wp.com\/aiviouvapes.com\/wp-content\/uploads\/2024\/11\/%E5%BE%AE%E4%BF%A1%E5%9B%BE%E7%89%87_20240924171847.jpg?resize=1020%2C1020&#038;ssl=1\" alt=\"MRVI WINNING 30K Puffs 2% 5% Nicotine Rechargeable Bulk Buy Disposable Vape Wholesale\" width=\"1020\" height=\"1020\" srcset=\"https:\/\/i0.wp.com\/aiviouvapes.com\/wp-content\/uploads\/2024\/11\/%E5%BE%AE%E4%BF%A1%E5%9B%BE%E7%89%87_20240924171847.jpg?w=1600&amp;ssl=1 1600w, https:\/\/i0.wp.com\/aiviouvapes.com\/wp-content\/uploads\/2024\/11\/%E5%BE%AE%E4%BF%A1%E5%9B%BE%E7%89%87_20240924171847.jpg?resize=300%2C300&amp;ssl=1 300w, https:\/\/i0.wp.com\/aiviouvapes.com\/wp-content\/uploads\/2024\/11\/%E5%BE%AE%E4%BF%A1%E5%9B%BE%E7%89%87_20240924171847.jpg?resize=1024%2C1024&amp;ssl=1 1024w, https:\/\/i0.wp.com\/aiviouvapes.com\/wp-content\/uploads\/2024\/11\/%E5%BE%AE%E4%BF%A1%E5%9B%BE%E7%89%87_20240924171847.jpg?resize=150%2C150&amp;ssl=1 150w, https:\/\/i0.wp.com\/aiviouvapes.com\/wp-content\/uploads\/2024\/11\/%E5%BE%AE%E4%BF%A1%E5%9B%BE%E7%89%87_20240924171847.jpg?resize=768%2C768&amp;ssl=1 768w, https:\/\/i0.wp.com\/aiviouvapes.com\/wp-content\/uploads\/2024\/11\/%E5%BE%AE%E4%BF%A1%E5%9B%BE%E7%89%87_20240924171847.jpg?resize=1536%2C1536&amp;ssl=1 1536w, https:\/\/i0.wp.com\/aiviouvapes.com\/wp-content\/uploads\/2024\/11\/%E5%BE%AE%E4%BF%A1%E5%9B%BE%E7%89%87_20240924171847.jpg?resize=12%2C12&amp;ssl=1 12w, https:\/\/i0.wp.com\/aiviouvapes.com\/wp-content\/uploads\/2024\/11\/%E5%BE%AE%E4%BF%A1%E5%9B%BE%E7%89%87_20240924171847.jpg?resize=800%2C800&amp;ssl=1 800w, https:\/\/i0.wp.com\/aiviouvapes.com\/wp-content\/uploads\/2024\/11\/%E5%BE%AE%E4%BF%A1%E5%9B%BE%E7%89%87_20240924171847.jpg?resize=100%2C100&amp;ssl=1 100w\" sizes=\"auto, (max-width: 1020px) 100vw, 1020px\" \/><\/p>\n<p>&nbsp;<\/p>","protected":false},"excerpt":{"rendered":"<p>MRVI WINNING 30K Vape jetable offre jusqu'\u00e0 30 000 bouff\u00e9es avec une capacit\u00e9 d'e-liquide de 35mL et une batterie de 800mAh pour un vapotage prolong\u00e9 et fluide. Dot\u00e9e d'une bobine en maille, d'une charge rapide de type C et d'une vari\u00e9t\u00e9 de saveurs, elle est parfaite pour les vapoteurs occasionnels et chevronn\u00e9s.<\/p>","protected":false},"featured_media":24621,"comment_status":"open","ping_status":"closed","template":"","meta":[],"product_brand":[229],"product_cat":[33,131,320,90,117,81,76,134,135,133,136,137,146,138,139,140,141,142,143,144,145,79,132,82],"product_tag":[],"class_list":{"0":"post-24616","1":"product","2":"type-product","3":"status-publish","4":"has-post-thumbnail","6":"product_brand-mrvi","7":"product_cat-mrvi","8":"product_cat-30000-puffs-disposable-vape","9":"product_cat-best-disposable-vapes","10":"product_cat-big-puffs-vapes","11":"product_cat-different-puffs-of-diposable-vapes","12":"product_cat-digital-box-vapes","13":"product_cat-disposable-vape-types","14":"product_cat-disposable-vapes-in-austria","15":"product_cat-disposable-vapes-in-belgium","16":"product_cat-disposable-vapes-in-europe","17":"product_cat-disposable-vapes-in-france","18":"product_cat-disposable-vapes-in-germany","19":"product_cat-disposable-vapes-in-hungary","20":"product_cat-disposable-vapes-in-ltaly","21":"product_cat-disposable-vapes-in-netherlands","22":"product_cat-disposable-vapes-in-norway","23":"product_cat-disposable-vapes-in-poland","24":"product_cat-disposable-vapes-in-portugal","25":"product_cat-disposable-vapes-in-spain","26":"product_cat-disposable-vapes-in-sweden","27":"product_cat-disposable-vapes-in-switzerland","28":"product_cat-dual-mesh-vapes","29":"product_cat-rechargeable-vapes","30":"product_cat-smart-screen-vapes","32":"first","33":"instock","34":"shipping-taxable","35":"purchasable","36":"product-type-variable","37":"has-default-attributes"},"jetpack_sharing_enabled":true,"tiered_pricing_type":"fixed","tiered_pricing_fixed_rules":[],"tiered_pricing_product_settings":{"layout":"default","base_unit_name":{"singular":null,"plural":null},"default_variation":null},"tiered_pricing_minimum_quantity":1000,"tiered_pricing_roles_data":[],"tiered_pricing_percentage_rules":[],"tiered_pricing_maximum_quantity":null,"tiered_pricing_quantity_step":"10","_links":{"self":[{"href":"https:\/\/aiviouvapes.com\/fr\/wp-json\/wp\/v2\/product\/24616","targetHints":{"allow":["GET"]}}],"collection":[{"href":"https:\/\/aiviouvapes.com\/fr\/wp-json\/wp\/v2\/product"}],"about":[{"href":"https:\/\/aiviouvapes.com\/fr\/wp-json\/wp\/v2\/types\/product"}],"replies":[{"embeddable":true,"href":"https:\/\/aiviouvapes.com\/fr\/wp-json\/wp\/v2\/comments?post=24616"}],"wp:featuredmedia":[{"embeddable":true,"href":"https:\/\/aiviouvapes.com\/fr\/wp-json\/wp\/v2\/media\/24621"}],"wp:attachment":[{"href":"https:\/\/aiviouvapes.com\/fr\/wp-json\/wp\/v2\/media?parent=24616"}],"wp:term":[{"taxonomy":"product_brand","embeddable":true,"href":"https:\/\/aiviouvapes.com\/fr\/wp-json\/wp\/v2\/product_brand?post=24616"},{"taxonomy":"product_cat","embeddable":true,"href":"https:\/\/aiviouvapes.com\/fr\/wp-json\/wp\/v2\/product_cat?post=24616"},{"taxonomy":"product_tag","embeddable":true,"href":"https:\/\/aiviouvapes.com\/fr\/wp-json\/wp\/v2\/product_tag?post=24616"}],"curies":[{"name":"wp","href":"https:\/\/api.w.org\/{rel}","templated":true}]}}