{"id":117908,"date":"2026-03-26T18:57:59","date_gmt":"2026-03-26T10:57:59","guid":{"rendered":"https:\/\/aiviouvapes.com\/?post_type=product&#038;p=117908"},"modified":"2026-04-17T10:32:59","modified_gmt":"2026-04-17T02:32:59","slug":"bang-legend-geek-300k","status":"publish","type":"product","link":"https:\/\/aiviouvapes.com\/fr\/product\/bang-legend-geek-300k\/","title":{"rendered":"Bang Legend Geek 300K | 8-in-1 flavor switch, 300000 bouff\u00e9es, rechargeable, bulk disposable vape"},"content":{"rendered":"<h2>Rencontrez le Bang Legend Geek 300K \u26a1<\/h2>\n<p>Pr\u00eat pour le prochain niveau de vapotage jetable ? Les <strong>Bang Legend Geek 300K<\/strong> est une b\u00eate de somme <strong>jusqu'\u00e0 300 000 bouff\u00e9es<\/strong> et un syst\u00e8me innovant de <strong>Syst\u00e8me de changement d'ar\u00f4me 8 en 1<\/strong> en un seul appareil futuriste. Avec son design audacieux d'inspiration geek, son puissant mesh coil et sa batterie Type-C rechargeable, il est con\u00e7u pour les vapoteurs qui recherchent un maximum de performances et de vari\u00e9t\u00e9. Pour les boutiques et les grossistes, il s'agit d'une r\u00e9f\u00e9rence tr\u00e8s demand\u00e9e dans la cat\u00e9gorie des m\u00e9ga-souffles.<\/p>\n<h2>Pourquoi choisir Bang Legend Geek 300K ? \u2705<\/h2>\n<ul>\n<li><strong>Commutateur d'ar\u00f4mes 8 en 1<\/strong>-Huit modes d'ar\u00f4mes dans un seul appareil pour une vari\u00e9t\u00e9 maximale \ud83d\ude0b<\/li>\n<li><strong>Jusqu'\u00e0 300 000 bouff\u00e9es<\/strong> pour une utilisation tr\u00e8s longue et moins de changements d'appareils \ud83d\udd25<\/li>\n<li><strong>Technologie de la bobine de maille<\/strong> pour une saveur audacieuse et douce et une vapeur dense \u2601\ufe0f<\/li>\n<li><strong>Batterie rechargeable de type C<\/strong> pour une utilisation quotidienne pratique \u26a1<\/li>\n<li><strong>Design futuriste de style geek<\/strong>-Un look audacieux inspir\u00e9 de la technologie qui se d\u00e9marque \ud83c\udfae<\/li>\n<li><strong>Syst\u00e8me de flux d'air intelligent<\/strong> pour un tirage en douceur et satisfaisant \u00e0 chaque fois<\/li>\n<li><strong>Dessin activ\u00e9<\/strong>-Pas de bouton, il suffit d'inhaler et de savourer<\/li>\n<li><strong>Id\u00e9al pour les magasins et les grossistes<\/strong>-Nombre de bouff\u00e9es om\u00e9ga + fonction 8 en 1 = vente rapide \ud83d\udce6<\/li>\n<\/ul>\n<h2>Bang Legend Geek 300K Sp\u00e9cifications \ud83d\udccc<\/h2>\n<table>\n<tbody>\n<tr>\n<td><strong>Nom du produit<\/strong><\/td>\n<td>Bang Legend Geek 300K Vape jetable<\/td>\n<\/tr>\n<tr>\n<td><strong>Bouff\u00e9es max<\/strong><\/td>\n<td>Jusqu'\u00e0 300 000 bouff\u00e9es<\/td>\n<\/tr>\n<tr>\n<td><strong>Syst\u00e8me d'ar\u00f4mes<\/strong><\/td>\n<td>Chambre d'ar\u00f4mes 8 en 1<\/td>\n<\/tr>\n<tr>\n<td><strong>Bobine<\/strong><\/td>\n<td>Bobine de maille<\/td>\n<\/tr>\n<tr>\n<td><strong>Intensit\u00e9 de la nicotine<\/strong><\/td>\n<td>0% \/ 2% \/ 3% \/ 5%<\/td>\n<\/tr>\n<tr>\n<td><strong>Batterie<\/strong><\/td>\n<td>Rechargeable<\/td>\n<\/tr>\n<tr>\n<td><strong>Chargement<\/strong><\/td>\n<td>USB Type-C<\/td>\n<\/tr>\n<tr>\n<td><strong>Conception<\/strong><\/td>\n<td>Style geek futuriste<\/td>\n<\/tr>\n<tr>\n<td><strong>Activation<\/strong><\/td>\n<td>Dessin activ\u00e9 (pas de boutons)<\/td>\n<\/tr>\n<\/tbody>\n<\/table>\n<h2>Combinaisons de saveurs 8-en-1 (13 options) \ud83c\udf53\ud83c\udf49\ud83e\uddca\ud83c\udf49\ud83e\uddca<\/h2>\n<p>Chaque Bang Legend Geek 300K est dot\u00e9 d'un syst\u00e8me innovant de contr\u00f4le de la qualit\u00e9. <strong>Syst\u00e8me de changement d'ar\u00f4me 8 en 1<\/strong>. Chaque appareil comprend quatre ar\u00f4mes de base et quatre combinaisons de m\u00e9langes automatiques (1+2, 2+3, 3+4, 4+1), ce qui vous permet d'obtenir \u00e0 la fois des ar\u00f4mes purs et des m\u00e9langes de go\u00fbts en une seule vaporisation.<\/p>\n<table>\n<thead>\n<tr>\n<th>Non.<\/th>\n<th>Combo d'ar\u00f4mes (4 ar\u00f4mes principaux)<\/th>\n<\/tr>\n<\/thead>\n<tbody>\n<tr>\n<td>1<\/td>\n<td><strong>Mamba<\/strong> \/ <strong>P\u00eache Mangue Past\u00e8que<\/strong> \/ <strong>Boisson \u00e9nerg\u00e9tique<\/strong> \/ <strong>Glace de raisin<\/strong><\/td>\n<\/tr>\n<tr>\n<td>2<\/td>\n<td><strong>Fruit de la passion Mangue<\/strong> \/ <strong>P\u00eache Ananas<\/strong> \/ <strong>Myrtille Framboise<\/strong> \/ <strong>Glace \u00e0 la past\u00e8que<\/strong><\/td>\n<\/tr>\n<tr>\n<td>3<\/td>\n<td><strong>Citron Orange Sourde<\/strong> \/ <strong>Mangue P\u00eache<\/strong> \/ <strong>Glace \u00e0 la past\u00e8que<\/strong> \/ <strong>Glace aux baies<\/strong><\/td>\n<\/tr>\n<tr>\n<td>4<\/td>\n<td><strong>Pomme Poire<\/strong> \/ <strong>Fraise Mangue<\/strong> \/ <strong>Past\u00e8que \u00e0 la fraise<\/strong> \/ <strong>Glace aux myrtilles<\/strong><\/td>\n<\/tr>\n<tr>\n<td>5<\/td>\n<td><strong>Past\u00e8que Baies<\/strong> \/ <strong>Mangue P\u00eache Abricot<\/strong> \/ <strong>Fraise Kiwi<\/strong> \/ <strong>P\u00eache Mangue Past\u00e8que<\/strong><\/td>\n<\/tr>\n<tr>\n<td>6<\/td>\n<td><strong>Heure d'\u00e9t\u00e9<\/strong> \/ <strong>Glace \u00e0 la mangue<\/strong> \/ <strong>Love 66<\/strong> \/ <strong>Mangue acide Ananas<\/strong><\/td>\n<\/tr>\n<tr>\n<td>7<\/td>\n<td><strong>Kiwi Fruit de la passion Goyave<\/strong> \/ <strong>Glace de raisin<\/strong> \/ <strong>Baiser passionn\u00e9<\/strong> \/ <strong>Melon d'eau P\u00eache acide<\/strong><\/td>\n<\/tr>\n<tr>\n<td>8<\/td>\n<td><strong>Past\u00e8que Fruit du dragon<\/strong> \/ <strong>Pomme Poire<\/strong> \/ <strong>Fruit de la passion Kiwi Citron vert<\/strong> \/ <strong>P\u00eache aux myrtilles<\/strong><\/td>\n<\/tr>\n<tr>\n<td>9<\/td>\n<td><strong>Fraise et banane<\/strong> \/ <strong>Past\u00e8que Baies<\/strong> \/ <strong>Glace aux myrtilles<\/strong> \/ <strong>Glace de Fuji<\/strong><\/td>\n<\/tr>\n<tr>\n<td>10<\/td>\n<td><strong>Ours en gomme<\/strong> \/ <strong>Baies m\u00e9lang\u00e9es<\/strong> \/ <strong>Past\u00e8que \u00e0 la fraise<\/strong> \/ <strong>Romance au citron vert<\/strong><\/td>\n<\/tr>\n<tr>\n<td>11<\/td>\n<td><strong>Gomme \u00e0 m\u00e2cher \u00e0 la past\u00e8que<\/strong> \/ <strong>Glace p\u00eache myrtille<\/strong> \/ <strong>Cantaloup Pomme<\/strong> \/ <strong>Fraise et banane<\/strong><\/td>\n<\/tr>\n<tr>\n<td>12<\/td>\n<td><strong>Melon d'eau P\u00eache acide<\/strong> \/ <strong>Glace aux myrtilles<\/strong> \/ <strong>Cerisier de Californie<\/strong> \/ <strong>Fraise Mangue<\/strong><\/td>\n<\/tr>\n<\/tbody>\n<\/table>\n<p>\ud83c\udf00 Du fruit\u00e9 au glac\u00e9 en passant par le bonbon et la boisson \u00e9nergisante, il y a une combinaison pour tous les go\u00fbts.<\/p>\n<h2>Comment fonctionne le syst\u00e8me d'ar\u00f4mes 8-en-1 \ud83d\udd04<\/h2>\n<p>Le Bang Legend Geek 300K utilise un <strong>Chambre d'ar\u00f4mes 8 en 1<\/strong> avec 4 ar\u00f4mes de base par appareil. En plus des 4 ar\u00f4mes purs, l'appareil cr\u00e9e automatiquement 4 combinaisons de m\u00e9langes (1+2, 2+3, 3+4, 4+1), ce qui vous donne <strong>8 exp\u00e9riences gustatives uniques<\/strong> \u00e0 partir d'un seul appareil. Simple, amusant et parfait pour les vapoteurs qui s'ennuient facilement.<\/p>\n<h2>Con\u00e7u pour le commerce de d\u00e9tail et de gros \ud83c\udfea\ud83d\udce6<\/h2>\n<p>Les <strong>Bang Legend Geek 300K<\/strong> est parfaitement adapt\u00e9 \u00e0 <strong>grands utilisateurs<\/strong> qui souhaitent une performance maximale de la houppette, <strong>chasseurs de saveurs<\/strong> qui aiment passer d'un go\u00fbt \u00e0 l'autre, et <strong>magasins de vape<\/strong> qui veulent un produit haut de gamme \u00e0 l'allure futuriste et audacieuse. Pour les <strong>distributeurs et grossistes<\/strong>, Le nombre de bouff\u00e9es de 300 000 et la fonction 8 en 1 en font un leader de la cat\u00e9gorie - forte demande, marges importantes et achats r\u00e9p\u00e9t\u00e9s.<\/p>\n<h2>Bang Legend Geek 300K FAQ \u2753<\/h2>\n<h3>Combien de bouff\u00e9es le Bang Legend Geek 300K offre-t-il ?<\/h3>\n<p>Jusqu&#039;\u00e0 <strong>300000 bouff\u00e9es<\/strong>, ce qui en fait l'une des vapes jetables ayant la plus grande capacit\u00e9 disponible.<\/p>\n<h3>Comment fonctionne le syst\u00e8me d'ar\u00f4mes 8 en 1 ?<\/h3>\n<p>Chaque appareil a <strong>4 saveurs principales<\/strong>. Le syst\u00e8me cr\u00e9e \u00e9galement 4 combinaisons automatiques (1+2, 2+3, 3+4, 4+1), pour un total de <strong>8 modes de saveurs uniques<\/strong>. \ud83d\udd04<\/p>\n<h3>Ce dispositif est-il rechargeable ?<\/h3>\n<p>Oui, il est \u00e9quip\u00e9 d'une batterie rechargeable et d'un syst\u00e8me d'alarme. <strong>USB Type-C<\/strong> port de charge. \u26a1<\/p>\n<h3>Quels sont les taux de nicotine disponibles ?<\/h3>\n<p>Il prend en charge <strong>0%<\/strong>, <strong>2%<\/strong>, <strong>3%<\/strong>et <strong>5%<\/strong> des options de nicotine pour diff\u00e9rents march\u00e9s.<\/p>\n<h3>Quel type de bobine utilise-t-il ?<\/h3>\n<p>Il utilise un <strong>bobine de maille<\/strong> pour des frappes douces et des saveurs riches. \u2601\ufe0f<\/p>\n<h3>Est-ce que c'est bon pour les boutiques de vape et les commandes en gros ?<\/h3>\n<p>Oui. La fonction 8 en 1, le nombre de bouff\u00e9es m\u00e9ga et le design futuriste en font un choix judicieux pour les personnes suivantes <strong>\u00e9tag\u00e8res de vente au d\u00e9tail<\/strong> et <strong>distribution en vrac<\/strong>. \ud83d\udce6<\/p>\n<h3>Combien de combinaisons de saveurs sont disponibles ?<\/h3>\n<p>Il y a <strong>13 combinaisons de saveurs<\/strong> \u00e0 choisir (12 combinaisons nomm\u00e9es + 1 option m\u00e9lang\u00e9e al\u00e9atoire pour une livraison rapide).<\/p>","protected":false},"excerpt":{"rendered":"<p>Bang Legend Geek 300K 8-en-1 vape jetable avec 300000 bouff\u00e9es, mesh coil, recharge Type-C, et 13 combinaisons de saveurs. Design futuriste de style geek avec commutation multi-saveurs-parfait pour les acheteurs au d\u00e9tail et en gros. \u2728<\/p>\n<h3>\ud83d\udc49Ce produit est en stock dans notre entrep\u00f4t de l'UE !<\/h3>\n<h4>\ud83c\udf89Supprimez l'attente : <strong>Livraison en 5-7 jours \u00e0 partir de notre site europ\u00e9en<\/strong> (pour l'entrep\u00f4t par d\u00e9faut <strong>Teneur en nicotine 2%<\/strong> uniquement).<\/h4>\n<p><span style=\"font-size: 75%;\"><em>\ud83d\udd39 La plupart des commandes sont exp\u00e9di\u00e9es depuis notre entrep\u00f4t europ\u00e9en si celui-ci est disponible. Occasionnellement, en cas de rupture de stock, nous exp\u00e9dions depuis la Chine.<\/em><\/span><\/p>","protected":false},"featured_media":117909,"comment_status":"open","ping_status":"closed","template":"","meta":[],"product_brand":[239],"product_cat":[37,336,320,90,280,76,133,136,137,138,139,141,143,132],"product_tag":[493,547,544,545,546,349,478],"class_list":{"0":"post-117908","1":"product","2":"type-product","3":"status-publish","4":"has-post-thumbnail","6":"product_brand-bang","7":"product_cat-bang","8":"product_cat-100k-puffs-disposable-vape","9":"product_cat-best-disposable-vapes","10":"product_cat-big-puffs-vapes","11":"product_cat-cheap-rechargeable-disposable-vapes","12":"product_cat-disposable-vape-types","13":"product_cat-disposable-vapes-in-europe","14":"product_cat-disposable-vapes-in-france","15":"product_cat-disposable-vapes-in-germany","16":"product_cat-disposable-vapes-in-ltaly","17":"product_cat-disposable-vapes-in-netherlands","18":"product_cat-disposable-vapes-in-poland","19":"product_cat-disposable-vapes-in-spain","20":"product_cat-rechargeable-vapes","21":"product_tag-300000-puffs-vape","22":"product_tag-300k-disposable-vape","23":"product_tag-8-in-1-flavor-vape","24":"product_tag-bang-legend-geek","25":"product_tag-bang-legend-geek-300k","26":"product_tag-bulk-disposable-vape","27":"product_tag-high-puff-disposable-vape","29":"first","30":"instock","31":"shipping-taxable","32":"purchasable","33":"product-type-variable","34":"has-default-attributes"},"jetpack_sharing_enabled":true,"tiered_pricing_type":"fixed","tiered_pricing_fixed_rules":{"30":9.9000000000000003552713678800500929355621337890625,"50":8.5800000000000000710542735760100185871124267578125,"100":7.79000000000000003552713678800500929355621337890625,"200":7.4000000000000003552713678800500929355621337890625,"400":6.8499999999999996447286321199499070644378662109375},"tiered_pricing_product_settings":{"layout":"default","base_unit_name":{"singular":null,"plural":null},"default_variation":null},"tiered_pricing_minimum_quantity":10,"tiered_pricing_roles_data":[],"tiered_pricing_percentage_rules":[],"tiered_pricing_maximum_quantity":null,"tiered_pricing_quantity_step":"10","_links":{"self":[{"href":"https:\/\/aiviouvapes.com\/fr\/wp-json\/wp\/v2\/product\/117908","targetHints":{"allow":["GET"]}}],"collection":[{"href":"https:\/\/aiviouvapes.com\/fr\/wp-json\/wp\/v2\/product"}],"about":[{"href":"https:\/\/aiviouvapes.com\/fr\/wp-json\/wp\/v2\/types\/product"}],"replies":[{"embeddable":true,"href":"https:\/\/aiviouvapes.com\/fr\/wp-json\/wp\/v2\/comments?post=117908"}],"wp:featuredmedia":[{"embeddable":true,"href":"https:\/\/aiviouvapes.com\/fr\/wp-json\/wp\/v2\/media\/117909"}],"wp:attachment":[{"href":"https:\/\/aiviouvapes.com\/fr\/wp-json\/wp\/v2\/media?parent=117908"}],"wp:term":[{"taxonomy":"product_brand","embeddable":true,"href":"https:\/\/aiviouvapes.com\/fr\/wp-json\/wp\/v2\/product_brand?post=117908"},{"taxonomy":"product_cat","embeddable":true,"href":"https:\/\/aiviouvapes.com\/fr\/wp-json\/wp\/v2\/product_cat?post=117908"},{"taxonomy":"product_tag","embeddable":true,"href":"https:\/\/aiviouvapes.com\/fr\/wp-json\/wp\/v2\/product_tag?post=117908"}],"curies":[{"name":"wp","href":"https:\/\/api.w.org\/{rel}","templated":true}]}}