{"id":115739,"date":"2026-03-17T09:45:58","date_gmt":"2026-03-17T01:45:58","guid":{"rendered":"https:\/\/aiviouvapes.com\/?post_type=product&#038;p=115739"},"modified":"2026-04-07T10:00:10","modified_gmt":"2026-04-07T02:00:10","slug":"happ-bar-gr100k-pro","status":"publish","type":"product","link":"https:\/\/aiviouvapes.com\/fr\/product\/happ-bar-gr100k-pro\/","title":{"rendered":"Happ Bar GR100K Pro | 100000 bouff\u00e9es, 56ml, mesh coil, 15 saveurs, bulk disposable vape"},"content":{"rendered":"<h2>D\u00e9couvrez le Happ Bar GR100K Pro \ud83d\udd25<\/h2>\n<p>Vous cherchez un vaporisateur jetable qui ne s'arr\u00eate jamais ? La vape <strong>Happ Bar GR100K Pro<\/strong> fournit jusqu'\u00e0 <strong>100000 bouff\u00e9es<\/strong> avec un \u00e9norme <strong>56ml<\/strong> de capacit\u00e9 d'e-liquide, le tout dans un design \u00e9l\u00e9gant et accrocheur. Il s'agit de l'appareil le plus r\u00e9cent et le plus puissant de la s\u00e9rie Happ Bar GR, con\u00e7u pour les vapoteurs qui ne veulent pas remplacer constamment leur appareil, et un compl\u00e9ment intelligent pour les boutiques et les acheteurs en gros \u00e0 la recherche d'un produit tr\u00e8s demand\u00e9.<\/p>\n<h2>Pourquoi choisir Happ Bar GR100K Pro ? \u2705<\/h2>\n<ul>\n<li><strong>Jusqu'\u00e0 100 000 bouff\u00e9es<\/strong> pour une vaporisation de tr\u00e8s longue dur\u00e9e - moins de remplacements, plus de plaisir \ud83d\udd25<\/li>\n<li><strong>Capacit\u00e9 de 56 ml d'e-liquide<\/strong> pour pouvoir vaper pendant des semaines sans en manquer<\/li>\n<li><strong>Bobine \u00e0 mailles de 1,0\u03a9<\/strong> pour une vapeur douce, homog\u00e8ne et savoureuse \u00e0 chaque fois \u2601\ufe0f<\/li>\n<li><strong>Batterie rechargeable de 650mAh<\/strong> avec charge de type C pour une mise en marche rapide \u26a1<\/li>\n<li><strong>15 saveurs d\u00e9licieuses<\/strong> allant des m\u00e9langes fruit\u00e9s aux m\u00e9langes classiques en passant par les m\u00e9langes glac\u00e9s \ud83c\udf53<\/li>\n<li><strong>Options de nicotine : 2% et 5%<\/strong> pour s'adapter \u00e0 diff\u00e9rents march\u00e9s et pr\u00e9f\u00e9rences<\/li>\n<li><strong>Design embl\u00e9matique de la s\u00e9rie GR<\/strong>-Am\u00e9lioration des mod\u00e8les populaires GR30K et GR50K<\/li>\n<li><strong>Id\u00e9al pour les magasins et les grossistes<\/strong>-cat\u00e9gorie de bouff\u00e9e de 100K tr\u00e8s demand\u00e9e qui se d\u00e9place rapidement \ud83d\udce6<\/li>\n<\/ul>\n<h2>Happ Bar GR100K Pro Sp\u00e9cifications \ud83d\udccc<\/h2>\n<table>\n<tbody>\n<tr>\n<td><strong>Nom du produit<\/strong><\/td>\n<td>Happ Bar GR100K Pro Vape jetable<\/td>\n<\/tr>\n<tr>\n<td><strong>Bouff\u00e9es max<\/strong><\/td>\n<td>Jusqu'\u00e0 100 000 bouff\u00e9es<\/td>\n<\/tr>\n<tr>\n<td><strong>Capacit\u00e9 en e-liquide<\/strong><\/td>\n<td>56ml<\/td>\n<\/tr>\n<tr>\n<td><strong>Bobine<\/strong><\/td>\n<td>Mesh Coil 1.0\u03a9<\/td>\n<\/tr>\n<tr>\n<td><strong>Intensit\u00e9 de la nicotine<\/strong><\/td>\n<td>2% \/ 5%<\/td>\n<\/tr>\n<tr>\n<td><strong>Batterie<\/strong><\/td>\n<td>650mAh<\/td>\n<\/tr>\n<tr>\n<td><strong>Chargement<\/strong><\/td>\n<td>USB Type-C Rechargeable<\/td>\n<\/tr>\n<\/tbody>\n<\/table>\n<h2>Happ Bar GR100K Pro Flavor List \ud83c\udf53\ud83c\udf49\ud83e\uddca\ud83c\udf49\ud83e\uddca<\/h2>\n<p>Le GR100K Pro est disponible en <strong>15 saveurs \u00e9tonnantes<\/strong>-Des fruits glac\u00e9s rafra\u00eechissants aux m\u00e9langes sucr\u00e9s inspir\u00e9s des bonbons. Il y en a pour tous les go\u00fbts !<\/p>\n<ul>\n<li><strong>Glace \u00e0 la noix de coco et au melon<\/strong> - La noix de coco cr\u00e9meuse rencontre le melon sucr\u00e9 avec un final frais \ud83e\udd65\ud83c\udf48\ud83c\udf48<\/li>\n<li><strong>Limonade rose<\/strong> - limonade rose douce et acidul\u00e9e, lumineuse et rafra\u00eechissante \ud83c\udf4b\ud83d\udc97\ud83d\udc97<\/li>\n<li><strong>Gr\u00eale de citron<\/strong> - citron piquant avec un souffle glac\u00e9 \ud83c\udf4b\ud83e\uddca\ud83e\uddca<\/li>\n<li><strong>San Francisco<\/strong> - un m\u00e9lange unique d'orange, de citron et de p\u00eache \ud83c\udf4a\ud83c\udf51<\/li>\n<li><strong>Glace aux fruits tropicaux<\/strong> - fruits tropicaux exotiques avec une touche de piment \ud83c\udf34\u2744\ufe0f<\/li>\n<li><strong>Montagne bleue<\/strong> - menthe fra\u00eeche m\u00e9lang\u00e9e \u00e0 des baies rouges \ud83e\uded0\ud83e\uddca\ud83e\uddca<\/li>\n<li><strong>Love 66<\/strong> - une saveur sucr\u00e9e et myst\u00e9rieuse inspir\u00e9e des bonbons \ud83d\udc9c<\/li>\n<li><strong>Fraise Kiwi<\/strong> - Combinaison classique de fraises et de kiwis, fra\u00eeche et fruit\u00e9e \ud83c\udf53\ud83e\udd5d\ud83e\udd5d<\/li>\n<li><strong>Glace \u00e0 la past\u00e8que<\/strong> - past\u00e8que juteuse avec un fini givr\u00e9 \ud83c\udf49\u2744\ufe0f<\/li>\n<li><strong>Dragon noir glace \u00e0 la fraise<\/strong> - Le fruit du dragon rencontre la fraise sucr\u00e9e avec de la glace \ud83d\udc09\ud83c\udf53\ud83c\udf53<\/li>\n<li><strong>Past\u00e8que \u00e0 la fraise<\/strong> - duo fraise et past\u00e8que \ud83c\udf53\ud83c\udf49<\/li>\n<li><strong>Mr Blue<\/strong> - un classique frais, bleu framboise \ud83d\udc99<\/li>\n<li><strong>Gr\u00eale de p\u00eache<\/strong> - p\u00eache m\u00fbre avec une temp\u00eate glac\u00e9e \ud83c\udf51\ud83e\uddca\ud83e\uddca<\/li>\n<li><strong>R\u00eave d'\u00e9t\u00e9<\/strong> - un m\u00e9lange estival doux et fruit\u00e9 \ud83c\udf1e<\/li>\n<li><strong>Glace \u00e0 la fraise bleue<\/strong> - myrtille et fraise avec une touche de fra\u00eecheur \ud83e\uded0\ud83c\udf53\u2744\ufe0f<\/li>\n<\/ul>\n<h2>Con\u00e7u pour le commerce de d\u00e9tail et de gros \ud83c\udfea\ud83d\udce6<\/h2>\n<p>Les <strong>Happ Bar GR100K Pro<\/strong> est parfaitement adapt\u00e9 \u00e0 <strong>gros vapoteurs<\/strong> qui veulent un appareil qui dure, <strong>amateurs de saveurs<\/strong> qui aiment la vari\u00e9t\u00e9 avec 15 options, et <strong>magasins de vape<\/strong> \u00e0 la recherche d'un attrait de premier ordre en rayon avec le design embl\u00e9matique de la s\u00e9rie GR. Pour les <strong>distributeurs et grossistes<\/strong>, La cat\u00e9gorie des 100 000 bouff\u00e9es est l'un des segments \u00e0 la croissance la plus rapide. Cet appareil remplit toutes les conditions gr\u00e2ce \u00e0 son nombre \u00e9lev\u00e9 de bouff\u00e9es, sa capacit\u00e9 g\u00e9n\u00e9reuse en e-liquide et sa large gamme d'ar\u00f4mes.<\/p>\n<h2>Happ Bar GR100K Pro FAQ \u2753<\/h2>\n<h3>Combien de bouff\u00e9es le Happ Bar GR100K Pro donne-t-il ?<\/h3>\n<p>Il d\u00e9livre jusqu'\u00e0 <strong>100000 bouff\u00e9es<\/strong>, Ce qui en fait l'une des vapes jetables les plus durables du march\u00e9. \ud83d\udd25<\/p>\n<h3>Le Happ Bar GR100K Pro est-il rechargeable ?<\/h3>\n<p>Oui, il a une <strong>650mAh<\/strong> batterie avec <strong>USB Type-C<\/strong> pour des recharges rapides et faciles. \u26a1<\/p>\n<h3>Quels sont les taux de nicotine disponibles ?<\/h3>\n<p>Il se pr\u00e9sente sous la forme suivante <strong>2%<\/strong> et <strong>5%<\/strong> les taux de nicotine pour r\u00e9pondre aux diff\u00e9rentes pr\u00e9f\u00e9rences et aux r\u00e9glementations du march\u00e9.<\/p>\n<h3>Quelle bobine le GR100K Pro utilise-t-il ?<\/h3>\n<p>Il utilise un <strong>Bobine \u00e0 mailles de 1,0\u03a9<\/strong> pour une production de vapeur douce, r\u00e9guli\u00e8re et savoureuse. \u2601\ufe0f<\/p>\n<h3>Quelle est la quantit\u00e9 d'e-liquide contenue dans l'appareil ?<\/h3>\n<p>Il est pr\u00e9-rempli avec <strong>56ml<\/strong> de e-liquide de qualit\u00e9 sup\u00e9rieure pour une dur\u00e9e de vaporisation prolong\u00e9e.<\/p>\n<h3>Combien de saveurs sont disponibles ?<\/h3>\n<p>Il y a <strong>15 saveurs<\/strong> \u00e0 choisir, y compris des options fruit\u00e9es, glac\u00e9es, sucr\u00e9es et tropicales. \ud83c\udf53<\/p>\n<h3>Est-ce que c'est bon pour les boutiques de vape et les commandes en gros ?<\/h3>\n<p>Absolument. La cat\u00e9gorie des 100 000 bouff\u00e9es est extr\u00eamement populaire et la s\u00e9rie GR b\u00e9n\u00e9ficie d'une forte reconnaissance de la marque, ce qui en fait un excellent choix pour <strong>\u00e9tag\u00e8res de vente au d\u00e9tail<\/strong> et <strong>distribution en vrac<\/strong>. \ud83d\udce6<\/p>","protected":false},"excerpt":{"rendered":"<p>Happ Bar GR100K Pro vape jetable avec 100000 bouff\u00e9es, 56ml e-liquide, mesh coil, et recharge Type-C. 15 saveurs audacieuses \u00e0 choisir-parfaites pour les acheteurs au d\u00e9tail et en gros. \u2728<\/p>","protected":false},"featured_media":115780,"comment_status":"open","ping_status":"closed","template":"","meta":[],"product_brand":[531],"product_cat":[336,320,90,280,133,522,521,132],"product_tag":[428,447,446,479,523,525,524,358],"class_list":{"0":"post-115739","1":"product","2":"type-product","3":"status-publish","4":"has-post-thumbnail","6":"product_brand-happ","7":"product_cat-100k-puffs-disposable-vape","8":"product_cat-best-disposable-vapes","9":"product_cat-big-puffs-vapes","10":"product_cat-cheap-rechargeable-disposable-vapes","11":"product_cat-disposable-vapes-in-europe","12":"product_cat-happ-bar","13":"product_cat-new","14":"product_cat-rechargeable-vapes","15":"product_tag-100000-puffs-disposable-vape","16":"product_tag-100000-puffs-vape-wholesale","17":"product_tag-100k-disposable-vape","18":"product_tag-100k-puffs-vape","19":"product_tag-happ-bar","20":"product_tag-happ-bar-disposable-vape","21":"product_tag-happ-bar-gr100k-pro","22":"product_tag-rechargeable-100000-puff-disposable-vape","24":"first","25":"instock","26":"shipping-taxable","27":"purchasable","28":"product-type-variable","29":"has-default-attributes"},"jetpack_sharing_enabled":true,"tiered_pricing_type":"fixed","tiered_pricing_fixed_rules":{"100":7.38999999999999968025576890795491635799407958984375,"200":6.87000000000000010658141036401502788066864013671875,"400":6.61000000000000031974423109204508364200592041015625},"tiered_pricing_product_settings":{"layout":"default","base_unit_name":{"singular":null,"plural":null},"default_variation":null},"tiered_pricing_minimum_quantity":50,"tiered_pricing_roles_data":[],"tiered_pricing_percentage_rules":[],"tiered_pricing_maximum_quantity":null,"tiered_pricing_quantity_step":"10","_links":{"self":[{"href":"https:\/\/aiviouvapes.com\/fr\/wp-json\/wp\/v2\/product\/115739","targetHints":{"allow":["GET"]}}],"collection":[{"href":"https:\/\/aiviouvapes.com\/fr\/wp-json\/wp\/v2\/product"}],"about":[{"href":"https:\/\/aiviouvapes.com\/fr\/wp-json\/wp\/v2\/types\/product"}],"replies":[{"embeddable":true,"href":"https:\/\/aiviouvapes.com\/fr\/wp-json\/wp\/v2\/comments?post=115739"}],"wp:featuredmedia":[{"embeddable":true,"href":"https:\/\/aiviouvapes.com\/fr\/wp-json\/wp\/v2\/media\/115780"}],"wp:attachment":[{"href":"https:\/\/aiviouvapes.com\/fr\/wp-json\/wp\/v2\/media?parent=115739"}],"wp:term":[{"taxonomy":"product_brand","embeddable":true,"href":"https:\/\/aiviouvapes.com\/fr\/wp-json\/wp\/v2\/product_brand?post=115739"},{"taxonomy":"product_cat","embeddable":true,"href":"https:\/\/aiviouvapes.com\/fr\/wp-json\/wp\/v2\/product_cat?post=115739"},{"taxonomy":"product_tag","embeddable":true,"href":"https:\/\/aiviouvapes.com\/fr\/wp-json\/wp\/v2\/product_tag?post=115739"}],"curies":[{"name":"wp","href":"https:\/\/api.w.org\/{rel}","templated":true}]}}