{"id":110979,"date":"2026-02-26T23:47:30","date_gmt":"2026-02-26T15:47:30","guid":{"rendered":"https:\/\/aiviouvapes.com\/?post_type=product&#038;p=110979"},"modified":"2026-04-07T09:59:54","modified_gmt":"2026-04-07T01:59:54","slug":"bang-box-50k","status":"publish","type":"product","link":"https:\/\/aiviouvapes.com\/fr\/product\/bang-box-50k\/","title":{"rendered":"Bang Box 50K | 50ml 50000 bouff\u00e9es, double saveur, \u00e9cran LCD, 850mAh rechargeable, vape jetable en gros"},"content":{"rendered":"<h3>\ud83d\udd25Bang Box 50K 50000 bouff\u00e9es | dual flavor bulk disposable vape with LCD screen<\/h3>\n<p><strong>Bang Box 50K jetable vape<\/strong> est con\u00e7u pour les vapoteurs s\u00e9rieux et les acheteurs en gros qui exigent puissance, long\u00e9vit\u00e9 et innovation en mati\u00e8re de saveurs. D\u00e9livrant jusqu'\u00e0 <strong>50 000 bouff\u00e9es<\/strong>, Cet appareil de grande capacit\u00e9 \u00e0 double ar\u00f4me allie performance et commodit\u00e9 dans un seul appareil \u00e9l\u00e9gant.<\/p>\n<p>\u00c9quip\u00e9 d'un <strong>Bobine \u00e0 mailles de 1,0\u03a9<\/strong>, <strong>50ml d'e-liquide premium<\/strong>et un <strong>batterie rechargeable 850mAh<\/strong>, Le Bang Box 50K assure une production de vapeur fluide et une saveur constante de la premi\u00e8re \u00e0 la derni\u00e8re bouff\u00e9e. Le syst\u00e8me de vaporisation <strong>\u00e9cran num\u00e9rique \u00e0 cristaux liquides<\/strong> indique clairement les niveaux de batterie et d'e-liquide, ce qui permet \u00e0 l'utilisateur d'avoir un contr\u00f4le total.<\/p>\n<p>Avec <strong>d\u00e9bit d'air r\u00e9glable<\/strong> et plusieurs taux de nicotine (0%, 2%, 3%, 5%), il satisfait \u00e0 la fois les chasseurs de nuages et les utilisateurs de nicotine. Parfait pour les rayons des d\u00e9taillants, les boutiques de vapotage et les canaux de distribution en gros.<\/p>\n<h3>\u2699 Bang Box 50K Sp\u00e9cifications<\/h3>\n<table>\n<tbody>\n<tr>\n<th>Fonctionnalit\u00e9<\/th>\n<th>D\u00e9tails<\/th>\n<\/tr>\n<tr>\n<td>Nombre de bouff\u00e9es<\/td>\n<td>Jusqu'\u00e0 50 000 bouff\u00e9es<\/td>\n<\/tr>\n<tr>\n<td>Capacit\u00e9 en e-liquide<\/td>\n<td>50ml<\/td>\n<\/tr>\n<tr>\n<td>Batterie<\/td>\n<td>850mAh rechargeable<\/td>\n<\/tr>\n<tr>\n<td>Bobine<\/td>\n<td>Bobine de maille de 1,0 \u03a9<\/td>\n<\/tr>\n<tr>\n<td>Intensit\u00e9 de la nicotine<\/td>\n<td>0% \/ 2% \/ 3% \/ 5%<\/td>\n<\/tr>\n<tr>\n<td>Affichage<\/td>\n<td>\u00c9cran LCD (batterie + indicateur de liquide)<\/td>\n<\/tr>\n<tr>\n<td>D\u00e9bit d'air<\/td>\n<td>R\u00e9glable<\/td>\n<\/tr>\n<tr>\n<td>Options de saveur<\/td>\n<td>12 combinaisons de saveurs<\/td>\n<\/tr>\n<\/tbody>\n<\/table>\n<h3>\ud83c\udf53 Bang Box 50K Flavor Combos (Dual Taste)<\/h3>\n<table>\n<tbody>\n<tr>\n<th>Saveur A<\/th>\n<th>Saveur B<\/th>\n<\/tr>\n<tr>\n<td>Fraise Kiwi<\/td>\n<td>Double raisin<\/td>\n<\/tr>\n<tr>\n<td>Jus de p\u00eache<\/td>\n<td>Limonade Blue Razz<\/td>\n<\/tr>\n<tr>\n<td>Ananas Mangue P\u00eache<\/td>\n<td>Fraise et cerise<\/td>\n<\/tr>\n<tr>\n<td>Glace Myrtille Framboise Acidul\u00e9e<\/td>\n<td>M\u00e9lange de fruits<\/td>\n<\/tr>\n<tr>\n<td>Glace aux myrtilles<\/td>\n<td>Soda au citron et au cola<\/td>\n<\/tr>\n<tr>\n<td>Bonbons \u00e0 la fraise et \u00e0 la framboise<\/td>\n<td>Love 666<\/td>\n<\/tr>\n<tr>\n<td>Glace \u00e0 la fraise<\/td>\n<td>Fruit de la passion<\/td>\n<\/tr>\n<tr>\n<td>Past\u00e8que Bubblegum<\/td>\n<td>Past\u00e8que \u00e0 la fraise<\/td>\n<\/tr>\n<tr>\n<td>Glace du dragon noir<\/td>\n<td>Mangue P\u00eache Past\u00e8que<\/td>\n<\/tr>\n<tr>\n<td>Pomme Poire<\/td>\n<td>Kiwi Fruit de la passion Goyave<\/td>\n<\/tr>\n<tr>\n<td>Glace Blue Razz<\/td>\n<td>Citron vert<\/td>\n<\/tr>\n<tr>\n<td>Red Bull<\/td>\n<td>Glace \u00e0 la past\u00e8que<\/td>\n<\/tr>\n<\/tbody>\n<\/table>\n<h3>\ud83c\udf08 Bang Box 50K Saveurs disponibles<\/h3>\n<p>Fraise, kiwi et raisin double | Jus de p\u00eache et limonade Blue Razz | Ananas, mangue, p\u00eache et fraise, cerise | Glace myrtille, framboise et fruits m\u00e9lang\u00e9s | Glace myrtille et soda au citron Cola | Fraise, framboise, bonbon et amour 666 | Glace fraise &amp; fruit de la passion | Glace past\u00e8que Bubblegum &amp; past\u00e8que fraise | Glace dragon noir &amp; past\u00e8que p\u00eache mangue | Goyave pomme poire &amp; kiwi fruit de la passion | Glace Blue Razz &amp; citron vert | Red Bull &amp; glace past\u00e8que<\/p>\n<h3>\ud83d\ude80 Pourquoi choisir Bang Box 50K ?<\/h3>\n<ul>\n<li>\u2714 Capacit\u00e9 massive de 50 000 bouff\u00e9es pour une utilisation \u00e0 long terme<\/li>\n<li>\u2714 Double changement de saveur pour une exp\u00e9rience de vapotage dynamique<\/li>\n<li>\u00c9cran LCD pour une surveillance intelligente de la batterie et des liquides<\/li>\n<li>\u2714 Flux d'air r\u00e9glable pour un tirage personnalis\u00e9<\/li>\n<li>\u2714 Bobine en maille pour une vapeur plus douce et plus riche<\/li>\n<li>\u2714 Plusieurs taux de nicotine pour diff\u00e9rents march\u00e9s<\/li>\n<li>\u2714 Id\u00e9al pour les grossistes, les distributeurs et les boutiques de vape.<\/li>\n<\/ul>\n<p>Que vous soyez un <strong>utilisateur intensif \u00e0 la recherche de performances accrues<\/strong>, un <strong>chasseur de saveurs voulant de la vari\u00e9t\u00e9<\/strong>ou un <strong>les boutiques de vape s'approvisionnent en best-sellers \u00e0 forte marge<\/strong>, Le Bang Box 50K offre une qualit\u00e9 sup\u00e9rieure, un fort attrait en rayon et une valeur de gros fiable. Il est con\u00e7u pour les ventes \u00e0 haut volume et les clients r\u00e9guliers.<\/p>\n<h3>\u2753 Bang Box 50K FAQ<\/h3>\n<p><strong>Q1 : Le Bang Box 50K est-il rechargeable ?<\/strong><br \/>\nOui, il dispose d'une batterie rechargeable de 850mAh pour assurer une utilisation compl\u00e8te de l'e-liquide de 50ml.<\/p>\n<p><strong>Q2 : Comment les utilisateurs savent-ils quand ils doivent recharger ?<\/strong><br \/>\nL'\u00e9cran num\u00e9rique LCD affiche clairement le pourcentage de la batterie et le niveau d'e-liquide.<\/p>\n<p><strong>Q3 : Les clients peuvent-ils passer d'une saveur \u00e0 l'autre ?<\/strong><br \/>\nOui, il s'agit d'un vaporisateur jetable \u00e0 deux ar\u00f4mes, permettant aux utilisateurs de profiter de deux ar\u00f4mes dans un seul appareil.<\/p>\n<p><strong>Q4 : Quels sont les taux de nicotine disponibles ?<\/strong><br \/>\nLes options de nicotine 0%, 2%, 3% et 5% sont disponibles pour r\u00e9pondre aux diff\u00e9rentes demandes du march\u00e9.<\/p>\n<p><strong>Q5 : Ce produit est-il adapt\u00e9 aux commandes en gros ?<\/strong><br \/>\nAbsolument. Le nombre \u00e9lev\u00e9 de bouff\u00e9es, la double saveur et l'attrait de la vente au d\u00e9tail en font un produit id\u00e9al pour l'achat en gros et la distribution.<\/p>","protected":false},"excerpt":{"rendered":"<p>Bang Box 50000 bouff\u00e9es avec 50ml d'e-liquide, \u00e9cran LCD, batterie rechargeable 850mAh, airflow r\u00e9glable, pr\u00eat pour la vente en gros.<\/p>","protected":false},"featured_media":110981,"comment_status":"open","ping_status":"closed","template":"","meta":[],"product_brand":[239],"product_cat":[37],"product_tag":[508,510,394,509],"class_list":{"0":"post-110979","1":"product","2":"type-product","3":"status-publish","4":"has-post-thumbnail","6":"product_brand-bang","7":"product_cat-bang","8":"product_tag-50ml-rechargeable-vape-850mah","9":"product_tag-bulk-wholesale-disposable-vape","10":"product_tag-dual-flavor-disposable-vape","11":"product_tag-lcd-screen-disposable-vape","13":"first","14":"instock","15":"shipping-taxable","16":"purchasable","17":"product-type-variable","18":"has-default-attributes"},"jetpack_sharing_enabled":true,"tiered_pricing_type":"fixed","tiered_pricing_fixed_rules":{"30":8.8100000000000004973799150320701301097869873046875,"50":7.2599999999999997868371792719699442386627197265625,"100":6.7400000000000002131628207280300557613372802734375,"200":6.089999999999999857891452847979962825775146484375,"400":5.57000000000000028421709430404007434844970703125},"tiered_pricing_product_settings":{"layout":"default","base_unit_name":{"singular":null,"plural":null},"default_variation":null},"tiered_pricing_minimum_quantity":10,"tiered_pricing_roles_data":[],"tiered_pricing_percentage_rules":[],"tiered_pricing_maximum_quantity":null,"tiered_pricing_quantity_step":"10","_links":{"self":[{"href":"https:\/\/aiviouvapes.com\/fr\/wp-json\/wp\/v2\/product\/110979","targetHints":{"allow":["GET"]}}],"collection":[{"href":"https:\/\/aiviouvapes.com\/fr\/wp-json\/wp\/v2\/product"}],"about":[{"href":"https:\/\/aiviouvapes.com\/fr\/wp-json\/wp\/v2\/types\/product"}],"replies":[{"embeddable":true,"href":"https:\/\/aiviouvapes.com\/fr\/wp-json\/wp\/v2\/comments?post=110979"}],"wp:featuredmedia":[{"embeddable":true,"href":"https:\/\/aiviouvapes.com\/fr\/wp-json\/wp\/v2\/media\/110981"}],"wp:attachment":[{"href":"https:\/\/aiviouvapes.com\/fr\/wp-json\/wp\/v2\/media?parent=110979"}],"wp:term":[{"taxonomy":"product_brand","embeddable":true,"href":"https:\/\/aiviouvapes.com\/fr\/wp-json\/wp\/v2\/product_brand?post=110979"},{"taxonomy":"product_cat","embeddable":true,"href":"https:\/\/aiviouvapes.com\/fr\/wp-json\/wp\/v2\/product_cat?post=110979"},{"taxonomy":"product_tag","embeddable":true,"href":"https:\/\/aiviouvapes.com\/fr\/wp-json\/wp\/v2\/product_tag?post=110979"}],"curies":[{"name":"wp","href":"https:\/\/api.w.org\/{rel}","templated":true}]}}