{"id":110883,"date":"2026-02-26T23:42:34","date_gmt":"2026-02-26T15:42:34","guid":{"rendered":"https:\/\/aiviouvapes.com\/?post_type=product&#038;p=110883"},"modified":"2026-03-17T11:12:02","modified_gmt":"2026-03-17T03:12:02","slug":"bang-box-160k","status":"publish","type":"product","link":"https:\/\/aiviouvapes.com\/fr\/product\/bang-box-160k\/","title":{"rendered":"Bang Box 160K | 4-en-1 160000 bouff\u00e9es, quadruple saveur, 1.0\u03a9 mesh coil, LCD display, 0%-5% nicotine, rechargeable bulk disposable vape"},"content":{"rendered":"<h3>\ud83d\udd25 Bang Box 160K 4-en-1 Vape jetable Vue d'ensemble<\/h3>\n<p>Rencontrez le <strong>Bang Box 160K 4-en-1 Vape jetable<\/strong> - un appareil puissant con\u00e7u pour une long\u00e9vit\u00e9 extr\u00eame, des performances gustatives audacieuses et un attrait commercial. Con\u00e7u avec <strong>quatre saveurs en un seul appareil<\/strong>, Ce produit jetable de grande capacit\u00e9 d\u00e9livre jusqu'\u00e0 <strong>160 000 bouff\u00e9es<\/strong> avec un d\u00e9bit r\u00e9gulier et une production de vapeur constante.<\/p>\n<p>\u00c9quip\u00e9 d'un <strong>Bobine \u00e0 mailles de 1,0\u03a9<\/strong>, <strong>\u00c9cran LCD<\/strong>et <strong>Batterie Type-C rechargeable de 650mAh<\/strong>, Le Bang Box 160K associe une technologie de pointe \u00e0 une polyvalence de saveurs. Parfait pour les gros utilisateurs, les boutiques de vape, les distributeurs et les acheteurs en vrac \u00e0 la recherche d'un produit premium \u00e0 forte marge. \ud83d\udca8\u26a1<\/p>\n<h3>\u2699\ufe0f Bang Box 160K 4-en-1 Sp\u00e9cifications<\/h3>\n<table>\n<tbody>\n<tr>\n<td><strong>Nom de l'appareil<\/strong><\/td>\n<td>Bang Box 160K 4-en-1 Vape jetable<\/td>\n<\/tr>\n<tr>\n<td><strong>Nombre de bouff\u00e9es<\/strong><\/td>\n<td>Jusqu'\u00e0 160 000 bouff\u00e9es<\/td>\n<\/tr>\n<tr>\n<td><strong>Syst\u00e8me d'ar\u00f4mes<\/strong><\/td>\n<td>4 ar\u00f4mes en 1 appareil<\/td>\n<\/tr>\n<tr>\n<td><strong>Intensit\u00e9 de la nicotine<\/strong><\/td>\n<td>0% \/ 2% \/ 3% \/ 5%<\/td>\n<\/tr>\n<tr>\n<td><strong>Capacit\u00e9 de la batterie<\/strong><\/td>\n<td>650mAh Rechargeable<\/td>\n<\/tr>\n<tr>\n<td><strong>Port de charge<\/strong><\/td>\n<td>Type-C<\/td>\n<\/tr>\n<tr>\n<td><strong>Type de bobine<\/strong><\/td>\n<td>Bobine de maille de 1,0 \u03a9<\/td>\n<\/tr>\n<tr>\n<td><strong>Affichage<\/strong><\/td>\n<td>\u00c9cran LCD<\/td>\n<\/tr>\n<tr>\n<td><strong>Options de saveur<\/strong><\/td>\n<td>10 \u00e9ditions quadri-ar\u00f4mes<\/td>\n<\/tr>\n<\/tbody>\n<\/table>\n<h3>\ud83c\udf53 Bang Box 160K 4-in-1 Flavor Combos (4-in-1 Editions)<\/h3>\n<table>\n<tbody>\n<tr>\n<td><strong>\u00c9dition<\/strong><\/td>\n<td><strong>Saveur 1<\/strong><\/td>\n<td><strong>Saveur 2<\/strong><\/td>\n<td><strong>Saveur 3<\/strong><\/td>\n<td><strong>Saveur 4<\/strong><\/td>\n<\/tr>\n<tr>\n<td>01<\/td>\n<td>Cerise Canneberge<\/td>\n<td>Triple baie<\/td>\n<td>Pitaya \u00e0 la fraise<\/td>\n<td>Past\u00e8que Bubblegum<\/td>\n<\/tr>\n<tr>\n<td>02<\/td>\n<td>Glace de raisin<\/td>\n<td>Glace au litchi<\/td>\n<td>P\u00eache Baies<\/td>\n<td>Kiwi Fruit de la passion Goyave<\/td>\n<\/tr>\n<tr>\n<td>03<\/td>\n<td>Citron vert<\/td>\n<td>Glace \u00e0 la fraise<\/td>\n<td>Melon d'eau \u00e0 la framboise<\/td>\n<td>Mangue P\u00eache<\/td>\n<\/tr>\n<tr>\n<td>04<\/td>\n<td>Citron vert<\/td>\n<td>Glace \u00e0 la past\u00e8que<\/td>\n<td>Glace noire Fruit du dragon Fraise<\/td>\n<td>Love66<\/td>\n<\/tr>\n<tr>\n<td>05<\/td>\n<td>Past\u00e8que \u00e0 la fraise<\/td>\n<td>Limonade rose<\/td>\n<td>Triple Honeydew<\/td>\n<td>Glace du dragon noir<\/td>\n<\/tr>\n<tr>\n<td>06<\/td>\n<td>Mangue acide Ananas<\/td>\n<td>Soda au citron et au cola<\/td>\n<td>P\u00eache Baies<\/td>\n<td>Fraise et banane<\/td>\n<\/tr>\n<tr>\n<td>07<\/td>\n<td>Fraise Mangue<\/td>\n<td>Fraise Vanille Cola<\/td>\n<td>Glace Blue Razz<\/td>\n<td>Fraise Kiwi<\/td>\n<\/tr>\n<tr>\n<td>08<\/td>\n<td>Past\u00e8que \u00e0 la fraise<\/td>\n<td>Red Bull<\/td>\n<td>Glace \u00e0 la p\u00eache juteuse<\/td>\n<td>Rafra\u00eechissement au pamplemousse<\/td>\n<\/tr>\n<tr>\n<td>09<\/td>\n<td>Vanilla Cola<\/td>\n<td>P\u00eache au citron<\/td>\n<td>Glace fraise framboise cerise<\/td>\n<td>Glace de raisin<\/td>\n<\/tr>\n<tr>\n<td>10<\/td>\n<td>Glace \u00e0 la past\u00e8que<\/td>\n<td>Fraise Mangue<\/td>\n<td>Glace aux myrtilles<\/td>\n<td>Cerise p\u00e9tillante<\/td>\n<\/tr>\n<\/tbody>\n<\/table>\n<h3>\ud83d\udc8e Pourquoi choisir Bang Box 160K ?<\/h3>\n<ul>\n<li>\ud83d\udd25 Massive <strong>160 000 bouff\u00e9es<\/strong> capacit\u00e9 d'utilisation \u00e0 long terme<\/li>\n<li>\ud83c\udfaf Changement de saveur 4 en 1 pour une vari\u00e9t\u00e9 maximale<\/li>\n<li>\u26a1 Batterie rechargeable de 650mAh avec charge rapide Type-C<\/li>\n<li>\ud83d\udcca \u00c9cran LCD intelligent pour le contr\u00f4le de la batterie et de l'utilisation<\/li>\n<li>\ud83d\udca8 1.0\u03a9 mesh coil pour une production de vapeur douce et dense<\/li>\n<li>\ud83d\udce6 Id\u00e9al pour la distribution en gros et les ventes au d\u00e9tail \u00e0 marge \u00e9lev\u00e9e<\/li>\n<li>\ud83c\udf0d Plusieurs options de nicotine pour r\u00e9pondre \u00e0 la demande du march\u00e9<\/li>\n<\/ul>\n<h3>\ud83d\ude80 Parfait pour les acheteurs au d\u00e9tail et en gros<\/h3>\n<p>Le Bang Box 160K est con\u00e7u pour <strong>grands utilisateurs<\/strong> qui exigent de l'endurance, <strong>chasseurs de saveurs<\/strong> qui ont soif de vari\u00e9t\u00e9, et <strong>boutiques et distributeurs de vape<\/strong> recherche un appareil haut de gamme de grande capacit\u00e9 qui se d\u00e9marque dans les rayons. Son syst\u00e8me \u00e0 quatre ar\u00f4mes, sa longue dur\u00e9e de vie et son \u00e9cran LCD moderne en font un compl\u00e9ment puissant \u00e0 tout stock en vrac.<\/p>\n<p>Si vous ciblez les clients de vape jetable \u00e0 haut volume ou si vous \u00e9largissez votre catalogue de vente en gros avec un appareil de niveau sup\u00e9rieur, le Bang Box 160K 4-en-1 est con\u00e7u pour g\u00e9n\u00e9rer des ventes r\u00e9p\u00e9t\u00e9es et de fortes marges b\u00e9n\u00e9ficiaires. \ud83d\udcbc\ud83d\udca8<\/p>\n<h3>\u2753 FAQ<\/h3>\n<p><strong>Q1 : Quelle est la dur\u00e9e de vie du Bang Box 160K ?<\/strong><br \/>\nIl permet de tirer jusqu'\u00e0 160 000 bouff\u00e9es en fonction des habitudes d'utilisation et du choix du taux de nicotine.<\/p>\n<p><strong>Q2 : L'appareil est-il rechargeable ?<\/strong><br \/>\nOui. Il est dot\u00e9 d'une batterie rechargeable de 650mAh avec prise en charge de la charge Type-C.<\/p>\n<p><strong>Q3 : Les utilisateurs peuvent-ils passer d'une saveur \u00e0 l'autre ?<\/strong><br \/>\nOui. Chaque appareil comprend quatre saveurs int\u00e9gr\u00e9es dans une seule unit\u00e9.<\/p>\n<p><strong>Q4 : Quels sont les taux de nicotine disponibles ?<\/strong><br \/>\nDisponible dans les options de nicotine 0%, 2%, 3% et 5%.<\/p>\n<p><strong>Q5 : Ce produit est-il adapt\u00e9 aux commandes en gros ?<\/strong><br \/>\nAbsolument. Le Bang Box 160K est con\u00e7u pour les acheteurs en gros, les distributeurs et les d\u00e9taillants de vape \u00e0 la recherche d'appareils jetables de grande capacit\u00e9 et \u00e0 forte demande.<\/p>","protected":false},"excerpt":{"rendered":"<p>Bang Box 160K 4-en-1 vape jetable offre 160000 bouff\u00e9es, des saveurs quadruples, une puissance de mesh coil et une commodit\u00e9 de recharge pour les acheteurs au d\u00e9tail et en gros.<\/p>","protected":false},"featured_media":110978,"comment_status":"open","ping_status":"closed","template":"","meta":[],"product_brand":[239],"product_cat":[37,126,127],"product_tag":[506,351,507,468],"class_list":{"0":"post-110883","1":"product","2":"type-product","3":"status-publish","4":"has-post-thumbnail","6":"product_brand-bang","7":"product_cat-bang","8":"product_cat-15000-puffs-disposable-vape","9":"product_cat-16000-puffs-disposable-vape","10":"product_tag-160000-puffs-disposable-vape","11":"product_tag-4-in-1-flavor-vape","12":"product_tag-high-capacity-mesh-coil-vape","13":"product_tag-rechargeable-bulk-disposable-vape","15":"first","16":"instock","17":"shipping-taxable","18":"purchasable","19":"product-type-variable","20":"has-default-attributes"},"jetpack_sharing_enabled":true,"tiered_pricing_type":"fixed","tiered_pricing_fixed_rules":{"30":9.4000000000000003552713678800500929355621337890625,"50":7.839999999999999857891452847979962825775146484375,"100":7.32000000000000028421709430404007434844970703125,"200":6.79999999999999982236431605997495353221893310546875,"400":6.160000000000000142108547152020037174224853515625},"tiered_pricing_product_settings":{"layout":"default","base_unit_name":{"singular":null,"plural":null},"default_variation":null},"tiered_pricing_minimum_quantity":10,"tiered_pricing_roles_data":[],"tiered_pricing_percentage_rules":[],"tiered_pricing_maximum_quantity":null,"tiered_pricing_quantity_step":"10","_links":{"self":[{"href":"https:\/\/aiviouvapes.com\/fr\/wp-json\/wp\/v2\/product\/110883","targetHints":{"allow":["GET"]}}],"collection":[{"href":"https:\/\/aiviouvapes.com\/fr\/wp-json\/wp\/v2\/product"}],"about":[{"href":"https:\/\/aiviouvapes.com\/fr\/wp-json\/wp\/v2\/types\/product"}],"replies":[{"embeddable":true,"href":"https:\/\/aiviouvapes.com\/fr\/wp-json\/wp\/v2\/comments?post=110883"}],"wp:featuredmedia":[{"embeddable":true,"href":"https:\/\/aiviouvapes.com\/fr\/wp-json\/wp\/v2\/media\/110978"}],"wp:attachment":[{"href":"https:\/\/aiviouvapes.com\/fr\/wp-json\/wp\/v2\/media?parent=110883"}],"wp:term":[{"taxonomy":"product_brand","embeddable":true,"href":"https:\/\/aiviouvapes.com\/fr\/wp-json\/wp\/v2\/product_brand?post=110883"},{"taxonomy":"product_cat","embeddable":true,"href":"https:\/\/aiviouvapes.com\/fr\/wp-json\/wp\/v2\/product_cat?post=110883"},{"taxonomy":"product_tag","embeddable":true,"href":"https:\/\/aiviouvapes.com\/fr\/wp-json\/wp\/v2\/product_tag?post=110883"}],"curies":[{"name":"wp","href":"https:\/\/api.w.org\/{rel}","templated":true}]}}