{"id":102546,"date":"2026-01-23T12:01:45","date_gmt":"2026-01-23T04:01:45","guid":{"rendered":"https:\/\/aiviouvapes.com\/?post_type=product&#038;p=102546"},"modified":"2026-03-17T11:13:31","modified_gmt":"2026-03-17T03:13:31","slug":"bang-leader-stoll-300k","status":"publish","type":"product","link":"https:\/\/aiviouvapes.com\/fr\/product\/bang-leader-stoll-300k\/","title":{"rendered":"BANG LEADER STOLL 300K | 6-en-1 300 000 bouff\u00e9es, rechargeable, vape jetable en gros"},"content":{"rendered":"<p><!-- Short SEO Description --><\/p>\n<p>Les <strong>BANG LEADER STOLL 300K Vape jetable<\/strong> est con\u00e7u pour les utilisateurs intensifs et les acheteurs professionnels qui veulent plus de valeur dans un seul appareil.<br \/>\nAvec une incroyable <strong>300 000 bouff\u00e9es<\/strong> et un syst\u00e8me innovant de <strong>Syst\u00e8me d'ar\u00f4mes commutable 6 en 1<\/strong>, ce produit jetable premium offre des performances durables, de la vari\u00e9t\u00e9 et de la commodit\u00e9 dans une seule unit\u00e9. \ud83d\ude80<br \/>\nParfait pour les distributeurs de vape, les grossistes et les magasins \u00e0 la recherche d'un produit haut de gamme et tr\u00e8s rentable.<\/p>\n<h2>Pourquoi choisir BANG LEADER STOLL 300K ?<\/h2>\n<ul>\n<li>\ud83d\udd25 Massive <strong>300 000 bouff\u00e9es<\/strong> capacit\u00e9 - dur\u00e9e de vie extr\u00eamement longue<\/li>\n<li>\ud83c\udf9b\ufe0f <strong>Saveurs modifiables 6 en 1<\/strong> - six go\u00fbts en un seul appareil<\/li>\n<li>\ud83d\udd0b Puissant <strong>Batterie rechargeable de 650mAh<\/strong> avec chargeur de type C<\/li>\n<li>\u2601\ufe0f Avanc\u00e9 <strong>bobine double (1.0\u03a9)<\/strong> pour des nuages doux et riches<\/li>\n<li>\ud83d\udcbc Emballage pr\u00eat \u00e0 l'emploi - id\u00e9al pour le commerce de gros et la distribution<\/li>\n<li>\u2728 Construction solide et sensation de qualit\u00e9 sup\u00e9rieure pour la vente au d\u00e9tail<\/li>\n<\/ul>\n<h2>BANG LEADER STOLL 300K Sp\u00e9cifications<\/h2>\n<table>\n<tbody>\n<tr>\n<td><strong>Capacit\u00e9 de bouff\u00e9e<\/strong><\/td>\n<td>Jusqu'\u00e0 300 000 bouff\u00e9es<\/td>\n<\/tr>\n<tr>\n<td><strong>Syst\u00e8me d'ar\u00f4mes<\/strong><\/td>\n<td>6 en 1 : go\u00fbt changeant<\/td>\n<\/tr>\n<tr>\n<td><strong>Batterie<\/strong><\/td>\n<td>Batterie 16350, 650mAh rechargeable<\/td>\n<\/tr>\n<tr>\n<td><strong>Chargement<\/strong><\/td>\n<td>Chargement rapide de type C<\/td>\n<\/tr>\n<tr>\n<td><strong>Bobine<\/strong><\/td>\n<td>Bobine double, 1.0\u03a9<\/td>\n<\/tr>\n<tr>\n<td><strong>Intensit\u00e9 de la nicotine<\/strong><\/td>\n<td>0% \/ 2% \/ 3% \/ 5% (en option)<\/td>\n<\/tr>\n<tr>\n<td><strong>Poids<\/strong><\/td>\n<td>Environ 140g par appareil<\/td>\n<\/tr>\n<tr>\n<td><strong>Emballage<\/strong><\/td>\n<td>200 pi\u00e8ces par carton (en gros)<\/td>\n<\/tr>\n<\/tbody>\n<\/table>\n<h2>BANG LEADER STOLL 300K options d'ar\u00f4mes \u2013 6-en-1 Mixes \ud83c\udf08<\/h2>\n<p>Chaque appareil comprend <strong>six saveurs diff\u00e9rentes<\/strong> dans un seul appareil. Il suffit de changer et de profiter d'un nouveau go\u00fbt \u00e0 tout moment.<\/p>\n<ul>\n<li><strong>M\u00e9lange rouge :<\/strong> Glace past\u00e8que, Red Bull, Kiwi fraise, Glace myrtille, Citron vert, Past\u00e8que fraise<\/li>\n<li><strong>M\u00e9lange tropical :<\/strong> Fraise Banane, Double Pomme, Framboise Past\u00e8que, Mangue Acide Ananas, Fruits Tropicaux, P\u00eache Citron<\/li>\n<li><strong>M\u00e9lange bleu :<\/strong> Ananas noix de coco, Blue Razz, baies m\u00e9lang\u00e9es, mangue p\u00eache, myrtille framboise, fraise vanille coca<\/li>\n<li><strong>M\u00e9lange de bonbons :<\/strong> P\u00eache Baie, Triple Melon, Raisin Glac\u00e9, Black Dragon Ice, Fizzy Cherry Ice, Gummy Bear<\/li>\n<li><strong>M\u00e9lange sucr\u00e9 :<\/strong> Rainbow Candy, Cherry Cola Ice, Love 666, Mango Ice, Blueberry Cotton Candy, Peach Ice<\/li>\n<li><strong>M\u00e9lange frais :<\/strong> Glace Aloe Lychee, Citron Rose, Glace Glacier, Menthe Aiguille de Pin, Glace Cassis, Past\u00e8que Citron<\/li>\n<\/ul>\n<p><img data-recalc-dims=\"1\" loading=\"lazy\" decoding=\"async\" class=\"alignnone size-full wp-image-102547\" src=\"https:\/\/i0.wp.com\/aiviouvapes.com\/wp-content\/uploads\/2026\/01\/BANG-LEADER-STOLL-300K-1.jpg?resize=1020%2C1905&#038;ssl=1\" alt=\",\" width=\"1020\" height=\"1905\" title=\"\" srcset=\"https:\/\/i0.wp.com\/aiviouvapes.com\/wp-content\/uploads\/2026\/01\/BANG-LEADER-STOLL-300K-1.jpg?w=1028&amp;ssl=1 1028w, https:\/\/i0.wp.com\/aiviouvapes.com\/wp-content\/uploads\/2026\/01\/BANG-LEADER-STOLL-300K-1.jpg?resize=161%2C300&amp;ssl=1 161w, https:\/\/i0.wp.com\/aiviouvapes.com\/wp-content\/uploads\/2026\/01\/BANG-LEADER-STOLL-300K-1.jpg?resize=548%2C1024&amp;ssl=1 548w, https:\/\/i0.wp.com\/aiviouvapes.com\/wp-content\/uploads\/2026\/01\/BANG-LEADER-STOLL-300K-1.jpg?resize=768%2C1434&amp;ssl=1 768w, https:\/\/i0.wp.com\/aiviouvapes.com\/wp-content\/uploads\/2026\/01\/BANG-LEADER-STOLL-300K-1.jpg?resize=822%2C1536&amp;ssl=1 822w, https:\/\/i0.wp.com\/aiviouvapes.com\/wp-content\/uploads\/2026\/01\/BANG-LEADER-STOLL-300K-1.jpg?resize=6%2C12&amp;ssl=1 6w, https:\/\/i0.wp.com\/aiviouvapes.com\/wp-content\/uploads\/2026\/01\/BANG-LEADER-STOLL-300K-1.jpg?resize=800%2C1494&amp;ssl=1 800w\" sizes=\"auto, (max-width: 1020px) 100vw, 1020px\" \/><\/p>\n<h2>\u00c0 qui cela s'adresse-t-il ?<\/h2>\n<p>Les <strong>BANG LEADER STOLL 300K<\/strong> est parfait pour <strong>grands utilisateurs<\/strong> qui souhaitent moins de remplacements,<br \/>\n<strong>chasseurs de saveurs<\/strong> qui aiment la vari\u00e9t\u00e9, et <strong>magasins de vape et grossistes<\/strong> \u00e0 la recherche d'un produit premium,<br \/>\njetable de grande capacit\u00e9 qui se distingue et se vend rapidement. \ud83d\udcbc\u2601\ufe0f<\/p>\n<h2>Foire aux questions (FAQ)<\/h2>\n<p><strong>Q : Comment charger le BANG LEADER STOLL 300K ?<\/strong><br \/>\nR : Utilisez n'importe quel c\u00e2ble de charge standard de type C. Branchez-le et il se rechargera rapidement et en toute s\u00e9curit\u00e9.<\/p>\n<p><strong>Q : Les clients peuvent-ils facilement changer d'ar\u00f4me ?<\/strong><br \/>\nR : Oui \ud83d\udc4d L'appareil est dot\u00e9 d'un syst\u00e8me de commutation int\u00e9gr\u00e9 qui permet de passer instantan\u00e9ment d'un ar\u00f4me \u00e0 l'autre.<\/p>\n<p><strong>Q : Ce produit est-il adapt\u00e9 aux commandes en gros et en masse ?<\/strong><br \/>\nR : Absolument. Il est emball\u00e9 dans des cartons de 200 pi\u00e8ces, ce qui en fait un produit id\u00e9al pour les distributeurs et les boutiques de vapotage.<\/p>\n<p><strong>Q : Qu'est-ce qui rend la bobine de maille meilleure ?<\/strong><br \/>\nR : Les bobines en maille chauffent de fa\u00e7on homog\u00e8ne, ce qui permet d'obtenir des bouff\u00e9es plus douces, des ar\u00f4mes plus prononc\u00e9s et une vapeur plus r\u00e9guli\u00e8re.<\/p>\n<p><strong>Q : Ce dispositif est-il adapt\u00e9 aux d\u00e9butants ?<\/strong><br \/>\nR : Oui \ud83d\ude0a Il est activ\u00e9 par tirage, facile \u00e0 utiliser et ne n\u00e9cessite aucune configuration - il suffit de changer de parfum et de vaper.<\/p>\n<p>Am\u00e9liorez votre gamme de produits avec le <strong>BANG LEADER STOLL 300K Vape jetable<\/strong> \u2014<br \/>\nd'\u00e9normes bouff\u00e9es, de multiples saveurs, et une s\u00e9rieuse valeur de gros. \ud83d\uded2\ud83d\udd25<\/p>","protected":false},"excerpt":{"rendered":"<p><strong>BANG LEADER STOLL 300K vape jetable<\/strong> avec 300 000 bouff\u00e9es massives, 6 saveurs commutables en 1, batterie rechargeable, et mesh coil. Id\u00e9al pour les grossistes, les acheteurs en gros et les boutiques de vapotage.<\/p>","protected":false},"featured_media":102555,"comment_status":"open","ping_status":"closed","template":"","meta":[],"product_brand":[239],"product_cat":[37,131],"product_tag":[493,494,349,492,331],"class_list":{"0":"post-102546","1":"product","2":"type-product","3":"status-publish","4":"has-post-thumbnail","6":"product_brand-bang","7":"product_cat-bang","8":"product_cat-30000-puffs-disposable-vape","9":"product_tag-300000-puffs-vape","10":"product_tag-6-in-1-disposable-vape","11":"product_tag-bulk-disposable-vape","12":"product_tag-disposable-vape-wholesale","13":"product_tag-rechargeable-disposable-vape","15":"first","16":"instock","17":"shipping-taxable","18":"purchasable","19":"product-type-variable","20":"has-default-attributes"},"jetpack_sharing_enabled":true,"tiered_pricing_type":"fixed","tiered_pricing_fixed_rules":{"30":10.2400000000000002131628207280300557613372802734375,"50":8.8100000000000004973799150320701301097869873046875,"100":8.03999999999999914734871708787977695465087890625,"200":7.6500000000000003552713678800500929355621337890625,"400":7.12999999999999989341858963598497211933135986328125},"tiered_pricing_product_settings":{"layout":"default","base_unit_name":{"singular":null,"plural":null},"default_variation":null},"tiered_pricing_minimum_quantity":10,"tiered_pricing_roles_data":[],"tiered_pricing_percentage_rules":[],"tiered_pricing_maximum_quantity":null,"tiered_pricing_quantity_step":"10","_links":{"self":[{"href":"https:\/\/aiviouvapes.com\/fr\/wp-json\/wp\/v2\/product\/102546","targetHints":{"allow":["GET"]}}],"collection":[{"href":"https:\/\/aiviouvapes.com\/fr\/wp-json\/wp\/v2\/product"}],"about":[{"href":"https:\/\/aiviouvapes.com\/fr\/wp-json\/wp\/v2\/types\/product"}],"replies":[{"embeddable":true,"href":"https:\/\/aiviouvapes.com\/fr\/wp-json\/wp\/v2\/comments?post=102546"}],"wp:featuredmedia":[{"embeddable":true,"href":"https:\/\/aiviouvapes.com\/fr\/wp-json\/wp\/v2\/media\/102555"}],"wp:attachment":[{"href":"https:\/\/aiviouvapes.com\/fr\/wp-json\/wp\/v2\/media?parent=102546"}],"wp:term":[{"taxonomy":"product_brand","embeddable":true,"href":"https:\/\/aiviouvapes.com\/fr\/wp-json\/wp\/v2\/product_brand?post=102546"},{"taxonomy":"product_cat","embeddable":true,"href":"https:\/\/aiviouvapes.com\/fr\/wp-json\/wp\/v2\/product_cat?post=102546"},{"taxonomy":"product_tag","embeddable":true,"href":"https:\/\/aiviouvapes.com\/fr\/wp-json\/wp\/v2\/product_tag?post=102546"}],"curies":[{"name":"wp","href":"https:\/\/api.w.org\/{rel}","templated":true}]}}