{"id":102365,"date":"2026-01-23T12:09:52","date_gmt":"2026-01-23T04:09:52","guid":{"rendered":"https:\/\/aiviouvapes.com\/?post_type=product&#038;p=102365"},"modified":"2026-03-17T11:12:43","modified_gmt":"2026-03-17T03:12:43","slug":"bang-box-200k","status":"publish","type":"product","link":"https:\/\/aiviouvapes.com\/fr\/product\/bang-box-200k\/","title":{"rendered":"BANG BOX 200K | 8-en-1 200 000 bouff\u00e9es, bobine quadruple, affichage de puissance, vape jetable en gros"},"content":{"rendered":"<p>Rencontrez le <strong>BANG BOX 200K<\/strong> \u2013 un v\u00e9ritable g\u00e9ant sur le march\u00e9 de la vape jetable. Con\u00e7u pour l'endurance, la vari\u00e9t\u00e9 des saveurs et la distribution professionnelle, cet appareil offre une incroyable <strong>200 000 bouff\u00e9es<\/strong> en une seule unit\u00e9 puissante. Gr\u00e2ce \u00e0 des <strong>technologie quadruple bobine<\/strong>, un <strong>affichage intelligent de la puissance<\/strong>, et un unique <strong>Syst\u00e8me d'ar\u00f4mes 8 en 1<\/strong>, il est parfait pour les utilisateurs qui en veulent plus et pour les entreprises qui exigent fiabilit\u00e9 et valeur \ud83d\udce6<\/p>\n<h2>Pourquoi choisir BANG BOX 200K ?<\/h2>\n<ul>\n<li>\ud83d\udd25 Massive jusqu'\u00e0 <strong>200 000 bouff\u00e9es<\/strong> - un appareil dure des semaines<\/li>\n<li>\ud83c\udfa8 <strong>8 saveurs en 1<\/strong> - plusieurs go\u00fbts dans un seul produit jetable<\/li>\n<li>\u26a1 <strong>Syst\u00e8me d'enroulement \u00e0 quadruple maille<\/strong> pour une vapeur douce et une saveur riche<\/li>\n<li>\ud83d\udcfa <strong>\u00c9cran d'alimentation intelligent<\/strong> indique clairement l'\u00e9tat de la batterie et de l'e-liquide<\/li>\n<li>\ud83d\udd0b Haute qualit\u00e9 <strong>Batterie rechargeable au cobalt pur de 850mAh<\/strong><\/li>\n<li>\ud83d\udca7 \u00c9norme <strong>Capacit\u00e9 totale de 100 ml<\/strong> (4 x 25 ml)<\/li>\n<li>\ud83d\ude9a Id\u00e9al pour <strong>commandes en gros, boutiques de vape et grossistes<\/strong><\/li>\n<\/ul>\n<h2>BANG BOX 200K Sp\u00e9cifications<\/h2>\n<table>\n<tbody>\n<tr>\n<th>Fonctionnalit\u00e9<\/th>\n<th>D\u00e9tails<\/th>\n<\/tr>\n<tr>\n<td>Nombre de bouff\u00e9es<\/td>\n<td>Jusqu'\u00e0 200 000 bouff\u00e9es<\/td>\n<\/tr>\n<tr>\n<td>Syst\u00e8me d'ar\u00f4mes<\/td>\n<td>8-en-1 multi-saveurs jetables<\/td>\n<\/tr>\n<tr>\n<td>Batterie<\/td>\n<td>850mAh Cobalt pur (rechargeable)<\/td>\n<\/tr>\n<tr>\n<td>Capacit\u00e9 totale en e-liquide<\/td>\n<td>100ml (4 \u00d7 25ml)<\/td>\n<\/tr>\n<tr>\n<td>Technologie des bobines<\/td>\n<td>Bobine \u00e0 quadruple maille<\/td>\n<\/tr>\n<tr>\n<td>Port de charge<\/td>\n<td>Chargement rapide de type C<\/td>\n<\/tr>\n<tr>\n<td>Intensit\u00e9 de la nicotine<\/td>\n<td>Options personnalis\u00e9es disponibles pour la vente en gros<\/td>\n<\/tr>\n<\/tbody>\n<\/table>\n<figure class=\"wp-block-videopress-video wp-block-jetpack-videopress jetpack-videopress-player\"><div class=\"jetpack-videopress-player__wrapper\"><iframe title=\"Lecteur vid\u00e9o VideoPress\" aria-label=\"Lecteur vid\u00e9o VideoPress\" src=\"https:\/\/videopress.com\/embed\/Szf0xBf7?at=0&#038;controls=1&#038;preloadContent=metadata\" width=\"640\"height=\"360\" frameborder=\"0\" allowfullscreen data-resize-to-parent=\"true\" allow=\"clipboard-write\"><\/iframe><\/div><\/figure>\n<h2><img data-recalc-dims=\"1\" loading=\"lazy\" decoding=\"async\" class=\"alignnone size-full wp-image-102369\" src=\"https:\/\/i0.wp.com\/aiviouvapes.com\/wp-content\/uploads\/2026\/01\/BANG-BOX-200K-1.jpg?resize=1020%2C572&#038;ssl=1\" alt=\"BANG BOX 200K\" width=\"1020\" height=\"572\" title=\"\" srcset=\"https:\/\/i0.wp.com\/aiviouvapes.com\/wp-content\/uploads\/2026\/01\/BANG-BOX-200K-1.jpg?w=1600&amp;ssl=1 1600w, https:\/\/i0.wp.com\/aiviouvapes.com\/wp-content\/uploads\/2026\/01\/BANG-BOX-200K-1.jpg?resize=300%2C168&amp;ssl=1 300w, https:\/\/i0.wp.com\/aiviouvapes.com\/wp-content\/uploads\/2026\/01\/BANG-BOX-200K-1.jpg?resize=1024%2C574&amp;ssl=1 1024w, https:\/\/i0.wp.com\/aiviouvapes.com\/wp-content\/uploads\/2026\/01\/BANG-BOX-200K-1.jpg?resize=768%2C431&amp;ssl=1 768w, https:\/\/i0.wp.com\/aiviouvapes.com\/wp-content\/uploads\/2026\/01\/BANG-BOX-200K-1.jpg?resize=1536%2C861&amp;ssl=1 1536w, https:\/\/i0.wp.com\/aiviouvapes.com\/wp-content\/uploads\/2026\/01\/BANG-BOX-200K-1.jpg?resize=18%2C10&amp;ssl=1 18w, https:\/\/i0.wp.com\/aiviouvapes.com\/wp-content\/uploads\/2026\/01\/BANG-BOX-200K-1.jpg?resize=800%2C449&amp;ssl=1 800w\" sizes=\"auto, (max-width: 1020px) 100vw, 1020px\" \/><\/h2>\n<h2>Combinaisons d'ar\u00f4mes disponibles<\/h2>\n<p>Chaque <a href=\"https:\/\/aiviouvapes.com\/fr\/categorie-produit\/bang\/\">BANG BOX<\/a> 200K propose des associations de saveurs passionnantes pour que chaque bouff\u00e9e soit fra\u00eeche et amusante \ud83d\ude0b<\/p>\n<ul>\n<li><strong>S\u00e9rie Myrtille :<\/strong> Glace aux myrtilles, past\u00e8que aux myrtilles, framboise, citron-citron vert<\/li>\n<li><strong>Past\u00e8que et bonbons :<\/strong> Glace \u00e0 la past\u00e8que, Bubblegum, Glace \u00e0 la cerise<\/li>\n<li><strong>Glace et menthe :<\/strong> Glace \u00e0 la menthe, glace \u00e0 la myrtille et \u00e0 la framboise, glace au raisin, Nerdz Candy<\/li>\n<li><strong>Fruits exotiques :<\/strong> Fruit de la passion, glace ananas-coco, LOVE 66, Triple Honeydew<\/li>\n<li><strong>Pomme et baies :<\/strong> Double Pomme, Pomme Acide Framboise, Glace M\u00fbre<\/li>\n<li><strong>M\u00e9lange de fraises :<\/strong> Fraise glac\u00e9e, fraise kiwi, limonade rose<\/li>\n<li><strong>Cola et agrumes :<\/strong> Cerise Cola, Canneberge, Fraise Framboise<\/li>\n<li><strong>Mangue tropicale :<\/strong> Triple mangue, mangue fruit de la passion, glace ananas<\/li>\n<\/ul>\n<p>De la fra\u00eecheur glac\u00e9e aux bonbons sucr\u00e9s et aux m\u00e9langes tropicaux, la gamme d'ar\u00f4mes est con\u00e7ue pour satisfaire \u00e0 la fois les utilisateurs occasionnels et les chasseurs d'ar\u00f4mes s\u00e9rieux \ud83c\udf08<\/p>\n<h2>Parfait pour les utilisateurs et les entreprises<\/h2>\n<p>Les <strong>BANG BOX 200K<\/strong> est un excellent choix pour <strong>grands utilisateurs<\/strong> qui souhaitent moins de remplacements, <strong>amateurs de saveurs<\/strong> qui aiment la vari\u00e9t\u00e9, et <strong>magasins ou distributeurs de cigarettes \u00e9lectroniques<\/strong> \u00e0 la recherche d'un produit de grande valeur qui attire l'attention. Sa longue dur\u00e9e de vie, sa fabrication de qualit\u00e9 sup\u00e9rieure et sa conception conviviale en font un produit id\u00e9al pour les march\u00e9s de gros et de revente dans le monde entier.<\/p>\n<h2>Foire aux questions (FAQ)<\/h2>\n<p><strong>Q : La BANG BOX 200K est-elle rechargeable ?<\/strong><br \/>\nR : Oui \ud83d\udc4d Il est livr\u00e9 avec un port de charge Type-C afin que vous puissiez recharger la batterie jusqu'\u00e0 ce que tout l'e-liquide soit enti\u00e8rement utilis\u00e9.<\/p>\n<p><strong>Q : Comment savoir si la batterie ou le liquide est faible ?<\/strong><br \/>\nR : L'affichage intelligent de la puissance indique clairement le niveau de batterie restant et l'\u00e9tat d'utilisation.<\/p>\n<p><strong>Q : Ce produit peut-il \u00eatre achet\u00e9 en gros ou en masse ?<\/strong><br \/>\nR : Absolument. Ce mod\u00e8le est con\u00e7u pour les achats en gros et est tr\u00e8s populaire aupr\u00e8s des distributeurs de vape et des magasins de d\u00e9tail.<\/p>\n<p><strong>Q : La bobine quadruple fait-elle vraiment une diff\u00e9rence ?<\/strong><br \/>\nR : Oui ! La technologie Quad coil permet une chauffe plus homog\u00e8ne, une saveur plus forte et une vapeur plus douce avec moins de go\u00fbt de br\u00fbl\u00e9.<\/p>\n<p><strong>Q : Est-il adapt\u00e9 aux d\u00e9butants ?<\/strong><br \/>\nR : Oui \ud83d\ude0a Pas de boutons, pas de remplissage, pas de configuration. Il suffit d'inhaler et de savourer.<\/p>","protected":false},"excerpt":{"rendered":"<p>Achetez le m\u00e9ga 200 000 bouff\u00e9es BANG BOX 200K vape jetable avec syst\u00e8me multi-saveurs 8-en-1, puissance quadruple bobine et \u00e9cran intelligent. Construite pour les gros utilisateurs, les boutiques de vape et les acheteurs en gros \u00e0 la recherche de performances durables \ud83d\udca8.<\/p>","protected":false},"featured_media":102374,"comment_status":"open","ping_status":"closed","template":"","meta":[],"product_brand":[239],"product_cat":[37,129],"product_tag":[490,349,456,331,459],"class_list":{"0":"post-102365","1":"product","2":"type-product","3":"status-publish","4":"has-post-thumbnail","6":"product_brand-bang","7":"product_cat-bang","8":"product_cat-20000-puffs-disposable-vape","9":"product_tag-200000-puffs-vape","10":"product_tag-bulk-disposable-vape","11":"product_tag-disposable-vape","12":"product_tag-rechargeable-disposable-vape","13":"product_tag-wholesale-vape-device","15":"first","16":"instock","17":"shipping-taxable","18":"purchasable","19":"product-type-variable","20":"has-default-attributes"},"jetpack_sharing_enabled":true,"tiered_pricing_type":"fixed","tiered_pricing_fixed_rules":{"30":10.2400000000000002131628207280300557613372802734375,"50":8.8100000000000004973799150320701301097869873046875,"100":8.03999999999999914734871708787977695465087890625,"200":7.6500000000000003552713678800500929355621337890625,"400":7.12999999999999989341858963598497211933135986328125},"tiered_pricing_product_settings":{"layout":"default","base_unit_name":{"singular":null,"plural":null},"default_variation":null},"tiered_pricing_minimum_quantity":10,"tiered_pricing_roles_data":[],"tiered_pricing_percentage_rules":[],"tiered_pricing_maximum_quantity":null,"tiered_pricing_quantity_step":"10","_links":{"self":[{"href":"https:\/\/aiviouvapes.com\/fr\/wp-json\/wp\/v2\/product\/102365","targetHints":{"allow":["GET"]}}],"collection":[{"href":"https:\/\/aiviouvapes.com\/fr\/wp-json\/wp\/v2\/product"}],"about":[{"href":"https:\/\/aiviouvapes.com\/fr\/wp-json\/wp\/v2\/types\/product"}],"replies":[{"embeddable":true,"href":"https:\/\/aiviouvapes.com\/fr\/wp-json\/wp\/v2\/comments?post=102365"}],"wp:featuredmedia":[{"embeddable":true,"href":"https:\/\/aiviouvapes.com\/fr\/wp-json\/wp\/v2\/media\/102374"}],"wp:attachment":[{"href":"https:\/\/aiviouvapes.com\/fr\/wp-json\/wp\/v2\/media?parent=102365"}],"wp:term":[{"taxonomy":"product_brand","embeddable":true,"href":"https:\/\/aiviouvapes.com\/fr\/wp-json\/wp\/v2\/product_brand?post=102365"},{"taxonomy":"product_cat","embeddable":true,"href":"https:\/\/aiviouvapes.com\/fr\/wp-json\/wp\/v2\/product_cat?post=102365"},{"taxonomy":"product_tag","embeddable":true,"href":"https:\/\/aiviouvapes.com\/fr\/wp-json\/wp\/v2\/product_tag?post=102365"}],"curies":[{"name":"wp","href":"https:\/\/api.w.org\/{rel}","templated":true}]}}