{"id":9135,"date":"2024-08-21T10:54:29","date_gmt":"2024-08-21T10:54:29","guid":{"rendered":"https:\/\/aiviouvapes.com\/?page_id=9135"},"modified":"2024-12-02T02:32:31","modified_gmt":"2024-12-01T18:32:31","slug":"buy-vapes-in-belgium-with-bancontact","status":"publish","type":"page","link":"https:\/\/aiviouvapes.com\/fr\/buy-vapes-in-belgium-with-bancontact\/","title":{"rendered":"Acheter des Vapes en Belgique avec Bancontact"},"content":{"rendered":"<p>Bancontact est un syst\u00e8me de paiement \u00e9lectronique tr\u00e8s r\u00e9pandu en Belgique. Il offre une m\u00e9thode s\u00fbre, efficace et conviviale pour effectuer des transactions en ligne et hors ligne. En tant qu'option de paiement reconnue au niveau national, Bancontact permet des transactions transparentes et fiables pour les consommateurs et les entreprises belges. Le syst\u00e8me prend en charge un large \u00e9ventail de sc\u00e9narios de paiement, depuis les paiements sans contact et mobiles jusqu'aux achats en ligne, ce qui en fait un choix polyvalent et pratique pour l'utilisation quotidienne.<\/p>\n<h3>Pourquoi choisir Bancontact ?<\/h3>\n<p><strong>1. Des paiements simples et flexibles pour tous les montants<\/strong><br \/>\nBancontact est con\u00e7u pour permettre des transactions de toute taille, qu'il s'agisse d'un petit achat ou d'un paiement plus important. Avec Bancontact, les utilisateurs peuvent utiliser leur carte en toute confiance pour n'importe quel montant, ce qui en fait une option pratique pour tous les types de d\u00e9penses, qu'il s'agisse de courses ou d'articles co\u00fbteux.<\/p>\n<p><strong>2. Paiements rapides sans contact<\/strong><br \/>\nPour ceux qui privil\u00e9gient la rapidit\u00e9 et la commodit\u00e9, Bancontact offre des possibilit\u00e9s de paiement sans contact. Il suffit d'approcher sa carte Bancontact d'un terminal sans contact pour que le paiement soit effectu\u00e9 instantan\u00e9ment. Cette fonction est id\u00e9ale pour les achats rapides, car elle permet d'acc\u00e9l\u00e9rer les files d'attente aux caisses et de les rendre plus efficaces.<\/p>\n<p><strong>3. Achats en ligne s\u00e9curis\u00e9s<\/strong><br \/>\nBancontact est largement accept\u00e9 par les d\u00e9taillants en ligne, ce qui permet aux consommateurs belges de faire leurs achats en toute simplicit\u00e9 dans divers magasins en ligne. L'int\u00e9gration transparente de Bancontact dans les plateformes de commerce \u00e9lectronique offre une m\u00e9thode de paiement s\u00fbre et efficace pour les achats en ligne, permettant aux consommateurs de faire leurs achats en toute confiance depuis leur domicile.<\/p>\n<p><strong>4. Les paiements mobiles en toute simplicit\u00e9<\/strong><br \/>\nGr\u00e2ce \u00e0 l'application Payconiq by Bancontact, les utilisateurs peuvent effectuer des paiements mobiles dans les magasins, en ligne et m\u00eame dans les restaurants. Cette application \u00e9largit encore la convivialit\u00e9 de Bancontact, permettant aux consommateurs d'effectuer des paiements en d\u00e9placement \u00e0 l'aide de leurs appareils mobiles partout o\u00f9 Bancontact ou Payconiq sont accept\u00e9s.<\/p>\n<p><strong>5. Retraits d'argent pratiques<\/strong><br \/>\nBancontact permet \u00e9galement aux utilisateurs de retirer de l'argent en toute s\u00e9curit\u00e9 et en toute simplicit\u00e9, leur donnant ainsi acc\u00e8s \u00e0 leurs fonds \u00e0 tout moment. Cette flexibilit\u00e9 est particuli\u00e8rement avantageuse pour ceux qui pr\u00e9f\u00e8rent disposer d'argent liquide pour certains achats.<\/p>\n<hr \/>\n<h2>Acheter des Vapes jetables avec Bancontact chez AiviouVapes<\/h2>\n<p>AiviouVapes a le plaisir d'annoncer que nous acceptons d\u00e9sormais Bancontact comme m\u00e9thode de paiement pour l'achat de vapes jetables. Ce nouvel ajout s'aligne sur notre engagement \u00e0 fournir des options de paiement flexibles et pratiques pour nos clients belges. Voici pourquoi Bancontact est un excellent choix pour l'achat de vapes jetables chez AiviouVapes :<\/p>\n<p><strong>1. Des transactions sans probl\u00e8me<\/strong><br \/>\nL'utilisation de Bancontact chez AiviouVapes garantit une exp\u00e9rience d'achat fluide et efficace. Que vous achetiez une vape unique ou que vous fassiez le plein de vos ar\u00f4mes pr\u00e9f\u00e9r\u00e9s, Bancontact traite les paiements rapidement et en toute s\u00e9curit\u00e9.<\/p>\n<p><strong>2. Des paiements s\u00fbrs et fiables<\/strong><br \/>\nBancontact utilise des mesures de s\u00e9curit\u00e9 avanc\u00e9es qui prot\u00e8gent les informations financi\u00e8res des utilisateurs et les transactions contre la fraude. Cette tranquillit\u00e9 d'esprit permet \u00e0 nos clients de faire des achats en toute confiance sur notre site.<\/p>\n<p><strong>3. Confirmation instantan\u00e9e du paiement<\/strong><br \/>\nLes transactions Bancontact sont trait\u00e9es instantan\u00e9ment, ce qui garantit que votre commande est confirm\u00e9e et pr\u00e9par\u00e9e pour l'exp\u00e9dition sans d\u00e9lai. Cette confirmation imm\u00e9diate est id\u00e9ale pour les clients qui souhaitent que leurs vapes soient livr\u00e9es rapidement.<\/p>\n<hr \/>\n<h3>Comment utiliser Bancontact chez AiviouVapes<\/h3>\n<p><strong>Guide pas \u00e0 pas pour payer avec Bancontact :<\/strong><\/p>\n<ol>\n<li><strong>Ajouter des produits au panier :<\/strong>\n<ul>\n<li>Parcourez notre gamme de vapes jetables et s\u00e9lectionnez les produits que vous souhaitez acheter.<\/li>\n<\/ul>\n<\/li>\n<li><strong>Passez \u00e0 la caisse :<\/strong>\n<ul>\n<li>Une fois que vous avez choisi vos articles, passez \u00e0 la page de paiement.<\/li>\n<\/ul>\n<\/li>\n<li><strong>S\u00e9lectionnez Bancontact :<\/strong>\n<ul>\n<li>Dans les options de paiement, choisissez Bancontact comme m\u00e9thode pr\u00e9f\u00e9r\u00e9e.<\/li>\n<\/ul>\n<\/li>\n<li><strong>Saisir les d\u00e9tails du paiement :<\/strong>\n<ul>\n<li>Suivez les instructions pour saisir les informations de votre carte Bancontact ou utilisez l'application Payconiq by Bancontact pour un paiement mobile.<\/li>\n<\/ul>\n<\/li>\n<li><strong>Confirmez votre paiement :<\/strong>\n<ul>\n<li>Effectuez votre paiement pour finaliser la transaction. Vous recevrez une confirmation instantan\u00e9e de votre commande.<\/li>\n<\/ul>\n<\/li>\n<li><strong>Traitement des commandes :<\/strong>\n<ul>\n<li>Votre commande sera trait\u00e9e et exp\u00e9di\u00e9e \u00e0 l'adresse de votre choix. Profitez de vos vapes jetables AiviouVapes !<\/li>\n<\/ul>\n<\/li>\n<\/ol>\n<p>D\u00e9couvrez les vapes ici :<\/p>\n<p><a href=\"https:\/\/aiviouvapes.com\/fr\/shop\/\">https:\/\/aiviouvapes.com\/shop\/<\/a><\/p>","protected":false},"excerpt":{"rendered":"<p>Bancontact is a popular electronic payment system in Belgium, providing a secure, efficient, and user-friendly method for completing transactions both online and offline. As a nationally recognized payment option, Bancontact enables seamless and reliable transactions for Belgian consumers and businesses alike. The system supports a wide range of payment scenarios, from contactless and mobile payments [&#8230;]\n","protected":false},"author":1,"featured_media":0,"parent":0,"menu_order":0,"comment_status":"closed","ping_status":"closed","template":"page-blank-title-center.php","meta":{"footnotes":""},"class_list":["post-9135","page","type-page","status-publish","hentry"],"jetpack_sharing_enabled":true,"_links":{"self":[{"href":"https:\/\/aiviouvapes.com\/fr\/wp-json\/wp\/v2\/pages\/9135","targetHints":{"allow":["GET"]}}],"collection":[{"href":"https:\/\/aiviouvapes.com\/fr\/wp-json\/wp\/v2\/pages"}],"about":[{"href":"https:\/\/aiviouvapes.com\/fr\/wp-json\/wp\/v2\/types\/page"}],"author":[{"embeddable":true,"href":"https:\/\/aiviouvapes.com\/fr\/wp-json\/wp\/v2\/users\/1"}],"replies":[{"embeddable":true,"href":"https:\/\/aiviouvapes.com\/fr\/wp-json\/wp\/v2\/comments?post=9135"}],"version-history":[{"count":0,"href":"https:\/\/aiviouvapes.com\/fr\/wp-json\/wp\/v2\/pages\/9135\/revisions"}],"wp:attachment":[{"href":"https:\/\/aiviouvapes.com\/fr\/wp-json\/wp\/v2\/media?parent=9135"}],"curies":[{"name":"wp","href":"https:\/\/api.w.org\/{rel}","templated":true}]}}